{"id":6167,"date":"2024-04-16T20:44:58","date_gmt":"2024-04-16T18:44:58","guid":{"rendered":"https:\/\/esthetic.sk\/dermato-kosmetik\/chemisches-peeling-50-tca-skintech\/"},"modified":"2024-04-16T20:44:58","modified_gmt":"2024-04-16T18:44:58","slug":"chemisches-peeling-50-tca-skintech","status":"publish","type":"page","link":"https:\/\/esthetic.sk\/de\/dermato-kosmetik\/chemisches-peeling-50-tca-skintech\/","title":{"rendered":"CHEMISCHES PEELING 50% TCA SKINTECH"},"content":{"rendered":"<h2>Grundlegende Merkmale<\/h2>\n<ul>\n\t<li>Akne<\/li>\n\n\t<li>fettige Haut<\/li>\n\n\t<li>vergr\u00f6\u00dferte Poren<\/li>\n\n\t<li>Pigmentierung<\/li>\n\n\t<li>Narben<\/li>\n\n\t<li>feine Linien<\/li>\n\n<\/ul>\n<h2>Anwendung<\/h2>\n\nNach der Desinfektion der Haut tr\u00e4gt der Arzt 50%ige TCA-S\u00e4ure mit speziellen Wattest\u00e4bchen auf und tr\u00e4gt nach einer kurzen Einwirkzeit (3-5 Minuten) die PostPeel-Maske auf. Das Verfahren wird in Abst\u00e4nden von 2-4 Wochen durchgef\u00fchrt, also etwa 4 Mal hintereinander. Behandelt werden vor allem Gesicht, Hals und Dekollet\u00e9, R\u00fccken, Oberschenkel, Unterarme und Handr\u00fccken.\n\n<h2>Wirkung<\/h2>\n<ul>\n\n\t<li>Verbesserung von Akne und fettiger Haut<\/li>\n\t<li>Aufweichung der Hautoberfl\u00e4che<\/li>\n\t<li>Reduzierung von Narben<\/li>\n\t<li>Reduzierung der Porengr\u00f6\u00dfe<\/li>\n\t<li>Hautfeuchtigkeit<\/li>\n\t<li>Verblassen von Pigmentflecken<\/li>\n\n\t<li>Gl\u00e4ttung von feinen Oberfl\u00e4chenfalten<\/li>\n\n\t<li>Klareres Hautbild<\/li>\n\n<\/ul>\n<h2>Kontraindikationen<\/h2>\n\n<ul>\n<li>aktiver Herpes simplex<\/li>\n<li><li>Virale Warze an der Sch\u00e4lstelle<\/li>\n<li>Einnahme von Isotretinoin\/Roaccutan\/ in den letzten drei Monaten<\/li>\n<li>Bildung von hypertrophen Narben<\/li>\n<li>Schwangerschaft<\/li>\n<\/ul>\nW\u00e4hrend des Zeitraums, in dem das chemische Peeling durchgef\u00fchrt wird, ist es notwendig, Sonneneinstrahlung und den Aufenthalt im Solarium zu vermeiden, bis die Haut vollst\u00e4ndig abgeheilt ist. Es ist notwendig, eine Schutzcreme mit UV-Filter zu verwenden.\n\n \n <br><br>\n \n  <div id=\"objednavka\" style=\"text-align: center; margin: 20px auto; border: 2px solid grey; padding-top: 20px;\">\n<h3>Ich m\u00f6chte bestellen<\/h3>\n\n<div class=\"wpcf7 no-js\" id=\"wpcf7-f6264-o1\" lang=\"de-DE\" dir=\"ltr\">\n<div class=\"screen-reader-response\"><p role=\"status\" aria-live=\"polite\" aria-atomic=\"true\"><\/p> <ul><\/ul><\/div>\n<form action=\"\/de\/wp-json\/wp\/v2\/pages\/6167#wpcf7-f6264-o1\" method=\"post\" class=\"wpcf7-form init wpcf7-acceptance-as-validation\" aria-label=\"Kontaktformular\" novalidate=\"novalidate\" data-status=\"init\">\n<div style=\"display: none;\">\n<input type=\"hidden\" name=\"_wpcf7\" value=\"6264\" \/>\n<input type=\"hidden\" name=\"_wpcf7_version\" value=\"5.9.8\" \/>\n<input type=\"hidden\" name=\"_wpcf7_locale\" value=\"de_DE\" \/>\n<input type=\"hidden\" name=\"_wpcf7_unit_tag\" value=\"wpcf7-f6264-o1\" \/>\n<input type=\"hidden\" name=\"_wpcf7_container_post\" value=\"0\" \/>\n<input type=\"hidden\" name=\"_wpcf7_posted_data_hash\" value=\"\" \/>\n<input type=\"hidden\" name=\"_wpcf7_recaptcha_response\" value=\"\" \/>\n<\/div>\n<div class=\"big-form\">\n\t<div id=\"vyber\">\n\t\t<p><span class=\"datum-termin\">Liste der Verfahren und Untersuchungen<\/span>\n\t\t<\/p>\n\t\t<p>[select menu-zakrok include_blank wpml_dq_attr_2=\"\"Anal\u00fdza pleti\" \"Antiakn\u00e9 o\u0161etrenie\" \"Aplik\u00e1cia botulotox\u00ednu\" \"Aplik\u00e1cia kyseliny hyalur\u00f3novej\" \"Aplik\u00e1cia tekut\u00fdch nit\u00ed\" \"Aquafacial\" \"Aquaspectra\" \"Beautylizer\" \"Bezplatn\u00e1 konzult\u00e1cia\" \"Chemick\u00fd peeling\" \"Frak\u010dn\u00fd laser\" \"In\u00e9 o\u0161etrenie\" \"Konzult\u00e1cia dermatovenerologick\u00e1 - ko\u017ena ambulancia\" \"Konzult\u00e1cia estetick\u00e1 medic\u00edna\" \"Konzult\u00e1cia plastick\u00e1 chirurgia\" \"Konzult\u00e1cia pred transplant\u00e1ciou vlasov (FUE)\" \"Kozmetick\u00e9 o\u0161etrenie\" \"Laser Clarity (odstr\u00e1nenie cievok, pigment\u00e1ci\u00ed, depil\u00e1cia)\" \"Laser CO2 (odstr\u00e1nenie znamienok, bradav\u00edc, kondyl\u00f3mov, v\u00fdrastkov)\" \"Laser FOX (lie\u010dba plesne na nechtoch)\" \"Laser IPL (lie\u010dba akn\u00e9, pigment\u00e1cii)\" \"Lie\u010dba LED svetlom\" \"Lymfodren\u00e1\u017e\" \"Mezobotox\" \"Mezoterapia\" \"Mikrodermabr\u00e1zia\" \"Neurologick\u00e1 ambulancia\" \"Ni\u0165ov\u00fd lifting\" \"Odber krvi\" \"Odstr\u00e1nenie cievok\" \"Odstr\u00e1nenie pigment\u00e1cii\" \"Profacial\" \"R\u00e1zov\u00e1 vlna\" \"Skinbooster\" \"Trichologick\u00e9 vy\u0161etrenie\" \"VelaShape (odstr\u00e1nenie celulit\u00eddy)\" \"Vy\u0161etrenie znamienok\"]\n\t\t<\/p>\n\t<\/div>\n\t<div class=\"l-part\">\n\t\t<p><label><span class=\"p\">Ihr Name<\/span><span class=\"wpcf7-form-control-wrap\" data-name=\"Ihr-Name-Platzhalter\"><input size=\"40\" maxlength=\"400\" class=\"wpcf7-form-control wpcf7-text wpcf7-validates-as-required\" aria-required=\"true\" aria-invalid=\"false\" value=\"Ihr Name\" type=\"text\" name=\"Ihr-Name-Platzhalter\" \/><\/span><\/label>\n\t\t<\/p>\n\t\t<p><label><br \/>\n<span class=\"p\">Ihre E-Mail*<\/span><br \/>\n<span class=\"wpcf7-form-control-wrap\" data-name=\"ihre-email\"><input size=\"40\" maxlength=\"400\" class=\"wpcf7-form-control wpcf7-text wpcf7-validates-as-required\" aria-required=\"true\" aria-invalid=\"false\" value=\"Ihre E-Mail*\" type=\"text\" name=\"ihre-email\" \/><\/span><br \/>\n<\/label>\n\t\t<\/p>\n\t\t<p><label><br \/>\n<span class=\"p\">Telefon<\/span><br \/>\n<span class=\"wpcf7-form-control-wrap\" data-name=\"ihr-telefon\"><input size=\"40\" maxlength=\"400\" class=\"wpcf7-form-control wpcf7-tel wpcf7-validates-as-required wpcf7-text wpcf7-validates-as-tel\" aria-required=\"true\" aria-invalid=\"false\" value=\"Telefon\" type=\"tel\" name=\"ihr-telefon\" \/><\/span><br \/>\n<\/label>\n\t\t<\/p>\n\t<\/div>\n\t<div class=\"r-part\">\n\t\t<p><label><br \/>\n<span class=\"datum-termin\">W\u00e4hlen Sie Ihr bevorzugtes Operationsdatum<\/span><br \/>\n<span class=\"wpcf7-form-control-wrap\" data-name=\"date-411\"><input class=\"wpcf7-form-control wpcf7-date wpcf7-validates-as-date\" aria-invalid=\"false\" placeholder=\"W\u00e4hlen Sie Ihren Wunschtermin f\u00fcr die Operation\" value=\"\" type=\"date\" name=\"date-411\" \/><\/span><br \/>\n<\/label>\n\t\t<\/p>\n\t\t<p><label><br \/>\n<span class=\"p\">Ihre Notiz<\/span><br \/>\n<span class=\"wpcf7-form-control-wrap\" data-name=\"your-message\"><textarea cols=\"40\" rows=\"10\" maxlength=\"2000\" class=\"wpcf7-form-control wpcf7-textarea\" aria-invalid=\"false\" placeholder=\"Ihre Notiz\" name=\"your-message\"><\/textarea><\/span><br \/>\n<\/label>\n\t\t<\/p>\n\t<\/div>\n\t<div class=\"bottom\">\n\t\t<div class=\"note\">\n\t\t\t<div class=\"akceptacia\">\n\t\t\t\t<p><span class=\"wpcf7-form-control-wrap\" data-name=\"acceptance-156\"><span class=\"wpcf7-form-control wpcf7-acceptance\"><span class=\"wpcf7-list-item\"><input type=\"checkbox\" name=\"acceptance-156\" value=\"1\" aria-invalid=\"false\" \/><\/span><\/span><\/span><span class=\"akceptujem\">* Ich habe <a href=\"https:\/\/esthetic.sk\/ochrana-osobnych-udajov\/\" target=\"_blank\">hier \u00fcber die Verarbeitung personenbezogener Daten<\/a> gelesen.<\/span>\n\t\t\t\t<\/p>\n\t\t\t<\/div>\n\t\t<\/div>\n\t\t<p><span id=\"wpcf7-69f1df727191c-wrapper\" class=\"wpcf7-form-control-wrap email-23-wrap\" style=\"display:none !important; visibility:hidden !important;\"><label for=\"wpcf7-69f1df727191c-field\" class=\"hp-message\">Bitte lasse dieses Feld leer.<\/label><input id=\"wpcf7-69f1df727191c-field\"  class=\"wpcf7-form-control wpcf7-text\" type=\"text\" name=\"email-23\" value=\"\" size=\"40\" tabindex=\"-1\" autocomplete=\"new-password\" \/><\/span><br \/>\n<input class=\"wpcf7-form-control wpcf7-submit has-spinner\" type=\"submit\" value=\"Bestellung\" \/>\n\t\t<\/p>\n\t<\/div>\n<\/div><p style=\"display: none !important;\" class=\"akismet-fields-container\" data-prefix=\"_wpcf7_ak_\"><label>&#916;<textarea name=\"_wpcf7_ak_hp_textarea\" cols=\"45\" rows=\"8\" maxlength=\"100\"><\/textarea><\/label><input type=\"hidden\" id=\"ak_js_1\" name=\"_wpcf7_ak_js\" value=\"95\"\/><script>document.getElementById( \"ak_js_1\" ).setAttribute( \"value\", ( new Date() ).getTime() );<\/script><\/p><input type='hidden' class='wpcf7-pum' value='{\"closepopup\":false,\"closedelay\":0,\"openpopup\":false,\"openpopup_id\":0}' \/><div class=\"wpcf7-response-output\" aria-hidden=\"true\"><\/div>\n<\/form>\n<\/div>\n\n<\/div>","protected":false},"excerpt":{"rendered":"Grundlegende Merkmale Akne fettige Haut vergr\u00f6\u00dferte Poren Pigmentierung Narben feine Linien Anwendung Nach der Desinfektion der Haut tr\u00e4gt der Arzt 50%ige TCA-S\u00e4ure mit speziellen Wattest\u00e4bchen auf und tr\u00e4gt nach einer kurzen Einwirkzeit (3-5 Minuten) die PostPeel-Maske auf. Das Verfahren wird in Abst\u00e4nden von 2-4 Wochen durchgef\u00fchrt, also etwa 4 Mal hintereinander. Behandelt werden vor allem","protected":false},"author":1,"featured_media":5526,"parent":5472,"menu_order":0,"comment_status":"closed","ping_status":"closed","template":"","meta":{"inline_featured_image":false,"footnotes":""},"class_list":["post-6167","page","type-page","status-publish","has-post-thumbnail","hentry"],"yoast_head":"<!-- This site is optimized with the Yoast SEO plugin v23.7 - https:\/\/yoast.com\/wordpress\/plugins\/seo\/ -->\n<title>CHEMISCHES PEELING 50% TCA SKINTECH | Esthetic Bratislava<\/title>\n<meta name=\"robots\" content=\"index, follow, max-snippet:-1, max-image-preview:large, max-video-preview:-1\" \/>\n<link rel=\"canonical\" href=\"https:\/\/esthetic.sk\/dermato-kosmetik\/chemisches-peeling-50-tca-skintech\/\" \/>\n<meta property=\"og:locale\" content=\"de_DE\" \/>\n<meta property=\"og:type\" content=\"article\" \/>\n<meta property=\"og:title\" content=\"CHEMISCHES PEELING 50% TCA SKINTECH | Esthetic Bratislava\" \/>\n<meta property=\"og:description\" content=\"Grundlegende Merkmale Akne fettige Haut vergr\u00f6\u00dferte Poren Pigmentierung Narben feine Linien Anwendung Nach der Desinfektion der Haut tr\u00e4gt der Arzt 50%ige TCA-S\u00e4ure mit speziellen Wattest\u00e4bchen auf und tr\u00e4gt nach einer kurzen Einwirkzeit (3-5 Minuten) die PostPeel-Maske auf. Das Verfahren wird in Abst\u00e4nden von 2-4 Wochen durchgef\u00fchrt, also etwa 4 Mal hintereinander. Behandelt werden vor allem\" \/>\n<meta property=\"og:url\" content=\"https:\/\/esthetic.sk\/dermato-kosmetik\/chemisches-peeling-50-tca-skintech\/\" \/>\n<meta property=\"og:site_name\" content=\"Esthetic Bratislava\" \/>\n<meta property=\"article:publisher\" content=\"https:\/\/www.facebook.com\/Klinikaesthetic\" \/>\n<meta name=\"twitter:card\" content=\"summary_large_image\" \/>\n<meta name=\"twitter:label1\" content=\"Gesch\u00e4tzte Lesezeit\" \/>\n\t<meta name=\"twitter:data1\" content=\"1\u00a0Minute\" \/>\n<script type=\"application\/ld+json\" class=\"yoast-schema-graph\">{\"@context\":\"https:\/\/schema.org\",\"@graph\":[{\"@type\":\"WebPage\",\"@id\":\"https:\/\/esthetic.sk\/dermato-kosmetik\/chemisches-peeling-50-tca-skintech\/\",\"url\":\"https:\/\/esthetic.sk\/dermato-kosmetik\/chemisches-peeling-50-tca-skintech\/\",\"name\":\"CHEMISCHES PEELING 50% TCA SKINTECH | Esthetic Bratislava\",\"isPartOf\":{\"@id\":\"https:\/\/esthetic.sk\/#website\"},\"primaryImageOfPage\":{\"@id\":\"https:\/\/esthetic.sk\/dermato-kosmetik\/chemisches-peeling-50-tca-skintech\/#primaryimage\"},\"image\":{\"@id\":\"https:\/\/esthetic.sk\/dermato-kosmetik\/chemisches-peeling-50-tca-skintech\/#primaryimage\"},\"thumbnailUrl\":\"https:\/\/esthetic.sk\/wp-content\/uploads\/2019\/02\/big11.jpg\",\"datePublished\":\"2024-04-16T18:44:58+00:00\",\"dateModified\":\"2024-04-16T18:44:58+00:00\",\"breadcrumb\":{\"@id\":\"https:\/\/esthetic.sk\/dermato-kosmetik\/chemisches-peeling-50-tca-skintech\/#breadcrumb\"},\"inLanguage\":\"de\",\"potentialAction\":[{\"@type\":\"ReadAction\",\"target\":[\"https:\/\/esthetic.sk\/dermato-kosmetik\/chemisches-peeling-50-tca-skintech\/\"]}]},{\"@type\":\"ImageObject\",\"inLanguage\":\"de\",\"@id\":\"https:\/\/esthetic.sk\/dermato-kosmetik\/chemisches-peeling-50-tca-skintech\/#primaryimage\",\"url\":\"https:\/\/esthetic.sk\/wp-content\/uploads\/2019\/02\/big11.jpg\",\"contentUrl\":\"https:\/\/esthetic.sk\/wp-content\/uploads\/2019\/02\/big11.jpg\",\"width\":1920,\"height\":1080},{\"@type\":\"BreadcrumbList\",\"@id\":\"https:\/\/esthetic.sk\/dermato-kosmetik\/chemisches-peeling-50-tca-skintech\/#breadcrumb\",\"itemListElement\":[{\"@type\":\"ListItem\",\"position\":1,\"name\":\"Home\",\"item\":\"https:\/\/esthetic.sk\/\"},{\"@type\":\"ListItem\",\"position\":2,\"name\":\"Dermato Kosmetik\",\"item\":\"https:\/\/esthetic.sk\/de\/dermato-kosmetik\/\"},{\"@type\":\"ListItem\",\"position\":3,\"name\":\"CHEMISCHES PEELING 50% TCA SKINTECH\"}]},{\"@type\":\"WebSite\",\"@id\":\"https:\/\/esthetic.sk\/#website\",\"url\":\"https:\/\/esthetic.sk\/\",\"name\":\"Esthetic Bratislava\",\"description\":\"R\u00fdchla cesta k dokonal\u00e9mu vz\u013eadu\",\"publisher\":{\"@id\":\"https:\/\/esthetic.sk\/#organization\"},\"potentialAction\":[{\"@type\":\"SearchAction\",\"target\":{\"@type\":\"EntryPoint\",\"urlTemplate\":\"https:\/\/esthetic.sk\/?s={search_term_string}\"},\"query-input\":{\"@type\":\"PropertyValueSpecification\",\"valueRequired\":true,\"valueName\":\"search_term_string\"}}],\"inLanguage\":\"de\"},{\"@type\":\"Organization\",\"@id\":\"https:\/\/esthetic.sk\/#organization\",\"name\":\"Esthetic .s.r.o.\",\"url\":\"https:\/\/esthetic.sk\/\",\"logo\":{\"@type\":\"ImageObject\",\"inLanguage\":\"de\",\"@id\":\"https:\/\/esthetic.sk\/#\/schema\/logo\/image\/\",\"url\":\"https:\/\/esthetic.sk\/wp-content\/uploads\/2019\/02\/logo-1.svg\",\"contentUrl\":\"https:\/\/esthetic.sk\/wp-content\/uploads\/2019\/02\/logo-1.svg\",\"width\":1,\"height\":1,\"caption\":\"Esthetic .s.r.o.\"},\"image\":{\"@id\":\"https:\/\/esthetic.sk\/#\/schema\/logo\/image\/\"},\"sameAs\":[\"https:\/\/www.facebook.com\/Klinikaesthetic\",\"https:\/\/www.instagram.com\/klinikaesthetic\/\",\"https:\/\/www.youtube.com\/channel\/UC8AgtXNjHpne8qWdj9szu1A\"]}]}<\/script>\n<!-- \/ Yoast SEO plugin. -->","yoast_head_json":{"title":"CHEMISCHES PEELING 50% TCA SKINTECH | Esthetic Bratislava","robots":{"index":"index","follow":"follow","max-snippet":"max-snippet:-1","max-image-preview":"max-image-preview:large","max-video-preview":"max-video-preview:-1"},"canonical":"https:\/\/esthetic.sk\/dermato-kosmetik\/chemisches-peeling-50-tca-skintech\/","og_locale":"de_DE","og_type":"article","og_title":"CHEMISCHES PEELING 50% TCA SKINTECH | Esthetic Bratislava","og_description":"Grundlegende Merkmale Akne fettige Haut vergr\u00f6\u00dferte Poren Pigmentierung Narben feine Linien Anwendung Nach der Desinfektion der Haut tr\u00e4gt der Arzt 50%ige TCA-S\u00e4ure mit speziellen Wattest\u00e4bchen auf und tr\u00e4gt nach einer kurzen Einwirkzeit (3-5 Minuten) die PostPeel-Maske auf. Das Verfahren wird in Abst\u00e4nden von 2-4 Wochen durchgef\u00fchrt, also etwa 4 Mal hintereinander. Behandelt werden vor allem","og_url":"https:\/\/esthetic.sk\/dermato-kosmetik\/chemisches-peeling-50-tca-skintech\/","og_site_name":"Esthetic Bratislava","article_publisher":"https:\/\/www.facebook.com\/Klinikaesthetic","twitter_card":"summary_large_image","twitter_misc":{"Gesch\u00e4tzte Lesezeit":"1\u00a0Minute"},"schema":{"@context":"https:\/\/schema.org","@graph":[{"@type":"WebPage","@id":"https:\/\/esthetic.sk\/dermato-kosmetik\/chemisches-peeling-50-tca-skintech\/","url":"https:\/\/esthetic.sk\/dermato-kosmetik\/chemisches-peeling-50-tca-skintech\/","name":"CHEMISCHES PEELING 50% TCA SKINTECH | Esthetic Bratislava","isPartOf":{"@id":"https:\/\/esthetic.sk\/#website"},"primaryImageOfPage":{"@id":"https:\/\/esthetic.sk\/dermato-kosmetik\/chemisches-peeling-50-tca-skintech\/#primaryimage"},"image":{"@id":"https:\/\/esthetic.sk\/dermato-kosmetik\/chemisches-peeling-50-tca-skintech\/#primaryimage"},"thumbnailUrl":"https:\/\/esthetic.sk\/wp-content\/uploads\/2019\/02\/big11.jpg","datePublished":"2024-04-16T18:44:58+00:00","dateModified":"2024-04-16T18:44:58+00:00","breadcrumb":{"@id":"https:\/\/esthetic.sk\/dermato-kosmetik\/chemisches-peeling-50-tca-skintech\/#breadcrumb"},"inLanguage":"de","potentialAction":[{"@type":"ReadAction","target":["https:\/\/esthetic.sk\/dermato-kosmetik\/chemisches-peeling-50-tca-skintech\/"]}]},{"@type":"ImageObject","inLanguage":"de","@id":"https:\/\/esthetic.sk\/dermato-kosmetik\/chemisches-peeling-50-tca-skintech\/#primaryimage","url":"https:\/\/esthetic.sk\/wp-content\/uploads\/2019\/02\/big11.jpg","contentUrl":"https:\/\/esthetic.sk\/wp-content\/uploads\/2019\/02\/big11.jpg","width":1920,"height":1080},{"@type":"BreadcrumbList","@id":"https:\/\/esthetic.sk\/dermato-kosmetik\/chemisches-peeling-50-tca-skintech\/#breadcrumb","itemListElement":[{"@type":"ListItem","position":1,"name":"Home","item":"https:\/\/esthetic.sk\/"},{"@type":"ListItem","position":2,"name":"Dermato Kosmetik","item":"https:\/\/esthetic.sk\/de\/dermato-kosmetik\/"},{"@type":"ListItem","position":3,"name":"CHEMISCHES PEELING 50% TCA SKINTECH"}]},{"@type":"WebSite","@id":"https:\/\/esthetic.sk\/#website","url":"https:\/\/esthetic.sk\/","name":"Esthetic Bratislava","description":"R\u00fdchla cesta k dokonal\u00e9mu vz\u013eadu","publisher":{"@id":"https:\/\/esthetic.sk\/#organization"},"potentialAction":[{"@type":"SearchAction","target":{"@type":"EntryPoint","urlTemplate":"https:\/\/esthetic.sk\/?s={search_term_string}"},"query-input":{"@type":"PropertyValueSpecification","valueRequired":true,"valueName":"search_term_string"}}],"inLanguage":"de"},{"@type":"Organization","@id":"https:\/\/esthetic.sk\/#organization","name":"Esthetic .s.r.o.","url":"https:\/\/esthetic.sk\/","logo":{"@type":"ImageObject","inLanguage":"de","@id":"https:\/\/esthetic.sk\/#\/schema\/logo\/image\/","url":"https:\/\/esthetic.sk\/wp-content\/uploads\/2019\/02\/logo-1.svg","contentUrl":"https:\/\/esthetic.sk\/wp-content\/uploads\/2019\/02\/logo-1.svg","width":1,"height":1,"caption":"Esthetic .s.r.o."},"image":{"@id":"https:\/\/esthetic.sk\/#\/schema\/logo\/image\/"},"sameAs":["https:\/\/www.facebook.com\/Klinikaesthetic","https:\/\/www.instagram.com\/klinikaesthetic\/","https:\/\/www.youtube.com\/channel\/UC8AgtXNjHpne8qWdj9szu1A"]}]}},"_links":{"self":[{"href":"https:\/\/esthetic.sk\/de\/wp-json\/wp\/v2\/pages\/6167"}],"collection":[{"href":"https:\/\/esthetic.sk\/de\/wp-json\/wp\/v2\/pages"}],"about":[{"href":"https:\/\/esthetic.sk\/de\/wp-json\/wp\/v2\/types\/page"}],"author":[{"embeddable":true,"href":"https:\/\/esthetic.sk\/de\/wp-json\/wp\/v2\/users\/1"}],"replies":[{"embeddable":true,"href":"https:\/\/esthetic.sk\/de\/wp-json\/wp\/v2\/comments?post=6167"}],"version-history":[{"count":0,"href":"https:\/\/esthetic.sk\/de\/wp-json\/wp\/v2\/pages\/6167\/revisions"}],"up":[{"embeddable":true,"href":"https:\/\/esthetic.sk\/de\/wp-json\/wp\/v2\/pages\/5472"}],"wp:featuredmedia":[{"embeddable":true,"href":"https:\/\/esthetic.sk\/de\/wp-json\/wp\/v2\/media\/5526"}],"wp:attachment":[{"href":"https:\/\/esthetic.sk\/de\/wp-json\/wp\/v2\/media?parent=6167"}],"curies":[{"name":"wp","href":"https:\/\/api.w.org\/{rel}","templated":true}]}}