{"id":6165,"date":"2024-04-16T20:44:58","date_gmt":"2024-04-16T18:44:58","guid":{"rendered":"https:\/\/esthetic.sk\/dermatovenerologie\/"},"modified":"2025-01-14T11:20:11","modified_gmt":"2025-01-14T10:20:11","slug":"dermatovenerologie","status":"publish","type":"page","link":"https:\/\/esthetic.sk\/de\/dermatovenerologie\/","title":{"rendered":"Dermatovenerologie"},"content":{"rendered":"<h1>DERMATOVENEROLOGIE<\/h1>\n<div class=\"menu-dermatovenerologia-nemcina-container\"><ul id=\"menu-dermatovenerologia-nemcina\" class=\"myclass\"><li id=\"menu-item-6546\" class=\"menu-item menu-item-type-post_type menu-item-object-page menu-item-6546\"><a href=\"https:\/\/esthetic.sk\/de\/ambulanz-fuer-dermatovenerologie\/\">Dermatovenerologie-Ambulanz \u2013 Haut-Ambulanz<\/a><\/li>\n<li id=\"menu-item-6547\" class=\"menu-item menu-item-type-post_type menu-item-object-page menu-item-6547\"><a href=\"https:\/\/esthetic.sk\/de\/lasermedizin-2\/untersuchung-von-muttermalen\/\">Untersuchung von Muttermalen<\/a><\/li>\n<li id=\"menu-item-8714\" class=\"menu-item menu-item-type-post_type menu-item-object-page menu-item-8714\"><a href=\"https:\/\/esthetic.sk\/de\/dermatovenerologie\/ganzkoerperuntersuchung-von-muttermalen-mit-dem-fotofinder-geraet\/\">Ganzk\u00f6rperuntersuchung von Muttermalen mit dem FotoFinder Ger\u00e4t<\/a><\/li>\n<li id=\"menu-item-6548\" class=\"menu-item menu-item-type-post_type menu-item-object-page menu-item-6548\"><a href=\"https:\/\/esthetic.sk\/de\/lasermedizin-2\/entfernung-von-muttermalen-warzen-feigwarzen-wucherungen\/\">Entfernung von Muttermalen, Warzen, Feigwarzen, Wucherungen<\/a><\/li>\n<li id=\"menu-item-6549\" class=\"menu-item menu-item-type-post_type menu-item-object-page menu-item-6549\"><a href=\"https:\/\/esthetic.sk\/de\/dermatovenerologie\/epikutane-tests\/\">Epikutane Tests<\/a><\/li>\n<li id=\"menu-item-6550\" class=\"menu-item menu-item-type-post_type menu-item-object-page menu-item-6550\"><a href=\"https:\/\/esthetic.sk\/de\/dermatovenerologie\/behandlung-mit-fluessigem-stickstoff-kryotherapie\/\">Behandlung mit fl\u00fcssigem Stickstoff \u2013 Kryotherapie<\/a><\/li>\n<li id=\"menu-item-6686\" class=\"menu-item menu-item-type-post_type menu-item-object-page menu-item-6686\"><a href=\"https:\/\/esthetic.sk\/de\/aesthetische-dermatologie\/haare\/trichologische-untersuchung-der-haare\/\">Trichologische Untersuchung der Haare<\/a><\/li>\n<li id=\"menu-item-7363\" class=\"menu-item menu-item-type-post_type menu-item-object-page menu-item-7363\"><a href=\"https:\/\/esthetic.sk\/de\/dermatovenerologie\/behandlung-von-geschlechtskrankheiten\/\">Behandlung von Geschlechtskrankheiten<\/a><\/li>\n<li id=\"menu-item-8382\" class=\"menu-item menu-item-type-post_type menu-item-object-page menu-item-8382\"><a href=\"https:\/\/esthetic.sk\/de\/dermatovenerologie\/hpv-impfung-und-hpv-tests\/\">HPV-Impfung und HPV-Tests<\/a><\/li>\n<\/ul><\/div>\n\n<div class=\"page-content-in\">\n<div class=\"entry-content\" style=\"padding:10px 0px\">\n<div id=\"lab\">\n<div class=\"row cennik\">\n<div class=\"kategoria\">\n<h2>Gesundheit von M\u00e4nnern und Frauen im Intimbereich (Geschlechtskrankheiten)<\/h2>\n<div class=\"ceny\">\n<div class=\"table-responsive\">\n<div>\n<h3 style=\"text-align: left;\">Leiden Sie unter gesundheitlichen Problemen im Intimbereich oder wollen Sie einfach nur sicherstellen, dass alles in Ordnung ist.<\/h3>\nDie Vorbeugung der Intimgesundheit und sexuell \u00fcbertragbarer Krankheiten ist eine der wichtigsten Pr\u00e4ventionsma\u00dfnahmen f\u00fcr jeden Einzelnen.\n\nDiese Vorbeugung geh\u00f6rt zu den Hauptaufgaben der dermatovenerologischen Pflege, mit der wir uns seit fast 20 Jahren besch\u00e4ftigen und in der wir gelehrte Experten sind.\n\nDeshalb haben wir Pakete mit Labortests f\u00fcr Sie zusammengestellt. Mit nur zwei Besuchen bei uns erfahren Sie alles, was Sie \u00fcber Ihre intime Gesundheit wissen m\u00fcssen.\n\nWir testen auf sexuell \u00fcbertragbare Krankheiten wie Syphilis, Hepatitis B und C, HIV, Gonorrhoe, Ureaplasmen und andere sexuell \u00fcbertragbare Krankheiten.\n<h3 style=\"text-align: left;\">Intime Gesundheit von M\u00e4nnern<\/h3>\nDas Entnahmepaket enth\u00e4lt Blut- und Urinproben, einen Harnr\u00f6hrenabstrich\n<strong>Paketpreis ab 135 \u20ac (abh\u00e4ngig von den getesteten Parametern)<\/strong>\n<h3 style=\"text-align: left;\">Intime Gesundheit von Frauen<\/h3>\nEntnahmepaket enth\u00e4lt Blutentnahme und Vaginalabstrich\n<strong>Paketpreis ab 135 \u20ac (abh\u00e4ngig von den getesteten Parametern)<\/strong>\n<h3 style=\"text-align: left;\">Vorbereitung vor der Sammlung<\/h3>\n<strong>Mann<\/strong> &#8211; 2. Tage der sexuellen Enthaltsamkeit, mindestens 2 Stunden vor der Entnahme nicht urinieren\n\n<strong>Frau<\/strong> &#8211; 2. Tage der sexuellen Enthaltsamkeit, die Entnahme erfolgt nicht w\u00e4hrend der Menstruation\n\n<\/div>\n<\/div>\n<\/div>\n<\/div>\n<\/div>\n<\/div>\n<\/div>\n<\/div>\n\n\n\n\n<a id=\"searchweb2\" class=\"btn\">Andere Behandlungen finden<\/a>\n\n<p>Die Dermatovenerologie, auch bekannt als Dermatologie oder einfach nur Dermatologie, ist ein medizinisches Fachgebiet, das sich mit der Diagnose, Behandlung und Vorbeugung von Krankheiten und St\u00f6rungen im Zusammenhang mit der Haut, den Haaren, den N\u00e4geln und sexuell \u00fcbertragbaren Infektionen (STIs) besch\u00e4ftigt. Sie vereint Wissen und Kompetenz in der Dermatologie (Hautkrankheiten) und Venerologie (sexuell \u00fcbertragbare Infektionen).<\/p>","protected":false},"excerpt":{"rendered":"DERMATOVENEROLOGIE Gesundheit von M\u00e4nnern und Frauen im Intimbereich (Geschlechtskrankheiten) Leiden Sie unter gesundheitlichen Problemen im Intimbereich oder wollen Sie einfach nur sicherstellen, dass alles in Ordnung ist. Die Vorbeugung der Intimgesundheit und sexuell \u00fcbertragbarer Krankheiten ist eine der wichtigsten Pr\u00e4ventionsma\u00dfnahmen f\u00fcr jeden Einzelnen. Diese Vorbeugung geh\u00f6rt zu den Hauptaufgaben der dermatovenerologischen Pflege, mit der wir","protected":false},"author":1,"featured_media":0,"parent":0,"menu_order":0,"comment_status":"closed","ping_status":"closed","template":"page-10.php","meta":{"inline_featured_image":false,"footnotes":""},"class_list":["post-6165","page","type-page","status-publish","hentry"],"yoast_head":"<!-- This site is optimized with the Yoast SEO plugin v23.7 - https:\/\/yoast.com\/wordpress\/plugins\/seo\/ -->\n<title>Dermatovenerologie | Esthetic Bratislava<\/title>\n<meta name=\"robots\" content=\"index, follow, max-snippet:-1, max-image-preview:large, max-video-preview:-1\" \/>\n<link rel=\"canonical\" href=\"https:\/\/esthetic.sk\/de\/dermatovenerologie\/\" \/>\n<meta property=\"og:locale\" content=\"de_DE\" \/>\n<meta property=\"og:type\" content=\"article\" \/>\n<meta property=\"og:title\" content=\"Dermatovenerologie | Esthetic Bratislava\" \/>\n<meta property=\"og:description\" content=\"DERMATOVENEROLOGIE Gesundheit von M\u00e4nnern und Frauen im Intimbereich (Geschlechtskrankheiten) Leiden Sie unter gesundheitlichen Problemen im Intimbereich oder wollen Sie einfach nur sicherstellen, dass alles in Ordnung ist. Die Vorbeugung der Intimgesundheit und sexuell \u00fcbertragbarer Krankheiten ist eine der wichtigsten Pr\u00e4ventionsma\u00dfnahmen f\u00fcr jeden Einzelnen. Diese Vorbeugung geh\u00f6rt zu den Hauptaufgaben der dermatovenerologischen Pflege, mit der wir\" \/>\n<meta property=\"og:url\" content=\"https:\/\/esthetic.sk\/de\/dermatovenerologie\/\" \/>\n<meta property=\"og:site_name\" content=\"Esthetic Bratislava\" \/>\n<meta property=\"article:publisher\" content=\"https:\/\/www.facebook.com\/Klinikaesthetic\" \/>\n<meta property=\"article:modified_time\" content=\"2025-01-14T10:20:11+00:00\" \/>\n<meta name=\"twitter:card\" content=\"summary_large_image\" \/>\n<meta name=\"twitter:label1\" content=\"Gesch\u00e4tzte Lesezeit\" \/>\n\t<meta name=\"twitter:data1\" content=\"1\u00a0Minute\" \/>\n<script type=\"application\/ld+json\" class=\"yoast-schema-graph\">{\"@context\":\"https:\/\/schema.org\",\"@graph\":[{\"@type\":\"WebPage\",\"@id\":\"https:\/\/esthetic.sk\/de\/dermatovenerologie\/\",\"url\":\"https:\/\/esthetic.sk\/de\/dermatovenerologie\/\",\"name\":\"Dermatovenerologie | Esthetic Bratislava\",\"isPartOf\":{\"@id\":\"https:\/\/esthetic.sk\/#website\"},\"datePublished\":\"2024-04-16T18:44:58+00:00\",\"dateModified\":\"2025-01-14T10:20:11+00:00\",\"breadcrumb\":{\"@id\":\"https:\/\/esthetic.sk\/de\/dermatovenerologie\/#breadcrumb\"},\"inLanguage\":\"de\",\"potentialAction\":[{\"@type\":\"ReadAction\",\"target\":[\"https:\/\/esthetic.sk\/de\/dermatovenerologie\/\"]}]},{\"@type\":\"BreadcrumbList\",\"@id\":\"https:\/\/esthetic.sk\/de\/dermatovenerologie\/#breadcrumb\",\"itemListElement\":[{\"@type\":\"ListItem\",\"position\":1,\"name\":\"Home\",\"item\":\"https:\/\/esthetic.sk\/\"},{\"@type\":\"ListItem\",\"position\":2,\"name\":\"Dermatovenerologie\"}]},{\"@type\":\"WebSite\",\"@id\":\"https:\/\/esthetic.sk\/#website\",\"url\":\"https:\/\/esthetic.sk\/\",\"name\":\"Esthetic Bratislava\",\"description\":\"R\u00fdchla cesta k dokonal\u00e9mu vz\u013eadu\",\"publisher\":{\"@id\":\"https:\/\/esthetic.sk\/#organization\"},\"potentialAction\":[{\"@type\":\"SearchAction\",\"target\":{\"@type\":\"EntryPoint\",\"urlTemplate\":\"https:\/\/esthetic.sk\/?s={search_term_string}\"},\"query-input\":{\"@type\":\"PropertyValueSpecification\",\"valueRequired\":true,\"valueName\":\"search_term_string\"}}],\"inLanguage\":\"de\"},{\"@type\":\"Organization\",\"@id\":\"https:\/\/esthetic.sk\/#organization\",\"name\":\"Esthetic .s.r.o.\",\"url\":\"https:\/\/esthetic.sk\/\",\"logo\":{\"@type\":\"ImageObject\",\"inLanguage\":\"de\",\"@id\":\"https:\/\/esthetic.sk\/#\/schema\/logo\/image\/\",\"url\":\"https:\/\/esthetic.sk\/wp-content\/uploads\/2019\/02\/logo-1.svg\",\"contentUrl\":\"https:\/\/esthetic.sk\/wp-content\/uploads\/2019\/02\/logo-1.svg\",\"width\":1,\"height\":1,\"caption\":\"Esthetic .s.r.o.\"},\"image\":{\"@id\":\"https:\/\/esthetic.sk\/#\/schema\/logo\/image\/\"},\"sameAs\":[\"https:\/\/www.facebook.com\/Klinikaesthetic\",\"https:\/\/www.instagram.com\/klinikaesthetic\/\",\"https:\/\/www.youtube.com\/channel\/UC8AgtXNjHpne8qWdj9szu1A\"]}]}<\/script>\n<!-- \/ Yoast SEO plugin. -->","yoast_head_json":{"title":"Dermatovenerologie | Esthetic Bratislava","robots":{"index":"index","follow":"follow","max-snippet":"max-snippet:-1","max-image-preview":"max-image-preview:large","max-video-preview":"max-video-preview:-1"},"canonical":"https:\/\/esthetic.sk\/de\/dermatovenerologie\/","og_locale":"de_DE","og_type":"article","og_title":"Dermatovenerologie | Esthetic Bratislava","og_description":"DERMATOVENEROLOGIE Gesundheit von M\u00e4nnern und Frauen im Intimbereich (Geschlechtskrankheiten) Leiden Sie unter gesundheitlichen Problemen im Intimbereich oder wollen Sie einfach nur sicherstellen, dass alles in Ordnung ist. Die Vorbeugung der Intimgesundheit und sexuell \u00fcbertragbarer Krankheiten ist eine der wichtigsten Pr\u00e4ventionsma\u00dfnahmen f\u00fcr jeden Einzelnen. Diese Vorbeugung geh\u00f6rt zu den Hauptaufgaben der dermatovenerologischen Pflege, mit der wir","og_url":"https:\/\/esthetic.sk\/de\/dermatovenerologie\/","og_site_name":"Esthetic Bratislava","article_publisher":"https:\/\/www.facebook.com\/Klinikaesthetic","article_modified_time":"2025-01-14T10:20:11+00:00","twitter_card":"summary_large_image","twitter_misc":{"Gesch\u00e4tzte Lesezeit":"1\u00a0Minute"},"schema":{"@context":"https:\/\/schema.org","@graph":[{"@type":"WebPage","@id":"https:\/\/esthetic.sk\/de\/dermatovenerologie\/","url":"https:\/\/esthetic.sk\/de\/dermatovenerologie\/","name":"Dermatovenerologie | Esthetic Bratislava","isPartOf":{"@id":"https:\/\/esthetic.sk\/#website"},"datePublished":"2024-04-16T18:44:58+00:00","dateModified":"2025-01-14T10:20:11+00:00","breadcrumb":{"@id":"https:\/\/esthetic.sk\/de\/dermatovenerologie\/#breadcrumb"},"inLanguage":"de","potentialAction":[{"@type":"ReadAction","target":["https:\/\/esthetic.sk\/de\/dermatovenerologie\/"]}]},{"@type":"BreadcrumbList","@id":"https:\/\/esthetic.sk\/de\/dermatovenerologie\/#breadcrumb","itemListElement":[{"@type":"ListItem","position":1,"name":"Home","item":"https:\/\/esthetic.sk\/"},{"@type":"ListItem","position":2,"name":"Dermatovenerologie"}]},{"@type":"WebSite","@id":"https:\/\/esthetic.sk\/#website","url":"https:\/\/esthetic.sk\/","name":"Esthetic Bratislava","description":"R\u00fdchla cesta k dokonal\u00e9mu vz\u013eadu","publisher":{"@id":"https:\/\/esthetic.sk\/#organization"},"potentialAction":[{"@type":"SearchAction","target":{"@type":"EntryPoint","urlTemplate":"https:\/\/esthetic.sk\/?s={search_term_string}"},"query-input":{"@type":"PropertyValueSpecification","valueRequired":true,"valueName":"search_term_string"}}],"inLanguage":"de"},{"@type":"Organization","@id":"https:\/\/esthetic.sk\/#organization","name":"Esthetic .s.r.o.","url":"https:\/\/esthetic.sk\/","logo":{"@type":"ImageObject","inLanguage":"de","@id":"https:\/\/esthetic.sk\/#\/schema\/logo\/image\/","url":"https:\/\/esthetic.sk\/wp-content\/uploads\/2019\/02\/logo-1.svg","contentUrl":"https:\/\/esthetic.sk\/wp-content\/uploads\/2019\/02\/logo-1.svg","width":1,"height":1,"caption":"Esthetic .s.r.o."},"image":{"@id":"https:\/\/esthetic.sk\/#\/schema\/logo\/image\/"},"sameAs":["https:\/\/www.facebook.com\/Klinikaesthetic","https:\/\/www.instagram.com\/klinikaesthetic\/","https:\/\/www.youtube.com\/channel\/UC8AgtXNjHpne8qWdj9szu1A"]}]}},"_links":{"self":[{"href":"https:\/\/esthetic.sk\/de\/wp-json\/wp\/v2\/pages\/6165"}],"collection":[{"href":"https:\/\/esthetic.sk\/de\/wp-json\/wp\/v2\/pages"}],"about":[{"href":"https:\/\/esthetic.sk\/de\/wp-json\/wp\/v2\/types\/page"}],"author":[{"embeddable":true,"href":"https:\/\/esthetic.sk\/de\/wp-json\/wp\/v2\/users\/1"}],"replies":[{"embeddable":true,"href":"https:\/\/esthetic.sk\/de\/wp-json\/wp\/v2\/comments?post=6165"}],"version-history":[{"count":1,"href":"https:\/\/esthetic.sk\/de\/wp-json\/wp\/v2\/pages\/6165\/revisions"}],"predecessor-version":[{"id":7545,"href":"https:\/\/esthetic.sk\/de\/wp-json\/wp\/v2\/pages\/6165\/revisions\/7545"}],"wp:attachment":[{"href":"https:\/\/esthetic.sk\/de\/wp-json\/wp\/v2\/media?parent=6165"}],"curies":[{"name":"wp","href":"https:\/\/api.w.org\/{rel}","templated":true}]}}