{"id":6158,"date":"2024-04-16T20:44:52","date_gmt":"2024-04-16T18:44:52","guid":{"rendered":"https:\/\/esthetic.sk\/aesthetische-dermatologie\/koerper\/akustische-schockwelle\/"},"modified":"2024-04-16T20:44:52","modified_gmt":"2024-04-16T18:44:52","slug":"akustische-schockwelle","status":"publish","type":"page","link":"https:\/\/esthetic.sk\/de\/aesthetische-dermatologie\/koerper\/akustische-schockwelle\/","title":{"rendered":"Akustische Schockwelle"},"content":{"rendered":"<h2>Grundlegende Informationen<\/h2>\n<ul>\n \t\t<li>Cellulite-Behandlung<\/li>\n\n\n<li>Anh\u00e4ufung von Fett in Problemzonen<\/li>\n\n\n\t<li>Charakterbildung<\/li>\n\n\n\t<li>Behandlung von Dehnungsstreifen<\/li>\n\n<\/ul>\n<h2>Orte der Behandlung<\/h2>\n<ul>\n\n<li>Oberschenkel<\/li>\n\n<li>H\u00fcften<\/li>\n\n<li><li>Hintern<\/li>\n\n<li>Bauch<\/li>\n\n<li>Schultern<\/li>\n<\/ul>\n\n\n<h2>\u00dcber die Behandlung<\/h2>\n\n\nEine Schockwelle ist ein starker, nicht zielgerichteter Schallimpuls, der sich in Form von oszillierenden, nicht periodischen Wellen tief in das subkutane Gewebe ausbreitet. Akustische Wellen zerst\u00f6ren eingekapselte Fettzellen, die direkt an der Entstehung von Cellulite beteiligt sind. Dar\u00fcber hinaus gehen vom V-Actor\u00ae-Kopf starke stimulierende physiologische Vibrationen (mit einer Frequenz von 35 Hz) aus, die den Blut- und Lymphfluss erh\u00f6hen und Stoffwechselprozesse im Bindegewebe aktivieren. Der V-Actor\u00ae erm\u00f6glicht den gezielten Einsatz von Vibrationen direkt im Gewebe, wodurch die Mikrozirkulation verbessert wird. Es hilft, Abfallstoffe und Giftstoffe aus dem K\u00f6rper zu entfernen","protected":false},"excerpt":{"rendered":"Grundlegende Informationen Cellulite-Behandlung Anh\u00e4ufung von Fett in Problemzonen Charakterbildung Behandlung von Dehnungsstreifen Orte der Behandlung Oberschenkel H\u00fcften Hintern Bauch Schultern \u00dcber die Behandlung Eine Schockwelle ist ein starker, nicht zielgerichteter Schallimpuls, der sich in Form von oszillierenden, nicht periodischen Wellen tief in das subkutane Gewebe ausbreitet. Akustische Wellen zerst\u00f6ren eingekapselte Fettzellen, die direkt an der","protected":false},"author":1,"featured_media":5525,"parent":5881,"menu_order":0,"comment_status":"closed","ping_status":"closed","template":"","meta":{"inline_featured_image":false,"footnotes":""},"class_list":["post-6158","page","type-page","status-publish","has-post-thumbnail","hentry"],"yoast_head":"<!-- This site is optimized with the Yoast SEO plugin v23.7 - https:\/\/yoast.com\/wordpress\/plugins\/seo\/ -->\n<title>Akustische Schockwelle | Esthetic Bratislava<\/title>\n<meta name=\"robots\" content=\"index, follow, max-snippet:-1, max-image-preview:large, max-video-preview:-1\" \/>\n<link rel=\"canonical\" href=\"https:\/\/esthetic.sk\/aesthetische-dermatologie\/koerper\/akustische-schockwelle\/\" \/>\n<meta property=\"og:locale\" content=\"de_DE\" \/>\n<meta property=\"og:type\" content=\"article\" \/>\n<meta property=\"og:title\" content=\"Akustische Schockwelle | Esthetic Bratislava\" \/>\n<meta property=\"og:description\" content=\"Grundlegende Informationen Cellulite-Behandlung Anh\u00e4ufung von Fett in Problemzonen Charakterbildung Behandlung von Dehnungsstreifen Orte der Behandlung Oberschenkel H\u00fcften Hintern Bauch Schultern \u00dcber die Behandlung Eine Schockwelle ist ein starker, nicht zielgerichteter Schallimpuls, der sich in Form von oszillierenden, nicht periodischen Wellen tief in das subkutane Gewebe ausbreitet. Akustische Wellen zerst\u00f6ren eingekapselte Fettzellen, die direkt an der\" \/>\n<meta property=\"og:url\" content=\"https:\/\/esthetic.sk\/aesthetische-dermatologie\/koerper\/akustische-schockwelle\/\" \/>\n<meta property=\"og:site_name\" content=\"Esthetic Bratislava\" \/>\n<meta property=\"article:publisher\" content=\"https:\/\/www.facebook.com\/Klinikaesthetic\" \/>\n<meta name=\"twitter:card\" content=\"summary_large_image\" \/>\n<meta name=\"twitter:label1\" content=\"Gesch\u00e4tzte Lesezeit\" \/>\n\t<meta name=\"twitter:data1\" content=\"1\u00a0Minute\" \/>\n<script type=\"application\/ld+json\" class=\"yoast-schema-graph\">{\"@context\":\"https:\/\/schema.org\",\"@graph\":[{\"@type\":\"WebPage\",\"@id\":\"https:\/\/esthetic.sk\/aesthetische-dermatologie\/koerper\/akustische-schockwelle\/\",\"url\":\"https:\/\/esthetic.sk\/aesthetische-dermatologie\/koerper\/akustische-schockwelle\/\",\"name\":\"Akustische Schockwelle | Esthetic Bratislava\",\"isPartOf\":{\"@id\":\"https:\/\/esthetic.sk\/#website\"},\"primaryImageOfPage\":{\"@id\":\"https:\/\/esthetic.sk\/aesthetische-dermatologie\/koerper\/akustische-schockwelle\/#primaryimage\"},\"image\":{\"@id\":\"https:\/\/esthetic.sk\/aesthetische-dermatologie\/koerper\/akustische-schockwelle\/#primaryimage\"},\"thumbnailUrl\":\"https:\/\/esthetic.sk\/wp-content\/uploads\/2019\/02\/big-10.jpg\",\"datePublished\":\"2024-04-16T18:44:52+00:00\",\"dateModified\":\"2024-04-16T18:44:52+00:00\",\"breadcrumb\":{\"@id\":\"https:\/\/esthetic.sk\/aesthetische-dermatologie\/koerper\/akustische-schockwelle\/#breadcrumb\"},\"inLanguage\":\"de\",\"potentialAction\":[{\"@type\":\"ReadAction\",\"target\":[\"https:\/\/esthetic.sk\/aesthetische-dermatologie\/koerper\/akustische-schockwelle\/\"]}]},{\"@type\":\"ImageObject\",\"inLanguage\":\"de\",\"@id\":\"https:\/\/esthetic.sk\/aesthetische-dermatologie\/koerper\/akustische-schockwelle\/#primaryimage\",\"url\":\"https:\/\/esthetic.sk\/wp-content\/uploads\/2019\/02\/big-10.jpg\",\"contentUrl\":\"https:\/\/esthetic.sk\/wp-content\/uploads\/2019\/02\/big-10.jpg\",\"width\":1920,\"height\":1080},{\"@type\":\"BreadcrumbList\",\"@id\":\"https:\/\/esthetic.sk\/aesthetische-dermatologie\/koerper\/akustische-schockwelle\/#breadcrumb\",\"itemListElement\":[{\"@type\":\"ListItem\",\"position\":1,\"name\":\"Home\",\"item\":\"https:\/\/esthetic.sk\/\"},{\"@type\":\"ListItem\",\"position\":2,\"name\":\"\u00c4sthetische Dermatologie\",\"item\":\"https:\/\/esthetic.sk\/de\/aesthetische-dermatologie\/\"},{\"@type\":\"ListItem\",\"position\":3,\"name\":\"K\u00f6rper\",\"item\":\"https:\/\/esthetic.sk\/aesthetische-dermatologie\/koerper\/\"},{\"@type\":\"ListItem\",\"position\":4,\"name\":\"Akustische Schockwelle\"}]},{\"@type\":\"WebSite\",\"@id\":\"https:\/\/esthetic.sk\/#website\",\"url\":\"https:\/\/esthetic.sk\/\",\"name\":\"Esthetic Bratislava\",\"description\":\"R\u00fdchla cesta k dokonal\u00e9mu vz\u013eadu\",\"publisher\":{\"@id\":\"https:\/\/esthetic.sk\/#organization\"},\"potentialAction\":[{\"@type\":\"SearchAction\",\"target\":{\"@type\":\"EntryPoint\",\"urlTemplate\":\"https:\/\/esthetic.sk\/?s={search_term_string}\"},\"query-input\":{\"@type\":\"PropertyValueSpecification\",\"valueRequired\":true,\"valueName\":\"search_term_string\"}}],\"inLanguage\":\"de\"},{\"@type\":\"Organization\",\"@id\":\"https:\/\/esthetic.sk\/#organization\",\"name\":\"Esthetic .s.r.o.\",\"url\":\"https:\/\/esthetic.sk\/\",\"logo\":{\"@type\":\"ImageObject\",\"inLanguage\":\"de\",\"@id\":\"https:\/\/esthetic.sk\/#\/schema\/logo\/image\/\",\"url\":\"https:\/\/esthetic.sk\/wp-content\/uploads\/2019\/02\/logo-1.svg\",\"contentUrl\":\"https:\/\/esthetic.sk\/wp-content\/uploads\/2019\/02\/logo-1.svg\",\"width\":1,\"height\":1,\"caption\":\"Esthetic .s.r.o.\"},\"image\":{\"@id\":\"https:\/\/esthetic.sk\/#\/schema\/logo\/image\/\"},\"sameAs\":[\"https:\/\/www.facebook.com\/Klinikaesthetic\",\"https:\/\/www.instagram.com\/klinikaesthetic\/\",\"https:\/\/www.youtube.com\/channel\/UC8AgtXNjHpne8qWdj9szu1A\"]}]}<\/script>\n<!-- \/ Yoast SEO plugin. -->","yoast_head_json":{"title":"Akustische Schockwelle | Esthetic Bratislava","robots":{"index":"index","follow":"follow","max-snippet":"max-snippet:-1","max-image-preview":"max-image-preview:large","max-video-preview":"max-video-preview:-1"},"canonical":"https:\/\/esthetic.sk\/aesthetische-dermatologie\/koerper\/akustische-schockwelle\/","og_locale":"de_DE","og_type":"article","og_title":"Akustische Schockwelle | Esthetic Bratislava","og_description":"Grundlegende Informationen Cellulite-Behandlung Anh\u00e4ufung von Fett in Problemzonen Charakterbildung Behandlung von Dehnungsstreifen Orte der Behandlung Oberschenkel H\u00fcften Hintern Bauch Schultern \u00dcber die Behandlung Eine Schockwelle ist ein starker, nicht zielgerichteter Schallimpuls, der sich in Form von oszillierenden, nicht periodischen Wellen tief in das subkutane Gewebe ausbreitet. Akustische Wellen zerst\u00f6ren eingekapselte Fettzellen, die direkt an der","og_url":"https:\/\/esthetic.sk\/aesthetische-dermatologie\/koerper\/akustische-schockwelle\/","og_site_name":"Esthetic Bratislava","article_publisher":"https:\/\/www.facebook.com\/Klinikaesthetic","twitter_card":"summary_large_image","twitter_misc":{"Gesch\u00e4tzte Lesezeit":"1\u00a0Minute"},"schema":{"@context":"https:\/\/schema.org","@graph":[{"@type":"WebPage","@id":"https:\/\/esthetic.sk\/aesthetische-dermatologie\/koerper\/akustische-schockwelle\/","url":"https:\/\/esthetic.sk\/aesthetische-dermatologie\/koerper\/akustische-schockwelle\/","name":"Akustische Schockwelle | Esthetic Bratislava","isPartOf":{"@id":"https:\/\/esthetic.sk\/#website"},"primaryImageOfPage":{"@id":"https:\/\/esthetic.sk\/aesthetische-dermatologie\/koerper\/akustische-schockwelle\/#primaryimage"},"image":{"@id":"https:\/\/esthetic.sk\/aesthetische-dermatologie\/koerper\/akustische-schockwelle\/#primaryimage"},"thumbnailUrl":"https:\/\/esthetic.sk\/wp-content\/uploads\/2019\/02\/big-10.jpg","datePublished":"2024-04-16T18:44:52+00:00","dateModified":"2024-04-16T18:44:52+00:00","breadcrumb":{"@id":"https:\/\/esthetic.sk\/aesthetische-dermatologie\/koerper\/akustische-schockwelle\/#breadcrumb"},"inLanguage":"de","potentialAction":[{"@type":"ReadAction","target":["https:\/\/esthetic.sk\/aesthetische-dermatologie\/koerper\/akustische-schockwelle\/"]}]},{"@type":"ImageObject","inLanguage":"de","@id":"https:\/\/esthetic.sk\/aesthetische-dermatologie\/koerper\/akustische-schockwelle\/#primaryimage","url":"https:\/\/esthetic.sk\/wp-content\/uploads\/2019\/02\/big-10.jpg","contentUrl":"https:\/\/esthetic.sk\/wp-content\/uploads\/2019\/02\/big-10.jpg","width":1920,"height":1080},{"@type":"BreadcrumbList","@id":"https:\/\/esthetic.sk\/aesthetische-dermatologie\/koerper\/akustische-schockwelle\/#breadcrumb","itemListElement":[{"@type":"ListItem","position":1,"name":"Home","item":"https:\/\/esthetic.sk\/"},{"@type":"ListItem","position":2,"name":"\u00c4sthetische Dermatologie","item":"https:\/\/esthetic.sk\/de\/aesthetische-dermatologie\/"},{"@type":"ListItem","position":3,"name":"K\u00f6rper","item":"https:\/\/esthetic.sk\/aesthetische-dermatologie\/koerper\/"},{"@type":"ListItem","position":4,"name":"Akustische Schockwelle"}]},{"@type":"WebSite","@id":"https:\/\/esthetic.sk\/#website","url":"https:\/\/esthetic.sk\/","name":"Esthetic Bratislava","description":"R\u00fdchla cesta k dokonal\u00e9mu vz\u013eadu","publisher":{"@id":"https:\/\/esthetic.sk\/#organization"},"potentialAction":[{"@type":"SearchAction","target":{"@type":"EntryPoint","urlTemplate":"https:\/\/esthetic.sk\/?s={search_term_string}"},"query-input":{"@type":"PropertyValueSpecification","valueRequired":true,"valueName":"search_term_string"}}],"inLanguage":"de"},{"@type":"Organization","@id":"https:\/\/esthetic.sk\/#organization","name":"Esthetic .s.r.o.","url":"https:\/\/esthetic.sk\/","logo":{"@type":"ImageObject","inLanguage":"de","@id":"https:\/\/esthetic.sk\/#\/schema\/logo\/image\/","url":"https:\/\/esthetic.sk\/wp-content\/uploads\/2019\/02\/logo-1.svg","contentUrl":"https:\/\/esthetic.sk\/wp-content\/uploads\/2019\/02\/logo-1.svg","width":1,"height":1,"caption":"Esthetic .s.r.o."},"image":{"@id":"https:\/\/esthetic.sk\/#\/schema\/logo\/image\/"},"sameAs":["https:\/\/www.facebook.com\/Klinikaesthetic","https:\/\/www.instagram.com\/klinikaesthetic\/","https:\/\/www.youtube.com\/channel\/UC8AgtXNjHpne8qWdj9szu1A"]}]}},"_links":{"self":[{"href":"https:\/\/esthetic.sk\/de\/wp-json\/wp\/v2\/pages\/6158"}],"collection":[{"href":"https:\/\/esthetic.sk\/de\/wp-json\/wp\/v2\/pages"}],"about":[{"href":"https:\/\/esthetic.sk\/de\/wp-json\/wp\/v2\/types\/page"}],"author":[{"embeddable":true,"href":"https:\/\/esthetic.sk\/de\/wp-json\/wp\/v2\/users\/1"}],"replies":[{"embeddable":true,"href":"https:\/\/esthetic.sk\/de\/wp-json\/wp\/v2\/comments?post=6158"}],"version-history":[{"count":0,"href":"https:\/\/esthetic.sk\/de\/wp-json\/wp\/v2\/pages\/6158\/revisions"}],"up":[{"embeddable":true,"href":"https:\/\/esthetic.sk\/de\/wp-json\/wp\/v2\/pages\/5881"}],"wp:featuredmedia":[{"embeddable":true,"href":"https:\/\/esthetic.sk\/de\/wp-json\/wp\/v2\/media\/5525"}],"wp:attachment":[{"href":"https:\/\/esthetic.sk\/de\/wp-json\/wp\/v2\/media?parent=6158"}],"curies":[{"name":"wp","href":"https:\/\/api.w.org\/{rel}","templated":true}]}}