{"id":6007,"date":"2024-04-16T20:43:02","date_gmt":"2024-04-16T18:43:02","guid":{"rendered":"https:\/\/esthetic.sk\/weihnachtsveranstaltung\/"},"modified":"2024-04-16T20:43:02","modified_gmt":"2024-04-16T18:43:02","slug":"weihnachtsveranstaltung","status":"publish","type":"page","link":"https:\/\/esthetic.sk\/de\/weihnachtsveranstaltung\/","title":{"rendered":"Weihnachtsveranstaltung"},"content":{"rendered":"<div id=\"kh-vianoce\">\n<div id=\"telo-novinka\" class=\"telo2\">\n<div id=\"c-banner\">\n\n<h1>BARGAIN<br>  WEIHNACHTEN RABATTE\n\n<\/h1>\n<a href=\"#objednavka\">einen Termin vereinbaren  <\/a>\n<\/div>\n<div id=\"sandra-copy\">\n\n<div>\n\n<strong>Bis Weihnachten k\u00f6nnen Sie von unseren g\u00fcnstigen Preisen f\u00fcr ausgew\u00e4hlte Hyalurons\u00e4ure von Teoxane profitieren:<\/strong>\n\n<ul>\n<li>RHA Kiss &#8211; <span>urspr\u00fcnglich 300 \u20ac<\/span>, derzeit <b>260 \u20ac<\/b><\/li>\n\n<li>RHA 1, RHA 2, RHA 3 &#8211; <span>urspr\u00fcnglich 350 \u20ac<\/span>, Rabatt 50 \u20ac, derzeit <b>300 \u20ac<\/b><\/li>\n\n<li>RHA 4 &#8211; <span>urspr\u00fcnglich 400 \u20ac<\/span>, derzeit <b>350 \u20ac<\/b><\/li>\n\n<li>Ultra Deep &#8211; <span>urspr\u00fcnglich 400 \u20ac<\/span>, derzeit <b>380 \u20ac<\/b>   <\/li>   <\/ul>\n\n\n\n\n<strong>Fractional Laser  <\/strong>\n<br>\nLassen Sie Ihr Gesicht noch vor Weihnachten rasieren und werden Sie unerw\u00fcnschte Narben los.\n<br>\n \n<ul>\n<li>Aktion von <span>500 \u20ac<\/span> bis <b>400 \u20ac<\/b>.<\/li>\n<\/ul>\n\n<p>\n \n\nSie denken \u00fcber Hyalurons\u00e4ure oder Fractional Laser nach und wissen nicht, welche Behandlung f\u00fcr Sie die richtige ist? Lassen Sie sich von uns beraten und buchen Sie eine kostenlose Beratung.\n<\/p>\n\n\n\n\n<\/div>\n<\/div>\n\n\n<div id=\"objednavka\">\n<h3>Ich m\u00f6chte bestellen  <br><span>Bitte teilen Sie uns in den Kommentaren mit, ob Sie die Prozedur f\u00fcr sich selbst oder als Geschenk f\u00fcr eine andere Person bestellen<\/span><\/h3>\n\n<div class=\"wpcf7 no-js\" id=\"wpcf7-f6559-o1\" lang=\"de-DE\" dir=\"ltr\">\n<div class=\"screen-reader-response\"><p role=\"status\" aria-live=\"polite\" aria-atomic=\"true\"><\/p> <ul><\/ul><\/div>\n<form action=\"\/de\/wp-json\/wp\/v2\/pages\/6007#wpcf7-f6559-o1\" method=\"post\" class=\"wpcf7-form init wpcf7-acceptance-as-validation\" aria-label=\"Kontaktformular\" novalidate=\"novalidate\" data-status=\"init\">\n<div style=\"display: none;\">\n<input type=\"hidden\" name=\"_wpcf7\" value=\"6559\" \/>\n<input type=\"hidden\" name=\"_wpcf7_version\" value=\"5.9.8\" \/>\n<input type=\"hidden\" name=\"_wpcf7_locale\" value=\"de_DE\" \/>\n<input type=\"hidden\" name=\"_wpcf7_unit_tag\" value=\"wpcf7-f6559-o1\" \/>\n<input type=\"hidden\" name=\"_wpcf7_container_post\" value=\"0\" \/>\n<input type=\"hidden\" name=\"_wpcf7_posted_data_hash\" value=\"\" \/>\n<input type=\"hidden\" name=\"_wpcf7_recaptcha_response\" value=\"\" \/>\n<\/div>\n<div class=\"big-form\">\n\t<div class=\"l-part\">\n\t\t<p><label><span class=\"p\">Ihr Name<\/span><span class=\"wpcf7-form-control-wrap\" data-name=\"your-name\"><input size=\"40\" maxlength=\"400\" class=\"wpcf7-form-control wpcf7-text wpcf7-validates-as-required\" aria-required=\"true\" aria-invalid=\"false\" placeholder=\"Ihr Name\" value=\"\" type=\"text\" name=\"your-name\" \/><\/span><\/label>\n\t\t<\/p>\n\t\t<p><label><br \/>\n<span class=\"p\">Ihre E-Mail*<\/span><br \/>\n<span class=\"wpcf7-form-control-wrap\" data-name=\"your-email\"><input size=\"40\" maxlength=\"400\" class=\"wpcf7-form-control wpcf7-text wpcf7-validates-as-required\" aria-required=\"true\" aria-invalid=\"false\" placeholder=\"Ihre E-Mail*\" value=\"\" type=\"text\" name=\"your-email\" \/><\/span><br \/>\n<\/label>\n\t\t<\/p>\n\t\t<p><label><br \/>\n<span class=\"p\">Telefon<\/span><br \/>\n<span class=\"wpcf7-form-control-wrap\" data-name=\"your-phone\"><input size=\"40\" maxlength=\"400\" class=\"wpcf7-form-control wpcf7-tel wpcf7-validates-as-required wpcf7-text wpcf7-validates-as-tel\" aria-required=\"true\" aria-invalid=\"false\" placeholder=\"Telefon\" value=\"\" type=\"tel\" name=\"your-phone\" \/><\/span><br \/>\n<\/label>\n\t\t<\/p>\n\t<\/div>\n\t<div class=\"r-part\">\n\t\t<p><label><br \/>\n<span class=\"datum-termin\">W\u00e4hlen Sie Ihr bevorzugtes Operationsdatum<\/span><br \/>\n<span class=\"wpcf7-form-control-wrap\" data-name=\"date-411\"><input class=\"wpcf7-form-control wpcf7-date wpcf7-validates-as-date\" aria-invalid=\"false\" placeholder=\"W\u00e4hlen Sie Ihr bevorzugtes Operationsdatum\" value=\"\" type=\"date\" name=\"date-411\" \/><\/span><br \/>\n<\/label>\n\t\t<\/p>\n\t\t<p><label><br \/>\n<span class=\"p\">Notiz<\/span><br \/>\n<span class=\"wpcf7-form-control-wrap\" data-name=\"your-message\"><textarea cols=\"40\" rows=\"10\" maxlength=\"2000\" class=\"wpcf7-form-control wpcf7-textarea\" aria-invalid=\"false\" placeholder=\"Notiz\" name=\"your-message\"><\/textarea><\/span><br \/>\n<\/label>\n\t\t<\/p>\n\t<\/div>\n\t<div class=\"bottom\">\n\t\t<div class=\"note\">\n\t\t\t<div class=\"akceptacia\">\n\t\t\t\t<p><span class=\"wpcf7-form-control-wrap\" data-name=\"acceptance-156\"><span class=\"wpcf7-form-control wpcf7-acceptance\"><span class=\"wpcf7-list-item\"><input type=\"checkbox\" name=\"acceptance-156\" value=\"1\" aria-invalid=\"false\" \/><\/span><\/span><\/span><span class=\"akceptujem\">* Ich habe <a href=\"https:\/\/esthetic.sk\/ochrana-osobnych-udajov\/\" target=\"_blank\">hier<\/a> \u00fcber die <a href=\"https:\/\/esthetic.sk\/ochrana-osobnych-udajov\/\" target=\"_blank\">Verarbeitung personenbezogener Daten<\/a> gelesen.<\/span>\n\t\t\t\t<\/p>\n\t\t\t<\/div>\n\t\t<\/div>\n\t\t<p><span id=\"wpcf7-69f53bedd1ed3-wrapper\" class=\"wpcf7-form-control-wrap email-23-wrap\" style=\"display:none !important; visibility:hidden !important;\"><label for=\"wpcf7-69f53bedd1ed3-field\" class=\"hp-message\">Bitte lasse dieses Feld leer.<\/label><input id=\"wpcf7-69f53bedd1ed3-field\"  class=\"wpcf7-form-control wpcf7-text\" type=\"text\" name=\"email-23\" value=\"\" size=\"40\" tabindex=\"-1\" autocomplete=\"new-password\" \/><\/span><br \/>\n<input class=\"wpcf7-form-control wpcf7-submit has-spinner\" type=\"submit\" value=\"Termin vereinbaren\" \/>\n\t\t<\/p>\n\t<\/div>\n<\/div><p style=\"display: none !important;\" class=\"akismet-fields-container\" data-prefix=\"_wpcf7_ak_\"><label>&#916;<textarea name=\"_wpcf7_ak_hp_textarea\" cols=\"45\" rows=\"8\" maxlength=\"100\"><\/textarea><\/label><input type=\"hidden\" id=\"ak_js_1\" name=\"_wpcf7_ak_js\" value=\"29\"\/><script>document.getElementById( \"ak_js_1\" ).setAttribute( \"value\", ( new Date() ).getTime() );<\/script><\/p><input type='hidden' class='wpcf7-pum' value='{\"closepopup\":false,\"closedelay\":0,\"openpopup\":false,\"openpopup_id\":0}' \/><div class=\"wpcf7-response-output\" aria-hidden=\"true\"><\/div>\n<\/form>\n<\/div>\n\n<\/div>\n\n\n<\/div>\n<\/div>","protected":false},"excerpt":{"rendered":"BARGAIN WEIHNACHTEN RABATTE einen Termin vereinbaren Bis Weihnachten k\u00f6nnen Sie von unseren g\u00fcnstigen Preisen f\u00fcr ausgew\u00e4hlte Hyalurons\u00e4ure von Teoxane profitieren: RHA Kiss &#8211; urspr\u00fcnglich 300 \u20ac, derzeit 260 \u20ac RHA 1, RHA 2, RHA 3 &#8211; urspr\u00fcnglich 350 \u20ac, Rabatt 50 \u20ac, derzeit 300 \u20ac RHA 4 &#8211; urspr\u00fcnglich 400 \u20ac, derzeit 350 \u20ac Ultra","protected":false},"author":1,"featured_media":0,"parent":0,"menu_order":0,"comment_status":"closed","ping_status":"closed","template":"template-plain.php","meta":{"inline_featured_image":false,"footnotes":""},"class_list":["post-6007","page","type-page","status-publish","hentry"],"yoast_head":"<!-- This site is optimized with the Yoast SEO plugin v23.7 - https:\/\/yoast.com\/wordpress\/plugins\/seo\/ -->\n<title>Weihnachtsveranstaltung | Esthetic Bratislava<\/title>\n<meta name=\"robots\" content=\"index, follow, max-snippet:-1, max-image-preview:large, max-video-preview:-1\" \/>\n<link rel=\"canonical\" href=\"https:\/\/esthetic.sk\/weihnachtsveranstaltung\/\" \/>\n<meta property=\"og:locale\" content=\"de_DE\" \/>\n<meta property=\"og:type\" content=\"article\" \/>\n<meta property=\"og:title\" content=\"Weihnachtsveranstaltung | Esthetic Bratislava\" \/>\n<meta property=\"og:description\" content=\"BARGAIN WEIHNACHTEN RABATTE einen Termin vereinbaren Bis Weihnachten k\u00f6nnen Sie von unseren g\u00fcnstigen Preisen f\u00fcr ausgew\u00e4hlte Hyalurons\u00e4ure von Teoxane profitieren: RHA Kiss &#8211; urspr\u00fcnglich 300 \u20ac, derzeit 260 \u20ac RHA 1, RHA 2, RHA 3 &#8211; urspr\u00fcnglich 350 \u20ac, Rabatt 50 \u20ac, derzeit 300 \u20ac RHA 4 &#8211; urspr\u00fcnglich 400 \u20ac, derzeit 350 \u20ac Ultra\" \/>\n<meta property=\"og:url\" content=\"https:\/\/esthetic.sk\/weihnachtsveranstaltung\/\" \/>\n<meta property=\"og:site_name\" content=\"Esthetic Bratislava\" \/>\n<meta property=\"article:publisher\" content=\"https:\/\/www.facebook.com\/Klinikaesthetic\" \/>\n<meta name=\"twitter:card\" content=\"summary_large_image\" \/>\n<meta name=\"twitter:label1\" content=\"Gesch\u00e4tzte Lesezeit\" \/>\n\t<meta name=\"twitter:data1\" content=\"1\u00a0Minute\" \/>\n<script type=\"application\/ld+json\" class=\"yoast-schema-graph\">{\"@context\":\"https:\/\/schema.org\",\"@graph\":[{\"@type\":\"WebPage\",\"@id\":\"https:\/\/esthetic.sk\/weihnachtsveranstaltung\/\",\"url\":\"https:\/\/esthetic.sk\/weihnachtsveranstaltung\/\",\"name\":\"Weihnachtsveranstaltung | Esthetic Bratislava\",\"isPartOf\":{\"@id\":\"https:\/\/esthetic.sk\/#website\"},\"datePublished\":\"2024-04-16T18:43:02+00:00\",\"dateModified\":\"2024-04-16T18:43:02+00:00\",\"breadcrumb\":{\"@id\":\"https:\/\/esthetic.sk\/weihnachtsveranstaltung\/#breadcrumb\"},\"inLanguage\":\"de\",\"potentialAction\":[{\"@type\":\"ReadAction\",\"target\":[\"https:\/\/esthetic.sk\/weihnachtsveranstaltung\/\"]}]},{\"@type\":\"BreadcrumbList\",\"@id\":\"https:\/\/esthetic.sk\/weihnachtsveranstaltung\/#breadcrumb\",\"itemListElement\":[{\"@type\":\"ListItem\",\"position\":1,\"name\":\"Home\",\"item\":\"https:\/\/esthetic.sk\/\"},{\"@type\":\"ListItem\",\"position\":2,\"name\":\"Weihnachtsveranstaltung\"}]},{\"@type\":\"WebSite\",\"@id\":\"https:\/\/esthetic.sk\/#website\",\"url\":\"https:\/\/esthetic.sk\/\",\"name\":\"Esthetic Bratislava\",\"description\":\"R\u00fdchla cesta k dokonal\u00e9mu vz\u013eadu\",\"publisher\":{\"@id\":\"https:\/\/esthetic.sk\/#organization\"},\"potentialAction\":[{\"@type\":\"SearchAction\",\"target\":{\"@type\":\"EntryPoint\",\"urlTemplate\":\"https:\/\/esthetic.sk\/?s={search_term_string}\"},\"query-input\":{\"@type\":\"PropertyValueSpecification\",\"valueRequired\":true,\"valueName\":\"search_term_string\"}}],\"inLanguage\":\"de\"},{\"@type\":\"Organization\",\"@id\":\"https:\/\/esthetic.sk\/#organization\",\"name\":\"Esthetic .s.r.o.\",\"url\":\"https:\/\/esthetic.sk\/\",\"logo\":{\"@type\":\"ImageObject\",\"inLanguage\":\"de\",\"@id\":\"https:\/\/esthetic.sk\/#\/schema\/logo\/image\/\",\"url\":\"https:\/\/esthetic.sk\/wp-content\/uploads\/2019\/02\/logo-1.svg\",\"contentUrl\":\"https:\/\/esthetic.sk\/wp-content\/uploads\/2019\/02\/logo-1.svg\",\"width\":1,\"height\":1,\"caption\":\"Esthetic .s.r.o.\"},\"image\":{\"@id\":\"https:\/\/esthetic.sk\/#\/schema\/logo\/image\/\"},\"sameAs\":[\"https:\/\/www.facebook.com\/Klinikaesthetic\",\"https:\/\/www.instagram.com\/klinikaesthetic\/\",\"https:\/\/www.youtube.com\/channel\/UC8AgtXNjHpne8qWdj9szu1A\"]}]}<\/script>\n<!-- \/ Yoast SEO plugin. -->","yoast_head_json":{"title":"Weihnachtsveranstaltung | Esthetic Bratislava","robots":{"index":"index","follow":"follow","max-snippet":"max-snippet:-1","max-image-preview":"max-image-preview:large","max-video-preview":"max-video-preview:-1"},"canonical":"https:\/\/esthetic.sk\/weihnachtsveranstaltung\/","og_locale":"de_DE","og_type":"article","og_title":"Weihnachtsveranstaltung | Esthetic Bratislava","og_description":"BARGAIN WEIHNACHTEN RABATTE einen Termin vereinbaren Bis Weihnachten k\u00f6nnen Sie von unseren g\u00fcnstigen Preisen f\u00fcr ausgew\u00e4hlte Hyalurons\u00e4ure von Teoxane profitieren: RHA Kiss &#8211; urspr\u00fcnglich 300 \u20ac, derzeit 260 \u20ac RHA 1, RHA 2, RHA 3 &#8211; urspr\u00fcnglich 350 \u20ac, Rabatt 50 \u20ac, derzeit 300 \u20ac RHA 4 &#8211; urspr\u00fcnglich 400 \u20ac, derzeit 350 \u20ac Ultra","og_url":"https:\/\/esthetic.sk\/weihnachtsveranstaltung\/","og_site_name":"Esthetic Bratislava","article_publisher":"https:\/\/www.facebook.com\/Klinikaesthetic","twitter_card":"summary_large_image","twitter_misc":{"Gesch\u00e4tzte Lesezeit":"1\u00a0Minute"},"schema":{"@context":"https:\/\/schema.org","@graph":[{"@type":"WebPage","@id":"https:\/\/esthetic.sk\/weihnachtsveranstaltung\/","url":"https:\/\/esthetic.sk\/weihnachtsveranstaltung\/","name":"Weihnachtsveranstaltung | Esthetic Bratislava","isPartOf":{"@id":"https:\/\/esthetic.sk\/#website"},"datePublished":"2024-04-16T18:43:02+00:00","dateModified":"2024-04-16T18:43:02+00:00","breadcrumb":{"@id":"https:\/\/esthetic.sk\/weihnachtsveranstaltung\/#breadcrumb"},"inLanguage":"de","potentialAction":[{"@type":"ReadAction","target":["https:\/\/esthetic.sk\/weihnachtsveranstaltung\/"]}]},{"@type":"BreadcrumbList","@id":"https:\/\/esthetic.sk\/weihnachtsveranstaltung\/#breadcrumb","itemListElement":[{"@type":"ListItem","position":1,"name":"Home","item":"https:\/\/esthetic.sk\/"},{"@type":"ListItem","position":2,"name":"Weihnachtsveranstaltung"}]},{"@type":"WebSite","@id":"https:\/\/esthetic.sk\/#website","url":"https:\/\/esthetic.sk\/","name":"Esthetic Bratislava","description":"R\u00fdchla cesta k dokonal\u00e9mu vz\u013eadu","publisher":{"@id":"https:\/\/esthetic.sk\/#organization"},"potentialAction":[{"@type":"SearchAction","target":{"@type":"EntryPoint","urlTemplate":"https:\/\/esthetic.sk\/?s={search_term_string}"},"query-input":{"@type":"PropertyValueSpecification","valueRequired":true,"valueName":"search_term_string"}}],"inLanguage":"de"},{"@type":"Organization","@id":"https:\/\/esthetic.sk\/#organization","name":"Esthetic .s.r.o.","url":"https:\/\/esthetic.sk\/","logo":{"@type":"ImageObject","inLanguage":"de","@id":"https:\/\/esthetic.sk\/#\/schema\/logo\/image\/","url":"https:\/\/esthetic.sk\/wp-content\/uploads\/2019\/02\/logo-1.svg","contentUrl":"https:\/\/esthetic.sk\/wp-content\/uploads\/2019\/02\/logo-1.svg","width":1,"height":1,"caption":"Esthetic .s.r.o."},"image":{"@id":"https:\/\/esthetic.sk\/#\/schema\/logo\/image\/"},"sameAs":["https:\/\/www.facebook.com\/Klinikaesthetic","https:\/\/www.instagram.com\/klinikaesthetic\/","https:\/\/www.youtube.com\/channel\/UC8AgtXNjHpne8qWdj9szu1A"]}]}},"_links":{"self":[{"href":"https:\/\/esthetic.sk\/de\/wp-json\/wp\/v2\/pages\/6007"}],"collection":[{"href":"https:\/\/esthetic.sk\/de\/wp-json\/wp\/v2\/pages"}],"about":[{"href":"https:\/\/esthetic.sk\/de\/wp-json\/wp\/v2\/types\/page"}],"author":[{"embeddable":true,"href":"https:\/\/esthetic.sk\/de\/wp-json\/wp\/v2\/users\/1"}],"replies":[{"embeddable":true,"href":"https:\/\/esthetic.sk\/de\/wp-json\/wp\/v2\/comments?post=6007"}],"version-history":[{"count":0,"href":"https:\/\/esthetic.sk\/de\/wp-json\/wp\/v2\/pages\/6007\/revisions"}],"wp:attachment":[{"href":"https:\/\/esthetic.sk\/de\/wp-json\/wp\/v2\/media?parent=6007"}],"curies":[{"name":"wp","href":"https:\/\/api.w.org\/{rel}","templated":true}]}}