{"id":5990,"date":"2024-04-16T20:28:53","date_gmt":"2024-04-16T18:28:53","guid":{"rendered":"https:\/\/esthetic.sk\/aesthetische-dermatologie\/haare\/trichologische-untersuchung-der-haare\/"},"modified":"2024-04-16T20:28:53","modified_gmt":"2024-04-16T18:28:53","slug":"trichologische-untersuchung-der-haare","status":"publish","type":"page","link":"https:\/\/esthetic.sk\/de\/aesthetische-dermatologie\/haare\/trichologische-untersuchung-der-haare\/","title":{"rendered":"Trichologische Untersuchung der Haare"},"content":{"rendered":"<h2>Grundlegende Informationen<\/h2>\n<p class=\"font8\">Die erste trichologische Untersuchung beginnt mit einem Gespr\u00e4ch, in dem der Arzt eine gr\u00fcndliche Anamnese \u00fcber die Ursache und den Verlauf des Haarausfalls des Patienten erhebt. Nach der ersten Konsultation untersucht der Arzt das Haar des Patienten klinisch und macht sich mit dem Befund vertraut.<\/p>\n<p class=\"font8\"><b><\/b>Es folgt eine digitale Trichoskopie, die mit einer speziellen Kamera durchgef\u00fchrt wird, die an einen Computer angeschlossen ist, so dass wir Bilder aufnehmen und zur weiteren Untersuchung speichern k\u00f6nnen. Die Kamera erkennt einzelne Stellen auf der Kopfhaut und ist in der Lage, die Kopfhaut, die Haarfollikel und einzelne Haare in Vergr\u00f6\u00dferungen zu erfassen, die mit dem blo\u00dfen Auge nicht zu sehen sind (bis zu 120x). Dieser Schritt liefert wertvolle Informationen zur korrekten Diagnose, da wir die f\u00fcr die Krankheit typischen Anzeichen beobachten k\u00f6nnen.<b><\/b><\/p>\n<p class=\"font8\"><b> <\/b>Auf der Grundlage der Ergebnisse des ersten Beratungsgespr\u00e4chs und der digitalen Trichoskopie stellt der Trichologe eine Diagnose und schl\u00e4gt die f\u00fcr den Patienten am besten geeignete Behandlung vor. Der Arzt fasst seine Befunde, Meinungen und Empfehlungen f\u00fcr den Patienten in einem ausf\u00fchrlichen Bericht zusammen. Bei Bedarf oder Verdacht auf Krankheiten, die die Ursache f\u00fcr das Haarproblem des Patienten sein k\u00f6nnten, wird der Arzt noch weitere Untersuchungen bei verschiedenen Spezialisten oder einem Allgemeinmediziner empfehlen.<\/p>\n\n<h2>Dauer der trichologischen Untersuchung<\/h2>\nDa es sich um eine komplexe Pr\u00fcfung handelt, m\u00fcssen Sie ausreichend Zeit einplanen. Die Standarduntersuchung dauert etwa 40 Minuten. Unser Ziel ist es, dass alle Fragen des Patienten beantwortet werden und dass der Patient w\u00e4hrend dieser Zeit seine Krankheit und den f\u00fcr den Haarausfall verantwortlichen Mechanismus versteht.\n<h2>Empfehlung<\/h2>\nDie Haare sollten mindestens 14 Tage vor der Untersuchung nicht gef\u00e4rbt werden, und es ist ratsam, die Haare 2-3 Tage vor der Untersuchung nicht zu waschen. Die Befolgung dieser Empfehlungen wird uns helfen, Ihr Problem zu diagnostizieren.\n<h2>Behandlungsm\u00f6glichkeiten<\/h2>\nDas Thema Haarausfall ist sehr breit gef\u00e4chert, die einzelnen Krankheiten unterscheiden sich in ihrem Entstehungsmechanismus und Verlauf voneinander. Deshalb haben wir das Bed\u00fcrfnis, mehr Behandlungen anzubieten, damit wir so vielen Patienten wie m\u00f6glich helfen k\u00f6nnen. Wir halten uns an die neuesten Behandlungsempfehlungen und zeigen Ihnen neue und moderne Wege auf, wie Sie mit Haarausfall umgehen und die Haarqualit\u00e4t verbessern k\u00f6nnen. Wir bieten Patienten:\n<ul>\n \t<li>Plasmatherapie<a href=\"https:\/\/esthetic.sk\/esteticka-dermatologia\/tvar\/plazmaterapia\/\">(TU<\/a>)<\/li>\n \t<li>Mesotherapie<a href=\"https:\/\/esthetic.sk\/esteticka-dermatologia\/tvar\/mezoterapia\/\">(TU<\/a>)<\/li>\n \t<li>Blutzellen (HIER)<\/li>\n \t<li>Behandlung zu Hause<a href=\"https:\/\/esthetic.sk\/esteticka-dermatologia\/vlasy\/liecba-vypadavania-vlasov-mezoterapiou\/\">(HIER<\/a>)<\/li>\n \t<li>topische Kortikosteroid-Therapie (TU)<\/li>\n<\/ul>\n<h2>Erfolgsquote der Behandlung<\/h2>\nDie Erfolgsquote der Behandlung h\u00e4ngt weitgehend von der jeweiligen Diagnose ab, aber wir haben eine sehr hohe Erfolgsquote bei Patienten, die sich an den festgelegten Behandlungsplan halten, und die ersten Ergebnisse sind in der Regel nach 2-3 Monaten der Behandlung zu sehen.\n\n&nbsp;\n<blockquote>Sie k\u00f6nnen mehr \u00fcber die trichologische Untersuchung erfahren (HIER).<\/blockquote>\n&nbsp;\n\n&nbsp;","protected":false},"excerpt":{"rendered":"Grundlegende Informationen Die erste trichologische Untersuchung beginnt mit einem Gespr\u00e4ch, in dem der Arzt eine gr\u00fcndliche Anamnese \u00fcber die Ursache und den Verlauf des Haarausfalls des Patienten erhebt. Nach der ersten Konsultation untersucht der Arzt das Haar des Patienten klinisch und macht sich mit dem Befund vertraut. Es folgt eine digitale Trichoskopie, die mit einer","protected":false},"author":1,"featured_media":5511,"parent":5883,"menu_order":1,"comment_status":"closed","ping_status":"closed","template":"","meta":{"inline_featured_image":false,"footnotes":""},"class_list":["post-5990","page","type-page","status-publish","has-post-thumbnail","hentry"],"yoast_head":"<!-- This site is optimized with the Yoast SEO plugin v23.7 - https:\/\/yoast.com\/wordpress\/plugins\/seo\/ -->\n<title>Trichologische Untersuchung der Haare | Esthetic Clinic Bratislava<\/title>\n<meta name=\"description\" content=\"Eine trichologische Untersuchung wird die Ursache f\u00fcr den Haarausfall ermitteln. Anhand des Ergebnisses wird eine Diagnose gestellt und eine geeignete Behandlung vorgeschlagen.\" \/>\n<meta name=\"robots\" content=\"index, follow, max-snippet:-1, max-image-preview:large, max-video-preview:-1\" \/>\n<link rel=\"canonical\" href=\"https:\/\/esthetic.sk\/de\/aesthetische-dermatologie\/haare\/trichologische-untersuchung-der-haare\/\" \/>\n<meta property=\"og:locale\" content=\"de_DE\" \/>\n<meta property=\"og:type\" content=\"article\" \/>\n<meta property=\"og:title\" content=\"Trichologische Untersuchung der Haare | Esthetic Clinic Bratislava\" \/>\n<meta property=\"og:description\" content=\"Eine trichologische Untersuchung wird die Ursache f\u00fcr den Haarausfall ermitteln. Anhand des Ergebnisses wird eine Diagnose gestellt und eine geeignete Behandlung vorgeschlagen.\" \/>\n<meta property=\"og:url\" content=\"https:\/\/esthetic.sk\/de\/aesthetische-dermatologie\/haare\/trichologische-untersuchung-der-haare\/\" \/>\n<meta property=\"og:site_name\" content=\"Esthetic Bratislava\" \/>\n<meta property=\"article:publisher\" content=\"https:\/\/www.facebook.com\/Klinikaesthetic\" \/>\n<meta property=\"og:image\" content=\"https:\/\/esthetic.sk\/wp-content\/uploads\/2019\/02\/big2.jpg\" \/>\n\t<meta property=\"og:image:width\" content=\"1920\" \/>\n\t<meta property=\"og:image:height\" content=\"1080\" \/>\n\t<meta property=\"og:image:type\" content=\"image\/jpeg\" \/>\n<meta name=\"twitter:card\" content=\"summary_large_image\" \/>\n<meta name=\"twitter:label1\" content=\"Gesch\u00e4tzte Lesezeit\" \/>\n\t<meta name=\"twitter:data1\" content=\"2\u00a0Minuten\" \/>\n<script type=\"application\/ld+json\" class=\"yoast-schema-graph\">{\"@context\":\"https:\/\/schema.org\",\"@graph\":[{\"@type\":\"WebPage\",\"@id\":\"https:\/\/esthetic.sk\/de\/aesthetische-dermatologie\/haare\/trichologische-untersuchung-der-haare\/\",\"url\":\"https:\/\/esthetic.sk\/de\/aesthetische-dermatologie\/haare\/trichologische-untersuchung-der-haare\/\",\"name\":\"Trichologische Untersuchung der Haare | Esthetic Clinic Bratislava\",\"isPartOf\":{\"@id\":\"https:\/\/esthetic.sk\/#website\"},\"primaryImageOfPage\":{\"@id\":\"https:\/\/esthetic.sk\/de\/aesthetische-dermatologie\/haare\/trichologische-untersuchung-der-haare\/#primaryimage\"},\"image\":{\"@id\":\"https:\/\/esthetic.sk\/de\/aesthetische-dermatologie\/haare\/trichologische-untersuchung-der-haare\/#primaryimage\"},\"thumbnailUrl\":\"https:\/\/esthetic.sk\/wp-content\/uploads\/2019\/02\/big2.jpg\",\"datePublished\":\"2024-04-16T18:28:53+00:00\",\"dateModified\":\"2024-04-16T18:28:53+00:00\",\"description\":\"Eine trichologische Untersuchung wird die Ursache f\u00fcr den Haarausfall ermitteln. Anhand des Ergebnisses wird eine Diagnose gestellt und eine geeignete Behandlung vorgeschlagen.\",\"breadcrumb\":{\"@id\":\"https:\/\/esthetic.sk\/de\/aesthetische-dermatologie\/haare\/trichologische-untersuchung-der-haare\/#breadcrumb\"},\"inLanguage\":\"de\",\"potentialAction\":[{\"@type\":\"ReadAction\",\"target\":[\"https:\/\/esthetic.sk\/de\/aesthetische-dermatologie\/haare\/trichologische-untersuchung-der-haare\/\"]}]},{\"@type\":\"ImageObject\",\"inLanguage\":\"de\",\"@id\":\"https:\/\/esthetic.sk\/de\/aesthetische-dermatologie\/haare\/trichologische-untersuchung-der-haare\/#primaryimage\",\"url\":\"https:\/\/esthetic.sk\/wp-content\/uploads\/2019\/02\/big2.jpg\",\"contentUrl\":\"https:\/\/esthetic.sk\/wp-content\/uploads\/2019\/02\/big2.jpg\",\"width\":1920,\"height\":1080},{\"@type\":\"BreadcrumbList\",\"@id\":\"https:\/\/esthetic.sk\/de\/aesthetische-dermatologie\/haare\/trichologische-untersuchung-der-haare\/#breadcrumb\",\"itemListElement\":[{\"@type\":\"ListItem\",\"position\":1,\"name\":\"Home\",\"item\":\"https:\/\/esthetic.sk\/\"},{\"@type\":\"ListItem\",\"position\":2,\"name\":\"\u00c4sthetische Dermatologie\",\"item\":\"https:\/\/esthetic.sk\/de\/aesthetische-dermatologie\/\"},{\"@type\":\"ListItem\",\"position\":3,\"name\":\"Haare\",\"item\":\"https:\/\/esthetic.sk\/aesthetische-dermatologie\/haare\/\"},{\"@type\":\"ListItem\",\"position\":4,\"name\":\"Trichologische Untersuchung der Haare\"}]},{\"@type\":\"WebSite\",\"@id\":\"https:\/\/esthetic.sk\/#website\",\"url\":\"https:\/\/esthetic.sk\/\",\"name\":\"Esthetic Bratislava\",\"description\":\"R\u00fdchla cesta k dokonal\u00e9mu vz\u013eadu\",\"publisher\":{\"@id\":\"https:\/\/esthetic.sk\/#organization\"},\"potentialAction\":[{\"@type\":\"SearchAction\",\"target\":{\"@type\":\"EntryPoint\",\"urlTemplate\":\"https:\/\/esthetic.sk\/?s={search_term_string}\"},\"query-input\":{\"@type\":\"PropertyValueSpecification\",\"valueRequired\":true,\"valueName\":\"search_term_string\"}}],\"inLanguage\":\"de\"},{\"@type\":\"Organization\",\"@id\":\"https:\/\/esthetic.sk\/#organization\",\"name\":\"Esthetic .s.r.o.\",\"url\":\"https:\/\/esthetic.sk\/\",\"logo\":{\"@type\":\"ImageObject\",\"inLanguage\":\"de\",\"@id\":\"https:\/\/esthetic.sk\/#\/schema\/logo\/image\/\",\"url\":\"https:\/\/esthetic.sk\/wp-content\/uploads\/2019\/02\/logo-1.svg\",\"contentUrl\":\"https:\/\/esthetic.sk\/wp-content\/uploads\/2019\/02\/logo-1.svg\",\"width\":1,\"height\":1,\"caption\":\"Esthetic .s.r.o.\"},\"image\":{\"@id\":\"https:\/\/esthetic.sk\/#\/schema\/logo\/image\/\"},\"sameAs\":[\"https:\/\/www.facebook.com\/Klinikaesthetic\",\"https:\/\/www.instagram.com\/klinikaesthetic\/\",\"https:\/\/www.youtube.com\/channel\/UC8AgtXNjHpne8qWdj9szu1A\"]}]}<\/script>\n<!-- \/ Yoast SEO plugin. -->","yoast_head_json":{"title":"Trichologische Untersuchung der Haare | Esthetic Clinic Bratislava","description":"Eine trichologische Untersuchung wird die Ursache f\u00fcr den Haarausfall ermitteln. Anhand des Ergebnisses wird eine Diagnose gestellt und eine geeignete Behandlung vorgeschlagen.","robots":{"index":"index","follow":"follow","max-snippet":"max-snippet:-1","max-image-preview":"max-image-preview:large","max-video-preview":"max-video-preview:-1"},"canonical":"https:\/\/esthetic.sk\/de\/aesthetische-dermatologie\/haare\/trichologische-untersuchung-der-haare\/","og_locale":"de_DE","og_type":"article","og_title":"Trichologische Untersuchung der Haare | Esthetic Clinic Bratislava","og_description":"Eine trichologische Untersuchung wird die Ursache f\u00fcr den Haarausfall ermitteln. Anhand des Ergebnisses wird eine Diagnose gestellt und eine geeignete Behandlung vorgeschlagen.","og_url":"https:\/\/esthetic.sk\/de\/aesthetische-dermatologie\/haare\/trichologische-untersuchung-der-haare\/","og_site_name":"Esthetic Bratislava","article_publisher":"https:\/\/www.facebook.com\/Klinikaesthetic","og_image":[{"width":1920,"height":1080,"url":"https:\/\/esthetic.sk\/wp-content\/uploads\/2019\/02\/big2.jpg","type":"image\/jpeg"}],"twitter_card":"summary_large_image","twitter_misc":{"Gesch\u00e4tzte Lesezeit":"2\u00a0Minuten"},"schema":{"@context":"https:\/\/schema.org","@graph":[{"@type":"WebPage","@id":"https:\/\/esthetic.sk\/de\/aesthetische-dermatologie\/haare\/trichologische-untersuchung-der-haare\/","url":"https:\/\/esthetic.sk\/de\/aesthetische-dermatologie\/haare\/trichologische-untersuchung-der-haare\/","name":"Trichologische Untersuchung der Haare | Esthetic Clinic Bratislava","isPartOf":{"@id":"https:\/\/esthetic.sk\/#website"},"primaryImageOfPage":{"@id":"https:\/\/esthetic.sk\/de\/aesthetische-dermatologie\/haare\/trichologische-untersuchung-der-haare\/#primaryimage"},"image":{"@id":"https:\/\/esthetic.sk\/de\/aesthetische-dermatologie\/haare\/trichologische-untersuchung-der-haare\/#primaryimage"},"thumbnailUrl":"https:\/\/esthetic.sk\/wp-content\/uploads\/2019\/02\/big2.jpg","datePublished":"2024-04-16T18:28:53+00:00","dateModified":"2024-04-16T18:28:53+00:00","description":"Eine trichologische Untersuchung wird die Ursache f\u00fcr den Haarausfall ermitteln. Anhand des Ergebnisses wird eine Diagnose gestellt und eine geeignete Behandlung vorgeschlagen.","breadcrumb":{"@id":"https:\/\/esthetic.sk\/de\/aesthetische-dermatologie\/haare\/trichologische-untersuchung-der-haare\/#breadcrumb"},"inLanguage":"de","potentialAction":[{"@type":"ReadAction","target":["https:\/\/esthetic.sk\/de\/aesthetische-dermatologie\/haare\/trichologische-untersuchung-der-haare\/"]}]},{"@type":"ImageObject","inLanguage":"de","@id":"https:\/\/esthetic.sk\/de\/aesthetische-dermatologie\/haare\/trichologische-untersuchung-der-haare\/#primaryimage","url":"https:\/\/esthetic.sk\/wp-content\/uploads\/2019\/02\/big2.jpg","contentUrl":"https:\/\/esthetic.sk\/wp-content\/uploads\/2019\/02\/big2.jpg","width":1920,"height":1080},{"@type":"BreadcrumbList","@id":"https:\/\/esthetic.sk\/de\/aesthetische-dermatologie\/haare\/trichologische-untersuchung-der-haare\/#breadcrumb","itemListElement":[{"@type":"ListItem","position":1,"name":"Home","item":"https:\/\/esthetic.sk\/"},{"@type":"ListItem","position":2,"name":"\u00c4sthetische Dermatologie","item":"https:\/\/esthetic.sk\/de\/aesthetische-dermatologie\/"},{"@type":"ListItem","position":3,"name":"Haare","item":"https:\/\/esthetic.sk\/aesthetische-dermatologie\/haare\/"},{"@type":"ListItem","position":4,"name":"Trichologische Untersuchung der Haare"}]},{"@type":"WebSite","@id":"https:\/\/esthetic.sk\/#website","url":"https:\/\/esthetic.sk\/","name":"Esthetic Bratislava","description":"R\u00fdchla cesta k dokonal\u00e9mu vz\u013eadu","publisher":{"@id":"https:\/\/esthetic.sk\/#organization"},"potentialAction":[{"@type":"SearchAction","target":{"@type":"EntryPoint","urlTemplate":"https:\/\/esthetic.sk\/?s={search_term_string}"},"query-input":{"@type":"PropertyValueSpecification","valueRequired":true,"valueName":"search_term_string"}}],"inLanguage":"de"},{"@type":"Organization","@id":"https:\/\/esthetic.sk\/#organization","name":"Esthetic .s.r.o.","url":"https:\/\/esthetic.sk\/","logo":{"@type":"ImageObject","inLanguage":"de","@id":"https:\/\/esthetic.sk\/#\/schema\/logo\/image\/","url":"https:\/\/esthetic.sk\/wp-content\/uploads\/2019\/02\/logo-1.svg","contentUrl":"https:\/\/esthetic.sk\/wp-content\/uploads\/2019\/02\/logo-1.svg","width":1,"height":1,"caption":"Esthetic .s.r.o."},"image":{"@id":"https:\/\/esthetic.sk\/#\/schema\/logo\/image\/"},"sameAs":["https:\/\/www.facebook.com\/Klinikaesthetic","https:\/\/www.instagram.com\/klinikaesthetic\/","https:\/\/www.youtube.com\/channel\/UC8AgtXNjHpne8qWdj9szu1A"]}]}},"_links":{"self":[{"href":"https:\/\/esthetic.sk\/de\/wp-json\/wp\/v2\/pages\/5990"}],"collection":[{"href":"https:\/\/esthetic.sk\/de\/wp-json\/wp\/v2\/pages"}],"about":[{"href":"https:\/\/esthetic.sk\/de\/wp-json\/wp\/v2\/types\/page"}],"author":[{"embeddable":true,"href":"https:\/\/esthetic.sk\/de\/wp-json\/wp\/v2\/users\/1"}],"replies":[{"embeddable":true,"href":"https:\/\/esthetic.sk\/de\/wp-json\/wp\/v2\/comments?post=5990"}],"version-history":[{"count":0,"href":"https:\/\/esthetic.sk\/de\/wp-json\/wp\/v2\/pages\/5990\/revisions"}],"up":[{"embeddable":true,"href":"https:\/\/esthetic.sk\/de\/wp-json\/wp\/v2\/pages\/5883"}],"wp:featuredmedia":[{"embeddable":true,"href":"https:\/\/esthetic.sk\/de\/wp-json\/wp\/v2\/media\/5511"}],"wp:attachment":[{"href":"https:\/\/esthetic.sk\/de\/wp-json\/wp\/v2\/media?parent=5990"}],"curies":[{"name":"wp","href":"https:\/\/api.w.org\/{rel}","templated":true}]}}