{"id":5986,"date":"2024-04-16T20:28:51","date_gmt":"2024-04-16T18:28:51","guid":{"rendered":"https:\/\/esthetic.sk\/aesthetische-dermatologie\/koerper\/schwitzen-botulinumtoxin-behandlung\/"},"modified":"2025-03-21T07:10:36","modified_gmt":"2025-03-21T06:10:36","slug":"schwitzen-botulinumtoxin-behandlung","status":"publish","type":"page","link":"https:\/\/esthetic.sk\/de\/aesthetische-dermatologie\/koerper\/schwitzen-botulinumtoxin-behandlung\/","title":{"rendered":"Schwitzen | Botulinumtoxin-Behandlung"},"content":{"rendered":"Die Beseitigung des Schwitzens (Hyperhidrose) mit Botulinumtoxin ist ein g\u00e4ngiges Verfahren in der Medizin. Botulinumtoxin (auch bekannt als Botox) ist eine Substanz, die vor\u00fcbergehend Nervensignale blockiert, die zu Muskelkontraktionen f\u00fchren. Wenn Botulinumtoxin auf eine Stelle aufgetragen wird, an der \u00fcberm\u00e4\u00dfiges Schwitzen auftritt, schw\u00e4cht es die Aktivit\u00e4t der Schwei\u00dfdr\u00fcsen und reduziert die Schwei\u00dfbildung an dieser Stelle.\n\n<h2>Grundlegende Informationen<\/h2>\n\nKonsultation: Sie m\u00fcssen einen Arzt aufsuchen, der auf \u00e4sthetische Medizin oder Dermatologie spezialisiert ist, bevor Sie mit der Behandlung beginnen. Der Arzt wird Ihren Zustand beurteilen, den Bereich bestimmen, in dem \u00fcberm\u00e4\u00dfiges Schwitzen auftritt, und entscheiden, ob der Einsatz von Botulinumtoxin sinnvoll ist.\n\n\n\n<h2>Vorbereitung<\/h2>\nVor dem eigentlichen Eingriff ist es notwendig, die Haut in dem Bereich, in dem das Botulinumtoxin angewendet wird, zu reinigen und zu desinfizieren\n\n<h2>Anwendung<\/h2>\nNach lokaler Bet\u00e4ubung und Desinfektion injiziert der Arzt Botulinumtoxin mit einer feinen Nadel direkt in die Haut im Bereich der Achselh\u00f6hle oder der Handfl\u00e4che. Der Arzt verwendet eine sehr d\u00fcnne Nadel, um Botulinumtoxin in die Schwei\u00dfdr\u00fcsen im Problembereich zu injizieren. Die Anzahl der Injektionen h\u00e4ngt vom Ausma\u00df des Schwitzens und von den Empfehlungen des Arztes ab.\n\n<ul>\n \t<li>Achselh\u00f6hlen<\/li>\n \t<li>Palmen<\/li>\n \t<li>Kopfzeile<\/li>\n \t<li>Brust<\/li>\n \t<li>Kopf &#8211; im Haar<\/li>\n<\/ul>\n\n\n<h2>Dauer des Verfahrens<\/h2>\nDas Verfahren dauert durchschnittlich 10 Minuten. Die Dauer der Wirkung ist individuell von 3 Monaten bis 1 Jahr (Handfl\u00e4chen im Durchschnitt 3 &#8211; 6 Monate, Achselh\u00f6hlen 6 -12 Monate).\n<h2><b>Risiken<\/b><\/h2>\n<ul>\n \t<li>Schwellung um die Injektion<\/li>\n \t<li>Juckreiz<\/li>\n \t<li>Bluterg\u00fcsse an der Injektionsstelle<\/li>\n \t<li>Schmerzen w\u00e4hrend des Eingriffs<\/li>\n \t<li>Vor\u00fcbergehend verminderte Muskelkraft (Anwendung im Bereich der Handfl\u00e4che)<\/li>\n<\/ul>\n<h2>Nach dem Eingriff<\/h2>\n<ul>\n \t<li>Massieren Sie die Anwendungsstelle nicht<\/li>\n \t<li>Sp\u00fclen Sie den behandelten Bereich am Tag des Eingriffs nur mit Wasser ab<\/li>\n \t<li>zwei bis drei Tage nach dem Eingriff in der Achselh\u00f6hle wird empfohlen, Baumwollunterw\u00e4sche zu tragen<\/li>\n<\/ul>\n\n\n<div id=\"objednavka\" style=\"text-align: center; margin: 20px auto; border: 2px solid grey; padding-top: 20px;\">\n<h3>Ich m\u00f6chte bestellen<\/h3>\n\n<div class=\"wpcf7 no-js\" id=\"wpcf7-f6268-o1\" lang=\"de-DE\" dir=\"ltr\">\n<div class=\"screen-reader-response\"><p role=\"status\" aria-live=\"polite\" aria-atomic=\"true\"><\/p> <ul><\/ul><\/div>\n<form action=\"\/de\/wp-json\/wp\/v2\/pages\/5986#wpcf7-f6268-o1\" method=\"post\" class=\"wpcf7-form init wpcf7-acceptance-as-validation\" aria-label=\"Kontaktformular\" novalidate=\"novalidate\" data-status=\"init\">\n<div style=\"display: none;\">\n<input type=\"hidden\" name=\"_wpcf7\" value=\"6268\" \/>\n<input type=\"hidden\" name=\"_wpcf7_version\" value=\"5.9.8\" \/>\n<input type=\"hidden\" name=\"_wpcf7_locale\" value=\"de_DE\" \/>\n<input type=\"hidden\" name=\"_wpcf7_unit_tag\" value=\"wpcf7-f6268-o1\" \/>\n<input type=\"hidden\" name=\"_wpcf7_container_post\" value=\"0\" \/>\n<input type=\"hidden\" name=\"_wpcf7_posted_data_hash\" value=\"\" \/>\n<input type=\"hidden\" name=\"_wpcf7_recaptcha_response\" value=\"\" \/>\n<\/div>\n<div class=\"big-form\">\n\t<div class=\"l-part\">\n\t\t<p><label><span class=\"p\">Ihr Name<\/span><span class=\"wpcf7-form-control-wrap\" data-name=\"Ihr-Name-Platzhalter\"><input size=\"40\" maxlength=\"400\" class=\"wpcf7-form-control wpcf7-text wpcf7-validates-as-required\" aria-required=\"true\" aria-invalid=\"false\" value=\"Ihr Name\" type=\"text\" name=\"Ihr-Name-Platzhalter\" \/><\/span><\/label>\n\t\t<\/p>\n\t\t<p><label><br \/>\n<span class=\"p\">Ihre E-Mail*<\/span><br \/>\n<span class=\"wpcf7-form-control-wrap\" data-name=\"ihre-email\"><input size=\"40\" maxlength=\"400\" class=\"wpcf7-form-control wpcf7-text wpcf7-validates-as-required\" aria-required=\"true\" aria-invalid=\"false\" value=\"Ihre E-Mail*\" type=\"text\" name=\"ihre-email\" \/><\/span><br \/>\n<\/label>\n\t\t<\/p>\n\t\t<p><label><br \/>\n<span class=\"p\">Telefon<\/span><br \/>\n<span class=\"wpcf7-form-control-wrap\" data-name=\"ihr-telefon\"><input size=\"40\" maxlength=\"400\" class=\"wpcf7-form-control wpcf7-tel wpcf7-validates-as-required wpcf7-text wpcf7-validates-as-tel\" aria-required=\"true\" aria-invalid=\"false\" value=\"Telefon\" type=\"tel\" name=\"ihr-telefon\" \/><\/span><br \/>\n<\/label>\n\t\t<\/p>\n\t<\/div>\n\t<div class=\"r-part\">\n\t\t<p><label><br \/>\n<span class=\"p\">Adressierung<\/span><br \/>\n<span class=\"wpcf7-form-control-wrap\" data-name=\"your-oslovenie\"><select class=\"wpcf7-form-control wpcf7-select\" aria-invalid=\"false\" name=\"your-oslovenie\"><option value=\"\">W\u00e4hlen Sie eine Adresse<\/option><option value=\"Frau\">Frau<\/option><option value=\"Frau\">Frau<\/option><option value=\"Herr\">Herr<\/option><\/select><\/span><br \/>\n<\/label>\n\t\t<\/p>\n\t\t<p><label><br \/>\n<span class=\"p\">Schreiben Sie hier, womit wir Ihnen helfen k\u00f6nnen<\/span><br \/>\n<span class=\"wpcf7-form-control-wrap\" data-name=\"your-message\"><textarea cols=\"40\" rows=\"10\" maxlength=\"2000\" class=\"wpcf7-form-control wpcf7-textarea\" aria-invalid=\"false\" placeholder=\"Schreiben Sie hier, womit wir Ihnen helfen k\u00f6nnen\" name=\"your-message\"><\/textarea><\/span><br \/>\n<\/label>\n\t\t<\/p>\n\t<\/div>\n\t<div class=\"bottom\">\n\t\t<div class=\"note\">\n\t\t\t<div class=\"akceptacia\">\n\t\t\t\t<p><span class=\"wpcf7-form-control-wrap\" data-name=\"acceptance-156\"><span class=\"wpcf7-form-control wpcf7-acceptance\"><span class=\"wpcf7-list-item\"><input type=\"checkbox\" name=\"acceptance-156\" value=\"1\" aria-invalid=\"false\" \/><\/span><\/span><\/span><span class=\"akceptujem\">* Ich habe <a href=\"https:\/\/esthetic.sk\/ochrana-osobnych-udajov\/\" target=\"_blank\">hier \u00fcber die Verarbeitung personenbezogener Daten<\/a> gelesen.<\/span>\n\t\t\t\t<\/p>\n\t\t\t<\/div>\n\t\t<\/div>\n\t\t<p><span id=\"wpcf7-69f1b9d1d04a2-wrapper\" class=\"wpcf7-form-control-wrap email-23-wrap\" style=\"display:none !important; visibility:hidden !important;\"><label for=\"wpcf7-69f1b9d1d04a2-field\" class=\"hp-message\">Bitte lasse dieses Feld leer.<\/label><input id=\"wpcf7-69f1b9d1d04a2-field\"  class=\"wpcf7-form-control wpcf7-text\" type=\"text\" name=\"email-23\" value=\"\" size=\"40\" tabindex=\"-1\" autocomplete=\"new-password\" \/><\/span><br \/>\n<input class=\"wpcf7-form-control wpcf7-submit has-spinner\" type=\"submit\" value=\"Senden an\" \/>\n\t\t<\/p>\n\t<\/div>\n<\/div><p style=\"display: none !important;\" class=\"akismet-fields-container\" data-prefix=\"_wpcf7_ak_\"><label>&#916;<textarea name=\"_wpcf7_ak_hp_textarea\" cols=\"45\" rows=\"8\" maxlength=\"100\"><\/textarea><\/label><input type=\"hidden\" id=\"ak_js_1\" name=\"_wpcf7_ak_js\" value=\"148\"\/><script>document.getElementById( \"ak_js_1\" ).setAttribute( \"value\", ( new Date() ).getTime() );<\/script><\/p><input type='hidden' class='wpcf7-pum' value='{\"closepopup\":false,\"closedelay\":0,\"openpopup\":false,\"openpopup_id\":0}' \/><div class=\"wpcf7-response-output\" aria-hidden=\"true\"><\/div>\n<\/form>\n<\/div>\n\n\n<\/div>","protected":false},"excerpt":{"rendered":"Die Beseitigung des Schwitzens (Hyperhidrose) mit Botulinumtoxin ist ein g\u00e4ngiges Verfahren in der Medizin. Botulinumtoxin (auch bekannt als Botox) ist eine Substanz, die vor\u00fcbergehend Nervensignale blockiert, die zu Muskelkontraktionen f\u00fchren. Wenn Botulinumtoxin auf eine Stelle aufgetragen wird, an der \u00fcberm\u00e4\u00dfiges Schwitzen auftritt, schw\u00e4cht es die Aktivit\u00e4t der Schwei\u00dfdr\u00fcsen und reduziert die Schwei\u00dfbildung an dieser Stelle.","protected":false},"author":1,"featured_media":5527,"parent":5881,"menu_order":3,"comment_status":"closed","ping_status":"closed","template":"","meta":{"inline_featured_image":false,"footnotes":""},"class_list":["post-5986","page","type-page","status-publish","has-post-thumbnail","hentry"],"yoast_head":"<!-- This site is optimized with the Yoast SEO plugin v23.7 - https:\/\/yoast.com\/wordpress\/plugins\/seo\/ -->\n<title>Schwitzen | Botulinumtoxin Schwitzen entfernen | Esthetic Bratislava<\/title>\n<meta name=\"description\" content=\"Schwitzen - die Beseitigung des Schwitzens mit Botulinumtoxin ist eine Behandlung, bei der BTX in die Handfl\u00e4chen und Achselh\u00f6hlen injiziert wird. Die Wirkung h\u00e4lt 3-12 Monate an. Beseitigt \u00fcberm\u00e4\u00dfiges Schwitzen.\" \/>\n<meta name=\"robots\" content=\"index, follow, max-snippet:-1, max-image-preview:large, max-video-preview:-1\" \/>\n<link rel=\"canonical\" href=\"https:\/\/esthetic.sk\/de\/aesthetische-dermatologie\/koerper\/schwitzen-botulinumtoxin-behandlung\/\" \/>\n<meta property=\"og:locale\" content=\"de_DE\" \/>\n<meta property=\"og:type\" content=\"article\" \/>\n<meta property=\"og:title\" content=\"Schwitzen | Botulinumtoxin Schwitzen entfernen | Esthetic Bratislava\" \/>\n<meta property=\"og:description\" content=\"Schwitzen - die Beseitigung des Schwitzens mit Botulinumtoxin ist eine Behandlung, bei der BTX in die Handfl\u00e4chen und Achselh\u00f6hlen injiziert wird. Die Wirkung h\u00e4lt 3-12 Monate an. Beseitigt \u00fcberm\u00e4\u00dfiges Schwitzen.\" \/>\n<meta property=\"og:url\" content=\"https:\/\/esthetic.sk\/de\/aesthetische-dermatologie\/koerper\/schwitzen-botulinumtoxin-behandlung\/\" \/>\n<meta property=\"og:site_name\" content=\"Esthetic Bratislava\" \/>\n<meta property=\"article:publisher\" content=\"https:\/\/www.facebook.com\/Klinikaesthetic\" \/>\n<meta property=\"article:modified_time\" content=\"2025-03-21T06:10:36+00:00\" \/>\n<meta property=\"og:image\" content=\"https:\/\/esthetic.sk\/wp-content\/uploads\/2019\/02\/big12.jpg\" \/>\n\t<meta property=\"og:image:width\" content=\"1920\" \/>\n\t<meta property=\"og:image:height\" content=\"1080\" \/>\n\t<meta property=\"og:image:type\" content=\"image\/jpeg\" \/>\n<meta name=\"twitter:card\" content=\"summary_large_image\" \/>\n<meta name=\"twitter:label1\" content=\"Gesch\u00e4tzte Lesezeit\" \/>\n\t<meta name=\"twitter:data1\" content=\"2\u00a0Minuten\" \/>\n<script type=\"application\/ld+json\" class=\"yoast-schema-graph\">{\"@context\":\"https:\/\/schema.org\",\"@graph\":[{\"@type\":\"WebPage\",\"@id\":\"https:\/\/esthetic.sk\/de\/aesthetische-dermatologie\/koerper\/schwitzen-botulinumtoxin-behandlung\/\",\"url\":\"https:\/\/esthetic.sk\/de\/aesthetische-dermatologie\/koerper\/schwitzen-botulinumtoxin-behandlung\/\",\"name\":\"Schwitzen | Botulinumtoxin Schwitzen entfernen | Esthetic Bratislava\",\"isPartOf\":{\"@id\":\"https:\/\/esthetic.sk\/#website\"},\"primaryImageOfPage\":{\"@id\":\"https:\/\/esthetic.sk\/de\/aesthetische-dermatologie\/koerper\/schwitzen-botulinumtoxin-behandlung\/#primaryimage\"},\"image\":{\"@id\":\"https:\/\/esthetic.sk\/de\/aesthetische-dermatologie\/koerper\/schwitzen-botulinumtoxin-behandlung\/#primaryimage\"},\"thumbnailUrl\":\"https:\/\/esthetic.sk\/wp-content\/uploads\/2019\/02\/big12.jpg\",\"datePublished\":\"2024-04-16T18:28:51+00:00\",\"dateModified\":\"2025-03-21T06:10:36+00:00\",\"description\":\"Schwitzen - die Beseitigung des Schwitzens mit Botulinumtoxin ist eine Behandlung, bei der BTX in die Handfl\u00e4chen und Achselh\u00f6hlen injiziert wird. Die Wirkung h\u00e4lt 3-12 Monate an. Beseitigt \u00fcberm\u00e4\u00dfiges Schwitzen.\",\"breadcrumb\":{\"@id\":\"https:\/\/esthetic.sk\/de\/aesthetische-dermatologie\/koerper\/schwitzen-botulinumtoxin-behandlung\/#breadcrumb\"},\"inLanguage\":\"de\",\"potentialAction\":[{\"@type\":\"ReadAction\",\"target\":[\"https:\/\/esthetic.sk\/de\/aesthetische-dermatologie\/koerper\/schwitzen-botulinumtoxin-behandlung\/\"]}]},{\"@type\":\"ImageObject\",\"inLanguage\":\"de\",\"@id\":\"https:\/\/esthetic.sk\/de\/aesthetische-dermatologie\/koerper\/schwitzen-botulinumtoxin-behandlung\/#primaryimage\",\"url\":\"https:\/\/esthetic.sk\/wp-content\/uploads\/2019\/02\/big12.jpg\",\"contentUrl\":\"https:\/\/esthetic.sk\/wp-content\/uploads\/2019\/02\/big12.jpg\",\"width\":1920,\"height\":1080},{\"@type\":\"BreadcrumbList\",\"@id\":\"https:\/\/esthetic.sk\/de\/aesthetische-dermatologie\/koerper\/schwitzen-botulinumtoxin-behandlung\/#breadcrumb\",\"itemListElement\":[{\"@type\":\"ListItem\",\"position\":1,\"name\":\"Home\",\"item\":\"https:\/\/esthetic.sk\/\"},{\"@type\":\"ListItem\",\"position\":2,\"name\":\"\u00c4sthetische Dermatologie\",\"item\":\"https:\/\/esthetic.sk\/de\/aesthetische-dermatologie\/\"},{\"@type\":\"ListItem\",\"position\":3,\"name\":\"K\u00f6rper\",\"item\":\"https:\/\/esthetic.sk\/aesthetische-dermatologie\/koerper\/\"},{\"@type\":\"ListItem\",\"position\":4,\"name\":\"Schwitzen | Botulinumtoxin-Behandlung\"}]},{\"@type\":\"WebSite\",\"@id\":\"https:\/\/esthetic.sk\/#website\",\"url\":\"https:\/\/esthetic.sk\/\",\"name\":\"Esthetic Bratislava\",\"description\":\"R\u00fdchla cesta k dokonal\u00e9mu vz\u013eadu\",\"publisher\":{\"@id\":\"https:\/\/esthetic.sk\/#organization\"},\"potentialAction\":[{\"@type\":\"SearchAction\",\"target\":{\"@type\":\"EntryPoint\",\"urlTemplate\":\"https:\/\/esthetic.sk\/?s={search_term_string}\"},\"query-input\":{\"@type\":\"PropertyValueSpecification\",\"valueRequired\":true,\"valueName\":\"search_term_string\"}}],\"inLanguage\":\"de\"},{\"@type\":\"Organization\",\"@id\":\"https:\/\/esthetic.sk\/#organization\",\"name\":\"Esthetic .s.r.o.\",\"url\":\"https:\/\/esthetic.sk\/\",\"logo\":{\"@type\":\"ImageObject\",\"inLanguage\":\"de\",\"@id\":\"https:\/\/esthetic.sk\/#\/schema\/logo\/image\/\",\"url\":\"https:\/\/esthetic.sk\/wp-content\/uploads\/2019\/02\/logo-1.svg\",\"contentUrl\":\"https:\/\/esthetic.sk\/wp-content\/uploads\/2019\/02\/logo-1.svg\",\"width\":1,\"height\":1,\"caption\":\"Esthetic .s.r.o.\"},\"image\":{\"@id\":\"https:\/\/esthetic.sk\/#\/schema\/logo\/image\/\"},\"sameAs\":[\"https:\/\/www.facebook.com\/Klinikaesthetic\",\"https:\/\/www.instagram.com\/klinikaesthetic\/\",\"https:\/\/www.youtube.com\/channel\/UC8AgtXNjHpne8qWdj9szu1A\"]}]}<\/script>\n<!-- \/ Yoast SEO plugin. -->","yoast_head_json":{"title":"Schwitzen | Botulinumtoxin Schwitzen entfernen | Esthetic Bratislava","description":"Schwitzen - die Beseitigung des Schwitzens mit Botulinumtoxin ist eine Behandlung, bei der BTX in die Handfl\u00e4chen und Achselh\u00f6hlen injiziert wird. Die Wirkung h\u00e4lt 3-12 Monate an. Beseitigt \u00fcberm\u00e4\u00dfiges Schwitzen.","robots":{"index":"index","follow":"follow","max-snippet":"max-snippet:-1","max-image-preview":"max-image-preview:large","max-video-preview":"max-video-preview:-1"},"canonical":"https:\/\/esthetic.sk\/de\/aesthetische-dermatologie\/koerper\/schwitzen-botulinumtoxin-behandlung\/","og_locale":"de_DE","og_type":"article","og_title":"Schwitzen | Botulinumtoxin Schwitzen entfernen | Esthetic Bratislava","og_description":"Schwitzen - die Beseitigung des Schwitzens mit Botulinumtoxin ist eine Behandlung, bei der BTX in die Handfl\u00e4chen und Achselh\u00f6hlen injiziert wird. Die Wirkung h\u00e4lt 3-12 Monate an. Beseitigt \u00fcberm\u00e4\u00dfiges Schwitzen.","og_url":"https:\/\/esthetic.sk\/de\/aesthetische-dermatologie\/koerper\/schwitzen-botulinumtoxin-behandlung\/","og_site_name":"Esthetic Bratislava","article_publisher":"https:\/\/www.facebook.com\/Klinikaesthetic","article_modified_time":"2025-03-21T06:10:36+00:00","og_image":[{"width":1920,"height":1080,"url":"https:\/\/esthetic.sk\/wp-content\/uploads\/2019\/02\/big12.jpg","type":"image\/jpeg"}],"twitter_card":"summary_large_image","twitter_misc":{"Gesch\u00e4tzte Lesezeit":"2\u00a0Minuten"},"schema":{"@context":"https:\/\/schema.org","@graph":[{"@type":"WebPage","@id":"https:\/\/esthetic.sk\/de\/aesthetische-dermatologie\/koerper\/schwitzen-botulinumtoxin-behandlung\/","url":"https:\/\/esthetic.sk\/de\/aesthetische-dermatologie\/koerper\/schwitzen-botulinumtoxin-behandlung\/","name":"Schwitzen | Botulinumtoxin Schwitzen entfernen | Esthetic Bratislava","isPartOf":{"@id":"https:\/\/esthetic.sk\/#website"},"primaryImageOfPage":{"@id":"https:\/\/esthetic.sk\/de\/aesthetische-dermatologie\/koerper\/schwitzen-botulinumtoxin-behandlung\/#primaryimage"},"image":{"@id":"https:\/\/esthetic.sk\/de\/aesthetische-dermatologie\/koerper\/schwitzen-botulinumtoxin-behandlung\/#primaryimage"},"thumbnailUrl":"https:\/\/esthetic.sk\/wp-content\/uploads\/2019\/02\/big12.jpg","datePublished":"2024-04-16T18:28:51+00:00","dateModified":"2025-03-21T06:10:36+00:00","description":"Schwitzen - die Beseitigung des Schwitzens mit Botulinumtoxin ist eine Behandlung, bei der BTX in die Handfl\u00e4chen und Achselh\u00f6hlen injiziert wird. Die Wirkung h\u00e4lt 3-12 Monate an. Beseitigt \u00fcberm\u00e4\u00dfiges Schwitzen.","breadcrumb":{"@id":"https:\/\/esthetic.sk\/de\/aesthetische-dermatologie\/koerper\/schwitzen-botulinumtoxin-behandlung\/#breadcrumb"},"inLanguage":"de","potentialAction":[{"@type":"ReadAction","target":["https:\/\/esthetic.sk\/de\/aesthetische-dermatologie\/koerper\/schwitzen-botulinumtoxin-behandlung\/"]}]},{"@type":"ImageObject","inLanguage":"de","@id":"https:\/\/esthetic.sk\/de\/aesthetische-dermatologie\/koerper\/schwitzen-botulinumtoxin-behandlung\/#primaryimage","url":"https:\/\/esthetic.sk\/wp-content\/uploads\/2019\/02\/big12.jpg","contentUrl":"https:\/\/esthetic.sk\/wp-content\/uploads\/2019\/02\/big12.jpg","width":1920,"height":1080},{"@type":"BreadcrumbList","@id":"https:\/\/esthetic.sk\/de\/aesthetische-dermatologie\/koerper\/schwitzen-botulinumtoxin-behandlung\/#breadcrumb","itemListElement":[{"@type":"ListItem","position":1,"name":"Home","item":"https:\/\/esthetic.sk\/"},{"@type":"ListItem","position":2,"name":"\u00c4sthetische Dermatologie","item":"https:\/\/esthetic.sk\/de\/aesthetische-dermatologie\/"},{"@type":"ListItem","position":3,"name":"K\u00f6rper","item":"https:\/\/esthetic.sk\/aesthetische-dermatologie\/koerper\/"},{"@type":"ListItem","position":4,"name":"Schwitzen | Botulinumtoxin-Behandlung"}]},{"@type":"WebSite","@id":"https:\/\/esthetic.sk\/#website","url":"https:\/\/esthetic.sk\/","name":"Esthetic Bratislava","description":"R\u00fdchla cesta k dokonal\u00e9mu vz\u013eadu","publisher":{"@id":"https:\/\/esthetic.sk\/#organization"},"potentialAction":[{"@type":"SearchAction","target":{"@type":"EntryPoint","urlTemplate":"https:\/\/esthetic.sk\/?s={search_term_string}"},"query-input":{"@type":"PropertyValueSpecification","valueRequired":true,"valueName":"search_term_string"}}],"inLanguage":"de"},{"@type":"Organization","@id":"https:\/\/esthetic.sk\/#organization","name":"Esthetic .s.r.o.","url":"https:\/\/esthetic.sk\/","logo":{"@type":"ImageObject","inLanguage":"de","@id":"https:\/\/esthetic.sk\/#\/schema\/logo\/image\/","url":"https:\/\/esthetic.sk\/wp-content\/uploads\/2019\/02\/logo-1.svg","contentUrl":"https:\/\/esthetic.sk\/wp-content\/uploads\/2019\/02\/logo-1.svg","width":1,"height":1,"caption":"Esthetic .s.r.o."},"image":{"@id":"https:\/\/esthetic.sk\/#\/schema\/logo\/image\/"},"sameAs":["https:\/\/www.facebook.com\/Klinikaesthetic","https:\/\/www.instagram.com\/klinikaesthetic\/","https:\/\/www.youtube.com\/channel\/UC8AgtXNjHpne8qWdj9szu1A"]}]}},"_links":{"self":[{"href":"https:\/\/esthetic.sk\/de\/wp-json\/wp\/v2\/pages\/5986"}],"collection":[{"href":"https:\/\/esthetic.sk\/de\/wp-json\/wp\/v2\/pages"}],"about":[{"href":"https:\/\/esthetic.sk\/de\/wp-json\/wp\/v2\/types\/page"}],"author":[{"embeddable":true,"href":"https:\/\/esthetic.sk\/de\/wp-json\/wp\/v2\/users\/1"}],"replies":[{"embeddable":true,"href":"https:\/\/esthetic.sk\/de\/wp-json\/wp\/v2\/comments?post=5986"}],"version-history":[{"count":1,"href":"https:\/\/esthetic.sk\/de\/wp-json\/wp\/v2\/pages\/5986\/revisions"}],"predecessor-version":[{"id":8019,"href":"https:\/\/esthetic.sk\/de\/wp-json\/wp\/v2\/pages\/5986\/revisions\/8019"}],"up":[{"embeddable":true,"href":"https:\/\/esthetic.sk\/de\/wp-json\/wp\/v2\/pages\/5881"}],"wp:featuredmedia":[{"embeddable":true,"href":"https:\/\/esthetic.sk\/de\/wp-json\/wp\/v2\/media\/5527"}],"wp:attachment":[{"href":"https:\/\/esthetic.sk\/de\/wp-json\/wp\/v2\/media?parent=5986"}],"curies":[{"name":"wp","href":"https:\/\/api.w.org\/{rel}","templated":true}]}}