{"id":5984,"date":"2024-04-16T20:28:50","date_gmt":"2024-04-16T18:28:50","guid":{"rendered":"https:\/\/esthetic.sk\/lasermedizin\/laser-liposuktion-smartlipo\/"},"modified":"2024-04-16T20:28:50","modified_gmt":"2024-04-16T18:28:50","slug":"laser-liposuktion-smartlipo","status":"publish","type":"page","link":"https:\/\/esthetic.sk\/de\/lasermedizin\/laser-liposuktion-smartlipo\/","title":{"rendered":"Laser-Liposuktion | SMARTLIPO"},"content":{"rendered":"<h2>Grundlegende Merkmale<\/h2>\n<ul>\n \t<li>Entfernung von \u00fcbersch\u00fcssigem subkutanem Fett<\/li>\n \t<li>Abschaltung der Haut<\/li>\n \t<li>Cellulite-Reduktion<\/li>\n \t<li>Stimulation von subkutanem Kollagen<\/li>\n<\/ul>\n<h2>Anwendung<\/h2>\nDie am wenigsten invasive Technik der Fettabsaugung, mit der \u00fcbersch\u00fcssiges subkutanes Fett in allen Bereichen entfernt werden kann. Dies geschieht durch die Umwandlung der Energie des Laserstrahls in W\u00e4rmeenergie, die die Fettzellen aufl\u00f6st.\n<h2>Der Ablauf einer Laser-Liposuktion und ihre Dauer<\/h2>\nDer Eingriff dauert je nach Gr\u00f6\u00dfe des behandelten Bereichs etwa 60 Minuten. Der Effekt ist sofort nach dem Eingriff sichtbar und dauerhaft &#8211; wenn das empfohlene Gewicht gehalten wird.\n<h2>Risiken<\/h2>\n<ul>\n \t<li>H\u00e4matom<\/li>\n \t<li>Leichter Schmerz an der Stelle des Eingriffs<\/li>\n<\/ul>\n<h2>Nach dem Eingriff<\/h2>\n<ul>\n \t<li>h\u00e4usliche Ruhe 1-2 Tage<\/li>\n \t<li>elastische Unterw\u00e4sche, wie von Ihrem Arzt empfohlen<\/li>\n<\/ul>","protected":false},"excerpt":{"rendered":"Grundlegende Merkmale Entfernung von \u00fcbersch\u00fcssigem subkutanem Fett Abschaltung der Haut Cellulite-Reduktion Stimulation von subkutanem Kollagen Anwendung Die am wenigsten invasive Technik der Fettabsaugung, mit der \u00fcbersch\u00fcssiges subkutanes Fett in allen Bereichen entfernt werden kann. Dies geschieht durch die Umwandlung der Energie des Laserstrahls in W\u00e4rmeenergie, die die Fettzellen aufl\u00f6st. Der Ablauf einer Laser-Liposuktion und ihre","protected":false},"author":1,"featured_media":5527,"parent":5463,"menu_order":1,"comment_status":"closed","ping_status":"closed","template":"","meta":{"inline_featured_image":false,"footnotes":""},"class_list":["post-5984","page","type-page","status-publish","has-post-thumbnail","hentry"],"yoast_head":"<!-- This site is optimized with the Yoast SEO plugin v23.7 - https:\/\/yoast.com\/wordpress\/plugins\/seo\/ -->\n<title>Laser-Liposuktion | SMARTLIPO | Esthetic Bratislava<\/title>\n<meta name=\"description\" content=\"Laser-Liposuktion - SMARTLIPO ist die am wenigsten invasive Fettabsaugungstechnik, die \u00fcbersch\u00fcssiges subkutanes Fett in allen Bereichen entfernen kann.\" \/>\n<meta name=\"robots\" content=\"index, follow, max-snippet:-1, max-image-preview:large, max-video-preview:-1\" \/>\n<link rel=\"canonical\" href=\"https:\/\/esthetic.sk\/de\/lasermedizin\/laser-liposuktion-smartlipo\/\" \/>\n<meta property=\"og:locale\" content=\"de_DE\" \/>\n<meta property=\"og:type\" content=\"article\" \/>\n<meta property=\"og:title\" content=\"Laser-Liposuktion | SMARTLIPO | Esthetic Bratislava\" \/>\n<meta property=\"og:description\" content=\"Laser-Liposuktion - SMARTLIPO ist die am wenigsten invasive Fettabsaugungstechnik, die \u00fcbersch\u00fcssiges subkutanes Fett in allen Bereichen entfernen kann.\" \/>\n<meta property=\"og:url\" content=\"https:\/\/esthetic.sk\/de\/lasermedizin\/laser-liposuktion-smartlipo\/\" \/>\n<meta property=\"og:site_name\" content=\"Esthetic Bratislava\" \/>\n<meta property=\"article:publisher\" content=\"https:\/\/www.facebook.com\/Klinikaesthetic\" \/>\n<meta property=\"og:image\" content=\"https:\/\/esthetic.sk\/wp-content\/uploads\/2019\/02\/big12.jpg\" \/>\n\t<meta property=\"og:image:width\" content=\"1920\" \/>\n\t<meta property=\"og:image:height\" content=\"1080\" \/>\n\t<meta property=\"og:image:type\" content=\"image\/jpeg\" \/>\n<meta name=\"twitter:card\" content=\"summary_large_image\" \/>\n<meta name=\"twitter:label1\" content=\"Gesch\u00e4tzte Lesezeit\" \/>\n\t<meta name=\"twitter:data1\" content=\"1\u00a0Minute\" \/>\n<script type=\"application\/ld+json\" class=\"yoast-schema-graph\">{\"@context\":\"https:\/\/schema.org\",\"@graph\":[{\"@type\":\"WebPage\",\"@id\":\"https:\/\/esthetic.sk\/de\/lasermedizin\/laser-liposuktion-smartlipo\/\",\"url\":\"https:\/\/esthetic.sk\/de\/lasermedizin\/laser-liposuktion-smartlipo\/\",\"name\":\"Laser-Liposuktion | SMARTLIPO | Esthetic Bratislava\",\"isPartOf\":{\"@id\":\"https:\/\/esthetic.sk\/#website\"},\"primaryImageOfPage\":{\"@id\":\"https:\/\/esthetic.sk\/de\/lasermedizin\/laser-liposuktion-smartlipo\/#primaryimage\"},\"image\":{\"@id\":\"https:\/\/esthetic.sk\/de\/lasermedizin\/laser-liposuktion-smartlipo\/#primaryimage\"},\"thumbnailUrl\":\"https:\/\/esthetic.sk\/wp-content\/uploads\/2019\/02\/big12.jpg\",\"datePublished\":\"2024-04-16T18:28:50+00:00\",\"dateModified\":\"2024-04-16T18:28:50+00:00\",\"description\":\"Laser-Liposuktion - SMARTLIPO ist die am wenigsten invasive Fettabsaugungstechnik, die \u00fcbersch\u00fcssiges subkutanes Fett in allen Bereichen entfernen kann.\",\"breadcrumb\":{\"@id\":\"https:\/\/esthetic.sk\/de\/lasermedizin\/laser-liposuktion-smartlipo\/#breadcrumb\"},\"inLanguage\":\"de\",\"potentialAction\":[{\"@type\":\"ReadAction\",\"target\":[\"https:\/\/esthetic.sk\/de\/lasermedizin\/laser-liposuktion-smartlipo\/\"]}]},{\"@type\":\"ImageObject\",\"inLanguage\":\"de\",\"@id\":\"https:\/\/esthetic.sk\/de\/lasermedizin\/laser-liposuktion-smartlipo\/#primaryimage\",\"url\":\"https:\/\/esthetic.sk\/wp-content\/uploads\/2019\/02\/big12.jpg\",\"contentUrl\":\"https:\/\/esthetic.sk\/wp-content\/uploads\/2019\/02\/big12.jpg\",\"width\":1920,\"height\":1080},{\"@type\":\"BreadcrumbList\",\"@id\":\"https:\/\/esthetic.sk\/de\/lasermedizin\/laser-liposuktion-smartlipo\/#breadcrumb\",\"itemListElement\":[{\"@type\":\"ListItem\",\"position\":1,\"name\":\"Home\",\"item\":\"https:\/\/esthetic.sk\/\"},{\"@type\":\"ListItem\",\"position\":2,\"name\":\"Lasermedizin\",\"item\":\"https:\/\/esthetic.sk\/lasermedizin\/\"},{\"@type\":\"ListItem\",\"position\":3,\"name\":\"Laser-Liposuktion | SMARTLIPO\"}]},{\"@type\":\"WebSite\",\"@id\":\"https:\/\/esthetic.sk\/#website\",\"url\":\"https:\/\/esthetic.sk\/\",\"name\":\"Esthetic Bratislava\",\"description\":\"R\u00fdchla cesta k dokonal\u00e9mu vz\u013eadu\",\"publisher\":{\"@id\":\"https:\/\/esthetic.sk\/#organization\"},\"potentialAction\":[{\"@type\":\"SearchAction\",\"target\":{\"@type\":\"EntryPoint\",\"urlTemplate\":\"https:\/\/esthetic.sk\/?s={search_term_string}\"},\"query-input\":{\"@type\":\"PropertyValueSpecification\",\"valueRequired\":true,\"valueName\":\"search_term_string\"}}],\"inLanguage\":\"de\"},{\"@type\":\"Organization\",\"@id\":\"https:\/\/esthetic.sk\/#organization\",\"name\":\"Esthetic .s.r.o.\",\"url\":\"https:\/\/esthetic.sk\/\",\"logo\":{\"@type\":\"ImageObject\",\"inLanguage\":\"de\",\"@id\":\"https:\/\/esthetic.sk\/#\/schema\/logo\/image\/\",\"url\":\"https:\/\/esthetic.sk\/wp-content\/uploads\/2019\/02\/logo-1.svg\",\"contentUrl\":\"https:\/\/esthetic.sk\/wp-content\/uploads\/2019\/02\/logo-1.svg\",\"width\":1,\"height\":1,\"caption\":\"Esthetic .s.r.o.\"},\"image\":{\"@id\":\"https:\/\/esthetic.sk\/#\/schema\/logo\/image\/\"},\"sameAs\":[\"https:\/\/www.facebook.com\/Klinikaesthetic\",\"https:\/\/www.instagram.com\/klinikaesthetic\/\",\"https:\/\/www.youtube.com\/channel\/UC8AgtXNjHpne8qWdj9szu1A\"]}]}<\/script>\n<!-- \/ Yoast SEO plugin. -->","yoast_head_json":{"title":"Laser-Liposuktion | SMARTLIPO | Esthetic Bratislava","description":"Laser-Liposuktion - SMARTLIPO ist die am wenigsten invasive Fettabsaugungstechnik, die \u00fcbersch\u00fcssiges subkutanes Fett in allen Bereichen entfernen kann.","robots":{"index":"index","follow":"follow","max-snippet":"max-snippet:-1","max-image-preview":"max-image-preview:large","max-video-preview":"max-video-preview:-1"},"canonical":"https:\/\/esthetic.sk\/de\/lasermedizin\/laser-liposuktion-smartlipo\/","og_locale":"de_DE","og_type":"article","og_title":"Laser-Liposuktion | SMARTLIPO | Esthetic Bratislava","og_description":"Laser-Liposuktion - SMARTLIPO ist die am wenigsten invasive Fettabsaugungstechnik, die \u00fcbersch\u00fcssiges subkutanes Fett in allen Bereichen entfernen kann.","og_url":"https:\/\/esthetic.sk\/de\/lasermedizin\/laser-liposuktion-smartlipo\/","og_site_name":"Esthetic Bratislava","article_publisher":"https:\/\/www.facebook.com\/Klinikaesthetic","og_image":[{"width":1920,"height":1080,"url":"https:\/\/esthetic.sk\/wp-content\/uploads\/2019\/02\/big12.jpg","type":"image\/jpeg"}],"twitter_card":"summary_large_image","twitter_misc":{"Gesch\u00e4tzte Lesezeit":"1\u00a0Minute"},"schema":{"@context":"https:\/\/schema.org","@graph":[{"@type":"WebPage","@id":"https:\/\/esthetic.sk\/de\/lasermedizin\/laser-liposuktion-smartlipo\/","url":"https:\/\/esthetic.sk\/de\/lasermedizin\/laser-liposuktion-smartlipo\/","name":"Laser-Liposuktion | SMARTLIPO | Esthetic Bratislava","isPartOf":{"@id":"https:\/\/esthetic.sk\/#website"},"primaryImageOfPage":{"@id":"https:\/\/esthetic.sk\/de\/lasermedizin\/laser-liposuktion-smartlipo\/#primaryimage"},"image":{"@id":"https:\/\/esthetic.sk\/de\/lasermedizin\/laser-liposuktion-smartlipo\/#primaryimage"},"thumbnailUrl":"https:\/\/esthetic.sk\/wp-content\/uploads\/2019\/02\/big12.jpg","datePublished":"2024-04-16T18:28:50+00:00","dateModified":"2024-04-16T18:28:50+00:00","description":"Laser-Liposuktion - SMARTLIPO ist die am wenigsten invasive Fettabsaugungstechnik, die \u00fcbersch\u00fcssiges subkutanes Fett in allen Bereichen entfernen kann.","breadcrumb":{"@id":"https:\/\/esthetic.sk\/de\/lasermedizin\/laser-liposuktion-smartlipo\/#breadcrumb"},"inLanguage":"de","potentialAction":[{"@type":"ReadAction","target":["https:\/\/esthetic.sk\/de\/lasermedizin\/laser-liposuktion-smartlipo\/"]}]},{"@type":"ImageObject","inLanguage":"de","@id":"https:\/\/esthetic.sk\/de\/lasermedizin\/laser-liposuktion-smartlipo\/#primaryimage","url":"https:\/\/esthetic.sk\/wp-content\/uploads\/2019\/02\/big12.jpg","contentUrl":"https:\/\/esthetic.sk\/wp-content\/uploads\/2019\/02\/big12.jpg","width":1920,"height":1080},{"@type":"BreadcrumbList","@id":"https:\/\/esthetic.sk\/de\/lasermedizin\/laser-liposuktion-smartlipo\/#breadcrumb","itemListElement":[{"@type":"ListItem","position":1,"name":"Home","item":"https:\/\/esthetic.sk\/"},{"@type":"ListItem","position":2,"name":"Lasermedizin","item":"https:\/\/esthetic.sk\/lasermedizin\/"},{"@type":"ListItem","position":3,"name":"Laser-Liposuktion | SMARTLIPO"}]},{"@type":"WebSite","@id":"https:\/\/esthetic.sk\/#website","url":"https:\/\/esthetic.sk\/","name":"Esthetic Bratislava","description":"R\u00fdchla cesta k dokonal\u00e9mu vz\u013eadu","publisher":{"@id":"https:\/\/esthetic.sk\/#organization"},"potentialAction":[{"@type":"SearchAction","target":{"@type":"EntryPoint","urlTemplate":"https:\/\/esthetic.sk\/?s={search_term_string}"},"query-input":{"@type":"PropertyValueSpecification","valueRequired":true,"valueName":"search_term_string"}}],"inLanguage":"de"},{"@type":"Organization","@id":"https:\/\/esthetic.sk\/#organization","name":"Esthetic .s.r.o.","url":"https:\/\/esthetic.sk\/","logo":{"@type":"ImageObject","inLanguage":"de","@id":"https:\/\/esthetic.sk\/#\/schema\/logo\/image\/","url":"https:\/\/esthetic.sk\/wp-content\/uploads\/2019\/02\/logo-1.svg","contentUrl":"https:\/\/esthetic.sk\/wp-content\/uploads\/2019\/02\/logo-1.svg","width":1,"height":1,"caption":"Esthetic .s.r.o."},"image":{"@id":"https:\/\/esthetic.sk\/#\/schema\/logo\/image\/"},"sameAs":["https:\/\/www.facebook.com\/Klinikaesthetic","https:\/\/www.instagram.com\/klinikaesthetic\/","https:\/\/www.youtube.com\/channel\/UC8AgtXNjHpne8qWdj9szu1A"]}]}},"_links":{"self":[{"href":"https:\/\/esthetic.sk\/de\/wp-json\/wp\/v2\/pages\/5984"}],"collection":[{"href":"https:\/\/esthetic.sk\/de\/wp-json\/wp\/v2\/pages"}],"about":[{"href":"https:\/\/esthetic.sk\/de\/wp-json\/wp\/v2\/types\/page"}],"author":[{"embeddable":true,"href":"https:\/\/esthetic.sk\/de\/wp-json\/wp\/v2\/users\/1"}],"replies":[{"embeddable":true,"href":"https:\/\/esthetic.sk\/de\/wp-json\/wp\/v2\/comments?post=5984"}],"version-history":[{"count":0,"href":"https:\/\/esthetic.sk\/de\/wp-json\/wp\/v2\/pages\/5984\/revisions"}],"up":[{"embeddable":true,"href":"https:\/\/esthetic.sk\/de\/wp-json\/wp\/v2\/pages\/5463"}],"wp:featuredmedia":[{"embeddable":true,"href":"https:\/\/esthetic.sk\/de\/wp-json\/wp\/v2\/media\/5527"}],"wp:attachment":[{"href":"https:\/\/esthetic.sk\/de\/wp-json\/wp\/v2\/media?parent=5984"}],"curies":[{"name":"wp","href":"https:\/\/api.w.org\/{rel}","templated":true}]}}