{"id":5980,"date":"2024-04-16T20:28:47","date_gmt":"2024-04-16T18:28:47","guid":{"rendered":"https:\/\/esthetic.sk\/cellulite-thermalipo\/"},"modified":"2024-04-16T20:28:47","modified_gmt":"2024-04-16T18:28:47","slug":"cellulite-thermalipo","status":"publish","type":"page","link":"https:\/\/esthetic.sk\/de\/cellulite-thermalipo\/","title":{"rendered":"Cellulite ThermaLipo"},"content":{"rendered":"<strong>ThermaLipo<\/strong>\n<br>\n<br>\nEine Cellulite-Behandlung sollte immer auf eine umfassende Weise angegangen werden. Zus\u00e4tzlich zur topischen Behandlung mit dem Ger\u00e4t erfordert die Behandlung eine Reduzierung der Kalorienzufuhr durch mindestens 30 Minuten t\u00e4gliches Gehen und den Verzicht auf Giftstoffe wie Alkohol und Zigaretten. Bei der Behandlung k\u00f6nnen wir die instrumentelle Behandlung mit der Injektion von Wirkstoffen kombinieren.\n<br>\n<br>\nThermaLipo\u2122 und ThermaClinic\u2122 liefern eine hohe Energie, die die Temperatur in der Hypodermis und Dermis schmerzfrei erh\u00f6ht, ohne dass die Epidermis gek\u00fchlt werden muss. Der bipolare Applikator sch\u00fctzt vor Energieverlusten und sorgt daf\u00fcr, dass die Energie auf den behandelten Bereich konzentriert bleibt.\n<br>\n<br>\n<strong>Anwendung<\/strong>\n<br>\n<br>\n<em>Wirkung auf Cellulite  <\/em>\n<br>\nLokale Temperaturerh\u00f6hung &#8211; Hyperthermie bewirkt eine Abnahme der Viskosit\u00e4t der interstitiellen Fl\u00fcssigkeit und verbessert den Ionenaustausch. Es kommt zu einer Verbesserung der Blutzirkulation durch die \u00d6ffnung der Kapillaren und die Absorption von interzellul\u00e4rer Fl\u00fcssigkeit, einem der Hauptfaktoren f\u00fcr die Entstehung von Cellulite.\n<br>\n<br>\n<strong>Wirkung auf die Hauterschlaffung<\/strong>\n<br>\n<br>\n<ul>\n\t<li>entz\u00fcndliche Reaktion<\/li>\n\n \t<li>R\u00fcckzug der Fibroblasten<\/li>\n\n \t<li>Bildung von neuem Kollagen, Kontraktion von losem Gewebe Noe<\/li>\n\n \t<li>Kollagenese<\/li>\n\n<\/ul>\n\n\n<br>\n<br>\n<strong>Wirkung auf oberfl\u00e4chliche Falten  <\/strong>\n<br>\n<br>\n <ul>\n\t<li>entz\u00fcndliche Reaktion<\/li>\n\n \t<li>R\u00fcckzug der Fibroblasten<\/li>\n\n \t<li>Bindegewebsablagerungen<\/li>\n\n\t<li>  Neokollagenese<\/li>\n\n \t<li>Reduzierung von Falten<\/li>\n\n<\/ul>\n\n\n<br>\n<br>\n<strong>Der Effekt zur Verbesserung der Hautqualit\u00e4t<\/strong>\n<br>\n<br>\n<ul>\n\t<li>Vasodilatation und Hyper\u00e4mie<\/li>\n\n \t<li>Verringerung der Viskosit\u00e4t und Entw\u00e4sserung der interzellul\u00e4ren Masse<\/li>\n\n\t<li>  Retraktion des urspr\u00fcnglichen Kollagens<\/li>\n\n<\/ul>\n\n\n<br>\n<br>\n<strong>Wirkung auf angesammeltes Fett<\/strong>\n<br>\n<br>\n <ul>\n\t<li>Ausd\u00fcnnung der faserigen Hitze<\/li>\n\n \t<li>Gef\u00e4\u00dferweiterung, Hyper\u00e4mie, Drainage<\/li>\n\n\t<li>  Abbau von Fettzellen<\/li>\n\n\t<li>  Reduzierung der Anzahl der Fettzellen<\/li>\n\n\t<li>  Lymphdrainage<\/li>\n\n\t<li>  Triglyceridfreisetzung<\/li>\n\n \t<li>Volumenreduzierung<\/li>\n\n<\/ul>","protected":false},"excerpt":{"rendered":"ThermaLipo Eine Cellulite-Behandlung sollte immer auf eine umfassende Weise angegangen werden. Zus\u00e4tzlich zur topischen Behandlung mit dem Ger\u00e4t erfordert die Behandlung eine Reduzierung der Kalorienzufuhr durch mindestens 30 Minuten t\u00e4gliches Gehen und den Verzicht auf Giftstoffe wie Alkohol und Zigaretten. Bei der Behandlung k\u00f6nnen wir die instrumentelle Behandlung mit der Injektion von Wirkstoffen kombinieren. ThermaLipo\u2122","protected":false},"author":1,"featured_media":5527,"parent":0,"menu_order":6,"comment_status":"closed","ping_status":"closed","template":"","meta":{"inline_featured_image":false,"footnotes":""},"class_list":["post-5980","page","type-page","status-publish","has-post-thumbnail","hentry"],"yoast_head":"<!-- This site is optimized with the Yoast SEO plugin v23.7 - https:\/\/yoast.com\/wordpress\/plugins\/seo\/ -->\n<title>Cellulite ThermaLipo | Esthetic Bratislava<\/title>\n<meta name=\"robots\" content=\"index, follow, max-snippet:-1, max-image-preview:large, max-video-preview:-1\" \/>\n<link rel=\"canonical\" href=\"https:\/\/esthetic.sk\/cellulite-thermalipo\/\" \/>\n<meta property=\"og:locale\" content=\"de_DE\" \/>\n<meta property=\"og:type\" content=\"article\" \/>\n<meta property=\"og:title\" content=\"Cellulite ThermaLipo | Esthetic Bratislava\" \/>\n<meta property=\"og:description\" content=\"ThermaLipo Eine Cellulite-Behandlung sollte immer auf eine umfassende Weise angegangen werden. Zus\u00e4tzlich zur topischen Behandlung mit dem Ger\u00e4t erfordert die Behandlung eine Reduzierung der Kalorienzufuhr durch mindestens 30 Minuten t\u00e4gliches Gehen und den Verzicht auf Giftstoffe wie Alkohol und Zigaretten. Bei der Behandlung k\u00f6nnen wir die instrumentelle Behandlung mit der Injektion von Wirkstoffen kombinieren. ThermaLipo\u2122\" \/>\n<meta property=\"og:url\" content=\"https:\/\/esthetic.sk\/cellulite-thermalipo\/\" \/>\n<meta property=\"og:site_name\" content=\"Esthetic Bratislava\" \/>\n<meta property=\"article:publisher\" content=\"https:\/\/www.facebook.com\/Klinikaesthetic\" \/>\n<meta name=\"twitter:card\" content=\"summary_large_image\" \/>\n<meta name=\"twitter:label1\" content=\"Gesch\u00e4tzte Lesezeit\" \/>\n\t<meta name=\"twitter:data1\" content=\"1\u00a0Minute\" \/>\n<script type=\"application\/ld+json\" class=\"yoast-schema-graph\">{\"@context\":\"https:\/\/schema.org\",\"@graph\":[{\"@type\":\"WebPage\",\"@id\":\"https:\/\/esthetic.sk\/cellulite-thermalipo\/\",\"url\":\"https:\/\/esthetic.sk\/cellulite-thermalipo\/\",\"name\":\"Cellulite ThermaLipo | Esthetic Bratislava\",\"isPartOf\":{\"@id\":\"https:\/\/esthetic.sk\/#website\"},\"primaryImageOfPage\":{\"@id\":\"https:\/\/esthetic.sk\/cellulite-thermalipo\/#primaryimage\"},\"image\":{\"@id\":\"https:\/\/esthetic.sk\/cellulite-thermalipo\/#primaryimage\"},\"thumbnailUrl\":\"https:\/\/esthetic.sk\/wp-content\/uploads\/2019\/02\/big12.jpg\",\"datePublished\":\"2024-04-16T18:28:47+00:00\",\"dateModified\":\"2024-04-16T18:28:47+00:00\",\"breadcrumb\":{\"@id\":\"https:\/\/esthetic.sk\/cellulite-thermalipo\/#breadcrumb\"},\"inLanguage\":\"de\",\"potentialAction\":[{\"@type\":\"ReadAction\",\"target\":[\"https:\/\/esthetic.sk\/cellulite-thermalipo\/\"]}]},{\"@type\":\"ImageObject\",\"inLanguage\":\"de\",\"@id\":\"https:\/\/esthetic.sk\/cellulite-thermalipo\/#primaryimage\",\"url\":\"https:\/\/esthetic.sk\/wp-content\/uploads\/2019\/02\/big12.jpg\",\"contentUrl\":\"https:\/\/esthetic.sk\/wp-content\/uploads\/2019\/02\/big12.jpg\",\"width\":1920,\"height\":1080},{\"@type\":\"BreadcrumbList\",\"@id\":\"https:\/\/esthetic.sk\/cellulite-thermalipo\/#breadcrumb\",\"itemListElement\":[{\"@type\":\"ListItem\",\"position\":1,\"name\":\"Home\",\"item\":\"https:\/\/esthetic.sk\/\"},{\"@type\":\"ListItem\",\"position\":2,\"name\":\"Cellulite ThermaLipo\"}]},{\"@type\":\"WebSite\",\"@id\":\"https:\/\/esthetic.sk\/#website\",\"url\":\"https:\/\/esthetic.sk\/\",\"name\":\"Esthetic Bratislava\",\"description\":\"R\u00fdchla cesta k dokonal\u00e9mu vz\u013eadu\",\"publisher\":{\"@id\":\"https:\/\/esthetic.sk\/#organization\"},\"potentialAction\":[{\"@type\":\"SearchAction\",\"target\":{\"@type\":\"EntryPoint\",\"urlTemplate\":\"https:\/\/esthetic.sk\/?s={search_term_string}\"},\"query-input\":{\"@type\":\"PropertyValueSpecification\",\"valueRequired\":true,\"valueName\":\"search_term_string\"}}],\"inLanguage\":\"de\"},{\"@type\":\"Organization\",\"@id\":\"https:\/\/esthetic.sk\/#organization\",\"name\":\"Esthetic .s.r.o.\",\"url\":\"https:\/\/esthetic.sk\/\",\"logo\":{\"@type\":\"ImageObject\",\"inLanguage\":\"de\",\"@id\":\"https:\/\/esthetic.sk\/#\/schema\/logo\/image\/\",\"url\":\"https:\/\/esthetic.sk\/wp-content\/uploads\/2019\/02\/logo-1.svg\",\"contentUrl\":\"https:\/\/esthetic.sk\/wp-content\/uploads\/2019\/02\/logo-1.svg\",\"width\":1,\"height\":1,\"caption\":\"Esthetic .s.r.o.\"},\"image\":{\"@id\":\"https:\/\/esthetic.sk\/#\/schema\/logo\/image\/\"},\"sameAs\":[\"https:\/\/www.facebook.com\/Klinikaesthetic\",\"https:\/\/www.instagram.com\/klinikaesthetic\/\",\"https:\/\/www.youtube.com\/channel\/UC8AgtXNjHpne8qWdj9szu1A\"]}]}<\/script>\n<!-- \/ Yoast SEO plugin. -->","yoast_head_json":{"title":"Cellulite ThermaLipo | Esthetic Bratislava","robots":{"index":"index","follow":"follow","max-snippet":"max-snippet:-1","max-image-preview":"max-image-preview:large","max-video-preview":"max-video-preview:-1"},"canonical":"https:\/\/esthetic.sk\/cellulite-thermalipo\/","og_locale":"de_DE","og_type":"article","og_title":"Cellulite ThermaLipo | Esthetic Bratislava","og_description":"ThermaLipo Eine Cellulite-Behandlung sollte immer auf eine umfassende Weise angegangen werden. Zus\u00e4tzlich zur topischen Behandlung mit dem Ger\u00e4t erfordert die Behandlung eine Reduzierung der Kalorienzufuhr durch mindestens 30 Minuten t\u00e4gliches Gehen und den Verzicht auf Giftstoffe wie Alkohol und Zigaretten. Bei der Behandlung k\u00f6nnen wir die instrumentelle Behandlung mit der Injektion von Wirkstoffen kombinieren. ThermaLipo\u2122","og_url":"https:\/\/esthetic.sk\/cellulite-thermalipo\/","og_site_name":"Esthetic Bratislava","article_publisher":"https:\/\/www.facebook.com\/Klinikaesthetic","twitter_card":"summary_large_image","twitter_misc":{"Gesch\u00e4tzte Lesezeit":"1\u00a0Minute"},"schema":{"@context":"https:\/\/schema.org","@graph":[{"@type":"WebPage","@id":"https:\/\/esthetic.sk\/cellulite-thermalipo\/","url":"https:\/\/esthetic.sk\/cellulite-thermalipo\/","name":"Cellulite ThermaLipo | Esthetic Bratislava","isPartOf":{"@id":"https:\/\/esthetic.sk\/#website"},"primaryImageOfPage":{"@id":"https:\/\/esthetic.sk\/cellulite-thermalipo\/#primaryimage"},"image":{"@id":"https:\/\/esthetic.sk\/cellulite-thermalipo\/#primaryimage"},"thumbnailUrl":"https:\/\/esthetic.sk\/wp-content\/uploads\/2019\/02\/big12.jpg","datePublished":"2024-04-16T18:28:47+00:00","dateModified":"2024-04-16T18:28:47+00:00","breadcrumb":{"@id":"https:\/\/esthetic.sk\/cellulite-thermalipo\/#breadcrumb"},"inLanguage":"de","potentialAction":[{"@type":"ReadAction","target":["https:\/\/esthetic.sk\/cellulite-thermalipo\/"]}]},{"@type":"ImageObject","inLanguage":"de","@id":"https:\/\/esthetic.sk\/cellulite-thermalipo\/#primaryimage","url":"https:\/\/esthetic.sk\/wp-content\/uploads\/2019\/02\/big12.jpg","contentUrl":"https:\/\/esthetic.sk\/wp-content\/uploads\/2019\/02\/big12.jpg","width":1920,"height":1080},{"@type":"BreadcrumbList","@id":"https:\/\/esthetic.sk\/cellulite-thermalipo\/#breadcrumb","itemListElement":[{"@type":"ListItem","position":1,"name":"Home","item":"https:\/\/esthetic.sk\/"},{"@type":"ListItem","position":2,"name":"Cellulite ThermaLipo"}]},{"@type":"WebSite","@id":"https:\/\/esthetic.sk\/#website","url":"https:\/\/esthetic.sk\/","name":"Esthetic Bratislava","description":"R\u00fdchla cesta k dokonal\u00e9mu vz\u013eadu","publisher":{"@id":"https:\/\/esthetic.sk\/#organization"},"potentialAction":[{"@type":"SearchAction","target":{"@type":"EntryPoint","urlTemplate":"https:\/\/esthetic.sk\/?s={search_term_string}"},"query-input":{"@type":"PropertyValueSpecification","valueRequired":true,"valueName":"search_term_string"}}],"inLanguage":"de"},{"@type":"Organization","@id":"https:\/\/esthetic.sk\/#organization","name":"Esthetic .s.r.o.","url":"https:\/\/esthetic.sk\/","logo":{"@type":"ImageObject","inLanguage":"de","@id":"https:\/\/esthetic.sk\/#\/schema\/logo\/image\/","url":"https:\/\/esthetic.sk\/wp-content\/uploads\/2019\/02\/logo-1.svg","contentUrl":"https:\/\/esthetic.sk\/wp-content\/uploads\/2019\/02\/logo-1.svg","width":1,"height":1,"caption":"Esthetic .s.r.o."},"image":{"@id":"https:\/\/esthetic.sk\/#\/schema\/logo\/image\/"},"sameAs":["https:\/\/www.facebook.com\/Klinikaesthetic","https:\/\/www.instagram.com\/klinikaesthetic\/","https:\/\/www.youtube.com\/channel\/UC8AgtXNjHpne8qWdj9szu1A"]}]}},"_links":{"self":[{"href":"https:\/\/esthetic.sk\/de\/wp-json\/wp\/v2\/pages\/5980"}],"collection":[{"href":"https:\/\/esthetic.sk\/de\/wp-json\/wp\/v2\/pages"}],"about":[{"href":"https:\/\/esthetic.sk\/de\/wp-json\/wp\/v2\/types\/page"}],"author":[{"embeddable":true,"href":"https:\/\/esthetic.sk\/de\/wp-json\/wp\/v2\/users\/1"}],"replies":[{"embeddable":true,"href":"https:\/\/esthetic.sk\/de\/wp-json\/wp\/v2\/comments?post=5980"}],"version-history":[{"count":0,"href":"https:\/\/esthetic.sk\/de\/wp-json\/wp\/v2\/pages\/5980\/revisions"}],"wp:featuredmedia":[{"embeddable":true,"href":"https:\/\/esthetic.sk\/de\/wp-json\/wp\/v2\/media\/5527"}],"wp:attachment":[{"href":"https:\/\/esthetic.sk\/de\/wp-json\/wp\/v2\/media?parent=5980"}],"curies":[{"name":"wp","href":"https:\/\/api.w.org\/{rel}","templated":true}]}}