{"id":5968,"date":"2024-04-16T20:28:41","date_gmt":"2024-04-16T18:28:41","guid":{"rendered":"https:\/\/esthetic.sk\/lasermedizin\/photorejuvenation\/"},"modified":"2024-04-16T20:28:41","modified_gmt":"2024-04-16T18:28:41","slug":"photorejuvenation","status":"publish","type":"page","link":"https:\/\/esthetic.sk\/de\/lasermedizin\/photorejuvenation\/","title":{"rendered":"Photorejuvenation"},"content":{"rendered":"Unsere Photorejuvenation-Behandlung beinhaltet den fortschrittlichen Einsatz der neuesten, in den USA hergestellten Lumenis-Lichttechnologie, um Ihre Haut wiederherzustellen und zu verj\u00fcngen. Mit Laserpr\u00e4zision und intensiv gepulstem Licht stimulieren wir die Kollagenproduktion, verbessern die Hautstruktur und reduzieren Falten und Pigmentierung sowie erweiterte Blutgef\u00e4\u00dfe und Poren. Wir verbessern die Textur Ihrer Haut, gl\u00e4tten Falten und gleichen Ihren Hautton aus.\n<h2>Grundlegende Merkmale<\/h2>\n<ul>\n \t<li><a href=\"https:\/\/esthetic.sk\/blog\/vyhladzovanie-vrasok-esteticka-medicina-pomaha-plnit-sny-o-vecnej-mladosti-zenam-aj-muzom\/\">Verj\u00fcngung der alternden Haut<\/a><\/li>\n \t<li>Reduzierung von Pigmentierungen<\/li>\n \t<li>Verkleinerung der dilatierten Spulen<\/li>\n \t<li>Gl\u00e4ttung von feinen F\u00e4ltchen<\/li>\n \t<li>Vereinheitlichung des Hauttons<\/li>\n \t<li>Entfernung von R\u00f6tungen<\/li>\n \t<li>Porenverkleinerung<\/li>\n \t<li>Entfernung von Naevus flammeus , &#8222;Feuer&#8220;<\/li>\n<\/ul>\n<h2>Anwendung<\/h2>\nW\u00e4hrend des Verfahrens wird ein Kristall auf der Haut platziert, durch den ein Impuls geleitet wird, der die Pigmentzellen oder das H\u00e4moglobin in den erweiterten Blutgef\u00e4\u00dfen zerst\u00f6rt.\n<h2>Dauer<\/h2>\nDer Vorgang dauert nur wenige Minuten. Die Pigmentierung wird nach dem Eingriff dunkler und verschwindet nach drei bis vier Wochen. Je nach Tiefe und Intensit\u00e4t der Pigmentierung muss der Vorgang wiederholt werden. Der Eingriff wird im Winter als so genannte. Mittagstherapie, da es danach keine wesentlichen Ver\u00e4nderungen gibt und der Klient wieder zur Arbeit gehen kann.\n\nDie Wirkung des Verfahrens bei Pigmentflecken ist dauerhaft. Bei Spiralen und vergr\u00f6\u00dferten Poren h\u00e4ngt es von der Veranlagung des Kunden ab.\n<h2>Gepulstes Licht und Lichttherapie &#8211; 3D-Photorejuvenation<\/h2>\n<ul>\n \t<li>Anpassung des Hauttons &#8211; schlaffe Haut, gr\u00e4uliche T\u00f6nung, erste F\u00e4ltchen<\/li>\n \t<li>Aknebehandlung<\/li>\n \t<li>Verbesserung der Elastizit\u00e4t der Haut<\/li>\n<\/ul>\n<h2>Faltenentfernung um die Augen &#8211; Hochfrequenzmethode<\/h2>\n<ul>\n \t<li>Durchblutung des behandelten Bereichs<\/li>\n \t<li>Verbesserung der Glukoneogenese<\/li>\n \t<li>Stimulation der Fibroblasten und des Zellstoffwechsels<\/li>\n<\/ul>\n&nbsp;","protected":false},"excerpt":{"rendered":"Unsere Photorejuvenation-Behandlung beinhaltet den fortschrittlichen Einsatz der neuesten, in den USA hergestellten Lumenis-Lichttechnologie, um Ihre Haut wiederherzustellen und zu verj\u00fcngen. Mit Laserpr\u00e4zision und intensiv gepulstem Licht stimulieren wir die Kollagenproduktion, verbessern die Hautstruktur und reduzieren Falten und Pigmentierung sowie erweiterte Blutgef\u00e4\u00dfe und Poren. Wir verbessern die Textur Ihrer Haut, gl\u00e4tten Falten und gleichen Ihren Hautton","protected":false},"author":1,"featured_media":5526,"parent":5463,"menu_order":7,"comment_status":"closed","ping_status":"closed","template":"","meta":{"inline_featured_image":false,"footnotes":""},"class_list":["post-5968","page","type-page","status-publish","has-post-thumbnail","hentry"],"yoast_head":"<!-- This site is optimized with the Yoast SEO plugin v23.7 - https:\/\/yoast.com\/wordpress\/plugins\/seo\/ -->\n<title>Photorejuvenation - 3D | Esthetic Bratislava<\/title>\n<meta name=\"description\" content=\"Photorejuvenation - 3D-Photorejuvenation mit intensiv gepulstem Licht verj\u00fcngt die alternde Haut, reduziert Pigmentierung, erweiterte Blutgef\u00e4\u00dfe und gl\u00e4ttet feine Linien.\" \/>\n<meta name=\"robots\" content=\"index, follow, max-snippet:-1, max-image-preview:large, max-video-preview:-1\" \/>\n<link rel=\"canonical\" href=\"https:\/\/esthetic.sk\/de\/lasermedizin\/photorejuvenation\/\" \/>\n<meta property=\"og:locale\" content=\"de_DE\" \/>\n<meta property=\"og:type\" content=\"article\" \/>\n<meta property=\"og:title\" content=\"Photorejuvenation - 3D | Esthetic Bratislava\" \/>\n<meta property=\"og:description\" content=\"Photorejuvenation - 3D-Photorejuvenation mit intensiv gepulstem Licht verj\u00fcngt die alternde Haut, reduziert Pigmentierung, erweiterte Blutgef\u00e4\u00dfe und gl\u00e4ttet feine Linien.\" \/>\n<meta property=\"og:url\" content=\"https:\/\/esthetic.sk\/de\/lasermedizin\/photorejuvenation\/\" \/>\n<meta property=\"og:site_name\" content=\"Esthetic Bratislava\" \/>\n<meta property=\"article:publisher\" content=\"https:\/\/www.facebook.com\/Klinikaesthetic\" \/>\n<meta property=\"og:image\" content=\"https:\/\/esthetic.sk\/wp-content\/uploads\/2019\/02\/big11.jpg\" \/>\n\t<meta property=\"og:image:width\" content=\"1920\" \/>\n\t<meta property=\"og:image:height\" content=\"1080\" \/>\n\t<meta property=\"og:image:type\" content=\"image\/jpeg\" \/>\n<meta name=\"twitter:card\" content=\"summary_large_image\" \/>\n<meta name=\"twitter:label1\" content=\"Gesch\u00e4tzte Lesezeit\" \/>\n\t<meta name=\"twitter:data1\" content=\"1\u00a0Minute\" \/>\n<script type=\"application\/ld+json\" class=\"yoast-schema-graph\">{\"@context\":\"https:\/\/schema.org\",\"@graph\":[{\"@type\":\"WebPage\",\"@id\":\"https:\/\/esthetic.sk\/de\/lasermedizin\/photorejuvenation\/\",\"url\":\"https:\/\/esthetic.sk\/de\/lasermedizin\/photorejuvenation\/\",\"name\":\"Photorejuvenation - 3D | Esthetic Bratislava\",\"isPartOf\":{\"@id\":\"https:\/\/esthetic.sk\/#website\"},\"primaryImageOfPage\":{\"@id\":\"https:\/\/esthetic.sk\/de\/lasermedizin\/photorejuvenation\/#primaryimage\"},\"image\":{\"@id\":\"https:\/\/esthetic.sk\/de\/lasermedizin\/photorejuvenation\/#primaryimage\"},\"thumbnailUrl\":\"https:\/\/esthetic.sk\/wp-content\/uploads\/2019\/02\/big11.jpg\",\"datePublished\":\"2024-04-16T18:28:41+00:00\",\"dateModified\":\"2024-04-16T18:28:41+00:00\",\"description\":\"Photorejuvenation - 3D-Photorejuvenation mit intensiv gepulstem Licht verj\u00fcngt die alternde Haut, reduziert Pigmentierung, erweiterte Blutgef\u00e4\u00dfe und gl\u00e4ttet feine Linien.\",\"breadcrumb\":{\"@id\":\"https:\/\/esthetic.sk\/de\/lasermedizin\/photorejuvenation\/#breadcrumb\"},\"inLanguage\":\"de\",\"potentialAction\":[{\"@type\":\"ReadAction\",\"target\":[\"https:\/\/esthetic.sk\/de\/lasermedizin\/photorejuvenation\/\"]}]},{\"@type\":\"ImageObject\",\"inLanguage\":\"de\",\"@id\":\"https:\/\/esthetic.sk\/de\/lasermedizin\/photorejuvenation\/#primaryimage\",\"url\":\"https:\/\/esthetic.sk\/wp-content\/uploads\/2019\/02\/big11.jpg\",\"contentUrl\":\"https:\/\/esthetic.sk\/wp-content\/uploads\/2019\/02\/big11.jpg\",\"width\":1920,\"height\":1080},{\"@type\":\"BreadcrumbList\",\"@id\":\"https:\/\/esthetic.sk\/de\/lasermedizin\/photorejuvenation\/#breadcrumb\",\"itemListElement\":[{\"@type\":\"ListItem\",\"position\":1,\"name\":\"Home\",\"item\":\"https:\/\/esthetic.sk\/\"},{\"@type\":\"ListItem\",\"position\":2,\"name\":\"Lasermedizin\",\"item\":\"https:\/\/esthetic.sk\/lasermedizin\/\"},{\"@type\":\"ListItem\",\"position\":3,\"name\":\"Photorejuvenation\"}]},{\"@type\":\"WebSite\",\"@id\":\"https:\/\/esthetic.sk\/#website\",\"url\":\"https:\/\/esthetic.sk\/\",\"name\":\"Esthetic Bratislava\",\"description\":\"R\u00fdchla cesta k dokonal\u00e9mu vz\u013eadu\",\"publisher\":{\"@id\":\"https:\/\/esthetic.sk\/#organization\"},\"potentialAction\":[{\"@type\":\"SearchAction\",\"target\":{\"@type\":\"EntryPoint\",\"urlTemplate\":\"https:\/\/esthetic.sk\/?s={search_term_string}\"},\"query-input\":{\"@type\":\"PropertyValueSpecification\",\"valueRequired\":true,\"valueName\":\"search_term_string\"}}],\"inLanguage\":\"de\"},{\"@type\":\"Organization\",\"@id\":\"https:\/\/esthetic.sk\/#organization\",\"name\":\"Esthetic .s.r.o.\",\"url\":\"https:\/\/esthetic.sk\/\",\"logo\":{\"@type\":\"ImageObject\",\"inLanguage\":\"de\",\"@id\":\"https:\/\/esthetic.sk\/#\/schema\/logo\/image\/\",\"url\":\"https:\/\/esthetic.sk\/wp-content\/uploads\/2019\/02\/logo-1.svg\",\"contentUrl\":\"https:\/\/esthetic.sk\/wp-content\/uploads\/2019\/02\/logo-1.svg\",\"width\":1,\"height\":1,\"caption\":\"Esthetic .s.r.o.\"},\"image\":{\"@id\":\"https:\/\/esthetic.sk\/#\/schema\/logo\/image\/\"},\"sameAs\":[\"https:\/\/www.facebook.com\/Klinikaesthetic\",\"https:\/\/www.instagram.com\/klinikaesthetic\/\",\"https:\/\/www.youtube.com\/channel\/UC8AgtXNjHpne8qWdj9szu1A\"]}]}<\/script>\n<!-- \/ Yoast SEO plugin. -->","yoast_head_json":{"title":"Photorejuvenation - 3D | Esthetic Bratislava","description":"Photorejuvenation - 3D-Photorejuvenation mit intensiv gepulstem Licht verj\u00fcngt die alternde Haut, reduziert Pigmentierung, erweiterte Blutgef\u00e4\u00dfe und gl\u00e4ttet feine Linien.","robots":{"index":"index","follow":"follow","max-snippet":"max-snippet:-1","max-image-preview":"max-image-preview:large","max-video-preview":"max-video-preview:-1"},"canonical":"https:\/\/esthetic.sk\/de\/lasermedizin\/photorejuvenation\/","og_locale":"de_DE","og_type":"article","og_title":"Photorejuvenation - 3D | Esthetic Bratislava","og_description":"Photorejuvenation - 3D-Photorejuvenation mit intensiv gepulstem Licht verj\u00fcngt die alternde Haut, reduziert Pigmentierung, erweiterte Blutgef\u00e4\u00dfe und gl\u00e4ttet feine Linien.","og_url":"https:\/\/esthetic.sk\/de\/lasermedizin\/photorejuvenation\/","og_site_name":"Esthetic Bratislava","article_publisher":"https:\/\/www.facebook.com\/Klinikaesthetic","og_image":[{"width":1920,"height":1080,"url":"https:\/\/esthetic.sk\/wp-content\/uploads\/2019\/02\/big11.jpg","type":"image\/jpeg"}],"twitter_card":"summary_large_image","twitter_misc":{"Gesch\u00e4tzte Lesezeit":"1\u00a0Minute"},"schema":{"@context":"https:\/\/schema.org","@graph":[{"@type":"WebPage","@id":"https:\/\/esthetic.sk\/de\/lasermedizin\/photorejuvenation\/","url":"https:\/\/esthetic.sk\/de\/lasermedizin\/photorejuvenation\/","name":"Photorejuvenation - 3D | Esthetic Bratislava","isPartOf":{"@id":"https:\/\/esthetic.sk\/#website"},"primaryImageOfPage":{"@id":"https:\/\/esthetic.sk\/de\/lasermedizin\/photorejuvenation\/#primaryimage"},"image":{"@id":"https:\/\/esthetic.sk\/de\/lasermedizin\/photorejuvenation\/#primaryimage"},"thumbnailUrl":"https:\/\/esthetic.sk\/wp-content\/uploads\/2019\/02\/big11.jpg","datePublished":"2024-04-16T18:28:41+00:00","dateModified":"2024-04-16T18:28:41+00:00","description":"Photorejuvenation - 3D-Photorejuvenation mit intensiv gepulstem Licht verj\u00fcngt die alternde Haut, reduziert Pigmentierung, erweiterte Blutgef\u00e4\u00dfe und gl\u00e4ttet feine Linien.","breadcrumb":{"@id":"https:\/\/esthetic.sk\/de\/lasermedizin\/photorejuvenation\/#breadcrumb"},"inLanguage":"de","potentialAction":[{"@type":"ReadAction","target":["https:\/\/esthetic.sk\/de\/lasermedizin\/photorejuvenation\/"]}]},{"@type":"ImageObject","inLanguage":"de","@id":"https:\/\/esthetic.sk\/de\/lasermedizin\/photorejuvenation\/#primaryimage","url":"https:\/\/esthetic.sk\/wp-content\/uploads\/2019\/02\/big11.jpg","contentUrl":"https:\/\/esthetic.sk\/wp-content\/uploads\/2019\/02\/big11.jpg","width":1920,"height":1080},{"@type":"BreadcrumbList","@id":"https:\/\/esthetic.sk\/de\/lasermedizin\/photorejuvenation\/#breadcrumb","itemListElement":[{"@type":"ListItem","position":1,"name":"Home","item":"https:\/\/esthetic.sk\/"},{"@type":"ListItem","position":2,"name":"Lasermedizin","item":"https:\/\/esthetic.sk\/lasermedizin\/"},{"@type":"ListItem","position":3,"name":"Photorejuvenation"}]},{"@type":"WebSite","@id":"https:\/\/esthetic.sk\/#website","url":"https:\/\/esthetic.sk\/","name":"Esthetic Bratislava","description":"R\u00fdchla cesta k dokonal\u00e9mu vz\u013eadu","publisher":{"@id":"https:\/\/esthetic.sk\/#organization"},"potentialAction":[{"@type":"SearchAction","target":{"@type":"EntryPoint","urlTemplate":"https:\/\/esthetic.sk\/?s={search_term_string}"},"query-input":{"@type":"PropertyValueSpecification","valueRequired":true,"valueName":"search_term_string"}}],"inLanguage":"de"},{"@type":"Organization","@id":"https:\/\/esthetic.sk\/#organization","name":"Esthetic .s.r.o.","url":"https:\/\/esthetic.sk\/","logo":{"@type":"ImageObject","inLanguage":"de","@id":"https:\/\/esthetic.sk\/#\/schema\/logo\/image\/","url":"https:\/\/esthetic.sk\/wp-content\/uploads\/2019\/02\/logo-1.svg","contentUrl":"https:\/\/esthetic.sk\/wp-content\/uploads\/2019\/02\/logo-1.svg","width":1,"height":1,"caption":"Esthetic .s.r.o."},"image":{"@id":"https:\/\/esthetic.sk\/#\/schema\/logo\/image\/"},"sameAs":["https:\/\/www.facebook.com\/Klinikaesthetic","https:\/\/www.instagram.com\/klinikaesthetic\/","https:\/\/www.youtube.com\/channel\/UC8AgtXNjHpne8qWdj9szu1A"]}]}},"_links":{"self":[{"href":"https:\/\/esthetic.sk\/de\/wp-json\/wp\/v2\/pages\/5968"}],"collection":[{"href":"https:\/\/esthetic.sk\/de\/wp-json\/wp\/v2\/pages"}],"about":[{"href":"https:\/\/esthetic.sk\/de\/wp-json\/wp\/v2\/types\/page"}],"author":[{"embeddable":true,"href":"https:\/\/esthetic.sk\/de\/wp-json\/wp\/v2\/users\/1"}],"replies":[{"embeddable":true,"href":"https:\/\/esthetic.sk\/de\/wp-json\/wp\/v2\/comments?post=5968"}],"version-history":[{"count":0,"href":"https:\/\/esthetic.sk\/de\/wp-json\/wp\/v2\/pages\/5968\/revisions"}],"up":[{"embeddable":true,"href":"https:\/\/esthetic.sk\/de\/wp-json\/wp\/v2\/pages\/5463"}],"wp:featuredmedia":[{"embeddable":true,"href":"https:\/\/esthetic.sk\/de\/wp-json\/wp\/v2\/media\/5526"}],"wp:attachment":[{"href":"https:\/\/esthetic.sk\/de\/wp-json\/wp\/v2\/media?parent=5968"}],"curies":[{"name":"wp","href":"https:\/\/api.w.org\/{rel}","templated":true}]}}