{"id":5965,"date":"2024-04-16T20:28:39","date_gmt":"2024-04-16T18:28:39","guid":{"rendered":"https:\/\/esthetic.sk\/dermato-kosmetik\/chemisches-peeling-3-retinol-neostrata\/"},"modified":"2024-04-16T20:28:39","modified_gmt":"2024-04-16T18:28:39","slug":"chemisches-peeling-3-retinol-neostrata","status":"publish","type":"page","link":"https:\/\/esthetic.sk\/de\/dermato-kosmetik\/chemisches-peeling-3-retinol-neostrata\/","title":{"rendered":"CHEMISCHES PEELING 3% RETINOL NEOSTRATA"},"content":{"rendered":"<h2>Grundlegende Merkmale<\/h2>\n<ul>\n\n\t<li>Akne<\/li>\n\n\t<li>fettige Haut<\/li>\n\n\t<li>vergr\u00f6\u00dferte Poren<\/li>\n\n\t<li>Pigmentierung<\/li>\n\n\t<li>Narben<\/li>\n\n\t<li>dehydrierte Haut<\/li>\n\n\t<li>feine Linien<\/li>\n<\/ul>\n\n<h2>Anwendung<\/h2>\n\nNach der Desinfektion der Haut tr\u00e4gt der Arzt mit einer speziellen B\u00fcrste ein Retinol-Peeling auf, das 3% Retinol und den Retinol Boosting Complex enth\u00e4lt. Das Peeling wird 8 Stunden lang, bei empfindlicherer Haut 3 Stunden lang, aufgetragen. Der Eingriff wird alle 4-6 Wochen 2-4 Mal hintereinander durchgef\u00fchrt. Behandelt werden vor allem Gesicht, Hals und Dekollet\u00e9, R\u00fccken, Oberschenkel, Unterarme und Handr\u00fccken.\n\n<h2>Wirkung<\/h2>\n<ul>\n\n\t<li>Verbesserung von Akne und fettiger Haut<\/li>\n\n\t<li>Aufweichung der Hautoberfl\u00e4che<\/li>\n\n\t<li>Reduzierung von Narben<\/li>\n\n\t<li>Reduzierung der Porengr\u00f6\u00dfe<\/li>\n\n\t<li>Hautfeuchtigkeit<\/li>\n\n\t<li>Verblassen von Pigmentflecken<\/li>\n\n\t<li>Gl\u00e4ttung von feinen Oberfl\u00e4chenfalten<\/li>\n\n\t<li>Klareres Hautbild<\/li>\n\n<\/ul>\n\n\n\n<h2>Kontraindikationen<\/h2>\n<ul>\n\n\t<li>aktiver Herpes simplex<\/li>\n<li>Virale Warze an der Sch\u00e4lstelle<\/li>\n<li>Einnahme von Isotretinoin\/Roaccutan\/ in den letzten drei Monaten<\/li>\n<li>Einnahme von oralen Retinoiden vor weniger als 6 Monaten<\/li>\n<li>Anwendung von topischen Retinoiden und Peelings vor weniger als 1-2 Wochen<\/li>\n<li><li>Bildung von hypertrophen Narben<\/li>\n<li>Schwangerschaft<\/li>\n\n<\/ul>\n\nW\u00e4hrend des Zeitraums, in dem das chemische Peeling durchgef\u00fchrt wird, ist es notwendig, Sonneneinstrahlung und den Aufenthalt im Solarium zu vermeiden, bis die Haut vollst\u00e4ndig abgeheilt ist. Es ist notwendig, eine Schutzcreme mit UV-Filter zu verwenden.","protected":false},"excerpt":{"rendered":"Grundlegende Merkmale Akne fettige Haut vergr\u00f6\u00dferte Poren Pigmentierung Narben dehydrierte Haut feine Linien Anwendung Nach der Desinfektion der Haut tr\u00e4gt der Arzt mit einer speziellen B\u00fcrste ein Retinol-Peeling auf, das 3% Retinol und den Retinol Boosting Complex enth\u00e4lt. Das Peeling wird 8 Stunden lang, bei empfindlicherer Haut 3 Stunden lang, aufgetragen. Der Eingriff wird alle","protected":false},"author":1,"featured_media":5526,"parent":5472,"menu_order":0,"comment_status":"closed","ping_status":"closed","template":"","meta":{"inline_featured_image":false,"footnotes":""},"class_list":["post-5965","page","type-page","status-publish","has-post-thumbnail","hentry"],"yoast_head":"<!-- This site is optimized with the Yoast SEO plugin v23.7 - https:\/\/yoast.com\/wordpress\/plugins\/seo\/ -->\n<title>CHEMISCHES PEELING 3% RETINOL NEOSTRATA | Esthetic Bratislava<\/title>\n<meta name=\"robots\" content=\"index, follow, max-snippet:-1, max-image-preview:large, max-video-preview:-1\" \/>\n<link rel=\"canonical\" href=\"https:\/\/esthetic.sk\/dermato-kosmetik\/chemisches-peeling-3-retinol-neostrata\/\" \/>\n<meta property=\"og:locale\" content=\"de_DE\" \/>\n<meta property=\"og:type\" content=\"article\" \/>\n<meta property=\"og:title\" content=\"CHEMISCHES PEELING 3% RETINOL NEOSTRATA | Esthetic Bratislava\" \/>\n<meta property=\"og:description\" content=\"Grundlegende Merkmale Akne fettige Haut vergr\u00f6\u00dferte Poren Pigmentierung Narben dehydrierte Haut feine Linien Anwendung Nach der Desinfektion der Haut tr\u00e4gt der Arzt mit einer speziellen B\u00fcrste ein Retinol-Peeling auf, das 3% Retinol und den Retinol Boosting Complex enth\u00e4lt. Das Peeling wird 8 Stunden lang, bei empfindlicherer Haut 3 Stunden lang, aufgetragen. Der Eingriff wird alle\" \/>\n<meta property=\"og:url\" content=\"https:\/\/esthetic.sk\/dermato-kosmetik\/chemisches-peeling-3-retinol-neostrata\/\" \/>\n<meta property=\"og:site_name\" content=\"Esthetic Bratislava\" \/>\n<meta property=\"article:publisher\" content=\"https:\/\/www.facebook.com\/Klinikaesthetic\" \/>\n<meta name=\"twitter:card\" content=\"summary_large_image\" \/>\n<meta name=\"twitter:label1\" content=\"Gesch\u00e4tzte Lesezeit\" \/>\n\t<meta name=\"twitter:data1\" content=\"1\u00a0Minute\" \/>\n<script type=\"application\/ld+json\" class=\"yoast-schema-graph\">{\"@context\":\"https:\/\/schema.org\",\"@graph\":[{\"@type\":\"WebPage\",\"@id\":\"https:\/\/esthetic.sk\/dermato-kosmetik\/chemisches-peeling-3-retinol-neostrata\/\",\"url\":\"https:\/\/esthetic.sk\/dermato-kosmetik\/chemisches-peeling-3-retinol-neostrata\/\",\"name\":\"CHEMISCHES PEELING 3% RETINOL NEOSTRATA | Esthetic Bratislava\",\"isPartOf\":{\"@id\":\"https:\/\/esthetic.sk\/#website\"},\"primaryImageOfPage\":{\"@id\":\"https:\/\/esthetic.sk\/dermato-kosmetik\/chemisches-peeling-3-retinol-neostrata\/#primaryimage\"},\"image\":{\"@id\":\"https:\/\/esthetic.sk\/dermato-kosmetik\/chemisches-peeling-3-retinol-neostrata\/#primaryimage\"},\"thumbnailUrl\":\"https:\/\/esthetic.sk\/wp-content\/uploads\/2019\/02\/big11.jpg\",\"datePublished\":\"2024-04-16T18:28:39+00:00\",\"dateModified\":\"2024-04-16T18:28:39+00:00\",\"breadcrumb\":{\"@id\":\"https:\/\/esthetic.sk\/dermato-kosmetik\/chemisches-peeling-3-retinol-neostrata\/#breadcrumb\"},\"inLanguage\":\"de\",\"potentialAction\":[{\"@type\":\"ReadAction\",\"target\":[\"https:\/\/esthetic.sk\/dermato-kosmetik\/chemisches-peeling-3-retinol-neostrata\/\"]}]},{\"@type\":\"ImageObject\",\"inLanguage\":\"de\",\"@id\":\"https:\/\/esthetic.sk\/dermato-kosmetik\/chemisches-peeling-3-retinol-neostrata\/#primaryimage\",\"url\":\"https:\/\/esthetic.sk\/wp-content\/uploads\/2019\/02\/big11.jpg\",\"contentUrl\":\"https:\/\/esthetic.sk\/wp-content\/uploads\/2019\/02\/big11.jpg\",\"width\":1920,\"height\":1080},{\"@type\":\"BreadcrumbList\",\"@id\":\"https:\/\/esthetic.sk\/dermato-kosmetik\/chemisches-peeling-3-retinol-neostrata\/#breadcrumb\",\"itemListElement\":[{\"@type\":\"ListItem\",\"position\":1,\"name\":\"Home\",\"item\":\"https:\/\/esthetic.sk\/\"},{\"@type\":\"ListItem\",\"position\":2,\"name\":\"Dermato Kosmetik\",\"item\":\"https:\/\/esthetic.sk\/de\/dermato-kosmetik\/\"},{\"@type\":\"ListItem\",\"position\":3,\"name\":\"CHEMISCHES PEELING 3% RETINOL NEOSTRATA\"}]},{\"@type\":\"WebSite\",\"@id\":\"https:\/\/esthetic.sk\/#website\",\"url\":\"https:\/\/esthetic.sk\/\",\"name\":\"Esthetic Bratislava\",\"description\":\"R\u00fdchla cesta k dokonal\u00e9mu vz\u013eadu\",\"publisher\":{\"@id\":\"https:\/\/esthetic.sk\/#organization\"},\"potentialAction\":[{\"@type\":\"SearchAction\",\"target\":{\"@type\":\"EntryPoint\",\"urlTemplate\":\"https:\/\/esthetic.sk\/?s={search_term_string}\"},\"query-input\":{\"@type\":\"PropertyValueSpecification\",\"valueRequired\":true,\"valueName\":\"search_term_string\"}}],\"inLanguage\":\"de\"},{\"@type\":\"Organization\",\"@id\":\"https:\/\/esthetic.sk\/#organization\",\"name\":\"Esthetic .s.r.o.\",\"url\":\"https:\/\/esthetic.sk\/\",\"logo\":{\"@type\":\"ImageObject\",\"inLanguage\":\"de\",\"@id\":\"https:\/\/esthetic.sk\/#\/schema\/logo\/image\/\",\"url\":\"https:\/\/esthetic.sk\/wp-content\/uploads\/2019\/02\/logo-1.svg\",\"contentUrl\":\"https:\/\/esthetic.sk\/wp-content\/uploads\/2019\/02\/logo-1.svg\",\"width\":1,\"height\":1,\"caption\":\"Esthetic .s.r.o.\"},\"image\":{\"@id\":\"https:\/\/esthetic.sk\/#\/schema\/logo\/image\/\"},\"sameAs\":[\"https:\/\/www.facebook.com\/Klinikaesthetic\",\"https:\/\/www.instagram.com\/klinikaesthetic\/\",\"https:\/\/www.youtube.com\/channel\/UC8AgtXNjHpne8qWdj9szu1A\"]}]}<\/script>\n<!-- \/ Yoast SEO plugin. -->","yoast_head_json":{"title":"CHEMISCHES PEELING 3% RETINOL NEOSTRATA | Esthetic Bratislava","robots":{"index":"index","follow":"follow","max-snippet":"max-snippet:-1","max-image-preview":"max-image-preview:large","max-video-preview":"max-video-preview:-1"},"canonical":"https:\/\/esthetic.sk\/dermato-kosmetik\/chemisches-peeling-3-retinol-neostrata\/","og_locale":"de_DE","og_type":"article","og_title":"CHEMISCHES PEELING 3% RETINOL NEOSTRATA | Esthetic Bratislava","og_description":"Grundlegende Merkmale Akne fettige Haut vergr\u00f6\u00dferte Poren Pigmentierung Narben dehydrierte Haut feine Linien Anwendung Nach der Desinfektion der Haut tr\u00e4gt der Arzt mit einer speziellen B\u00fcrste ein Retinol-Peeling auf, das 3% Retinol und den Retinol Boosting Complex enth\u00e4lt. Das Peeling wird 8 Stunden lang, bei empfindlicherer Haut 3 Stunden lang, aufgetragen. Der Eingriff wird alle","og_url":"https:\/\/esthetic.sk\/dermato-kosmetik\/chemisches-peeling-3-retinol-neostrata\/","og_site_name":"Esthetic Bratislava","article_publisher":"https:\/\/www.facebook.com\/Klinikaesthetic","twitter_card":"summary_large_image","twitter_misc":{"Gesch\u00e4tzte Lesezeit":"1\u00a0Minute"},"schema":{"@context":"https:\/\/schema.org","@graph":[{"@type":"WebPage","@id":"https:\/\/esthetic.sk\/dermato-kosmetik\/chemisches-peeling-3-retinol-neostrata\/","url":"https:\/\/esthetic.sk\/dermato-kosmetik\/chemisches-peeling-3-retinol-neostrata\/","name":"CHEMISCHES PEELING 3% RETINOL NEOSTRATA | Esthetic Bratislava","isPartOf":{"@id":"https:\/\/esthetic.sk\/#website"},"primaryImageOfPage":{"@id":"https:\/\/esthetic.sk\/dermato-kosmetik\/chemisches-peeling-3-retinol-neostrata\/#primaryimage"},"image":{"@id":"https:\/\/esthetic.sk\/dermato-kosmetik\/chemisches-peeling-3-retinol-neostrata\/#primaryimage"},"thumbnailUrl":"https:\/\/esthetic.sk\/wp-content\/uploads\/2019\/02\/big11.jpg","datePublished":"2024-04-16T18:28:39+00:00","dateModified":"2024-04-16T18:28:39+00:00","breadcrumb":{"@id":"https:\/\/esthetic.sk\/dermato-kosmetik\/chemisches-peeling-3-retinol-neostrata\/#breadcrumb"},"inLanguage":"de","potentialAction":[{"@type":"ReadAction","target":["https:\/\/esthetic.sk\/dermato-kosmetik\/chemisches-peeling-3-retinol-neostrata\/"]}]},{"@type":"ImageObject","inLanguage":"de","@id":"https:\/\/esthetic.sk\/dermato-kosmetik\/chemisches-peeling-3-retinol-neostrata\/#primaryimage","url":"https:\/\/esthetic.sk\/wp-content\/uploads\/2019\/02\/big11.jpg","contentUrl":"https:\/\/esthetic.sk\/wp-content\/uploads\/2019\/02\/big11.jpg","width":1920,"height":1080},{"@type":"BreadcrumbList","@id":"https:\/\/esthetic.sk\/dermato-kosmetik\/chemisches-peeling-3-retinol-neostrata\/#breadcrumb","itemListElement":[{"@type":"ListItem","position":1,"name":"Home","item":"https:\/\/esthetic.sk\/"},{"@type":"ListItem","position":2,"name":"Dermato Kosmetik","item":"https:\/\/esthetic.sk\/de\/dermato-kosmetik\/"},{"@type":"ListItem","position":3,"name":"CHEMISCHES PEELING 3% RETINOL NEOSTRATA"}]},{"@type":"WebSite","@id":"https:\/\/esthetic.sk\/#website","url":"https:\/\/esthetic.sk\/","name":"Esthetic Bratislava","description":"R\u00fdchla cesta k dokonal\u00e9mu vz\u013eadu","publisher":{"@id":"https:\/\/esthetic.sk\/#organization"},"potentialAction":[{"@type":"SearchAction","target":{"@type":"EntryPoint","urlTemplate":"https:\/\/esthetic.sk\/?s={search_term_string}"},"query-input":{"@type":"PropertyValueSpecification","valueRequired":true,"valueName":"search_term_string"}}],"inLanguage":"de"},{"@type":"Organization","@id":"https:\/\/esthetic.sk\/#organization","name":"Esthetic .s.r.o.","url":"https:\/\/esthetic.sk\/","logo":{"@type":"ImageObject","inLanguage":"de","@id":"https:\/\/esthetic.sk\/#\/schema\/logo\/image\/","url":"https:\/\/esthetic.sk\/wp-content\/uploads\/2019\/02\/logo-1.svg","contentUrl":"https:\/\/esthetic.sk\/wp-content\/uploads\/2019\/02\/logo-1.svg","width":1,"height":1,"caption":"Esthetic .s.r.o."},"image":{"@id":"https:\/\/esthetic.sk\/#\/schema\/logo\/image\/"},"sameAs":["https:\/\/www.facebook.com\/Klinikaesthetic","https:\/\/www.instagram.com\/klinikaesthetic\/","https:\/\/www.youtube.com\/channel\/UC8AgtXNjHpne8qWdj9szu1A"]}]}},"_links":{"self":[{"href":"https:\/\/esthetic.sk\/de\/wp-json\/wp\/v2\/pages\/5965"}],"collection":[{"href":"https:\/\/esthetic.sk\/de\/wp-json\/wp\/v2\/pages"}],"about":[{"href":"https:\/\/esthetic.sk\/de\/wp-json\/wp\/v2\/types\/page"}],"author":[{"embeddable":true,"href":"https:\/\/esthetic.sk\/de\/wp-json\/wp\/v2\/users\/1"}],"replies":[{"embeddable":true,"href":"https:\/\/esthetic.sk\/de\/wp-json\/wp\/v2\/comments?post=5965"}],"version-history":[{"count":0,"href":"https:\/\/esthetic.sk\/de\/wp-json\/wp\/v2\/pages\/5965\/revisions"}],"up":[{"embeddable":true,"href":"https:\/\/esthetic.sk\/de\/wp-json\/wp\/v2\/pages\/5472"}],"wp:featuredmedia":[{"embeddable":true,"href":"https:\/\/esthetic.sk\/de\/wp-json\/wp\/v2\/media\/5526"}],"wp:attachment":[{"href":"https:\/\/esthetic.sk\/de\/wp-json\/wp\/v2\/media?parent=5965"}],"curies":[{"name":"wp","href":"https:\/\/api.w.org\/{rel}","templated":true}]}}