{"id":5956,"date":"2024-04-16T20:28:34","date_gmt":"2024-04-16T18:28:34","guid":{"rendered":"https:\/\/esthetic.sk\/aesthetische-dermatologie\/koerper\/velashape-iii-cellulite-behandlung\/"},"modified":"2026-02-25T19:51:23","modified_gmt":"2026-02-25T18:51:23","slug":"velashape-iii-cellulite-behandlung","status":"publish","type":"page","link":"https:\/\/esthetic.sk\/de\/aesthetische-dermatologie\/koerper\/velashape-iii-cellulite-behandlung\/","title":{"rendered":"V Shape (VelaShape III) &#8211; Cellulite-Behandlung"},"content":{"rendered":"<h2>Grundlegende Informationen<\/h2>\n\n\n\n<h2>Gesicht und Hals:  <\/h2> \n\nStraffung der Haut, Gl\u00e4ttung von Falten am Hals, im Gesicht und um die Augen, Beseitigung von dunklen Augenringen und Tr\u00e4nens\u00e4cken.\n \n\n<h2>K\u00f6rper:<\/h2>\n\nWir k\u00f6nnen die folgenden Bereiche behandeln: Arme, Beine, Taille, Bauch, Ges\u00e4\u00df.\n<ul>\n\n\t<li>auf den K\u00f6rper, konzentriert sich das Ger\u00e4t auf die Behandlung von lokaler Fettleibigkeit, \u00fcbersch\u00fcssiges Fett zu reduzieren. Weitere positive Effekte der Behandlung sind die K\u00f6rperformung, die Reduzierung der subkutanen Haut und der Falten im behandelten Bereich,<\/li>\n\n\t<li>unterst\u00fctzende Therapie bei postpartaler Diastase,<\/li>\n\n\t<li>Reduzierung von Cellulite, unterst\u00fctzende Behandlung von \u00fcbersch\u00fcssiger Hautstraffung nach einer Fettabsaugung,<\/li>\n\n\t<li>Reduzierung von Dehnungsstreifen,<\/li>\n\n\t<li>lindert Muskelverspannungen und hat eine physiotherapeutische Wirkung auf den K\u00f6rper.<\/li>\n\n <\/ul>\n\n\n<h2>Anwendung<\/h2>\n\nDie Kombination aus Infrarotlicht und Radiofrequenz f\u00fchrt zu einer \u00dcberhitzung des Gewebes und erh\u00f6ht die Sauerstoffversorgung der Zellen. Das Vakuum und die speziell entwickelten Rollen massieren das Gewebe und erm\u00f6glichen ein leichteres Eindringen der Energie in das Gewebe. Das Ergebnis ist der Abbau von Fettzellen -Lipolyse und Verbesserung der Lymphzirkulation, Reduzierung von Cellulite und Gewebevolumen. Die Behandlung erfordert keine PN und hat keine Nebenwirkungen.\n\n\n<div id=\"video-page\" style=\"\">\n<video id=\"video\" class=\"v2\" preload=\"auto\" controls=\"\" muted=\"\" autoplay=\"\" playsinline=\"\" loop=\"\">\n<source src=\"https:\/\/esthetic.sk\/wp-content\/uploads\/2024\/06\/esthetic-klinika-v-shape.mp4\" type=\"video\/mp4\">\n<source src=\"https:\/\/esthetic.sk\/wp-content\/uploads\/2024\/06\/esthetic-klinika-v-shape.mp4\" type=\"video\/webm\">\n<\/source><\/source><\/video>\n<\/div>\n\n<h2>Dauer des Verfahrens<\/h2>\n\nDie Behandlung einer Stelle dauert 20-30 Minuten. Um den gew\u00fcnschten Effekt zu erzielen, sind 10 Behandlungen im Abstand von 5-7 Tagen erforderlich.\n\n\n\n\n\t\t<div id=\"objednavka\" style=\"text-align:center; margin:20px auto; border:2px solid grey; padding-top:20px;\">\n<h3>Ich m\u00f6chte bestellen<\/h3>\n\n<div class=\"wpcf7 no-js\" id=\"wpcf7-f6268-o1\" lang=\"de-DE\" dir=\"ltr\">\n<div class=\"screen-reader-response\"><p role=\"status\" aria-live=\"polite\" aria-atomic=\"true\"><\/p> <ul><\/ul><\/div>\n<form action=\"\/de\/wp-json\/wp\/v2\/pages\/5956#wpcf7-f6268-o1\" method=\"post\" class=\"wpcf7-form init wpcf7-acceptance-as-validation\" aria-label=\"Kontaktformular\" novalidate=\"novalidate\" data-status=\"init\">\n<div style=\"display: none;\">\n<input type=\"hidden\" name=\"_wpcf7\" value=\"6268\" \/>\n<input type=\"hidden\" name=\"_wpcf7_version\" value=\"5.9.8\" \/>\n<input type=\"hidden\" name=\"_wpcf7_locale\" value=\"de_DE\" \/>\n<input type=\"hidden\" name=\"_wpcf7_unit_tag\" value=\"wpcf7-f6268-o1\" \/>\n<input type=\"hidden\" name=\"_wpcf7_container_post\" value=\"0\" \/>\n<input type=\"hidden\" name=\"_wpcf7_posted_data_hash\" value=\"\" \/>\n<input type=\"hidden\" name=\"_wpcf7_recaptcha_response\" value=\"\" \/>\n<\/div>\n<div class=\"big-form\">\n\t<div class=\"l-part\">\n\t\t<p><label><span class=\"p\">Ihr Name<\/span><span class=\"wpcf7-form-control-wrap\" data-name=\"Ihr-Name-Platzhalter\"><input size=\"40\" maxlength=\"400\" class=\"wpcf7-form-control wpcf7-text wpcf7-validates-as-required\" aria-required=\"true\" aria-invalid=\"false\" value=\"Ihr Name\" type=\"text\" name=\"Ihr-Name-Platzhalter\" \/><\/span><\/label>\n\t\t<\/p>\n\t\t<p><label><br \/>\n<span class=\"p\">Ihre E-Mail*<\/span><br \/>\n<span class=\"wpcf7-form-control-wrap\" data-name=\"ihre-email\"><input size=\"40\" maxlength=\"400\" class=\"wpcf7-form-control wpcf7-text wpcf7-validates-as-required\" aria-required=\"true\" aria-invalid=\"false\" value=\"Ihre E-Mail*\" type=\"text\" name=\"ihre-email\" \/><\/span><br \/>\n<\/label>\n\t\t<\/p>\n\t\t<p><label><br \/>\n<span class=\"p\">Telefon<\/span><br \/>\n<span class=\"wpcf7-form-control-wrap\" data-name=\"ihr-telefon\"><input size=\"40\" maxlength=\"400\" class=\"wpcf7-form-control wpcf7-tel wpcf7-validates-as-required wpcf7-text wpcf7-validates-as-tel\" aria-required=\"true\" aria-invalid=\"false\" value=\"Telefon\" type=\"tel\" name=\"ihr-telefon\" \/><\/span><br \/>\n<\/label>\n\t\t<\/p>\n\t<\/div>\n\t<div class=\"r-part\">\n\t\t<p><label><br \/>\n<span class=\"p\">Adressierung<\/span><br \/>\n<span class=\"wpcf7-form-control-wrap\" data-name=\"your-oslovenie\"><select class=\"wpcf7-form-control wpcf7-select\" aria-invalid=\"false\" name=\"your-oslovenie\"><option value=\"\">W\u00e4hlen Sie eine Adresse<\/option><option value=\"Frau\">Frau<\/option><option value=\"Frau\">Frau<\/option><option value=\"Herr\">Herr<\/option><\/select><\/span><br \/>\n<\/label>\n\t\t<\/p>\n\t\t<p><label><br \/>\n<span class=\"p\">Schreiben Sie hier, womit wir Ihnen helfen k\u00f6nnen<\/span><br \/>\n<span class=\"wpcf7-form-control-wrap\" data-name=\"your-message\"><textarea cols=\"40\" rows=\"10\" maxlength=\"2000\" class=\"wpcf7-form-control wpcf7-textarea\" aria-invalid=\"false\" placeholder=\"Schreiben Sie hier, womit wir Ihnen helfen k\u00f6nnen\" name=\"your-message\"><\/textarea><\/span><br \/>\n<\/label>\n\t\t<\/p>\n\t<\/div>\n\t<div class=\"bottom\">\n\t\t<div class=\"note\">\n\t\t\t<div class=\"akceptacia\">\n\t\t\t\t<p><span class=\"wpcf7-form-control-wrap\" data-name=\"acceptance-156\"><span class=\"wpcf7-form-control wpcf7-acceptance\"><span class=\"wpcf7-list-item\"><input type=\"checkbox\" name=\"acceptance-156\" value=\"1\" aria-invalid=\"false\" \/><\/span><\/span><\/span><span class=\"akceptujem\">* Ich habe <a href=\"https:\/\/esthetic.sk\/ochrana-osobnych-udajov\/\" target=\"_blank\">hier \u00fcber die Verarbeitung personenbezogener Daten<\/a> gelesen.<\/span>\n\t\t\t\t<\/p>\n\t\t\t<\/div>\n\t\t<\/div>\n\t\t<p><span id=\"wpcf7-69f1d361114bc-wrapper\" class=\"wpcf7-form-control-wrap email-23-wrap\" style=\"display:none !important; visibility:hidden !important;\"><label for=\"wpcf7-69f1d361114bc-field\" class=\"hp-message\">Bitte lasse dieses Feld leer.<\/label><input id=\"wpcf7-69f1d361114bc-field\"  class=\"wpcf7-form-control wpcf7-text\" type=\"text\" name=\"email-23\" value=\"\" size=\"40\" tabindex=\"-1\" autocomplete=\"new-password\" \/><\/span><br \/>\n<input class=\"wpcf7-form-control wpcf7-submit has-spinner\" type=\"submit\" value=\"Senden an\" \/>\n\t\t<\/p>\n\t<\/div>\n<\/div><p style=\"display: none !important;\" class=\"akismet-fields-container\" data-prefix=\"_wpcf7_ak_\"><label>&#916;<textarea name=\"_wpcf7_ak_hp_textarea\" cols=\"45\" rows=\"8\" maxlength=\"100\"><\/textarea><\/label><input type=\"hidden\" id=\"ak_js_1\" name=\"_wpcf7_ak_js\" value=\"58\"\/><script>document.getElementById( \"ak_js_1\" ).setAttribute( \"value\", ( new Date() ).getTime() );<\/script><\/p><input type='hidden' class='wpcf7-pum' value='{\"closepopup\":false,\"closedelay\":0,\"openpopup\":false,\"openpopup_id\":0}' \/><div class=\"wpcf7-response-output\" aria-hidden=\"true\"><\/div>\n<\/form>\n<\/div>\n\n<\/div>","protected":false},"excerpt":{"rendered":"Grundlegende Informationen Gesicht und Hals: Straffung der Haut, Gl\u00e4ttung von Falten am Hals, im Gesicht und um die Augen, Beseitigung von dunklen Augenringen und Tr\u00e4nens\u00e4cken. K\u00f6rper: Wir k\u00f6nnen die folgenden Bereiche behandeln: Arme, Beine, Taille, Bauch, Ges\u00e4\u00df. auf den K\u00f6rper, konzentriert sich das Ger\u00e4t auf die Behandlung von lokaler Fettleibigkeit, \u00fcbersch\u00fcssiges Fett zu reduzieren. Weitere","protected":false},"author":1,"featured_media":5525,"parent":5881,"menu_order":1,"comment_status":"closed","ping_status":"closed","template":"","meta":{"inline_featured_image":false,"footnotes":""},"class_list":["post-5956","page","type-page","status-publish","has-post-thumbnail","hentry"],"yoast_head":"<!-- This site is optimized with the Yoast SEO plugin v23.7 - https:\/\/yoast.com\/wordpress\/plugins\/seo\/ -->\n<title>Laser-Cellulitis-Entfernung mit VelaShape I Esthetic Bratislava<\/title>\n<meta name=\"description\" content=\"Cellulite-Entfernung in Esthetic Bratislava mit VelaShape III. Das einzige FDA-zertifizierte Ger\u00e4t, das 1-4 Grad Cellulite beseitigt. Reduziert das Volumen, formt die Figur.\" \/>\n<meta name=\"robots\" content=\"index, follow, max-snippet:-1, max-image-preview:large, max-video-preview:-1\" \/>\n<link rel=\"canonical\" href=\"https:\/\/esthetic.sk\/de\/aesthetische-dermatologie\/koerper\/velashape-iii-cellulite-behandlung\/\" \/>\n<meta property=\"og:locale\" content=\"de_DE\" \/>\n<meta property=\"og:type\" content=\"article\" \/>\n<meta property=\"og:title\" content=\"Laser-Cellulitis-Entfernung mit VelaShape I Esthetic Bratislava\" \/>\n<meta property=\"og:description\" content=\"Cellulite-Entfernung in Esthetic Bratislava mit VelaShape III. Das einzige FDA-zertifizierte Ger\u00e4t, das 1-4 Grad Cellulite beseitigt. Reduziert das Volumen, formt die Figur.\" \/>\n<meta property=\"og:url\" content=\"https:\/\/esthetic.sk\/de\/aesthetische-dermatologie\/koerper\/velashape-iii-cellulite-behandlung\/\" \/>\n<meta property=\"og:site_name\" content=\"Esthetic Bratislava\" \/>\n<meta property=\"article:publisher\" content=\"https:\/\/www.facebook.com\/Klinikaesthetic\" \/>\n<meta property=\"article:modified_time\" content=\"2026-02-25T18:51:23+00:00\" \/>\n<meta property=\"og:image\" content=\"https:\/\/esthetic.sk\/wp-content\/uploads\/2019\/02\/big-10.jpg\" \/>\n\t<meta property=\"og:image:width\" content=\"1920\" \/>\n\t<meta property=\"og:image:height\" content=\"1080\" \/>\n\t<meta property=\"og:image:type\" content=\"image\/jpeg\" \/>\n<meta name=\"twitter:card\" content=\"summary_large_image\" \/>\n<meta name=\"twitter:label1\" content=\"Gesch\u00e4tzte Lesezeit\" \/>\n\t<meta name=\"twitter:data1\" content=\"1\u00a0Minute\" \/>\n<script type=\"application\/ld+json\" class=\"yoast-schema-graph\">{\"@context\":\"https:\/\/schema.org\",\"@graph\":[{\"@type\":\"WebPage\",\"@id\":\"https:\/\/esthetic.sk\/de\/aesthetische-dermatologie\/koerper\/velashape-iii-cellulite-behandlung\/\",\"url\":\"https:\/\/esthetic.sk\/de\/aesthetische-dermatologie\/koerper\/velashape-iii-cellulite-behandlung\/\",\"name\":\"Laser-Cellulitis-Entfernung mit VelaShape I Esthetic Bratislava\",\"isPartOf\":{\"@id\":\"https:\/\/esthetic.sk\/#website\"},\"primaryImageOfPage\":{\"@id\":\"https:\/\/esthetic.sk\/de\/aesthetische-dermatologie\/koerper\/velashape-iii-cellulite-behandlung\/#primaryimage\"},\"image\":{\"@id\":\"https:\/\/esthetic.sk\/de\/aesthetische-dermatologie\/koerper\/velashape-iii-cellulite-behandlung\/#primaryimage\"},\"thumbnailUrl\":\"https:\/\/esthetic.sk\/wp-content\/uploads\/2019\/02\/big-10.jpg\",\"datePublished\":\"2024-04-16T18:28:34+00:00\",\"dateModified\":\"2026-02-25T18:51:23+00:00\",\"description\":\"Cellulite-Entfernung in Esthetic Bratislava mit VelaShape III. Das einzige FDA-zertifizierte Ger\u00e4t, das 1-4 Grad Cellulite beseitigt. Reduziert das Volumen, formt die Figur.\",\"breadcrumb\":{\"@id\":\"https:\/\/esthetic.sk\/de\/aesthetische-dermatologie\/koerper\/velashape-iii-cellulite-behandlung\/#breadcrumb\"},\"inLanguage\":\"de\",\"potentialAction\":[{\"@type\":\"ReadAction\",\"target\":[\"https:\/\/esthetic.sk\/de\/aesthetische-dermatologie\/koerper\/velashape-iii-cellulite-behandlung\/\"]}]},{\"@type\":\"ImageObject\",\"inLanguage\":\"de\",\"@id\":\"https:\/\/esthetic.sk\/de\/aesthetische-dermatologie\/koerper\/velashape-iii-cellulite-behandlung\/#primaryimage\",\"url\":\"https:\/\/esthetic.sk\/wp-content\/uploads\/2019\/02\/big-10.jpg\",\"contentUrl\":\"https:\/\/esthetic.sk\/wp-content\/uploads\/2019\/02\/big-10.jpg\",\"width\":1920,\"height\":1080},{\"@type\":\"BreadcrumbList\",\"@id\":\"https:\/\/esthetic.sk\/de\/aesthetische-dermatologie\/koerper\/velashape-iii-cellulite-behandlung\/#breadcrumb\",\"itemListElement\":[{\"@type\":\"ListItem\",\"position\":1,\"name\":\"Home\",\"item\":\"https:\/\/esthetic.sk\/\"},{\"@type\":\"ListItem\",\"position\":2,\"name\":\"\u00c4sthetische Dermatologie\",\"item\":\"https:\/\/esthetic.sk\/de\/aesthetische-dermatologie\/\"},{\"@type\":\"ListItem\",\"position\":3,\"name\":\"K\u00f6rper\",\"item\":\"https:\/\/esthetic.sk\/aesthetische-dermatologie\/koerper\/\"},{\"@type\":\"ListItem\",\"position\":4,\"name\":\"V Shape (VelaShape III) &#8211; Cellulite-Behandlung\"}]},{\"@type\":\"WebSite\",\"@id\":\"https:\/\/esthetic.sk\/#website\",\"url\":\"https:\/\/esthetic.sk\/\",\"name\":\"Esthetic Bratislava\",\"description\":\"R\u00fdchla cesta k dokonal\u00e9mu vz\u013eadu\",\"publisher\":{\"@id\":\"https:\/\/esthetic.sk\/#organization\"},\"potentialAction\":[{\"@type\":\"SearchAction\",\"target\":{\"@type\":\"EntryPoint\",\"urlTemplate\":\"https:\/\/esthetic.sk\/?s={search_term_string}\"},\"query-input\":{\"@type\":\"PropertyValueSpecification\",\"valueRequired\":true,\"valueName\":\"search_term_string\"}}],\"inLanguage\":\"de\"},{\"@type\":\"Organization\",\"@id\":\"https:\/\/esthetic.sk\/#organization\",\"name\":\"Esthetic .s.r.o.\",\"url\":\"https:\/\/esthetic.sk\/\",\"logo\":{\"@type\":\"ImageObject\",\"inLanguage\":\"de\",\"@id\":\"https:\/\/esthetic.sk\/#\/schema\/logo\/image\/\",\"url\":\"https:\/\/esthetic.sk\/wp-content\/uploads\/2019\/02\/logo-1.svg\",\"contentUrl\":\"https:\/\/esthetic.sk\/wp-content\/uploads\/2019\/02\/logo-1.svg\",\"width\":1,\"height\":1,\"caption\":\"Esthetic .s.r.o.\"},\"image\":{\"@id\":\"https:\/\/esthetic.sk\/#\/schema\/logo\/image\/\"},\"sameAs\":[\"https:\/\/www.facebook.com\/Klinikaesthetic\",\"https:\/\/www.instagram.com\/klinikaesthetic\/\",\"https:\/\/www.youtube.com\/channel\/UC8AgtXNjHpne8qWdj9szu1A\"]}]}<\/script>\n<!-- \/ Yoast SEO plugin. -->","yoast_head_json":{"title":"Laser-Cellulitis-Entfernung mit VelaShape I Esthetic Bratislava","description":"Cellulite-Entfernung in Esthetic Bratislava mit VelaShape III. Das einzige FDA-zertifizierte Ger\u00e4t, das 1-4 Grad Cellulite beseitigt. Reduziert das Volumen, formt die Figur.","robots":{"index":"index","follow":"follow","max-snippet":"max-snippet:-1","max-image-preview":"max-image-preview:large","max-video-preview":"max-video-preview:-1"},"canonical":"https:\/\/esthetic.sk\/de\/aesthetische-dermatologie\/koerper\/velashape-iii-cellulite-behandlung\/","og_locale":"de_DE","og_type":"article","og_title":"Laser-Cellulitis-Entfernung mit VelaShape I Esthetic Bratislava","og_description":"Cellulite-Entfernung in Esthetic Bratislava mit VelaShape III. Das einzige FDA-zertifizierte Ger\u00e4t, das 1-4 Grad Cellulite beseitigt. Reduziert das Volumen, formt die Figur.","og_url":"https:\/\/esthetic.sk\/de\/aesthetische-dermatologie\/koerper\/velashape-iii-cellulite-behandlung\/","og_site_name":"Esthetic Bratislava","article_publisher":"https:\/\/www.facebook.com\/Klinikaesthetic","article_modified_time":"2026-02-25T18:51:23+00:00","og_image":[{"width":1920,"height":1080,"url":"https:\/\/esthetic.sk\/wp-content\/uploads\/2019\/02\/big-10.jpg","type":"image\/jpeg"}],"twitter_card":"summary_large_image","twitter_misc":{"Gesch\u00e4tzte Lesezeit":"1\u00a0Minute"},"schema":{"@context":"https:\/\/schema.org","@graph":[{"@type":"WebPage","@id":"https:\/\/esthetic.sk\/de\/aesthetische-dermatologie\/koerper\/velashape-iii-cellulite-behandlung\/","url":"https:\/\/esthetic.sk\/de\/aesthetische-dermatologie\/koerper\/velashape-iii-cellulite-behandlung\/","name":"Laser-Cellulitis-Entfernung mit VelaShape I Esthetic Bratislava","isPartOf":{"@id":"https:\/\/esthetic.sk\/#website"},"primaryImageOfPage":{"@id":"https:\/\/esthetic.sk\/de\/aesthetische-dermatologie\/koerper\/velashape-iii-cellulite-behandlung\/#primaryimage"},"image":{"@id":"https:\/\/esthetic.sk\/de\/aesthetische-dermatologie\/koerper\/velashape-iii-cellulite-behandlung\/#primaryimage"},"thumbnailUrl":"https:\/\/esthetic.sk\/wp-content\/uploads\/2019\/02\/big-10.jpg","datePublished":"2024-04-16T18:28:34+00:00","dateModified":"2026-02-25T18:51:23+00:00","description":"Cellulite-Entfernung in Esthetic Bratislava mit VelaShape III. Das einzige FDA-zertifizierte Ger\u00e4t, das 1-4 Grad Cellulite beseitigt. Reduziert das Volumen, formt die Figur.","breadcrumb":{"@id":"https:\/\/esthetic.sk\/de\/aesthetische-dermatologie\/koerper\/velashape-iii-cellulite-behandlung\/#breadcrumb"},"inLanguage":"de","potentialAction":[{"@type":"ReadAction","target":["https:\/\/esthetic.sk\/de\/aesthetische-dermatologie\/koerper\/velashape-iii-cellulite-behandlung\/"]}]},{"@type":"ImageObject","inLanguage":"de","@id":"https:\/\/esthetic.sk\/de\/aesthetische-dermatologie\/koerper\/velashape-iii-cellulite-behandlung\/#primaryimage","url":"https:\/\/esthetic.sk\/wp-content\/uploads\/2019\/02\/big-10.jpg","contentUrl":"https:\/\/esthetic.sk\/wp-content\/uploads\/2019\/02\/big-10.jpg","width":1920,"height":1080},{"@type":"BreadcrumbList","@id":"https:\/\/esthetic.sk\/de\/aesthetische-dermatologie\/koerper\/velashape-iii-cellulite-behandlung\/#breadcrumb","itemListElement":[{"@type":"ListItem","position":1,"name":"Home","item":"https:\/\/esthetic.sk\/"},{"@type":"ListItem","position":2,"name":"\u00c4sthetische Dermatologie","item":"https:\/\/esthetic.sk\/de\/aesthetische-dermatologie\/"},{"@type":"ListItem","position":3,"name":"K\u00f6rper","item":"https:\/\/esthetic.sk\/aesthetische-dermatologie\/koerper\/"},{"@type":"ListItem","position":4,"name":"V Shape (VelaShape III) &#8211; Cellulite-Behandlung"}]},{"@type":"WebSite","@id":"https:\/\/esthetic.sk\/#website","url":"https:\/\/esthetic.sk\/","name":"Esthetic Bratislava","description":"R\u00fdchla cesta k dokonal\u00e9mu vz\u013eadu","publisher":{"@id":"https:\/\/esthetic.sk\/#organization"},"potentialAction":[{"@type":"SearchAction","target":{"@type":"EntryPoint","urlTemplate":"https:\/\/esthetic.sk\/?s={search_term_string}"},"query-input":{"@type":"PropertyValueSpecification","valueRequired":true,"valueName":"search_term_string"}}],"inLanguage":"de"},{"@type":"Organization","@id":"https:\/\/esthetic.sk\/#organization","name":"Esthetic .s.r.o.","url":"https:\/\/esthetic.sk\/","logo":{"@type":"ImageObject","inLanguage":"de","@id":"https:\/\/esthetic.sk\/#\/schema\/logo\/image\/","url":"https:\/\/esthetic.sk\/wp-content\/uploads\/2019\/02\/logo-1.svg","contentUrl":"https:\/\/esthetic.sk\/wp-content\/uploads\/2019\/02\/logo-1.svg","width":1,"height":1,"caption":"Esthetic .s.r.o."},"image":{"@id":"https:\/\/esthetic.sk\/#\/schema\/logo\/image\/"},"sameAs":["https:\/\/www.facebook.com\/Klinikaesthetic","https:\/\/www.instagram.com\/klinikaesthetic\/","https:\/\/www.youtube.com\/channel\/UC8AgtXNjHpne8qWdj9szu1A"]}]}},"_links":{"self":[{"href":"https:\/\/esthetic.sk\/de\/wp-json\/wp\/v2\/pages\/5956"}],"collection":[{"href":"https:\/\/esthetic.sk\/de\/wp-json\/wp\/v2\/pages"}],"about":[{"href":"https:\/\/esthetic.sk\/de\/wp-json\/wp\/v2\/types\/page"}],"author":[{"embeddable":true,"href":"https:\/\/esthetic.sk\/de\/wp-json\/wp\/v2\/users\/1"}],"replies":[{"embeddable":true,"href":"https:\/\/esthetic.sk\/de\/wp-json\/wp\/v2\/comments?post=5956"}],"version-history":[{"count":12,"href":"https:\/\/esthetic.sk\/de\/wp-json\/wp\/v2\/pages\/5956\/revisions"}],"predecessor-version":[{"id":9651,"href":"https:\/\/esthetic.sk\/de\/wp-json\/wp\/v2\/pages\/5956\/revisions\/9651"}],"up":[{"embeddable":true,"href":"https:\/\/esthetic.sk\/de\/wp-json\/wp\/v2\/pages\/5881"}],"wp:featuredmedia":[{"embeddable":true,"href":"https:\/\/esthetic.sk\/de\/wp-json\/wp\/v2\/media\/5525"}],"wp:attachment":[{"href":"https:\/\/esthetic.sk\/de\/wp-json\/wp\/v2\/media?parent=5956"}],"curies":[{"name":"wp","href":"https:\/\/api.w.org\/{rel}","templated":true}]}}