{"id":5954,"date":"2024-04-16T20:28:32","date_gmt":"2024-04-16T18:28:32","guid":{"rendered":"https:\/\/esthetic.sk\/aesthetische-dermatologie\/gesicht\/bio-biorevitalisierung-hydro-de-luxe\/"},"modified":"2024-04-16T20:28:32","modified_gmt":"2024-04-16T18:28:32","slug":"bio-biorevitalisierung-hydro-de-luxe","status":"publish","type":"page","link":"https:\/\/esthetic.sk\/de\/aesthetische-dermatologie\/gesicht\/bio-biorevitalisierung-hydro-de-luxe\/","title":{"rendered":"Bio-Biorevitalisierung Hydro de Luxe"},"content":{"rendered":"<h2>Grundlegende Informationen<\/h2>\n<ul>\n \t<li>intensive Feuchtigkeitszufuhr f\u00fcr die Haut<\/li>\n \t<li>Verbesserung der Elastizit\u00e4t der Haut<\/li>\n \t<li>Verbesserung des Hauttons<\/li>\n \t<li>Korrektur von oberfl\u00e4chlichen Falten<\/li>\n<\/ul>\n<h2>Anwendung<\/h2>\nEine neue Art der ORGANIC Mesotherapie erzielt dank des Kalzium-Hdroxylapatits, das eine Erh\u00f6hung der Hautdichte bewirkt, eine au\u00dfergew\u00f6hnliche Wirkung. Hyalurons\u00e4ure spendet intensive Feuchtigkeit. Glycin und L-Prolin sind die wichtigsten Komponenten, die an der Kollagenbildung beteiligt sind. Diese organische Biorevitalisierung wird mit einem Vitalinjektor aufgetragen, nachdem die Haut mit einer an\u00e4sthesierenden Creme bet\u00e4ubt wurde.\n<h2>Dauer des Verfahrens<\/h2>\nDie Behandlung dauert etwa 30 Minuten und das Ergebnis ist bereits nach der ersten Anwendung sichtbar. Es ist ideal, drei Behandlungen durchzuf\u00fchren. Die Wirkung h\u00e4lt 6-9 Monate an, bei guter Lebensf\u00fchrung (gesunde Ern\u00e4hrung, Trinkverhalten) bis zu einem Jahr.\n\n&nbsp;\n\n&nbsp;","protected":false},"excerpt":{"rendered":"Grundlegende Informationen intensive Feuchtigkeitszufuhr f\u00fcr die Haut Verbesserung der Elastizit\u00e4t der Haut Verbesserung des Hauttons Korrektur von oberfl\u00e4chlichen Falten Anwendung Eine neue Art der ORGANIC Mesotherapie erzielt dank des Kalzium-Hdroxylapatits, das eine Erh\u00f6hung der Hautdichte bewirkt, eine au\u00dfergew\u00f6hnliche Wirkung. Hyalurons\u00e4ure spendet intensive Feuchtigkeit. Glycin und L-Prolin sind die wichtigsten Komponenten, die an der Kollagenbildung beteiligt","protected":false},"author":1,"featured_media":5526,"parent":5718,"menu_order":8,"comment_status":"closed","ping_status":"closed","template":"","meta":{"inline_featured_image":false,"footnotes":""},"class_list":["post-5954","page","type-page","status-publish","has-post-thumbnail","hentry"],"yoast_head":"<!-- This site is optimized with the Yoast SEO plugin v23.7 - https:\/\/yoast.com\/wordpress\/plugins\/seo\/ -->\n<title>Bio-Biorevitalisierung Hydro de Luxe | Esthetic Bratislava<\/title>\n<meta name=\"description\" content=\"Die organische Biorevitalisierung ist eine neue Art der reinen, organischen Mesotherapie mit einer au\u00dfergew\u00f6hnlichen Wirkung. Versorgt die Haut mit Feuchtigkeit, gl\u00e4ttet Falten und verbessert die Elastizit\u00e4t der Haut.\" \/>\n<meta name=\"robots\" content=\"index, follow, max-snippet:-1, max-image-preview:large, max-video-preview:-1\" \/>\n<link rel=\"canonical\" href=\"https:\/\/esthetic.sk\/de\/aesthetische-dermatologie\/gesicht\/bio-biorevitalisierung-hydro-de-luxe\/\" \/>\n<meta property=\"og:locale\" content=\"de_DE\" \/>\n<meta property=\"og:type\" content=\"article\" \/>\n<meta property=\"og:title\" content=\"Bio-Biorevitalisierung Hydro de Luxe | Esthetic Bratislava\" \/>\n<meta property=\"og:description\" content=\"Die organische Biorevitalisierung ist eine neue Art der reinen, organischen Mesotherapie mit einer au\u00dfergew\u00f6hnlichen Wirkung. Versorgt die Haut mit Feuchtigkeit, gl\u00e4ttet Falten und verbessert die Elastizit\u00e4t der Haut.\" \/>\n<meta property=\"og:url\" content=\"https:\/\/esthetic.sk\/de\/aesthetische-dermatologie\/gesicht\/bio-biorevitalisierung-hydro-de-luxe\/\" \/>\n<meta property=\"og:site_name\" content=\"Esthetic Bratislava\" \/>\n<meta property=\"article:publisher\" content=\"https:\/\/www.facebook.com\/Klinikaesthetic\" \/>\n<meta property=\"og:image\" content=\"https:\/\/esthetic.sk\/wp-content\/uploads\/2019\/02\/big11.jpg\" \/>\n\t<meta property=\"og:image:width\" content=\"1920\" \/>\n\t<meta property=\"og:image:height\" content=\"1080\" \/>\n\t<meta property=\"og:image:type\" content=\"image\/jpeg\" \/>\n<meta name=\"twitter:card\" content=\"summary_large_image\" \/>\n<meta name=\"twitter:label1\" content=\"Gesch\u00e4tzte Lesezeit\" \/>\n\t<meta name=\"twitter:data1\" content=\"1\u00a0Minute\" \/>\n<script type=\"application\/ld+json\" class=\"yoast-schema-graph\">{\"@context\":\"https:\/\/schema.org\",\"@graph\":[{\"@type\":\"WebPage\",\"@id\":\"https:\/\/esthetic.sk\/de\/aesthetische-dermatologie\/gesicht\/bio-biorevitalisierung-hydro-de-luxe\/\",\"url\":\"https:\/\/esthetic.sk\/de\/aesthetische-dermatologie\/gesicht\/bio-biorevitalisierung-hydro-de-luxe\/\",\"name\":\"Bio-Biorevitalisierung Hydro de Luxe | Esthetic Bratislava\",\"isPartOf\":{\"@id\":\"https:\/\/esthetic.sk\/#website\"},\"primaryImageOfPage\":{\"@id\":\"https:\/\/esthetic.sk\/de\/aesthetische-dermatologie\/gesicht\/bio-biorevitalisierung-hydro-de-luxe\/#primaryimage\"},\"image\":{\"@id\":\"https:\/\/esthetic.sk\/de\/aesthetische-dermatologie\/gesicht\/bio-biorevitalisierung-hydro-de-luxe\/#primaryimage\"},\"thumbnailUrl\":\"https:\/\/esthetic.sk\/wp-content\/uploads\/2019\/02\/big11.jpg\",\"datePublished\":\"2024-04-16T18:28:32+00:00\",\"dateModified\":\"2024-04-16T18:28:32+00:00\",\"description\":\"Die organische Biorevitalisierung ist eine neue Art der reinen, organischen Mesotherapie mit einer au\u00dfergew\u00f6hnlichen Wirkung. Versorgt die Haut mit Feuchtigkeit, gl\u00e4ttet Falten und verbessert die Elastizit\u00e4t der Haut.\",\"breadcrumb\":{\"@id\":\"https:\/\/esthetic.sk\/de\/aesthetische-dermatologie\/gesicht\/bio-biorevitalisierung-hydro-de-luxe\/#breadcrumb\"},\"inLanguage\":\"de\",\"potentialAction\":[{\"@type\":\"ReadAction\",\"target\":[\"https:\/\/esthetic.sk\/de\/aesthetische-dermatologie\/gesicht\/bio-biorevitalisierung-hydro-de-luxe\/\"]}]},{\"@type\":\"ImageObject\",\"inLanguage\":\"de\",\"@id\":\"https:\/\/esthetic.sk\/de\/aesthetische-dermatologie\/gesicht\/bio-biorevitalisierung-hydro-de-luxe\/#primaryimage\",\"url\":\"https:\/\/esthetic.sk\/wp-content\/uploads\/2019\/02\/big11.jpg\",\"contentUrl\":\"https:\/\/esthetic.sk\/wp-content\/uploads\/2019\/02\/big11.jpg\",\"width\":1920,\"height\":1080},{\"@type\":\"BreadcrumbList\",\"@id\":\"https:\/\/esthetic.sk\/de\/aesthetische-dermatologie\/gesicht\/bio-biorevitalisierung-hydro-de-luxe\/#breadcrumb\",\"itemListElement\":[{\"@type\":\"ListItem\",\"position\":1,\"name\":\"Home\",\"item\":\"https:\/\/esthetic.sk\/\"},{\"@type\":\"ListItem\",\"position\":2,\"name\":\"\u00c4sthetische Dermatologie\",\"item\":\"https:\/\/esthetic.sk\/de\/aesthetische-dermatologie\/\"},{\"@type\":\"ListItem\",\"position\":3,\"name\":\"Gesicht\",\"item\":\"https:\/\/esthetic.sk\/aesthetische-dermatologie\/gesicht\/\"},{\"@type\":\"ListItem\",\"position\":4,\"name\":\"Bio-Biorevitalisierung Hydro de Luxe\"}]},{\"@type\":\"WebSite\",\"@id\":\"https:\/\/esthetic.sk\/#website\",\"url\":\"https:\/\/esthetic.sk\/\",\"name\":\"Esthetic Bratislava\",\"description\":\"R\u00fdchla cesta k dokonal\u00e9mu vz\u013eadu\",\"publisher\":{\"@id\":\"https:\/\/esthetic.sk\/#organization\"},\"potentialAction\":[{\"@type\":\"SearchAction\",\"target\":{\"@type\":\"EntryPoint\",\"urlTemplate\":\"https:\/\/esthetic.sk\/?s={search_term_string}\"},\"query-input\":{\"@type\":\"PropertyValueSpecification\",\"valueRequired\":true,\"valueName\":\"search_term_string\"}}],\"inLanguage\":\"de\"},{\"@type\":\"Organization\",\"@id\":\"https:\/\/esthetic.sk\/#organization\",\"name\":\"Esthetic .s.r.o.\",\"url\":\"https:\/\/esthetic.sk\/\",\"logo\":{\"@type\":\"ImageObject\",\"inLanguage\":\"de\",\"@id\":\"https:\/\/esthetic.sk\/#\/schema\/logo\/image\/\",\"url\":\"https:\/\/esthetic.sk\/wp-content\/uploads\/2019\/02\/logo-1.svg\",\"contentUrl\":\"https:\/\/esthetic.sk\/wp-content\/uploads\/2019\/02\/logo-1.svg\",\"width\":1,\"height\":1,\"caption\":\"Esthetic .s.r.o.\"},\"image\":{\"@id\":\"https:\/\/esthetic.sk\/#\/schema\/logo\/image\/\"},\"sameAs\":[\"https:\/\/www.facebook.com\/Klinikaesthetic\",\"https:\/\/www.instagram.com\/klinikaesthetic\/\",\"https:\/\/www.youtube.com\/channel\/UC8AgtXNjHpne8qWdj9szu1A\"]}]}<\/script>\n<!-- \/ Yoast SEO plugin. -->","yoast_head_json":{"title":"Bio-Biorevitalisierung Hydro de Luxe | Esthetic Bratislava","description":"Die organische Biorevitalisierung ist eine neue Art der reinen, organischen Mesotherapie mit einer au\u00dfergew\u00f6hnlichen Wirkung. Versorgt die Haut mit Feuchtigkeit, gl\u00e4ttet Falten und verbessert die Elastizit\u00e4t der Haut.","robots":{"index":"index","follow":"follow","max-snippet":"max-snippet:-1","max-image-preview":"max-image-preview:large","max-video-preview":"max-video-preview:-1"},"canonical":"https:\/\/esthetic.sk\/de\/aesthetische-dermatologie\/gesicht\/bio-biorevitalisierung-hydro-de-luxe\/","og_locale":"de_DE","og_type":"article","og_title":"Bio-Biorevitalisierung Hydro de Luxe | Esthetic Bratislava","og_description":"Die organische Biorevitalisierung ist eine neue Art der reinen, organischen Mesotherapie mit einer au\u00dfergew\u00f6hnlichen Wirkung. Versorgt die Haut mit Feuchtigkeit, gl\u00e4ttet Falten und verbessert die Elastizit\u00e4t der Haut.","og_url":"https:\/\/esthetic.sk\/de\/aesthetische-dermatologie\/gesicht\/bio-biorevitalisierung-hydro-de-luxe\/","og_site_name":"Esthetic Bratislava","article_publisher":"https:\/\/www.facebook.com\/Klinikaesthetic","og_image":[{"width":1920,"height":1080,"url":"https:\/\/esthetic.sk\/wp-content\/uploads\/2019\/02\/big11.jpg","type":"image\/jpeg"}],"twitter_card":"summary_large_image","twitter_misc":{"Gesch\u00e4tzte Lesezeit":"1\u00a0Minute"},"schema":{"@context":"https:\/\/schema.org","@graph":[{"@type":"WebPage","@id":"https:\/\/esthetic.sk\/de\/aesthetische-dermatologie\/gesicht\/bio-biorevitalisierung-hydro-de-luxe\/","url":"https:\/\/esthetic.sk\/de\/aesthetische-dermatologie\/gesicht\/bio-biorevitalisierung-hydro-de-luxe\/","name":"Bio-Biorevitalisierung Hydro de Luxe | Esthetic Bratislava","isPartOf":{"@id":"https:\/\/esthetic.sk\/#website"},"primaryImageOfPage":{"@id":"https:\/\/esthetic.sk\/de\/aesthetische-dermatologie\/gesicht\/bio-biorevitalisierung-hydro-de-luxe\/#primaryimage"},"image":{"@id":"https:\/\/esthetic.sk\/de\/aesthetische-dermatologie\/gesicht\/bio-biorevitalisierung-hydro-de-luxe\/#primaryimage"},"thumbnailUrl":"https:\/\/esthetic.sk\/wp-content\/uploads\/2019\/02\/big11.jpg","datePublished":"2024-04-16T18:28:32+00:00","dateModified":"2024-04-16T18:28:32+00:00","description":"Die organische Biorevitalisierung ist eine neue Art der reinen, organischen Mesotherapie mit einer au\u00dfergew\u00f6hnlichen Wirkung. Versorgt die Haut mit Feuchtigkeit, gl\u00e4ttet Falten und verbessert die Elastizit\u00e4t der Haut.","breadcrumb":{"@id":"https:\/\/esthetic.sk\/de\/aesthetische-dermatologie\/gesicht\/bio-biorevitalisierung-hydro-de-luxe\/#breadcrumb"},"inLanguage":"de","potentialAction":[{"@type":"ReadAction","target":["https:\/\/esthetic.sk\/de\/aesthetische-dermatologie\/gesicht\/bio-biorevitalisierung-hydro-de-luxe\/"]}]},{"@type":"ImageObject","inLanguage":"de","@id":"https:\/\/esthetic.sk\/de\/aesthetische-dermatologie\/gesicht\/bio-biorevitalisierung-hydro-de-luxe\/#primaryimage","url":"https:\/\/esthetic.sk\/wp-content\/uploads\/2019\/02\/big11.jpg","contentUrl":"https:\/\/esthetic.sk\/wp-content\/uploads\/2019\/02\/big11.jpg","width":1920,"height":1080},{"@type":"BreadcrumbList","@id":"https:\/\/esthetic.sk\/de\/aesthetische-dermatologie\/gesicht\/bio-biorevitalisierung-hydro-de-luxe\/#breadcrumb","itemListElement":[{"@type":"ListItem","position":1,"name":"Home","item":"https:\/\/esthetic.sk\/"},{"@type":"ListItem","position":2,"name":"\u00c4sthetische Dermatologie","item":"https:\/\/esthetic.sk\/de\/aesthetische-dermatologie\/"},{"@type":"ListItem","position":3,"name":"Gesicht","item":"https:\/\/esthetic.sk\/aesthetische-dermatologie\/gesicht\/"},{"@type":"ListItem","position":4,"name":"Bio-Biorevitalisierung Hydro de Luxe"}]},{"@type":"WebSite","@id":"https:\/\/esthetic.sk\/#website","url":"https:\/\/esthetic.sk\/","name":"Esthetic Bratislava","description":"R\u00fdchla cesta k dokonal\u00e9mu vz\u013eadu","publisher":{"@id":"https:\/\/esthetic.sk\/#organization"},"potentialAction":[{"@type":"SearchAction","target":{"@type":"EntryPoint","urlTemplate":"https:\/\/esthetic.sk\/?s={search_term_string}"},"query-input":{"@type":"PropertyValueSpecification","valueRequired":true,"valueName":"search_term_string"}}],"inLanguage":"de"},{"@type":"Organization","@id":"https:\/\/esthetic.sk\/#organization","name":"Esthetic .s.r.o.","url":"https:\/\/esthetic.sk\/","logo":{"@type":"ImageObject","inLanguage":"de","@id":"https:\/\/esthetic.sk\/#\/schema\/logo\/image\/","url":"https:\/\/esthetic.sk\/wp-content\/uploads\/2019\/02\/logo-1.svg","contentUrl":"https:\/\/esthetic.sk\/wp-content\/uploads\/2019\/02\/logo-1.svg","width":1,"height":1,"caption":"Esthetic .s.r.o."},"image":{"@id":"https:\/\/esthetic.sk\/#\/schema\/logo\/image\/"},"sameAs":["https:\/\/www.facebook.com\/Klinikaesthetic","https:\/\/www.instagram.com\/klinikaesthetic\/","https:\/\/www.youtube.com\/channel\/UC8AgtXNjHpne8qWdj9szu1A"]}]}},"_links":{"self":[{"href":"https:\/\/esthetic.sk\/de\/wp-json\/wp\/v2\/pages\/5954"}],"collection":[{"href":"https:\/\/esthetic.sk\/de\/wp-json\/wp\/v2\/pages"}],"about":[{"href":"https:\/\/esthetic.sk\/de\/wp-json\/wp\/v2\/types\/page"}],"author":[{"embeddable":true,"href":"https:\/\/esthetic.sk\/de\/wp-json\/wp\/v2\/users\/1"}],"replies":[{"embeddable":true,"href":"https:\/\/esthetic.sk\/de\/wp-json\/wp\/v2\/comments?post=5954"}],"version-history":[{"count":0,"href":"https:\/\/esthetic.sk\/de\/wp-json\/wp\/v2\/pages\/5954\/revisions"}],"up":[{"embeddable":true,"href":"https:\/\/esthetic.sk\/de\/wp-json\/wp\/v2\/pages\/5718"}],"wp:featuredmedia":[{"embeddable":true,"href":"https:\/\/esthetic.sk\/de\/wp-json\/wp\/v2\/media\/5526"}],"wp:attachment":[{"href":"https:\/\/esthetic.sk\/de\/wp-json\/wp\/v2\/media?parent=5954"}],"curies":[{"name":"wp","href":"https:\/\/api.w.org\/{rel}","templated":true}]}}