{"id":5949,"date":"2024-04-16T20:28:29","date_gmt":"2024-04-16T18:28:29","guid":{"rendered":"https:\/\/esthetic.sk\/vitamin-c-infusionstherapie\/"},"modified":"2024-04-16T20:28:29","modified_gmt":"2024-04-16T18:28:29","slug":"vitamin-c-infusionstherapie","status":"publish","type":"page","link":"https:\/\/esthetic.sk\/de\/vitamin-c-infusionstherapie\/","title":{"rendered":"Vitamin C-Infusionstherapie"},"content":{"rendered":"<div class=\"page-video\">\n<h1>Vitamin C-Infusionstherapie<\/h1>\n<div class=\"spodok\">St\u00e4rken Sie die Immunit\u00e4t<\/div>\n<video id=\"video\" class=\"v2\" preload=\"auto\" muted=\"\" autoplay=\"\" playsinline=\"\" loop=\"\">\n<source src=\"https:\/\/esthetic.sk\/wp-content\/uploads\/2020\/10\/VITAMINC-oo.mp4\" type=\"video\/mp4\">\n<source src=\"https:\/\/esthetic.sk\/wp-content\/uploads\/2020\/10\/VITAMINC-oo.mp4\" type=\"video\/webm\">\n<\/source><\/source><\/video>\n\n<\/div>\n\n<div class=\"popis\">\n<h2>Vitamin C-Infusionstherapie<\/h2>\n<p>Vitamin C oder L-Ascorbins\u00e4ure ist ein essentieller Mineralstoff f\u00fcr den menschlichen K\u00f6rper, den wir nicht selbst herstellen k\u00f6nnen. Wir m\u00fcssen ihn also von au\u00dfen \u00fcber die Nahrung oder Nahrungserg\u00e4nzungsmittel aufnehmen.<\/p>\n\n \n\n<strong>Es wirkt als starkes Antioxidans und sch\u00fctzt den K\u00f6rper vor der Wirkung zellsch\u00e4digender freier Radikale.<\/strong> \n \n\n<strong>Seine Funktion in unserem Immunsystem ist ebenfalls wichtig. Es hilft bei oxidativem Stress, der die Funktion des Immunsystems schw\u00e4cht und somit zu Infektionen und chronischen Krankheiten (Autoimmunerkrankungen, rheumatische Erkrankungen, opportunistische Erkrankungen, Entz\u00fcndungen, Tumorerkrankungen) beitr\u00e4gt. Jede Infektion in unserem K\u00f6rper verbraucht Vitamin C, was zu einer st\u00e4ndigen Abnahme der Vitamin-C-Reserven f\u00fchrt. Dies erh\u00f6ht die Anf\u00e4lligkeit f\u00fcr weitere Infektionen und schafft g\u00fcnstige Bedingungen f\u00fcr die Entwicklung von Tumorwachstum.<\/strong> \n \n\n<strong>Vitamin C hat eine Wirkung auf die Bildung von Bindegewebe, Kollagen und B\u00e4ndern<\/strong> \n\n<ul>\n<li>f\u00fchrt zu einer Erh\u00f6hung der Festigkeit der Gef\u00e4\u00dfwand und einer Verbesserung des Zustands von Krampfadern, einer Verringerung von \u00fcberm\u00e4\u00dfigen Bluterg\u00fcssen oder Nasenbluten<\/li>\n\n<li>tr\u00e4gt zur Regeneration und Neubildung von Kollagenfasern bei, was zur Verj\u00fcngung der Haut und des Unterhautgewebes und damit zur Reduzierung von Falten sowie zur Verringerung der Bildung von &#8222;senilen&#8220; Pigmentierungen f\u00fchrt<\/li>\n\n<li>tr\u00e4gt zur Regeneration von Gelenken und Knorpel bei<\/li>\n\n<li>verlangsamt die degenerativen Ver\u00e4nderungen der Augenlinse (altersbedingte Hyperopie).<\/li>\n<\/ul>\n\n<strong>Es kontrolliert den Cholesterinspiegel im K\u00f6rper.<\/strong>\n\n<h2>Vorteile der Infusionsverabreichung von Vitamin C<\/h2>\n\n<p>Der menschliche K\u00f6rper ben\u00f6tigt h\u00f6here Dosen dieses wertvollen Vitamins, wenn er sich in einer stressigen und belastenden Phase oder in einer Phase geschw\u00e4chter Immunit\u00e4t befindet &#8211; dann kann eine ausreichende Konzentration von Vitamin C durch direkte Verabreichung ins Blut erreicht werden, wenn eine Einzeldosis von 7,5 Gramm durch Infusion einen Plasmaspiegel von Vitamin C von 2,38 Gramm erreicht. Dies ist eine therapeutische Dosis, die dem Verzehr von etwa 15 Kilogramm Orangen pro Tag entspricht.<\/p>\n\nEs ist klinisch erwiesen, dass die wirksamste Form der Verabreichung, um bei erh\u00f6htem Vit.C-Konsum ausreichende Werte zu erreichen, die intraven\u00f6se Verabreichung (direkt in die Vene) ist. Die Verabreichung von Vitamin C als Infusion erm\u00f6glicht eine schnelle Wiederauff\u00fcllung des Vitamins und den Zugang des Vitamins zu jeder Zelle des K\u00f6rpers, indem ein \u00dcberschuss des Vitamins im K\u00f6rper f\u00fcr einen vor\u00fcbergehenden Zeitraum geschaffen wird.\n\n<h2>F\u00fcr wen ist die Vitamin-C-Infusionstherapie geeignet?<\/h2>\n<strong>Die prophylaktische Verabreichung hoher Dosen von Vitamin C in eine Vene, auch als Vitamin-C-Infusionstherapie bezeichnet, wird empfohlen:<\/strong>\n\n\n<ul>\n<li>zum Schutz vor viralen oder bakteriellen Krankheiten und zur St\u00e4rkung der Immunit\u00e4t<\/li>\n\n<li>zur Regeneration, Straffung und Verj\u00fcngung der Haut durch Anregung der Kollagenproduktion<\/li>\n\n<li>chronische virale oder bakterielle Infektionen, wie Sporangiose, rezidivierender Herpes, infekti\u00f6se Mononukleose und Herpes Zoster<\/li>\n\n<li>Gef\u00e4\u00dferkrankungen &#8211; &#8222;Besenstielspitzen&#8220; im Gesicht und am K\u00f6rper (insbesondere an den Beinen)<\/li>\n\n<li>Allergische Erkrankungen verschiedener Art<\/li>\n\n<li>Nahrungsmittelunvertr\u00e4glichkeiten, Histaminintoleranz, chronische Verdauungsst\u00f6rungen<\/li>\n\n<li>Autoimmunkrankheiten<\/li>\n\n<li>bessere Wundheilung vor oder nach einem geplanten chirurgischen Eingriff<\/li>\n\n<li>Vorbeugung f\u00fcr Menschen, die unter M\u00fcdigkeit, Konzentrationsschw\u00e4che, Stress und psychischen Langzeitbelastungen leiden<\/li>\n\n<li>Sportler mit hoher k\u00f6rperlicher Belastung<\/li>\n\n<li>rheumatische und degenerative Erkrankungen der Gelenke oder der Wirbels\u00e4ule<\/li>\n\n<li>eine Infusionsbehandlung mit Vitamin C kann in der Rekonvaleszenzphase nach l\u00e4ngeren Erkrankungen verschiedener Ursachen und nach Operationen zur F\u00f6rderung der Wundheilung empfohlen werden<\/li>\n\n<\/ul>\n\n\n\n\n\n<h2>Anwendungsablauf<\/h2>\n\n \n\nAm Tag der Infusion sollte der Patient die Di\u00e4tma\u00dfnahme einhalten, n\u00e4mlich keine oxolathaltigen Lebensmittel zu essen: Spinat, Rote Bete, Schokolade oder N\u00fcsse.\n<br><br>\n\nDie Anwendung erfolgt durch intraven\u00f6se Verabreichung, d.h. durch eine einfache Injektion und allm\u00e4hliches Eintropfen der Infusion in fl\u00fcssiger Form. Die ungef\u00e4hre Dauer der Einnahme betr\u00e4gt 30-45 Minuten, vorzugsweise im Liegen. Nach dem Abschluss gibt es keine Einschr\u00e4nkungen. Nach einer Vitamin-C-Infusion ist eine ausreichende Fl\u00fcssigkeitszufuhr erforderlich, trinken Sie also viel.<br><br>\n\n<p>Um die beste Wirkung zu erzielen, ist es ratsam, 4 Behandlungen in w\u00f6chentlichen Abst\u00e4nden (d.h. 1 Monat) \u00fcber das Jahr verteilt durchzuf\u00fchren.  <\/p>\n\n\n\n\n\n\n<h2>Kontraindikationen<\/h2>\n\n \n<ul>\n<li>\u00dcberempfindlichkeit gegen L-Ascorbins\u00e4ure<\/li>\n\n<li>Nierenerkrankung, Nierensteine<\/li>\n\n<li>Thalass\u00e4mie, H\u00e4mochromatose, sideroblastische An\u00e4mie<\/li>\n<\/ul>\n\n \n\n<h2>Komplikationen<\/h2>\n\n \n<ul>\n<li>paraven\u00f6se Verabreichung (au\u00dferhalb der Vene): Schwellung im R\u00fcckenmark, Kneifen<\/li>\n\n \n\n<li>Allergische Reaktion: Juckreiz, Ausschlag, Atembeschwerden<\/li>\n<\/ul>\n \n\n<h2>Hinweis<\/h2><p>Vitamin-C-Infusionen k\u00f6nnen nur als Vorsichtsma\u00dfnahme an Menschen verabreicht werden, die gesund sind und nicht in m\u00f6glichen Kontakt mit dem SARS-Co-V-2-Virus gekommen sind. Wenn jemand eine Infusion w\u00fcnscht, weil er bereits einige Krankheitssymptome hat, kann er in unserer Einrichtung keine Infusion erhalten. Alle therapeutischen Eingriffe, die in den K\u00f6rper einer Person mit einer m\u00f6glichen Infektion eingreifen, d\u00fcrfen nur in ausgewiesenen infektiologischen Abteilungen durchgef\u00fchrt werden.<\/p>\n\n\n\n<h2>Empfohlenes Produkt<\/h2>\n\n<a target=\"_blank\" href=\"https:\/\/doktorkasandra.sk\/obchod\/kremy\/pletove-olejove-serum-s-vitaminmi-a-c-e-30ml\/\" class=\"produkt doporuceny\" rel=\"noopener noreferrer\">\n\n<img decoding=\"async\" src=\"https:\/\/esthetic.sk\/wp-content\/uploads\/2020\/10\/SERUM-CAE-image.jpg\">\n<strong>HAUT\u00d6L-SERUM<\/strong>\n<small>mit den Vitaminen A, C, E<\/small>\n<b>\u20ac24.00<\/b>\n\n<span class=\"btn\">Kaufen<\/span>\n\n<\/a>\n\n\n<br><br><\/div>","protected":false},"excerpt":{"rendered":"Vitamin C-Infusionstherapie St\u00e4rken Sie die Immunit\u00e4t Vitamin C-Infusionstherapie Vitamin C oder L-Ascorbins\u00e4ure ist ein essentieller Mineralstoff f\u00fcr den menschlichen K\u00f6rper, den wir nicht selbst herstellen k\u00f6nnen. Wir m\u00fcssen ihn also von au\u00dfen \u00fcber die Nahrung oder Nahrungserg\u00e4nzungsmittel aufnehmen. Es wirkt als starkes Antioxidans und sch\u00fctzt den K\u00f6rper vor der Wirkung zellsch\u00e4digender freier Radikale. Seine Funktion","protected":false},"author":1,"featured_media":5672,"parent":0,"menu_order":0,"comment_status":"closed","ping_status":"closed","template":"","meta":{"inline_featured_image":false,"footnotes":""},"class_list":["post-5949","page","type-page","status-publish","has-post-thumbnail","hentry"],"yoast_head":"<!-- This site is optimized with the Yoast SEO plugin v23.7 - https:\/\/yoast.com\/wordpress\/plugins\/seo\/ -->\n<title>Vitamin C-Infusionstherapie | Esthetic Bratislava<\/title>\n<meta name=\"robots\" content=\"index, follow, max-snippet:-1, max-image-preview:large, max-video-preview:-1\" \/>\n<link rel=\"canonical\" href=\"https:\/\/esthetic.sk\/vitamin-c-infusionstherapie\/\" \/>\n<meta property=\"og:locale\" content=\"de_DE\" \/>\n<meta property=\"og:type\" content=\"article\" \/>\n<meta property=\"og:title\" content=\"Vitamin C-Infusionstherapie | Esthetic Bratislava\" \/>\n<meta property=\"og:description\" content=\"Vitamin C-Infusionstherapie St\u00e4rken Sie die Immunit\u00e4t Vitamin C-Infusionstherapie Vitamin C oder L-Ascorbins\u00e4ure ist ein essentieller Mineralstoff f\u00fcr den menschlichen K\u00f6rper, den wir nicht selbst herstellen k\u00f6nnen. Wir m\u00fcssen ihn also von au\u00dfen \u00fcber die Nahrung oder Nahrungserg\u00e4nzungsmittel aufnehmen. Es wirkt als starkes Antioxidans und sch\u00fctzt den K\u00f6rper vor der Wirkung zellsch\u00e4digender freier Radikale. Seine Funktion\" \/>\n<meta property=\"og:url\" content=\"https:\/\/esthetic.sk\/vitamin-c-infusionstherapie\/\" \/>\n<meta property=\"og:site_name\" content=\"Esthetic Bratislava\" \/>\n<meta property=\"article:publisher\" content=\"https:\/\/www.facebook.com\/Klinikaesthetic\" \/>\n<meta property=\"og:image\" content=\"https:\/\/esthetic.sk\/wp-content\/uploads\/2020\/10\/SERUM-CAE-image.jpg\" \/>\n<meta name=\"twitter:card\" content=\"summary_large_image\" \/>\n<meta name=\"twitter:label1\" content=\"Gesch\u00e4tzte Lesezeit\" \/>\n\t<meta name=\"twitter:data1\" content=\"4\u00a0Minuten\" \/>\n<script type=\"application\/ld+json\" class=\"yoast-schema-graph\">{\"@context\":\"https:\/\/schema.org\",\"@graph\":[{\"@type\":\"WebPage\",\"@id\":\"https:\/\/esthetic.sk\/vitamin-c-infusionstherapie\/\",\"url\":\"https:\/\/esthetic.sk\/vitamin-c-infusionstherapie\/\",\"name\":\"Vitamin C-Infusionstherapie | Esthetic Bratislava\",\"isPartOf\":{\"@id\":\"https:\/\/esthetic.sk\/#website\"},\"primaryImageOfPage\":{\"@id\":\"https:\/\/esthetic.sk\/vitamin-c-infusionstherapie\/#primaryimage\"},\"image\":{\"@id\":\"https:\/\/esthetic.sk\/vitamin-c-infusionstherapie\/#primaryimage\"},\"thumbnailUrl\":\"https:\/\/esthetic.sk\/wp-content\/uploads\/2020\/10\/vit.jpg\",\"datePublished\":\"2024-04-16T18:28:29+00:00\",\"dateModified\":\"2024-04-16T18:28:29+00:00\",\"breadcrumb\":{\"@id\":\"https:\/\/esthetic.sk\/vitamin-c-infusionstherapie\/#breadcrumb\"},\"inLanguage\":\"de\",\"potentialAction\":[{\"@type\":\"ReadAction\",\"target\":[\"https:\/\/esthetic.sk\/vitamin-c-infusionstherapie\/\"]}]},{\"@type\":\"ImageObject\",\"inLanguage\":\"de\",\"@id\":\"https:\/\/esthetic.sk\/vitamin-c-infusionstherapie\/#primaryimage\",\"url\":\"https:\/\/esthetic.sk\/wp-content\/uploads\/2020\/10\/vit.jpg\",\"contentUrl\":\"https:\/\/esthetic.sk\/wp-content\/uploads\/2020\/10\/vit.jpg\",\"width\":1362,\"height\":1362},{\"@type\":\"BreadcrumbList\",\"@id\":\"https:\/\/esthetic.sk\/vitamin-c-infusionstherapie\/#breadcrumb\",\"itemListElement\":[{\"@type\":\"ListItem\",\"position\":1,\"name\":\"Home\",\"item\":\"https:\/\/esthetic.sk\/\"},{\"@type\":\"ListItem\",\"position\":2,\"name\":\"Vitamin C-Infusionstherapie\"}]},{\"@type\":\"WebSite\",\"@id\":\"https:\/\/esthetic.sk\/#website\",\"url\":\"https:\/\/esthetic.sk\/\",\"name\":\"Esthetic Bratislava\",\"description\":\"R\u00fdchla cesta k dokonal\u00e9mu vz\u013eadu\",\"publisher\":{\"@id\":\"https:\/\/esthetic.sk\/#organization\"},\"potentialAction\":[{\"@type\":\"SearchAction\",\"target\":{\"@type\":\"EntryPoint\",\"urlTemplate\":\"https:\/\/esthetic.sk\/?s={search_term_string}\"},\"query-input\":{\"@type\":\"PropertyValueSpecification\",\"valueRequired\":true,\"valueName\":\"search_term_string\"}}],\"inLanguage\":\"de\"},{\"@type\":\"Organization\",\"@id\":\"https:\/\/esthetic.sk\/#organization\",\"name\":\"Esthetic .s.r.o.\",\"url\":\"https:\/\/esthetic.sk\/\",\"logo\":{\"@type\":\"ImageObject\",\"inLanguage\":\"de\",\"@id\":\"https:\/\/esthetic.sk\/#\/schema\/logo\/image\/\",\"url\":\"https:\/\/esthetic.sk\/wp-content\/uploads\/2019\/02\/logo-1.svg\",\"contentUrl\":\"https:\/\/esthetic.sk\/wp-content\/uploads\/2019\/02\/logo-1.svg\",\"width\":1,\"height\":1,\"caption\":\"Esthetic .s.r.o.\"},\"image\":{\"@id\":\"https:\/\/esthetic.sk\/#\/schema\/logo\/image\/\"},\"sameAs\":[\"https:\/\/www.facebook.com\/Klinikaesthetic\",\"https:\/\/www.instagram.com\/klinikaesthetic\/\",\"https:\/\/www.youtube.com\/channel\/UC8AgtXNjHpne8qWdj9szu1A\"]}]}<\/script>\n<!-- \/ Yoast SEO plugin. -->","yoast_head_json":{"title":"Vitamin C-Infusionstherapie | Esthetic Bratislava","robots":{"index":"index","follow":"follow","max-snippet":"max-snippet:-1","max-image-preview":"max-image-preview:large","max-video-preview":"max-video-preview:-1"},"canonical":"https:\/\/esthetic.sk\/vitamin-c-infusionstherapie\/","og_locale":"de_DE","og_type":"article","og_title":"Vitamin C-Infusionstherapie | Esthetic Bratislava","og_description":"Vitamin C-Infusionstherapie St\u00e4rken Sie die Immunit\u00e4t Vitamin C-Infusionstherapie Vitamin C oder L-Ascorbins\u00e4ure ist ein essentieller Mineralstoff f\u00fcr den menschlichen K\u00f6rper, den wir nicht selbst herstellen k\u00f6nnen. Wir m\u00fcssen ihn also von au\u00dfen \u00fcber die Nahrung oder Nahrungserg\u00e4nzungsmittel aufnehmen. Es wirkt als starkes Antioxidans und sch\u00fctzt den K\u00f6rper vor der Wirkung zellsch\u00e4digender freier Radikale. Seine Funktion","og_url":"https:\/\/esthetic.sk\/vitamin-c-infusionstherapie\/","og_site_name":"Esthetic Bratislava","article_publisher":"https:\/\/www.facebook.com\/Klinikaesthetic","og_image":[{"url":"https:\/\/esthetic.sk\/wp-content\/uploads\/2020\/10\/SERUM-CAE-image.jpg"}],"twitter_card":"summary_large_image","twitter_misc":{"Gesch\u00e4tzte Lesezeit":"4\u00a0Minuten"},"schema":{"@context":"https:\/\/schema.org","@graph":[{"@type":"WebPage","@id":"https:\/\/esthetic.sk\/vitamin-c-infusionstherapie\/","url":"https:\/\/esthetic.sk\/vitamin-c-infusionstherapie\/","name":"Vitamin C-Infusionstherapie | Esthetic Bratislava","isPartOf":{"@id":"https:\/\/esthetic.sk\/#website"},"primaryImageOfPage":{"@id":"https:\/\/esthetic.sk\/vitamin-c-infusionstherapie\/#primaryimage"},"image":{"@id":"https:\/\/esthetic.sk\/vitamin-c-infusionstherapie\/#primaryimage"},"thumbnailUrl":"https:\/\/esthetic.sk\/wp-content\/uploads\/2020\/10\/vit.jpg","datePublished":"2024-04-16T18:28:29+00:00","dateModified":"2024-04-16T18:28:29+00:00","breadcrumb":{"@id":"https:\/\/esthetic.sk\/vitamin-c-infusionstherapie\/#breadcrumb"},"inLanguage":"de","potentialAction":[{"@type":"ReadAction","target":["https:\/\/esthetic.sk\/vitamin-c-infusionstherapie\/"]}]},{"@type":"ImageObject","inLanguage":"de","@id":"https:\/\/esthetic.sk\/vitamin-c-infusionstherapie\/#primaryimage","url":"https:\/\/esthetic.sk\/wp-content\/uploads\/2020\/10\/vit.jpg","contentUrl":"https:\/\/esthetic.sk\/wp-content\/uploads\/2020\/10\/vit.jpg","width":1362,"height":1362},{"@type":"BreadcrumbList","@id":"https:\/\/esthetic.sk\/vitamin-c-infusionstherapie\/#breadcrumb","itemListElement":[{"@type":"ListItem","position":1,"name":"Home","item":"https:\/\/esthetic.sk\/"},{"@type":"ListItem","position":2,"name":"Vitamin C-Infusionstherapie"}]},{"@type":"WebSite","@id":"https:\/\/esthetic.sk\/#website","url":"https:\/\/esthetic.sk\/","name":"Esthetic Bratislava","description":"R\u00fdchla cesta k dokonal\u00e9mu vz\u013eadu","publisher":{"@id":"https:\/\/esthetic.sk\/#organization"},"potentialAction":[{"@type":"SearchAction","target":{"@type":"EntryPoint","urlTemplate":"https:\/\/esthetic.sk\/?s={search_term_string}"},"query-input":{"@type":"PropertyValueSpecification","valueRequired":true,"valueName":"search_term_string"}}],"inLanguage":"de"},{"@type":"Organization","@id":"https:\/\/esthetic.sk\/#organization","name":"Esthetic .s.r.o.","url":"https:\/\/esthetic.sk\/","logo":{"@type":"ImageObject","inLanguage":"de","@id":"https:\/\/esthetic.sk\/#\/schema\/logo\/image\/","url":"https:\/\/esthetic.sk\/wp-content\/uploads\/2019\/02\/logo-1.svg","contentUrl":"https:\/\/esthetic.sk\/wp-content\/uploads\/2019\/02\/logo-1.svg","width":1,"height":1,"caption":"Esthetic .s.r.o."},"image":{"@id":"https:\/\/esthetic.sk\/#\/schema\/logo\/image\/"},"sameAs":["https:\/\/www.facebook.com\/Klinikaesthetic","https:\/\/www.instagram.com\/klinikaesthetic\/","https:\/\/www.youtube.com\/channel\/UC8AgtXNjHpne8qWdj9szu1A"]}]}},"_links":{"self":[{"href":"https:\/\/esthetic.sk\/de\/wp-json\/wp\/v2\/pages\/5949"}],"collection":[{"href":"https:\/\/esthetic.sk\/de\/wp-json\/wp\/v2\/pages"}],"about":[{"href":"https:\/\/esthetic.sk\/de\/wp-json\/wp\/v2\/types\/page"}],"author":[{"embeddable":true,"href":"https:\/\/esthetic.sk\/de\/wp-json\/wp\/v2\/users\/1"}],"replies":[{"embeddable":true,"href":"https:\/\/esthetic.sk\/de\/wp-json\/wp\/v2\/comments?post=5949"}],"version-history":[{"count":0,"href":"https:\/\/esthetic.sk\/de\/wp-json\/wp\/v2\/pages\/5949\/revisions"}],"wp:featuredmedia":[{"embeddable":true,"href":"https:\/\/esthetic.sk\/de\/wp-json\/wp\/v2\/media\/5672"}],"wp:attachment":[{"href":"https:\/\/esthetic.sk\/de\/wp-json\/wp\/v2\/media?parent=5949"}],"curies":[{"name":"wp","href":"https:\/\/api.w.org\/{rel}","templated":true}]}}