{"id":5943,"date":"2024-04-16T20:28:25","date_gmt":"2024-04-16T18:28:25","guid":{"rendered":"https:\/\/esthetic.sk\/dermato-kosmetik\/aesthetische-kosmetische-behandlung\/komplette-hautbehandlung-mit-regenerierender-maske\/"},"modified":"2024-04-16T20:28:25","modified_gmt":"2024-04-16T18:28:25","slug":"komplette-hautbehandlung-mit-regenerierender-maske","status":"publish","type":"page","link":"https:\/\/esthetic.sk\/de\/dermato-kosmetik\/aesthetische-kosmetische-behandlung\/komplette-hautbehandlung-mit-regenerierender-maske\/","title":{"rendered":"Komplette Hautbehandlung mit regenerierender Maske"},"content":{"rendered":"<h2>Grundlegende Merkmale<\/h2>\n<ul>\n \t<li>dehydrierte Haut<\/li>\n \t<li>Haut ohne Leuchtkraft und Elastizit\u00e4t<\/li>\n \t<li>verstopfte Poren<\/li>\n \t<li>Tr\u00e4nens\u00e4cke unter den Augen<\/li>\n \t<li>feine Linien<\/li>\n<\/ul>\n<h2>Anwendung<\/h2>\nDie Behandlung l\u00e4uft folgenderma\u00dfen ab:\n<ul>\n \t<li>Vorbereitung und Abschminken<\/li>\n \t<li>Mikrodermabrasion<\/li>\n \t<li>Hautbedampfung<\/li>\n \t<li>manuelle Reinigung<\/li>\n \t<li>Maske<\/li>\n \t<li>Regenerative Massage (Lifting)<\/li>\n \t<li>Maske je nach Hauttyp<\/li>\n \t<li><a href=\"https:\/\/esthetic.sk\/dermato-kozmetika\/tvar-krk-dekolt\/liecba-led-svetlom\/\">LED-Licht<\/a><\/li>\n \t<li>endg\u00fcltige Anpassung<\/li>\n<\/ul>\n<h2>Wirkung<\/h2>\n<ul>\n \t<li>gefestigte und gestraffte Haut<\/li>\n \t<li>jugendliches Aussehen<\/li>\n \t<li>Beginn der Kollagenneubildung<\/li>\n \t<li>gl\u00e4ttet feine Linien<\/li>\n \t<li>Reduzierung von Augenringen\/-s\u00e4cken<\/li>\n<\/ul>\nPreis : 90 \u20ac","protected":false},"excerpt":{"rendered":"Grundlegende Merkmale dehydrierte Haut Haut ohne Leuchtkraft und Elastizit\u00e4t verstopfte Poren Tr\u00e4nens\u00e4cke unter den Augen feine Linien Anwendung Die Behandlung l\u00e4uft folgenderma\u00dfen ab: Vorbereitung und Abschminken Mikrodermabrasion Hautbedampfung manuelle Reinigung Maske Regenerative Massage (Lifting) Maske je nach Hauttyp LED-Licht endg\u00fcltige Anpassung Wirkung gefestigte und gestraffte Haut jugendliches Aussehen Beginn der Kollagenneubildung gl\u00e4ttet feine Linien Reduzierung","protected":false},"author":1,"featured_media":5526,"parent":5911,"menu_order":4,"comment_status":"closed","ping_status":"closed","template":"","meta":{"inline_featured_image":false,"footnotes":""},"class_list":["post-5943","page","type-page","status-publish","has-post-thumbnail","hentry"],"yoast_head":"<!-- This site is optimized with the Yoast SEO plugin v23.7 - https:\/\/yoast.com\/wordpress\/plugins\/seo\/ -->\n<title>| Esthetic Bratislava<\/title>\n<meta name=\"description\" content=\"Eine komplette Hautbehandlung mit einer regenerierenden Maske strafft die Haut effektiv, kurbelt die Kollagenproduktion an, gl\u00e4ttet feine Linien und reduziert Augenringe.\" \/>\n<meta name=\"robots\" content=\"index, follow, max-snippet:-1, max-image-preview:large, max-video-preview:-1\" \/>\n<link rel=\"canonical\" href=\"https:\/\/esthetic.sk\/de\/dermato-kosmetik\/aesthetische-kosmetische-behandlung\/komplette-hautbehandlung-mit-regenerierender-maske\/\" \/>\n<meta property=\"og:locale\" content=\"de_DE\" \/>\n<meta property=\"og:type\" content=\"article\" \/>\n<meta property=\"og:title\" content=\"| Esthetic Bratislava\" \/>\n<meta property=\"og:description\" content=\"Eine komplette Hautbehandlung mit einer regenerierenden Maske strafft die Haut effektiv, kurbelt die Kollagenproduktion an, gl\u00e4ttet feine Linien und reduziert Augenringe.\" \/>\n<meta property=\"og:url\" content=\"https:\/\/esthetic.sk\/de\/dermato-kosmetik\/aesthetische-kosmetische-behandlung\/komplette-hautbehandlung-mit-regenerierender-maske\/\" \/>\n<meta property=\"og:site_name\" content=\"Esthetic Bratislava\" \/>\n<meta property=\"article:publisher\" content=\"https:\/\/www.facebook.com\/Klinikaesthetic\" \/>\n<meta property=\"og:image\" content=\"https:\/\/esthetic.sk\/wp-content\/uploads\/2019\/02\/big11.jpg\" \/>\n\t<meta property=\"og:image:width\" content=\"1920\" \/>\n\t<meta property=\"og:image:height\" content=\"1080\" \/>\n\t<meta property=\"og:image:type\" content=\"image\/jpeg\" \/>\n<meta name=\"twitter:card\" content=\"summary_large_image\" \/>\n<script type=\"application\/ld+json\" class=\"yoast-schema-graph\">{\"@context\":\"https:\/\/schema.org\",\"@graph\":[{\"@type\":\"WebPage\",\"@id\":\"https:\/\/esthetic.sk\/de\/dermato-kosmetik\/aesthetische-kosmetische-behandlung\/komplette-hautbehandlung-mit-regenerierender-maske\/\",\"url\":\"https:\/\/esthetic.sk\/de\/dermato-kosmetik\/aesthetische-kosmetische-behandlung\/komplette-hautbehandlung-mit-regenerierender-maske\/\",\"name\":\"| Esthetic Bratislava\",\"isPartOf\":{\"@id\":\"https:\/\/esthetic.sk\/#website\"},\"primaryImageOfPage\":{\"@id\":\"https:\/\/esthetic.sk\/de\/dermato-kosmetik\/aesthetische-kosmetische-behandlung\/komplette-hautbehandlung-mit-regenerierender-maske\/#primaryimage\"},\"image\":{\"@id\":\"https:\/\/esthetic.sk\/de\/dermato-kosmetik\/aesthetische-kosmetische-behandlung\/komplette-hautbehandlung-mit-regenerierender-maske\/#primaryimage\"},\"thumbnailUrl\":\"https:\/\/esthetic.sk\/wp-content\/uploads\/2019\/02\/big11.jpg\",\"datePublished\":\"2024-04-16T18:28:25+00:00\",\"dateModified\":\"2024-04-16T18:28:25+00:00\",\"description\":\"Eine komplette Hautbehandlung mit einer regenerierenden Maske strafft die Haut effektiv, kurbelt die Kollagenproduktion an, gl\u00e4ttet feine Linien und reduziert Augenringe.\",\"breadcrumb\":{\"@id\":\"https:\/\/esthetic.sk\/de\/dermato-kosmetik\/aesthetische-kosmetische-behandlung\/komplette-hautbehandlung-mit-regenerierender-maske\/#breadcrumb\"},\"inLanguage\":\"de\",\"potentialAction\":[{\"@type\":\"ReadAction\",\"target\":[\"https:\/\/esthetic.sk\/de\/dermato-kosmetik\/aesthetische-kosmetische-behandlung\/komplette-hautbehandlung-mit-regenerierender-maske\/\"]}]},{\"@type\":\"ImageObject\",\"inLanguage\":\"de\",\"@id\":\"https:\/\/esthetic.sk\/de\/dermato-kosmetik\/aesthetische-kosmetische-behandlung\/komplette-hautbehandlung-mit-regenerierender-maske\/#primaryimage\",\"url\":\"https:\/\/esthetic.sk\/wp-content\/uploads\/2019\/02\/big11.jpg\",\"contentUrl\":\"https:\/\/esthetic.sk\/wp-content\/uploads\/2019\/02\/big11.jpg\",\"width\":1920,\"height\":1080},{\"@type\":\"BreadcrumbList\",\"@id\":\"https:\/\/esthetic.sk\/de\/dermato-kosmetik\/aesthetische-kosmetische-behandlung\/komplette-hautbehandlung-mit-regenerierender-maske\/#breadcrumb\",\"itemListElement\":[{\"@type\":\"ListItem\",\"position\":1,\"name\":\"Home\",\"item\":\"https:\/\/esthetic.sk\/\"},{\"@type\":\"ListItem\",\"position\":2,\"name\":\"Dermato Kosmetik\",\"item\":\"https:\/\/esthetic.sk\/de\/dermato-kosmetik\/\"},{\"@type\":\"ListItem\",\"position\":3,\"name\":\"\u00c4sthetische kosmetische Behandlung\",\"item\":\"https:\/\/esthetic.sk\/dermato-kosmetik\/aesthetische-kosmetische-behandlung\/\"},{\"@type\":\"ListItem\",\"position\":4,\"name\":\"Komplette Hautbehandlung mit regenerierender Maske\"}]},{\"@type\":\"WebSite\",\"@id\":\"https:\/\/esthetic.sk\/#website\",\"url\":\"https:\/\/esthetic.sk\/\",\"name\":\"Esthetic Bratislava\",\"description\":\"R\u00fdchla cesta k dokonal\u00e9mu vz\u013eadu\",\"publisher\":{\"@id\":\"https:\/\/esthetic.sk\/#organization\"},\"potentialAction\":[{\"@type\":\"SearchAction\",\"target\":{\"@type\":\"EntryPoint\",\"urlTemplate\":\"https:\/\/esthetic.sk\/?s={search_term_string}\"},\"query-input\":{\"@type\":\"PropertyValueSpecification\",\"valueRequired\":true,\"valueName\":\"search_term_string\"}}],\"inLanguage\":\"de\"},{\"@type\":\"Organization\",\"@id\":\"https:\/\/esthetic.sk\/#organization\",\"name\":\"Esthetic .s.r.o.\",\"url\":\"https:\/\/esthetic.sk\/\",\"logo\":{\"@type\":\"ImageObject\",\"inLanguage\":\"de\",\"@id\":\"https:\/\/esthetic.sk\/#\/schema\/logo\/image\/\",\"url\":\"https:\/\/esthetic.sk\/wp-content\/uploads\/2019\/02\/logo-1.svg\",\"contentUrl\":\"https:\/\/esthetic.sk\/wp-content\/uploads\/2019\/02\/logo-1.svg\",\"width\":1,\"height\":1,\"caption\":\"Esthetic .s.r.o.\"},\"image\":{\"@id\":\"https:\/\/esthetic.sk\/#\/schema\/logo\/image\/\"},\"sameAs\":[\"https:\/\/www.facebook.com\/Klinikaesthetic\",\"https:\/\/www.instagram.com\/klinikaesthetic\/\",\"https:\/\/www.youtube.com\/channel\/UC8AgtXNjHpne8qWdj9szu1A\"]}]}<\/script>\n<!-- \/ Yoast SEO plugin. -->","yoast_head_json":{"title":"| Esthetic Bratislava","description":"Eine komplette Hautbehandlung mit einer regenerierenden Maske strafft die Haut effektiv, kurbelt die Kollagenproduktion an, gl\u00e4ttet feine Linien und reduziert Augenringe.","robots":{"index":"index","follow":"follow","max-snippet":"max-snippet:-1","max-image-preview":"max-image-preview:large","max-video-preview":"max-video-preview:-1"},"canonical":"https:\/\/esthetic.sk\/de\/dermato-kosmetik\/aesthetische-kosmetische-behandlung\/komplette-hautbehandlung-mit-regenerierender-maske\/","og_locale":"de_DE","og_type":"article","og_title":"| Esthetic Bratislava","og_description":"Eine komplette Hautbehandlung mit einer regenerierenden Maske strafft die Haut effektiv, kurbelt die Kollagenproduktion an, gl\u00e4ttet feine Linien und reduziert Augenringe.","og_url":"https:\/\/esthetic.sk\/de\/dermato-kosmetik\/aesthetische-kosmetische-behandlung\/komplette-hautbehandlung-mit-regenerierender-maske\/","og_site_name":"Esthetic Bratislava","article_publisher":"https:\/\/www.facebook.com\/Klinikaesthetic","og_image":[{"width":1920,"height":1080,"url":"https:\/\/esthetic.sk\/wp-content\/uploads\/2019\/02\/big11.jpg","type":"image\/jpeg"}],"twitter_card":"summary_large_image","schema":{"@context":"https:\/\/schema.org","@graph":[{"@type":"WebPage","@id":"https:\/\/esthetic.sk\/de\/dermato-kosmetik\/aesthetische-kosmetische-behandlung\/komplette-hautbehandlung-mit-regenerierender-maske\/","url":"https:\/\/esthetic.sk\/de\/dermato-kosmetik\/aesthetische-kosmetische-behandlung\/komplette-hautbehandlung-mit-regenerierender-maske\/","name":"| Esthetic Bratislava","isPartOf":{"@id":"https:\/\/esthetic.sk\/#website"},"primaryImageOfPage":{"@id":"https:\/\/esthetic.sk\/de\/dermato-kosmetik\/aesthetische-kosmetische-behandlung\/komplette-hautbehandlung-mit-regenerierender-maske\/#primaryimage"},"image":{"@id":"https:\/\/esthetic.sk\/de\/dermato-kosmetik\/aesthetische-kosmetische-behandlung\/komplette-hautbehandlung-mit-regenerierender-maske\/#primaryimage"},"thumbnailUrl":"https:\/\/esthetic.sk\/wp-content\/uploads\/2019\/02\/big11.jpg","datePublished":"2024-04-16T18:28:25+00:00","dateModified":"2024-04-16T18:28:25+00:00","description":"Eine komplette Hautbehandlung mit einer regenerierenden Maske strafft die Haut effektiv, kurbelt die Kollagenproduktion an, gl\u00e4ttet feine Linien und reduziert Augenringe.","breadcrumb":{"@id":"https:\/\/esthetic.sk\/de\/dermato-kosmetik\/aesthetische-kosmetische-behandlung\/komplette-hautbehandlung-mit-regenerierender-maske\/#breadcrumb"},"inLanguage":"de","potentialAction":[{"@type":"ReadAction","target":["https:\/\/esthetic.sk\/de\/dermato-kosmetik\/aesthetische-kosmetische-behandlung\/komplette-hautbehandlung-mit-regenerierender-maske\/"]}]},{"@type":"ImageObject","inLanguage":"de","@id":"https:\/\/esthetic.sk\/de\/dermato-kosmetik\/aesthetische-kosmetische-behandlung\/komplette-hautbehandlung-mit-regenerierender-maske\/#primaryimage","url":"https:\/\/esthetic.sk\/wp-content\/uploads\/2019\/02\/big11.jpg","contentUrl":"https:\/\/esthetic.sk\/wp-content\/uploads\/2019\/02\/big11.jpg","width":1920,"height":1080},{"@type":"BreadcrumbList","@id":"https:\/\/esthetic.sk\/de\/dermato-kosmetik\/aesthetische-kosmetische-behandlung\/komplette-hautbehandlung-mit-regenerierender-maske\/#breadcrumb","itemListElement":[{"@type":"ListItem","position":1,"name":"Home","item":"https:\/\/esthetic.sk\/"},{"@type":"ListItem","position":2,"name":"Dermato Kosmetik","item":"https:\/\/esthetic.sk\/de\/dermato-kosmetik\/"},{"@type":"ListItem","position":3,"name":"\u00c4sthetische kosmetische Behandlung","item":"https:\/\/esthetic.sk\/dermato-kosmetik\/aesthetische-kosmetische-behandlung\/"},{"@type":"ListItem","position":4,"name":"Komplette Hautbehandlung mit regenerierender Maske"}]},{"@type":"WebSite","@id":"https:\/\/esthetic.sk\/#website","url":"https:\/\/esthetic.sk\/","name":"Esthetic Bratislava","description":"R\u00fdchla cesta k dokonal\u00e9mu vz\u013eadu","publisher":{"@id":"https:\/\/esthetic.sk\/#organization"},"potentialAction":[{"@type":"SearchAction","target":{"@type":"EntryPoint","urlTemplate":"https:\/\/esthetic.sk\/?s={search_term_string}"},"query-input":{"@type":"PropertyValueSpecification","valueRequired":true,"valueName":"search_term_string"}}],"inLanguage":"de"},{"@type":"Organization","@id":"https:\/\/esthetic.sk\/#organization","name":"Esthetic .s.r.o.","url":"https:\/\/esthetic.sk\/","logo":{"@type":"ImageObject","inLanguage":"de","@id":"https:\/\/esthetic.sk\/#\/schema\/logo\/image\/","url":"https:\/\/esthetic.sk\/wp-content\/uploads\/2019\/02\/logo-1.svg","contentUrl":"https:\/\/esthetic.sk\/wp-content\/uploads\/2019\/02\/logo-1.svg","width":1,"height":1,"caption":"Esthetic .s.r.o."},"image":{"@id":"https:\/\/esthetic.sk\/#\/schema\/logo\/image\/"},"sameAs":["https:\/\/www.facebook.com\/Klinikaesthetic","https:\/\/www.instagram.com\/klinikaesthetic\/","https:\/\/www.youtube.com\/channel\/UC8AgtXNjHpne8qWdj9szu1A"]}]}},"_links":{"self":[{"href":"https:\/\/esthetic.sk\/de\/wp-json\/wp\/v2\/pages\/5943"}],"collection":[{"href":"https:\/\/esthetic.sk\/de\/wp-json\/wp\/v2\/pages"}],"about":[{"href":"https:\/\/esthetic.sk\/de\/wp-json\/wp\/v2\/types\/page"}],"author":[{"embeddable":true,"href":"https:\/\/esthetic.sk\/de\/wp-json\/wp\/v2\/users\/1"}],"replies":[{"embeddable":true,"href":"https:\/\/esthetic.sk\/de\/wp-json\/wp\/v2\/comments?post=5943"}],"version-history":[{"count":0,"href":"https:\/\/esthetic.sk\/de\/wp-json\/wp\/v2\/pages\/5943\/revisions"}],"up":[{"embeddable":true,"href":"https:\/\/esthetic.sk\/de\/wp-json\/wp\/v2\/pages\/5911"}],"wp:featuredmedia":[{"embeddable":true,"href":"https:\/\/esthetic.sk\/de\/wp-json\/wp\/v2\/media\/5526"}],"wp:attachment":[{"href":"https:\/\/esthetic.sk\/de\/wp-json\/wp\/v2\/media?parent=5943"}],"curies":[{"name":"wp","href":"https:\/\/api.w.org\/{rel}","templated":true}]}}