{"id":5940,"date":"2024-04-16T20:28:24","date_gmt":"2024-04-16T18:28:24","guid":{"rendered":"https:\/\/esthetic.sk\/aesthetische-dermatologie\/pb-serum-injektion-lipolyse\/"},"modified":"2024-04-25T11:19:13","modified_gmt":"2024-04-25T09:19:13","slug":"pb-serum-injektion-lipolyse","status":"publish","type":"page","link":"https:\/\/esthetic.sk\/de\/aesthetische-dermatologie\/pb-serum-injektion-lipolyse\/","title":{"rendered":"PB Serum Injektion Lipolyse"},"content":{"rendered":"<h2>Grundlegende Informationen<\/h2>\n<ul>\n \t<li><span style=\"color: #808080; font-size: 16px;\">Entfernung von \u00fcbersch\u00fcssigem Fett an Problemzonen des K\u00f6rpers<\/span><\/li>\n \t<li><span style=\"color: #808080; font-size: 16px;\">Beseitigung von Cellulite<\/span><\/li>\n \t<li><span style=\"font-size: 16px; color: #808080;\">Behandlung und Pr\u00e4vention von Fibrose mit Fettansammlung<\/span><\/li>\n \t<li>\n<div><span class=\"\" style=\"color: #808080;\">Reduzierung von Narben<\/span><\/div><\/li>\n \t<li>\n<div><span style=\"color: #808080;\">Kinnverkleinerung<\/span><\/div><\/li>\n \t<li>\n<div><span class=\"\" style=\"color: #808080;\">Fl\u00fcssigkeitsretention bei fibrotischen Prozessen, die Schwellungen umfassen<\/span><\/div><\/li>\n<\/ul>\n<h2>Intervention<\/h2>\n<span style=\"color: #808080;\"><span style=\"font-size: 16px;\">Bei der Injektionslipolyse wird PB-Serum (niedrig, mittel oder hoch) injiziert &#8211; <\/span><span style=\"font-size: 16px;\">hochmolekulare und leicht vernetzte Hyalurons\u00e4ure<\/span><span style=\"font-size: 16px;\">die m<\/span><span style=\"font-size: 16px;\">hat entz\u00fcndungshemmende und regenerierende Eigenschaften und stimuliert die Bildung von Kollagenfasern in gesch\u00e4digtem Gewebe. E<\/span><span style=\"font-size: 16px;\">fective hilft <\/span><span style=\"font-size: 16px;\">die mit der Fibrose verbundene Fettansammlung zu beseitigen. <\/span> <span style=\"font-size: 16px;\">Diese Methode eignet sich f\u00fcr die Ansammlung von Fett in Bereichen, in denen der Patient die Fettpolster auch mit Sport oder Di\u00e4t nicht los wird. Diese Methode richtet sich nicht gegen Fettleibigkeit, sie ist keine Methode zum Abnehmen.  <\/span><\/span>\n\n<span style=\"color: #808080;\"><span style=\"font-size: 16px;\">Reduziert deutlich die Cellulite, strafft die Haut, Fett lagert sich nicht mehr in dem Bereich ab.  <\/span><span style=\"font-size: 16px;\">Speziell f\u00fcr die Behandlung resistenter fibr\u00f6ser Prozesse wie alle Arten von Narben, postoperative Fibrose oder Zellulitis.  <\/span><span style=\"font-size: 16px;\">Es hilft, die Fl\u00fcssigkeitsretention bei fibrotischen Prozessen, die mit Schwellungen einhergehen, zu reduzieren.<\/span><\/span>\n\n\n<br class=\"\"><span class=\"\" style=\"color: #808080;\"><strong>PB Serum LOW<\/strong> &#8211; Behandlung von Schlaffheit, perizellul\u00e4ren Bl\u00e4schen, Fl\u00fcssigkeitsretention<\/span>\n\n\n<span class=\"\" style=\"color: #808080;\"><strong>PB Serum MEDIUM<\/strong> &#8211; hilft, die mit Fibrose verbundenen Fettablagerungen zu beseitigen. Es stimuliert den Fettstoffwechsel und den Abbau von Triglyceriden, um das Volumen der Adipozyten in Bereichen mit \u00fcberm\u00e4\u00dfiger Fettansammlung zu reduzieren.  <\/span>\n<div><span class=\"\" style=\"color: #808080;\"><strong>PB serum HIGH<\/strong> &#8211; Behandlung und Vorbeugung von postoperativen Fibrosen, hypertrophen, atrophen und keloiden Narben, Integration von Hauttransplantaten bei Patienten mit Verbrennungen, Dehnungsstreifen.<\/span><\/div>\n<h2>Anwendung<\/h2>\n<span style=\"color: #808080; font-size: 16px;\">Die Substanz wird direkt in den behandelten Bereich injiziert. Der Eingriff wird ambulant durchgef\u00fchrt, ohne dass eine An\u00e4sthesie erforderlich ist.  <\/span>\n<h2>Dauer des Verfahrens<\/h2>\n<span style=\"color: #808080; font-size: 16px;\">Der Eingriff dauert etwa 30 Minuten. Es ist notwendig, die Prozedur 3-5 Mal zu wiederholen, je nach individuellem Bedarf im Abstand von 14 Tagen.\n<\/span>\n<h2><b class=\"\"><span class=\"\" style=\"color: #000000;\">Wirkung<\/span><\/b><\/h2>\n<span style=\"color: #808080; font-size: 16px;\">Die Wirkung tritt allm\u00e4hlich ein und ist lang anhaltend. Bei der Behandlung von Fettansammlungen oder Cellulite ist es wichtig, einen gesunden Lebensstil zu f\u00fchren und nach dem Eingriff nicht zuzunehmen.  <\/span>\n<h2><b class=\"\"><span class=\"\" style=\"color: #000000;\">Nach dem Eingriff<\/span><\/b><\/h2>\n<div class=\"\">\n<div class=\"\"><span class=\"\" style=\"color: #808080;\"><span class=\"\">Nach dem Eingriff muss keine herausnehmbare Unterw\u00e4sche getragen werden, und der Patient kann praktisch an seinen Arbeitsplatz zur\u00fcckkehren. Der Bereich ist nach dem Eingriff leicht geschwollen und ger\u00f6tet, der Patient kann ein Brennen oder Jucken versp\u00fcren, aber diese Symptome verschwinden sp\u00e4testens 3 Tage nach der Anwendung.  <\/span><\/span><\/div>\n<div><\/div>\n<h2><b class=\"\"><span class=\"\" style=\"color: #000000;\">Risiken<\/span><\/b><\/h2>\n<ul>\n \t<li><span style=\"color: #808080;\">R\u00f6tung<\/span><\/li>\n \t<li><span style=\"color: #808080;\">Anschwellen<\/span><\/li>\n \t<li><span style=\"color: #808080;\">brennend<\/span><\/li>\n \t<li><span style=\"color: #808080;\">Juckreiz<\/span><\/li>\n<\/ul>\n<\/div>\n<div class=\"\">\n<div class=\"\"><\/div>\n<\/div>\n&nbsp;\n\n&nbsp;","protected":false},"excerpt":{"rendered":"Grundlegende Informationen Entfernung von \u00fcbersch\u00fcssigem Fett an Problemzonen des K\u00f6rpers Beseitigung von Cellulite Behandlung und Pr\u00e4vention von Fibrose mit Fettansammlung Reduzierung von Narben Kinnverkleinerung Fl\u00fcssigkeitsretention bei fibrotischen Prozessen, die Schwellungen umfassen Intervention Bei der Injektionslipolyse wird PB-Serum (niedrig, mittel oder hoch) injiziert &#8211; hochmolekulare und leicht vernetzte Hyalurons\u00e4uredie mhat entz\u00fcndungshemmende und regenerierende Eigenschaften und stimuliert","protected":false},"author":1,"featured_media":5525,"parent":5468,"menu_order":1,"comment_status":"closed","ping_status":"closed","template":"","meta":{"inline_featured_image":false,"footnotes":""},"class_list":["post-5940","page","type-page","status-publish","has-post-thumbnail","hentry"],"yoast_head":"<!-- This site is optimized with the Yoast SEO plugin v23.7 - https:\/\/yoast.com\/wordpress\/plugins\/seo\/ -->\n<title>Injizierbare Lipolyse PB Serum | Cellulite | Formgebung | Esthetic Bratislava<\/title>\n<meta name=\"description\" content=\"Injizierbares Lipolyse PB Serum - entfernt \u00fcbersch\u00fcssiges Fett, beseitigt Cellulite, behandelt Fibrose angesammeltes Fett, reduziert Narben, Dehnungsstreifen, Kinn und Schwellungen.\" \/>\n<meta name=\"robots\" content=\"index, follow, max-snippet:-1, max-image-preview:large, max-video-preview:-1\" \/>\n<link rel=\"canonical\" href=\"https:\/\/esthetic.sk\/de\/aesthetische-dermatologie\/pb-serum-injektion-lipolyse\/\" \/>\n<meta property=\"og:locale\" content=\"de_DE\" \/>\n<meta property=\"og:type\" content=\"article\" \/>\n<meta property=\"og:title\" content=\"Injizierbare Lipolyse PB Serum | Cellulite | Formgebung | Esthetic Bratislava\" \/>\n<meta property=\"og:description\" content=\"Injizierbares Lipolyse PB Serum - entfernt \u00fcbersch\u00fcssiges Fett, beseitigt Cellulite, behandelt Fibrose angesammeltes Fett, reduziert Narben, Dehnungsstreifen, Kinn und Schwellungen.\" \/>\n<meta property=\"og:url\" content=\"https:\/\/esthetic.sk\/de\/aesthetische-dermatologie\/pb-serum-injektion-lipolyse\/\" \/>\n<meta property=\"og:site_name\" content=\"Esthetic Bratislava\" \/>\n<meta property=\"article:publisher\" content=\"https:\/\/www.facebook.com\/Klinikaesthetic\" \/>\n<meta property=\"article:modified_time\" content=\"2024-04-25T09:19:13+00:00\" \/>\n<meta property=\"og:image\" content=\"https:\/\/esthetic.sk\/wp-content\/uploads\/2019\/02\/big-10.jpg\" \/>\n\t<meta property=\"og:image:width\" content=\"1920\" \/>\n\t<meta property=\"og:image:height\" content=\"1080\" \/>\n\t<meta property=\"og:image:type\" content=\"image\/jpeg\" \/>\n<meta name=\"twitter:card\" content=\"summary_large_image\" \/>\n<meta name=\"twitter:label1\" content=\"Gesch\u00e4tzte Lesezeit\" \/>\n\t<meta name=\"twitter:data1\" content=\"2\u00a0Minuten\" \/>\n<script type=\"application\/ld+json\" class=\"yoast-schema-graph\">{\"@context\":\"https:\/\/schema.org\",\"@graph\":[{\"@type\":\"WebPage\",\"@id\":\"https:\/\/esthetic.sk\/de\/aesthetische-dermatologie\/pb-serum-injektion-lipolyse\/\",\"url\":\"https:\/\/esthetic.sk\/de\/aesthetische-dermatologie\/pb-serum-injektion-lipolyse\/\",\"name\":\"Injizierbare Lipolyse PB Serum | Cellulite | Formgebung | Esthetic Bratislava\",\"isPartOf\":{\"@id\":\"https:\/\/esthetic.sk\/#website\"},\"primaryImageOfPage\":{\"@id\":\"https:\/\/esthetic.sk\/de\/aesthetische-dermatologie\/pb-serum-injektion-lipolyse\/#primaryimage\"},\"image\":{\"@id\":\"https:\/\/esthetic.sk\/de\/aesthetische-dermatologie\/pb-serum-injektion-lipolyse\/#primaryimage\"},\"thumbnailUrl\":\"https:\/\/esthetic.sk\/wp-content\/uploads\/2019\/02\/big-10.jpg\",\"datePublished\":\"2024-04-16T18:28:24+00:00\",\"dateModified\":\"2024-04-25T09:19:13+00:00\",\"description\":\"Injizierbares Lipolyse PB Serum - entfernt \u00fcbersch\u00fcssiges Fett, beseitigt Cellulite, behandelt Fibrose angesammeltes Fett, reduziert Narben, Dehnungsstreifen, Kinn und Schwellungen.\",\"breadcrumb\":{\"@id\":\"https:\/\/esthetic.sk\/de\/aesthetische-dermatologie\/pb-serum-injektion-lipolyse\/#breadcrumb\"},\"inLanguage\":\"de\",\"potentialAction\":[{\"@type\":\"ReadAction\",\"target\":[\"https:\/\/esthetic.sk\/de\/aesthetische-dermatologie\/pb-serum-injektion-lipolyse\/\"]}]},{\"@type\":\"ImageObject\",\"inLanguage\":\"de\",\"@id\":\"https:\/\/esthetic.sk\/de\/aesthetische-dermatologie\/pb-serum-injektion-lipolyse\/#primaryimage\",\"url\":\"https:\/\/esthetic.sk\/wp-content\/uploads\/2019\/02\/big-10.jpg\",\"contentUrl\":\"https:\/\/esthetic.sk\/wp-content\/uploads\/2019\/02\/big-10.jpg\",\"width\":1920,\"height\":1080},{\"@type\":\"BreadcrumbList\",\"@id\":\"https:\/\/esthetic.sk\/de\/aesthetische-dermatologie\/pb-serum-injektion-lipolyse\/#breadcrumb\",\"itemListElement\":[{\"@type\":\"ListItem\",\"position\":1,\"name\":\"Home\",\"item\":\"https:\/\/esthetic.sk\/\"},{\"@type\":\"ListItem\",\"position\":2,\"name\":\"\u00c4sthetische Dermatologie\",\"item\":\"https:\/\/esthetic.sk\/de\/aesthetische-dermatologie\/\"},{\"@type\":\"ListItem\",\"position\":3,\"name\":\"PB Serum Injektion Lipolyse\"}]},{\"@type\":\"WebSite\",\"@id\":\"https:\/\/esthetic.sk\/#website\",\"url\":\"https:\/\/esthetic.sk\/\",\"name\":\"Esthetic Bratislava\",\"description\":\"R\u00fdchla cesta k dokonal\u00e9mu vz\u013eadu\",\"publisher\":{\"@id\":\"https:\/\/esthetic.sk\/#organization\"},\"potentialAction\":[{\"@type\":\"SearchAction\",\"target\":{\"@type\":\"EntryPoint\",\"urlTemplate\":\"https:\/\/esthetic.sk\/?s={search_term_string}\"},\"query-input\":{\"@type\":\"PropertyValueSpecification\",\"valueRequired\":true,\"valueName\":\"search_term_string\"}}],\"inLanguage\":\"de\"},{\"@type\":\"Organization\",\"@id\":\"https:\/\/esthetic.sk\/#organization\",\"name\":\"Esthetic .s.r.o.\",\"url\":\"https:\/\/esthetic.sk\/\",\"logo\":{\"@type\":\"ImageObject\",\"inLanguage\":\"de\",\"@id\":\"https:\/\/esthetic.sk\/#\/schema\/logo\/image\/\",\"url\":\"https:\/\/esthetic.sk\/wp-content\/uploads\/2019\/02\/logo-1.svg\",\"contentUrl\":\"https:\/\/esthetic.sk\/wp-content\/uploads\/2019\/02\/logo-1.svg\",\"width\":1,\"height\":1,\"caption\":\"Esthetic .s.r.o.\"},\"image\":{\"@id\":\"https:\/\/esthetic.sk\/#\/schema\/logo\/image\/\"},\"sameAs\":[\"https:\/\/www.facebook.com\/Klinikaesthetic\",\"https:\/\/www.instagram.com\/klinikaesthetic\/\",\"https:\/\/www.youtube.com\/channel\/UC8AgtXNjHpne8qWdj9szu1A\"]}]}<\/script>\n<!-- \/ Yoast SEO plugin. -->","yoast_head_json":{"title":"Injizierbare Lipolyse PB Serum | Cellulite | Formgebung | Esthetic Bratislava","description":"Injizierbares Lipolyse PB Serum - entfernt \u00fcbersch\u00fcssiges Fett, beseitigt Cellulite, behandelt Fibrose angesammeltes Fett, reduziert Narben, Dehnungsstreifen, Kinn und Schwellungen.","robots":{"index":"index","follow":"follow","max-snippet":"max-snippet:-1","max-image-preview":"max-image-preview:large","max-video-preview":"max-video-preview:-1"},"canonical":"https:\/\/esthetic.sk\/de\/aesthetische-dermatologie\/pb-serum-injektion-lipolyse\/","og_locale":"de_DE","og_type":"article","og_title":"Injizierbare Lipolyse PB Serum | Cellulite | Formgebung | Esthetic Bratislava","og_description":"Injizierbares Lipolyse PB Serum - entfernt \u00fcbersch\u00fcssiges Fett, beseitigt Cellulite, behandelt Fibrose angesammeltes Fett, reduziert Narben, Dehnungsstreifen, Kinn und Schwellungen.","og_url":"https:\/\/esthetic.sk\/de\/aesthetische-dermatologie\/pb-serum-injektion-lipolyse\/","og_site_name":"Esthetic Bratislava","article_publisher":"https:\/\/www.facebook.com\/Klinikaesthetic","article_modified_time":"2024-04-25T09:19:13+00:00","og_image":[{"width":1920,"height":1080,"url":"https:\/\/esthetic.sk\/wp-content\/uploads\/2019\/02\/big-10.jpg","type":"image\/jpeg"}],"twitter_card":"summary_large_image","twitter_misc":{"Gesch\u00e4tzte Lesezeit":"2\u00a0Minuten"},"schema":{"@context":"https:\/\/schema.org","@graph":[{"@type":"WebPage","@id":"https:\/\/esthetic.sk\/de\/aesthetische-dermatologie\/pb-serum-injektion-lipolyse\/","url":"https:\/\/esthetic.sk\/de\/aesthetische-dermatologie\/pb-serum-injektion-lipolyse\/","name":"Injizierbare Lipolyse PB Serum | Cellulite | Formgebung | Esthetic Bratislava","isPartOf":{"@id":"https:\/\/esthetic.sk\/#website"},"primaryImageOfPage":{"@id":"https:\/\/esthetic.sk\/de\/aesthetische-dermatologie\/pb-serum-injektion-lipolyse\/#primaryimage"},"image":{"@id":"https:\/\/esthetic.sk\/de\/aesthetische-dermatologie\/pb-serum-injektion-lipolyse\/#primaryimage"},"thumbnailUrl":"https:\/\/esthetic.sk\/wp-content\/uploads\/2019\/02\/big-10.jpg","datePublished":"2024-04-16T18:28:24+00:00","dateModified":"2024-04-25T09:19:13+00:00","description":"Injizierbares Lipolyse PB Serum - entfernt \u00fcbersch\u00fcssiges Fett, beseitigt Cellulite, behandelt Fibrose angesammeltes Fett, reduziert Narben, Dehnungsstreifen, Kinn und Schwellungen.","breadcrumb":{"@id":"https:\/\/esthetic.sk\/de\/aesthetische-dermatologie\/pb-serum-injektion-lipolyse\/#breadcrumb"},"inLanguage":"de","potentialAction":[{"@type":"ReadAction","target":["https:\/\/esthetic.sk\/de\/aesthetische-dermatologie\/pb-serum-injektion-lipolyse\/"]}]},{"@type":"ImageObject","inLanguage":"de","@id":"https:\/\/esthetic.sk\/de\/aesthetische-dermatologie\/pb-serum-injektion-lipolyse\/#primaryimage","url":"https:\/\/esthetic.sk\/wp-content\/uploads\/2019\/02\/big-10.jpg","contentUrl":"https:\/\/esthetic.sk\/wp-content\/uploads\/2019\/02\/big-10.jpg","width":1920,"height":1080},{"@type":"BreadcrumbList","@id":"https:\/\/esthetic.sk\/de\/aesthetische-dermatologie\/pb-serum-injektion-lipolyse\/#breadcrumb","itemListElement":[{"@type":"ListItem","position":1,"name":"Home","item":"https:\/\/esthetic.sk\/"},{"@type":"ListItem","position":2,"name":"\u00c4sthetische Dermatologie","item":"https:\/\/esthetic.sk\/de\/aesthetische-dermatologie\/"},{"@type":"ListItem","position":3,"name":"PB Serum Injektion Lipolyse"}]},{"@type":"WebSite","@id":"https:\/\/esthetic.sk\/#website","url":"https:\/\/esthetic.sk\/","name":"Esthetic Bratislava","description":"R\u00fdchla cesta k dokonal\u00e9mu vz\u013eadu","publisher":{"@id":"https:\/\/esthetic.sk\/#organization"},"potentialAction":[{"@type":"SearchAction","target":{"@type":"EntryPoint","urlTemplate":"https:\/\/esthetic.sk\/?s={search_term_string}"},"query-input":{"@type":"PropertyValueSpecification","valueRequired":true,"valueName":"search_term_string"}}],"inLanguage":"de"},{"@type":"Organization","@id":"https:\/\/esthetic.sk\/#organization","name":"Esthetic .s.r.o.","url":"https:\/\/esthetic.sk\/","logo":{"@type":"ImageObject","inLanguage":"de","@id":"https:\/\/esthetic.sk\/#\/schema\/logo\/image\/","url":"https:\/\/esthetic.sk\/wp-content\/uploads\/2019\/02\/logo-1.svg","contentUrl":"https:\/\/esthetic.sk\/wp-content\/uploads\/2019\/02\/logo-1.svg","width":1,"height":1,"caption":"Esthetic .s.r.o."},"image":{"@id":"https:\/\/esthetic.sk\/#\/schema\/logo\/image\/"},"sameAs":["https:\/\/www.facebook.com\/Klinikaesthetic","https:\/\/www.instagram.com\/klinikaesthetic\/","https:\/\/www.youtube.com\/channel\/UC8AgtXNjHpne8qWdj9szu1A"]}]}},"_links":{"self":[{"href":"https:\/\/esthetic.sk\/de\/wp-json\/wp\/v2\/pages\/5940"}],"collection":[{"href":"https:\/\/esthetic.sk\/de\/wp-json\/wp\/v2\/pages"}],"about":[{"href":"https:\/\/esthetic.sk\/de\/wp-json\/wp\/v2\/types\/page"}],"author":[{"embeddable":true,"href":"https:\/\/esthetic.sk\/de\/wp-json\/wp\/v2\/users\/1"}],"replies":[{"embeddable":true,"href":"https:\/\/esthetic.sk\/de\/wp-json\/wp\/v2\/comments?post=5940"}],"version-history":[{"count":1,"href":"https:\/\/esthetic.sk\/de\/wp-json\/wp\/v2\/pages\/5940\/revisions"}],"predecessor-version":[{"id":6255,"href":"https:\/\/esthetic.sk\/de\/wp-json\/wp\/v2\/pages\/5940\/revisions\/6255"}],"up":[{"embeddable":true,"href":"https:\/\/esthetic.sk\/de\/wp-json\/wp\/v2\/pages\/5468"}],"wp:featuredmedia":[{"embeddable":true,"href":"https:\/\/esthetic.sk\/de\/wp-json\/wp\/v2\/media\/5525"}],"wp:attachment":[{"href":"https:\/\/esthetic.sk\/de\/wp-json\/wp\/v2\/media?parent=5940"}],"curies":[{"name":"wp","href":"https:\/\/api.w.org\/{rel}","templated":true}]}}