{"id":5938,"date":"2024-04-16T20:28:23","date_gmt":"2024-04-16T18:28:23","guid":{"rendered":"https:\/\/esthetic.sk\/dermato-kosmetik\/gesicht-hals-dekollete\/profacial\/"},"modified":"2024-04-16T20:28:23","modified_gmt":"2024-04-16T18:28:23","slug":"profacial","status":"publish","type":"page","link":"https:\/\/esthetic.sk\/de\/dermato-kosmetik\/gesicht-hals-dekollete\/profacial\/","title":{"rendered":"ProFacial"},"content":{"rendered":"<h2>Grundlegende Merkmale<\/h2>\n<ul>\n \t<li>Haut ohne Helligkeit<\/li>\n \t<li>Falten<\/li>\n \t<li>verstopfte Poren<\/li>\n<\/ul>\n<h2>Anwendung<\/h2>\nEine schmerzlose, nicht-invasive Behandlung, die die Haut reinigt und poliert. Das Ergebnis ist eine ges\u00fcndere Haut und ein jugendlicheres Aussehen. Durch die Kombination der neuesten Technologien k\u00f6nnen wir eine medizinische Wirkung erzielen. Die Behandlung umfasst:\n<ul>\n \t<li>Aquadermabrasion &#8211; Tiefenreinigung der Haut mit einer Reihe gezielter L\u00f6sungen<\/li>\n \t<li>Ultraschall &#8211; die Massage durch Mikrovibrationen mit zehntausenden von aktiven Wellen pro Sekunde aktiviert die Lipolyse und die transdermale Aufnahme von N\u00e4hrstoffen &#8211; erfahren Sie mehr (HIER)<\/li>\n \t<li><a href=\"https:\/\/esthetic.sk\/esteticka-dermatologia\/tvar\/multipolarna-radiofrekvencia-viva\/\">Multipolare Radiofrequenz<\/a> &#8211; sichere Tiefenerw\u00e4rmung zur Stimulation von Kollagen<\/li>\n \t<li>Ionic Lifting &#8211; sorgt f\u00fcr Hautstraffung und Elastizit\u00e4t mit der neuen Technologie der absto\u00dfenden elektrodynamischen Kraft &#8211; erfahren Sie mehr (HIER)<\/li>\n<\/ul>\nWir empfehlen, die Behandlung 3-4 Mal in w\u00f6chentlichen Abst\u00e4nden oder als Erhaltungsbehandlung einmal im Monat zu wiederholen.\n<h2>Spezielle ProFacial-L\u00f6sungen<\/h2>\n<ul>\n \t<li>L\u00f6sung Nr.1 &#8211; ProFacial Peel Solution PS 1- Bio &#8211; AHA Komplex entfernt Unreinheiten und befreit die Haut sanft von abgestorbenen Hautzellen, verj\u00fcngt sie und macht sie weich, glatt und frisch. Wirkstoffe: Milchs\u00e4ure 5%, medizinischer Lavendel, Monarda didyma, Freesia refracta, Mentha piperita, Snthemis nobilis, Rosmarinum officinalis, Bergamotte, Papaya.<\/li>\n \t<li>L\u00f6sung Nr.2 &#8211; ProFacial Peel Solution PS-2 Bio &#8211; BHA-Komplex macht die Poren intensiv weich und reinigt sie gr\u00fcndlich, entfernt Talg und wirkt gegen Akne, reinigt, strafft und befeuchtet die Haut, gl\u00e4ttet Falten. Wirkstoffe: proteinogene Aminos\u00e4ure Arginin, Portulak (extrem hoher Gehalt an Omega-3-Fetts\u00e4uren), Aloe vera, Lavendel, Monarda didyma, Freesia refracta, Mentha piperita, Anthemis nobilis, Rosmarinum officinalis, Salicyls\u00e4ure.<\/li>\n \t<li>L\u00f6sung Nr.3 &#8211; ProFacial Peel Solution PS-3 Bio &#8211; Hyalurons\u00e4ure und 53 weitere Aminos\u00e4uren und Galactomycine dringen schnell in die tiefen Hautschichten ein, beschleunigen den Zellstoffwechsel, l\u00f6sen unerw\u00fcnschte Pigmentierungen auf, versorgen die Haut mit N\u00e4hrstoffen, st\u00e4rken Kollagen und elastische Fasern und sorgen f\u00fcr einen kristallklaren Teint. Wirkstoffe: Hyalurons\u00e4ure, 53 epidermale pflanzliche Wachstumsaminos\u00e4uren EGF, Galactomycine, Lactobacillus, fermentierter Oliven-, Minze- und Klee-Extrakt.<\/li>\n<\/ul>\n<div id='gallery-1' class='gallery galleryid-5938 gallery-columns-3 gallery-size-thumbnail'><figure class='gallery-item'>\n\t\t\t<div class='gallery-icon landscape'>\n\t\t\t\t<a href='https:\/\/esthetic.sk\/wp-content\/uploads\/2019\/02\/e-img-168.jpg' title=\"\" data-rl_title=\"\" class=\"rl-gallery-link\" data-rl_caption=\"\" data-rel=\"lightbox-gallery-1\"><img loading=\"lazy\" decoding=\"async\" width=\"550\" height=\"550\" src=\"https:\/\/esthetic.sk\/wp-content\/uploads\/2019\/02\/e-img-168-550x550.jpg\" class=\"attachment-thumbnail size-thumbnail\" alt=\"\" srcset=\"https:\/\/esthetic.sk\/wp-content\/uploads\/2019\/02\/e-img-168-550x550.jpg 550w, https:\/\/esthetic.sk\/wp-content\/uploads\/2019\/02\/e-img-168-100x100.jpg 100w\" sizes=\"100vw\" \/><\/a>\n\t\t\t<\/div><\/figure><figure class='gallery-item'>\n\t\t\t<div class='gallery-icon landscape'>\n\t\t\t\t<a href='https:\/\/esthetic.sk\/wp-content\/uploads\/2019\/02\/e-img-169.jpg' title=\"\" data-rl_title=\"\" class=\"rl-gallery-link\" data-rl_caption=\"\" data-rel=\"lightbox-gallery-1\"><img loading=\"lazy\" decoding=\"async\" width=\"550\" height=\"550\" src=\"https:\/\/esthetic.sk\/wp-content\/uploads\/2019\/02\/e-img-169-550x550.jpg\" class=\"attachment-thumbnail size-thumbnail\" alt=\"\" srcset=\"https:\/\/esthetic.sk\/wp-content\/uploads\/2019\/02\/e-img-169-550x550.jpg 550w, https:\/\/esthetic.sk\/wp-content\/uploads\/2019\/02\/e-img-169-100x100.jpg 100w\" sizes=\"100vw\" \/><\/a>\n\t\t\t<\/div><\/figure><figure class='gallery-item'>\n\t\t\t<div class='gallery-icon landscape'>\n\t\t\t\t<a href='https:\/\/esthetic.sk\/wp-content\/uploads\/2019\/02\/e-img-170.jpg' title=\"\" data-rl_title=\"\" class=\"rl-gallery-link\" data-rl_caption=\"\" data-rel=\"lightbox-gallery-1\"><img loading=\"lazy\" decoding=\"async\" width=\"550\" height=\"550\" src=\"https:\/\/esthetic.sk\/wp-content\/uploads\/2019\/02\/e-img-170-550x550.jpg\" class=\"attachment-thumbnail size-thumbnail\" alt=\"\" srcset=\"https:\/\/esthetic.sk\/wp-content\/uploads\/2019\/02\/e-img-170-550x550.jpg 550w, https:\/\/esthetic.sk\/wp-content\/uploads\/2019\/02\/e-img-170-100x100.jpg 100w\" sizes=\"100vw\" \/><\/a>\n\t\t\t<\/div><\/figure><figure class='gallery-item'>\n\t\t\t<div class='gallery-icon landscape'>\n\t\t\t\t<a href='https:\/\/esthetic.sk\/wp-content\/uploads\/2019\/02\/e-img-171.jpg' title=\"\" data-rl_title=\"\" class=\"rl-gallery-link\" data-rl_caption=\"\" data-rel=\"lightbox-gallery-1\"><img loading=\"lazy\" decoding=\"async\" width=\"550\" height=\"550\" src=\"https:\/\/esthetic.sk\/wp-content\/uploads\/2019\/02\/e-img-171-550x550.jpg\" class=\"attachment-thumbnail size-thumbnail\" alt=\"\" srcset=\"https:\/\/esthetic.sk\/wp-content\/uploads\/2019\/02\/e-img-171-550x550.jpg 550w, https:\/\/esthetic.sk\/wp-content\/uploads\/2019\/02\/e-img-171-100x100.jpg 100w\" sizes=\"100vw\" \/><\/a>\n\t\t\t<\/div><\/figure>\n\t\t<\/div>\n","protected":false},"excerpt":{"rendered":"Grundlegende Merkmale Haut ohne Helligkeit Falten verstopfte Poren Anwendung Eine schmerzlose, nicht-invasive Behandlung, die die Haut reinigt und poliert. Das Ergebnis ist eine ges\u00fcndere Haut und ein jugendlicheres Aussehen. Durch die Kombination der neuesten Technologien k\u00f6nnen wir eine medizinische Wirkung erzielen. Die Behandlung umfasst: Aquadermabrasion &#8211; Tiefenreinigung der Haut mit einer Reihe gezielter L\u00f6sungen Ultraschall","protected":false},"author":1,"featured_media":5526,"parent":5903,"menu_order":9,"comment_status":"closed","ping_status":"closed","template":"","meta":{"inline_featured_image":false,"footnotes":""},"class_list":["post-5938","page","type-page","status-publish","has-post-thumbnail","hentry"],"yoast_head":"<!-- This site is optimized with the Yoast SEO plugin v23.7 - https:\/\/yoast.com\/wordpress\/plugins\/seo\/ -->\n<title>ProFacial | Umfassende | Esthetic Bratislava<\/title>\n<meta name=\"description\" content=\"ProFacial - umfassende Hautpflege ist eine nicht-invasive Behandlung, die die Haut reinigt und verfeinert. Das Ergebnis ist eine ges\u00fcndere Haut und ein jugendlicheres Aussehen.\" \/>\n<meta name=\"robots\" content=\"index, follow, max-snippet:-1, max-image-preview:large, max-video-preview:-1\" \/>\n<link rel=\"canonical\" href=\"https:\/\/esthetic.sk\/de\/dermato-kosmetik\/gesicht-hals-dekollete\/profacial\/\" \/>\n<meta property=\"og:locale\" content=\"de_DE\" \/>\n<meta property=\"og:type\" content=\"article\" \/>\n<meta property=\"og:title\" content=\"ProFacial | Umfassende | Esthetic Bratislava\" \/>\n<meta property=\"og:description\" content=\"ProFacial - umfassende Hautpflege ist eine nicht-invasive Behandlung, die die Haut reinigt und verfeinert. Das Ergebnis ist eine ges\u00fcndere Haut und ein jugendlicheres Aussehen.\" \/>\n<meta property=\"og:url\" content=\"https:\/\/esthetic.sk\/de\/dermato-kosmetik\/gesicht-hals-dekollete\/profacial\/\" \/>\n<meta property=\"og:site_name\" content=\"Esthetic Bratislava\" \/>\n<meta property=\"article:publisher\" content=\"https:\/\/www.facebook.com\/Klinikaesthetic\" \/>\n<meta property=\"og:image\" content=\"https:\/\/esthetic.sk\/wp-content\/uploads\/2019\/02\/big11.jpg\" \/>\n\t<meta property=\"og:image:width\" content=\"1920\" \/>\n\t<meta property=\"og:image:height\" content=\"1080\" \/>\n\t<meta property=\"og:image:type\" content=\"image\/jpeg\" \/>\n<meta name=\"twitter:card\" content=\"summary_large_image\" \/>\n<meta name=\"twitter:label1\" content=\"Gesch\u00e4tzte Lesezeit\" \/>\n\t<meta name=\"twitter:data1\" content=\"2\u00a0Minuten\" \/>\n<script type=\"application\/ld+json\" class=\"yoast-schema-graph\">{\"@context\":\"https:\/\/schema.org\",\"@graph\":[{\"@type\":\"WebPage\",\"@id\":\"https:\/\/esthetic.sk\/de\/dermato-kosmetik\/gesicht-hals-dekollete\/profacial\/\",\"url\":\"https:\/\/esthetic.sk\/de\/dermato-kosmetik\/gesicht-hals-dekollete\/profacial\/\",\"name\":\"ProFacial | Umfassende | Esthetic Bratislava\",\"isPartOf\":{\"@id\":\"https:\/\/esthetic.sk\/#website\"},\"primaryImageOfPage\":{\"@id\":\"https:\/\/esthetic.sk\/de\/dermato-kosmetik\/gesicht-hals-dekollete\/profacial\/#primaryimage\"},\"image\":{\"@id\":\"https:\/\/esthetic.sk\/de\/dermato-kosmetik\/gesicht-hals-dekollete\/profacial\/#primaryimage\"},\"thumbnailUrl\":\"https:\/\/esthetic.sk\/wp-content\/uploads\/2019\/02\/big11.jpg\",\"datePublished\":\"2024-04-16T18:28:23+00:00\",\"dateModified\":\"2024-04-16T18:28:23+00:00\",\"description\":\"ProFacial - umfassende Hautpflege ist eine nicht-invasive Behandlung, die die Haut reinigt und verfeinert. Das Ergebnis ist eine ges\u00fcndere Haut und ein jugendlicheres Aussehen.\",\"breadcrumb\":{\"@id\":\"https:\/\/esthetic.sk\/de\/dermato-kosmetik\/gesicht-hals-dekollete\/profacial\/#breadcrumb\"},\"inLanguage\":\"de\",\"potentialAction\":[{\"@type\":\"ReadAction\",\"target\":[\"https:\/\/esthetic.sk\/de\/dermato-kosmetik\/gesicht-hals-dekollete\/profacial\/\"]}]},{\"@type\":\"ImageObject\",\"inLanguage\":\"de\",\"@id\":\"https:\/\/esthetic.sk\/de\/dermato-kosmetik\/gesicht-hals-dekollete\/profacial\/#primaryimage\",\"url\":\"https:\/\/esthetic.sk\/wp-content\/uploads\/2019\/02\/big11.jpg\",\"contentUrl\":\"https:\/\/esthetic.sk\/wp-content\/uploads\/2019\/02\/big11.jpg\",\"width\":1920,\"height\":1080},{\"@type\":\"BreadcrumbList\",\"@id\":\"https:\/\/esthetic.sk\/de\/dermato-kosmetik\/gesicht-hals-dekollete\/profacial\/#breadcrumb\",\"itemListElement\":[{\"@type\":\"ListItem\",\"position\":1,\"name\":\"Home\",\"item\":\"https:\/\/esthetic.sk\/\"},{\"@type\":\"ListItem\",\"position\":2,\"name\":\"Dermato Kosmetik\",\"item\":\"https:\/\/esthetic.sk\/de\/dermato-kosmetik\/\"},{\"@type\":\"ListItem\",\"position\":3,\"name\":\"Gesicht, Hals, Dekollet\u00e9\",\"item\":\"https:\/\/esthetic.sk\/dermato-kosmetik\/gesicht-hals-dekollete\/\"},{\"@type\":\"ListItem\",\"position\":4,\"name\":\"ProFacial\"}]},{\"@type\":\"WebSite\",\"@id\":\"https:\/\/esthetic.sk\/#website\",\"url\":\"https:\/\/esthetic.sk\/\",\"name\":\"Esthetic Bratislava\",\"description\":\"R\u00fdchla cesta k dokonal\u00e9mu vz\u013eadu\",\"publisher\":{\"@id\":\"https:\/\/esthetic.sk\/#organization\"},\"potentialAction\":[{\"@type\":\"SearchAction\",\"target\":{\"@type\":\"EntryPoint\",\"urlTemplate\":\"https:\/\/esthetic.sk\/?s={search_term_string}\"},\"query-input\":{\"@type\":\"PropertyValueSpecification\",\"valueRequired\":true,\"valueName\":\"search_term_string\"}}],\"inLanguage\":\"de\"},{\"@type\":\"Organization\",\"@id\":\"https:\/\/esthetic.sk\/#organization\",\"name\":\"Esthetic .s.r.o.\",\"url\":\"https:\/\/esthetic.sk\/\",\"logo\":{\"@type\":\"ImageObject\",\"inLanguage\":\"de\",\"@id\":\"https:\/\/esthetic.sk\/#\/schema\/logo\/image\/\",\"url\":\"https:\/\/esthetic.sk\/wp-content\/uploads\/2019\/02\/logo-1.svg\",\"contentUrl\":\"https:\/\/esthetic.sk\/wp-content\/uploads\/2019\/02\/logo-1.svg\",\"width\":1,\"height\":1,\"caption\":\"Esthetic .s.r.o.\"},\"image\":{\"@id\":\"https:\/\/esthetic.sk\/#\/schema\/logo\/image\/\"},\"sameAs\":[\"https:\/\/www.facebook.com\/Klinikaesthetic\",\"https:\/\/www.instagram.com\/klinikaesthetic\/\",\"https:\/\/www.youtube.com\/channel\/UC8AgtXNjHpne8qWdj9szu1A\"]}]}<\/script>\n<!-- \/ Yoast SEO plugin. -->","yoast_head_json":{"title":"ProFacial | Umfassende | Esthetic Bratislava","description":"ProFacial - umfassende Hautpflege ist eine nicht-invasive Behandlung, die die Haut reinigt und verfeinert. Das Ergebnis ist eine ges\u00fcndere Haut und ein jugendlicheres Aussehen.","robots":{"index":"index","follow":"follow","max-snippet":"max-snippet:-1","max-image-preview":"max-image-preview:large","max-video-preview":"max-video-preview:-1"},"canonical":"https:\/\/esthetic.sk\/de\/dermato-kosmetik\/gesicht-hals-dekollete\/profacial\/","og_locale":"de_DE","og_type":"article","og_title":"ProFacial | Umfassende | Esthetic Bratislava","og_description":"ProFacial - umfassende Hautpflege ist eine nicht-invasive Behandlung, die die Haut reinigt und verfeinert. Das Ergebnis ist eine ges\u00fcndere Haut und ein jugendlicheres Aussehen.","og_url":"https:\/\/esthetic.sk\/de\/dermato-kosmetik\/gesicht-hals-dekollete\/profacial\/","og_site_name":"Esthetic Bratislava","article_publisher":"https:\/\/www.facebook.com\/Klinikaesthetic","og_image":[{"width":1920,"height":1080,"url":"https:\/\/esthetic.sk\/wp-content\/uploads\/2019\/02\/big11.jpg","type":"image\/jpeg"}],"twitter_card":"summary_large_image","twitter_misc":{"Gesch\u00e4tzte Lesezeit":"2\u00a0Minuten"},"schema":{"@context":"https:\/\/schema.org","@graph":[{"@type":"WebPage","@id":"https:\/\/esthetic.sk\/de\/dermato-kosmetik\/gesicht-hals-dekollete\/profacial\/","url":"https:\/\/esthetic.sk\/de\/dermato-kosmetik\/gesicht-hals-dekollete\/profacial\/","name":"ProFacial | Umfassende | Esthetic Bratislava","isPartOf":{"@id":"https:\/\/esthetic.sk\/#website"},"primaryImageOfPage":{"@id":"https:\/\/esthetic.sk\/de\/dermato-kosmetik\/gesicht-hals-dekollete\/profacial\/#primaryimage"},"image":{"@id":"https:\/\/esthetic.sk\/de\/dermato-kosmetik\/gesicht-hals-dekollete\/profacial\/#primaryimage"},"thumbnailUrl":"https:\/\/esthetic.sk\/wp-content\/uploads\/2019\/02\/big11.jpg","datePublished":"2024-04-16T18:28:23+00:00","dateModified":"2024-04-16T18:28:23+00:00","description":"ProFacial - umfassende Hautpflege ist eine nicht-invasive Behandlung, die die Haut reinigt und verfeinert. Das Ergebnis ist eine ges\u00fcndere Haut und ein jugendlicheres Aussehen.","breadcrumb":{"@id":"https:\/\/esthetic.sk\/de\/dermato-kosmetik\/gesicht-hals-dekollete\/profacial\/#breadcrumb"},"inLanguage":"de","potentialAction":[{"@type":"ReadAction","target":["https:\/\/esthetic.sk\/de\/dermato-kosmetik\/gesicht-hals-dekollete\/profacial\/"]}]},{"@type":"ImageObject","inLanguage":"de","@id":"https:\/\/esthetic.sk\/de\/dermato-kosmetik\/gesicht-hals-dekollete\/profacial\/#primaryimage","url":"https:\/\/esthetic.sk\/wp-content\/uploads\/2019\/02\/big11.jpg","contentUrl":"https:\/\/esthetic.sk\/wp-content\/uploads\/2019\/02\/big11.jpg","width":1920,"height":1080},{"@type":"BreadcrumbList","@id":"https:\/\/esthetic.sk\/de\/dermato-kosmetik\/gesicht-hals-dekollete\/profacial\/#breadcrumb","itemListElement":[{"@type":"ListItem","position":1,"name":"Home","item":"https:\/\/esthetic.sk\/"},{"@type":"ListItem","position":2,"name":"Dermato Kosmetik","item":"https:\/\/esthetic.sk\/de\/dermato-kosmetik\/"},{"@type":"ListItem","position":3,"name":"Gesicht, Hals, Dekollet\u00e9","item":"https:\/\/esthetic.sk\/dermato-kosmetik\/gesicht-hals-dekollete\/"},{"@type":"ListItem","position":4,"name":"ProFacial"}]},{"@type":"WebSite","@id":"https:\/\/esthetic.sk\/#website","url":"https:\/\/esthetic.sk\/","name":"Esthetic Bratislava","description":"R\u00fdchla cesta k dokonal\u00e9mu vz\u013eadu","publisher":{"@id":"https:\/\/esthetic.sk\/#organization"},"potentialAction":[{"@type":"SearchAction","target":{"@type":"EntryPoint","urlTemplate":"https:\/\/esthetic.sk\/?s={search_term_string}"},"query-input":{"@type":"PropertyValueSpecification","valueRequired":true,"valueName":"search_term_string"}}],"inLanguage":"de"},{"@type":"Organization","@id":"https:\/\/esthetic.sk\/#organization","name":"Esthetic .s.r.o.","url":"https:\/\/esthetic.sk\/","logo":{"@type":"ImageObject","inLanguage":"de","@id":"https:\/\/esthetic.sk\/#\/schema\/logo\/image\/","url":"https:\/\/esthetic.sk\/wp-content\/uploads\/2019\/02\/logo-1.svg","contentUrl":"https:\/\/esthetic.sk\/wp-content\/uploads\/2019\/02\/logo-1.svg","width":1,"height":1,"caption":"Esthetic .s.r.o."},"image":{"@id":"https:\/\/esthetic.sk\/#\/schema\/logo\/image\/"},"sameAs":["https:\/\/www.facebook.com\/Klinikaesthetic","https:\/\/www.instagram.com\/klinikaesthetic\/","https:\/\/www.youtube.com\/channel\/UC8AgtXNjHpne8qWdj9szu1A"]}]}},"_links":{"self":[{"href":"https:\/\/esthetic.sk\/de\/wp-json\/wp\/v2\/pages\/5938"}],"collection":[{"href":"https:\/\/esthetic.sk\/de\/wp-json\/wp\/v2\/pages"}],"about":[{"href":"https:\/\/esthetic.sk\/de\/wp-json\/wp\/v2\/types\/page"}],"author":[{"embeddable":true,"href":"https:\/\/esthetic.sk\/de\/wp-json\/wp\/v2\/users\/1"}],"replies":[{"embeddable":true,"href":"https:\/\/esthetic.sk\/de\/wp-json\/wp\/v2\/comments?post=5938"}],"version-history":[{"count":0,"href":"https:\/\/esthetic.sk\/de\/wp-json\/wp\/v2\/pages\/5938\/revisions"}],"up":[{"embeddable":true,"href":"https:\/\/esthetic.sk\/de\/wp-json\/wp\/v2\/pages\/5903"}],"wp:featuredmedia":[{"embeddable":true,"href":"https:\/\/esthetic.sk\/de\/wp-json\/wp\/v2\/media\/5526"}],"wp:attachment":[{"href":"https:\/\/esthetic.sk\/de\/wp-json\/wp\/v2\/media?parent=5938"}],"curies":[{"name":"wp","href":"https:\/\/api.w.org\/{rel}","templated":true}]}}