{"id":5930,"date":"2024-04-16T20:28:17","date_gmt":"2024-04-16T18:28:17","guid":{"rendered":"https:\/\/esthetic.sk\/aesthetische-dermatologie\/gesicht\/microbotox\/"},"modified":"2024-04-16T20:28:17","modified_gmt":"2024-04-16T18:28:17","slug":"microbotox","status":"publish","type":"page","link":"https:\/\/esthetic.sk\/de\/aesthetische-dermatologie\/gesicht\/microbotox\/","title":{"rendered":"Microbotox"},"content":{"rendered":"<h2>Was ist Microbotox?<\/h2>\n\n\nEs ist ein patentiertes Mikroinjektionssystem, das auf vergoldeten Mikronadeln basiert, die d\u00fcnner sind als ein menschliches Haar. Sie versorgen die Haut bis zu einer Tiefe von 600 Mikrometern effektiv mit bioaktiven Substanzen. Dank eines neuen patentierten Ger\u00e4ts, das aus 20 Nadeln aus 24 Karat Gold besteht, die so d\u00fcnn sind, dass sie die Wirkstoffe praktisch unbemerkt in die Haut einbringen k\u00f6nnen. Kein Blut, keine blauen Flecken.\n\n<h2>Grundlegende Informationen<\/h2>\n<ul>\n\n\t<li>Faltenentfernung<\/li>\n\n\t<li>Hautaufhellung &#8222;Glow-Effekt&#8220;<\/li>\n\n\t<li>Verbesserung des Hauttons<\/li>\n\n\t<li>Verkleinerung der vergr\u00f6\u00dferten Poren<\/li>\n\n\t<li>glattere Haut<\/li>\n\n\t<li>Akne-Reduktion<\/li>\n\n<\/ul>\n\n\n<h2>Anwendung<\/h2>\n\nDiese Methode ist f\u00fcr Menschen geeignet, die keine Nadeln m\u00f6gen und Angst vor Schmerzen haben. Die AquaGold Fine Touch-Methode ist v\u00f6llig schmerz- und blutungsfrei mit minimaler Hautr\u00f6tung bei der Anwendung.\n<br><br>\nDabei handelt es sich um die Anwendung eines Cocktails aus Botox, Mesotherapie und einer L\u00f6sung zur Hydratisierung der Haut.\n\n<h2>Dauer des Verfahrens<\/h2>\n\nDie Behandlung dauert nur wenige Minuten, so dass Sie sie in Ihrer Mittagspause durchf\u00fchren k\u00f6nnen. Die Wirkung der Therapie ist sofort sichtbar und entwickelt sich innerhalb einer Woche. H\u00e4lt 3 Monate.\n<br><br>\nEs werden mindestens 3 Sitzungen empfohlen.\n\n<div id=\"objednavka\" class=\"obj\">\n<h3>Vereinbaren Sie einen Termin<\/h3>\n\n<div class=\"wpcf7 no-js\" id=\"wpcf7-f6559-o1\" lang=\"de-DE\" dir=\"ltr\">\n<div class=\"screen-reader-response\"><p role=\"status\" aria-live=\"polite\" aria-atomic=\"true\"><\/p> <ul><\/ul><\/div>\n<form action=\"\/de\/wp-json\/wp\/v2\/pages\/5930#wpcf7-f6559-o1\" method=\"post\" class=\"wpcf7-form init wpcf7-acceptance-as-validation\" aria-label=\"Kontaktformular\" novalidate=\"novalidate\" data-status=\"init\">\n<div style=\"display: none;\">\n<input type=\"hidden\" name=\"_wpcf7\" value=\"6559\" \/>\n<input type=\"hidden\" name=\"_wpcf7_version\" value=\"5.9.8\" \/>\n<input type=\"hidden\" name=\"_wpcf7_locale\" value=\"de_DE\" \/>\n<input type=\"hidden\" name=\"_wpcf7_unit_tag\" value=\"wpcf7-f6559-o1\" \/>\n<input type=\"hidden\" name=\"_wpcf7_container_post\" value=\"0\" \/>\n<input type=\"hidden\" name=\"_wpcf7_posted_data_hash\" value=\"\" \/>\n<input type=\"hidden\" name=\"_wpcf7_recaptcha_response\" value=\"\" \/>\n<\/div>\n<div class=\"big-form\">\n\t<div class=\"l-part\">\n\t\t<p><label><span class=\"p\">Ihr Name<\/span><span class=\"wpcf7-form-control-wrap\" data-name=\"your-name\"><input size=\"40\" maxlength=\"400\" class=\"wpcf7-form-control wpcf7-text wpcf7-validates-as-required\" aria-required=\"true\" aria-invalid=\"false\" placeholder=\"Ihr Name\" value=\"\" type=\"text\" name=\"your-name\" \/><\/span><\/label>\n\t\t<\/p>\n\t\t<p><label><br \/>\n<span class=\"p\">Ihre E-Mail*<\/span><br \/>\n<span class=\"wpcf7-form-control-wrap\" data-name=\"your-email\"><input size=\"40\" maxlength=\"400\" class=\"wpcf7-form-control wpcf7-text wpcf7-validates-as-required\" aria-required=\"true\" aria-invalid=\"false\" placeholder=\"Ihre E-Mail*\" value=\"\" type=\"text\" name=\"your-email\" \/><\/span><br \/>\n<\/label>\n\t\t<\/p>\n\t\t<p><label><br \/>\n<span class=\"p\">Telefon<\/span><br \/>\n<span class=\"wpcf7-form-control-wrap\" data-name=\"your-phone\"><input size=\"40\" maxlength=\"400\" class=\"wpcf7-form-control wpcf7-tel wpcf7-validates-as-required wpcf7-text wpcf7-validates-as-tel\" aria-required=\"true\" aria-invalid=\"false\" placeholder=\"Telefon\" value=\"\" type=\"tel\" name=\"your-phone\" \/><\/span><br \/>\n<\/label>\n\t\t<\/p>\n\t<\/div>\n\t<div class=\"r-part\">\n\t\t<p><label><br \/>\n<span class=\"datum-termin\">W\u00e4hlen Sie Ihr bevorzugtes Operationsdatum<\/span><br \/>\n<span class=\"wpcf7-form-control-wrap\" data-name=\"date-411\"><input class=\"wpcf7-form-control wpcf7-date wpcf7-validates-as-date\" aria-invalid=\"false\" placeholder=\"W\u00e4hlen Sie Ihr bevorzugtes Operationsdatum\" value=\"\" type=\"date\" name=\"date-411\" \/><\/span><br \/>\n<\/label>\n\t\t<\/p>\n\t\t<p><label><br \/>\n<span class=\"p\">Notiz<\/span><br \/>\n<span class=\"wpcf7-form-control-wrap\" data-name=\"your-message\"><textarea cols=\"40\" rows=\"10\" maxlength=\"2000\" class=\"wpcf7-form-control wpcf7-textarea\" aria-invalid=\"false\" placeholder=\"Notiz\" name=\"your-message\"><\/textarea><\/span><br \/>\n<\/label>\n\t\t<\/p>\n\t<\/div>\n\t<div class=\"bottom\">\n\t\t<div class=\"note\">\n\t\t\t<div class=\"akceptacia\">\n\t\t\t\t<p><span class=\"wpcf7-form-control-wrap\" data-name=\"acceptance-156\"><span class=\"wpcf7-form-control wpcf7-acceptance\"><span class=\"wpcf7-list-item\"><input type=\"checkbox\" name=\"acceptance-156\" value=\"1\" aria-invalid=\"false\" \/><\/span><\/span><\/span><span class=\"akceptujem\">* Ich habe <a href=\"https:\/\/esthetic.sk\/ochrana-osobnych-udajov\/\" target=\"_blank\">hier<\/a> \u00fcber die <a href=\"https:\/\/esthetic.sk\/ochrana-osobnych-udajov\/\" target=\"_blank\">Verarbeitung personenbezogener Daten<\/a> gelesen.<\/span>\n\t\t\t\t<\/p>\n\t\t\t<\/div>\n\t\t<\/div>\n\t\t<p><span id=\"wpcf7-69f1b9c4bfbba-wrapper\" class=\"wpcf7-form-control-wrap email-23-wrap\" style=\"display:none !important; visibility:hidden !important;\"><label for=\"wpcf7-69f1b9c4bfbba-field\" class=\"hp-message\">Bitte lasse dieses Feld leer.<\/label><input id=\"wpcf7-69f1b9c4bfbba-field\"  class=\"wpcf7-form-control wpcf7-text\" type=\"text\" name=\"email-23\" value=\"\" size=\"40\" tabindex=\"-1\" autocomplete=\"new-password\" \/><\/span><br \/>\n<input class=\"wpcf7-form-control wpcf7-submit has-spinner\" type=\"submit\" value=\"Termin vereinbaren\" \/>\n\t\t<\/p>\n\t<\/div>\n<\/div><p style=\"display: none !important;\" class=\"akismet-fields-container\" data-prefix=\"_wpcf7_ak_\"><label>&#916;<textarea name=\"_wpcf7_ak_hp_textarea\" cols=\"45\" rows=\"8\" maxlength=\"100\"><\/textarea><\/label><input type=\"hidden\" id=\"ak_js_1\" name=\"_wpcf7_ak_js\" value=\"47\"\/><script>document.getElementById( \"ak_js_1\" ).setAttribute( \"value\", ( new Date() ).getTime() );<\/script><\/p><input type='hidden' class='wpcf7-pum' value='{\"closepopup\":false,\"closedelay\":0,\"openpopup\":false,\"openpopup_id\":0}' \/><div class=\"wpcf7-response-output\" aria-hidden=\"true\"><\/div>\n<\/form>\n<\/div>\n\n<\/div>","protected":false},"excerpt":{"rendered":"Was ist Microbotox? Es ist ein patentiertes Mikroinjektionssystem, das auf vergoldeten Mikronadeln basiert, die d\u00fcnner sind als ein menschliches Haar. Sie versorgen die Haut bis zu einer Tiefe von 600 Mikrometern effektiv mit bioaktiven Substanzen. Dank eines neuen patentierten Ger\u00e4ts, das aus 20 Nadeln aus 24 Karat Gold besteht, die so d\u00fcnn sind, dass sie","protected":false},"author":1,"featured_media":5509,"parent":5718,"menu_order":9,"comment_status":"closed","ping_status":"closed","template":"","meta":{"inline_featured_image":false,"footnotes":""},"class_list":["post-5930","page","type-page","status-publish","has-post-thumbnail","hentry"],"yoast_head":"<!-- This site is optimized with the Yoast SEO plugin v23.7 - https:\/\/yoast.com\/wordpress\/plugins\/seo\/ -->\n<title>Microbotox | Aquagold Fine Touch | Esthetic Bratislava<\/title>\n<meta name=\"description\" content=\"Microbotox - oder auch Aquagold Fine Touch ist eine innovative, schmerzfreie Methode, die es nur in der Esthetic Klinik gibt. Wir mischen Ihnen einen Stoffcocktail ganz nach Ihrem Geschmack.\" \/>\n<meta name=\"robots\" content=\"index, follow, max-snippet:-1, max-image-preview:large, max-video-preview:-1\" \/>\n<link rel=\"canonical\" href=\"https:\/\/esthetic.sk\/de\/aesthetische-dermatologie\/gesicht\/microbotox\/\" \/>\n<meta property=\"og:locale\" content=\"de_DE\" \/>\n<meta property=\"og:type\" content=\"article\" \/>\n<meta property=\"og:title\" content=\"Microbotox | Aquagold Fine Touch | Esthetic Bratislava\" \/>\n<meta property=\"og:description\" content=\"Microbotox - oder auch Aquagold Fine Touch ist eine innovative, schmerzfreie Methode, die es nur in der Esthetic Klinik gibt. Wir mischen Ihnen einen Stoffcocktail ganz nach Ihrem Geschmack.\" \/>\n<meta property=\"og:url\" content=\"https:\/\/esthetic.sk\/de\/aesthetische-dermatologie\/gesicht\/microbotox\/\" \/>\n<meta property=\"og:site_name\" content=\"Esthetic Bratislava\" \/>\n<meta property=\"article:publisher\" content=\"https:\/\/www.facebook.com\/Klinikaesthetic\" \/>\n<meta property=\"og:image\" content=\"https:\/\/esthetic.sk\/wp-content\/uploads\/2019\/02\/big1-1.jpg\" \/>\n\t<meta property=\"og:image:width\" content=\"1920\" \/>\n\t<meta property=\"og:image:height\" content=\"1080\" \/>\n\t<meta property=\"og:image:type\" content=\"image\/jpeg\" \/>\n<meta name=\"twitter:card\" content=\"summary_large_image\" \/>\n<meta name=\"twitter:label1\" content=\"Gesch\u00e4tzte Lesezeit\" \/>\n\t<meta name=\"twitter:data1\" content=\"1\u00a0Minute\" \/>\n<script type=\"application\/ld+json\" class=\"yoast-schema-graph\">{\"@context\":\"https:\/\/schema.org\",\"@graph\":[{\"@type\":\"WebPage\",\"@id\":\"https:\/\/esthetic.sk\/de\/aesthetische-dermatologie\/gesicht\/microbotox\/\",\"url\":\"https:\/\/esthetic.sk\/de\/aesthetische-dermatologie\/gesicht\/microbotox\/\",\"name\":\"Microbotox | Aquagold Fine Touch | Esthetic Bratislava\",\"isPartOf\":{\"@id\":\"https:\/\/esthetic.sk\/#website\"},\"primaryImageOfPage\":{\"@id\":\"https:\/\/esthetic.sk\/de\/aesthetische-dermatologie\/gesicht\/microbotox\/#primaryimage\"},\"image\":{\"@id\":\"https:\/\/esthetic.sk\/de\/aesthetische-dermatologie\/gesicht\/microbotox\/#primaryimage\"},\"thumbnailUrl\":\"https:\/\/esthetic.sk\/wp-content\/uploads\/2019\/02\/big1-1.jpg\",\"datePublished\":\"2024-04-16T18:28:17+00:00\",\"dateModified\":\"2024-04-16T18:28:17+00:00\",\"description\":\"Microbotox - oder auch Aquagold Fine Touch ist eine innovative, schmerzfreie Methode, die es nur in der Esthetic Klinik gibt. Wir mischen Ihnen einen Stoffcocktail ganz nach Ihrem Geschmack.\",\"breadcrumb\":{\"@id\":\"https:\/\/esthetic.sk\/de\/aesthetische-dermatologie\/gesicht\/microbotox\/#breadcrumb\"},\"inLanguage\":\"de\",\"potentialAction\":[{\"@type\":\"ReadAction\",\"target\":[\"https:\/\/esthetic.sk\/de\/aesthetische-dermatologie\/gesicht\/microbotox\/\"]}]},{\"@type\":\"ImageObject\",\"inLanguage\":\"de\",\"@id\":\"https:\/\/esthetic.sk\/de\/aesthetische-dermatologie\/gesicht\/microbotox\/#primaryimage\",\"url\":\"https:\/\/esthetic.sk\/wp-content\/uploads\/2019\/02\/big1-1.jpg\",\"contentUrl\":\"https:\/\/esthetic.sk\/wp-content\/uploads\/2019\/02\/big1-1.jpg\",\"width\":1920,\"height\":1080},{\"@type\":\"BreadcrumbList\",\"@id\":\"https:\/\/esthetic.sk\/de\/aesthetische-dermatologie\/gesicht\/microbotox\/#breadcrumb\",\"itemListElement\":[{\"@type\":\"ListItem\",\"position\":1,\"name\":\"Home\",\"item\":\"https:\/\/esthetic.sk\/\"},{\"@type\":\"ListItem\",\"position\":2,\"name\":\"\u00c4sthetische Dermatologie\",\"item\":\"https:\/\/esthetic.sk\/de\/aesthetische-dermatologie\/\"},{\"@type\":\"ListItem\",\"position\":3,\"name\":\"Gesicht\",\"item\":\"https:\/\/esthetic.sk\/aesthetische-dermatologie\/gesicht\/\"},{\"@type\":\"ListItem\",\"position\":4,\"name\":\"Microbotox\"}]},{\"@type\":\"WebSite\",\"@id\":\"https:\/\/esthetic.sk\/#website\",\"url\":\"https:\/\/esthetic.sk\/\",\"name\":\"Esthetic Bratislava\",\"description\":\"R\u00fdchla cesta k dokonal\u00e9mu vz\u013eadu\",\"publisher\":{\"@id\":\"https:\/\/esthetic.sk\/#organization\"},\"potentialAction\":[{\"@type\":\"SearchAction\",\"target\":{\"@type\":\"EntryPoint\",\"urlTemplate\":\"https:\/\/esthetic.sk\/?s={search_term_string}\"},\"query-input\":{\"@type\":\"PropertyValueSpecification\",\"valueRequired\":true,\"valueName\":\"search_term_string\"}}],\"inLanguage\":\"de\"},{\"@type\":\"Organization\",\"@id\":\"https:\/\/esthetic.sk\/#organization\",\"name\":\"Esthetic .s.r.o.\",\"url\":\"https:\/\/esthetic.sk\/\",\"logo\":{\"@type\":\"ImageObject\",\"inLanguage\":\"de\",\"@id\":\"https:\/\/esthetic.sk\/#\/schema\/logo\/image\/\",\"url\":\"https:\/\/esthetic.sk\/wp-content\/uploads\/2019\/02\/logo-1.svg\",\"contentUrl\":\"https:\/\/esthetic.sk\/wp-content\/uploads\/2019\/02\/logo-1.svg\",\"width\":1,\"height\":1,\"caption\":\"Esthetic .s.r.o.\"},\"image\":{\"@id\":\"https:\/\/esthetic.sk\/#\/schema\/logo\/image\/\"},\"sameAs\":[\"https:\/\/www.facebook.com\/Klinikaesthetic\",\"https:\/\/www.instagram.com\/klinikaesthetic\/\",\"https:\/\/www.youtube.com\/channel\/UC8AgtXNjHpne8qWdj9szu1A\"]}]}<\/script>\n<!-- \/ Yoast SEO plugin. -->","yoast_head_json":{"title":"Microbotox | Aquagold Fine Touch | Esthetic Bratislava","description":"Microbotox - oder auch Aquagold Fine Touch ist eine innovative, schmerzfreie Methode, die es nur in der Esthetic Klinik gibt. Wir mischen Ihnen einen Stoffcocktail ganz nach Ihrem Geschmack.","robots":{"index":"index","follow":"follow","max-snippet":"max-snippet:-1","max-image-preview":"max-image-preview:large","max-video-preview":"max-video-preview:-1"},"canonical":"https:\/\/esthetic.sk\/de\/aesthetische-dermatologie\/gesicht\/microbotox\/","og_locale":"de_DE","og_type":"article","og_title":"Microbotox | Aquagold Fine Touch | Esthetic Bratislava","og_description":"Microbotox - oder auch Aquagold Fine Touch ist eine innovative, schmerzfreie Methode, die es nur in der Esthetic Klinik gibt. Wir mischen Ihnen einen Stoffcocktail ganz nach Ihrem Geschmack.","og_url":"https:\/\/esthetic.sk\/de\/aesthetische-dermatologie\/gesicht\/microbotox\/","og_site_name":"Esthetic Bratislava","article_publisher":"https:\/\/www.facebook.com\/Klinikaesthetic","og_image":[{"width":1920,"height":1080,"url":"https:\/\/esthetic.sk\/wp-content\/uploads\/2019\/02\/big1-1.jpg","type":"image\/jpeg"}],"twitter_card":"summary_large_image","twitter_misc":{"Gesch\u00e4tzte Lesezeit":"1\u00a0Minute"},"schema":{"@context":"https:\/\/schema.org","@graph":[{"@type":"WebPage","@id":"https:\/\/esthetic.sk\/de\/aesthetische-dermatologie\/gesicht\/microbotox\/","url":"https:\/\/esthetic.sk\/de\/aesthetische-dermatologie\/gesicht\/microbotox\/","name":"Microbotox | Aquagold Fine Touch | Esthetic Bratislava","isPartOf":{"@id":"https:\/\/esthetic.sk\/#website"},"primaryImageOfPage":{"@id":"https:\/\/esthetic.sk\/de\/aesthetische-dermatologie\/gesicht\/microbotox\/#primaryimage"},"image":{"@id":"https:\/\/esthetic.sk\/de\/aesthetische-dermatologie\/gesicht\/microbotox\/#primaryimage"},"thumbnailUrl":"https:\/\/esthetic.sk\/wp-content\/uploads\/2019\/02\/big1-1.jpg","datePublished":"2024-04-16T18:28:17+00:00","dateModified":"2024-04-16T18:28:17+00:00","description":"Microbotox - oder auch Aquagold Fine Touch ist eine innovative, schmerzfreie Methode, die es nur in der Esthetic Klinik gibt. Wir mischen Ihnen einen Stoffcocktail ganz nach Ihrem Geschmack.","breadcrumb":{"@id":"https:\/\/esthetic.sk\/de\/aesthetische-dermatologie\/gesicht\/microbotox\/#breadcrumb"},"inLanguage":"de","potentialAction":[{"@type":"ReadAction","target":["https:\/\/esthetic.sk\/de\/aesthetische-dermatologie\/gesicht\/microbotox\/"]}]},{"@type":"ImageObject","inLanguage":"de","@id":"https:\/\/esthetic.sk\/de\/aesthetische-dermatologie\/gesicht\/microbotox\/#primaryimage","url":"https:\/\/esthetic.sk\/wp-content\/uploads\/2019\/02\/big1-1.jpg","contentUrl":"https:\/\/esthetic.sk\/wp-content\/uploads\/2019\/02\/big1-1.jpg","width":1920,"height":1080},{"@type":"BreadcrumbList","@id":"https:\/\/esthetic.sk\/de\/aesthetische-dermatologie\/gesicht\/microbotox\/#breadcrumb","itemListElement":[{"@type":"ListItem","position":1,"name":"Home","item":"https:\/\/esthetic.sk\/"},{"@type":"ListItem","position":2,"name":"\u00c4sthetische Dermatologie","item":"https:\/\/esthetic.sk\/de\/aesthetische-dermatologie\/"},{"@type":"ListItem","position":3,"name":"Gesicht","item":"https:\/\/esthetic.sk\/aesthetische-dermatologie\/gesicht\/"},{"@type":"ListItem","position":4,"name":"Microbotox"}]},{"@type":"WebSite","@id":"https:\/\/esthetic.sk\/#website","url":"https:\/\/esthetic.sk\/","name":"Esthetic Bratislava","description":"R\u00fdchla cesta k dokonal\u00e9mu vz\u013eadu","publisher":{"@id":"https:\/\/esthetic.sk\/#organization"},"potentialAction":[{"@type":"SearchAction","target":{"@type":"EntryPoint","urlTemplate":"https:\/\/esthetic.sk\/?s={search_term_string}"},"query-input":{"@type":"PropertyValueSpecification","valueRequired":true,"valueName":"search_term_string"}}],"inLanguage":"de"},{"@type":"Organization","@id":"https:\/\/esthetic.sk\/#organization","name":"Esthetic .s.r.o.","url":"https:\/\/esthetic.sk\/","logo":{"@type":"ImageObject","inLanguage":"de","@id":"https:\/\/esthetic.sk\/#\/schema\/logo\/image\/","url":"https:\/\/esthetic.sk\/wp-content\/uploads\/2019\/02\/logo-1.svg","contentUrl":"https:\/\/esthetic.sk\/wp-content\/uploads\/2019\/02\/logo-1.svg","width":1,"height":1,"caption":"Esthetic .s.r.o."},"image":{"@id":"https:\/\/esthetic.sk\/#\/schema\/logo\/image\/"},"sameAs":["https:\/\/www.facebook.com\/Klinikaesthetic","https:\/\/www.instagram.com\/klinikaesthetic\/","https:\/\/www.youtube.com\/channel\/UC8AgtXNjHpne8qWdj9szu1A"]}]}},"_links":{"self":[{"href":"https:\/\/esthetic.sk\/de\/wp-json\/wp\/v2\/pages\/5930"}],"collection":[{"href":"https:\/\/esthetic.sk\/de\/wp-json\/wp\/v2\/pages"}],"about":[{"href":"https:\/\/esthetic.sk\/de\/wp-json\/wp\/v2\/types\/page"}],"author":[{"embeddable":true,"href":"https:\/\/esthetic.sk\/de\/wp-json\/wp\/v2\/users\/1"}],"replies":[{"embeddable":true,"href":"https:\/\/esthetic.sk\/de\/wp-json\/wp\/v2\/comments?post=5930"}],"version-history":[{"count":0,"href":"https:\/\/esthetic.sk\/de\/wp-json\/wp\/v2\/pages\/5930\/revisions"}],"up":[{"embeddable":true,"href":"https:\/\/esthetic.sk\/de\/wp-json\/wp\/v2\/pages\/5718"}],"wp:featuredmedia":[{"embeddable":true,"href":"https:\/\/esthetic.sk\/de\/wp-json\/wp\/v2\/media\/5509"}],"wp:attachment":[{"href":"https:\/\/esthetic.sk\/de\/wp-json\/wp\/v2\/media?parent=5930"}],"curies":[{"name":"wp","href":"https:\/\/api.w.org\/{rel}","templated":true}]}}