{"id":5922,"date":"2024-04-16T20:28:13","date_gmt":"2024-04-16T18:28:13","guid":{"rendered":"https:\/\/esthetic.sk\/dermato-kosmetik\/gesicht-hals-dekollete\/mikrodermabrasion\/"},"modified":"2024-04-16T20:28:13","modified_gmt":"2024-04-16T18:28:13","slug":"mikrodermabrasion","status":"publish","type":"page","link":"https:\/\/esthetic.sk\/de\/dermato-kosmetik\/gesicht-hals-dekollete\/mikrodermabrasion\/","title":{"rendered":"Mikrodermabrasion"},"content":{"rendered":"<h2>Grundlegende Merkmale<\/h2>\n<ul>\n \t<li>Pigmentierung<\/li>\n \t<li>Narben<\/li>\n \t<li>feine Linien<\/li>\n \t<li>Unebenheiten der Haut<\/li>\n<\/ul>\n<h2>Anwendung<\/h2>\nDas Verfahren besteht in einer sanften und allm\u00e4hlichen Abtragung der oberfl\u00e4chlichen, korrodierten Hautzellen mit Diamant-Mikrokristallen. Die Schleiftiefe kann eingestellt werden. Die Mikrodermabrasion ist f\u00fcr \u00f6ligere Hauttypen mit vergr\u00f6\u00dferten Poren geeignet.\n<h2>Wirkung<\/h2>\n<ul>\n \t<li>glatte und weiche Haut<\/li>\n \t<li>Blutversorgung der Haut<\/li>\n \t<li>J\u00fcngere und ges\u00fcnder aussehende Haut<\/li>\n<\/ul>\n&nbsp;\n\nDer Eingriff ist nicht schmerzhaft und wird in vom Arzt empfohlenen Abst\u00e4nden wiederholt. Es ist ratsam, sie mit anderen <a href=\"https:\/\/esthetic.sk\/laserova-medicina\/\">Laserverfahren<\/a> zu kombinieren <a href=\"https:\/\/esthetic.sk\/laserova-medicina\/\">.<\/a>","protected":false},"excerpt":{"rendered":"Grundlegende Merkmale Pigmentierung Narben feine Linien Unebenheiten der Haut Anwendung Das Verfahren besteht in einer sanften und allm\u00e4hlichen Abtragung der oberfl\u00e4chlichen, korrodierten Hautzellen mit Diamant-Mikrokristallen. Die Schleiftiefe kann eingestellt werden. Die Mikrodermabrasion ist f\u00fcr \u00f6ligere Hauttypen mit vergr\u00f6\u00dferten Poren geeignet. Wirkung glatte und weiche Haut Blutversorgung der Haut J\u00fcngere und ges\u00fcnder aussehende Haut &nbsp; Der","protected":false},"author":1,"featured_media":5526,"parent":5903,"menu_order":2,"comment_status":"closed","ping_status":"closed","template":"","meta":{"inline_featured_image":false,"footnotes":""},"class_list":["post-5922","page","type-page","status-publish","has-post-thumbnail","hentry"],"yoast_head":"<!-- This site is optimized with the Yoast SEO plugin v23.7 - https:\/\/yoast.com\/wordpress\/plugins\/seo\/ -->\n<title>Mikrodermabrasion | fine sanding | Esthetic Bratislava<\/title>\n<meta name=\"description\" content=\"Die Mikrodermabrasion ist eine nicht-invasive Methode zur Entfernung von Hautunregelm\u00e4\u00dfigkeiten, zur Behandlung von Narben und Pigmentierung durch sanftes Abschleifen der oberfl\u00e4chlichen Hautzellen.\" \/>\n<meta name=\"robots\" content=\"index, follow, max-snippet:-1, max-image-preview:large, max-video-preview:-1\" \/>\n<link rel=\"canonical\" href=\"https:\/\/esthetic.sk\/de\/dermato-kosmetik\/gesicht-hals-dekollete\/mikrodermabrasion\/\" \/>\n<meta property=\"og:locale\" content=\"de_DE\" \/>\n<meta property=\"og:type\" content=\"article\" \/>\n<meta property=\"og:title\" content=\"Mikrodermabrasion | fine sanding | Esthetic Bratislava\" \/>\n<meta property=\"og:description\" content=\"Die Mikrodermabrasion ist eine nicht-invasive Methode zur Entfernung von Hautunregelm\u00e4\u00dfigkeiten, zur Behandlung von Narben und Pigmentierung durch sanftes Abschleifen der oberfl\u00e4chlichen Hautzellen.\" \/>\n<meta property=\"og:url\" content=\"https:\/\/esthetic.sk\/de\/dermato-kosmetik\/gesicht-hals-dekollete\/mikrodermabrasion\/\" \/>\n<meta property=\"og:site_name\" content=\"Esthetic Bratislava\" \/>\n<meta property=\"article:publisher\" content=\"https:\/\/www.facebook.com\/Klinikaesthetic\" \/>\n<meta property=\"og:image\" content=\"https:\/\/esthetic.sk\/wp-content\/uploads\/2019\/02\/big11.jpg\" \/>\n\t<meta property=\"og:image:width\" content=\"1920\" \/>\n\t<meta property=\"og:image:height\" content=\"1080\" \/>\n\t<meta property=\"og:image:type\" content=\"image\/jpeg\" \/>\n<meta name=\"twitter:card\" content=\"summary_large_image\" \/>\n<script type=\"application\/ld+json\" class=\"yoast-schema-graph\">{\"@context\":\"https:\/\/schema.org\",\"@graph\":[{\"@type\":\"WebPage\",\"@id\":\"https:\/\/esthetic.sk\/de\/dermato-kosmetik\/gesicht-hals-dekollete\/mikrodermabrasion\/\",\"url\":\"https:\/\/esthetic.sk\/de\/dermato-kosmetik\/gesicht-hals-dekollete\/mikrodermabrasion\/\",\"name\":\"Mikrodermabrasion | fine sanding | Esthetic Bratislava\",\"isPartOf\":{\"@id\":\"https:\/\/esthetic.sk\/#website\"},\"primaryImageOfPage\":{\"@id\":\"https:\/\/esthetic.sk\/de\/dermato-kosmetik\/gesicht-hals-dekollete\/mikrodermabrasion\/#primaryimage\"},\"image\":{\"@id\":\"https:\/\/esthetic.sk\/de\/dermato-kosmetik\/gesicht-hals-dekollete\/mikrodermabrasion\/#primaryimage\"},\"thumbnailUrl\":\"https:\/\/esthetic.sk\/wp-content\/uploads\/2019\/02\/big11.jpg\",\"datePublished\":\"2024-04-16T18:28:13+00:00\",\"dateModified\":\"2024-04-16T18:28:13+00:00\",\"description\":\"Die Mikrodermabrasion ist eine nicht-invasive Methode zur Entfernung von Hautunregelm\u00e4\u00dfigkeiten, zur Behandlung von Narben und Pigmentierung durch sanftes Abschleifen der oberfl\u00e4chlichen Hautzellen.\",\"breadcrumb\":{\"@id\":\"https:\/\/esthetic.sk\/de\/dermato-kosmetik\/gesicht-hals-dekollete\/mikrodermabrasion\/#breadcrumb\"},\"inLanguage\":\"de\",\"potentialAction\":[{\"@type\":\"ReadAction\",\"target\":[\"https:\/\/esthetic.sk\/de\/dermato-kosmetik\/gesicht-hals-dekollete\/mikrodermabrasion\/\"]}]},{\"@type\":\"ImageObject\",\"inLanguage\":\"de\",\"@id\":\"https:\/\/esthetic.sk\/de\/dermato-kosmetik\/gesicht-hals-dekollete\/mikrodermabrasion\/#primaryimage\",\"url\":\"https:\/\/esthetic.sk\/wp-content\/uploads\/2019\/02\/big11.jpg\",\"contentUrl\":\"https:\/\/esthetic.sk\/wp-content\/uploads\/2019\/02\/big11.jpg\",\"width\":1920,\"height\":1080},{\"@type\":\"BreadcrumbList\",\"@id\":\"https:\/\/esthetic.sk\/de\/dermato-kosmetik\/gesicht-hals-dekollete\/mikrodermabrasion\/#breadcrumb\",\"itemListElement\":[{\"@type\":\"ListItem\",\"position\":1,\"name\":\"Home\",\"item\":\"https:\/\/esthetic.sk\/\"},{\"@type\":\"ListItem\",\"position\":2,\"name\":\"Dermato Kosmetik\",\"item\":\"https:\/\/esthetic.sk\/de\/dermato-kosmetik\/\"},{\"@type\":\"ListItem\",\"position\":3,\"name\":\"Gesicht, Hals, Dekollet\u00e9\",\"item\":\"https:\/\/esthetic.sk\/dermato-kosmetik\/gesicht-hals-dekollete\/\"},{\"@type\":\"ListItem\",\"position\":4,\"name\":\"Mikrodermabrasion\"}]},{\"@type\":\"WebSite\",\"@id\":\"https:\/\/esthetic.sk\/#website\",\"url\":\"https:\/\/esthetic.sk\/\",\"name\":\"Esthetic Bratislava\",\"description\":\"R\u00fdchla cesta k dokonal\u00e9mu vz\u013eadu\",\"publisher\":{\"@id\":\"https:\/\/esthetic.sk\/#organization\"},\"potentialAction\":[{\"@type\":\"SearchAction\",\"target\":{\"@type\":\"EntryPoint\",\"urlTemplate\":\"https:\/\/esthetic.sk\/?s={search_term_string}\"},\"query-input\":{\"@type\":\"PropertyValueSpecification\",\"valueRequired\":true,\"valueName\":\"search_term_string\"}}],\"inLanguage\":\"de\"},{\"@type\":\"Organization\",\"@id\":\"https:\/\/esthetic.sk\/#organization\",\"name\":\"Esthetic .s.r.o.\",\"url\":\"https:\/\/esthetic.sk\/\",\"logo\":{\"@type\":\"ImageObject\",\"inLanguage\":\"de\",\"@id\":\"https:\/\/esthetic.sk\/#\/schema\/logo\/image\/\",\"url\":\"https:\/\/esthetic.sk\/wp-content\/uploads\/2019\/02\/logo-1.svg\",\"contentUrl\":\"https:\/\/esthetic.sk\/wp-content\/uploads\/2019\/02\/logo-1.svg\",\"width\":1,\"height\":1,\"caption\":\"Esthetic .s.r.o.\"},\"image\":{\"@id\":\"https:\/\/esthetic.sk\/#\/schema\/logo\/image\/\"},\"sameAs\":[\"https:\/\/www.facebook.com\/Klinikaesthetic\",\"https:\/\/www.instagram.com\/klinikaesthetic\/\",\"https:\/\/www.youtube.com\/channel\/UC8AgtXNjHpne8qWdj9szu1A\"]}]}<\/script>\n<!-- \/ Yoast SEO plugin. -->","yoast_head_json":{"title":"Mikrodermabrasion | fine sanding | Esthetic Bratislava","description":"Die Mikrodermabrasion ist eine nicht-invasive Methode zur Entfernung von Hautunregelm\u00e4\u00dfigkeiten, zur Behandlung von Narben und Pigmentierung durch sanftes Abschleifen der oberfl\u00e4chlichen Hautzellen.","robots":{"index":"index","follow":"follow","max-snippet":"max-snippet:-1","max-image-preview":"max-image-preview:large","max-video-preview":"max-video-preview:-1"},"canonical":"https:\/\/esthetic.sk\/de\/dermato-kosmetik\/gesicht-hals-dekollete\/mikrodermabrasion\/","og_locale":"de_DE","og_type":"article","og_title":"Mikrodermabrasion | fine sanding | Esthetic Bratislava","og_description":"Die Mikrodermabrasion ist eine nicht-invasive Methode zur Entfernung von Hautunregelm\u00e4\u00dfigkeiten, zur Behandlung von Narben und Pigmentierung durch sanftes Abschleifen der oberfl\u00e4chlichen Hautzellen.","og_url":"https:\/\/esthetic.sk\/de\/dermato-kosmetik\/gesicht-hals-dekollete\/mikrodermabrasion\/","og_site_name":"Esthetic Bratislava","article_publisher":"https:\/\/www.facebook.com\/Klinikaesthetic","og_image":[{"width":1920,"height":1080,"url":"https:\/\/esthetic.sk\/wp-content\/uploads\/2019\/02\/big11.jpg","type":"image\/jpeg"}],"twitter_card":"summary_large_image","schema":{"@context":"https:\/\/schema.org","@graph":[{"@type":"WebPage","@id":"https:\/\/esthetic.sk\/de\/dermato-kosmetik\/gesicht-hals-dekollete\/mikrodermabrasion\/","url":"https:\/\/esthetic.sk\/de\/dermato-kosmetik\/gesicht-hals-dekollete\/mikrodermabrasion\/","name":"Mikrodermabrasion | fine sanding | Esthetic Bratislava","isPartOf":{"@id":"https:\/\/esthetic.sk\/#website"},"primaryImageOfPage":{"@id":"https:\/\/esthetic.sk\/de\/dermato-kosmetik\/gesicht-hals-dekollete\/mikrodermabrasion\/#primaryimage"},"image":{"@id":"https:\/\/esthetic.sk\/de\/dermato-kosmetik\/gesicht-hals-dekollete\/mikrodermabrasion\/#primaryimage"},"thumbnailUrl":"https:\/\/esthetic.sk\/wp-content\/uploads\/2019\/02\/big11.jpg","datePublished":"2024-04-16T18:28:13+00:00","dateModified":"2024-04-16T18:28:13+00:00","description":"Die Mikrodermabrasion ist eine nicht-invasive Methode zur Entfernung von Hautunregelm\u00e4\u00dfigkeiten, zur Behandlung von Narben und Pigmentierung durch sanftes Abschleifen der oberfl\u00e4chlichen Hautzellen.","breadcrumb":{"@id":"https:\/\/esthetic.sk\/de\/dermato-kosmetik\/gesicht-hals-dekollete\/mikrodermabrasion\/#breadcrumb"},"inLanguage":"de","potentialAction":[{"@type":"ReadAction","target":["https:\/\/esthetic.sk\/de\/dermato-kosmetik\/gesicht-hals-dekollete\/mikrodermabrasion\/"]}]},{"@type":"ImageObject","inLanguage":"de","@id":"https:\/\/esthetic.sk\/de\/dermato-kosmetik\/gesicht-hals-dekollete\/mikrodermabrasion\/#primaryimage","url":"https:\/\/esthetic.sk\/wp-content\/uploads\/2019\/02\/big11.jpg","contentUrl":"https:\/\/esthetic.sk\/wp-content\/uploads\/2019\/02\/big11.jpg","width":1920,"height":1080},{"@type":"BreadcrumbList","@id":"https:\/\/esthetic.sk\/de\/dermato-kosmetik\/gesicht-hals-dekollete\/mikrodermabrasion\/#breadcrumb","itemListElement":[{"@type":"ListItem","position":1,"name":"Home","item":"https:\/\/esthetic.sk\/"},{"@type":"ListItem","position":2,"name":"Dermato Kosmetik","item":"https:\/\/esthetic.sk\/de\/dermato-kosmetik\/"},{"@type":"ListItem","position":3,"name":"Gesicht, Hals, Dekollet\u00e9","item":"https:\/\/esthetic.sk\/dermato-kosmetik\/gesicht-hals-dekollete\/"},{"@type":"ListItem","position":4,"name":"Mikrodermabrasion"}]},{"@type":"WebSite","@id":"https:\/\/esthetic.sk\/#website","url":"https:\/\/esthetic.sk\/","name":"Esthetic Bratislava","description":"R\u00fdchla cesta k dokonal\u00e9mu vz\u013eadu","publisher":{"@id":"https:\/\/esthetic.sk\/#organization"},"potentialAction":[{"@type":"SearchAction","target":{"@type":"EntryPoint","urlTemplate":"https:\/\/esthetic.sk\/?s={search_term_string}"},"query-input":{"@type":"PropertyValueSpecification","valueRequired":true,"valueName":"search_term_string"}}],"inLanguage":"de"},{"@type":"Organization","@id":"https:\/\/esthetic.sk\/#organization","name":"Esthetic .s.r.o.","url":"https:\/\/esthetic.sk\/","logo":{"@type":"ImageObject","inLanguage":"de","@id":"https:\/\/esthetic.sk\/#\/schema\/logo\/image\/","url":"https:\/\/esthetic.sk\/wp-content\/uploads\/2019\/02\/logo-1.svg","contentUrl":"https:\/\/esthetic.sk\/wp-content\/uploads\/2019\/02\/logo-1.svg","width":1,"height":1,"caption":"Esthetic .s.r.o."},"image":{"@id":"https:\/\/esthetic.sk\/#\/schema\/logo\/image\/"},"sameAs":["https:\/\/www.facebook.com\/Klinikaesthetic","https:\/\/www.instagram.com\/klinikaesthetic\/","https:\/\/www.youtube.com\/channel\/UC8AgtXNjHpne8qWdj9szu1A"]}]}},"_links":{"self":[{"href":"https:\/\/esthetic.sk\/de\/wp-json\/wp\/v2\/pages\/5922"}],"collection":[{"href":"https:\/\/esthetic.sk\/de\/wp-json\/wp\/v2\/pages"}],"about":[{"href":"https:\/\/esthetic.sk\/de\/wp-json\/wp\/v2\/types\/page"}],"author":[{"embeddable":true,"href":"https:\/\/esthetic.sk\/de\/wp-json\/wp\/v2\/users\/1"}],"replies":[{"embeddable":true,"href":"https:\/\/esthetic.sk\/de\/wp-json\/wp\/v2\/comments?post=5922"}],"version-history":[{"count":0,"href":"https:\/\/esthetic.sk\/de\/wp-json\/wp\/v2\/pages\/5922\/revisions"}],"up":[{"embeddable":true,"href":"https:\/\/esthetic.sk\/de\/wp-json\/wp\/v2\/pages\/5903"}],"wp:featuredmedia":[{"embeddable":true,"href":"https:\/\/esthetic.sk\/de\/wp-json\/wp\/v2\/media\/5526"}],"wp:attachment":[{"href":"https:\/\/esthetic.sk\/de\/wp-json\/wp\/v2\/media?parent=5922"}],"curies":[{"name":"wp","href":"https:\/\/api.w.org\/{rel}","templated":true}]}}