{"id":5916,"date":"2024-04-16T20:28:10","date_gmt":"2024-04-16T18:28:10","guid":{"rendered":"https:\/\/esthetic.sk\/dermato-kosmetik\/gesicht-hals-dekollete\/aquafacial\/"},"modified":"2024-04-16T20:28:10","modified_gmt":"2024-04-16T18:28:10","slug":"aquafacial","status":"publish","type":"page","link":"https:\/\/esthetic.sk\/de\/dermato-kosmetik\/gesicht-hals-dekollete\/aquafacial\/","title":{"rendered":"Aquafacial"},"content":{"rendered":"<h2>Grundlegende Merkmale<\/h2>\n<ul>\n \t<li>vergr\u00f6\u00dferte Poren<\/li>\n \t<li>Hautprobleme<\/li>\n \t<li>dehydrierte Haut<\/li>\n \t<li>Oberfl\u00e4chenunreinheiten der Haut<\/li>\n \t<li>Pigmentflecken<\/li>\n \t<li>Aknenarben<\/li>\n<\/ul>\n<h2>Anwendung<\/h2>\nAquafacial ist ein Ger\u00e4t, das eine nicht-invasive Hautverj\u00fcngung der neuesten Generation bietet. Es kombiniert Verfahren wie:\n<ul>\n \t<li>Peeling<\/li>\n \t<li>chemisches Peeling<\/li>\n \t<li>Tiefenreinigung<\/li>\n \t<li>Anwendung von Wirkstoffen<\/li>\n \t<li>Phototherapie<\/li>\n<\/ul>\nDie Vorteile dieses Systems liegen darin, dass bei der Tiefenreinigung kein mechanischer Schmutzauswurf bzw. nachfolgende Irritationen auftreten. Traumatisierung der Haut. Verunreinigungen werden durch Vakuum entfernt, d.h. direkt aus der Haut &#8222;gesaugt&#8220;. Der Druck kann an die Empfindlichkeit der Haut des Kunden angepasst werden. Die einzelnen Wirkstoffe bzw. w\u00e4hlen wir die Schritte je nach den Bed\u00fcrfnissen des Kunden. Einer der gr\u00f6\u00dften Vorteile ist, dass die gesamte Behandlung absolut schmerzfrei ist.\n\n&nbsp;\n\n&nbsp;\n<h3>INTENSIVPFLEGE F\u00dcR DIE T-ZONE<\/h3>\n<ul>\n \t<li>entfernt den Talg<\/li>\n \t<li>reduziert tiefe Poren durch Zugabe von Milchs\u00e4ure<\/li>\n<\/ul>\n<h3>HYPOALLERGENE REINIGUNG<\/h3>\n<ul>\n \t<li>Entfernt abgestorbene Haut<\/li>\n \t<li>lindert Hautausschl\u00e4ge und andere Hautprobleme durch den Zusatz von Salicyls\u00e4ure<\/li>\n<\/ul>\n<h3>TIEFENHYDRATION UND N\u00c4HRSTOFFZUFUHR<\/h3>\n<ul>\n \t<li>enth\u00e4lt N\u00e4hrstoffe<\/li>\n \t<li>verleiht Elastizit\u00e4t<\/li>\n \t<li>Hydrate<\/li>\n \t<li>spendet der Haut Feuchtigkeit durch die Zugabe von Hyalurons\u00e4ure<\/li>\n<\/ul>\n<h3>ELEKTROPORATION<\/h3>\n<ul>\n \t<li>Anwendung von Hyalurons\u00e4ure oder Peptiden<\/li>\n \t<li>Gleichzeitig wirkt blaues Licht auf fettige, zu Akne neigende Haut oder rotes Licht auf die Regeneration der Haut und stimuliert das Kollagen. Es ist m\u00f6glich, beide Lichter gleichzeitig zu betreiben.<\/li>\n<\/ul>\nDie Kombination von <a href=\"https:\/\/esthetic.sk\/dermato-kozmetika\/tvar-krk-dekolt\/mikrodermabrazia\/\">Diamant-Mikrodermabrasion<\/a> mit Aquafacial oder Aquafacial mit <a href=\"https:\/\/esthetic.sk\/esteticka-dermatologia\/tvar\/skinbooster\/\">Aquashine (Skinbooster)<\/a> ist hervorragend.\n\n&nbsp;","protected":false},"excerpt":{"rendered":"Grundlegende Merkmale vergr\u00f6\u00dferte Poren Hautprobleme dehydrierte Haut Oberfl\u00e4chenunreinheiten der Haut Pigmentflecken Aknenarben Anwendung Aquafacial ist ein Ger\u00e4t, das eine nicht-invasive Hautverj\u00fcngung der neuesten Generation bietet. Es kombiniert Verfahren wie: Peeling chemisches Peeling Tiefenreinigung Anwendung von Wirkstoffen Phototherapie Die Vorteile dieses Systems liegen darin, dass bei der Tiefenreinigung kein mechanischer Schmutzauswurf bzw. nachfolgende Irritationen auftreten. Traumatisierung","protected":false},"author":1,"featured_media":5526,"parent":5903,"menu_order":8,"comment_status":"closed","ping_status":"closed","template":"","meta":{"inline_featured_image":false,"footnotes":""},"class_list":["post-5916","page","type-page","status-publish","has-post-thumbnail","hentry"],"yoast_head":"<!-- This site is optimized with the Yoast SEO plugin v23.7 - https:\/\/yoast.com\/wordpress\/plugins\/seo\/ -->\n<title>Aquafacial | kosmetische Behandlung | Esthetic Bratislava<\/title>\n<meta name=\"description\" content=\"Aquafacial - kosmetische Hautbehandlung ist eine nicht-invasive Hautverj\u00fcngung der neuesten Generation. Reduziert vergr\u00f6\u00dferte Poren, Hautprobleme und Pigmentierung.\" \/>\n<meta name=\"robots\" content=\"index, follow, max-snippet:-1, max-image-preview:large, max-video-preview:-1\" \/>\n<link rel=\"canonical\" href=\"https:\/\/esthetic.sk\/de\/dermato-kosmetik\/gesicht-hals-dekollete\/aquafacial\/\" \/>\n<meta property=\"og:locale\" content=\"de_DE\" \/>\n<meta property=\"og:type\" content=\"article\" \/>\n<meta property=\"og:title\" content=\"Aquafacial | kosmetische Behandlung | Esthetic Bratislava\" \/>\n<meta property=\"og:description\" content=\"Aquafacial - kosmetische Hautbehandlung ist eine nicht-invasive Hautverj\u00fcngung der neuesten Generation. Reduziert vergr\u00f6\u00dferte Poren, Hautprobleme und Pigmentierung.\" \/>\n<meta property=\"og:url\" content=\"https:\/\/esthetic.sk\/de\/dermato-kosmetik\/gesicht-hals-dekollete\/aquafacial\/\" \/>\n<meta property=\"og:site_name\" content=\"Esthetic Bratislava\" \/>\n<meta property=\"article:publisher\" content=\"https:\/\/www.facebook.com\/Klinikaesthetic\" \/>\n<meta property=\"og:image\" content=\"https:\/\/esthetic.sk\/wp-content\/uploads\/2019\/02\/big11.jpg\" \/>\n\t<meta property=\"og:image:width\" content=\"1920\" \/>\n\t<meta property=\"og:image:height\" content=\"1080\" \/>\n\t<meta property=\"og:image:type\" content=\"image\/jpeg\" \/>\n<meta name=\"twitter:card\" content=\"summary_large_image\" \/>\n<meta name=\"twitter:label1\" content=\"Gesch\u00e4tzte Lesezeit\" \/>\n\t<meta name=\"twitter:data1\" content=\"1\u00a0Minute\" \/>\n<script type=\"application\/ld+json\" class=\"yoast-schema-graph\">{\"@context\":\"https:\/\/schema.org\",\"@graph\":[{\"@type\":\"WebPage\",\"@id\":\"https:\/\/esthetic.sk\/de\/dermato-kosmetik\/gesicht-hals-dekollete\/aquafacial\/\",\"url\":\"https:\/\/esthetic.sk\/de\/dermato-kosmetik\/gesicht-hals-dekollete\/aquafacial\/\",\"name\":\"Aquafacial | kosmetische Behandlung | Esthetic Bratislava\",\"isPartOf\":{\"@id\":\"https:\/\/esthetic.sk\/#website\"},\"primaryImageOfPage\":{\"@id\":\"https:\/\/esthetic.sk\/de\/dermato-kosmetik\/gesicht-hals-dekollete\/aquafacial\/#primaryimage\"},\"image\":{\"@id\":\"https:\/\/esthetic.sk\/de\/dermato-kosmetik\/gesicht-hals-dekollete\/aquafacial\/#primaryimage\"},\"thumbnailUrl\":\"https:\/\/esthetic.sk\/wp-content\/uploads\/2019\/02\/big11.jpg\",\"datePublished\":\"2024-04-16T18:28:10+00:00\",\"dateModified\":\"2024-04-16T18:28:10+00:00\",\"description\":\"Aquafacial - kosmetische Hautbehandlung ist eine nicht-invasive Hautverj\u00fcngung der neuesten Generation. Reduziert vergr\u00f6\u00dferte Poren, Hautprobleme und Pigmentierung.\",\"breadcrumb\":{\"@id\":\"https:\/\/esthetic.sk\/de\/dermato-kosmetik\/gesicht-hals-dekollete\/aquafacial\/#breadcrumb\"},\"inLanguage\":\"de\",\"potentialAction\":[{\"@type\":\"ReadAction\",\"target\":[\"https:\/\/esthetic.sk\/de\/dermato-kosmetik\/gesicht-hals-dekollete\/aquafacial\/\"]}]},{\"@type\":\"ImageObject\",\"inLanguage\":\"de\",\"@id\":\"https:\/\/esthetic.sk\/de\/dermato-kosmetik\/gesicht-hals-dekollete\/aquafacial\/#primaryimage\",\"url\":\"https:\/\/esthetic.sk\/wp-content\/uploads\/2019\/02\/big11.jpg\",\"contentUrl\":\"https:\/\/esthetic.sk\/wp-content\/uploads\/2019\/02\/big11.jpg\",\"width\":1920,\"height\":1080},{\"@type\":\"BreadcrumbList\",\"@id\":\"https:\/\/esthetic.sk\/de\/dermato-kosmetik\/gesicht-hals-dekollete\/aquafacial\/#breadcrumb\",\"itemListElement\":[{\"@type\":\"ListItem\",\"position\":1,\"name\":\"Home\",\"item\":\"https:\/\/esthetic.sk\/\"},{\"@type\":\"ListItem\",\"position\":2,\"name\":\"Dermato Kosmetik\",\"item\":\"https:\/\/esthetic.sk\/de\/dermato-kosmetik\/\"},{\"@type\":\"ListItem\",\"position\":3,\"name\":\"Gesicht, Hals, Dekollet\u00e9\",\"item\":\"https:\/\/esthetic.sk\/dermato-kosmetik\/gesicht-hals-dekollete\/\"},{\"@type\":\"ListItem\",\"position\":4,\"name\":\"Aquafacial\"}]},{\"@type\":\"WebSite\",\"@id\":\"https:\/\/esthetic.sk\/#website\",\"url\":\"https:\/\/esthetic.sk\/\",\"name\":\"Esthetic Bratislava\",\"description\":\"R\u00fdchla cesta k dokonal\u00e9mu vz\u013eadu\",\"publisher\":{\"@id\":\"https:\/\/esthetic.sk\/#organization\"},\"potentialAction\":[{\"@type\":\"SearchAction\",\"target\":{\"@type\":\"EntryPoint\",\"urlTemplate\":\"https:\/\/esthetic.sk\/?s={search_term_string}\"},\"query-input\":{\"@type\":\"PropertyValueSpecification\",\"valueRequired\":true,\"valueName\":\"search_term_string\"}}],\"inLanguage\":\"de\"},{\"@type\":\"Organization\",\"@id\":\"https:\/\/esthetic.sk\/#organization\",\"name\":\"Esthetic .s.r.o.\",\"url\":\"https:\/\/esthetic.sk\/\",\"logo\":{\"@type\":\"ImageObject\",\"inLanguage\":\"de\",\"@id\":\"https:\/\/esthetic.sk\/#\/schema\/logo\/image\/\",\"url\":\"https:\/\/esthetic.sk\/wp-content\/uploads\/2019\/02\/logo-1.svg\",\"contentUrl\":\"https:\/\/esthetic.sk\/wp-content\/uploads\/2019\/02\/logo-1.svg\",\"width\":1,\"height\":1,\"caption\":\"Esthetic .s.r.o.\"},\"image\":{\"@id\":\"https:\/\/esthetic.sk\/#\/schema\/logo\/image\/\"},\"sameAs\":[\"https:\/\/www.facebook.com\/Klinikaesthetic\",\"https:\/\/www.instagram.com\/klinikaesthetic\/\",\"https:\/\/www.youtube.com\/channel\/UC8AgtXNjHpne8qWdj9szu1A\"]}]}<\/script>\n<!-- \/ Yoast SEO plugin. -->","yoast_head_json":{"title":"Aquafacial | kosmetische Behandlung | Esthetic Bratislava","description":"Aquafacial - kosmetische Hautbehandlung ist eine nicht-invasive Hautverj\u00fcngung der neuesten Generation. Reduziert vergr\u00f6\u00dferte Poren, Hautprobleme und Pigmentierung.","robots":{"index":"index","follow":"follow","max-snippet":"max-snippet:-1","max-image-preview":"max-image-preview:large","max-video-preview":"max-video-preview:-1"},"canonical":"https:\/\/esthetic.sk\/de\/dermato-kosmetik\/gesicht-hals-dekollete\/aquafacial\/","og_locale":"de_DE","og_type":"article","og_title":"Aquafacial | kosmetische Behandlung | Esthetic Bratislava","og_description":"Aquafacial - kosmetische Hautbehandlung ist eine nicht-invasive Hautverj\u00fcngung der neuesten Generation. Reduziert vergr\u00f6\u00dferte Poren, Hautprobleme und Pigmentierung.","og_url":"https:\/\/esthetic.sk\/de\/dermato-kosmetik\/gesicht-hals-dekollete\/aquafacial\/","og_site_name":"Esthetic Bratislava","article_publisher":"https:\/\/www.facebook.com\/Klinikaesthetic","og_image":[{"width":1920,"height":1080,"url":"https:\/\/esthetic.sk\/wp-content\/uploads\/2019\/02\/big11.jpg","type":"image\/jpeg"}],"twitter_card":"summary_large_image","twitter_misc":{"Gesch\u00e4tzte Lesezeit":"1\u00a0Minute"},"schema":{"@context":"https:\/\/schema.org","@graph":[{"@type":"WebPage","@id":"https:\/\/esthetic.sk\/de\/dermato-kosmetik\/gesicht-hals-dekollete\/aquafacial\/","url":"https:\/\/esthetic.sk\/de\/dermato-kosmetik\/gesicht-hals-dekollete\/aquafacial\/","name":"Aquafacial | kosmetische Behandlung | Esthetic Bratislava","isPartOf":{"@id":"https:\/\/esthetic.sk\/#website"},"primaryImageOfPage":{"@id":"https:\/\/esthetic.sk\/de\/dermato-kosmetik\/gesicht-hals-dekollete\/aquafacial\/#primaryimage"},"image":{"@id":"https:\/\/esthetic.sk\/de\/dermato-kosmetik\/gesicht-hals-dekollete\/aquafacial\/#primaryimage"},"thumbnailUrl":"https:\/\/esthetic.sk\/wp-content\/uploads\/2019\/02\/big11.jpg","datePublished":"2024-04-16T18:28:10+00:00","dateModified":"2024-04-16T18:28:10+00:00","description":"Aquafacial - kosmetische Hautbehandlung ist eine nicht-invasive Hautverj\u00fcngung der neuesten Generation. Reduziert vergr\u00f6\u00dferte Poren, Hautprobleme und Pigmentierung.","breadcrumb":{"@id":"https:\/\/esthetic.sk\/de\/dermato-kosmetik\/gesicht-hals-dekollete\/aquafacial\/#breadcrumb"},"inLanguage":"de","potentialAction":[{"@type":"ReadAction","target":["https:\/\/esthetic.sk\/de\/dermato-kosmetik\/gesicht-hals-dekollete\/aquafacial\/"]}]},{"@type":"ImageObject","inLanguage":"de","@id":"https:\/\/esthetic.sk\/de\/dermato-kosmetik\/gesicht-hals-dekollete\/aquafacial\/#primaryimage","url":"https:\/\/esthetic.sk\/wp-content\/uploads\/2019\/02\/big11.jpg","contentUrl":"https:\/\/esthetic.sk\/wp-content\/uploads\/2019\/02\/big11.jpg","width":1920,"height":1080},{"@type":"BreadcrumbList","@id":"https:\/\/esthetic.sk\/de\/dermato-kosmetik\/gesicht-hals-dekollete\/aquafacial\/#breadcrumb","itemListElement":[{"@type":"ListItem","position":1,"name":"Home","item":"https:\/\/esthetic.sk\/"},{"@type":"ListItem","position":2,"name":"Dermato Kosmetik","item":"https:\/\/esthetic.sk\/de\/dermato-kosmetik\/"},{"@type":"ListItem","position":3,"name":"Gesicht, Hals, Dekollet\u00e9","item":"https:\/\/esthetic.sk\/dermato-kosmetik\/gesicht-hals-dekollete\/"},{"@type":"ListItem","position":4,"name":"Aquafacial"}]},{"@type":"WebSite","@id":"https:\/\/esthetic.sk\/#website","url":"https:\/\/esthetic.sk\/","name":"Esthetic Bratislava","description":"R\u00fdchla cesta k dokonal\u00e9mu vz\u013eadu","publisher":{"@id":"https:\/\/esthetic.sk\/#organization"},"potentialAction":[{"@type":"SearchAction","target":{"@type":"EntryPoint","urlTemplate":"https:\/\/esthetic.sk\/?s={search_term_string}"},"query-input":{"@type":"PropertyValueSpecification","valueRequired":true,"valueName":"search_term_string"}}],"inLanguage":"de"},{"@type":"Organization","@id":"https:\/\/esthetic.sk\/#organization","name":"Esthetic .s.r.o.","url":"https:\/\/esthetic.sk\/","logo":{"@type":"ImageObject","inLanguage":"de","@id":"https:\/\/esthetic.sk\/#\/schema\/logo\/image\/","url":"https:\/\/esthetic.sk\/wp-content\/uploads\/2019\/02\/logo-1.svg","contentUrl":"https:\/\/esthetic.sk\/wp-content\/uploads\/2019\/02\/logo-1.svg","width":1,"height":1,"caption":"Esthetic .s.r.o."},"image":{"@id":"https:\/\/esthetic.sk\/#\/schema\/logo\/image\/"},"sameAs":["https:\/\/www.facebook.com\/Klinikaesthetic","https:\/\/www.instagram.com\/klinikaesthetic\/","https:\/\/www.youtube.com\/channel\/UC8AgtXNjHpne8qWdj9szu1A"]}]}},"_links":{"self":[{"href":"https:\/\/esthetic.sk\/de\/wp-json\/wp\/v2\/pages\/5916"}],"collection":[{"href":"https:\/\/esthetic.sk\/de\/wp-json\/wp\/v2\/pages"}],"about":[{"href":"https:\/\/esthetic.sk\/de\/wp-json\/wp\/v2\/types\/page"}],"author":[{"embeddable":true,"href":"https:\/\/esthetic.sk\/de\/wp-json\/wp\/v2\/users\/1"}],"replies":[{"embeddable":true,"href":"https:\/\/esthetic.sk\/de\/wp-json\/wp\/v2\/comments?post=5916"}],"version-history":[{"count":0,"href":"https:\/\/esthetic.sk\/de\/wp-json\/wp\/v2\/pages\/5916\/revisions"}],"up":[{"embeddable":true,"href":"https:\/\/esthetic.sk\/de\/wp-json\/wp\/v2\/pages\/5903"}],"wp:featuredmedia":[{"embeddable":true,"href":"https:\/\/esthetic.sk\/de\/wp-json\/wp\/v2\/media\/5526"}],"wp:attachment":[{"href":"https:\/\/esthetic.sk\/de\/wp-json\/wp\/v2\/media?parent=5916"}],"curies":[{"name":"wp","href":"https:\/\/api.w.org\/{rel}","templated":true}]}}