{"id":5914,"date":"2024-04-16T20:28:10","date_gmt":"2024-04-16T18:28:10","guid":{"rendered":"https:\/\/esthetic.sk\/dermato-kosmetik\/gesicht-hals-dekollete\/sauerstoffbehandlung-sauerstofftherapie\/"},"modified":"2024-04-16T20:28:10","modified_gmt":"2024-04-16T18:28:10","slug":"sauerstoffbehandlung-sauerstofftherapie","status":"publish","type":"page","link":"https:\/\/esthetic.sk\/de\/dermato-kosmetik\/gesicht-hals-dekollete\/sauerstoffbehandlung-sauerstofftherapie\/","title":{"rendered":"Sauerstoffbehandlung | Sauerstofftherapie"},"content":{"rendered":"<h2>Grundlegende Merkmale<\/h2>\n<ul>\n \t<li>Sauerstoffmangel<\/li>\n \t<li>Falten<\/li>\n \t<li>Austrocknung der Haut<\/li>\n \t<li>stumpfes Aussehen der Haut<\/li>\n \t<li>m\u00fcde Haut<\/li>\n \t<li>Konzentrationsst\u00f6rungen<\/li>\n<\/ul>\n<h2>Anwendung<\/h2>\nDer Sauerstoff wird mit einer Druckpistole, die mit 95% ionisiertem Sauerstoff arbeitet, auf die Haut aufgetragen. Der Beh\u00e4lter auf der Pistole ist mit kosmetischen Pr\u00e4paraten gef\u00fcllt, n\u00e4mlich Hyalurons\u00e4ure, den Vitaminen A, B7, E, B6, B2, K, B9, 1, B12, B10, 24 Aminos\u00e4uren, 5 Arten von Mineralien, 4 Arten von Coenzymen, Peptiden, die mit Wasser gemischt und in Form eines feinen Nebels aufgetragen werden, der durch die Kombination von Sauerstoff und kosmetischen Inhaltsstoffen entsteht.\n\nDie Sauerstofftherapie hat eine positive Wirkung auf die geistige und k\u00f6rperliche Gesundheit des Einzelnen. Seine Wirkung ist bereits nach 10 Minuten Inhalation von 95%igem Sauerstoff zu sp\u00fcren.\n<h2>Wirkung<\/h2>\nNach der Sauerstofftherapie f\u00fchlen Sie sich entspannt, erholt und energiegeladen, ohne jegliche Anzeichen von Stress.\n<ul>\n \t<li>mikrozellul\u00e4rer Kreislauf<\/li>\n \t<li>Aktivierung der Zellerneuerung<\/li>\n \t<li>Reduzierung von Falten<\/li>\n \t<li>Verbesserung der Elastizit\u00e4t der Haut<\/li>\n \t<li>Regulierung der subkutanen Fettproduktion<\/li>\n \t<li>Beseitigung eines stumpfen, blassen Teints<\/li>\n \t<li>Entgiftung der Haut<\/li>\n \t<li>Verbesserung des allgemeinen Erscheinungsbildes der Haut<\/li>\n \t<li>Hautfeuchtigkeit<\/li>\n \t<li>Induktion der richtigen Funktion des Immunsystems<\/li>\n<\/ul>\nDie Sauerstofftherapie sollte in schneller Folge durchgef\u00fchrt werden.","protected":false},"excerpt":{"rendered":"Grundlegende Merkmale Sauerstoffmangel Falten Austrocknung der Haut stumpfes Aussehen der Haut m\u00fcde Haut Konzentrationsst\u00f6rungen Anwendung Der Sauerstoff wird mit einer Druckpistole, die mit 95% ionisiertem Sauerstoff arbeitet, auf die Haut aufgetragen. Der Beh\u00e4lter auf der Pistole ist mit kosmetischen Pr\u00e4paraten gef\u00fcllt, n\u00e4mlich Hyalurons\u00e4ure, den Vitaminen A, B7, E, B6, B2, K, B9, 1, B12, B10,","protected":false},"author":1,"featured_media":5526,"parent":5903,"menu_order":6,"comment_status":"closed","ping_status":"closed","template":"","meta":{"inline_featured_image":false,"footnotes":""},"class_list":["post-5914","page","type-page","status-publish","has-post-thumbnail","hentry"],"yoast_head":"<!-- This site is optimized with the Yoast SEO plugin v23.7 - https:\/\/yoast.com\/wordpress\/plugins\/seo\/ -->\n<title>| Esthetic Bratislava<\/title>\n<meta name=\"description\" content=\"Sauerstoffbehandlung - Die Sauerstofftherapie hat eine positive Wirkung auf die geistige und k\u00f6rperliche Gesundheit. Versorgt die Haut mit Feuchtigkeit, gleicht Falten aus, entgiftet, verbessert das Erscheinungsbild der Haut.\" \/>\n<meta name=\"robots\" content=\"index, follow, max-snippet:-1, max-image-preview:large, max-video-preview:-1\" \/>\n<link rel=\"canonical\" href=\"https:\/\/esthetic.sk\/de\/dermato-kosmetik\/gesicht-hals-dekollete\/sauerstoffbehandlung-sauerstofftherapie\/\" \/>\n<meta property=\"og:locale\" content=\"de_DE\" \/>\n<meta property=\"og:type\" content=\"article\" \/>\n<meta property=\"og:title\" content=\"| Esthetic Bratislava\" \/>\n<meta property=\"og:description\" content=\"Sauerstoffbehandlung - Die Sauerstofftherapie hat eine positive Wirkung auf die geistige und k\u00f6rperliche Gesundheit. Versorgt die Haut mit Feuchtigkeit, gleicht Falten aus, entgiftet, verbessert das Erscheinungsbild der Haut.\" \/>\n<meta property=\"og:url\" content=\"https:\/\/esthetic.sk\/de\/dermato-kosmetik\/gesicht-hals-dekollete\/sauerstoffbehandlung-sauerstofftherapie\/\" \/>\n<meta property=\"og:site_name\" content=\"Esthetic Bratislava\" \/>\n<meta property=\"article:publisher\" content=\"https:\/\/www.facebook.com\/Klinikaesthetic\" \/>\n<meta property=\"og:image\" content=\"https:\/\/esthetic.sk\/wp-content\/uploads\/2019\/02\/big11.jpg\" \/>\n\t<meta property=\"og:image:width\" content=\"1920\" \/>\n\t<meta property=\"og:image:height\" content=\"1080\" \/>\n\t<meta property=\"og:image:type\" content=\"image\/jpeg\" \/>\n<meta name=\"twitter:card\" content=\"summary_large_image\" \/>\n<meta name=\"twitter:label1\" content=\"Gesch\u00e4tzte Lesezeit\" \/>\n\t<meta name=\"twitter:data1\" content=\"1\u00a0Minute\" \/>\n<script type=\"application\/ld+json\" class=\"yoast-schema-graph\">{\"@context\":\"https:\/\/schema.org\",\"@graph\":[{\"@type\":\"WebPage\",\"@id\":\"https:\/\/esthetic.sk\/de\/dermato-kosmetik\/gesicht-hals-dekollete\/sauerstoffbehandlung-sauerstofftherapie\/\",\"url\":\"https:\/\/esthetic.sk\/de\/dermato-kosmetik\/gesicht-hals-dekollete\/sauerstoffbehandlung-sauerstofftherapie\/\",\"name\":\"| Esthetic Bratislava\",\"isPartOf\":{\"@id\":\"https:\/\/esthetic.sk\/#website\"},\"primaryImageOfPage\":{\"@id\":\"https:\/\/esthetic.sk\/de\/dermato-kosmetik\/gesicht-hals-dekollete\/sauerstoffbehandlung-sauerstofftherapie\/#primaryimage\"},\"image\":{\"@id\":\"https:\/\/esthetic.sk\/de\/dermato-kosmetik\/gesicht-hals-dekollete\/sauerstoffbehandlung-sauerstofftherapie\/#primaryimage\"},\"thumbnailUrl\":\"https:\/\/esthetic.sk\/wp-content\/uploads\/2019\/02\/big11.jpg\",\"datePublished\":\"2024-04-16T18:28:10+00:00\",\"dateModified\":\"2024-04-16T18:28:10+00:00\",\"description\":\"Sauerstoffbehandlung - Die Sauerstofftherapie hat eine positive Wirkung auf die geistige und k\u00f6rperliche Gesundheit. Versorgt die Haut mit Feuchtigkeit, gleicht Falten aus, entgiftet, verbessert das Erscheinungsbild der Haut.\",\"breadcrumb\":{\"@id\":\"https:\/\/esthetic.sk\/de\/dermato-kosmetik\/gesicht-hals-dekollete\/sauerstoffbehandlung-sauerstofftherapie\/#breadcrumb\"},\"inLanguage\":\"de\",\"potentialAction\":[{\"@type\":\"ReadAction\",\"target\":[\"https:\/\/esthetic.sk\/de\/dermato-kosmetik\/gesicht-hals-dekollete\/sauerstoffbehandlung-sauerstofftherapie\/\"]}]},{\"@type\":\"ImageObject\",\"inLanguage\":\"de\",\"@id\":\"https:\/\/esthetic.sk\/de\/dermato-kosmetik\/gesicht-hals-dekollete\/sauerstoffbehandlung-sauerstofftherapie\/#primaryimage\",\"url\":\"https:\/\/esthetic.sk\/wp-content\/uploads\/2019\/02\/big11.jpg\",\"contentUrl\":\"https:\/\/esthetic.sk\/wp-content\/uploads\/2019\/02\/big11.jpg\",\"width\":1920,\"height\":1080},{\"@type\":\"BreadcrumbList\",\"@id\":\"https:\/\/esthetic.sk\/de\/dermato-kosmetik\/gesicht-hals-dekollete\/sauerstoffbehandlung-sauerstofftherapie\/#breadcrumb\",\"itemListElement\":[{\"@type\":\"ListItem\",\"position\":1,\"name\":\"Home\",\"item\":\"https:\/\/esthetic.sk\/\"},{\"@type\":\"ListItem\",\"position\":2,\"name\":\"Dermato Kosmetik\",\"item\":\"https:\/\/esthetic.sk\/de\/dermato-kosmetik\/\"},{\"@type\":\"ListItem\",\"position\":3,\"name\":\"Gesicht, Hals, Dekollet\u00e9\",\"item\":\"https:\/\/esthetic.sk\/dermato-kosmetik\/gesicht-hals-dekollete\/\"},{\"@type\":\"ListItem\",\"position\":4,\"name\":\"Sauerstoffbehandlung | Sauerstofftherapie\"}]},{\"@type\":\"WebSite\",\"@id\":\"https:\/\/esthetic.sk\/#website\",\"url\":\"https:\/\/esthetic.sk\/\",\"name\":\"Esthetic Bratislava\",\"description\":\"R\u00fdchla cesta k dokonal\u00e9mu vz\u013eadu\",\"publisher\":{\"@id\":\"https:\/\/esthetic.sk\/#organization\"},\"potentialAction\":[{\"@type\":\"SearchAction\",\"target\":{\"@type\":\"EntryPoint\",\"urlTemplate\":\"https:\/\/esthetic.sk\/?s={search_term_string}\"},\"query-input\":{\"@type\":\"PropertyValueSpecification\",\"valueRequired\":true,\"valueName\":\"search_term_string\"}}],\"inLanguage\":\"de\"},{\"@type\":\"Organization\",\"@id\":\"https:\/\/esthetic.sk\/#organization\",\"name\":\"Esthetic .s.r.o.\",\"url\":\"https:\/\/esthetic.sk\/\",\"logo\":{\"@type\":\"ImageObject\",\"inLanguage\":\"de\",\"@id\":\"https:\/\/esthetic.sk\/#\/schema\/logo\/image\/\",\"url\":\"https:\/\/esthetic.sk\/wp-content\/uploads\/2019\/02\/logo-1.svg\",\"contentUrl\":\"https:\/\/esthetic.sk\/wp-content\/uploads\/2019\/02\/logo-1.svg\",\"width\":1,\"height\":1,\"caption\":\"Esthetic .s.r.o.\"},\"image\":{\"@id\":\"https:\/\/esthetic.sk\/#\/schema\/logo\/image\/\"},\"sameAs\":[\"https:\/\/www.facebook.com\/Klinikaesthetic\",\"https:\/\/www.instagram.com\/klinikaesthetic\/\",\"https:\/\/www.youtube.com\/channel\/UC8AgtXNjHpne8qWdj9szu1A\"]}]}<\/script>\n<!-- \/ Yoast SEO plugin. -->","yoast_head_json":{"title":"| Esthetic Bratislava","description":"Sauerstoffbehandlung - Die Sauerstofftherapie hat eine positive Wirkung auf die geistige und k\u00f6rperliche Gesundheit. Versorgt die Haut mit Feuchtigkeit, gleicht Falten aus, entgiftet, verbessert das Erscheinungsbild der Haut.","robots":{"index":"index","follow":"follow","max-snippet":"max-snippet:-1","max-image-preview":"max-image-preview:large","max-video-preview":"max-video-preview:-1"},"canonical":"https:\/\/esthetic.sk\/de\/dermato-kosmetik\/gesicht-hals-dekollete\/sauerstoffbehandlung-sauerstofftherapie\/","og_locale":"de_DE","og_type":"article","og_title":"| Esthetic Bratislava","og_description":"Sauerstoffbehandlung - Die Sauerstofftherapie hat eine positive Wirkung auf die geistige und k\u00f6rperliche Gesundheit. Versorgt die Haut mit Feuchtigkeit, gleicht Falten aus, entgiftet, verbessert das Erscheinungsbild der Haut.","og_url":"https:\/\/esthetic.sk\/de\/dermato-kosmetik\/gesicht-hals-dekollete\/sauerstoffbehandlung-sauerstofftherapie\/","og_site_name":"Esthetic Bratislava","article_publisher":"https:\/\/www.facebook.com\/Klinikaesthetic","og_image":[{"width":1920,"height":1080,"url":"https:\/\/esthetic.sk\/wp-content\/uploads\/2019\/02\/big11.jpg","type":"image\/jpeg"}],"twitter_card":"summary_large_image","twitter_misc":{"Gesch\u00e4tzte Lesezeit":"1\u00a0Minute"},"schema":{"@context":"https:\/\/schema.org","@graph":[{"@type":"WebPage","@id":"https:\/\/esthetic.sk\/de\/dermato-kosmetik\/gesicht-hals-dekollete\/sauerstoffbehandlung-sauerstofftherapie\/","url":"https:\/\/esthetic.sk\/de\/dermato-kosmetik\/gesicht-hals-dekollete\/sauerstoffbehandlung-sauerstofftherapie\/","name":"| Esthetic Bratislava","isPartOf":{"@id":"https:\/\/esthetic.sk\/#website"},"primaryImageOfPage":{"@id":"https:\/\/esthetic.sk\/de\/dermato-kosmetik\/gesicht-hals-dekollete\/sauerstoffbehandlung-sauerstofftherapie\/#primaryimage"},"image":{"@id":"https:\/\/esthetic.sk\/de\/dermato-kosmetik\/gesicht-hals-dekollete\/sauerstoffbehandlung-sauerstofftherapie\/#primaryimage"},"thumbnailUrl":"https:\/\/esthetic.sk\/wp-content\/uploads\/2019\/02\/big11.jpg","datePublished":"2024-04-16T18:28:10+00:00","dateModified":"2024-04-16T18:28:10+00:00","description":"Sauerstoffbehandlung - Die Sauerstofftherapie hat eine positive Wirkung auf die geistige und k\u00f6rperliche Gesundheit. Versorgt die Haut mit Feuchtigkeit, gleicht Falten aus, entgiftet, verbessert das Erscheinungsbild der Haut.","breadcrumb":{"@id":"https:\/\/esthetic.sk\/de\/dermato-kosmetik\/gesicht-hals-dekollete\/sauerstoffbehandlung-sauerstofftherapie\/#breadcrumb"},"inLanguage":"de","potentialAction":[{"@type":"ReadAction","target":["https:\/\/esthetic.sk\/de\/dermato-kosmetik\/gesicht-hals-dekollete\/sauerstoffbehandlung-sauerstofftherapie\/"]}]},{"@type":"ImageObject","inLanguage":"de","@id":"https:\/\/esthetic.sk\/de\/dermato-kosmetik\/gesicht-hals-dekollete\/sauerstoffbehandlung-sauerstofftherapie\/#primaryimage","url":"https:\/\/esthetic.sk\/wp-content\/uploads\/2019\/02\/big11.jpg","contentUrl":"https:\/\/esthetic.sk\/wp-content\/uploads\/2019\/02\/big11.jpg","width":1920,"height":1080},{"@type":"BreadcrumbList","@id":"https:\/\/esthetic.sk\/de\/dermato-kosmetik\/gesicht-hals-dekollete\/sauerstoffbehandlung-sauerstofftherapie\/#breadcrumb","itemListElement":[{"@type":"ListItem","position":1,"name":"Home","item":"https:\/\/esthetic.sk\/"},{"@type":"ListItem","position":2,"name":"Dermato Kosmetik","item":"https:\/\/esthetic.sk\/de\/dermato-kosmetik\/"},{"@type":"ListItem","position":3,"name":"Gesicht, Hals, Dekollet\u00e9","item":"https:\/\/esthetic.sk\/dermato-kosmetik\/gesicht-hals-dekollete\/"},{"@type":"ListItem","position":4,"name":"Sauerstoffbehandlung | Sauerstofftherapie"}]},{"@type":"WebSite","@id":"https:\/\/esthetic.sk\/#website","url":"https:\/\/esthetic.sk\/","name":"Esthetic Bratislava","description":"R\u00fdchla cesta k dokonal\u00e9mu vz\u013eadu","publisher":{"@id":"https:\/\/esthetic.sk\/#organization"},"potentialAction":[{"@type":"SearchAction","target":{"@type":"EntryPoint","urlTemplate":"https:\/\/esthetic.sk\/?s={search_term_string}"},"query-input":{"@type":"PropertyValueSpecification","valueRequired":true,"valueName":"search_term_string"}}],"inLanguage":"de"},{"@type":"Organization","@id":"https:\/\/esthetic.sk\/#organization","name":"Esthetic .s.r.o.","url":"https:\/\/esthetic.sk\/","logo":{"@type":"ImageObject","inLanguage":"de","@id":"https:\/\/esthetic.sk\/#\/schema\/logo\/image\/","url":"https:\/\/esthetic.sk\/wp-content\/uploads\/2019\/02\/logo-1.svg","contentUrl":"https:\/\/esthetic.sk\/wp-content\/uploads\/2019\/02\/logo-1.svg","width":1,"height":1,"caption":"Esthetic .s.r.o."},"image":{"@id":"https:\/\/esthetic.sk\/#\/schema\/logo\/image\/"},"sameAs":["https:\/\/www.facebook.com\/Klinikaesthetic","https:\/\/www.instagram.com\/klinikaesthetic\/","https:\/\/www.youtube.com\/channel\/UC8AgtXNjHpne8qWdj9szu1A"]}]}},"_links":{"self":[{"href":"https:\/\/esthetic.sk\/de\/wp-json\/wp\/v2\/pages\/5914"}],"collection":[{"href":"https:\/\/esthetic.sk\/de\/wp-json\/wp\/v2\/pages"}],"about":[{"href":"https:\/\/esthetic.sk\/de\/wp-json\/wp\/v2\/types\/page"}],"author":[{"embeddable":true,"href":"https:\/\/esthetic.sk\/de\/wp-json\/wp\/v2\/users\/1"}],"replies":[{"embeddable":true,"href":"https:\/\/esthetic.sk\/de\/wp-json\/wp\/v2\/comments?post=5914"}],"version-history":[{"count":0,"href":"https:\/\/esthetic.sk\/de\/wp-json\/wp\/v2\/pages\/5914\/revisions"}],"up":[{"embeddable":true,"href":"https:\/\/esthetic.sk\/de\/wp-json\/wp\/v2\/pages\/5903"}],"wp:featuredmedia":[{"embeddable":true,"href":"https:\/\/esthetic.sk\/de\/wp-json\/wp\/v2\/media\/5526"}],"wp:attachment":[{"href":"https:\/\/esthetic.sk\/de\/wp-json\/wp\/v2\/media?parent=5914"}],"curies":[{"name":"wp","href":"https:\/\/api.w.org\/{rel}","templated":true}]}}