{"id":5913,"date":"2024-04-16T20:28:07","date_gmt":"2024-04-16T18:28:07","guid":{"rendered":"https:\/\/esthetic.sk\/dermato-kosmetik\/gesicht-hals-dekollete\/mesotherapie-ohne-nadeln\/"},"modified":"2024-04-16T20:28:07","modified_gmt":"2024-04-16T18:28:07","slug":"mesotherapie-ohne-nadeln","status":"publish","type":"page","link":"https:\/\/esthetic.sk\/de\/dermato-kosmetik\/gesicht-hals-dekollete\/mesotherapie-ohne-nadeln\/","title":{"rendered":"Mesotherapie &#8211; ohne Nadeln"},"content":{"rendered":"<h2>Grundlegende Merkmale<\/h2>\n<ul>\n \t<li>feine Linien<\/li>\n \t<li>Pigmentierung<\/li>\n \t<li>dehydrierte Haut<\/li>\n \t<li>m\u00fcde Haut<\/li>\n<\/ul>\n<h2>Anwendung<\/h2>\nViele unserer Kunden haben die wohltuende Wirkung von Mesolift erlebt, bei dem wir Wirkstoffe mit einer Nadel direkt in die Zellen der Haut injizieren. Es ist die Nadel, die f\u00fcr manche Kunden ein un\u00fcberwindbares Hindernis darstellt. Genau f\u00fcr sie haben wir eine neue Art der nicht-invasiven Behandlung entwickelt, die vier integrierte Technologien kombiniert. Die Behandlung beginnt mit Mikrodermabrasion, Entfernung abgestorbener Zellen und Peeling, gefolgt von einer Kombinationsbehandlung mit vier neuen Technologien und schlie\u00dft mit einer 20-min\u00fctigen <a href=\"https:\/\/esthetic.sk\/dermato-kozmetika\/tvar-krk-dekolt\/liecba-led-svetlom\/\">LED-Lampenanwendung<\/a> ab. Das Gel mit den Wirkstoffen (Vitamine, Hyalurons\u00e4ure, Kollagen, Mineralien) wird durch die von elektroakustischen Wellen verursachten Vibrationen in die Haut aufgenommen und mit Hilfe von Ozon, Infrarotlicht und einem Laser direkt in die Zelle eingeschleust. Die Dauer der Behandlung betr\u00e4gt 60 Minuten.\n<h2>Niederfrequente akustische Wellen<\/h2>\n<ul>\n \t<li>erh\u00f6ht die Durchl\u00e4ssigkeit der Zellmembranen und die Aufnahme bestimmter Produkte<\/li>\n<\/ul>\n<h2>Ozon<\/h2>\n<ul>\n \t<li>erh\u00f6ht die Sauerstoffversorgung des Gewebes<\/li>\n \t<li>verbessert den Stoffwechsel<\/li>\n \t<li>beschleunigt den Glukosestoffwechsel in den Zellen durch Steigerung der Glykolyse<\/li>\n \t<li>desinfiziert die Haut, hat eine antibakterielle und antivirale Wirkung<\/li>\n<\/ul>\n<h2>Infrarotstrahlung<\/h2>\n<ul>\n \t<li>verursacht eine Erweiterung der Blutgef\u00e4\u00dfe &#8211; Vasodilatation<\/li>\n \t<li>stimuliert die Blutzirkulation &#8211; Mikrozirkulation<\/li>\n \t<li>verbessert die Hautdurchl\u00e4ssigkeit<\/li>\n<\/ul>\n&nbsp;\n<h2><span style=\"color: #666666; font-size: 1.25rem;\">Dioden-Biostimulationslaser<\/span><\/h2>\n<ul>\n \t<li>stimuliert die Fibroblasten und die Kollagenproduktion<\/li>\n \t<li>Verbessert die Hauttextur<\/li>\n<\/ul>\nMit dieser Technologie werden die Vitamine C, B5, D2, B3, B6, B5 Panthenol, die Vitamine A, B1, E, Kollagen und Hyalurons\u00e4ure in die Haut eingebracht.\n\n&nbsp;","protected":false},"excerpt":{"rendered":"Grundlegende Merkmale feine Linien Pigmentierung dehydrierte Haut m\u00fcde Haut Anwendung Viele unserer Kunden haben die wohltuende Wirkung von Mesolift erlebt, bei dem wir Wirkstoffe mit einer Nadel direkt in die Zellen der Haut injizieren. Es ist die Nadel, die f\u00fcr manche Kunden ein un\u00fcberwindbares Hindernis darstellt. Genau f\u00fcr sie haben wir eine neue Art der","protected":false},"author":1,"featured_media":5526,"parent":5903,"menu_order":5,"comment_status":"closed","ping_status":"closed","template":"","meta":{"inline_featured_image":false,"footnotes":""},"class_list":["post-5913","page","type-page","status-publish","has-post-thumbnail","hentry"],"yoast_head":"<!-- This site is optimized with the Yoast SEO plugin v23.7 - https:\/\/yoast.com\/wordpress\/plugins\/seo\/ -->\n<title>Nicht-invasive Mesotherapie | ohne | Esthetic Bratislava<\/title>\n<meta name=\"description\" content=\"Nicht-invasive Mesotherapie - ohne Nadeln. Technologie zur Verbesserung des Eindringens von N\u00e4hrstoffen, Antioxidantien und Mineralien, hydratisiert die Haut, gl\u00e4ttet feine Linien.\" \/>\n<meta name=\"robots\" content=\"index, follow, max-snippet:-1, max-image-preview:large, max-video-preview:-1\" \/>\n<link rel=\"canonical\" href=\"https:\/\/esthetic.sk\/de\/dermato-kosmetik\/gesicht-hals-dekollete\/mesotherapie-ohne-nadeln\/\" \/>\n<meta property=\"og:locale\" content=\"de_DE\" \/>\n<meta property=\"og:type\" content=\"article\" \/>\n<meta property=\"og:title\" content=\"Nicht-invasive Mesotherapie | ohne | Esthetic Bratislava\" \/>\n<meta property=\"og:description\" content=\"Nicht-invasive Mesotherapie - ohne Nadeln. Technologie zur Verbesserung des Eindringens von N\u00e4hrstoffen, Antioxidantien und Mineralien, hydratisiert die Haut, gl\u00e4ttet feine Linien.\" \/>\n<meta property=\"og:url\" content=\"https:\/\/esthetic.sk\/de\/dermato-kosmetik\/gesicht-hals-dekollete\/mesotherapie-ohne-nadeln\/\" \/>\n<meta property=\"og:site_name\" content=\"Esthetic Bratislava\" \/>\n<meta property=\"article:publisher\" content=\"https:\/\/www.facebook.com\/Klinikaesthetic\" \/>\n<meta property=\"og:image\" content=\"https:\/\/esthetic.sk\/wp-content\/uploads\/2019\/02\/big11.jpg\" \/>\n\t<meta property=\"og:image:width\" content=\"1920\" \/>\n\t<meta property=\"og:image:height\" content=\"1080\" \/>\n\t<meta property=\"og:image:type\" content=\"image\/jpeg\" \/>\n<meta name=\"twitter:card\" content=\"summary_large_image\" \/>\n<meta name=\"twitter:label1\" content=\"Gesch\u00e4tzte Lesezeit\" \/>\n\t<meta name=\"twitter:data1\" content=\"1\u00a0Minute\" \/>\n<script type=\"application\/ld+json\" class=\"yoast-schema-graph\">{\"@context\":\"https:\/\/schema.org\",\"@graph\":[{\"@type\":\"WebPage\",\"@id\":\"https:\/\/esthetic.sk\/de\/dermato-kosmetik\/gesicht-hals-dekollete\/mesotherapie-ohne-nadeln\/\",\"url\":\"https:\/\/esthetic.sk\/de\/dermato-kosmetik\/gesicht-hals-dekollete\/mesotherapie-ohne-nadeln\/\",\"name\":\"Nicht-invasive Mesotherapie | ohne | Esthetic Bratislava\",\"isPartOf\":{\"@id\":\"https:\/\/esthetic.sk\/#website\"},\"primaryImageOfPage\":{\"@id\":\"https:\/\/esthetic.sk\/de\/dermato-kosmetik\/gesicht-hals-dekollete\/mesotherapie-ohne-nadeln\/#primaryimage\"},\"image\":{\"@id\":\"https:\/\/esthetic.sk\/de\/dermato-kosmetik\/gesicht-hals-dekollete\/mesotherapie-ohne-nadeln\/#primaryimage\"},\"thumbnailUrl\":\"https:\/\/esthetic.sk\/wp-content\/uploads\/2019\/02\/big11.jpg\",\"datePublished\":\"2024-04-16T18:28:07+00:00\",\"dateModified\":\"2024-04-16T18:28:07+00:00\",\"description\":\"Nicht-invasive Mesotherapie - ohne Nadeln. Technologie zur Verbesserung des Eindringens von N\u00e4hrstoffen, Antioxidantien und Mineralien, hydratisiert die Haut, gl\u00e4ttet feine Linien.\",\"breadcrumb\":{\"@id\":\"https:\/\/esthetic.sk\/de\/dermato-kosmetik\/gesicht-hals-dekollete\/mesotherapie-ohne-nadeln\/#breadcrumb\"},\"inLanguage\":\"de\",\"potentialAction\":[{\"@type\":\"ReadAction\",\"target\":[\"https:\/\/esthetic.sk\/de\/dermato-kosmetik\/gesicht-hals-dekollete\/mesotherapie-ohne-nadeln\/\"]}]},{\"@type\":\"ImageObject\",\"inLanguage\":\"de\",\"@id\":\"https:\/\/esthetic.sk\/de\/dermato-kosmetik\/gesicht-hals-dekollete\/mesotherapie-ohne-nadeln\/#primaryimage\",\"url\":\"https:\/\/esthetic.sk\/wp-content\/uploads\/2019\/02\/big11.jpg\",\"contentUrl\":\"https:\/\/esthetic.sk\/wp-content\/uploads\/2019\/02\/big11.jpg\",\"width\":1920,\"height\":1080},{\"@type\":\"BreadcrumbList\",\"@id\":\"https:\/\/esthetic.sk\/de\/dermato-kosmetik\/gesicht-hals-dekollete\/mesotherapie-ohne-nadeln\/#breadcrumb\",\"itemListElement\":[{\"@type\":\"ListItem\",\"position\":1,\"name\":\"Home\",\"item\":\"https:\/\/esthetic.sk\/\"},{\"@type\":\"ListItem\",\"position\":2,\"name\":\"Dermato Kosmetik\",\"item\":\"https:\/\/esthetic.sk\/de\/dermato-kosmetik\/\"},{\"@type\":\"ListItem\",\"position\":3,\"name\":\"Gesicht, Hals, Dekollet\u00e9\",\"item\":\"https:\/\/esthetic.sk\/dermato-kosmetik\/gesicht-hals-dekollete\/\"},{\"@type\":\"ListItem\",\"position\":4,\"name\":\"Mesotherapie &#8211; ohne Nadeln\"}]},{\"@type\":\"WebSite\",\"@id\":\"https:\/\/esthetic.sk\/#website\",\"url\":\"https:\/\/esthetic.sk\/\",\"name\":\"Esthetic Bratislava\",\"description\":\"R\u00fdchla cesta k dokonal\u00e9mu vz\u013eadu\",\"publisher\":{\"@id\":\"https:\/\/esthetic.sk\/#organization\"},\"potentialAction\":[{\"@type\":\"SearchAction\",\"target\":{\"@type\":\"EntryPoint\",\"urlTemplate\":\"https:\/\/esthetic.sk\/?s={search_term_string}\"},\"query-input\":{\"@type\":\"PropertyValueSpecification\",\"valueRequired\":true,\"valueName\":\"search_term_string\"}}],\"inLanguage\":\"de\"},{\"@type\":\"Organization\",\"@id\":\"https:\/\/esthetic.sk\/#organization\",\"name\":\"Esthetic .s.r.o.\",\"url\":\"https:\/\/esthetic.sk\/\",\"logo\":{\"@type\":\"ImageObject\",\"inLanguage\":\"de\",\"@id\":\"https:\/\/esthetic.sk\/#\/schema\/logo\/image\/\",\"url\":\"https:\/\/esthetic.sk\/wp-content\/uploads\/2019\/02\/logo-1.svg\",\"contentUrl\":\"https:\/\/esthetic.sk\/wp-content\/uploads\/2019\/02\/logo-1.svg\",\"width\":1,\"height\":1,\"caption\":\"Esthetic .s.r.o.\"},\"image\":{\"@id\":\"https:\/\/esthetic.sk\/#\/schema\/logo\/image\/\"},\"sameAs\":[\"https:\/\/www.facebook.com\/Klinikaesthetic\",\"https:\/\/www.instagram.com\/klinikaesthetic\/\",\"https:\/\/www.youtube.com\/channel\/UC8AgtXNjHpne8qWdj9szu1A\"]}]}<\/script>\n<!-- \/ Yoast SEO plugin. -->","yoast_head_json":{"title":"Nicht-invasive Mesotherapie | ohne | Esthetic Bratislava","description":"Nicht-invasive Mesotherapie - ohne Nadeln. Technologie zur Verbesserung des Eindringens von N\u00e4hrstoffen, Antioxidantien und Mineralien, hydratisiert die Haut, gl\u00e4ttet feine Linien.","robots":{"index":"index","follow":"follow","max-snippet":"max-snippet:-1","max-image-preview":"max-image-preview:large","max-video-preview":"max-video-preview:-1"},"canonical":"https:\/\/esthetic.sk\/de\/dermato-kosmetik\/gesicht-hals-dekollete\/mesotherapie-ohne-nadeln\/","og_locale":"de_DE","og_type":"article","og_title":"Nicht-invasive Mesotherapie | ohne | Esthetic Bratislava","og_description":"Nicht-invasive Mesotherapie - ohne Nadeln. Technologie zur Verbesserung des Eindringens von N\u00e4hrstoffen, Antioxidantien und Mineralien, hydratisiert die Haut, gl\u00e4ttet feine Linien.","og_url":"https:\/\/esthetic.sk\/de\/dermato-kosmetik\/gesicht-hals-dekollete\/mesotherapie-ohne-nadeln\/","og_site_name":"Esthetic Bratislava","article_publisher":"https:\/\/www.facebook.com\/Klinikaesthetic","og_image":[{"width":1920,"height":1080,"url":"https:\/\/esthetic.sk\/wp-content\/uploads\/2019\/02\/big11.jpg","type":"image\/jpeg"}],"twitter_card":"summary_large_image","twitter_misc":{"Gesch\u00e4tzte Lesezeit":"1\u00a0Minute"},"schema":{"@context":"https:\/\/schema.org","@graph":[{"@type":"WebPage","@id":"https:\/\/esthetic.sk\/de\/dermato-kosmetik\/gesicht-hals-dekollete\/mesotherapie-ohne-nadeln\/","url":"https:\/\/esthetic.sk\/de\/dermato-kosmetik\/gesicht-hals-dekollete\/mesotherapie-ohne-nadeln\/","name":"Nicht-invasive Mesotherapie | ohne | Esthetic Bratislava","isPartOf":{"@id":"https:\/\/esthetic.sk\/#website"},"primaryImageOfPage":{"@id":"https:\/\/esthetic.sk\/de\/dermato-kosmetik\/gesicht-hals-dekollete\/mesotherapie-ohne-nadeln\/#primaryimage"},"image":{"@id":"https:\/\/esthetic.sk\/de\/dermato-kosmetik\/gesicht-hals-dekollete\/mesotherapie-ohne-nadeln\/#primaryimage"},"thumbnailUrl":"https:\/\/esthetic.sk\/wp-content\/uploads\/2019\/02\/big11.jpg","datePublished":"2024-04-16T18:28:07+00:00","dateModified":"2024-04-16T18:28:07+00:00","description":"Nicht-invasive Mesotherapie - ohne Nadeln. Technologie zur Verbesserung des Eindringens von N\u00e4hrstoffen, Antioxidantien und Mineralien, hydratisiert die Haut, gl\u00e4ttet feine Linien.","breadcrumb":{"@id":"https:\/\/esthetic.sk\/de\/dermato-kosmetik\/gesicht-hals-dekollete\/mesotherapie-ohne-nadeln\/#breadcrumb"},"inLanguage":"de","potentialAction":[{"@type":"ReadAction","target":["https:\/\/esthetic.sk\/de\/dermato-kosmetik\/gesicht-hals-dekollete\/mesotherapie-ohne-nadeln\/"]}]},{"@type":"ImageObject","inLanguage":"de","@id":"https:\/\/esthetic.sk\/de\/dermato-kosmetik\/gesicht-hals-dekollete\/mesotherapie-ohne-nadeln\/#primaryimage","url":"https:\/\/esthetic.sk\/wp-content\/uploads\/2019\/02\/big11.jpg","contentUrl":"https:\/\/esthetic.sk\/wp-content\/uploads\/2019\/02\/big11.jpg","width":1920,"height":1080},{"@type":"BreadcrumbList","@id":"https:\/\/esthetic.sk\/de\/dermato-kosmetik\/gesicht-hals-dekollete\/mesotherapie-ohne-nadeln\/#breadcrumb","itemListElement":[{"@type":"ListItem","position":1,"name":"Home","item":"https:\/\/esthetic.sk\/"},{"@type":"ListItem","position":2,"name":"Dermato Kosmetik","item":"https:\/\/esthetic.sk\/de\/dermato-kosmetik\/"},{"@type":"ListItem","position":3,"name":"Gesicht, Hals, Dekollet\u00e9","item":"https:\/\/esthetic.sk\/dermato-kosmetik\/gesicht-hals-dekollete\/"},{"@type":"ListItem","position":4,"name":"Mesotherapie &#8211; ohne Nadeln"}]},{"@type":"WebSite","@id":"https:\/\/esthetic.sk\/#website","url":"https:\/\/esthetic.sk\/","name":"Esthetic Bratislava","description":"R\u00fdchla cesta k dokonal\u00e9mu vz\u013eadu","publisher":{"@id":"https:\/\/esthetic.sk\/#organization"},"potentialAction":[{"@type":"SearchAction","target":{"@type":"EntryPoint","urlTemplate":"https:\/\/esthetic.sk\/?s={search_term_string}"},"query-input":{"@type":"PropertyValueSpecification","valueRequired":true,"valueName":"search_term_string"}}],"inLanguage":"de"},{"@type":"Organization","@id":"https:\/\/esthetic.sk\/#organization","name":"Esthetic .s.r.o.","url":"https:\/\/esthetic.sk\/","logo":{"@type":"ImageObject","inLanguage":"de","@id":"https:\/\/esthetic.sk\/#\/schema\/logo\/image\/","url":"https:\/\/esthetic.sk\/wp-content\/uploads\/2019\/02\/logo-1.svg","contentUrl":"https:\/\/esthetic.sk\/wp-content\/uploads\/2019\/02\/logo-1.svg","width":1,"height":1,"caption":"Esthetic .s.r.o."},"image":{"@id":"https:\/\/esthetic.sk\/#\/schema\/logo\/image\/"},"sameAs":["https:\/\/www.facebook.com\/Klinikaesthetic","https:\/\/www.instagram.com\/klinikaesthetic\/","https:\/\/www.youtube.com\/channel\/UC8AgtXNjHpne8qWdj9szu1A"]}]}},"_links":{"self":[{"href":"https:\/\/esthetic.sk\/de\/wp-json\/wp\/v2\/pages\/5913"}],"collection":[{"href":"https:\/\/esthetic.sk\/de\/wp-json\/wp\/v2\/pages"}],"about":[{"href":"https:\/\/esthetic.sk\/de\/wp-json\/wp\/v2\/types\/page"}],"author":[{"embeddable":true,"href":"https:\/\/esthetic.sk\/de\/wp-json\/wp\/v2\/users\/1"}],"replies":[{"embeddable":true,"href":"https:\/\/esthetic.sk\/de\/wp-json\/wp\/v2\/comments?post=5913"}],"version-history":[{"count":0,"href":"https:\/\/esthetic.sk\/de\/wp-json\/wp\/v2\/pages\/5913\/revisions"}],"up":[{"embeddable":true,"href":"https:\/\/esthetic.sk\/de\/wp-json\/wp\/v2\/pages\/5903"}],"wp:featuredmedia":[{"embeddable":true,"href":"https:\/\/esthetic.sk\/de\/wp-json\/wp\/v2\/media\/5526"}],"wp:attachment":[{"href":"https:\/\/esthetic.sk\/de\/wp-json\/wp\/v2\/media?parent=5913"}],"curies":[{"name":"wp","href":"https:\/\/api.w.org\/{rel}","templated":true}]}}