{"id":5911,"date":"2024-04-16T20:28:06","date_gmt":"2024-04-16T18:28:06","guid":{"rendered":"https:\/\/esthetic.sk\/dermato-kosmetik\/aesthetische-kosmetische-behandlung\/"},"modified":"2024-04-16T20:28:06","modified_gmt":"2024-04-16T18:28:06","slug":"aesthetische-kosmetische-behandlung","status":"publish","type":"page","link":"https:\/\/esthetic.sk\/de\/dermato-kosmetik\/aesthetische-kosmetische-behandlung\/","title":{"rendered":"\u00c4sthetische kosmetische Behandlung"},"content":{"rendered":"","protected":false},"excerpt":{"rendered":"","protected":false},"author":1,"featured_media":0,"parent":5472,"menu_order":0,"comment_status":"closed","ping_status":"closed","template":"","meta":{"inline_featured_image":false,"footnotes":""},"class_list":["post-5911","page","type-page","status-publish","hentry"],"yoast_head":"<!-- This site is optimized with the Yoast SEO plugin v23.7 - https:\/\/yoast.com\/wordpress\/plugins\/seo\/ -->\n<title>\u00c4sthetische kosmetische Behandlung | Esthetic Bratislava<\/title>\n<meta name=\"robots\" content=\"index, follow, max-snippet:-1, max-image-preview:large, max-video-preview:-1\" \/>\n<link rel=\"canonical\" href=\"https:\/\/esthetic.sk\/dermato-kosmetik\/aesthetische-kosmetische-behandlung\/\" \/>\n<meta property=\"og:locale\" content=\"de_DE\" \/>\n<meta property=\"og:type\" content=\"article\" \/>\n<meta property=\"og:title\" content=\"\u00c4sthetische kosmetische Behandlung | Esthetic Bratislava\" \/>\n<meta property=\"og:url\" content=\"https:\/\/esthetic.sk\/dermato-kosmetik\/aesthetische-kosmetische-behandlung\/\" \/>\n<meta property=\"og:site_name\" content=\"Esthetic Bratislava\" \/>\n<meta property=\"article:publisher\" content=\"https:\/\/www.facebook.com\/Klinikaesthetic\" \/>\n<meta name=\"twitter:card\" content=\"summary_large_image\" \/>\n<script type=\"application\/ld+json\" class=\"yoast-schema-graph\">{\"@context\":\"https:\/\/schema.org\",\"@graph\":[{\"@type\":\"WebPage\",\"@id\":\"https:\/\/esthetic.sk\/dermato-kosmetik\/aesthetische-kosmetische-behandlung\/\",\"url\":\"https:\/\/esthetic.sk\/dermato-kosmetik\/aesthetische-kosmetische-behandlung\/\",\"name\":\"\u00c4sthetische kosmetische Behandlung | Esthetic Bratislava\",\"isPartOf\":{\"@id\":\"https:\/\/esthetic.sk\/#website\"},\"datePublished\":\"2024-04-16T18:28:06+00:00\",\"dateModified\":\"2024-04-16T18:28:06+00:00\",\"breadcrumb\":{\"@id\":\"https:\/\/esthetic.sk\/dermato-kosmetik\/aesthetische-kosmetische-behandlung\/#breadcrumb\"},\"inLanguage\":\"de\",\"potentialAction\":[{\"@type\":\"ReadAction\",\"target\":[\"https:\/\/esthetic.sk\/dermato-kosmetik\/aesthetische-kosmetische-behandlung\/\"]}]},{\"@type\":\"BreadcrumbList\",\"@id\":\"https:\/\/esthetic.sk\/dermato-kosmetik\/aesthetische-kosmetische-behandlung\/#breadcrumb\",\"itemListElement\":[{\"@type\":\"ListItem\",\"position\":1,\"name\":\"Home\",\"item\":\"https:\/\/esthetic.sk\/\"},{\"@type\":\"ListItem\",\"position\":2,\"name\":\"Dermato Kosmetik\",\"item\":\"https:\/\/esthetic.sk\/de\/dermato-kosmetik\/\"},{\"@type\":\"ListItem\",\"position\":3,\"name\":\"\u00c4sthetische kosmetische Behandlung\"}]},{\"@type\":\"WebSite\",\"@id\":\"https:\/\/esthetic.sk\/#website\",\"url\":\"https:\/\/esthetic.sk\/\",\"name\":\"Esthetic Bratislava\",\"description\":\"R\u00fdchla cesta k dokonal\u00e9mu vz\u013eadu\",\"publisher\":{\"@id\":\"https:\/\/esthetic.sk\/#organization\"},\"potentialAction\":[{\"@type\":\"SearchAction\",\"target\":{\"@type\":\"EntryPoint\",\"urlTemplate\":\"https:\/\/esthetic.sk\/?s={search_term_string}\"},\"query-input\":{\"@type\":\"PropertyValueSpecification\",\"valueRequired\":true,\"valueName\":\"search_term_string\"}}],\"inLanguage\":\"de\"},{\"@type\":\"Organization\",\"@id\":\"https:\/\/esthetic.sk\/#organization\",\"name\":\"Esthetic .s.r.o.\",\"url\":\"https:\/\/esthetic.sk\/\",\"logo\":{\"@type\":\"ImageObject\",\"inLanguage\":\"de\",\"@id\":\"https:\/\/esthetic.sk\/#\/schema\/logo\/image\/\",\"url\":\"https:\/\/esthetic.sk\/wp-content\/uploads\/2019\/02\/logo-1.svg\",\"contentUrl\":\"https:\/\/esthetic.sk\/wp-content\/uploads\/2019\/02\/logo-1.svg\",\"width\":1,\"height\":1,\"caption\":\"Esthetic .s.r.o.\"},\"image\":{\"@id\":\"https:\/\/esthetic.sk\/#\/schema\/logo\/image\/\"},\"sameAs\":[\"https:\/\/www.facebook.com\/Klinikaesthetic\",\"https:\/\/www.instagram.com\/klinikaesthetic\/\",\"https:\/\/www.youtube.com\/channel\/UC8AgtXNjHpne8qWdj9szu1A\"]}]}<\/script>\n<!-- \/ Yoast SEO plugin. -->","yoast_head_json":{"title":"\u00c4sthetische kosmetische Behandlung | Esthetic Bratislava","robots":{"index":"index","follow":"follow","max-snippet":"max-snippet:-1","max-image-preview":"max-image-preview:large","max-video-preview":"max-video-preview:-1"},"canonical":"https:\/\/esthetic.sk\/dermato-kosmetik\/aesthetische-kosmetische-behandlung\/","og_locale":"de_DE","og_type":"article","og_title":"\u00c4sthetische kosmetische Behandlung | Esthetic Bratislava","og_url":"https:\/\/esthetic.sk\/dermato-kosmetik\/aesthetische-kosmetische-behandlung\/","og_site_name":"Esthetic Bratislava","article_publisher":"https:\/\/www.facebook.com\/Klinikaesthetic","twitter_card":"summary_large_image","schema":{"@context":"https:\/\/schema.org","@graph":[{"@type":"WebPage","@id":"https:\/\/esthetic.sk\/dermato-kosmetik\/aesthetische-kosmetische-behandlung\/","url":"https:\/\/esthetic.sk\/dermato-kosmetik\/aesthetische-kosmetische-behandlung\/","name":"\u00c4sthetische kosmetische Behandlung | Esthetic Bratislava","isPartOf":{"@id":"https:\/\/esthetic.sk\/#website"},"datePublished":"2024-04-16T18:28:06+00:00","dateModified":"2024-04-16T18:28:06+00:00","breadcrumb":{"@id":"https:\/\/esthetic.sk\/dermato-kosmetik\/aesthetische-kosmetische-behandlung\/#breadcrumb"},"inLanguage":"de","potentialAction":[{"@type":"ReadAction","target":["https:\/\/esthetic.sk\/dermato-kosmetik\/aesthetische-kosmetische-behandlung\/"]}]},{"@type":"BreadcrumbList","@id":"https:\/\/esthetic.sk\/dermato-kosmetik\/aesthetische-kosmetische-behandlung\/#breadcrumb","itemListElement":[{"@type":"ListItem","position":1,"name":"Home","item":"https:\/\/esthetic.sk\/"},{"@type":"ListItem","position":2,"name":"Dermato Kosmetik","item":"https:\/\/esthetic.sk\/de\/dermato-kosmetik\/"},{"@type":"ListItem","position":3,"name":"\u00c4sthetische kosmetische Behandlung"}]},{"@type":"WebSite","@id":"https:\/\/esthetic.sk\/#website","url":"https:\/\/esthetic.sk\/","name":"Esthetic Bratislava","description":"R\u00fdchla cesta k dokonal\u00e9mu vz\u013eadu","publisher":{"@id":"https:\/\/esthetic.sk\/#organization"},"potentialAction":[{"@type":"SearchAction","target":{"@type":"EntryPoint","urlTemplate":"https:\/\/esthetic.sk\/?s={search_term_string}"},"query-input":{"@type":"PropertyValueSpecification","valueRequired":true,"valueName":"search_term_string"}}],"inLanguage":"de"},{"@type":"Organization","@id":"https:\/\/esthetic.sk\/#organization","name":"Esthetic .s.r.o.","url":"https:\/\/esthetic.sk\/","logo":{"@type":"ImageObject","inLanguage":"de","@id":"https:\/\/esthetic.sk\/#\/schema\/logo\/image\/","url":"https:\/\/esthetic.sk\/wp-content\/uploads\/2019\/02\/logo-1.svg","contentUrl":"https:\/\/esthetic.sk\/wp-content\/uploads\/2019\/02\/logo-1.svg","width":1,"height":1,"caption":"Esthetic .s.r.o."},"image":{"@id":"https:\/\/esthetic.sk\/#\/schema\/logo\/image\/"},"sameAs":["https:\/\/www.facebook.com\/Klinikaesthetic","https:\/\/www.instagram.com\/klinikaesthetic\/","https:\/\/www.youtube.com\/channel\/UC8AgtXNjHpne8qWdj9szu1A"]}]}},"_links":{"self":[{"href":"https:\/\/esthetic.sk\/de\/wp-json\/wp\/v2\/pages\/5911"}],"collection":[{"href":"https:\/\/esthetic.sk\/de\/wp-json\/wp\/v2\/pages"}],"about":[{"href":"https:\/\/esthetic.sk\/de\/wp-json\/wp\/v2\/types\/page"}],"author":[{"embeddable":true,"href":"https:\/\/esthetic.sk\/de\/wp-json\/wp\/v2\/users\/1"}],"replies":[{"embeddable":true,"href":"https:\/\/esthetic.sk\/de\/wp-json\/wp\/v2\/comments?post=5911"}],"version-history":[{"count":0,"href":"https:\/\/esthetic.sk\/de\/wp-json\/wp\/v2\/pages\/5911\/revisions"}],"up":[{"embeddable":true,"href":"https:\/\/esthetic.sk\/de\/wp-json\/wp\/v2\/pages\/5472"}],"wp:attachment":[{"href":"https:\/\/esthetic.sk\/de\/wp-json\/wp\/v2\/media?parent=5911"}],"curies":[{"name":"wp","href":"https:\/\/api.w.org\/{rel}","templated":true}]}}