{"id":5909,"date":"2024-04-16T20:28:05","date_gmt":"2024-04-16T18:28:05","guid":{"rendered":"https:\/\/esthetic.sk\/dermato-kosmetik\/gesicht-hals-dekollete\/behandlung-von-akne\/"},"modified":"2024-04-16T20:28:05","modified_gmt":"2024-04-16T18:28:05","slug":"behandlung-von-akne","status":"publish","type":"page","link":"https:\/\/esthetic.sk\/de\/dermato-kosmetik\/gesicht-hals-dekollete\/behandlung-von-akne\/","title":{"rendered":"Behandlung von Akne"},"content":{"rendered":"<h2>Grundlegende Merkmale<\/h2>\n<ul>\n \t<li>entz\u00fcndliche Hauterkrankung<\/li>\n \t<li>Hormonelles Ungleichgewicht<\/li>\n \t<li>erh\u00f6hte Anf\u00e4lligkeit der Haut f\u00fcr hormonelle Ver\u00e4nderungen (Pubert\u00e4t, Schwangerschaft, pr\u00e4menstruelle Akne, Neugeborenenakne)<\/li>\n<\/ul>\n<h2>Lokale Behandlung<\/h2>\n<ul>\n \t<li>Antibiotika (Cremes, L\u00f6sungen)<\/li>\n \t<li>Benzoylperoxid, Azalees\u00e4ure, Vitamin A-Derivate (Gele, Cremes),<\/li>\n \t<li><a href=\"https:\/\/esthetic.sk\/dermato-kozmetika\/tvar-krk-dekolt\/chemicky-peeling-ovocnymi-kyselinami\/\">Chemisches Peeling<\/a> (Anwendung von Fruchts\u00e4uren, den neuesten Polyhydroxys\u00e4uren)<\/li>\n \t<li><a href=\"https:\/\/esthetic.sk\/laserova-medicina\/laserova-medicina\/jazvy-po-akne-a-vrasky\/\">Anwendung von Laser<\/a> und <a href=\"https:\/\/esthetic.sk\/laserova-medicina\/znamienka-vrasky\/ipl-odstranenie-pigmentacii-a-skvrn\/\">intensiv gepulstem Licht<\/a><\/li>\n<\/ul>\n<h2>Anwendung<\/h2>\nDer Einsatz von <a href=\"https:\/\/esthetic.sk\/laserova-medicina\/znamienka-vrasky\/ipl-odstranenie-pigmentacii-a-skvrn\/\">intensiv gepulstem Licht<\/a>, das die lokale Immunreaktion stimuliert, reduziert die Anzahl der entz\u00fcndeten Ausschl\u00e4ge und entfernt die r\u00f6tlich-violetten und braunen Flecken, die bei vielen Patienten nach Abheilung der Ausschl\u00e4ge auf der Haut verbleiben. Gleichzeitig wird die Hauttextur verbessert und vergr\u00f6\u00dferte Poren werden reduziert. Der Eingriff dauert im Durchschnitt 15 &#8211; 20 Minuten und die Haut ist nach dem Eingriff ger\u00f6tet und leicht geschwollen. Vor dem Eingriff ist es ratsam, sich einer <a href=\"https:\/\/esthetic.sk\/dermato-kozmetika\/tvar-krk-dekolt\/mikrodermabrazia\/\">Mikrodermabrasion<\/a> zu unterziehen, bei der die obere Eckschicht der Haut entfernt wird.\n<h2>Dauer<\/h2>\nEine Besserung tritt im Durchschnitt bereits zwei Monate nach Beginn der regelm\u00e4\u00dfigen Behandlung ein.\n<h2>Risiken<\/h2>\nEs ist eine minimal schmerzhafte Methode, bei der der Patient eine Art Zwicken an der Stelle des Pulses sp\u00fcrt. Der Eingriff wird nur im Herbst und Winter durchgef\u00fchrt, in regelm\u00e4\u00dfigen Abst\u00e4nden von 3-5 Wochen.\n<h2>Behandlung von Akne insgesamt<\/h2>\n<ul>\n \t<li>Orale Verh\u00fctungsmittel mit antiandrogener Wirkung<\/li>\n \t<li>Antibiotika<\/li>\n \t<li>Vitamin-A-Derivate<\/li>\n<\/ul>\n<h2>Faktoren, die das Auftreten von Akne beeinflussen<\/h2>\n<ul>\n \t<li>Psyche<\/li>\n \t<li>Lebensstil<\/li>\n \t<li>Umgebung (Verschlimmerung bei Aufenthalt in einer stickigen, hei\u00dfen und staubigen Umgebung)<\/li>\n \t<li>Einnahme von Medikamenten (Kortikosteroide, einige Antiepileptika, Vitamin B12)<\/li>\n \t<li>Kosmetika (Cremes, die Vaseline enthalten)<\/li>\n \t<li>Lebensmittel und Nahrungserg\u00e4nzungsmittel (Schokolade, N\u00fcsse&#8230;)<\/li>\n<\/ul>\n<h2>Behandlungsm\u00f6glichkeiten<\/h2>\nBei der Behandlung von Akne unterscheiden wir zwischen lokaler und allgemeiner Behandlung, erg\u00e4nzender Behandlung und Nachbehandlung.\n<h2>Lokale Behandlung<\/h2>\n<ul>\n \t<li>blaues Licht, <a href=\"https:\/\/esthetic.sk\/dermato-kozmetika\/tvar-krk-dekolt\/liecba-led-svetlom\/\">LED-Lampe<\/a>, Marvel<\/li>\n \t<li>Antibiotika (Cremes, L\u00f6sungen), Benzoylperoxid, Azalees\u00e4ure, Vitamin-A-Derivate (Gele, Cremes)<\/li>\n \t<li><a href=\"https:\/\/esthetic.sk\/dermato-kozmetika\/tvar-krk-dekolt\/chemicky-peeling-ovocnymi-kyselinami\/\">Chemisches Peeling<\/a> (Anwendung von Fruchts\u00e4uren)<\/li>\n \t<li>Anwendung des Biostimulationslasers<\/li>\n \t<li>Laser- oder <a href=\"https:\/\/esthetic.sk\/laserova-medicina\/znamienka-vrasky\/ipl-odstranenie-pigmentacii-a-skvrn\/\">IPL-Anwendung<\/a><\/li>\n \t<li>Chirurgische Behandlung von gro\u00dfen Entz\u00fcndungsherden<\/li>\n<\/ul>\n<h2>Behandlung insgesamt<\/h2>\n<ul>\n \t<li>hormonell (am h\u00e4ufigsten orale Verh\u00fctungsmittel mit antiandrogener Wirkung)<\/li>\n \t<li>Antibiotika<\/li>\n \t<li>Vitamin A-Derivate (Roaccutan cps.)<\/li>\n<\/ul>\n<h2>Erg\u00e4nzende Behandlung<\/h2>\n<ul>\n \t<li>Laser-Gel-Maske<\/li>\n \t<li>professionelle <a href=\"https:\/\/esthetic.sk\/dermato-kozmetika\/kozmeticke-osetrenie-esthetic\/\">kosmetische Behandlung<\/a><\/li>\n \t<li>Laserbehandlung<\/li>\n \t<li>mechanische Mikrodermabrasion<\/li>\n \t<li>Laser-Peeling<\/li>\n \t<li><a href=\"https:\/\/esthetic.sk\/dermato-kozmetika\/tvar-krk-dekolt\/chemicky-peeling\/\">chemisches Peeling<\/a><\/li>\n \t<li>Anwendung von Kortikosteroiden bei hypertrophen Narben<\/li>\n \t<li>F\u00fcllmaterialien f\u00fcr Narben unterhalb der Hautoberfl\u00e4che<\/li>\n<\/ul>\nWir empfehlen auch geeignete Kosmetika f\u00fcr den Hausgebrauch von <a href=\"https:\/\/doktorkasandra.sk\">Doctor Sandra<\/a>.","protected":false},"excerpt":{"rendered":"Grundlegende Merkmale entz\u00fcndliche Hauterkrankung Hormonelles Ungleichgewicht erh\u00f6hte Anf\u00e4lligkeit der Haut f\u00fcr hormonelle Ver\u00e4nderungen (Pubert\u00e4t, Schwangerschaft, pr\u00e4menstruelle Akne, Neugeborenenakne) Lokale Behandlung Antibiotika (Cremes, L\u00f6sungen) Benzoylperoxid, Azalees\u00e4ure, Vitamin A-Derivate (Gele, Cremes), Chemisches Peeling (Anwendung von Fruchts\u00e4uren, den neuesten Polyhydroxys\u00e4uren) Anwendung von Laser und intensiv gepulstem Licht Anwendung Der Einsatz von intensiv gepulstem Licht, das die lokale Immunreaktion","protected":false},"author":1,"featured_media":5526,"parent":5903,"menu_order":1,"comment_status":"closed","ping_status":"closed","template":"","meta":{"inline_featured_image":false,"footnotes":""},"class_list":["post-5909","page","type-page","status-publish","has-post-thumbnail","hentry"],"yoast_head":"<!-- This site is optimized with the Yoast SEO plugin v23.7 - https:\/\/yoast.com\/wordpress\/plugins\/seo\/ -->\n<title>Aknebehandlung | IPL bei Akne | Esthetic Clinic Bratislava<\/title>\n<meta name=\"description\" content=\"Moderne Aknebehandlung - die neuesten Trends, Laser, IPL, LED-Entfernung, bei der die lokale Immunreaktion stimuliert wird.\" \/>\n<meta name=\"robots\" content=\"index, follow, max-snippet:-1, max-image-preview:large, max-video-preview:-1\" \/>\n<link rel=\"canonical\" href=\"https:\/\/esthetic.sk\/de\/dermato-kosmetik\/gesicht-hals-dekollete\/behandlung-von-akne\/\" \/>\n<meta property=\"og:locale\" content=\"de_DE\" \/>\n<meta property=\"og:type\" content=\"article\" \/>\n<meta property=\"og:title\" content=\"Aknebehandlung | IPL bei Akne | Esthetic Clinic Bratislava\" \/>\n<meta property=\"og:description\" content=\"Moderne Aknebehandlung - die neuesten Trends, Laser, IPL, LED-Entfernung, bei der die lokale Immunreaktion stimuliert wird.\" \/>\n<meta property=\"og:url\" content=\"https:\/\/esthetic.sk\/de\/dermato-kosmetik\/gesicht-hals-dekollete\/behandlung-von-akne\/\" \/>\n<meta property=\"og:site_name\" content=\"Esthetic Bratislava\" \/>\n<meta property=\"article:publisher\" content=\"https:\/\/www.facebook.com\/Klinikaesthetic\" \/>\n<meta property=\"og:image\" content=\"https:\/\/esthetic.sk\/wp-content\/uploads\/2019\/02\/big11.jpg\" \/>\n\t<meta property=\"og:image:width\" content=\"1920\" \/>\n\t<meta property=\"og:image:height\" content=\"1080\" \/>\n\t<meta property=\"og:image:type\" content=\"image\/jpeg\" \/>\n<meta name=\"twitter:card\" content=\"summary_large_image\" \/>\n<meta name=\"twitter:label1\" content=\"Gesch\u00e4tzte Lesezeit\" \/>\n\t<meta name=\"twitter:data1\" content=\"2\u00a0Minuten\" \/>\n<script type=\"application\/ld+json\" class=\"yoast-schema-graph\">{\"@context\":\"https:\/\/schema.org\",\"@graph\":[{\"@type\":\"WebPage\",\"@id\":\"https:\/\/esthetic.sk\/de\/dermato-kosmetik\/gesicht-hals-dekollete\/behandlung-von-akne\/\",\"url\":\"https:\/\/esthetic.sk\/de\/dermato-kosmetik\/gesicht-hals-dekollete\/behandlung-von-akne\/\",\"name\":\"Aknebehandlung | IPL bei Akne | Esthetic Clinic Bratislava\",\"isPartOf\":{\"@id\":\"https:\/\/esthetic.sk\/#website\"},\"primaryImageOfPage\":{\"@id\":\"https:\/\/esthetic.sk\/de\/dermato-kosmetik\/gesicht-hals-dekollete\/behandlung-von-akne\/#primaryimage\"},\"image\":{\"@id\":\"https:\/\/esthetic.sk\/de\/dermato-kosmetik\/gesicht-hals-dekollete\/behandlung-von-akne\/#primaryimage\"},\"thumbnailUrl\":\"https:\/\/esthetic.sk\/wp-content\/uploads\/2019\/02\/big11.jpg\",\"datePublished\":\"2024-04-16T18:28:05+00:00\",\"dateModified\":\"2024-04-16T18:28:05+00:00\",\"description\":\"Moderne Aknebehandlung - die neuesten Trends, Laser, IPL, LED-Entfernung, bei der die lokale Immunreaktion stimuliert wird.\",\"breadcrumb\":{\"@id\":\"https:\/\/esthetic.sk\/de\/dermato-kosmetik\/gesicht-hals-dekollete\/behandlung-von-akne\/#breadcrumb\"},\"inLanguage\":\"de\",\"potentialAction\":[{\"@type\":\"ReadAction\",\"target\":[\"https:\/\/esthetic.sk\/de\/dermato-kosmetik\/gesicht-hals-dekollete\/behandlung-von-akne\/\"]}]},{\"@type\":\"ImageObject\",\"inLanguage\":\"de\",\"@id\":\"https:\/\/esthetic.sk\/de\/dermato-kosmetik\/gesicht-hals-dekollete\/behandlung-von-akne\/#primaryimage\",\"url\":\"https:\/\/esthetic.sk\/wp-content\/uploads\/2019\/02\/big11.jpg\",\"contentUrl\":\"https:\/\/esthetic.sk\/wp-content\/uploads\/2019\/02\/big11.jpg\",\"width\":1920,\"height\":1080},{\"@type\":\"BreadcrumbList\",\"@id\":\"https:\/\/esthetic.sk\/de\/dermato-kosmetik\/gesicht-hals-dekollete\/behandlung-von-akne\/#breadcrumb\",\"itemListElement\":[{\"@type\":\"ListItem\",\"position\":1,\"name\":\"Home\",\"item\":\"https:\/\/esthetic.sk\/\"},{\"@type\":\"ListItem\",\"position\":2,\"name\":\"Dermato Kosmetik\",\"item\":\"https:\/\/esthetic.sk\/de\/dermato-kosmetik\/\"},{\"@type\":\"ListItem\",\"position\":3,\"name\":\"Gesicht, Hals, Dekollet\u00e9\",\"item\":\"https:\/\/esthetic.sk\/dermato-kosmetik\/gesicht-hals-dekollete\/\"},{\"@type\":\"ListItem\",\"position\":4,\"name\":\"Behandlung von Akne\"}]},{\"@type\":\"WebSite\",\"@id\":\"https:\/\/esthetic.sk\/#website\",\"url\":\"https:\/\/esthetic.sk\/\",\"name\":\"Esthetic Bratislava\",\"description\":\"R\u00fdchla cesta k dokonal\u00e9mu vz\u013eadu\",\"publisher\":{\"@id\":\"https:\/\/esthetic.sk\/#organization\"},\"potentialAction\":[{\"@type\":\"SearchAction\",\"target\":{\"@type\":\"EntryPoint\",\"urlTemplate\":\"https:\/\/esthetic.sk\/?s={search_term_string}\"},\"query-input\":{\"@type\":\"PropertyValueSpecification\",\"valueRequired\":true,\"valueName\":\"search_term_string\"}}],\"inLanguage\":\"de\"},{\"@type\":\"Organization\",\"@id\":\"https:\/\/esthetic.sk\/#organization\",\"name\":\"Esthetic .s.r.o.\",\"url\":\"https:\/\/esthetic.sk\/\",\"logo\":{\"@type\":\"ImageObject\",\"inLanguage\":\"de\",\"@id\":\"https:\/\/esthetic.sk\/#\/schema\/logo\/image\/\",\"url\":\"https:\/\/esthetic.sk\/wp-content\/uploads\/2019\/02\/logo-1.svg\",\"contentUrl\":\"https:\/\/esthetic.sk\/wp-content\/uploads\/2019\/02\/logo-1.svg\",\"width\":1,\"height\":1,\"caption\":\"Esthetic .s.r.o.\"},\"image\":{\"@id\":\"https:\/\/esthetic.sk\/#\/schema\/logo\/image\/\"},\"sameAs\":[\"https:\/\/www.facebook.com\/Klinikaesthetic\",\"https:\/\/www.instagram.com\/klinikaesthetic\/\",\"https:\/\/www.youtube.com\/channel\/UC8AgtXNjHpne8qWdj9szu1A\"]}]}<\/script>\n<!-- \/ Yoast SEO plugin. -->","yoast_head_json":{"title":"Aknebehandlung | IPL bei Akne | Esthetic Clinic Bratislava","description":"Moderne Aknebehandlung - die neuesten Trends, Laser, IPL, LED-Entfernung, bei der die lokale Immunreaktion stimuliert wird.","robots":{"index":"index","follow":"follow","max-snippet":"max-snippet:-1","max-image-preview":"max-image-preview:large","max-video-preview":"max-video-preview:-1"},"canonical":"https:\/\/esthetic.sk\/de\/dermato-kosmetik\/gesicht-hals-dekollete\/behandlung-von-akne\/","og_locale":"de_DE","og_type":"article","og_title":"Aknebehandlung | IPL bei Akne | Esthetic Clinic Bratislava","og_description":"Moderne Aknebehandlung - die neuesten Trends, Laser, IPL, LED-Entfernung, bei der die lokale Immunreaktion stimuliert wird.","og_url":"https:\/\/esthetic.sk\/de\/dermato-kosmetik\/gesicht-hals-dekollete\/behandlung-von-akne\/","og_site_name":"Esthetic Bratislava","article_publisher":"https:\/\/www.facebook.com\/Klinikaesthetic","og_image":[{"width":1920,"height":1080,"url":"https:\/\/esthetic.sk\/wp-content\/uploads\/2019\/02\/big11.jpg","type":"image\/jpeg"}],"twitter_card":"summary_large_image","twitter_misc":{"Gesch\u00e4tzte Lesezeit":"2\u00a0Minuten"},"schema":{"@context":"https:\/\/schema.org","@graph":[{"@type":"WebPage","@id":"https:\/\/esthetic.sk\/de\/dermato-kosmetik\/gesicht-hals-dekollete\/behandlung-von-akne\/","url":"https:\/\/esthetic.sk\/de\/dermato-kosmetik\/gesicht-hals-dekollete\/behandlung-von-akne\/","name":"Aknebehandlung | IPL bei Akne | Esthetic Clinic Bratislava","isPartOf":{"@id":"https:\/\/esthetic.sk\/#website"},"primaryImageOfPage":{"@id":"https:\/\/esthetic.sk\/de\/dermato-kosmetik\/gesicht-hals-dekollete\/behandlung-von-akne\/#primaryimage"},"image":{"@id":"https:\/\/esthetic.sk\/de\/dermato-kosmetik\/gesicht-hals-dekollete\/behandlung-von-akne\/#primaryimage"},"thumbnailUrl":"https:\/\/esthetic.sk\/wp-content\/uploads\/2019\/02\/big11.jpg","datePublished":"2024-04-16T18:28:05+00:00","dateModified":"2024-04-16T18:28:05+00:00","description":"Moderne Aknebehandlung - die neuesten Trends, Laser, IPL, LED-Entfernung, bei der die lokale Immunreaktion stimuliert wird.","breadcrumb":{"@id":"https:\/\/esthetic.sk\/de\/dermato-kosmetik\/gesicht-hals-dekollete\/behandlung-von-akne\/#breadcrumb"},"inLanguage":"de","potentialAction":[{"@type":"ReadAction","target":["https:\/\/esthetic.sk\/de\/dermato-kosmetik\/gesicht-hals-dekollete\/behandlung-von-akne\/"]}]},{"@type":"ImageObject","inLanguage":"de","@id":"https:\/\/esthetic.sk\/de\/dermato-kosmetik\/gesicht-hals-dekollete\/behandlung-von-akne\/#primaryimage","url":"https:\/\/esthetic.sk\/wp-content\/uploads\/2019\/02\/big11.jpg","contentUrl":"https:\/\/esthetic.sk\/wp-content\/uploads\/2019\/02\/big11.jpg","width":1920,"height":1080},{"@type":"BreadcrumbList","@id":"https:\/\/esthetic.sk\/de\/dermato-kosmetik\/gesicht-hals-dekollete\/behandlung-von-akne\/#breadcrumb","itemListElement":[{"@type":"ListItem","position":1,"name":"Home","item":"https:\/\/esthetic.sk\/"},{"@type":"ListItem","position":2,"name":"Dermato Kosmetik","item":"https:\/\/esthetic.sk\/de\/dermato-kosmetik\/"},{"@type":"ListItem","position":3,"name":"Gesicht, Hals, Dekollet\u00e9","item":"https:\/\/esthetic.sk\/dermato-kosmetik\/gesicht-hals-dekollete\/"},{"@type":"ListItem","position":4,"name":"Behandlung von Akne"}]},{"@type":"WebSite","@id":"https:\/\/esthetic.sk\/#website","url":"https:\/\/esthetic.sk\/","name":"Esthetic Bratislava","description":"R\u00fdchla cesta k dokonal\u00e9mu vz\u013eadu","publisher":{"@id":"https:\/\/esthetic.sk\/#organization"},"potentialAction":[{"@type":"SearchAction","target":{"@type":"EntryPoint","urlTemplate":"https:\/\/esthetic.sk\/?s={search_term_string}"},"query-input":{"@type":"PropertyValueSpecification","valueRequired":true,"valueName":"search_term_string"}}],"inLanguage":"de"},{"@type":"Organization","@id":"https:\/\/esthetic.sk\/#organization","name":"Esthetic .s.r.o.","url":"https:\/\/esthetic.sk\/","logo":{"@type":"ImageObject","inLanguage":"de","@id":"https:\/\/esthetic.sk\/#\/schema\/logo\/image\/","url":"https:\/\/esthetic.sk\/wp-content\/uploads\/2019\/02\/logo-1.svg","contentUrl":"https:\/\/esthetic.sk\/wp-content\/uploads\/2019\/02\/logo-1.svg","width":1,"height":1,"caption":"Esthetic .s.r.o."},"image":{"@id":"https:\/\/esthetic.sk\/#\/schema\/logo\/image\/"},"sameAs":["https:\/\/www.facebook.com\/Klinikaesthetic","https:\/\/www.instagram.com\/klinikaesthetic\/","https:\/\/www.youtube.com\/channel\/UC8AgtXNjHpne8qWdj9szu1A"]}]}},"_links":{"self":[{"href":"https:\/\/esthetic.sk\/de\/wp-json\/wp\/v2\/pages\/5909"}],"collection":[{"href":"https:\/\/esthetic.sk\/de\/wp-json\/wp\/v2\/pages"}],"about":[{"href":"https:\/\/esthetic.sk\/de\/wp-json\/wp\/v2\/types\/page"}],"author":[{"embeddable":true,"href":"https:\/\/esthetic.sk\/de\/wp-json\/wp\/v2\/users\/1"}],"replies":[{"embeddable":true,"href":"https:\/\/esthetic.sk\/de\/wp-json\/wp\/v2\/comments?post=5909"}],"version-history":[{"count":0,"href":"https:\/\/esthetic.sk\/de\/wp-json\/wp\/v2\/pages\/5909\/revisions"}],"up":[{"embeddable":true,"href":"https:\/\/esthetic.sk\/de\/wp-json\/wp\/v2\/pages\/5903"}],"wp:featuredmedia":[{"embeddable":true,"href":"https:\/\/esthetic.sk\/de\/wp-json\/wp\/v2\/media\/5526"}],"wp:attachment":[{"href":"https:\/\/esthetic.sk\/de\/wp-json\/wp\/v2\/media?parent=5909"}],"curies":[{"name":"wp","href":"https:\/\/api.w.org\/{rel}","templated":true}]}}