{"id":5908,"date":"2024-04-16T20:28:04","date_gmt":"2024-04-16T18:28:04","guid":{"rendered":"https:\/\/esthetic.sk\/dermato-kosmetik\/gesicht-hals-dekollete\/chemisches-peeling-3-retinol-neostrata\/"},"modified":"2024-04-16T20:28:04","modified_gmt":"2024-04-16T18:28:04","slug":"chemisches-peeling-3-retinol-neostrata","status":"publish","type":"page","link":"https:\/\/esthetic.sk\/de\/dermato-kosmetik\/gesicht-hals-dekollete\/chemisches-peeling-3-retinol-neostrata\/","title":{"rendered":"CHEMISCHES PEELING 3% RETINOL NEOSTRATA"},"content":{"rendered":"Ein chemisches Peeling ist ein Verfahren, bei dem eine Chemikalie verwendet wird, um die obersten Hautschichten zu entfernen und das Aussehen und die Textur der Haut zu verbessern. Dieses Verfahren wird h\u00e4ufig im Gesicht durchgef\u00fchrt, kann aber auch an anderen K\u00f6rperteilen wie dem Hals, den Armen oder dem R\u00fccken angewendet werden. Chemische Peelings werden bei einer Vielzahl von Hautproblemen eingesetzt, darunter feine Linien, Hyperpigmentierung, Akne, Narben, ungleichm\u00e4\u00dfiger Hautton und Sonnensch\u00e4den.\n<br><br>\n\nEs gibt verschiedene Arten von chemischen Peelings, die sich je nach Konzentration und Art der verwendeten Chemikalien unterscheiden. Hier sind einige der h\u00e4ufigsten Arten:\n\n<ul>\n\n\t<li>Oberfl\u00e4chliche Peelings (milde Peelings): Diese Peelings verwenden eine milde Konzentration von Chemikalien, wie Alpha-Hydroxys\u00e4uren (AHA) oder Beta-Hydroxys\u00e4uren (BHA), um eine Schicht abgestorbener Haut zu entfernen. Diese Art von Peeling wird normalerweise verwendet, um die Hautstruktur zu verbessern, feine Linien zu mildern und den Hautton zu gl\u00e4tten.<\/li>\n\n\t<li>Mittleres Peeling: Bei dieser Art von Peeling werden st\u00e4rkere Chemikalien wie Glykols\u00e4ure oder Trichloressigs\u00e4ure (TCA) verwendet, um tiefere Hautschichten zu entfernen. Das mittlere Peeling wird verwendet, um leichte Pigmentierungen, Narben und feine Linien zu reduzieren. Bei einem mittleren Peeling ist oft eine Erholungsphase von mehreren Wochen erforderlich.<\/li>\n\n\t<li>Tiefes Peeling: Diese Art des Peelings ist die intensivste und verwendet eine starke Chemikalie wie Phenol. Ein Tiefenpeeling kann tief in die Haut eindringen und einen gro\u00dfen Teil der oberen Hautschichten entfernen. Dieses Verfahren wird h\u00e4ufig eingesetzt, um tiefere Falten, ausgepr\u00e4gte Pigmentierung und auff\u00e4llige Narben zu entfernen. Die Erholung nach einem tiefen Peeling kann mehrere Wochen bis Monate dauern<\/li>\n\n<\/ul>\n\n<h2>Grundlegende Merkmale<\/h2>\n<ul>\n\n\t<li>Akne<\/li>\n\n\t<li>fettige Haut<\/li>\n\n\t<li>vergr\u00f6\u00dferte Poren<\/li>\n\n\t<li>Pigmentierung<\/li>\n\n\t<li>Narben<\/li>\n\n\t<li>dehydrierte Haut<\/li>\n\n\t<li>feine Linien<\/li>\n<\/ul>\n\n<h2>Anwendung<\/h2>\n\nNach der Desinfektion der Haut tr\u00e4gt der Arzt mit einer speziellen B\u00fcrste ein Retinol-Peeling auf, das 3% Retinol und den Retinol Boosting Complex enth\u00e4lt. Das Peeling wird 8 Stunden lang, bei empfindlicherer Haut 3 Stunden lang, aufgetragen. Der Eingriff wird alle 4-6 Wochen 2-4 Mal hintereinander durchgef\u00fchrt. Behandelt werden vor allem Gesicht, Hals und Dekollet\u00e9, R\u00fccken, Oberschenkel, Unterarme und Handr\u00fccken.\n\n<h2>Wirkung<\/h2>\n<ul>\n\n\t<li>Verbesserung von Akne und fettiger Haut<\/li>\n\n\t<li>Aufweichung der Hautoberfl\u00e4che<\/li>\n\n\t<li>Reduzierung von Narben<\/li>\n\n\t<li>Reduzierung der Porengr\u00f6\u00dfe<\/li>\n\n\t<li>Hautfeuchtigkeit<\/li>\n\n\t<li>Verblassen von Pigmentflecken<\/li>\n\n\t<li>Gl\u00e4ttung von feinen Oberfl\u00e4chenfalten<\/li>\n\n\t<li>Klareres Hautbild<\/li>\n\n<\/ul>\n\n\n\n<h2>Kontraindikationen<\/h2>\n<ul>\n\n\t<li>aktiver Herpes simplex<\/li>\n<li>Virale Warze an der Sch\u00e4lstelle<\/li>\n<li>Einnahme von Isotretinoin\/Roaccutan\/ in den letzten drei Monaten<\/li>\n<li>Einnahme von oralen Retinoiden vor weniger als 6 Monaten<\/li>\n<li>Anwendung von topischen Retinoiden und Peelings vor weniger als 1-2 Wochen<\/li>\n<li><li>Bildung von hypertrophen Narben<\/li>\n<li>Schwangerschaft<\/li>\n\n<\/ul>\n\nW\u00e4hrend des Zeitraums, in dem das chemische Peeling durchgef\u00fchrt wird, ist es notwendig, Sonneneinstrahlung und den Aufenthalt im Solarium zu vermeiden, bis die Haut vollst\u00e4ndig abgeheilt ist. Es ist notwendig, eine Schutzcreme mit UV-Filter zu verwenden.","protected":false},"excerpt":{"rendered":"Ein chemisches Peeling ist ein Verfahren, bei dem eine Chemikalie verwendet wird, um die obersten Hautschichten zu entfernen und das Aussehen und die Textur der Haut zu verbessern. Dieses Verfahren wird h\u00e4ufig im Gesicht durchgef\u00fchrt, kann aber auch an anderen K\u00f6rperteilen wie dem Hals, den Armen oder dem R\u00fccken angewendet werden. Chemische Peelings werden bei","protected":false},"author":1,"featured_media":5526,"parent":5903,"menu_order":3,"comment_status":"closed","ping_status":"closed","template":"","meta":{"inline_featured_image":false,"footnotes":""},"class_list":["post-5908","page","type-page","status-publish","has-post-thumbnail","hentry"],"yoast_head":"<!-- This site is optimized with the Yoast SEO plugin v23.7 - https:\/\/yoast.com\/wordpress\/plugins\/seo\/ -->\n<title>CHEMISCHES PEELING 3% RETINOL NEOSTRATA Frucht | Esthetic Bratislava<\/title>\n<meta name=\"description\" content=\"Chemisches Peeling mit Fruchts\u00e4uren - 70%ige AHA-S\u00e4ure wird auf die Haut aufgetragen und nach einer kurzen Einwirkzeit neutralisiert. Versorgt die Haut mit Feuchtigkeit und macht ihre Oberfl\u00e4che weich.\" \/>\n<meta name=\"robots\" content=\"index, follow, max-snippet:-1, max-image-preview:large, max-video-preview:-1\" \/>\n<link rel=\"canonical\" href=\"https:\/\/esthetic.sk\/de\/dermato-kosmetik\/gesicht-hals-dekollete\/chemisches-peeling-3-retinol-neostrata\/\" \/>\n<meta property=\"og:locale\" content=\"de_DE\" \/>\n<meta property=\"og:type\" content=\"article\" \/>\n<meta property=\"og:title\" content=\"CHEMISCHES PEELING 3% RETINOL NEOSTRATA Frucht | Esthetic Bratislava\" \/>\n<meta property=\"og:description\" content=\"Chemisches Peeling mit Fruchts\u00e4uren - 70%ige AHA-S\u00e4ure wird auf die Haut aufgetragen und nach einer kurzen Einwirkzeit neutralisiert. Versorgt die Haut mit Feuchtigkeit und macht ihre Oberfl\u00e4che weich.\" \/>\n<meta property=\"og:url\" content=\"https:\/\/esthetic.sk\/de\/dermato-kosmetik\/gesicht-hals-dekollete\/chemisches-peeling-3-retinol-neostrata\/\" \/>\n<meta property=\"og:site_name\" content=\"Esthetic Bratislava\" \/>\n<meta property=\"article:publisher\" content=\"https:\/\/www.facebook.com\/Klinikaesthetic\" \/>\n<meta property=\"og:image\" content=\"https:\/\/esthetic.sk\/wp-content\/uploads\/2019\/02\/big11.jpg\" \/>\n\t<meta property=\"og:image:width\" content=\"1920\" \/>\n\t<meta property=\"og:image:height\" content=\"1080\" \/>\n\t<meta property=\"og:image:type\" content=\"image\/jpeg\" \/>\n<meta name=\"twitter:card\" content=\"summary_large_image\" \/>\n<meta name=\"twitter:label1\" content=\"Gesch\u00e4tzte Lesezeit\" \/>\n\t<meta name=\"twitter:data1\" content=\"2\u00a0Minuten\" \/>\n<script type=\"application\/ld+json\" class=\"yoast-schema-graph\">{\"@context\":\"https:\/\/schema.org\",\"@graph\":[{\"@type\":\"WebPage\",\"@id\":\"https:\/\/esthetic.sk\/de\/dermato-kosmetik\/gesicht-hals-dekollete\/chemisches-peeling-3-retinol-neostrata\/\",\"url\":\"https:\/\/esthetic.sk\/de\/dermato-kosmetik\/gesicht-hals-dekollete\/chemisches-peeling-3-retinol-neostrata\/\",\"name\":\"CHEMISCHES PEELING 3% RETINOL NEOSTRATA Frucht | Esthetic Bratislava\",\"isPartOf\":{\"@id\":\"https:\/\/esthetic.sk\/#website\"},\"primaryImageOfPage\":{\"@id\":\"https:\/\/esthetic.sk\/de\/dermato-kosmetik\/gesicht-hals-dekollete\/chemisches-peeling-3-retinol-neostrata\/#primaryimage\"},\"image\":{\"@id\":\"https:\/\/esthetic.sk\/de\/dermato-kosmetik\/gesicht-hals-dekollete\/chemisches-peeling-3-retinol-neostrata\/#primaryimage\"},\"thumbnailUrl\":\"https:\/\/esthetic.sk\/wp-content\/uploads\/2019\/02\/big11.jpg\",\"datePublished\":\"2024-04-16T18:28:04+00:00\",\"dateModified\":\"2024-04-16T18:28:04+00:00\",\"description\":\"Chemisches Peeling mit Fruchts\u00e4uren - 70%ige AHA-S\u00e4ure wird auf die Haut aufgetragen und nach einer kurzen Einwirkzeit neutralisiert. Versorgt die Haut mit Feuchtigkeit und macht ihre Oberfl\u00e4che weich.\",\"breadcrumb\":{\"@id\":\"https:\/\/esthetic.sk\/de\/dermato-kosmetik\/gesicht-hals-dekollete\/chemisches-peeling-3-retinol-neostrata\/#breadcrumb\"},\"inLanguage\":\"de\",\"potentialAction\":[{\"@type\":\"ReadAction\",\"target\":[\"https:\/\/esthetic.sk\/de\/dermato-kosmetik\/gesicht-hals-dekollete\/chemisches-peeling-3-retinol-neostrata\/\"]}]},{\"@type\":\"ImageObject\",\"inLanguage\":\"de\",\"@id\":\"https:\/\/esthetic.sk\/de\/dermato-kosmetik\/gesicht-hals-dekollete\/chemisches-peeling-3-retinol-neostrata\/#primaryimage\",\"url\":\"https:\/\/esthetic.sk\/wp-content\/uploads\/2019\/02\/big11.jpg\",\"contentUrl\":\"https:\/\/esthetic.sk\/wp-content\/uploads\/2019\/02\/big11.jpg\",\"width\":1920,\"height\":1080},{\"@type\":\"BreadcrumbList\",\"@id\":\"https:\/\/esthetic.sk\/de\/dermato-kosmetik\/gesicht-hals-dekollete\/chemisches-peeling-3-retinol-neostrata\/#breadcrumb\",\"itemListElement\":[{\"@type\":\"ListItem\",\"position\":1,\"name\":\"Home\",\"item\":\"https:\/\/esthetic.sk\/\"},{\"@type\":\"ListItem\",\"position\":2,\"name\":\"Dermato Kosmetik\",\"item\":\"https:\/\/esthetic.sk\/de\/dermato-kosmetik\/\"},{\"@type\":\"ListItem\",\"position\":3,\"name\":\"Gesicht, Hals, Dekollet\u00e9\",\"item\":\"https:\/\/esthetic.sk\/dermato-kosmetik\/gesicht-hals-dekollete\/\"},{\"@type\":\"ListItem\",\"position\":4,\"name\":\"CHEMISCHES PEELING 3% RETINOL NEOSTRATA\"}]},{\"@type\":\"WebSite\",\"@id\":\"https:\/\/esthetic.sk\/#website\",\"url\":\"https:\/\/esthetic.sk\/\",\"name\":\"Esthetic Bratislava\",\"description\":\"R\u00fdchla cesta k dokonal\u00e9mu vz\u013eadu\",\"publisher\":{\"@id\":\"https:\/\/esthetic.sk\/#organization\"},\"potentialAction\":[{\"@type\":\"SearchAction\",\"target\":{\"@type\":\"EntryPoint\",\"urlTemplate\":\"https:\/\/esthetic.sk\/?s={search_term_string}\"},\"query-input\":{\"@type\":\"PropertyValueSpecification\",\"valueRequired\":true,\"valueName\":\"search_term_string\"}}],\"inLanguage\":\"de\"},{\"@type\":\"Organization\",\"@id\":\"https:\/\/esthetic.sk\/#organization\",\"name\":\"Esthetic .s.r.o.\",\"url\":\"https:\/\/esthetic.sk\/\",\"logo\":{\"@type\":\"ImageObject\",\"inLanguage\":\"de\",\"@id\":\"https:\/\/esthetic.sk\/#\/schema\/logo\/image\/\",\"url\":\"https:\/\/esthetic.sk\/wp-content\/uploads\/2019\/02\/logo-1.svg\",\"contentUrl\":\"https:\/\/esthetic.sk\/wp-content\/uploads\/2019\/02\/logo-1.svg\",\"width\":1,\"height\":1,\"caption\":\"Esthetic .s.r.o.\"},\"image\":{\"@id\":\"https:\/\/esthetic.sk\/#\/schema\/logo\/image\/\"},\"sameAs\":[\"https:\/\/www.facebook.com\/Klinikaesthetic\",\"https:\/\/www.instagram.com\/klinikaesthetic\/\",\"https:\/\/www.youtube.com\/channel\/UC8AgtXNjHpne8qWdj9szu1A\"]}]}<\/script>\n<!-- \/ Yoast SEO plugin. -->","yoast_head_json":{"title":"CHEMISCHES PEELING 3% RETINOL NEOSTRATA Frucht | Esthetic Bratislava","description":"Chemisches Peeling mit Fruchts\u00e4uren - 70%ige AHA-S\u00e4ure wird auf die Haut aufgetragen und nach einer kurzen Einwirkzeit neutralisiert. Versorgt die Haut mit Feuchtigkeit und macht ihre Oberfl\u00e4che weich.","robots":{"index":"index","follow":"follow","max-snippet":"max-snippet:-1","max-image-preview":"max-image-preview:large","max-video-preview":"max-video-preview:-1"},"canonical":"https:\/\/esthetic.sk\/de\/dermato-kosmetik\/gesicht-hals-dekollete\/chemisches-peeling-3-retinol-neostrata\/","og_locale":"de_DE","og_type":"article","og_title":"CHEMISCHES PEELING 3% RETINOL NEOSTRATA Frucht | Esthetic Bratislava","og_description":"Chemisches Peeling mit Fruchts\u00e4uren - 70%ige AHA-S\u00e4ure wird auf die Haut aufgetragen und nach einer kurzen Einwirkzeit neutralisiert. Versorgt die Haut mit Feuchtigkeit und macht ihre Oberfl\u00e4che weich.","og_url":"https:\/\/esthetic.sk\/de\/dermato-kosmetik\/gesicht-hals-dekollete\/chemisches-peeling-3-retinol-neostrata\/","og_site_name":"Esthetic Bratislava","article_publisher":"https:\/\/www.facebook.com\/Klinikaesthetic","og_image":[{"width":1920,"height":1080,"url":"https:\/\/esthetic.sk\/wp-content\/uploads\/2019\/02\/big11.jpg","type":"image\/jpeg"}],"twitter_card":"summary_large_image","twitter_misc":{"Gesch\u00e4tzte Lesezeit":"2\u00a0Minuten"},"schema":{"@context":"https:\/\/schema.org","@graph":[{"@type":"WebPage","@id":"https:\/\/esthetic.sk\/de\/dermato-kosmetik\/gesicht-hals-dekollete\/chemisches-peeling-3-retinol-neostrata\/","url":"https:\/\/esthetic.sk\/de\/dermato-kosmetik\/gesicht-hals-dekollete\/chemisches-peeling-3-retinol-neostrata\/","name":"CHEMISCHES PEELING 3% RETINOL NEOSTRATA Frucht | Esthetic Bratislava","isPartOf":{"@id":"https:\/\/esthetic.sk\/#website"},"primaryImageOfPage":{"@id":"https:\/\/esthetic.sk\/de\/dermato-kosmetik\/gesicht-hals-dekollete\/chemisches-peeling-3-retinol-neostrata\/#primaryimage"},"image":{"@id":"https:\/\/esthetic.sk\/de\/dermato-kosmetik\/gesicht-hals-dekollete\/chemisches-peeling-3-retinol-neostrata\/#primaryimage"},"thumbnailUrl":"https:\/\/esthetic.sk\/wp-content\/uploads\/2019\/02\/big11.jpg","datePublished":"2024-04-16T18:28:04+00:00","dateModified":"2024-04-16T18:28:04+00:00","description":"Chemisches Peeling mit Fruchts\u00e4uren - 70%ige AHA-S\u00e4ure wird auf die Haut aufgetragen und nach einer kurzen Einwirkzeit neutralisiert. Versorgt die Haut mit Feuchtigkeit und macht ihre Oberfl\u00e4che weich.","breadcrumb":{"@id":"https:\/\/esthetic.sk\/de\/dermato-kosmetik\/gesicht-hals-dekollete\/chemisches-peeling-3-retinol-neostrata\/#breadcrumb"},"inLanguage":"de","potentialAction":[{"@type":"ReadAction","target":["https:\/\/esthetic.sk\/de\/dermato-kosmetik\/gesicht-hals-dekollete\/chemisches-peeling-3-retinol-neostrata\/"]}]},{"@type":"ImageObject","inLanguage":"de","@id":"https:\/\/esthetic.sk\/de\/dermato-kosmetik\/gesicht-hals-dekollete\/chemisches-peeling-3-retinol-neostrata\/#primaryimage","url":"https:\/\/esthetic.sk\/wp-content\/uploads\/2019\/02\/big11.jpg","contentUrl":"https:\/\/esthetic.sk\/wp-content\/uploads\/2019\/02\/big11.jpg","width":1920,"height":1080},{"@type":"BreadcrumbList","@id":"https:\/\/esthetic.sk\/de\/dermato-kosmetik\/gesicht-hals-dekollete\/chemisches-peeling-3-retinol-neostrata\/#breadcrumb","itemListElement":[{"@type":"ListItem","position":1,"name":"Home","item":"https:\/\/esthetic.sk\/"},{"@type":"ListItem","position":2,"name":"Dermato Kosmetik","item":"https:\/\/esthetic.sk\/de\/dermato-kosmetik\/"},{"@type":"ListItem","position":3,"name":"Gesicht, Hals, Dekollet\u00e9","item":"https:\/\/esthetic.sk\/dermato-kosmetik\/gesicht-hals-dekollete\/"},{"@type":"ListItem","position":4,"name":"CHEMISCHES PEELING 3% RETINOL NEOSTRATA"}]},{"@type":"WebSite","@id":"https:\/\/esthetic.sk\/#website","url":"https:\/\/esthetic.sk\/","name":"Esthetic Bratislava","description":"R\u00fdchla cesta k dokonal\u00e9mu vz\u013eadu","publisher":{"@id":"https:\/\/esthetic.sk\/#organization"},"potentialAction":[{"@type":"SearchAction","target":{"@type":"EntryPoint","urlTemplate":"https:\/\/esthetic.sk\/?s={search_term_string}"},"query-input":{"@type":"PropertyValueSpecification","valueRequired":true,"valueName":"search_term_string"}}],"inLanguage":"de"},{"@type":"Organization","@id":"https:\/\/esthetic.sk\/#organization","name":"Esthetic .s.r.o.","url":"https:\/\/esthetic.sk\/","logo":{"@type":"ImageObject","inLanguage":"de","@id":"https:\/\/esthetic.sk\/#\/schema\/logo\/image\/","url":"https:\/\/esthetic.sk\/wp-content\/uploads\/2019\/02\/logo-1.svg","contentUrl":"https:\/\/esthetic.sk\/wp-content\/uploads\/2019\/02\/logo-1.svg","width":1,"height":1,"caption":"Esthetic .s.r.o."},"image":{"@id":"https:\/\/esthetic.sk\/#\/schema\/logo\/image\/"},"sameAs":["https:\/\/www.facebook.com\/Klinikaesthetic","https:\/\/www.instagram.com\/klinikaesthetic\/","https:\/\/www.youtube.com\/channel\/UC8AgtXNjHpne8qWdj9szu1A"]}]}},"_links":{"self":[{"href":"https:\/\/esthetic.sk\/de\/wp-json\/wp\/v2\/pages\/5908"}],"collection":[{"href":"https:\/\/esthetic.sk\/de\/wp-json\/wp\/v2\/pages"}],"about":[{"href":"https:\/\/esthetic.sk\/de\/wp-json\/wp\/v2\/types\/page"}],"author":[{"embeddable":true,"href":"https:\/\/esthetic.sk\/de\/wp-json\/wp\/v2\/users\/1"}],"replies":[{"embeddable":true,"href":"https:\/\/esthetic.sk\/de\/wp-json\/wp\/v2\/comments?post=5908"}],"version-history":[{"count":0,"href":"https:\/\/esthetic.sk\/de\/wp-json\/wp\/v2\/pages\/5908\/revisions"}],"up":[{"embeddable":true,"href":"https:\/\/esthetic.sk\/de\/wp-json\/wp\/v2\/pages\/5903"}],"wp:featuredmedia":[{"embeddable":true,"href":"https:\/\/esthetic.sk\/de\/wp-json\/wp\/v2\/media\/5526"}],"wp:attachment":[{"href":"https:\/\/esthetic.sk\/de\/wp-json\/wp\/v2\/media?parent=5908"}],"curies":[{"name":"wp","href":"https:\/\/api.w.org\/{rel}","templated":true}]}}