{"id":5902,"date":"2024-04-16T20:28:01","date_gmt":"2024-04-16T18:28:01","guid":{"rendered":"https:\/\/esthetic.sk\/lasermedizin-2\/laser-handverjuengung\/"},"modified":"2024-04-16T20:28:01","modified_gmt":"2024-04-16T18:28:01","slug":"laser-handverjuengung","status":"publish","type":"page","link":"https:\/\/esthetic.sk\/de\/lasermedizin-2\/laser-handverjuengung\/","title":{"rendered":"Laser-Handverj\u00fcngung"},"content":{"rendered":"<h2>Grundlegende Merkmale<\/h2>\n<ul>\n \t<li>Flecken auf dem Handr\u00fccken<\/li>\n \t<li>Falten<\/li>\n \t<li>gealterte Haut<\/li>\n<\/ul>\n<h2>Anwendung<\/h2>\nDie effektive Dreifachkombination &#8211; Laser, Hyalurons\u00e4ure und LED-Licht &#8211; verj\u00fcngt die H\u00e4nde, ohne dass ein chirurgischer Eingriff erforderlich ist. Sie versorgen die Haut perfekt mit Feuchtigkeit und beseitigen F\u00e4ltchen und Hautunreinheiten. Mit einer dreifachen Kombination von Methoden k\u00f6nnen wir Ihre H\u00e4nde ohne Operation verj\u00fcngen. Der Eingriff ist schmerzlos.\n<h2>Dauer<\/h2>\nDer Eingriff dauert etwa 60 Minuten und seine Wirkung tritt sofort ein.","protected":false},"excerpt":{"rendered":"Grundlegende Merkmale Flecken auf dem Handr\u00fccken Falten gealterte Haut Anwendung Die effektive Dreifachkombination &#8211; Laser, Hyalurons\u00e4ure und LED-Licht &#8211; verj\u00fcngt die H\u00e4nde, ohne dass ein chirurgischer Eingriff erforderlich ist. Sie versorgen die Haut perfekt mit Feuchtigkeit und beseitigen F\u00e4ltchen und Hautunreinheiten. Mit einer dreifachen Kombination von Methoden k\u00f6nnen wir Ihre H\u00e4nde ohne Operation verj\u00fcngen. Der","protected":false},"author":1,"featured_media":5526,"parent":5893,"menu_order":7,"comment_status":"closed","ping_status":"closed","template":"","meta":{"inline_featured_image":false,"footnotes":""},"class_list":["post-5902","page","type-page","status-publish","has-post-thumbnail","hentry"],"yoast_head":"<!-- This site is optimized with the Yoast SEO plugin v23.7 - https:\/\/yoast.com\/wordpress\/plugins\/seo\/ -->\n<title>Laser-Handverj\u00fcngung | entfernen | Esthetic Bratislava<\/title>\n<meta name=\"description\" content=\"Laser-Handverj\u00fcngung - eine effektive Dreifachkombination - Laser, Hyalurons\u00e4ure und LED-Licht verj\u00fcngen die H\u00e4nde, spenden der Haut Feuchtigkeit und entfernen Falten und Unreinheiten.\" \/>\n<meta name=\"robots\" content=\"index, follow, max-snippet:-1, max-image-preview:large, max-video-preview:-1\" \/>\n<link rel=\"canonical\" href=\"https:\/\/esthetic.sk\/de\/lasermedizin-2\/laser-handverjuengung\/\" \/>\n<meta property=\"og:locale\" content=\"de_DE\" \/>\n<meta property=\"og:type\" content=\"article\" \/>\n<meta property=\"og:title\" content=\"Laser-Handverj\u00fcngung | entfernen | Esthetic Bratislava\" \/>\n<meta property=\"og:description\" content=\"Laser-Handverj\u00fcngung - eine effektive Dreifachkombination - Laser, Hyalurons\u00e4ure und LED-Licht verj\u00fcngen die H\u00e4nde, spenden der Haut Feuchtigkeit und entfernen Falten und Unreinheiten.\" \/>\n<meta property=\"og:url\" content=\"https:\/\/esthetic.sk\/de\/lasermedizin-2\/laser-handverjuengung\/\" \/>\n<meta property=\"og:site_name\" content=\"Esthetic Bratislava\" \/>\n<meta property=\"article:publisher\" content=\"https:\/\/www.facebook.com\/Klinikaesthetic\" \/>\n<meta property=\"og:image\" content=\"https:\/\/esthetic.sk\/wp-content\/uploads\/2019\/02\/big11.jpg\" \/>\n\t<meta property=\"og:image:width\" content=\"1920\" \/>\n\t<meta property=\"og:image:height\" content=\"1080\" \/>\n\t<meta property=\"og:image:type\" content=\"image\/jpeg\" \/>\n<meta name=\"twitter:card\" content=\"summary_large_image\" \/>\n<script type=\"application\/ld+json\" class=\"yoast-schema-graph\">{\"@context\":\"https:\/\/schema.org\",\"@graph\":[{\"@type\":\"WebPage\",\"@id\":\"https:\/\/esthetic.sk\/de\/lasermedizin-2\/laser-handverjuengung\/\",\"url\":\"https:\/\/esthetic.sk\/de\/lasermedizin-2\/laser-handverjuengung\/\",\"name\":\"Laser-Handverj\u00fcngung | entfernen | Esthetic Bratislava\",\"isPartOf\":{\"@id\":\"https:\/\/esthetic.sk\/#website\"},\"primaryImageOfPage\":{\"@id\":\"https:\/\/esthetic.sk\/de\/lasermedizin-2\/laser-handverjuengung\/#primaryimage\"},\"image\":{\"@id\":\"https:\/\/esthetic.sk\/de\/lasermedizin-2\/laser-handverjuengung\/#primaryimage\"},\"thumbnailUrl\":\"https:\/\/esthetic.sk\/wp-content\/uploads\/2019\/02\/big11.jpg\",\"datePublished\":\"2024-04-16T18:28:01+00:00\",\"dateModified\":\"2024-04-16T18:28:01+00:00\",\"description\":\"Laser-Handverj\u00fcngung - eine effektive Dreifachkombination - Laser, Hyalurons\u00e4ure und LED-Licht verj\u00fcngen die H\u00e4nde, spenden der Haut Feuchtigkeit und entfernen Falten und Unreinheiten.\",\"breadcrumb\":{\"@id\":\"https:\/\/esthetic.sk\/de\/lasermedizin-2\/laser-handverjuengung\/#breadcrumb\"},\"inLanguage\":\"de\",\"potentialAction\":[{\"@type\":\"ReadAction\",\"target\":[\"https:\/\/esthetic.sk\/de\/lasermedizin-2\/laser-handverjuengung\/\"]}]},{\"@type\":\"ImageObject\",\"inLanguage\":\"de\",\"@id\":\"https:\/\/esthetic.sk\/de\/lasermedizin-2\/laser-handverjuengung\/#primaryimage\",\"url\":\"https:\/\/esthetic.sk\/wp-content\/uploads\/2019\/02\/big11.jpg\",\"contentUrl\":\"https:\/\/esthetic.sk\/wp-content\/uploads\/2019\/02\/big11.jpg\",\"width\":1920,\"height\":1080},{\"@type\":\"BreadcrumbList\",\"@id\":\"https:\/\/esthetic.sk\/de\/lasermedizin-2\/laser-handverjuengung\/#breadcrumb\",\"itemListElement\":[{\"@type\":\"ListItem\",\"position\":1,\"name\":\"Home\",\"item\":\"https:\/\/esthetic.sk\/\"},{\"@type\":\"ListItem\",\"position\":2,\"name\":\"Lasermedizin\",\"item\":\"https:\/\/esthetic.sk\/de\/lasermedizin-2\/\"},{\"@type\":\"ListItem\",\"position\":3,\"name\":\"Laser-Handverj\u00fcngung\"}]},{\"@type\":\"WebSite\",\"@id\":\"https:\/\/esthetic.sk\/#website\",\"url\":\"https:\/\/esthetic.sk\/\",\"name\":\"Esthetic Bratislava\",\"description\":\"R\u00fdchla cesta k dokonal\u00e9mu vz\u013eadu\",\"publisher\":{\"@id\":\"https:\/\/esthetic.sk\/#organization\"},\"potentialAction\":[{\"@type\":\"SearchAction\",\"target\":{\"@type\":\"EntryPoint\",\"urlTemplate\":\"https:\/\/esthetic.sk\/?s={search_term_string}\"},\"query-input\":{\"@type\":\"PropertyValueSpecification\",\"valueRequired\":true,\"valueName\":\"search_term_string\"}}],\"inLanguage\":\"de\"},{\"@type\":\"Organization\",\"@id\":\"https:\/\/esthetic.sk\/#organization\",\"name\":\"Esthetic .s.r.o.\",\"url\":\"https:\/\/esthetic.sk\/\",\"logo\":{\"@type\":\"ImageObject\",\"inLanguage\":\"de\",\"@id\":\"https:\/\/esthetic.sk\/#\/schema\/logo\/image\/\",\"url\":\"https:\/\/esthetic.sk\/wp-content\/uploads\/2019\/02\/logo-1.svg\",\"contentUrl\":\"https:\/\/esthetic.sk\/wp-content\/uploads\/2019\/02\/logo-1.svg\",\"width\":1,\"height\":1,\"caption\":\"Esthetic .s.r.o.\"},\"image\":{\"@id\":\"https:\/\/esthetic.sk\/#\/schema\/logo\/image\/\"},\"sameAs\":[\"https:\/\/www.facebook.com\/Klinikaesthetic\",\"https:\/\/www.instagram.com\/klinikaesthetic\/\",\"https:\/\/www.youtube.com\/channel\/UC8AgtXNjHpne8qWdj9szu1A\"]}]}<\/script>\n<!-- \/ Yoast SEO plugin. -->","yoast_head_json":{"title":"Laser-Handverj\u00fcngung | entfernen | Esthetic Bratislava","description":"Laser-Handverj\u00fcngung - eine effektive Dreifachkombination - Laser, Hyalurons\u00e4ure und LED-Licht verj\u00fcngen die H\u00e4nde, spenden der Haut Feuchtigkeit und entfernen Falten und Unreinheiten.","robots":{"index":"index","follow":"follow","max-snippet":"max-snippet:-1","max-image-preview":"max-image-preview:large","max-video-preview":"max-video-preview:-1"},"canonical":"https:\/\/esthetic.sk\/de\/lasermedizin-2\/laser-handverjuengung\/","og_locale":"de_DE","og_type":"article","og_title":"Laser-Handverj\u00fcngung | entfernen | Esthetic Bratislava","og_description":"Laser-Handverj\u00fcngung - eine effektive Dreifachkombination - Laser, Hyalurons\u00e4ure und LED-Licht verj\u00fcngen die H\u00e4nde, spenden der Haut Feuchtigkeit und entfernen Falten und Unreinheiten.","og_url":"https:\/\/esthetic.sk\/de\/lasermedizin-2\/laser-handverjuengung\/","og_site_name":"Esthetic Bratislava","article_publisher":"https:\/\/www.facebook.com\/Klinikaesthetic","og_image":[{"width":1920,"height":1080,"url":"https:\/\/esthetic.sk\/wp-content\/uploads\/2019\/02\/big11.jpg","type":"image\/jpeg"}],"twitter_card":"summary_large_image","schema":{"@context":"https:\/\/schema.org","@graph":[{"@type":"WebPage","@id":"https:\/\/esthetic.sk\/de\/lasermedizin-2\/laser-handverjuengung\/","url":"https:\/\/esthetic.sk\/de\/lasermedizin-2\/laser-handverjuengung\/","name":"Laser-Handverj\u00fcngung | entfernen | Esthetic Bratislava","isPartOf":{"@id":"https:\/\/esthetic.sk\/#website"},"primaryImageOfPage":{"@id":"https:\/\/esthetic.sk\/de\/lasermedizin-2\/laser-handverjuengung\/#primaryimage"},"image":{"@id":"https:\/\/esthetic.sk\/de\/lasermedizin-2\/laser-handverjuengung\/#primaryimage"},"thumbnailUrl":"https:\/\/esthetic.sk\/wp-content\/uploads\/2019\/02\/big11.jpg","datePublished":"2024-04-16T18:28:01+00:00","dateModified":"2024-04-16T18:28:01+00:00","description":"Laser-Handverj\u00fcngung - eine effektive Dreifachkombination - Laser, Hyalurons\u00e4ure und LED-Licht verj\u00fcngen die H\u00e4nde, spenden der Haut Feuchtigkeit und entfernen Falten und Unreinheiten.","breadcrumb":{"@id":"https:\/\/esthetic.sk\/de\/lasermedizin-2\/laser-handverjuengung\/#breadcrumb"},"inLanguage":"de","potentialAction":[{"@type":"ReadAction","target":["https:\/\/esthetic.sk\/de\/lasermedizin-2\/laser-handverjuengung\/"]}]},{"@type":"ImageObject","inLanguage":"de","@id":"https:\/\/esthetic.sk\/de\/lasermedizin-2\/laser-handverjuengung\/#primaryimage","url":"https:\/\/esthetic.sk\/wp-content\/uploads\/2019\/02\/big11.jpg","contentUrl":"https:\/\/esthetic.sk\/wp-content\/uploads\/2019\/02\/big11.jpg","width":1920,"height":1080},{"@type":"BreadcrumbList","@id":"https:\/\/esthetic.sk\/de\/lasermedizin-2\/laser-handverjuengung\/#breadcrumb","itemListElement":[{"@type":"ListItem","position":1,"name":"Home","item":"https:\/\/esthetic.sk\/"},{"@type":"ListItem","position":2,"name":"Lasermedizin","item":"https:\/\/esthetic.sk\/de\/lasermedizin-2\/"},{"@type":"ListItem","position":3,"name":"Laser-Handverj\u00fcngung"}]},{"@type":"WebSite","@id":"https:\/\/esthetic.sk\/#website","url":"https:\/\/esthetic.sk\/","name":"Esthetic Bratislava","description":"R\u00fdchla cesta k dokonal\u00e9mu vz\u013eadu","publisher":{"@id":"https:\/\/esthetic.sk\/#organization"},"potentialAction":[{"@type":"SearchAction","target":{"@type":"EntryPoint","urlTemplate":"https:\/\/esthetic.sk\/?s={search_term_string}"},"query-input":{"@type":"PropertyValueSpecification","valueRequired":true,"valueName":"search_term_string"}}],"inLanguage":"de"},{"@type":"Organization","@id":"https:\/\/esthetic.sk\/#organization","name":"Esthetic .s.r.o.","url":"https:\/\/esthetic.sk\/","logo":{"@type":"ImageObject","inLanguage":"de","@id":"https:\/\/esthetic.sk\/#\/schema\/logo\/image\/","url":"https:\/\/esthetic.sk\/wp-content\/uploads\/2019\/02\/logo-1.svg","contentUrl":"https:\/\/esthetic.sk\/wp-content\/uploads\/2019\/02\/logo-1.svg","width":1,"height":1,"caption":"Esthetic .s.r.o."},"image":{"@id":"https:\/\/esthetic.sk\/#\/schema\/logo\/image\/"},"sameAs":["https:\/\/www.facebook.com\/Klinikaesthetic","https:\/\/www.instagram.com\/klinikaesthetic\/","https:\/\/www.youtube.com\/channel\/UC8AgtXNjHpne8qWdj9szu1A"]}]}},"_links":{"self":[{"href":"https:\/\/esthetic.sk\/de\/wp-json\/wp\/v2\/pages\/5902"}],"collection":[{"href":"https:\/\/esthetic.sk\/de\/wp-json\/wp\/v2\/pages"}],"about":[{"href":"https:\/\/esthetic.sk\/de\/wp-json\/wp\/v2\/types\/page"}],"author":[{"embeddable":true,"href":"https:\/\/esthetic.sk\/de\/wp-json\/wp\/v2\/users\/1"}],"replies":[{"embeddable":true,"href":"https:\/\/esthetic.sk\/de\/wp-json\/wp\/v2\/comments?post=5902"}],"version-history":[{"count":0,"href":"https:\/\/esthetic.sk\/de\/wp-json\/wp\/v2\/pages\/5902\/revisions"}],"up":[{"embeddable":true,"href":"https:\/\/esthetic.sk\/de\/wp-json\/wp\/v2\/pages\/5893"}],"wp:featuredmedia":[{"embeddable":true,"href":"https:\/\/esthetic.sk\/de\/wp-json\/wp\/v2\/media\/5526"}],"wp:attachment":[{"href":"https:\/\/esthetic.sk\/de\/wp-json\/wp\/v2\/media?parent=5902"}],"curies":[{"name":"wp","href":"https:\/\/api.w.org\/{rel}","templated":true}]}}