{"id":5899,"date":"2024-04-16T20:27:58","date_gmt":"2024-04-16T18:27:58","guid":{"rendered":"https:\/\/esthetic.sk\/lasermedizin-2\/entfernung-von-dehnungsstreifen-laser-resurfx\/"},"modified":"2024-05-07T11:44:54","modified_gmt":"2024-05-07T09:44:54","slug":"entfernung-von-dehnungsstreifen-laser-resurfx","status":"publish","type":"page","link":"https:\/\/esthetic.sk\/de\/lasermedizin-2\/entfernung-von-dehnungsstreifen-laser-resurfx\/","title":{"rendered":"Entfernung von Dehnungsstreifen | Laser ResurFx"},"content":{"rendered":"<h2>Grundlegende Merkmale<\/h2>\n<ul>\n \t<li>Dehnungsstreifen<\/li>\n \t<li>Narben<\/li>\n \t<li>kleine Falten<\/li>\n \t<li><a href=\"https:\/\/esthetic.sk\/dermato-kozmetika\/tvar-krk-dekolt\/liecba-akne\/\">Akne<\/a><\/li>\n \t<li>Pigmentierung<\/li>\n<\/ul>\n<h2>Anwendung<\/h2>\nResurfX ist eine Weltneuheit und eine der fortschrittlichsten Technologien zur Hautverj\u00fcngung, Entfernung von Dehnungsstreifen und Narbenbehandlung. Es ist au\u00dfergew\u00f6hnlich, da es f\u00fcr alle Hautfototypen geeignet ist. Er hat eine doppelt so starke Wirkung wie ein herk\u00f6mmlicher fraktionierter CO2-Laser. Dadurch wird die Zeit f\u00fcr eine wirksame Behandlung von Problemen erheblich verk\u00fcrzt.\n\nEs beseitigt feine Linien, reduziert Akne und Aknenarben sowie Pigmentierungen und verleiht der Haut ein jugendliches Aussehen.\n\nWir haben auch ausgezeichnete Erfahrungen mit der Reduzierung von Dehnungsstreifen.\n<h2>Dauer<\/h2>\nDer ambulante Eingriff dauert 30-90 Minuten. Die Dauer h\u00e4ngt vom Behandlungsbereich ab. Die Erholungszeit verk\u00fcrzt sich auf 2 bis 3 Tage, der Heilungsprozess verl\u00e4uft reibungslos und das Risiko von Nebenwirkungen ist minimal. Die Haut sch\u00e4lt sich nach dem Eingriff nicht, so dass Ihre normale Funktion nach dem Eingriff kaum eingeschr\u00e4nkt wird.\n<h2>Nach dem Eingriff<\/h2>\n<ul>\n \t<li>  3-4 Wochen eine Creme mit UV-Faktor 50+ auftragen<\/li>\n \t<li>  Setzen Sie Ihre Haut 4-6 Wochen lang keinem direkten Sonnenlicht aus und besuchen Sie keine Sonnenb\u00e4nke<\/li>\n<\/ul>","protected":false},"excerpt":{"rendered":"Grundlegende Merkmale Dehnungsstreifen Narben kleine Falten Akne Pigmentierung Anwendung ResurfX ist eine Weltneuheit und eine der fortschrittlichsten Technologien zur Hautverj\u00fcngung, Entfernung von Dehnungsstreifen und Narbenbehandlung. Es ist au\u00dfergew\u00f6hnlich, da es f\u00fcr alle Hautfototypen geeignet ist. Er hat eine doppelt so starke Wirkung wie ein herk\u00f6mmlicher fraktionierter CO2-Laser. Dadurch wird die Zeit f\u00fcr eine wirksame Behandlung","protected":false},"author":1,"featured_media":5527,"parent":5893,"menu_order":4,"comment_status":"closed","ping_status":"closed","template":"","meta":{"inline_featured_image":false,"footnotes":""},"class_list":["post-5899","page","type-page","status-publish","has-post-thumbnail","hentry"],"yoast_head":"<!-- This site is optimized with the Yoast SEO plugin v23.7 - https:\/\/yoast.com\/wordpress\/plugins\/seo\/ -->\n<title>Entfernung von Dehnungsstreifen mit fraktioniertem Laser | ResurfX | Esthetic Bratislava<\/title>\n<meta name=\"description\" content=\"ResurfX - fraktionierter Laser zur Entfernung von Dehnungsstreifen. Diese Weltneuheit ist eine der fortschrittlichsten Technologien zur Hautverj\u00fcngung und Entfernung von Dehnungsstreifen.\" \/>\n<meta name=\"robots\" content=\"index, follow, max-snippet:-1, max-image-preview:large, max-video-preview:-1\" \/>\n<link rel=\"canonical\" href=\"https:\/\/esthetic.sk\/de\/lasermedizin-2\/entfernung-von-dehnungsstreifen-laser-resurfx\/\" \/>\n<meta property=\"og:locale\" content=\"de_DE\" \/>\n<meta property=\"og:type\" content=\"article\" \/>\n<meta property=\"og:title\" content=\"Entfernung von Dehnungsstreifen mit fraktioniertem Laser | ResurfX | Esthetic Bratislava\" \/>\n<meta property=\"og:description\" content=\"ResurfX - fraktionierter Laser zur Entfernung von Dehnungsstreifen. Diese Weltneuheit ist eine der fortschrittlichsten Technologien zur Hautverj\u00fcngung und Entfernung von Dehnungsstreifen.\" \/>\n<meta property=\"og:url\" content=\"https:\/\/esthetic.sk\/de\/lasermedizin-2\/entfernung-von-dehnungsstreifen-laser-resurfx\/\" \/>\n<meta property=\"og:site_name\" content=\"Esthetic Bratislava\" \/>\n<meta property=\"article:publisher\" content=\"https:\/\/www.facebook.com\/Klinikaesthetic\" \/>\n<meta property=\"article:modified_time\" content=\"2024-05-07T09:44:54+00:00\" \/>\n<meta property=\"og:image\" content=\"https:\/\/esthetic.sk\/wp-content\/uploads\/2019\/02\/big12.jpg\" \/>\n\t<meta property=\"og:image:width\" content=\"1920\" \/>\n\t<meta property=\"og:image:height\" content=\"1080\" \/>\n\t<meta property=\"og:image:type\" content=\"image\/jpeg\" \/>\n<meta name=\"twitter:card\" content=\"summary_large_image\" \/>\n<meta name=\"twitter:label1\" content=\"Gesch\u00e4tzte Lesezeit\" \/>\n\t<meta name=\"twitter:data1\" content=\"1\u00a0Minute\" \/>\n<script type=\"application\/ld+json\" class=\"yoast-schema-graph\">{\"@context\":\"https:\/\/schema.org\",\"@graph\":[{\"@type\":\"WebPage\",\"@id\":\"https:\/\/esthetic.sk\/de\/lasermedizin-2\/entfernung-von-dehnungsstreifen-laser-resurfx\/\",\"url\":\"https:\/\/esthetic.sk\/de\/lasermedizin-2\/entfernung-von-dehnungsstreifen-laser-resurfx\/\",\"name\":\"Entfernung von Dehnungsstreifen mit fraktioniertem Laser | ResurfX | Esthetic Bratislava\",\"isPartOf\":{\"@id\":\"https:\/\/esthetic.sk\/#website\"},\"primaryImageOfPage\":{\"@id\":\"https:\/\/esthetic.sk\/de\/lasermedizin-2\/entfernung-von-dehnungsstreifen-laser-resurfx\/#primaryimage\"},\"image\":{\"@id\":\"https:\/\/esthetic.sk\/de\/lasermedizin-2\/entfernung-von-dehnungsstreifen-laser-resurfx\/#primaryimage\"},\"thumbnailUrl\":\"https:\/\/esthetic.sk\/wp-content\/uploads\/2019\/02\/big12.jpg\",\"datePublished\":\"2024-04-16T18:27:58+00:00\",\"dateModified\":\"2024-05-07T09:44:54+00:00\",\"description\":\"ResurfX - fraktionierter Laser zur Entfernung von Dehnungsstreifen. Diese Weltneuheit ist eine der fortschrittlichsten Technologien zur Hautverj\u00fcngung und Entfernung von Dehnungsstreifen.\",\"breadcrumb\":{\"@id\":\"https:\/\/esthetic.sk\/de\/lasermedizin-2\/entfernung-von-dehnungsstreifen-laser-resurfx\/#breadcrumb\"},\"inLanguage\":\"de\",\"potentialAction\":[{\"@type\":\"ReadAction\",\"target\":[\"https:\/\/esthetic.sk\/de\/lasermedizin-2\/entfernung-von-dehnungsstreifen-laser-resurfx\/\"]}]},{\"@type\":\"ImageObject\",\"inLanguage\":\"de\",\"@id\":\"https:\/\/esthetic.sk\/de\/lasermedizin-2\/entfernung-von-dehnungsstreifen-laser-resurfx\/#primaryimage\",\"url\":\"https:\/\/esthetic.sk\/wp-content\/uploads\/2019\/02\/big12.jpg\",\"contentUrl\":\"https:\/\/esthetic.sk\/wp-content\/uploads\/2019\/02\/big12.jpg\",\"width\":1920,\"height\":1080},{\"@type\":\"BreadcrumbList\",\"@id\":\"https:\/\/esthetic.sk\/de\/lasermedizin-2\/entfernung-von-dehnungsstreifen-laser-resurfx\/#breadcrumb\",\"itemListElement\":[{\"@type\":\"ListItem\",\"position\":1,\"name\":\"Home\",\"item\":\"https:\/\/esthetic.sk\/\"},{\"@type\":\"ListItem\",\"position\":2,\"name\":\"Lasermedizin\",\"item\":\"https:\/\/esthetic.sk\/de\/lasermedizin-2\/\"},{\"@type\":\"ListItem\",\"position\":3,\"name\":\"Entfernung von Dehnungsstreifen | Laser ResurFx\"}]},{\"@type\":\"WebSite\",\"@id\":\"https:\/\/esthetic.sk\/#website\",\"url\":\"https:\/\/esthetic.sk\/\",\"name\":\"Esthetic Bratislava\",\"description\":\"R\u00fdchla cesta k dokonal\u00e9mu vz\u013eadu\",\"publisher\":{\"@id\":\"https:\/\/esthetic.sk\/#organization\"},\"potentialAction\":[{\"@type\":\"SearchAction\",\"target\":{\"@type\":\"EntryPoint\",\"urlTemplate\":\"https:\/\/esthetic.sk\/?s={search_term_string}\"},\"query-input\":{\"@type\":\"PropertyValueSpecification\",\"valueRequired\":true,\"valueName\":\"search_term_string\"}}],\"inLanguage\":\"de\"},{\"@type\":\"Organization\",\"@id\":\"https:\/\/esthetic.sk\/#organization\",\"name\":\"Esthetic .s.r.o.\",\"url\":\"https:\/\/esthetic.sk\/\",\"logo\":{\"@type\":\"ImageObject\",\"inLanguage\":\"de\",\"@id\":\"https:\/\/esthetic.sk\/#\/schema\/logo\/image\/\",\"url\":\"https:\/\/esthetic.sk\/wp-content\/uploads\/2019\/02\/logo-1.svg\",\"contentUrl\":\"https:\/\/esthetic.sk\/wp-content\/uploads\/2019\/02\/logo-1.svg\",\"width\":1,\"height\":1,\"caption\":\"Esthetic .s.r.o.\"},\"image\":{\"@id\":\"https:\/\/esthetic.sk\/#\/schema\/logo\/image\/\"},\"sameAs\":[\"https:\/\/www.facebook.com\/Klinikaesthetic\",\"https:\/\/www.instagram.com\/klinikaesthetic\/\",\"https:\/\/www.youtube.com\/channel\/UC8AgtXNjHpne8qWdj9szu1A\"]}]}<\/script>\n<!-- \/ Yoast SEO plugin. -->","yoast_head_json":{"title":"Entfernung von Dehnungsstreifen mit fraktioniertem Laser | ResurfX | Esthetic Bratislava","description":"ResurfX - fraktionierter Laser zur Entfernung von Dehnungsstreifen. Diese Weltneuheit ist eine der fortschrittlichsten Technologien zur Hautverj\u00fcngung und Entfernung von Dehnungsstreifen.","robots":{"index":"index","follow":"follow","max-snippet":"max-snippet:-1","max-image-preview":"max-image-preview:large","max-video-preview":"max-video-preview:-1"},"canonical":"https:\/\/esthetic.sk\/de\/lasermedizin-2\/entfernung-von-dehnungsstreifen-laser-resurfx\/","og_locale":"de_DE","og_type":"article","og_title":"Entfernung von Dehnungsstreifen mit fraktioniertem Laser | ResurfX | Esthetic Bratislava","og_description":"ResurfX - fraktionierter Laser zur Entfernung von Dehnungsstreifen. Diese Weltneuheit ist eine der fortschrittlichsten Technologien zur Hautverj\u00fcngung und Entfernung von Dehnungsstreifen.","og_url":"https:\/\/esthetic.sk\/de\/lasermedizin-2\/entfernung-von-dehnungsstreifen-laser-resurfx\/","og_site_name":"Esthetic Bratislava","article_publisher":"https:\/\/www.facebook.com\/Klinikaesthetic","article_modified_time":"2024-05-07T09:44:54+00:00","og_image":[{"width":1920,"height":1080,"url":"https:\/\/esthetic.sk\/wp-content\/uploads\/2019\/02\/big12.jpg","type":"image\/jpeg"}],"twitter_card":"summary_large_image","twitter_misc":{"Gesch\u00e4tzte Lesezeit":"1\u00a0Minute"},"schema":{"@context":"https:\/\/schema.org","@graph":[{"@type":"WebPage","@id":"https:\/\/esthetic.sk\/de\/lasermedizin-2\/entfernung-von-dehnungsstreifen-laser-resurfx\/","url":"https:\/\/esthetic.sk\/de\/lasermedizin-2\/entfernung-von-dehnungsstreifen-laser-resurfx\/","name":"Entfernung von Dehnungsstreifen mit fraktioniertem Laser | ResurfX | Esthetic Bratislava","isPartOf":{"@id":"https:\/\/esthetic.sk\/#website"},"primaryImageOfPage":{"@id":"https:\/\/esthetic.sk\/de\/lasermedizin-2\/entfernung-von-dehnungsstreifen-laser-resurfx\/#primaryimage"},"image":{"@id":"https:\/\/esthetic.sk\/de\/lasermedizin-2\/entfernung-von-dehnungsstreifen-laser-resurfx\/#primaryimage"},"thumbnailUrl":"https:\/\/esthetic.sk\/wp-content\/uploads\/2019\/02\/big12.jpg","datePublished":"2024-04-16T18:27:58+00:00","dateModified":"2024-05-07T09:44:54+00:00","description":"ResurfX - fraktionierter Laser zur Entfernung von Dehnungsstreifen. Diese Weltneuheit ist eine der fortschrittlichsten Technologien zur Hautverj\u00fcngung und Entfernung von Dehnungsstreifen.","breadcrumb":{"@id":"https:\/\/esthetic.sk\/de\/lasermedizin-2\/entfernung-von-dehnungsstreifen-laser-resurfx\/#breadcrumb"},"inLanguage":"de","potentialAction":[{"@type":"ReadAction","target":["https:\/\/esthetic.sk\/de\/lasermedizin-2\/entfernung-von-dehnungsstreifen-laser-resurfx\/"]}]},{"@type":"ImageObject","inLanguage":"de","@id":"https:\/\/esthetic.sk\/de\/lasermedizin-2\/entfernung-von-dehnungsstreifen-laser-resurfx\/#primaryimage","url":"https:\/\/esthetic.sk\/wp-content\/uploads\/2019\/02\/big12.jpg","contentUrl":"https:\/\/esthetic.sk\/wp-content\/uploads\/2019\/02\/big12.jpg","width":1920,"height":1080},{"@type":"BreadcrumbList","@id":"https:\/\/esthetic.sk\/de\/lasermedizin-2\/entfernung-von-dehnungsstreifen-laser-resurfx\/#breadcrumb","itemListElement":[{"@type":"ListItem","position":1,"name":"Home","item":"https:\/\/esthetic.sk\/"},{"@type":"ListItem","position":2,"name":"Lasermedizin","item":"https:\/\/esthetic.sk\/de\/lasermedizin-2\/"},{"@type":"ListItem","position":3,"name":"Entfernung von Dehnungsstreifen | Laser ResurFx"}]},{"@type":"WebSite","@id":"https:\/\/esthetic.sk\/#website","url":"https:\/\/esthetic.sk\/","name":"Esthetic Bratislava","description":"R\u00fdchla cesta k dokonal\u00e9mu vz\u013eadu","publisher":{"@id":"https:\/\/esthetic.sk\/#organization"},"potentialAction":[{"@type":"SearchAction","target":{"@type":"EntryPoint","urlTemplate":"https:\/\/esthetic.sk\/?s={search_term_string}"},"query-input":{"@type":"PropertyValueSpecification","valueRequired":true,"valueName":"search_term_string"}}],"inLanguage":"de"},{"@type":"Organization","@id":"https:\/\/esthetic.sk\/#organization","name":"Esthetic .s.r.o.","url":"https:\/\/esthetic.sk\/","logo":{"@type":"ImageObject","inLanguage":"de","@id":"https:\/\/esthetic.sk\/#\/schema\/logo\/image\/","url":"https:\/\/esthetic.sk\/wp-content\/uploads\/2019\/02\/logo-1.svg","contentUrl":"https:\/\/esthetic.sk\/wp-content\/uploads\/2019\/02\/logo-1.svg","width":1,"height":1,"caption":"Esthetic .s.r.o."},"image":{"@id":"https:\/\/esthetic.sk\/#\/schema\/logo\/image\/"},"sameAs":["https:\/\/www.facebook.com\/Klinikaesthetic","https:\/\/www.instagram.com\/klinikaesthetic\/","https:\/\/www.youtube.com\/channel\/UC8AgtXNjHpne8qWdj9szu1A"]}]}},"_links":{"self":[{"href":"https:\/\/esthetic.sk\/de\/wp-json\/wp\/v2\/pages\/5899"}],"collection":[{"href":"https:\/\/esthetic.sk\/de\/wp-json\/wp\/v2\/pages"}],"about":[{"href":"https:\/\/esthetic.sk\/de\/wp-json\/wp\/v2\/types\/page"}],"author":[{"embeddable":true,"href":"https:\/\/esthetic.sk\/de\/wp-json\/wp\/v2\/users\/1"}],"replies":[{"embeddable":true,"href":"https:\/\/esthetic.sk\/de\/wp-json\/wp\/v2\/comments?post=5899"}],"version-history":[{"count":1,"href":"https:\/\/esthetic.sk\/de\/wp-json\/wp\/v2\/pages\/5899\/revisions"}],"predecessor-version":[{"id":6592,"href":"https:\/\/esthetic.sk\/de\/wp-json\/wp\/v2\/pages\/5899\/revisions\/6592"}],"up":[{"embeddable":true,"href":"https:\/\/esthetic.sk\/de\/wp-json\/wp\/v2\/pages\/5893"}],"wp:featuredmedia":[{"embeddable":true,"href":"https:\/\/esthetic.sk\/de\/wp-json\/wp\/v2\/media\/5527"}],"wp:attachment":[{"href":"https:\/\/esthetic.sk\/de\/wp-json\/wp\/v2\/media?parent=5899"}],"curies":[{"name":"wp","href":"https:\/\/api.w.org\/{rel}","templated":true}]}}