{"id":5898,"date":"2024-04-16T20:27:57","date_gmt":"2024-04-16T18:27:57","guid":{"rendered":"https:\/\/esthetic.sk\/lasermedizin-2\/dilatierte-spulen-laserbehandlung\/"},"modified":"2024-04-16T20:27:57","modified_gmt":"2024-04-16T18:27:57","slug":"dilatierte-spulen-laserbehandlung","status":"publish","type":"page","link":"https:\/\/esthetic.sk\/de\/lasermedizin-2\/dilatierte-spulen-laserbehandlung\/","title":{"rendered":"Dilatierte Spulen | Laserbehandlung"},"content":{"rendered":"<h2>Grundlegende Merkmale<\/h2>\n<ul>\n \t<li><a href=\"https:\/\/esthetic.sk\/blog\/prezidentka-laseroterapeutickej-spolocnosti-varuje-pri-laserovom-zakroku-sa-kompromisy-nevyplacaju\/\">erweiterte Spulen<\/a><\/li>\n \t<li>gerissene Spulen<\/li>\n \t<li>vaskul\u00e4re Muttermale &#8211; H\u00e4mangiome<\/li>\n<\/ul>\n<h2>Intervention<\/h2>\nDer Eingriff wird ohne An\u00e4sthesie durchgef\u00fchrt. Das Laserlicht gelangt unter die Hautoberfl\u00e4che und versiegelt die Spirale, indem es auf den Blutfarbstoff einwirkt, der dann zerf\u00e4llt und verschwindet. Die Prozedur wird idealerweise je nach Ausma\u00df 3-4 Mal wiederholt und in der sonnenarmen Jahreszeit durchgef\u00fchrt.\n<h2>Nach dem Eingriff<\/h2>\n<ul>\n \t<li>nicht dem Sonnenlicht aussetzen<\/li>\n<\/ul>\n<h2>Risiken<\/h2>\n<ul>\n \t<li>leichte R\u00f6tung<\/li>\n \t<li>blaue Flecken<\/li>\n \t<li>leichte Schwellung<\/li>\n<\/ul>\n<strong>Die Heilung dauert etwa 2 Wochen und erfordert keinen Krankenstand.<\/strong>","protected":false},"excerpt":{"rendered":"Grundlegende Merkmale erweiterte Spulen gerissene Spulen vaskul\u00e4re Muttermale &#8211; H\u00e4mangiome Intervention Der Eingriff wird ohne An\u00e4sthesie durchgef\u00fchrt. Das Laserlicht gelangt unter die Hautoberfl\u00e4che und versiegelt die Spirale, indem es auf den Blutfarbstoff einwirkt, der dann zerf\u00e4llt und verschwindet. Die Prozedur wird idealerweise je nach Ausma\u00df 3-4 Mal wiederholt und in der sonnenarmen Jahreszeit durchgef\u00fchrt. Nach","protected":false},"author":1,"featured_media":5525,"parent":5893,"menu_order":5,"comment_status":"closed","ping_status":"closed","template":"","meta":{"inline_featured_image":false,"footnotes":""},"class_list":["post-5898","page","type-page","status-publish","has-post-thumbnail","hentry"],"yoast_head":"<!-- This site is optimized with the Yoast SEO plugin v23.7 - https:\/\/yoast.com\/wordpress\/plugins\/seo\/ -->\n<title>| Esthetic Bratislava<\/title>\n<meta name=\"description\" content=\"Vergr\u00f6\u00dferte Spiralen - Laserbehandlung - Nd Yag Laser entfernt vergr\u00f6\u00dferte und rissige Spiralen. Die Prozedur wird 3-4 Mal wiederholt und in der sonnenarmen Jahreszeit durchgef\u00fchrt.\" \/>\n<meta name=\"robots\" content=\"index, follow, max-snippet:-1, max-image-preview:large, max-video-preview:-1\" \/>\n<link rel=\"canonical\" href=\"https:\/\/esthetic.sk\/de\/lasermedizin-2\/dilatierte-spulen-laserbehandlung\/\" \/>\n<meta property=\"og:locale\" content=\"de_DE\" \/>\n<meta property=\"og:type\" content=\"article\" \/>\n<meta property=\"og:title\" content=\"| Esthetic Bratislava\" \/>\n<meta property=\"og:description\" content=\"Vergr\u00f6\u00dferte Spiralen - Laserbehandlung - Nd Yag Laser entfernt vergr\u00f6\u00dferte und rissige Spiralen. Die Prozedur wird 3-4 Mal wiederholt und in der sonnenarmen Jahreszeit durchgef\u00fchrt.\" \/>\n<meta property=\"og:url\" content=\"https:\/\/esthetic.sk\/de\/lasermedizin-2\/dilatierte-spulen-laserbehandlung\/\" \/>\n<meta property=\"og:site_name\" content=\"Esthetic Bratislava\" \/>\n<meta property=\"article:publisher\" content=\"https:\/\/www.facebook.com\/Klinikaesthetic\" \/>\n<meta property=\"og:image\" content=\"https:\/\/esthetic.sk\/wp-content\/uploads\/2019\/02\/big-10.jpg\" \/>\n\t<meta property=\"og:image:width\" content=\"1920\" \/>\n\t<meta property=\"og:image:height\" content=\"1080\" \/>\n\t<meta property=\"og:image:type\" content=\"image\/jpeg\" \/>\n<meta name=\"twitter:card\" content=\"summary_large_image\" \/>\n<script type=\"application\/ld+json\" class=\"yoast-schema-graph\">{\"@context\":\"https:\/\/schema.org\",\"@graph\":[{\"@type\":\"WebPage\",\"@id\":\"https:\/\/esthetic.sk\/de\/lasermedizin-2\/dilatierte-spulen-laserbehandlung\/\",\"url\":\"https:\/\/esthetic.sk\/de\/lasermedizin-2\/dilatierte-spulen-laserbehandlung\/\",\"name\":\"| Esthetic Bratislava\",\"isPartOf\":{\"@id\":\"https:\/\/esthetic.sk\/#website\"},\"primaryImageOfPage\":{\"@id\":\"https:\/\/esthetic.sk\/de\/lasermedizin-2\/dilatierte-spulen-laserbehandlung\/#primaryimage\"},\"image\":{\"@id\":\"https:\/\/esthetic.sk\/de\/lasermedizin-2\/dilatierte-spulen-laserbehandlung\/#primaryimage\"},\"thumbnailUrl\":\"https:\/\/esthetic.sk\/wp-content\/uploads\/2019\/02\/big-10.jpg\",\"datePublished\":\"2024-04-16T18:27:57+00:00\",\"dateModified\":\"2024-04-16T18:27:57+00:00\",\"description\":\"Vergr\u00f6\u00dferte Spiralen - Laserbehandlung - Nd Yag Laser entfernt vergr\u00f6\u00dferte und rissige Spiralen. Die Prozedur wird 3-4 Mal wiederholt und in der sonnenarmen Jahreszeit durchgef\u00fchrt.\",\"breadcrumb\":{\"@id\":\"https:\/\/esthetic.sk\/de\/lasermedizin-2\/dilatierte-spulen-laserbehandlung\/#breadcrumb\"},\"inLanguage\":\"de\",\"potentialAction\":[{\"@type\":\"ReadAction\",\"target\":[\"https:\/\/esthetic.sk\/de\/lasermedizin-2\/dilatierte-spulen-laserbehandlung\/\"]}]},{\"@type\":\"ImageObject\",\"inLanguage\":\"de\",\"@id\":\"https:\/\/esthetic.sk\/de\/lasermedizin-2\/dilatierte-spulen-laserbehandlung\/#primaryimage\",\"url\":\"https:\/\/esthetic.sk\/wp-content\/uploads\/2019\/02\/big-10.jpg\",\"contentUrl\":\"https:\/\/esthetic.sk\/wp-content\/uploads\/2019\/02\/big-10.jpg\",\"width\":1920,\"height\":1080},{\"@type\":\"BreadcrumbList\",\"@id\":\"https:\/\/esthetic.sk\/de\/lasermedizin-2\/dilatierte-spulen-laserbehandlung\/#breadcrumb\",\"itemListElement\":[{\"@type\":\"ListItem\",\"position\":1,\"name\":\"Home\",\"item\":\"https:\/\/esthetic.sk\/\"},{\"@type\":\"ListItem\",\"position\":2,\"name\":\"Lasermedizin\",\"item\":\"https:\/\/esthetic.sk\/de\/lasermedizin-2\/\"},{\"@type\":\"ListItem\",\"position\":3,\"name\":\"Dilatierte Spulen | Laserbehandlung\"}]},{\"@type\":\"WebSite\",\"@id\":\"https:\/\/esthetic.sk\/#website\",\"url\":\"https:\/\/esthetic.sk\/\",\"name\":\"Esthetic Bratislava\",\"description\":\"R\u00fdchla cesta k dokonal\u00e9mu vz\u013eadu\",\"publisher\":{\"@id\":\"https:\/\/esthetic.sk\/#organization\"},\"potentialAction\":[{\"@type\":\"SearchAction\",\"target\":{\"@type\":\"EntryPoint\",\"urlTemplate\":\"https:\/\/esthetic.sk\/?s={search_term_string}\"},\"query-input\":{\"@type\":\"PropertyValueSpecification\",\"valueRequired\":true,\"valueName\":\"search_term_string\"}}],\"inLanguage\":\"de\"},{\"@type\":\"Organization\",\"@id\":\"https:\/\/esthetic.sk\/#organization\",\"name\":\"Esthetic .s.r.o.\",\"url\":\"https:\/\/esthetic.sk\/\",\"logo\":{\"@type\":\"ImageObject\",\"inLanguage\":\"de\",\"@id\":\"https:\/\/esthetic.sk\/#\/schema\/logo\/image\/\",\"url\":\"https:\/\/esthetic.sk\/wp-content\/uploads\/2019\/02\/logo-1.svg\",\"contentUrl\":\"https:\/\/esthetic.sk\/wp-content\/uploads\/2019\/02\/logo-1.svg\",\"width\":1,\"height\":1,\"caption\":\"Esthetic .s.r.o.\"},\"image\":{\"@id\":\"https:\/\/esthetic.sk\/#\/schema\/logo\/image\/\"},\"sameAs\":[\"https:\/\/www.facebook.com\/Klinikaesthetic\",\"https:\/\/www.instagram.com\/klinikaesthetic\/\",\"https:\/\/www.youtube.com\/channel\/UC8AgtXNjHpne8qWdj9szu1A\"]}]}<\/script>\n<!-- \/ Yoast SEO plugin. -->","yoast_head_json":{"title":"| Esthetic Bratislava","description":"Vergr\u00f6\u00dferte Spiralen - Laserbehandlung - Nd Yag Laser entfernt vergr\u00f6\u00dferte und rissige Spiralen. Die Prozedur wird 3-4 Mal wiederholt und in der sonnenarmen Jahreszeit durchgef\u00fchrt.","robots":{"index":"index","follow":"follow","max-snippet":"max-snippet:-1","max-image-preview":"max-image-preview:large","max-video-preview":"max-video-preview:-1"},"canonical":"https:\/\/esthetic.sk\/de\/lasermedizin-2\/dilatierte-spulen-laserbehandlung\/","og_locale":"de_DE","og_type":"article","og_title":"| Esthetic Bratislava","og_description":"Vergr\u00f6\u00dferte Spiralen - Laserbehandlung - Nd Yag Laser entfernt vergr\u00f6\u00dferte und rissige Spiralen. Die Prozedur wird 3-4 Mal wiederholt und in der sonnenarmen Jahreszeit durchgef\u00fchrt.","og_url":"https:\/\/esthetic.sk\/de\/lasermedizin-2\/dilatierte-spulen-laserbehandlung\/","og_site_name":"Esthetic Bratislava","article_publisher":"https:\/\/www.facebook.com\/Klinikaesthetic","og_image":[{"width":1920,"height":1080,"url":"https:\/\/esthetic.sk\/wp-content\/uploads\/2019\/02\/big-10.jpg","type":"image\/jpeg"}],"twitter_card":"summary_large_image","schema":{"@context":"https:\/\/schema.org","@graph":[{"@type":"WebPage","@id":"https:\/\/esthetic.sk\/de\/lasermedizin-2\/dilatierte-spulen-laserbehandlung\/","url":"https:\/\/esthetic.sk\/de\/lasermedizin-2\/dilatierte-spulen-laserbehandlung\/","name":"| Esthetic Bratislava","isPartOf":{"@id":"https:\/\/esthetic.sk\/#website"},"primaryImageOfPage":{"@id":"https:\/\/esthetic.sk\/de\/lasermedizin-2\/dilatierte-spulen-laserbehandlung\/#primaryimage"},"image":{"@id":"https:\/\/esthetic.sk\/de\/lasermedizin-2\/dilatierte-spulen-laserbehandlung\/#primaryimage"},"thumbnailUrl":"https:\/\/esthetic.sk\/wp-content\/uploads\/2019\/02\/big-10.jpg","datePublished":"2024-04-16T18:27:57+00:00","dateModified":"2024-04-16T18:27:57+00:00","description":"Vergr\u00f6\u00dferte Spiralen - Laserbehandlung - Nd Yag Laser entfernt vergr\u00f6\u00dferte und rissige Spiralen. Die Prozedur wird 3-4 Mal wiederholt und in der sonnenarmen Jahreszeit durchgef\u00fchrt.","breadcrumb":{"@id":"https:\/\/esthetic.sk\/de\/lasermedizin-2\/dilatierte-spulen-laserbehandlung\/#breadcrumb"},"inLanguage":"de","potentialAction":[{"@type":"ReadAction","target":["https:\/\/esthetic.sk\/de\/lasermedizin-2\/dilatierte-spulen-laserbehandlung\/"]}]},{"@type":"ImageObject","inLanguage":"de","@id":"https:\/\/esthetic.sk\/de\/lasermedizin-2\/dilatierte-spulen-laserbehandlung\/#primaryimage","url":"https:\/\/esthetic.sk\/wp-content\/uploads\/2019\/02\/big-10.jpg","contentUrl":"https:\/\/esthetic.sk\/wp-content\/uploads\/2019\/02\/big-10.jpg","width":1920,"height":1080},{"@type":"BreadcrumbList","@id":"https:\/\/esthetic.sk\/de\/lasermedizin-2\/dilatierte-spulen-laserbehandlung\/#breadcrumb","itemListElement":[{"@type":"ListItem","position":1,"name":"Home","item":"https:\/\/esthetic.sk\/"},{"@type":"ListItem","position":2,"name":"Lasermedizin","item":"https:\/\/esthetic.sk\/de\/lasermedizin-2\/"},{"@type":"ListItem","position":3,"name":"Dilatierte Spulen | Laserbehandlung"}]},{"@type":"WebSite","@id":"https:\/\/esthetic.sk\/#website","url":"https:\/\/esthetic.sk\/","name":"Esthetic Bratislava","description":"R\u00fdchla cesta k dokonal\u00e9mu vz\u013eadu","publisher":{"@id":"https:\/\/esthetic.sk\/#organization"},"potentialAction":[{"@type":"SearchAction","target":{"@type":"EntryPoint","urlTemplate":"https:\/\/esthetic.sk\/?s={search_term_string}"},"query-input":{"@type":"PropertyValueSpecification","valueRequired":true,"valueName":"search_term_string"}}],"inLanguage":"de"},{"@type":"Organization","@id":"https:\/\/esthetic.sk\/#organization","name":"Esthetic .s.r.o.","url":"https:\/\/esthetic.sk\/","logo":{"@type":"ImageObject","inLanguage":"de","@id":"https:\/\/esthetic.sk\/#\/schema\/logo\/image\/","url":"https:\/\/esthetic.sk\/wp-content\/uploads\/2019\/02\/logo-1.svg","contentUrl":"https:\/\/esthetic.sk\/wp-content\/uploads\/2019\/02\/logo-1.svg","width":1,"height":1,"caption":"Esthetic .s.r.o."},"image":{"@id":"https:\/\/esthetic.sk\/#\/schema\/logo\/image\/"},"sameAs":["https:\/\/www.facebook.com\/Klinikaesthetic","https:\/\/www.instagram.com\/klinikaesthetic\/","https:\/\/www.youtube.com\/channel\/UC8AgtXNjHpne8qWdj9szu1A"]}]}},"_links":{"self":[{"href":"https:\/\/esthetic.sk\/de\/wp-json\/wp\/v2\/pages\/5898"}],"collection":[{"href":"https:\/\/esthetic.sk\/de\/wp-json\/wp\/v2\/pages"}],"about":[{"href":"https:\/\/esthetic.sk\/de\/wp-json\/wp\/v2\/types\/page"}],"author":[{"embeddable":true,"href":"https:\/\/esthetic.sk\/de\/wp-json\/wp\/v2\/users\/1"}],"replies":[{"embeddable":true,"href":"https:\/\/esthetic.sk\/de\/wp-json\/wp\/v2\/comments?post=5898"}],"version-history":[{"count":0,"href":"https:\/\/esthetic.sk\/de\/wp-json\/wp\/v2\/pages\/5898\/revisions"}],"up":[{"embeddable":true,"href":"https:\/\/esthetic.sk\/de\/wp-json\/wp\/v2\/pages\/5893"}],"wp:featuredmedia":[{"embeddable":true,"href":"https:\/\/esthetic.sk\/de\/wp-json\/wp\/v2\/media\/5525"}],"wp:attachment":[{"href":"https:\/\/esthetic.sk\/de\/wp-json\/wp\/v2\/media?parent=5898"}],"curies":[{"name":"wp","href":"https:\/\/api.w.org\/{rel}","templated":true}]}}