{"id":5897,"date":"2024-04-16T20:27:57","date_gmt":"2024-04-16T18:27:57","guid":{"rendered":"https:\/\/esthetic.sk\/lasermedizin-2\/entfernung-von-muttermalen-warzen-feigwarzen-wucherungen\/"},"modified":"2026-02-03T10:22:42","modified_gmt":"2026-02-03T09:22:42","slug":"entfernung-von-muttermalen-warzen-feigwarzen-wucherungen","status":"publish","type":"page","link":"https:\/\/esthetic.sk\/de\/lasermedizin-2\/entfernung-von-muttermalen-warzen-feigwarzen-wucherungen\/","title":{"rendered":"Entfernung von Muttermalen, Warzen, Feigwarzen, Wucherungen"},"content":{"rendered":"<h2>Grundlegende Merkmale<\/h2>\n<ul>\n \t<li>Wucherungen<\/li>\n \t<li>Warzen<\/li>\n \t<li>Kondylome<\/li>\n \t<li>Molukken<\/li>\n \t<li>Maulw\u00fcrfe<\/li>\n<\/ul>\n<h2>Anwendung<\/h2>\nDer Laser wird eingesetzt, um Hautwucherungen schmerzlos und ohne Narbenbildung zu entfernen. Die Methode ist ber\u00fchrungslos, der Laserstrahl &#8222;schneidet&#8220; das Wachstum ab und stoppt die Blutung. Der Behandlung geht immer eine Untersuchung durch einen Dermatovenerologen voraus, der entscheidet, ob die Hautwucherung zur histologischen Untersuchung eingeschickt werden muss. Falls erforderlich, wird die L\u00e4sion <a href=\"https:\/\/esthetic.sk\/laserova-medicina\/znamienka-vrasky\/vysetrenie-znamienok-digitalnou-kamerou\/\">mit einer Digitalkamera untersucht und mit einer speziellen Software diagnostiziert<\/a>. \n<h2>Dauer des Verfahrens<\/h2>\nDer Vorgang dauert nur wenige Minuten. Das Risiko eines erneuten Auftretens wird reduziert, da die Haut um die L\u00e4sion herum thermisch \u00fcberhitzt wird.\n\nIm Falle von Warzen wird das Virus zerst\u00f6rt. Der Vorgang sollte 3-4 Mal wiederholt werden.\n\nVor der Laserbehandlung von Feigwarzen wird der Patient einer ersten Untersuchung durch einen Arzt unterzogen, bei der m\u00f6glicherweise biologisches Material entnommen wird.\n<h2>Nach dem Eingriff<\/h2>\nNach dem Eingriff bleibt an der Behandlungsstelle eine Erosion zur\u00fcck, die eine Kruste bildet, die etwa 14 Tage lang auf der Haut verbleibt.\n\nLesen Sie mehr \u00fcber Maulw\u00fcrfe in unserem Blog <a href=\"https:\/\/esthetic.sk\/blog\/aj-materske-znamienko-moze-zabijat-najdolezitejsia-je-prevencia\/\">(HIER).<\/a>\n<h2><\/h2>","protected":false},"excerpt":{"rendered":"Grundlegende Merkmale Wucherungen Warzen Kondylome Molukken Maulw\u00fcrfe Anwendung Der Laser wird eingesetzt, um Hautwucherungen schmerzlos und ohne Narbenbildung zu entfernen. Die Methode ist ber\u00fchrungslos, der Laserstrahl &#8222;schneidet&#8220; das Wachstum ab und stoppt die Blutung. Der Behandlung geht immer eine Untersuchung durch einen Dermatovenerologen voraus, der entscheidet, ob die Hautwucherung zur histologischen Untersuchung eingeschickt werden muss.","protected":false},"author":1,"featured_media":5512,"parent":5893,"menu_order":3,"comment_status":"closed","ping_status":"closed","template":"","meta":{"inline_featured_image":false,"footnotes":""},"class_list":["post-5897","page","type-page","status-publish","has-post-thumbnail","hentry"],"yoast_head":"<!-- This site is optimized with the Yoast SEO plugin v23.7 - https:\/\/yoast.com\/wordpress\/plugins\/seo\/ -->\n<title>Entfernung von Muttermalen und Warzen | Esthetic Bratislava<\/title>\n<meta name=\"description\" content=\"Entfernung von Muttermalen und Warzen mit dem Laser. Hautwucherungen werden schmerzlos und ohne Narbenbildung entfernt. Der Behandlung geht immer eine Untersuchung durch einen Dermatologen voraus.\" \/>\n<meta name=\"robots\" content=\"index, follow, max-snippet:-1, max-image-preview:large, max-video-preview:-1\" \/>\n<link rel=\"canonical\" href=\"https:\/\/esthetic.sk\/de\/lasermedizin-2\/entfernung-von-muttermalen-warzen-feigwarzen-wucherungen\/\" \/>\n<meta property=\"og:locale\" content=\"de_DE\" \/>\n<meta property=\"og:type\" content=\"article\" \/>\n<meta property=\"og:title\" content=\"Entfernung von Muttermalen und Warzen | Esthetic Bratislava\" \/>\n<meta property=\"og:description\" content=\"Entfernung von Muttermalen und Warzen mit dem Laser. Hautwucherungen werden schmerzlos und ohne Narbenbildung entfernt. Der Behandlung geht immer eine Untersuchung durch einen Dermatologen voraus.\" \/>\n<meta property=\"og:url\" content=\"https:\/\/esthetic.sk\/de\/lasermedizin-2\/entfernung-von-muttermalen-warzen-feigwarzen-wucherungen\/\" \/>\n<meta property=\"og:site_name\" content=\"Esthetic Bratislava\" \/>\n<meta property=\"article:publisher\" content=\"https:\/\/www.facebook.com\/Klinikaesthetic\" \/>\n<meta property=\"article:modified_time\" content=\"2026-02-03T09:22:42+00:00\" \/>\n<meta property=\"og:image\" content=\"https:\/\/esthetic.sk\/wp-content\/uploads\/2019\/02\/big3.jpg\" \/>\n\t<meta property=\"og:image:width\" content=\"1920\" \/>\n\t<meta property=\"og:image:height\" content=\"1080\" \/>\n\t<meta property=\"og:image:type\" content=\"image\/jpeg\" \/>\n<meta name=\"twitter:card\" content=\"summary_large_image\" \/>\n<meta name=\"twitter:label1\" content=\"Gesch\u00e4tzte Lesezeit\" \/>\n\t<meta name=\"twitter:data1\" content=\"1\u00a0Minute\" \/>\n<script type=\"application\/ld+json\" class=\"yoast-schema-graph\">{\"@context\":\"https:\/\/schema.org\",\"@graph\":[{\"@type\":\"WebPage\",\"@id\":\"https:\/\/esthetic.sk\/de\/lasermedizin-2\/entfernung-von-muttermalen-warzen-feigwarzen-wucherungen\/\",\"url\":\"https:\/\/esthetic.sk\/de\/lasermedizin-2\/entfernung-von-muttermalen-warzen-feigwarzen-wucherungen\/\",\"name\":\"Entfernung von Muttermalen und Warzen | Esthetic Bratislava\",\"isPartOf\":{\"@id\":\"https:\/\/esthetic.sk\/#website\"},\"primaryImageOfPage\":{\"@id\":\"https:\/\/esthetic.sk\/de\/lasermedizin-2\/entfernung-von-muttermalen-warzen-feigwarzen-wucherungen\/#primaryimage\"},\"image\":{\"@id\":\"https:\/\/esthetic.sk\/de\/lasermedizin-2\/entfernung-von-muttermalen-warzen-feigwarzen-wucherungen\/#primaryimage\"},\"thumbnailUrl\":\"https:\/\/esthetic.sk\/wp-content\/uploads\/2019\/02\/big3.jpg\",\"datePublished\":\"2024-04-16T18:27:57+00:00\",\"dateModified\":\"2026-02-03T09:22:42+00:00\",\"description\":\"Entfernung von Muttermalen und Warzen mit dem Laser. Hautwucherungen werden schmerzlos und ohne Narbenbildung entfernt. Der Behandlung geht immer eine Untersuchung durch einen Dermatologen voraus.\",\"breadcrumb\":{\"@id\":\"https:\/\/esthetic.sk\/de\/lasermedizin-2\/entfernung-von-muttermalen-warzen-feigwarzen-wucherungen\/#breadcrumb\"},\"inLanguage\":\"de\",\"potentialAction\":[{\"@type\":\"ReadAction\",\"target\":[\"https:\/\/esthetic.sk\/de\/lasermedizin-2\/entfernung-von-muttermalen-warzen-feigwarzen-wucherungen\/\"]}]},{\"@type\":\"ImageObject\",\"inLanguage\":\"de\",\"@id\":\"https:\/\/esthetic.sk\/de\/lasermedizin-2\/entfernung-von-muttermalen-warzen-feigwarzen-wucherungen\/#primaryimage\",\"url\":\"https:\/\/esthetic.sk\/wp-content\/uploads\/2019\/02\/big3.jpg\",\"contentUrl\":\"https:\/\/esthetic.sk\/wp-content\/uploads\/2019\/02\/big3.jpg\",\"width\":1920,\"height\":1080},{\"@type\":\"BreadcrumbList\",\"@id\":\"https:\/\/esthetic.sk\/de\/lasermedizin-2\/entfernung-von-muttermalen-warzen-feigwarzen-wucherungen\/#breadcrumb\",\"itemListElement\":[{\"@type\":\"ListItem\",\"position\":1,\"name\":\"Home\",\"item\":\"https:\/\/esthetic.sk\/\"},{\"@type\":\"ListItem\",\"position\":2,\"name\":\"Lasermedizin\",\"item\":\"https:\/\/esthetic.sk\/de\/lasermedizin-2\/\"},{\"@type\":\"ListItem\",\"position\":3,\"name\":\"Entfernung von Muttermalen, Warzen, Feigwarzen, Wucherungen\"}]},{\"@type\":\"WebSite\",\"@id\":\"https:\/\/esthetic.sk\/#website\",\"url\":\"https:\/\/esthetic.sk\/\",\"name\":\"Esthetic Bratislava\",\"description\":\"R\u00fdchla cesta k dokonal\u00e9mu vz\u013eadu\",\"publisher\":{\"@id\":\"https:\/\/esthetic.sk\/#organization\"},\"potentialAction\":[{\"@type\":\"SearchAction\",\"target\":{\"@type\":\"EntryPoint\",\"urlTemplate\":\"https:\/\/esthetic.sk\/?s={search_term_string}\"},\"query-input\":{\"@type\":\"PropertyValueSpecification\",\"valueRequired\":true,\"valueName\":\"search_term_string\"}}],\"inLanguage\":\"de\"},{\"@type\":\"Organization\",\"@id\":\"https:\/\/esthetic.sk\/#organization\",\"name\":\"Esthetic .s.r.o.\",\"url\":\"https:\/\/esthetic.sk\/\",\"logo\":{\"@type\":\"ImageObject\",\"inLanguage\":\"de\",\"@id\":\"https:\/\/esthetic.sk\/#\/schema\/logo\/image\/\",\"url\":\"https:\/\/esthetic.sk\/wp-content\/uploads\/2019\/02\/logo-1.svg\",\"contentUrl\":\"https:\/\/esthetic.sk\/wp-content\/uploads\/2019\/02\/logo-1.svg\",\"width\":1,\"height\":1,\"caption\":\"Esthetic .s.r.o.\"},\"image\":{\"@id\":\"https:\/\/esthetic.sk\/#\/schema\/logo\/image\/\"},\"sameAs\":[\"https:\/\/www.facebook.com\/Klinikaesthetic\",\"https:\/\/www.instagram.com\/klinikaesthetic\/\",\"https:\/\/www.youtube.com\/channel\/UC8AgtXNjHpne8qWdj9szu1A\"]}]}<\/script>\n<!-- \/ Yoast SEO plugin. -->","yoast_head_json":{"title":"Entfernung von Muttermalen und Warzen | Esthetic Bratislava","description":"Entfernung von Muttermalen und Warzen mit dem Laser. Hautwucherungen werden schmerzlos und ohne Narbenbildung entfernt. Der Behandlung geht immer eine Untersuchung durch einen Dermatologen voraus.","robots":{"index":"index","follow":"follow","max-snippet":"max-snippet:-1","max-image-preview":"max-image-preview:large","max-video-preview":"max-video-preview:-1"},"canonical":"https:\/\/esthetic.sk\/de\/lasermedizin-2\/entfernung-von-muttermalen-warzen-feigwarzen-wucherungen\/","og_locale":"de_DE","og_type":"article","og_title":"Entfernung von Muttermalen und Warzen | Esthetic Bratislava","og_description":"Entfernung von Muttermalen und Warzen mit dem Laser. Hautwucherungen werden schmerzlos und ohne Narbenbildung entfernt. Der Behandlung geht immer eine Untersuchung durch einen Dermatologen voraus.","og_url":"https:\/\/esthetic.sk\/de\/lasermedizin-2\/entfernung-von-muttermalen-warzen-feigwarzen-wucherungen\/","og_site_name":"Esthetic Bratislava","article_publisher":"https:\/\/www.facebook.com\/Klinikaesthetic","article_modified_time":"2026-02-03T09:22:42+00:00","og_image":[{"width":1920,"height":1080,"url":"https:\/\/esthetic.sk\/wp-content\/uploads\/2019\/02\/big3.jpg","type":"image\/jpeg"}],"twitter_card":"summary_large_image","twitter_misc":{"Gesch\u00e4tzte Lesezeit":"1\u00a0Minute"},"schema":{"@context":"https:\/\/schema.org","@graph":[{"@type":"WebPage","@id":"https:\/\/esthetic.sk\/de\/lasermedizin-2\/entfernung-von-muttermalen-warzen-feigwarzen-wucherungen\/","url":"https:\/\/esthetic.sk\/de\/lasermedizin-2\/entfernung-von-muttermalen-warzen-feigwarzen-wucherungen\/","name":"Entfernung von Muttermalen und Warzen | Esthetic Bratislava","isPartOf":{"@id":"https:\/\/esthetic.sk\/#website"},"primaryImageOfPage":{"@id":"https:\/\/esthetic.sk\/de\/lasermedizin-2\/entfernung-von-muttermalen-warzen-feigwarzen-wucherungen\/#primaryimage"},"image":{"@id":"https:\/\/esthetic.sk\/de\/lasermedizin-2\/entfernung-von-muttermalen-warzen-feigwarzen-wucherungen\/#primaryimage"},"thumbnailUrl":"https:\/\/esthetic.sk\/wp-content\/uploads\/2019\/02\/big3.jpg","datePublished":"2024-04-16T18:27:57+00:00","dateModified":"2026-02-03T09:22:42+00:00","description":"Entfernung von Muttermalen und Warzen mit dem Laser. Hautwucherungen werden schmerzlos und ohne Narbenbildung entfernt. Der Behandlung geht immer eine Untersuchung durch einen Dermatologen voraus.","breadcrumb":{"@id":"https:\/\/esthetic.sk\/de\/lasermedizin-2\/entfernung-von-muttermalen-warzen-feigwarzen-wucherungen\/#breadcrumb"},"inLanguage":"de","potentialAction":[{"@type":"ReadAction","target":["https:\/\/esthetic.sk\/de\/lasermedizin-2\/entfernung-von-muttermalen-warzen-feigwarzen-wucherungen\/"]}]},{"@type":"ImageObject","inLanguage":"de","@id":"https:\/\/esthetic.sk\/de\/lasermedizin-2\/entfernung-von-muttermalen-warzen-feigwarzen-wucherungen\/#primaryimage","url":"https:\/\/esthetic.sk\/wp-content\/uploads\/2019\/02\/big3.jpg","contentUrl":"https:\/\/esthetic.sk\/wp-content\/uploads\/2019\/02\/big3.jpg","width":1920,"height":1080},{"@type":"BreadcrumbList","@id":"https:\/\/esthetic.sk\/de\/lasermedizin-2\/entfernung-von-muttermalen-warzen-feigwarzen-wucherungen\/#breadcrumb","itemListElement":[{"@type":"ListItem","position":1,"name":"Home","item":"https:\/\/esthetic.sk\/"},{"@type":"ListItem","position":2,"name":"Lasermedizin","item":"https:\/\/esthetic.sk\/de\/lasermedizin-2\/"},{"@type":"ListItem","position":3,"name":"Entfernung von Muttermalen, Warzen, Feigwarzen, Wucherungen"}]},{"@type":"WebSite","@id":"https:\/\/esthetic.sk\/#website","url":"https:\/\/esthetic.sk\/","name":"Esthetic Bratislava","description":"R\u00fdchla cesta k dokonal\u00e9mu vz\u013eadu","publisher":{"@id":"https:\/\/esthetic.sk\/#organization"},"potentialAction":[{"@type":"SearchAction","target":{"@type":"EntryPoint","urlTemplate":"https:\/\/esthetic.sk\/?s={search_term_string}"},"query-input":{"@type":"PropertyValueSpecification","valueRequired":true,"valueName":"search_term_string"}}],"inLanguage":"de"},{"@type":"Organization","@id":"https:\/\/esthetic.sk\/#organization","name":"Esthetic .s.r.o.","url":"https:\/\/esthetic.sk\/","logo":{"@type":"ImageObject","inLanguage":"de","@id":"https:\/\/esthetic.sk\/#\/schema\/logo\/image\/","url":"https:\/\/esthetic.sk\/wp-content\/uploads\/2019\/02\/logo-1.svg","contentUrl":"https:\/\/esthetic.sk\/wp-content\/uploads\/2019\/02\/logo-1.svg","width":1,"height":1,"caption":"Esthetic .s.r.o."},"image":{"@id":"https:\/\/esthetic.sk\/#\/schema\/logo\/image\/"},"sameAs":["https:\/\/www.facebook.com\/Klinikaesthetic","https:\/\/www.instagram.com\/klinikaesthetic\/","https:\/\/www.youtube.com\/channel\/UC8AgtXNjHpne8qWdj9szu1A"]}]}},"_links":{"self":[{"href":"https:\/\/esthetic.sk\/de\/wp-json\/wp\/v2\/pages\/5897"}],"collection":[{"href":"https:\/\/esthetic.sk\/de\/wp-json\/wp\/v2\/pages"}],"about":[{"href":"https:\/\/esthetic.sk\/de\/wp-json\/wp\/v2\/types\/page"}],"author":[{"embeddable":true,"href":"https:\/\/esthetic.sk\/de\/wp-json\/wp\/v2\/users\/1"}],"replies":[{"embeddable":true,"href":"https:\/\/esthetic.sk\/de\/wp-json\/wp\/v2\/comments?post=5897"}],"version-history":[{"count":1,"href":"https:\/\/esthetic.sk\/de\/wp-json\/wp\/v2\/pages\/5897\/revisions"}],"predecessor-version":[{"id":9525,"href":"https:\/\/esthetic.sk\/de\/wp-json\/wp\/v2\/pages\/5897\/revisions\/9525"}],"up":[{"embeddable":true,"href":"https:\/\/esthetic.sk\/de\/wp-json\/wp\/v2\/pages\/5893"}],"wp:featuredmedia":[{"embeddable":true,"href":"https:\/\/esthetic.sk\/de\/wp-json\/wp\/v2\/media\/5512"}],"wp:attachment":[{"href":"https:\/\/esthetic.sk\/de\/wp-json\/wp\/v2\/media?parent=5897"}],"curies":[{"name":"wp","href":"https:\/\/api.w.org\/{rel}","templated":true}]}}