{"id":5895,"date":"2024-04-16T20:27:56","date_gmt":"2024-04-16T18:27:56","guid":{"rendered":"https:\/\/esthetic.sk\/lasermedizin\/laser-haarentfernung\/"},"modified":"2025-03-10T10:22:29","modified_gmt":"2025-03-10T09:22:29","slug":"laser-haarentfernung","status":"publish","type":"page","link":"https:\/\/esthetic.sk\/de\/lasermedizin\/laser-haarentfernung\/","title":{"rendered":"Laser-Haarentfernung in der Esthetic Klinik in Bratislava"},"content":{"rendered":"<h2>Grundlegende Merkmale<\/h2>\n\n\nUnerw\u00fcnschte Haare sind f\u00fcr viele Menschen eine Quelle des Unbehagens und tragen nicht gerade zum Selbstwertgef\u00fchl bei. Herk\u00f6mmliche Entfernungsmethoden wie Rasieren, Wachsen oder Enthaarungscremes sind zeitaufw\u00e4ndig und ihre Ergebnisse sind nur vor\u00fcbergehend. Wenn Sie nach einer effektiven und dauerhaften L\u00f6sung suchen, ist die Laserhaarentfernung die richtige Wahl. Die Esthetic Clinic in Bratislava bietet eine hochmoderne Laser-Haarentfernung, mit der Sie eine glatte Haut mit dauerhaften Ergebnissen erzielen k\u00f6nnen.   \n\n<h2>Was ist Laser-Haarentfernung und wie funktioniert sie?<\/h2>\nDie Laser-Haarentfernung ist eine moderne und effektive Methode, um unerw\u00fcnschte Haare an verschiedenen K\u00f6rperstellen loszuwerden. Der Laser verwendet konzentrierte Lichtstrahlen, die gezielt in die Haarfollikel eindringen. Das Pigment im Follikel absorbiert die Energie des Lasers, wodurch es gesch\u00e4digt und das Haarwachstum gestoppt wird. Das Ergebnis ist eine dauerhafte Verringerung der Anzahl der Haare, wobei wiederholte Behandlungen ihre vollst\u00e4ndige Entfernung gew\u00e4hrleisten.   \n\n<h2>Warum eine Esthetic Klinik w\u00e4hlen?<\/h2>\nDie Clinic Esthetic in Bratislava ist bekannt f\u00fcr ihren professionellen Ansatz, den Einsatz neuester Technologien und jahrelange Erfahrung mit \u00e4sthetischen Verfahren. Die Klinik verwendet die neueste Generation von Laserger\u00e4ten, die sicher und effektiv sind und sich f\u00fcr alle Hauttypen eignen. Die erfahrenen Fachleute der Klinik stellen sicher, dass jede Behandlung auf die individuellen Bed\u00fcrfnisse des Kunden zugeschnitten ist, um ein Maximum an Effektivit\u00e4t und Komfort w\u00e4hrend des Eingriffs zu erreichen.  \n\n<h2>Vorteile der Laser-Haarentfernung<\/h2>\n<ul>\n<li><b>Dauerhaftes Ergebnis<\/b>: Nach der erforderlichen Anzahl von Sitzungen k\u00f6nnen Sie eine dauerhafte Reduzierung des Haarwachstums erwarten. Das Verfahren zerst\u00f6rt die Haarfollikel, was bedeutet, dass keine neuen Haare mehr wachsen oder sie viel feiner und heller sind. \n<\/li>\n<li><b>Sicherheit und Hautfreundlichkeit<\/b>: Die Laser-Haarentfernung in der Esthetic Klinik ist selbst f\u00fcr empfindliche Bereiche wie das Gesicht, die Achselh\u00f6hlen, die Bikinizone oder den R\u00fccken sicher. Moderne Laser minimieren das Risiko von Irritationen und Sch\u00e4den an der Haut. \n<\/li>\n<li><b>Zeitersparnis<\/b>: Sie m\u00fcssen sich nicht mehr jeden Tag rasieren oder regelm\u00e4\u00dfig zum Wachsen in einen Salon gehen. Mit der Laser-Haarentfernung erzielen Sie lang anhaltende Ergebnisse, die Ihnen Zeit und Geld sparen. \n<\/li>\n<li><b>F\u00fcr alle Hauttypen geeignet<\/b>: Im Gegensatz zu \u00e4lteren Lasertypen, die nur f\u00fcr Menschen mit heller Haut und dunklem Haar geeignet waren, kann die neue Technologie eine Vielzahl von Hautt\u00f6nen und Haarfarben effektiv behandeln.\n<\/li>\n<\/ul>\n\n<h2>Wie funktioniert die Behandlung?<\/h2>\n\nVor der eigentlichen Behandlung wird ein Beratungsgespr\u00e4ch mit einem Spezialisten gef\u00fchrt, um den Haut- und Haartyp sowie die Eignung der Laserhaarentfernung f\u00fcr den Patienten zu beurteilen. Die Lasereinstellungen werden dann an die individuellen Bed\u00fcrfnisse angepasst. \n<br><br>Die Behandlung selbst ist relativ schnell &#8211; kleinere Bereiche wie die Oberlippe ben\u00f6tigen nur ein paar Minuten, w\u00e4hrend gr\u00f6\u00dfere Bereiche wie die Beine oder der R\u00fccken mehr Zeit in Anspruch nehmen k\u00f6nnen. W\u00e4hrend des Eingriffs k\u00f6nnen Sie ein leichtes Stechen oder W\u00e4rme empfinden, aber moderne Laser sind so konzipiert, dass sie so wenig wie m\u00f6glich Unannehmlichkeiten verursachen. \n<br><br>Nach der Behandlung kann die Haut leicht ger\u00f6tet oder empfindlich sein, aber diese Symptome werden schnell wieder verschwinden. Es ist wichtig, die Empfehlungen der Experten in der Klinik zu befolgen, wie z.B. die Verwendung von Feuchtigkeitscremes und das Vermeiden von direktem Sonnenlicht nach dem Eingriff. \n\n\n<h2>Wie viele Sitzungen sind erforderlich?<\/h2>\nF\u00fcr dauerhafte Ergebnisse sind mehrere Behandlungen, in der Regel 4-8 Sitzungen, erforderlich, je nach K\u00f6rperregion und Haartyp. Die Haare wachsen in unterschiedlichen Zyklen und daher ist es notwendig, die Behandlungen zu wiederholen, um sicherzustellen, dass alle Follikel betroffen sind. \n\n<h2>F\u00fcr wen ist die Laserhaarentfernung geeignet?<\/h2>\nDie Laser-Haarentfernung eignet sich f\u00fcr Frauen und M\u00e4nner, die unerw\u00fcnschte Haare im Gesicht, an den Beinen, Armen, Achseln, im Intimbereich oder an anderen K\u00f6rperstellen loswerden m\u00f6chten. Dieses Verfahren ist f\u00fcr die meisten Hauttypen geeignet, aber die besten Ergebnisse werden bei Menschen mit dunkleren Haaren erzielt, da die Laserenergie am besten von den Pigmenten im Haar absorbiert wird. \n\n\n<h2>Fazit<\/h2>\nDie Laser-Haarentfernung in der Esthetic Klinik in Bratislava ist eine ideale L\u00f6sung f\u00fcr alle, die sich eine lang anhaltend glatte Haut w\u00fcnschen, ohne sich h\u00e4ufig rasieren oder wachsen zu m\u00fcssen. Dank moderner Technologie und einer professionellen Vorgehensweise k\u00f6nnen Sie eine sichere, komfortable und effektive Behandlung erwarten, die Ihnen hilft, Selbstvertrauen zu gewinnen und Zeit zu sparen. \n<br><br>Wenn Sie auf der Suche nach einer dauerhaften L\u00f6sung zur Entfernung unerw\u00fcnschter Haare sind, z\u00f6gern Sie nicht, sich an Esthetic Clinic zu wenden und sich die Pflege zu g\u00f6nnen, die Ihre Haut verdient.\n\n\n\n\t\t<div id=\"objednavka\" style=\"text-align:center; margin:20px auto; border:2px solid grey; padding-top:20px;\">\n<h3>Ich m\u00f6chte bestellen<\/h3>\n\n<div class=\"wpcf7 no-js\" id=\"wpcf7-f6268-o1\" lang=\"de-DE\" dir=\"ltr\">\n<div class=\"screen-reader-response\"><p role=\"status\" aria-live=\"polite\" aria-atomic=\"true\"><\/p> <ul><\/ul><\/div>\n<form action=\"\/de\/wp-json\/wp\/v2\/pages\/5895#wpcf7-f6268-o1\" method=\"post\" class=\"wpcf7-form init wpcf7-acceptance-as-validation\" aria-label=\"Kontaktformular\" novalidate=\"novalidate\" data-status=\"init\">\n<div style=\"display: none;\">\n<input type=\"hidden\" name=\"_wpcf7\" value=\"6268\" \/>\n<input type=\"hidden\" name=\"_wpcf7_version\" value=\"5.9.8\" \/>\n<input type=\"hidden\" name=\"_wpcf7_locale\" value=\"de_DE\" \/>\n<input type=\"hidden\" name=\"_wpcf7_unit_tag\" value=\"wpcf7-f6268-o1\" \/>\n<input type=\"hidden\" name=\"_wpcf7_container_post\" value=\"0\" \/>\n<input type=\"hidden\" name=\"_wpcf7_posted_data_hash\" value=\"\" \/>\n<input type=\"hidden\" name=\"_wpcf7_recaptcha_response\" value=\"\" \/>\n<\/div>\n<div class=\"big-form\">\n\t<div class=\"l-part\">\n\t\t<p><label><span class=\"p\">Ihr Name<\/span><span class=\"wpcf7-form-control-wrap\" data-name=\"Ihr-Name-Platzhalter\"><input size=\"40\" maxlength=\"400\" class=\"wpcf7-form-control wpcf7-text wpcf7-validates-as-required\" aria-required=\"true\" aria-invalid=\"false\" value=\"Ihr Name\" type=\"text\" name=\"Ihr-Name-Platzhalter\" \/><\/span><\/label>\n\t\t<\/p>\n\t\t<p><label><br \/>\n<span class=\"p\">Ihre E-Mail*<\/span><br \/>\n<span class=\"wpcf7-form-control-wrap\" data-name=\"ihre-email\"><input size=\"40\" maxlength=\"400\" class=\"wpcf7-form-control wpcf7-text wpcf7-validates-as-required\" aria-required=\"true\" aria-invalid=\"false\" value=\"Ihre E-Mail*\" type=\"text\" name=\"ihre-email\" \/><\/span><br \/>\n<\/label>\n\t\t<\/p>\n\t\t<p><label><br \/>\n<span class=\"p\">Telefon<\/span><br \/>\n<span class=\"wpcf7-form-control-wrap\" data-name=\"ihr-telefon\"><input size=\"40\" maxlength=\"400\" class=\"wpcf7-form-control wpcf7-tel wpcf7-validates-as-required wpcf7-text wpcf7-validates-as-tel\" aria-required=\"true\" aria-invalid=\"false\" value=\"Telefon\" type=\"tel\" name=\"ihr-telefon\" \/><\/span><br \/>\n<\/label>\n\t\t<\/p>\n\t<\/div>\n\t<div class=\"r-part\">\n\t\t<p><label><br \/>\n<span class=\"p\">Adressierung<\/span><br \/>\n<span class=\"wpcf7-form-control-wrap\" data-name=\"your-oslovenie\"><select class=\"wpcf7-form-control wpcf7-select\" aria-invalid=\"false\" name=\"your-oslovenie\"><option value=\"\">W\u00e4hlen Sie eine Adresse<\/option><option value=\"Frau\">Frau<\/option><option value=\"Frau\">Frau<\/option><option value=\"Herr\">Herr<\/option><\/select><\/span><br \/>\n<\/label>\n\t\t<\/p>\n\t\t<p><label><br \/>\n<span class=\"p\">Schreiben Sie hier, womit wir Ihnen helfen k\u00f6nnen<\/span><br \/>\n<span class=\"wpcf7-form-control-wrap\" data-name=\"your-message\"><textarea cols=\"40\" rows=\"10\" maxlength=\"2000\" class=\"wpcf7-form-control wpcf7-textarea\" aria-invalid=\"false\" placeholder=\"Schreiben Sie hier, womit wir Ihnen helfen k\u00f6nnen\" name=\"your-message\"><\/textarea><\/span><br \/>\n<\/label>\n\t\t<\/p>\n\t<\/div>\n\t<div class=\"bottom\">\n\t\t<div class=\"note\">\n\t\t\t<div class=\"akceptacia\">\n\t\t\t\t<p><span class=\"wpcf7-form-control-wrap\" data-name=\"acceptance-156\"><span class=\"wpcf7-form-control wpcf7-acceptance\"><span class=\"wpcf7-list-item\"><input type=\"checkbox\" name=\"acceptance-156\" value=\"1\" aria-invalid=\"false\" \/><\/span><\/span><\/span><span class=\"akceptujem\">* Ich habe <a href=\"https:\/\/esthetic.sk\/ochrana-osobnych-udajov\/\" target=\"_blank\">hier \u00fcber die Verarbeitung personenbezogener Daten<\/a> gelesen.<\/span>\n\t\t\t\t<\/p>\n\t\t\t<\/div>\n\t\t<\/div>\n\t\t<p><span id=\"wpcf7-69f1b7aa8a5c3-wrapper\" class=\"wpcf7-form-control-wrap email-23-wrap\" style=\"display:none !important; visibility:hidden !important;\"><label for=\"wpcf7-69f1b7aa8a5c3-field\" class=\"hp-message\">Bitte lasse dieses Feld leer.<\/label><input id=\"wpcf7-69f1b7aa8a5c3-field\"  class=\"wpcf7-form-control wpcf7-text\" type=\"text\" name=\"email-23\" value=\"\" size=\"40\" tabindex=\"-1\" autocomplete=\"new-password\" \/><\/span><br \/>\n<input class=\"wpcf7-form-control wpcf7-submit has-spinner\" type=\"submit\" value=\"Senden an\" \/>\n\t\t<\/p>\n\t<\/div>\n<\/div><p style=\"display: none !important;\" class=\"akismet-fields-container\" data-prefix=\"_wpcf7_ak_\"><label>&#916;<textarea name=\"_wpcf7_ak_hp_textarea\" cols=\"45\" rows=\"8\" maxlength=\"100\"><\/textarea><\/label><input type=\"hidden\" id=\"ak_js_1\" name=\"_wpcf7_ak_js\" value=\"144\"\/><script>document.getElementById( \"ak_js_1\" ).setAttribute( \"value\", ( new Date() ).getTime() );<\/script><\/p><input type='hidden' class='wpcf7-pum' value='{\"closepopup\":false,\"closedelay\":0,\"openpopup\":false,\"openpopup_id\":0}' \/><div class=\"wpcf7-response-output\" aria-hidden=\"true\"><\/div>\n<\/form>\n<\/div>\n\n<\/div>","protected":false},"excerpt":{"rendered":"Grundlegende Merkmale Unerw\u00fcnschte Haare sind f\u00fcr viele Menschen eine Quelle des Unbehagens und tragen nicht gerade zum Selbstwertgef\u00fchl bei. Herk\u00f6mmliche Entfernungsmethoden wie Rasieren, Wachsen oder Enthaarungscremes sind zeitaufw\u00e4ndig und ihre Ergebnisse sind nur vor\u00fcbergehend. Wenn Sie nach einer effektiven und dauerhaften L\u00f6sung suchen, ist die Laserhaarentfernung die richtige Wahl. Die Esthetic Clinic in Bratislava bietet","protected":false},"author":1,"featured_media":5514,"parent":5463,"menu_order":5,"comment_status":"closed","ping_status":"closed","template":"","meta":{"inline_featured_image":false,"footnotes":""},"class_list":["post-5895","page","type-page","status-publish","has-post-thumbnail","hentry"],"yoast_head":"<!-- This site is optimized with the Yoast SEO plugin v23.7 - https:\/\/yoast.com\/wordpress\/plugins\/seo\/ -->\n<title>Laser-Haarentfernung | LightSheer Lumenis | Esthetic Bratislava<\/title>\n<meta name=\"description\" content=\"Laser-Haarentfernung - LightSheer Lumenis - Haarentfernung mit einem leistungsstarken amerikanischen Diodenlaser. Chlp erhitzt sich auf eine hohe Temperatur und verbrennt es.\" \/>\n<meta name=\"robots\" content=\"index, follow, max-snippet:-1, max-image-preview:large, max-video-preview:-1\" \/>\n<link rel=\"canonical\" href=\"https:\/\/esthetic.sk\/de\/lasermedizin\/laser-haarentfernung\/\" \/>\n<meta property=\"og:locale\" content=\"de_DE\" \/>\n<meta property=\"og:type\" content=\"article\" \/>\n<meta property=\"og:title\" content=\"Laser-Haarentfernung | LightSheer Lumenis | Esthetic Bratislava\" \/>\n<meta property=\"og:description\" content=\"Laser-Haarentfernung - LightSheer Lumenis - Haarentfernung mit einem leistungsstarken amerikanischen Diodenlaser. Chlp erhitzt sich auf eine hohe Temperatur und verbrennt es.\" \/>\n<meta property=\"og:url\" content=\"https:\/\/esthetic.sk\/de\/lasermedizin\/laser-haarentfernung\/\" \/>\n<meta property=\"og:site_name\" content=\"Esthetic Bratislava\" \/>\n<meta property=\"article:publisher\" content=\"https:\/\/www.facebook.com\/Klinikaesthetic\" \/>\n<meta property=\"article:modified_time\" content=\"2025-03-10T09:22:29+00:00\" \/>\n<meta property=\"og:image\" content=\"https:\/\/esthetic.sk\/wp-content\/uploads\/2019\/02\/big5.jpg\" \/>\n\t<meta property=\"og:image:width\" content=\"1920\" \/>\n\t<meta property=\"og:image:height\" content=\"1080\" \/>\n\t<meta property=\"og:image:type\" content=\"image\/jpeg\" \/>\n<meta name=\"twitter:card\" content=\"summary_large_image\" \/>\n<meta name=\"twitter:label1\" content=\"Gesch\u00e4tzte Lesezeit\" \/>\n\t<meta name=\"twitter:data1\" content=\"4\u00a0Minuten\" \/>\n<script type=\"application\/ld+json\" class=\"yoast-schema-graph\">{\"@context\":\"https:\/\/schema.org\",\"@graph\":[{\"@type\":\"WebPage\",\"@id\":\"https:\/\/esthetic.sk\/de\/lasermedizin\/laser-haarentfernung\/\",\"url\":\"https:\/\/esthetic.sk\/de\/lasermedizin\/laser-haarentfernung\/\",\"name\":\"Laser-Haarentfernung | LightSheer Lumenis | Esthetic Bratislava\",\"isPartOf\":{\"@id\":\"https:\/\/esthetic.sk\/#website\"},\"primaryImageOfPage\":{\"@id\":\"https:\/\/esthetic.sk\/de\/lasermedizin\/laser-haarentfernung\/#primaryimage\"},\"image\":{\"@id\":\"https:\/\/esthetic.sk\/de\/lasermedizin\/laser-haarentfernung\/#primaryimage\"},\"thumbnailUrl\":\"https:\/\/esthetic.sk\/wp-content\/uploads\/2019\/02\/big5.jpg\",\"datePublished\":\"2024-04-16T18:27:56+00:00\",\"dateModified\":\"2025-03-10T09:22:29+00:00\",\"description\":\"Laser-Haarentfernung - LightSheer Lumenis - Haarentfernung mit einem leistungsstarken amerikanischen Diodenlaser. Chlp erhitzt sich auf eine hohe Temperatur und verbrennt es.\",\"breadcrumb\":{\"@id\":\"https:\/\/esthetic.sk\/de\/lasermedizin\/laser-haarentfernung\/#breadcrumb\"},\"inLanguage\":\"de\",\"potentialAction\":[{\"@type\":\"ReadAction\",\"target\":[\"https:\/\/esthetic.sk\/de\/lasermedizin\/laser-haarentfernung\/\"]}]},{\"@type\":\"ImageObject\",\"inLanguage\":\"de\",\"@id\":\"https:\/\/esthetic.sk\/de\/lasermedizin\/laser-haarentfernung\/#primaryimage\",\"url\":\"https:\/\/esthetic.sk\/wp-content\/uploads\/2019\/02\/big5.jpg\",\"contentUrl\":\"https:\/\/esthetic.sk\/wp-content\/uploads\/2019\/02\/big5.jpg\",\"width\":1920,\"height\":1080},{\"@type\":\"BreadcrumbList\",\"@id\":\"https:\/\/esthetic.sk\/de\/lasermedizin\/laser-haarentfernung\/#breadcrumb\",\"itemListElement\":[{\"@type\":\"ListItem\",\"position\":1,\"name\":\"Home\",\"item\":\"https:\/\/esthetic.sk\/\"},{\"@type\":\"ListItem\",\"position\":2,\"name\":\"Lasermedizin\",\"item\":\"https:\/\/esthetic.sk\/lasermedizin\/\"},{\"@type\":\"ListItem\",\"position\":3,\"name\":\"Laser-Haarentfernung in der Esthetic Klinik in Bratislava\"}]},{\"@type\":\"WebSite\",\"@id\":\"https:\/\/esthetic.sk\/#website\",\"url\":\"https:\/\/esthetic.sk\/\",\"name\":\"Esthetic Bratislava\",\"description\":\"R\u00fdchla cesta k dokonal\u00e9mu vz\u013eadu\",\"publisher\":{\"@id\":\"https:\/\/esthetic.sk\/#organization\"},\"potentialAction\":[{\"@type\":\"SearchAction\",\"target\":{\"@type\":\"EntryPoint\",\"urlTemplate\":\"https:\/\/esthetic.sk\/?s={search_term_string}\"},\"query-input\":{\"@type\":\"PropertyValueSpecification\",\"valueRequired\":true,\"valueName\":\"search_term_string\"}}],\"inLanguage\":\"de\"},{\"@type\":\"Organization\",\"@id\":\"https:\/\/esthetic.sk\/#organization\",\"name\":\"Esthetic .s.r.o.\",\"url\":\"https:\/\/esthetic.sk\/\",\"logo\":{\"@type\":\"ImageObject\",\"inLanguage\":\"de\",\"@id\":\"https:\/\/esthetic.sk\/#\/schema\/logo\/image\/\",\"url\":\"https:\/\/esthetic.sk\/wp-content\/uploads\/2019\/02\/logo-1.svg\",\"contentUrl\":\"https:\/\/esthetic.sk\/wp-content\/uploads\/2019\/02\/logo-1.svg\",\"width\":1,\"height\":1,\"caption\":\"Esthetic .s.r.o.\"},\"image\":{\"@id\":\"https:\/\/esthetic.sk\/#\/schema\/logo\/image\/\"},\"sameAs\":[\"https:\/\/www.facebook.com\/Klinikaesthetic\",\"https:\/\/www.instagram.com\/klinikaesthetic\/\",\"https:\/\/www.youtube.com\/channel\/UC8AgtXNjHpne8qWdj9szu1A\"]}]}<\/script>\n<!-- \/ Yoast SEO plugin. -->","yoast_head_json":{"title":"Laser-Haarentfernung | LightSheer Lumenis | Esthetic Bratislava","description":"Laser-Haarentfernung - LightSheer Lumenis - Haarentfernung mit einem leistungsstarken amerikanischen Diodenlaser. Chlp erhitzt sich auf eine hohe Temperatur und verbrennt es.","robots":{"index":"index","follow":"follow","max-snippet":"max-snippet:-1","max-image-preview":"max-image-preview:large","max-video-preview":"max-video-preview:-1"},"canonical":"https:\/\/esthetic.sk\/de\/lasermedizin\/laser-haarentfernung\/","og_locale":"de_DE","og_type":"article","og_title":"Laser-Haarentfernung | LightSheer Lumenis | Esthetic Bratislava","og_description":"Laser-Haarentfernung - LightSheer Lumenis - Haarentfernung mit einem leistungsstarken amerikanischen Diodenlaser. Chlp erhitzt sich auf eine hohe Temperatur und verbrennt es.","og_url":"https:\/\/esthetic.sk\/de\/lasermedizin\/laser-haarentfernung\/","og_site_name":"Esthetic Bratislava","article_publisher":"https:\/\/www.facebook.com\/Klinikaesthetic","article_modified_time":"2025-03-10T09:22:29+00:00","og_image":[{"width":1920,"height":1080,"url":"https:\/\/esthetic.sk\/wp-content\/uploads\/2019\/02\/big5.jpg","type":"image\/jpeg"}],"twitter_card":"summary_large_image","twitter_misc":{"Gesch\u00e4tzte Lesezeit":"4\u00a0Minuten"},"schema":{"@context":"https:\/\/schema.org","@graph":[{"@type":"WebPage","@id":"https:\/\/esthetic.sk\/de\/lasermedizin\/laser-haarentfernung\/","url":"https:\/\/esthetic.sk\/de\/lasermedizin\/laser-haarentfernung\/","name":"Laser-Haarentfernung | LightSheer Lumenis | Esthetic Bratislava","isPartOf":{"@id":"https:\/\/esthetic.sk\/#website"},"primaryImageOfPage":{"@id":"https:\/\/esthetic.sk\/de\/lasermedizin\/laser-haarentfernung\/#primaryimage"},"image":{"@id":"https:\/\/esthetic.sk\/de\/lasermedizin\/laser-haarentfernung\/#primaryimage"},"thumbnailUrl":"https:\/\/esthetic.sk\/wp-content\/uploads\/2019\/02\/big5.jpg","datePublished":"2024-04-16T18:27:56+00:00","dateModified":"2025-03-10T09:22:29+00:00","description":"Laser-Haarentfernung - LightSheer Lumenis - Haarentfernung mit einem leistungsstarken amerikanischen Diodenlaser. Chlp erhitzt sich auf eine hohe Temperatur und verbrennt es.","breadcrumb":{"@id":"https:\/\/esthetic.sk\/de\/lasermedizin\/laser-haarentfernung\/#breadcrumb"},"inLanguage":"de","potentialAction":[{"@type":"ReadAction","target":["https:\/\/esthetic.sk\/de\/lasermedizin\/laser-haarentfernung\/"]}]},{"@type":"ImageObject","inLanguage":"de","@id":"https:\/\/esthetic.sk\/de\/lasermedizin\/laser-haarentfernung\/#primaryimage","url":"https:\/\/esthetic.sk\/wp-content\/uploads\/2019\/02\/big5.jpg","contentUrl":"https:\/\/esthetic.sk\/wp-content\/uploads\/2019\/02\/big5.jpg","width":1920,"height":1080},{"@type":"BreadcrumbList","@id":"https:\/\/esthetic.sk\/de\/lasermedizin\/laser-haarentfernung\/#breadcrumb","itemListElement":[{"@type":"ListItem","position":1,"name":"Home","item":"https:\/\/esthetic.sk\/"},{"@type":"ListItem","position":2,"name":"Lasermedizin","item":"https:\/\/esthetic.sk\/lasermedizin\/"},{"@type":"ListItem","position":3,"name":"Laser-Haarentfernung in der Esthetic Klinik in Bratislava"}]},{"@type":"WebSite","@id":"https:\/\/esthetic.sk\/#website","url":"https:\/\/esthetic.sk\/","name":"Esthetic Bratislava","description":"R\u00fdchla cesta k dokonal\u00e9mu vz\u013eadu","publisher":{"@id":"https:\/\/esthetic.sk\/#organization"},"potentialAction":[{"@type":"SearchAction","target":{"@type":"EntryPoint","urlTemplate":"https:\/\/esthetic.sk\/?s={search_term_string}"},"query-input":{"@type":"PropertyValueSpecification","valueRequired":true,"valueName":"search_term_string"}}],"inLanguage":"de"},{"@type":"Organization","@id":"https:\/\/esthetic.sk\/#organization","name":"Esthetic .s.r.o.","url":"https:\/\/esthetic.sk\/","logo":{"@type":"ImageObject","inLanguage":"de","@id":"https:\/\/esthetic.sk\/#\/schema\/logo\/image\/","url":"https:\/\/esthetic.sk\/wp-content\/uploads\/2019\/02\/logo-1.svg","contentUrl":"https:\/\/esthetic.sk\/wp-content\/uploads\/2019\/02\/logo-1.svg","width":1,"height":1,"caption":"Esthetic .s.r.o."},"image":{"@id":"https:\/\/esthetic.sk\/#\/schema\/logo\/image\/"},"sameAs":["https:\/\/www.facebook.com\/Klinikaesthetic","https:\/\/www.instagram.com\/klinikaesthetic\/","https:\/\/www.youtube.com\/channel\/UC8AgtXNjHpne8qWdj9szu1A"]}]}},"_links":{"self":[{"href":"https:\/\/esthetic.sk\/de\/wp-json\/wp\/v2\/pages\/5895"}],"collection":[{"href":"https:\/\/esthetic.sk\/de\/wp-json\/wp\/v2\/pages"}],"about":[{"href":"https:\/\/esthetic.sk\/de\/wp-json\/wp\/v2\/types\/page"}],"author":[{"embeddable":true,"href":"https:\/\/esthetic.sk\/de\/wp-json\/wp\/v2\/users\/1"}],"replies":[{"embeddable":true,"href":"https:\/\/esthetic.sk\/de\/wp-json\/wp\/v2\/comments?post=5895"}],"version-history":[{"count":3,"href":"https:\/\/esthetic.sk\/de\/wp-json\/wp\/v2\/pages\/5895\/revisions"}],"predecessor-version":[{"id":7923,"href":"https:\/\/esthetic.sk\/de\/wp-json\/wp\/v2\/pages\/5895\/revisions\/7923"}],"up":[{"embeddable":true,"href":"https:\/\/esthetic.sk\/de\/wp-json\/wp\/v2\/pages\/5463"}],"wp:featuredmedia":[{"embeddable":true,"href":"https:\/\/esthetic.sk\/de\/wp-json\/wp\/v2\/media\/5514"}],"wp:attachment":[{"href":"https:\/\/esthetic.sk\/de\/wp-json\/wp\/v2\/media?parent=5895"}],"curies":[{"name":"wp","href":"https:\/\/api.w.org\/{rel}","templated":true}]}}