{"id":5888,"date":"2024-04-16T20:27:52","date_gmt":"2024-04-16T18:27:52","guid":{"rendered":"https:\/\/esthetic.sk\/lasermedizin\/laserbehandlung-von-nagelpilz-onychomykose-fox-laser\/"},"modified":"2024-04-16T20:27:52","modified_gmt":"2024-04-16T18:27:52","slug":"laserbehandlung-von-nagelpilz-onychomykose-fox-laser","status":"publish","type":"page","link":"https:\/\/esthetic.sk\/de\/lasermedizin\/laserbehandlung-von-nagelpilz-onychomykose-fox-laser\/","title":{"rendered":"Laserbehandlung von Nagelpilz (Onychomykose) | FOX LASER"},"content":{"rendered":"<h2>Grundlegende Charaktermerkmale<\/h2>\n<ul>\n \t<li>Nagelform<\/li>\n<\/ul>\n<h2>Anwendung<\/h2>\nDie Strahlung dringt durch den Nagel in die Nagelplatte ein, in der sich die pathogenen Pilze befinden. Die umgebende Haut und der Nagel selbst bleiben unversehrt. Die Absorption der Strahlung verursacht die W\u00e4rme, die der Patient w\u00e4hrend der Behandlung sp\u00fcrt. Die Zellwand des Schwamms rei\u00dft und wird anschlie\u00dfend zerst\u00f6rt.\nWir empfehlen drei Sitzungen in monatlichen Abst\u00e4nden, um ein bestimmtes Ergebnis zu erzielen, aber die Dauer der Behandlung kann f\u00fcr jeden Kunden individuell festgelegt werden.\n<h2>Dauer der Nagelpilzentfernung<\/h2>\nDie ersten Ergebnisse werden aufgrund des Wachstumszyklus des Nagels fr\u00fchestens acht Wochen nach Beginn der Behandlung sichtbar. Die endg\u00fcltige Wirkung wird zwischen neun Monaten und einem Jahr dauern.\n<h2>Weitere Informationen<\/h2>\nDie Wirkung des Lasers beruht auf der Wechselwirkung von Strahlung und Gewebestrukturen. Die Laserstrahlung wird im Gewebe absorbiert. In der Zielstruktur wird intensive Hitze erzeugt. Das Gewebe zerf\u00e4llt und wird zerst\u00f6rt. Bei Patienten mit Onychomykose wird der FOX LASER mit einer Wellenl\u00e4nge von 1064 nm verwendet. Es t\u00f6tet den Pilz und hilft bei der Heilung des Nagels. Nach der Zerst\u00f6rung des Pilzes w\u00e4chst ein gesunder Nagel nach.","protected":false},"excerpt":{"rendered":"Grundlegende Charaktermerkmale Nagelform Anwendung Die Strahlung dringt durch den Nagel in die Nagelplatte ein, in der sich die pathogenen Pilze befinden. Die umgebende Haut und der Nagel selbst bleiben unversehrt. Die Absorption der Strahlung verursacht die W\u00e4rme, die der Patient w\u00e4hrend der Behandlung sp\u00fcrt. Die Zellwand des Schwamms rei\u00dft und wird anschlie\u00dfend zerst\u00f6rt. Wir empfehlen","protected":false},"author":1,"featured_media":5525,"parent":5463,"menu_order":4,"comment_status":"closed","ping_status":"closed","template":"","meta":{"inline_featured_image":false,"footnotes":""},"class_list":["post-5888","page","type-page","status-publish","has-post-thumbnail","hentry"],"yoast_head":"<!-- This site is optimized with the Yoast SEO plugin v23.7 - https:\/\/yoast.com\/wordpress\/plugins\/seo\/ -->\n<title>Entfernung von Nagelpilz (Onychomykose) | FOX LASER | Bratislava<\/title>\n<meta name=\"description\" content=\"Entfernung von Nagel- und Zehennagelpilz (Onychomykose) mit dem FOX LASER. Der Laser t\u00f6tet den Pilz ab und hilft bei der Behandlung und dem anschlie\u00dfenden Wachstum eines gesunden Nagels.\" \/>\n<meta name=\"robots\" content=\"index, follow, max-snippet:-1, max-image-preview:large, max-video-preview:-1\" \/>\n<link rel=\"canonical\" href=\"https:\/\/esthetic.sk\/de\/lasermedizin\/laserbehandlung-von-nagelpilz-onychomykose-fox-laser\/\" \/>\n<meta property=\"og:locale\" content=\"de_DE\" \/>\n<meta property=\"og:type\" content=\"article\" \/>\n<meta property=\"og:title\" content=\"Entfernung von Nagelpilz (Onychomykose) | FOX LASER | Bratislava\" \/>\n<meta property=\"og:description\" content=\"Entfernung von Nagel- und Zehennagelpilz (Onychomykose) mit dem FOX LASER. Der Laser t\u00f6tet den Pilz ab und hilft bei der Behandlung und dem anschlie\u00dfenden Wachstum eines gesunden Nagels.\" \/>\n<meta property=\"og:url\" content=\"https:\/\/esthetic.sk\/de\/lasermedizin\/laserbehandlung-von-nagelpilz-onychomykose-fox-laser\/\" \/>\n<meta property=\"og:site_name\" content=\"Esthetic Bratislava\" \/>\n<meta property=\"article:publisher\" content=\"https:\/\/www.facebook.com\/Klinikaesthetic\" \/>\n<meta property=\"og:image\" content=\"https:\/\/esthetic.sk\/wp-content\/uploads\/2019\/02\/big-10.jpg\" \/>\n\t<meta property=\"og:image:width\" content=\"1920\" \/>\n\t<meta property=\"og:image:height\" content=\"1080\" \/>\n\t<meta property=\"og:image:type\" content=\"image\/jpeg\" \/>\n<meta name=\"twitter:card\" content=\"summary_large_image\" \/>\n<meta name=\"twitter:label1\" content=\"Gesch\u00e4tzte Lesezeit\" \/>\n\t<meta name=\"twitter:data1\" content=\"1\u00a0Minute\" \/>\n<script type=\"application\/ld+json\" class=\"yoast-schema-graph\">{\"@context\":\"https:\/\/schema.org\",\"@graph\":[{\"@type\":\"WebPage\",\"@id\":\"https:\/\/esthetic.sk\/de\/lasermedizin\/laserbehandlung-von-nagelpilz-onychomykose-fox-laser\/\",\"url\":\"https:\/\/esthetic.sk\/de\/lasermedizin\/laserbehandlung-von-nagelpilz-onychomykose-fox-laser\/\",\"name\":\"Entfernung von Nagelpilz (Onychomykose) | FOX LASER | Bratislava\",\"isPartOf\":{\"@id\":\"https:\/\/esthetic.sk\/#website\"},\"primaryImageOfPage\":{\"@id\":\"https:\/\/esthetic.sk\/de\/lasermedizin\/laserbehandlung-von-nagelpilz-onychomykose-fox-laser\/#primaryimage\"},\"image\":{\"@id\":\"https:\/\/esthetic.sk\/de\/lasermedizin\/laserbehandlung-von-nagelpilz-onychomykose-fox-laser\/#primaryimage\"},\"thumbnailUrl\":\"https:\/\/esthetic.sk\/wp-content\/uploads\/2019\/02\/big-10.jpg\",\"datePublished\":\"2024-04-16T18:27:52+00:00\",\"dateModified\":\"2024-04-16T18:27:52+00:00\",\"description\":\"Entfernung von Nagel- und Zehennagelpilz (Onychomykose) mit dem FOX LASER. Der Laser t\u00f6tet den Pilz ab und hilft bei der Behandlung und dem anschlie\u00dfenden Wachstum eines gesunden Nagels.\",\"breadcrumb\":{\"@id\":\"https:\/\/esthetic.sk\/de\/lasermedizin\/laserbehandlung-von-nagelpilz-onychomykose-fox-laser\/#breadcrumb\"},\"inLanguage\":\"de\",\"potentialAction\":[{\"@type\":\"ReadAction\",\"target\":[\"https:\/\/esthetic.sk\/de\/lasermedizin\/laserbehandlung-von-nagelpilz-onychomykose-fox-laser\/\"]}]},{\"@type\":\"ImageObject\",\"inLanguage\":\"de\",\"@id\":\"https:\/\/esthetic.sk\/de\/lasermedizin\/laserbehandlung-von-nagelpilz-onychomykose-fox-laser\/#primaryimage\",\"url\":\"https:\/\/esthetic.sk\/wp-content\/uploads\/2019\/02\/big-10.jpg\",\"contentUrl\":\"https:\/\/esthetic.sk\/wp-content\/uploads\/2019\/02\/big-10.jpg\",\"width\":1920,\"height\":1080},{\"@type\":\"BreadcrumbList\",\"@id\":\"https:\/\/esthetic.sk\/de\/lasermedizin\/laserbehandlung-von-nagelpilz-onychomykose-fox-laser\/#breadcrumb\",\"itemListElement\":[{\"@type\":\"ListItem\",\"position\":1,\"name\":\"Home\",\"item\":\"https:\/\/esthetic.sk\/\"},{\"@type\":\"ListItem\",\"position\":2,\"name\":\"Lasermedizin\",\"item\":\"https:\/\/esthetic.sk\/lasermedizin\/\"},{\"@type\":\"ListItem\",\"position\":3,\"name\":\"Laserbehandlung von Nagelpilz (Onychomykose) | FOX LASER\"}]},{\"@type\":\"WebSite\",\"@id\":\"https:\/\/esthetic.sk\/#website\",\"url\":\"https:\/\/esthetic.sk\/\",\"name\":\"Esthetic Bratislava\",\"description\":\"R\u00fdchla cesta k dokonal\u00e9mu vz\u013eadu\",\"publisher\":{\"@id\":\"https:\/\/esthetic.sk\/#organization\"},\"potentialAction\":[{\"@type\":\"SearchAction\",\"target\":{\"@type\":\"EntryPoint\",\"urlTemplate\":\"https:\/\/esthetic.sk\/?s={search_term_string}\"},\"query-input\":{\"@type\":\"PropertyValueSpecification\",\"valueRequired\":true,\"valueName\":\"search_term_string\"}}],\"inLanguage\":\"de\"},{\"@type\":\"Organization\",\"@id\":\"https:\/\/esthetic.sk\/#organization\",\"name\":\"Esthetic .s.r.o.\",\"url\":\"https:\/\/esthetic.sk\/\",\"logo\":{\"@type\":\"ImageObject\",\"inLanguage\":\"de\",\"@id\":\"https:\/\/esthetic.sk\/#\/schema\/logo\/image\/\",\"url\":\"https:\/\/esthetic.sk\/wp-content\/uploads\/2019\/02\/logo-1.svg\",\"contentUrl\":\"https:\/\/esthetic.sk\/wp-content\/uploads\/2019\/02\/logo-1.svg\",\"width\":1,\"height\":1,\"caption\":\"Esthetic .s.r.o.\"},\"image\":{\"@id\":\"https:\/\/esthetic.sk\/#\/schema\/logo\/image\/\"},\"sameAs\":[\"https:\/\/www.facebook.com\/Klinikaesthetic\",\"https:\/\/www.instagram.com\/klinikaesthetic\/\",\"https:\/\/www.youtube.com\/channel\/UC8AgtXNjHpne8qWdj9szu1A\"]}]}<\/script>\n<!-- \/ Yoast SEO plugin. -->","yoast_head_json":{"title":"Entfernung von Nagelpilz (Onychomykose) | FOX LASER | Bratislava","description":"Entfernung von Nagel- und Zehennagelpilz (Onychomykose) mit dem FOX LASER. Der Laser t\u00f6tet den Pilz ab und hilft bei der Behandlung und dem anschlie\u00dfenden Wachstum eines gesunden Nagels.","robots":{"index":"index","follow":"follow","max-snippet":"max-snippet:-1","max-image-preview":"max-image-preview:large","max-video-preview":"max-video-preview:-1"},"canonical":"https:\/\/esthetic.sk\/de\/lasermedizin\/laserbehandlung-von-nagelpilz-onychomykose-fox-laser\/","og_locale":"de_DE","og_type":"article","og_title":"Entfernung von Nagelpilz (Onychomykose) | FOX LASER | Bratislava","og_description":"Entfernung von Nagel- und Zehennagelpilz (Onychomykose) mit dem FOX LASER. Der Laser t\u00f6tet den Pilz ab und hilft bei der Behandlung und dem anschlie\u00dfenden Wachstum eines gesunden Nagels.","og_url":"https:\/\/esthetic.sk\/de\/lasermedizin\/laserbehandlung-von-nagelpilz-onychomykose-fox-laser\/","og_site_name":"Esthetic Bratislava","article_publisher":"https:\/\/www.facebook.com\/Klinikaesthetic","og_image":[{"width":1920,"height":1080,"url":"https:\/\/esthetic.sk\/wp-content\/uploads\/2019\/02\/big-10.jpg","type":"image\/jpeg"}],"twitter_card":"summary_large_image","twitter_misc":{"Gesch\u00e4tzte Lesezeit":"1\u00a0Minute"},"schema":{"@context":"https:\/\/schema.org","@graph":[{"@type":"WebPage","@id":"https:\/\/esthetic.sk\/de\/lasermedizin\/laserbehandlung-von-nagelpilz-onychomykose-fox-laser\/","url":"https:\/\/esthetic.sk\/de\/lasermedizin\/laserbehandlung-von-nagelpilz-onychomykose-fox-laser\/","name":"Entfernung von Nagelpilz (Onychomykose) | FOX LASER | Bratislava","isPartOf":{"@id":"https:\/\/esthetic.sk\/#website"},"primaryImageOfPage":{"@id":"https:\/\/esthetic.sk\/de\/lasermedizin\/laserbehandlung-von-nagelpilz-onychomykose-fox-laser\/#primaryimage"},"image":{"@id":"https:\/\/esthetic.sk\/de\/lasermedizin\/laserbehandlung-von-nagelpilz-onychomykose-fox-laser\/#primaryimage"},"thumbnailUrl":"https:\/\/esthetic.sk\/wp-content\/uploads\/2019\/02\/big-10.jpg","datePublished":"2024-04-16T18:27:52+00:00","dateModified":"2024-04-16T18:27:52+00:00","description":"Entfernung von Nagel- und Zehennagelpilz (Onychomykose) mit dem FOX LASER. Der Laser t\u00f6tet den Pilz ab und hilft bei der Behandlung und dem anschlie\u00dfenden Wachstum eines gesunden Nagels.","breadcrumb":{"@id":"https:\/\/esthetic.sk\/de\/lasermedizin\/laserbehandlung-von-nagelpilz-onychomykose-fox-laser\/#breadcrumb"},"inLanguage":"de","potentialAction":[{"@type":"ReadAction","target":["https:\/\/esthetic.sk\/de\/lasermedizin\/laserbehandlung-von-nagelpilz-onychomykose-fox-laser\/"]}]},{"@type":"ImageObject","inLanguage":"de","@id":"https:\/\/esthetic.sk\/de\/lasermedizin\/laserbehandlung-von-nagelpilz-onychomykose-fox-laser\/#primaryimage","url":"https:\/\/esthetic.sk\/wp-content\/uploads\/2019\/02\/big-10.jpg","contentUrl":"https:\/\/esthetic.sk\/wp-content\/uploads\/2019\/02\/big-10.jpg","width":1920,"height":1080},{"@type":"BreadcrumbList","@id":"https:\/\/esthetic.sk\/de\/lasermedizin\/laserbehandlung-von-nagelpilz-onychomykose-fox-laser\/#breadcrumb","itemListElement":[{"@type":"ListItem","position":1,"name":"Home","item":"https:\/\/esthetic.sk\/"},{"@type":"ListItem","position":2,"name":"Lasermedizin","item":"https:\/\/esthetic.sk\/lasermedizin\/"},{"@type":"ListItem","position":3,"name":"Laserbehandlung von Nagelpilz (Onychomykose) | FOX LASER"}]},{"@type":"WebSite","@id":"https:\/\/esthetic.sk\/#website","url":"https:\/\/esthetic.sk\/","name":"Esthetic Bratislava","description":"R\u00fdchla cesta k dokonal\u00e9mu vz\u013eadu","publisher":{"@id":"https:\/\/esthetic.sk\/#organization"},"potentialAction":[{"@type":"SearchAction","target":{"@type":"EntryPoint","urlTemplate":"https:\/\/esthetic.sk\/?s={search_term_string}"},"query-input":{"@type":"PropertyValueSpecification","valueRequired":true,"valueName":"search_term_string"}}],"inLanguage":"de"},{"@type":"Organization","@id":"https:\/\/esthetic.sk\/#organization","name":"Esthetic .s.r.o.","url":"https:\/\/esthetic.sk\/","logo":{"@type":"ImageObject","inLanguage":"de","@id":"https:\/\/esthetic.sk\/#\/schema\/logo\/image\/","url":"https:\/\/esthetic.sk\/wp-content\/uploads\/2019\/02\/logo-1.svg","contentUrl":"https:\/\/esthetic.sk\/wp-content\/uploads\/2019\/02\/logo-1.svg","width":1,"height":1,"caption":"Esthetic .s.r.o."},"image":{"@id":"https:\/\/esthetic.sk\/#\/schema\/logo\/image\/"},"sameAs":["https:\/\/www.facebook.com\/Klinikaesthetic","https:\/\/www.instagram.com\/klinikaesthetic\/","https:\/\/www.youtube.com\/channel\/UC8AgtXNjHpne8qWdj9szu1A"]}]}},"_links":{"self":[{"href":"https:\/\/esthetic.sk\/de\/wp-json\/wp\/v2\/pages\/5888"}],"collection":[{"href":"https:\/\/esthetic.sk\/de\/wp-json\/wp\/v2\/pages"}],"about":[{"href":"https:\/\/esthetic.sk\/de\/wp-json\/wp\/v2\/types\/page"}],"author":[{"embeddable":true,"href":"https:\/\/esthetic.sk\/de\/wp-json\/wp\/v2\/users\/1"}],"replies":[{"embeddable":true,"href":"https:\/\/esthetic.sk\/de\/wp-json\/wp\/v2\/comments?post=5888"}],"version-history":[{"count":0,"href":"https:\/\/esthetic.sk\/de\/wp-json\/wp\/v2\/pages\/5888\/revisions"}],"up":[{"embeddable":true,"href":"https:\/\/esthetic.sk\/de\/wp-json\/wp\/v2\/pages\/5463"}],"wp:featuredmedia":[{"embeddable":true,"href":"https:\/\/esthetic.sk\/de\/wp-json\/wp\/v2\/media\/5525"}],"wp:attachment":[{"href":"https:\/\/esthetic.sk\/de\/wp-json\/wp\/v2\/media?parent=5888"}],"curies":[{"name":"wp","href":"https:\/\/api.w.org\/{rel}","templated":true}]}}