{"id":5882,"date":"2024-04-16T20:27:49","date_gmt":"2024-04-16T18:27:49","guid":{"rendered":"https:\/\/esthetic.sk\/aesthetische-dermatologie\/gesicht\/3d-vectoring-heben-volumenauffuellung\/"},"modified":"2025-02-11T20:45:37","modified_gmt":"2025-02-11T19:45:37","slug":"3d-vectoring-heben-volumenauffuellung","status":"publish","type":"page","link":"https:\/\/esthetic.sk\/de\/aesthetische-dermatologie\/gesicht\/3d-vectoring-heben-volumenauffuellung\/","title":{"rendered":"3D Vectoring Heben | Volumenauff\u00fcllung"},"content":{"rendered":"<h2>Grundlegende Informationen<\/h2>\n<ul>\n \t<li>Abnahme der Gesichtskonturen<\/li>\n \t<li>Wiederauff\u00fcllung des verlorenen Volumens<\/li>\n \t<li>Anheben der Mundwinkel<\/li>\n \t<li>Gesichtsharmonisierung<\/li>\n \t<li>Verbesserung der sogenannten. Seitenprofil<\/li>\n<\/ul>\n&nbsp;\n<h2>Anwendung<\/h2>\nMit einer Nadel oder Kan\u00fcle bringt der Arzt unter \u00f6rtlicher Bet\u00e4ubung vorsichtig eine ausreichende Menge vernetzter Hyalurons\u00e4ure tief in das Unterhautgewebe ein, wodurch die Gesichtskonturen angehoben und Falten gegl\u00e4ttet werden. Das Gesicht erh\u00e4lt einen harmonischeren Ausdruck. Die Manifestationen des sogenannten. einen m\u00fcden Gesichtsausdruck.\n\n&nbsp;\n<h2>Dauer des Verfahrens<\/h2>\nDer Eingriff selbst dauert etwa 20 Minuten &#8211; je nach Ausma\u00df.\n\nDie Dauer der Wirkung h\u00e4ngt von der behandelten Fl\u00e4che ab &#8211; sie h\u00e4lt zwischen 6 Monaten und mehreren Jahren an.\n\n&nbsp;\n<h2>Risiken<\/h2>\n<ul>\n \t<li>H\u00e4matombildung<\/li>\n \t<li>l\u00e4nger anhaltende Sp\u00fclung<\/li>\n \t<li>Granulombildung<\/li>\n \t<li>Risiko der intra-arteriellen Anwendung<\/li>\n<\/ul>\n&nbsp;\n<h2>Weitere Informationen<\/h2>\nWenn die Haut altert und ihre Elastizit\u00e4t verliert, f\u00fchrt die Schwerkraft zu einem Volumenverlust und einer Volumenverlagerung in das untere Gesichtsdrittel, was zu einer Erschlaffung der Haut an den Schl\u00e4fen und um das Kinn herum f\u00fchrt.\n\nBei der aktuellen chirurgischen L\u00f6sung, dem chirurgischen Lifting, wird die Haut nach oben und in die Flanken gezogen. Beim 3D-Vectoring wird im Gegensatz zum chirurgischen Lifting eine dritte Dimension verwendet &#8211; der sogenannte &#8222;Aufw\u00e4rts- und Seitenzug&#8220;. Aufprojektion, d.h. das Auff\u00fcllen des fehlenden Volumens. Ein Vektor ist ein geometrisches Objekt, das durch L\u00e4nge, Richtung und Ausrichtung bestimmt wird. Wir k\u00f6nnen sie uns als ein orientiertes Liniensegment t vorstellen. j. eine Linie, auf der die Start- und Endpunkte markiert sind. Das Verfahren wird mit atraumatischen Mikrokan\u00fclen durchgef\u00fchrt, die in der \u00e4sthetischen Medizin relativ neu sind. Ihre Verwendung hat sich vor etwa 2 Jahren durchgesetzt.\n\nDie Praxis hat gezeigt, dass die Verwendung von Kan\u00fclen das Gewebe weniger traumatisiert, das Risiko von Bluterg\u00fcssen verringert und den Patientenkomfort w\u00e4hrend des Eingriffs erh\u00f6ht.\n\n\n\t<div id=\"objednavka\" style=\"text-align:center; margin:20px auto; border:2px solid grey; padding-top:20px;\">\n<h3>Ich m\u00f6chte bestellen<\/h3>\n\n<div class=\"wpcf7 no-js\" id=\"wpcf7-f6268-o1\" lang=\"de-DE\" dir=\"ltr\">\n<div class=\"screen-reader-response\"><p role=\"status\" aria-live=\"polite\" aria-atomic=\"true\"><\/p> <ul><\/ul><\/div>\n<form action=\"\/de\/wp-json\/wp\/v2\/pages\/5882#wpcf7-f6268-o1\" method=\"post\" class=\"wpcf7-form init wpcf7-acceptance-as-validation\" aria-label=\"Kontaktformular\" novalidate=\"novalidate\" data-status=\"init\">\n<div style=\"display: none;\">\n<input type=\"hidden\" name=\"_wpcf7\" value=\"6268\" \/>\n<input type=\"hidden\" name=\"_wpcf7_version\" value=\"5.9.8\" \/>\n<input type=\"hidden\" name=\"_wpcf7_locale\" value=\"de_DE\" \/>\n<input type=\"hidden\" name=\"_wpcf7_unit_tag\" value=\"wpcf7-f6268-o1\" \/>\n<input type=\"hidden\" name=\"_wpcf7_container_post\" value=\"0\" \/>\n<input type=\"hidden\" name=\"_wpcf7_posted_data_hash\" value=\"\" \/>\n<input type=\"hidden\" name=\"_wpcf7_recaptcha_response\" value=\"\" \/>\n<\/div>\n<div class=\"big-form\">\n\t<div class=\"l-part\">\n\t\t<p><label><span class=\"p\">Ihr Name<\/span><span class=\"wpcf7-form-control-wrap\" data-name=\"Ihr-Name-Platzhalter\"><input size=\"40\" maxlength=\"400\" class=\"wpcf7-form-control wpcf7-text wpcf7-validates-as-required\" aria-required=\"true\" aria-invalid=\"false\" value=\"Ihr Name\" type=\"text\" name=\"Ihr-Name-Platzhalter\" \/><\/span><\/label>\n\t\t<\/p>\n\t\t<p><label><br \/>\n<span class=\"p\">Ihre E-Mail*<\/span><br \/>\n<span class=\"wpcf7-form-control-wrap\" data-name=\"ihre-email\"><input size=\"40\" maxlength=\"400\" class=\"wpcf7-form-control wpcf7-text wpcf7-validates-as-required\" aria-required=\"true\" aria-invalid=\"false\" value=\"Ihre E-Mail*\" type=\"text\" name=\"ihre-email\" \/><\/span><br \/>\n<\/label>\n\t\t<\/p>\n\t\t<p><label><br \/>\n<span class=\"p\">Telefon<\/span><br \/>\n<span class=\"wpcf7-form-control-wrap\" data-name=\"ihr-telefon\"><input size=\"40\" maxlength=\"400\" class=\"wpcf7-form-control wpcf7-tel wpcf7-validates-as-required wpcf7-text wpcf7-validates-as-tel\" aria-required=\"true\" aria-invalid=\"false\" value=\"Telefon\" type=\"tel\" name=\"ihr-telefon\" \/><\/span><br \/>\n<\/label>\n\t\t<\/p>\n\t<\/div>\n\t<div class=\"r-part\">\n\t\t<p><label><br \/>\n<span class=\"p\">Adressierung<\/span><br \/>\n<span class=\"wpcf7-form-control-wrap\" data-name=\"your-oslovenie\"><select class=\"wpcf7-form-control wpcf7-select\" aria-invalid=\"false\" name=\"your-oslovenie\"><option value=\"\">W\u00e4hlen Sie eine Adresse<\/option><option value=\"Frau\">Frau<\/option><option value=\"Frau\">Frau<\/option><option value=\"Herr\">Herr<\/option><\/select><\/span><br \/>\n<\/label>\n\t\t<\/p>\n\t\t<p><label><br \/>\n<span class=\"p\">Schreiben Sie hier, womit wir Ihnen helfen k\u00f6nnen<\/span><br \/>\n<span class=\"wpcf7-form-control-wrap\" data-name=\"your-message\"><textarea cols=\"40\" rows=\"10\" maxlength=\"2000\" class=\"wpcf7-form-control wpcf7-textarea\" aria-invalid=\"false\" placeholder=\"Schreiben Sie hier, womit wir Ihnen helfen k\u00f6nnen\" name=\"your-message\"><\/textarea><\/span><br \/>\n<\/label>\n\t\t<\/p>\n\t<\/div>\n\t<div class=\"bottom\">\n\t\t<div class=\"note\">\n\t\t\t<div class=\"akceptacia\">\n\t\t\t\t<p><span class=\"wpcf7-form-control-wrap\" data-name=\"acceptance-156\"><span class=\"wpcf7-form-control wpcf7-acceptance\"><span class=\"wpcf7-list-item\"><input type=\"checkbox\" name=\"acceptance-156\" value=\"1\" aria-invalid=\"false\" \/><\/span><\/span><\/span><span class=\"akceptujem\">* Ich habe <a href=\"https:\/\/esthetic.sk\/ochrana-osobnych-udajov\/\" target=\"_blank\">hier \u00fcber die Verarbeitung personenbezogener Daten<\/a> gelesen.<\/span>\n\t\t\t\t<\/p>\n\t\t\t<\/div>\n\t\t<\/div>\n\t\t<p><span id=\"wpcf7-69f1c425a889b-wrapper\" class=\"wpcf7-form-control-wrap email-23-wrap\" style=\"display:none !important; visibility:hidden !important;\"><label for=\"wpcf7-69f1c425a889b-field\" class=\"hp-message\">Bitte lasse dieses Feld leer.<\/label><input id=\"wpcf7-69f1c425a889b-field\"  class=\"wpcf7-form-control wpcf7-text\" type=\"text\" name=\"email-23\" value=\"\" size=\"40\" tabindex=\"-1\" autocomplete=\"new-password\" \/><\/span><br \/>\n<input class=\"wpcf7-form-control wpcf7-submit has-spinner\" type=\"submit\" value=\"Senden an\" \/>\n\t\t<\/p>\n\t<\/div>\n<\/div><p style=\"display: none !important;\" class=\"akismet-fields-container\" data-prefix=\"_wpcf7_ak_\"><label>&#916;<textarea name=\"_wpcf7_ak_hp_textarea\" cols=\"45\" rows=\"8\" maxlength=\"100\"><\/textarea><\/label><input type=\"hidden\" id=\"ak_js_1\" name=\"_wpcf7_ak_js\" value=\"102\"\/><script>document.getElementById( \"ak_js_1\" ).setAttribute( \"value\", ( new Date() ).getTime() );<\/script><\/p><input type='hidden' class='wpcf7-pum' value='{\"closepopup\":false,\"closedelay\":0,\"openpopup\":false,\"openpopup_id\":0}' \/><div class=\"wpcf7-response-output\" aria-hidden=\"true\"><\/div>\n<\/form>\n<\/div>\n\n<\/div>","protected":false},"excerpt":{"rendered":"Grundlegende Informationen Abnahme der Gesichtskonturen Wiederauff\u00fcllung des verlorenen Volumens Anheben der Mundwinkel Gesichtsharmonisierung Verbesserung der sogenannten. Seitenprofil &nbsp; Anwendung Mit einer Nadel oder Kan\u00fcle bringt der Arzt unter \u00f6rtlicher Bet\u00e4ubung vorsichtig eine ausreichende Menge vernetzter Hyalurons\u00e4ure tief in das Unterhautgewebe ein, wodurch die Gesichtskonturen angehoben und Falten gegl\u00e4ttet werden. Das Gesicht erh\u00e4lt einen harmonischeren Ausdruck.","protected":false},"author":1,"featured_media":5526,"parent":5718,"menu_order":10,"comment_status":"closed","ping_status":"closed","template":"","meta":{"inline_featured_image":false,"footnotes":""},"class_list":["post-5882","page","type-page","status-publish","has-post-thumbnail","hentry"],"yoast_head":"<!-- This site is optimized with the Yoast SEO plugin v23.7 - https:\/\/yoast.com\/wordpress\/plugins\/seo\/ -->\n<title>| Esthetic Bratislava<\/title>\n<meta name=\"description\" content=\"3D-Vectoring-Lifting - eine Methode, bei der HA-S\u00e4ure verwendet wird, um verlorenes Gesichtsvolumen wieder aufzuf\u00fcllen, die Mundwinkel anzuheben oder das seitliche Profil zu harmonisieren.\" \/>\n<meta name=\"robots\" content=\"index, follow, max-snippet:-1, max-image-preview:large, max-video-preview:-1\" \/>\n<link rel=\"canonical\" href=\"https:\/\/esthetic.sk\/de\/aesthetische-dermatologie\/gesicht\/3d-vectoring-heben-volumenauffuellung\/\" \/>\n<meta property=\"og:locale\" content=\"de_DE\" \/>\n<meta property=\"og:type\" content=\"article\" \/>\n<meta property=\"og:title\" content=\"| Esthetic Bratislava\" \/>\n<meta property=\"og:description\" content=\"3D-Vectoring-Lifting - eine Methode, bei der HA-S\u00e4ure verwendet wird, um verlorenes Gesichtsvolumen wieder aufzuf\u00fcllen, die Mundwinkel anzuheben oder das seitliche Profil zu harmonisieren.\" \/>\n<meta property=\"og:url\" content=\"https:\/\/esthetic.sk\/de\/aesthetische-dermatologie\/gesicht\/3d-vectoring-heben-volumenauffuellung\/\" \/>\n<meta property=\"og:site_name\" content=\"Esthetic Bratislava\" \/>\n<meta property=\"article:publisher\" content=\"https:\/\/www.facebook.com\/Klinikaesthetic\" \/>\n<meta property=\"article:modified_time\" content=\"2025-02-11T19:45:37+00:00\" \/>\n<meta property=\"og:image\" content=\"https:\/\/esthetic.sk\/wp-content\/uploads\/2019\/02\/big11.jpg\" \/>\n\t<meta property=\"og:image:width\" content=\"1920\" \/>\n\t<meta property=\"og:image:height\" content=\"1080\" \/>\n\t<meta property=\"og:image:type\" content=\"image\/jpeg\" \/>\n<meta name=\"twitter:card\" content=\"summary_large_image\" \/>\n<meta name=\"twitter:label1\" content=\"Gesch\u00e4tzte Lesezeit\" \/>\n\t<meta name=\"twitter:data1\" content=\"2\u00a0Minuten\" \/>\n<script type=\"application\/ld+json\" class=\"yoast-schema-graph\">{\"@context\":\"https:\/\/schema.org\",\"@graph\":[{\"@type\":\"WebPage\",\"@id\":\"https:\/\/esthetic.sk\/de\/aesthetische-dermatologie\/gesicht\/3d-vectoring-heben-volumenauffuellung\/\",\"url\":\"https:\/\/esthetic.sk\/de\/aesthetische-dermatologie\/gesicht\/3d-vectoring-heben-volumenauffuellung\/\",\"name\":\"| Esthetic Bratislava\",\"isPartOf\":{\"@id\":\"https:\/\/esthetic.sk\/#website\"},\"primaryImageOfPage\":{\"@id\":\"https:\/\/esthetic.sk\/de\/aesthetische-dermatologie\/gesicht\/3d-vectoring-heben-volumenauffuellung\/#primaryimage\"},\"image\":{\"@id\":\"https:\/\/esthetic.sk\/de\/aesthetische-dermatologie\/gesicht\/3d-vectoring-heben-volumenauffuellung\/#primaryimage\"},\"thumbnailUrl\":\"https:\/\/esthetic.sk\/wp-content\/uploads\/2019\/02\/big11.jpg\",\"datePublished\":\"2024-04-16T18:27:49+00:00\",\"dateModified\":\"2025-02-11T19:45:37+00:00\",\"description\":\"3D-Vectoring-Lifting - eine Methode, bei der HA-S\u00e4ure verwendet wird, um verlorenes Gesichtsvolumen wieder aufzuf\u00fcllen, die Mundwinkel anzuheben oder das seitliche Profil zu harmonisieren.\",\"breadcrumb\":{\"@id\":\"https:\/\/esthetic.sk\/de\/aesthetische-dermatologie\/gesicht\/3d-vectoring-heben-volumenauffuellung\/#breadcrumb\"},\"inLanguage\":\"de\",\"potentialAction\":[{\"@type\":\"ReadAction\",\"target\":[\"https:\/\/esthetic.sk\/de\/aesthetische-dermatologie\/gesicht\/3d-vectoring-heben-volumenauffuellung\/\"]}]},{\"@type\":\"ImageObject\",\"inLanguage\":\"de\",\"@id\":\"https:\/\/esthetic.sk\/de\/aesthetische-dermatologie\/gesicht\/3d-vectoring-heben-volumenauffuellung\/#primaryimage\",\"url\":\"https:\/\/esthetic.sk\/wp-content\/uploads\/2019\/02\/big11.jpg\",\"contentUrl\":\"https:\/\/esthetic.sk\/wp-content\/uploads\/2019\/02\/big11.jpg\",\"width\":1920,\"height\":1080},{\"@type\":\"BreadcrumbList\",\"@id\":\"https:\/\/esthetic.sk\/de\/aesthetische-dermatologie\/gesicht\/3d-vectoring-heben-volumenauffuellung\/#breadcrumb\",\"itemListElement\":[{\"@type\":\"ListItem\",\"position\":1,\"name\":\"Home\",\"item\":\"https:\/\/esthetic.sk\/\"},{\"@type\":\"ListItem\",\"position\":2,\"name\":\"\u00c4sthetische Dermatologie\",\"item\":\"https:\/\/esthetic.sk\/de\/aesthetische-dermatologie\/\"},{\"@type\":\"ListItem\",\"position\":3,\"name\":\"Gesicht\",\"item\":\"https:\/\/esthetic.sk\/aesthetische-dermatologie\/gesicht\/\"},{\"@type\":\"ListItem\",\"position\":4,\"name\":\"3D Vectoring Heben | Volumenauff\u00fcllung\"}]},{\"@type\":\"WebSite\",\"@id\":\"https:\/\/esthetic.sk\/#website\",\"url\":\"https:\/\/esthetic.sk\/\",\"name\":\"Esthetic Bratislava\",\"description\":\"R\u00fdchla cesta k dokonal\u00e9mu vz\u013eadu\",\"publisher\":{\"@id\":\"https:\/\/esthetic.sk\/#organization\"},\"potentialAction\":[{\"@type\":\"SearchAction\",\"target\":{\"@type\":\"EntryPoint\",\"urlTemplate\":\"https:\/\/esthetic.sk\/?s={search_term_string}\"},\"query-input\":{\"@type\":\"PropertyValueSpecification\",\"valueRequired\":true,\"valueName\":\"search_term_string\"}}],\"inLanguage\":\"de\"},{\"@type\":\"Organization\",\"@id\":\"https:\/\/esthetic.sk\/#organization\",\"name\":\"Esthetic .s.r.o.\",\"url\":\"https:\/\/esthetic.sk\/\",\"logo\":{\"@type\":\"ImageObject\",\"inLanguage\":\"de\",\"@id\":\"https:\/\/esthetic.sk\/#\/schema\/logo\/image\/\",\"url\":\"https:\/\/esthetic.sk\/wp-content\/uploads\/2019\/02\/logo-1.svg\",\"contentUrl\":\"https:\/\/esthetic.sk\/wp-content\/uploads\/2019\/02\/logo-1.svg\",\"width\":1,\"height\":1,\"caption\":\"Esthetic .s.r.o.\"},\"image\":{\"@id\":\"https:\/\/esthetic.sk\/#\/schema\/logo\/image\/\"},\"sameAs\":[\"https:\/\/www.facebook.com\/Klinikaesthetic\",\"https:\/\/www.instagram.com\/klinikaesthetic\/\",\"https:\/\/www.youtube.com\/channel\/UC8AgtXNjHpne8qWdj9szu1A\"]}]}<\/script>\n<!-- \/ Yoast SEO plugin. -->","yoast_head_json":{"title":"| Esthetic Bratislava","description":"3D-Vectoring-Lifting - eine Methode, bei der HA-S\u00e4ure verwendet wird, um verlorenes Gesichtsvolumen wieder aufzuf\u00fcllen, die Mundwinkel anzuheben oder das seitliche Profil zu harmonisieren.","robots":{"index":"index","follow":"follow","max-snippet":"max-snippet:-1","max-image-preview":"max-image-preview:large","max-video-preview":"max-video-preview:-1"},"canonical":"https:\/\/esthetic.sk\/de\/aesthetische-dermatologie\/gesicht\/3d-vectoring-heben-volumenauffuellung\/","og_locale":"de_DE","og_type":"article","og_title":"| Esthetic Bratislava","og_description":"3D-Vectoring-Lifting - eine Methode, bei der HA-S\u00e4ure verwendet wird, um verlorenes Gesichtsvolumen wieder aufzuf\u00fcllen, die Mundwinkel anzuheben oder das seitliche Profil zu harmonisieren.","og_url":"https:\/\/esthetic.sk\/de\/aesthetische-dermatologie\/gesicht\/3d-vectoring-heben-volumenauffuellung\/","og_site_name":"Esthetic Bratislava","article_publisher":"https:\/\/www.facebook.com\/Klinikaesthetic","article_modified_time":"2025-02-11T19:45:37+00:00","og_image":[{"width":1920,"height":1080,"url":"https:\/\/esthetic.sk\/wp-content\/uploads\/2019\/02\/big11.jpg","type":"image\/jpeg"}],"twitter_card":"summary_large_image","twitter_misc":{"Gesch\u00e4tzte Lesezeit":"2\u00a0Minuten"},"schema":{"@context":"https:\/\/schema.org","@graph":[{"@type":"WebPage","@id":"https:\/\/esthetic.sk\/de\/aesthetische-dermatologie\/gesicht\/3d-vectoring-heben-volumenauffuellung\/","url":"https:\/\/esthetic.sk\/de\/aesthetische-dermatologie\/gesicht\/3d-vectoring-heben-volumenauffuellung\/","name":"| Esthetic Bratislava","isPartOf":{"@id":"https:\/\/esthetic.sk\/#website"},"primaryImageOfPage":{"@id":"https:\/\/esthetic.sk\/de\/aesthetische-dermatologie\/gesicht\/3d-vectoring-heben-volumenauffuellung\/#primaryimage"},"image":{"@id":"https:\/\/esthetic.sk\/de\/aesthetische-dermatologie\/gesicht\/3d-vectoring-heben-volumenauffuellung\/#primaryimage"},"thumbnailUrl":"https:\/\/esthetic.sk\/wp-content\/uploads\/2019\/02\/big11.jpg","datePublished":"2024-04-16T18:27:49+00:00","dateModified":"2025-02-11T19:45:37+00:00","description":"3D-Vectoring-Lifting - eine Methode, bei der HA-S\u00e4ure verwendet wird, um verlorenes Gesichtsvolumen wieder aufzuf\u00fcllen, die Mundwinkel anzuheben oder das seitliche Profil zu harmonisieren.","breadcrumb":{"@id":"https:\/\/esthetic.sk\/de\/aesthetische-dermatologie\/gesicht\/3d-vectoring-heben-volumenauffuellung\/#breadcrumb"},"inLanguage":"de","potentialAction":[{"@type":"ReadAction","target":["https:\/\/esthetic.sk\/de\/aesthetische-dermatologie\/gesicht\/3d-vectoring-heben-volumenauffuellung\/"]}]},{"@type":"ImageObject","inLanguage":"de","@id":"https:\/\/esthetic.sk\/de\/aesthetische-dermatologie\/gesicht\/3d-vectoring-heben-volumenauffuellung\/#primaryimage","url":"https:\/\/esthetic.sk\/wp-content\/uploads\/2019\/02\/big11.jpg","contentUrl":"https:\/\/esthetic.sk\/wp-content\/uploads\/2019\/02\/big11.jpg","width":1920,"height":1080},{"@type":"BreadcrumbList","@id":"https:\/\/esthetic.sk\/de\/aesthetische-dermatologie\/gesicht\/3d-vectoring-heben-volumenauffuellung\/#breadcrumb","itemListElement":[{"@type":"ListItem","position":1,"name":"Home","item":"https:\/\/esthetic.sk\/"},{"@type":"ListItem","position":2,"name":"\u00c4sthetische Dermatologie","item":"https:\/\/esthetic.sk\/de\/aesthetische-dermatologie\/"},{"@type":"ListItem","position":3,"name":"Gesicht","item":"https:\/\/esthetic.sk\/aesthetische-dermatologie\/gesicht\/"},{"@type":"ListItem","position":4,"name":"3D Vectoring Heben | Volumenauff\u00fcllung"}]},{"@type":"WebSite","@id":"https:\/\/esthetic.sk\/#website","url":"https:\/\/esthetic.sk\/","name":"Esthetic Bratislava","description":"R\u00fdchla cesta k dokonal\u00e9mu vz\u013eadu","publisher":{"@id":"https:\/\/esthetic.sk\/#organization"},"potentialAction":[{"@type":"SearchAction","target":{"@type":"EntryPoint","urlTemplate":"https:\/\/esthetic.sk\/?s={search_term_string}"},"query-input":{"@type":"PropertyValueSpecification","valueRequired":true,"valueName":"search_term_string"}}],"inLanguage":"de"},{"@type":"Organization","@id":"https:\/\/esthetic.sk\/#organization","name":"Esthetic .s.r.o.","url":"https:\/\/esthetic.sk\/","logo":{"@type":"ImageObject","inLanguage":"de","@id":"https:\/\/esthetic.sk\/#\/schema\/logo\/image\/","url":"https:\/\/esthetic.sk\/wp-content\/uploads\/2019\/02\/logo-1.svg","contentUrl":"https:\/\/esthetic.sk\/wp-content\/uploads\/2019\/02\/logo-1.svg","width":1,"height":1,"caption":"Esthetic .s.r.o."},"image":{"@id":"https:\/\/esthetic.sk\/#\/schema\/logo\/image\/"},"sameAs":["https:\/\/www.facebook.com\/Klinikaesthetic","https:\/\/www.instagram.com\/klinikaesthetic\/","https:\/\/www.youtube.com\/channel\/UC8AgtXNjHpne8qWdj9szu1A"]}]}},"_links":{"self":[{"href":"https:\/\/esthetic.sk\/de\/wp-json\/wp\/v2\/pages\/5882"}],"collection":[{"href":"https:\/\/esthetic.sk\/de\/wp-json\/wp\/v2\/pages"}],"about":[{"href":"https:\/\/esthetic.sk\/de\/wp-json\/wp\/v2\/types\/page"}],"author":[{"embeddable":true,"href":"https:\/\/esthetic.sk\/de\/wp-json\/wp\/v2\/users\/1"}],"replies":[{"embeddable":true,"href":"https:\/\/esthetic.sk\/de\/wp-json\/wp\/v2\/comments?post=5882"}],"version-history":[{"count":1,"href":"https:\/\/esthetic.sk\/de\/wp-json\/wp\/v2\/pages\/5882\/revisions"}],"predecessor-version":[{"id":7735,"href":"https:\/\/esthetic.sk\/de\/wp-json\/wp\/v2\/pages\/5882\/revisions\/7735"}],"up":[{"embeddable":true,"href":"https:\/\/esthetic.sk\/de\/wp-json\/wp\/v2\/pages\/5718"}],"wp:featuredmedia":[{"embeddable":true,"href":"https:\/\/esthetic.sk\/de\/wp-json\/wp\/v2\/media\/5526"}],"wp:attachment":[{"href":"https:\/\/esthetic.sk\/de\/wp-json\/wp\/v2\/media?parent=5882"}],"curies":[{"name":"wp","href":"https:\/\/api.w.org\/{rel}","templated":true}]}}