{"id":5875,"date":"2024-04-16T20:27:45","date_gmt":"2024-04-16T18:27:45","guid":{"rendered":"https:\/\/esthetic.sk\/aesthetische-dermatologie\/gesicht\/nofretete-heben\/"},"modified":"2024-04-16T20:27:45","modified_gmt":"2024-04-16T18:27:45","slug":"nofretete-heben","status":"publish","type":"page","link":"https:\/\/esthetic.sk\/de\/aesthetische-dermatologie\/gesicht\/nofretete-heben\/","title":{"rendered":"Nofretete heben"},"content":{"rendered":"<h2>Grundlegende Informationen<\/h2>\n<ul>\n \t<li>schlaffe Gesichtsz\u00fcge<\/li>\n \t<li>Abgefallene Mundwinkel<\/li>\n \t<li>Erschlaffte Haut unter dem Kinn und am Hals<\/li>\n \t<li>gefallene Stirn<\/li>\n \t<li>schwere Augenlider<\/li>\n<\/ul>\n<h2>Anwendung<\/h2>\n<a href=\"https:\/\/esthetic.sk\/blog\/botulotoxin-v-dermatologii-zazracny-liek-alebo-jed\/\">Botulinumtoxin<\/a> wird mit einer feinen Nadel mit mehreren Einstichen in den Muskel injiziert, die die Muskeln, die die Gesichtsz\u00fcge nach unten ziehen, entspannen. So gewinnen die Muskeln, die die entgegengesetzte Funktion haben, die Oberhand. Das Ergebnis sind<span style=\"font-size: 1rem;\"> angehobene Mundwinkel, abgeflachte Falten \u00fcber der Oberlippe, am Kinn, am Hals und gestraffte Gesichtskonturen.<\/span>\n<h2>Dauer des Verfahrens<\/h2>\nDer Eingriff ist schmerzlos und dauert nur wenige Minuten. Die ersten Ergebnisse sind 3-4 Tage nach der Anwendung sichtbar, die maximale Wirkung tritt innerhalb von 14 Tagen ein und h\u00e4lt 3-6 Monate an, am Hals bis zu 9 Monate.\n<h2>Risiken<\/h2>\n<ul>\n \t<li>H\u00e4matom<\/li>\n<\/ul>\n&nbsp;","protected":false},"excerpt":{"rendered":"Grundlegende Informationen schlaffe Gesichtsz\u00fcge Abgefallene Mundwinkel Erschlaffte Haut unter dem Kinn und am Hals gefallene Stirn schwere Augenlider Anwendung Botulinumtoxin wird mit einer feinen Nadel mit mehreren Einstichen in den Muskel injiziert, die die Muskeln, die die Gesichtsz\u00fcge nach unten ziehen, entspannen. So gewinnen die Muskeln, die die entgegengesetzte Funktion haben, die Oberhand. Das Ergebnis","protected":false},"author":1,"featured_media":5513,"parent":5718,"menu_order":11,"comment_status":"closed","ping_status":"closed","template":"","meta":{"inline_featured_image":false,"footnotes":""},"class_list":["post-5875","page","type-page","status-publish","has-post-thumbnail","hentry"],"yoast_head":"<!-- This site is optimized with the Yoast SEO plugin v23.7 - https:\/\/yoast.com\/wordpress\/plugins\/seo\/ -->\n<title>Nofretete heben | Harmonisierung der unteren | Esthetic Bratislava<\/title>\n<meta name=\"description\" content=\"Das Nefertiti-Lifting ist eine Methode, bei der Botulinumtoxin in den unteren Gesichts- und Halsbereich injiziert wird, um die Gesichtsz\u00fcge zu harmonisieren.\" \/>\n<meta name=\"robots\" content=\"index, follow, max-snippet:-1, max-image-preview:large, max-video-preview:-1\" \/>\n<link rel=\"canonical\" href=\"https:\/\/esthetic.sk\/de\/aesthetische-dermatologie\/gesicht\/nofretete-heben\/\" \/>\n<meta property=\"og:locale\" content=\"de_DE\" \/>\n<meta property=\"og:type\" content=\"article\" \/>\n<meta property=\"og:title\" content=\"Nofretete heben | Harmonisierung der unteren | Esthetic Bratislava\" \/>\n<meta property=\"og:description\" content=\"Das Nefertiti-Lifting ist eine Methode, bei der Botulinumtoxin in den unteren Gesichts- und Halsbereich injiziert wird, um die Gesichtsz\u00fcge zu harmonisieren.\" \/>\n<meta property=\"og:url\" content=\"https:\/\/esthetic.sk\/de\/aesthetische-dermatologie\/gesicht\/nofretete-heben\/\" \/>\n<meta property=\"og:site_name\" content=\"Esthetic Bratislava\" \/>\n<meta property=\"article:publisher\" content=\"https:\/\/www.facebook.com\/Klinikaesthetic\" \/>\n<meta property=\"og:image\" content=\"https:\/\/esthetic.sk\/wp-content\/uploads\/2019\/02\/big4.jpg\" \/>\n\t<meta property=\"og:image:width\" content=\"1920\" \/>\n\t<meta property=\"og:image:height\" content=\"1080\" \/>\n\t<meta property=\"og:image:type\" content=\"image\/jpeg\" \/>\n<meta name=\"twitter:card\" content=\"summary_large_image\" \/>\n<meta name=\"twitter:label1\" content=\"Gesch\u00e4tzte Lesezeit\" \/>\n\t<meta name=\"twitter:data1\" content=\"1\u00a0Minute\" \/>\n<script type=\"application\/ld+json\" class=\"yoast-schema-graph\">{\"@context\":\"https:\/\/schema.org\",\"@graph\":[{\"@type\":\"WebPage\",\"@id\":\"https:\/\/esthetic.sk\/de\/aesthetische-dermatologie\/gesicht\/nofretete-heben\/\",\"url\":\"https:\/\/esthetic.sk\/de\/aesthetische-dermatologie\/gesicht\/nofretete-heben\/\",\"name\":\"Nofretete heben | Harmonisierung der unteren | Esthetic Bratislava\",\"isPartOf\":{\"@id\":\"https:\/\/esthetic.sk\/#website\"},\"primaryImageOfPage\":{\"@id\":\"https:\/\/esthetic.sk\/de\/aesthetische-dermatologie\/gesicht\/nofretete-heben\/#primaryimage\"},\"image\":{\"@id\":\"https:\/\/esthetic.sk\/de\/aesthetische-dermatologie\/gesicht\/nofretete-heben\/#primaryimage\"},\"thumbnailUrl\":\"https:\/\/esthetic.sk\/wp-content\/uploads\/2019\/02\/big4.jpg\",\"datePublished\":\"2024-04-16T18:27:45+00:00\",\"dateModified\":\"2024-04-16T18:27:45+00:00\",\"description\":\"Das Nefertiti-Lifting ist eine Methode, bei der Botulinumtoxin in den unteren Gesichts- und Halsbereich injiziert wird, um die Gesichtsz\u00fcge zu harmonisieren.\",\"breadcrumb\":{\"@id\":\"https:\/\/esthetic.sk\/de\/aesthetische-dermatologie\/gesicht\/nofretete-heben\/#breadcrumb\"},\"inLanguage\":\"de\",\"potentialAction\":[{\"@type\":\"ReadAction\",\"target\":[\"https:\/\/esthetic.sk\/de\/aesthetische-dermatologie\/gesicht\/nofretete-heben\/\"]}]},{\"@type\":\"ImageObject\",\"inLanguage\":\"de\",\"@id\":\"https:\/\/esthetic.sk\/de\/aesthetische-dermatologie\/gesicht\/nofretete-heben\/#primaryimage\",\"url\":\"https:\/\/esthetic.sk\/wp-content\/uploads\/2019\/02\/big4.jpg\",\"contentUrl\":\"https:\/\/esthetic.sk\/wp-content\/uploads\/2019\/02\/big4.jpg\",\"width\":1920,\"height\":1080},{\"@type\":\"BreadcrumbList\",\"@id\":\"https:\/\/esthetic.sk\/de\/aesthetische-dermatologie\/gesicht\/nofretete-heben\/#breadcrumb\",\"itemListElement\":[{\"@type\":\"ListItem\",\"position\":1,\"name\":\"Home\",\"item\":\"https:\/\/esthetic.sk\/\"},{\"@type\":\"ListItem\",\"position\":2,\"name\":\"\u00c4sthetische Dermatologie\",\"item\":\"https:\/\/esthetic.sk\/de\/aesthetische-dermatologie\/\"},{\"@type\":\"ListItem\",\"position\":3,\"name\":\"Gesicht\",\"item\":\"https:\/\/esthetic.sk\/aesthetische-dermatologie\/gesicht\/\"},{\"@type\":\"ListItem\",\"position\":4,\"name\":\"Nofretete heben\"}]},{\"@type\":\"WebSite\",\"@id\":\"https:\/\/esthetic.sk\/#website\",\"url\":\"https:\/\/esthetic.sk\/\",\"name\":\"Esthetic Bratislava\",\"description\":\"R\u00fdchla cesta k dokonal\u00e9mu vz\u013eadu\",\"publisher\":{\"@id\":\"https:\/\/esthetic.sk\/#organization\"},\"potentialAction\":[{\"@type\":\"SearchAction\",\"target\":{\"@type\":\"EntryPoint\",\"urlTemplate\":\"https:\/\/esthetic.sk\/?s={search_term_string}\"},\"query-input\":{\"@type\":\"PropertyValueSpecification\",\"valueRequired\":true,\"valueName\":\"search_term_string\"}}],\"inLanguage\":\"de\"},{\"@type\":\"Organization\",\"@id\":\"https:\/\/esthetic.sk\/#organization\",\"name\":\"Esthetic .s.r.o.\",\"url\":\"https:\/\/esthetic.sk\/\",\"logo\":{\"@type\":\"ImageObject\",\"inLanguage\":\"de\",\"@id\":\"https:\/\/esthetic.sk\/#\/schema\/logo\/image\/\",\"url\":\"https:\/\/esthetic.sk\/wp-content\/uploads\/2019\/02\/logo-1.svg\",\"contentUrl\":\"https:\/\/esthetic.sk\/wp-content\/uploads\/2019\/02\/logo-1.svg\",\"width\":1,\"height\":1,\"caption\":\"Esthetic .s.r.o.\"},\"image\":{\"@id\":\"https:\/\/esthetic.sk\/#\/schema\/logo\/image\/\"},\"sameAs\":[\"https:\/\/www.facebook.com\/Klinikaesthetic\",\"https:\/\/www.instagram.com\/klinikaesthetic\/\",\"https:\/\/www.youtube.com\/channel\/UC8AgtXNjHpne8qWdj9szu1A\"]}]}<\/script>\n<!-- \/ Yoast SEO plugin. -->","yoast_head_json":{"title":"Nofretete heben | Harmonisierung der unteren | Esthetic Bratislava","description":"Das Nefertiti-Lifting ist eine Methode, bei der Botulinumtoxin in den unteren Gesichts- und Halsbereich injiziert wird, um die Gesichtsz\u00fcge zu harmonisieren.","robots":{"index":"index","follow":"follow","max-snippet":"max-snippet:-1","max-image-preview":"max-image-preview:large","max-video-preview":"max-video-preview:-1"},"canonical":"https:\/\/esthetic.sk\/de\/aesthetische-dermatologie\/gesicht\/nofretete-heben\/","og_locale":"de_DE","og_type":"article","og_title":"Nofretete heben | Harmonisierung der unteren | Esthetic Bratislava","og_description":"Das Nefertiti-Lifting ist eine Methode, bei der Botulinumtoxin in den unteren Gesichts- und Halsbereich injiziert wird, um die Gesichtsz\u00fcge zu harmonisieren.","og_url":"https:\/\/esthetic.sk\/de\/aesthetische-dermatologie\/gesicht\/nofretete-heben\/","og_site_name":"Esthetic Bratislava","article_publisher":"https:\/\/www.facebook.com\/Klinikaesthetic","og_image":[{"width":1920,"height":1080,"url":"https:\/\/esthetic.sk\/wp-content\/uploads\/2019\/02\/big4.jpg","type":"image\/jpeg"}],"twitter_card":"summary_large_image","twitter_misc":{"Gesch\u00e4tzte Lesezeit":"1\u00a0Minute"},"schema":{"@context":"https:\/\/schema.org","@graph":[{"@type":"WebPage","@id":"https:\/\/esthetic.sk\/de\/aesthetische-dermatologie\/gesicht\/nofretete-heben\/","url":"https:\/\/esthetic.sk\/de\/aesthetische-dermatologie\/gesicht\/nofretete-heben\/","name":"Nofretete heben | Harmonisierung der unteren | Esthetic Bratislava","isPartOf":{"@id":"https:\/\/esthetic.sk\/#website"},"primaryImageOfPage":{"@id":"https:\/\/esthetic.sk\/de\/aesthetische-dermatologie\/gesicht\/nofretete-heben\/#primaryimage"},"image":{"@id":"https:\/\/esthetic.sk\/de\/aesthetische-dermatologie\/gesicht\/nofretete-heben\/#primaryimage"},"thumbnailUrl":"https:\/\/esthetic.sk\/wp-content\/uploads\/2019\/02\/big4.jpg","datePublished":"2024-04-16T18:27:45+00:00","dateModified":"2024-04-16T18:27:45+00:00","description":"Das Nefertiti-Lifting ist eine Methode, bei der Botulinumtoxin in den unteren Gesichts- und Halsbereich injiziert wird, um die Gesichtsz\u00fcge zu harmonisieren.","breadcrumb":{"@id":"https:\/\/esthetic.sk\/de\/aesthetische-dermatologie\/gesicht\/nofretete-heben\/#breadcrumb"},"inLanguage":"de","potentialAction":[{"@type":"ReadAction","target":["https:\/\/esthetic.sk\/de\/aesthetische-dermatologie\/gesicht\/nofretete-heben\/"]}]},{"@type":"ImageObject","inLanguage":"de","@id":"https:\/\/esthetic.sk\/de\/aesthetische-dermatologie\/gesicht\/nofretete-heben\/#primaryimage","url":"https:\/\/esthetic.sk\/wp-content\/uploads\/2019\/02\/big4.jpg","contentUrl":"https:\/\/esthetic.sk\/wp-content\/uploads\/2019\/02\/big4.jpg","width":1920,"height":1080},{"@type":"BreadcrumbList","@id":"https:\/\/esthetic.sk\/de\/aesthetische-dermatologie\/gesicht\/nofretete-heben\/#breadcrumb","itemListElement":[{"@type":"ListItem","position":1,"name":"Home","item":"https:\/\/esthetic.sk\/"},{"@type":"ListItem","position":2,"name":"\u00c4sthetische Dermatologie","item":"https:\/\/esthetic.sk\/de\/aesthetische-dermatologie\/"},{"@type":"ListItem","position":3,"name":"Gesicht","item":"https:\/\/esthetic.sk\/aesthetische-dermatologie\/gesicht\/"},{"@type":"ListItem","position":4,"name":"Nofretete heben"}]},{"@type":"WebSite","@id":"https:\/\/esthetic.sk\/#website","url":"https:\/\/esthetic.sk\/","name":"Esthetic Bratislava","description":"R\u00fdchla cesta k dokonal\u00e9mu vz\u013eadu","publisher":{"@id":"https:\/\/esthetic.sk\/#organization"},"potentialAction":[{"@type":"SearchAction","target":{"@type":"EntryPoint","urlTemplate":"https:\/\/esthetic.sk\/?s={search_term_string}"},"query-input":{"@type":"PropertyValueSpecification","valueRequired":true,"valueName":"search_term_string"}}],"inLanguage":"de"},{"@type":"Organization","@id":"https:\/\/esthetic.sk\/#organization","name":"Esthetic .s.r.o.","url":"https:\/\/esthetic.sk\/","logo":{"@type":"ImageObject","inLanguage":"de","@id":"https:\/\/esthetic.sk\/#\/schema\/logo\/image\/","url":"https:\/\/esthetic.sk\/wp-content\/uploads\/2019\/02\/logo-1.svg","contentUrl":"https:\/\/esthetic.sk\/wp-content\/uploads\/2019\/02\/logo-1.svg","width":1,"height":1,"caption":"Esthetic .s.r.o."},"image":{"@id":"https:\/\/esthetic.sk\/#\/schema\/logo\/image\/"},"sameAs":["https:\/\/www.facebook.com\/Klinikaesthetic","https:\/\/www.instagram.com\/klinikaesthetic\/","https:\/\/www.youtube.com\/channel\/UC8AgtXNjHpne8qWdj9szu1A"]}]}},"_links":{"self":[{"href":"https:\/\/esthetic.sk\/de\/wp-json\/wp\/v2\/pages\/5875"}],"collection":[{"href":"https:\/\/esthetic.sk\/de\/wp-json\/wp\/v2\/pages"}],"about":[{"href":"https:\/\/esthetic.sk\/de\/wp-json\/wp\/v2\/types\/page"}],"author":[{"embeddable":true,"href":"https:\/\/esthetic.sk\/de\/wp-json\/wp\/v2\/users\/1"}],"replies":[{"embeddable":true,"href":"https:\/\/esthetic.sk\/de\/wp-json\/wp\/v2\/comments?post=5875"}],"version-history":[{"count":0,"href":"https:\/\/esthetic.sk\/de\/wp-json\/wp\/v2\/pages\/5875\/revisions"}],"up":[{"embeddable":true,"href":"https:\/\/esthetic.sk\/de\/wp-json\/wp\/v2\/pages\/5718"}],"wp:featuredmedia":[{"embeddable":true,"href":"https:\/\/esthetic.sk\/de\/wp-json\/wp\/v2\/media\/5513"}],"wp:attachment":[{"href":"https:\/\/esthetic.sk\/de\/wp-json\/wp\/v2\/media?parent=5875"}],"curies":[{"name":"wp","href":"https:\/\/api.w.org\/{rel}","templated":true}]}}