{"id":5873,"date":"2024-04-16T20:27:44","date_gmt":"2024-04-16T18:27:44","guid":{"rendered":"https:\/\/esthetic.sk\/aesthetische-dermatologie\/gesicht\/vitamin-mesotherapie-fuer-gesicht-und-haut\/"},"modified":"2024-05-03T13:17:12","modified_gmt":"2024-05-03T11:17:12","slug":"vitamin-mesotherapie-fuer-gesicht-und-haut","status":"publish","type":"page","link":"https:\/\/esthetic.sk\/de\/aesthetische-dermatologie\/gesicht\/vitamin-mesotherapie-fuer-gesicht-und-haut\/","title":{"rendered":"Vitamin-Mesotherapie f\u00fcr Gesicht und Haut"},"content":{"rendered":"<h2>Grundlegende Informationen<\/h2>\n<ul>\n \t<li>Hautfeuchtigkeit<\/li>\n \t<li>Blutkreislauf<\/li>\n \t<li>Verbesserung des Hauttons<\/li>\n \t<li>Gl\u00e4ttung von Falten<\/li>\n<\/ul>\n<h2>Anwendung<\/h2>\nW\u00e4hrend des Verfahrens werden HA-S\u00e4ure, Retinol, Thiamin, Riboflavin, Nicotinamid-Dexpanthenol, Pyridoxin, Vitamin C, Vitamin E, Vitamin D, Carnosin, Arninin, Cystin, Histibin, Isoleucin, Leucin, Lysin, Aminos\u00e4uren &#8211; Methionin, Pheninalanin, Tryptophan, Tyrosin und andere Substanzen, die der Biorevitalisierung der Haut dienen, mit Hilfe einer feinen Nadel in die Haut injiziert.\n<h2>Dauer der Mesotherapie<\/h2>\nDer Eingriff wird nach dem Auftragen einer Bet\u00e4ubungscreme durchgef\u00fchrt und dauert etwa 20 Minuten. Die ideale Wirkung wird nach mehreren Wiederholungen (3 Mal hintereinander) erzielt, gefolgt von einer Erhaltungstherapie alle sechs Monate. Nach dem Eingriff empfehlen wir, 12 Stunden lang kein Make-up aufzutragen und eine Woche lang die Sonne, Solarien und Saunen zu meiden.\n<h2>Risiken<\/h2>\n<ul>\n \t<li>H\u00e4matom<\/li>\n \t<li>Entz\u00fcndung am Ort der Anwendung<\/li>\n<\/ul>\nDie vollst\u00e4ndige Preisliste f\u00fcr Mesotherapie und erm\u00e4\u00dfigte Pakete finden Sie auf unserer Website im Abschnitt <a href=\"https:\/\/esthetic.sk\/cennik\/\">PREISLISTE<\/a>.\n\n&nbsp;\n\n&nbsp;","protected":false},"excerpt":{"rendered":"Grundlegende Informationen Hautfeuchtigkeit Blutkreislauf Verbesserung des Hauttons Gl\u00e4ttung von Falten Anwendung W\u00e4hrend des Verfahrens werden HA-S\u00e4ure, Retinol, Thiamin, Riboflavin, Nicotinamid-Dexpanthenol, Pyridoxin, Vitamin C, Vitamin E, Vitamin D, Carnosin, Arninin, Cystin, Histibin, Isoleucin, Leucin, Lysin, Aminos\u00e4uren &#8211; Methionin, Pheninalanin, Tryptophan, Tyrosin und andere Substanzen, die der Biorevitalisierung der Haut dienen, mit Hilfe einer feinen Nadel in","protected":false},"author":1,"featured_media":5526,"parent":5718,"menu_order":8,"comment_status":"closed","ping_status":"closed","template":"","meta":{"inline_featured_image":false,"footnotes":""},"class_list":["post-5873","page","type-page","status-publish","has-post-thumbnail","hentry"],"yoast_head":"<!-- This site is optimized with the Yoast SEO plugin v23.7 - https:\/\/yoast.com\/wordpress\/plugins\/seo\/ -->\n<title>Vitamin-Mesotherapie f\u00fcr Gesicht und Haut | Esthetic Clinic Bratislava<\/title>\n<meta name=\"description\" content=\"Mesotherapie ist die subkutane Anwendung einer Mischung aus Vitaminen, Peptiden, Aminos\u00e4uren und Hyalurons\u00e4ure. Es spendet der Gesichtshaut Feuchtigkeit, f\u00f6rdert die Durchblutung und gl\u00e4ttet feine Linien und Falten.\" \/>\n<meta name=\"robots\" content=\"index, follow, max-snippet:-1, max-image-preview:large, max-video-preview:-1\" \/>\n<link rel=\"canonical\" href=\"https:\/\/esthetic.sk\/de\/aesthetische-dermatologie\/gesicht\/vitamin-mesotherapie-fuer-gesicht-und-haut\/\" \/>\n<meta property=\"og:locale\" content=\"de_DE\" \/>\n<meta property=\"og:type\" content=\"article\" \/>\n<meta property=\"og:title\" content=\"Vitamin-Mesotherapie f\u00fcr Gesicht und Haut | Esthetic Clinic Bratislava\" \/>\n<meta property=\"og:description\" content=\"Mesotherapie ist die subkutane Anwendung einer Mischung aus Vitaminen, Peptiden, Aminos\u00e4uren und Hyalurons\u00e4ure. Es spendet der Gesichtshaut Feuchtigkeit, f\u00f6rdert die Durchblutung und gl\u00e4ttet feine Linien und Falten.\" \/>\n<meta property=\"og:url\" content=\"https:\/\/esthetic.sk\/de\/aesthetische-dermatologie\/gesicht\/vitamin-mesotherapie-fuer-gesicht-und-haut\/\" \/>\n<meta property=\"og:site_name\" content=\"Esthetic Bratislava\" \/>\n<meta property=\"article:publisher\" content=\"https:\/\/www.facebook.com\/Klinikaesthetic\" \/>\n<meta property=\"article:modified_time\" content=\"2024-05-03T11:17:12+00:00\" \/>\n<meta property=\"og:image\" content=\"https:\/\/esthetic.sk\/wp-content\/uploads\/2019\/02\/big11.jpg\" \/>\n\t<meta property=\"og:image:width\" content=\"1920\" \/>\n\t<meta property=\"og:image:height\" content=\"1080\" \/>\n\t<meta property=\"og:image:type\" content=\"image\/jpeg\" \/>\n<meta name=\"twitter:card\" content=\"summary_large_image\" \/>\n<meta name=\"twitter:label1\" content=\"Gesch\u00e4tzte Lesezeit\" \/>\n\t<meta name=\"twitter:data1\" content=\"1\u00a0Minute\" \/>\n<script type=\"application\/ld+json\" class=\"yoast-schema-graph\">{\"@context\":\"https:\/\/schema.org\",\"@graph\":[{\"@type\":\"WebPage\",\"@id\":\"https:\/\/esthetic.sk\/de\/aesthetische-dermatologie\/gesicht\/vitamin-mesotherapie-fuer-gesicht-und-haut\/\",\"url\":\"https:\/\/esthetic.sk\/de\/aesthetische-dermatologie\/gesicht\/vitamin-mesotherapie-fuer-gesicht-und-haut\/\",\"name\":\"Vitamin-Mesotherapie f\u00fcr Gesicht und Haut | Esthetic Clinic Bratislava\",\"isPartOf\":{\"@id\":\"https:\/\/esthetic.sk\/#website\"},\"primaryImageOfPage\":{\"@id\":\"https:\/\/esthetic.sk\/de\/aesthetische-dermatologie\/gesicht\/vitamin-mesotherapie-fuer-gesicht-und-haut\/#primaryimage\"},\"image\":{\"@id\":\"https:\/\/esthetic.sk\/de\/aesthetische-dermatologie\/gesicht\/vitamin-mesotherapie-fuer-gesicht-und-haut\/#primaryimage\"},\"thumbnailUrl\":\"https:\/\/esthetic.sk\/wp-content\/uploads\/2019\/02\/big11.jpg\",\"datePublished\":\"2024-04-16T18:27:44+00:00\",\"dateModified\":\"2024-05-03T11:17:12+00:00\",\"description\":\"Mesotherapie ist die subkutane Anwendung einer Mischung aus Vitaminen, Peptiden, Aminos\u00e4uren und Hyalurons\u00e4ure. Es spendet der Gesichtshaut Feuchtigkeit, f\u00f6rdert die Durchblutung und gl\u00e4ttet feine Linien und Falten.\",\"breadcrumb\":{\"@id\":\"https:\/\/esthetic.sk\/de\/aesthetische-dermatologie\/gesicht\/vitamin-mesotherapie-fuer-gesicht-und-haut\/#breadcrumb\"},\"inLanguage\":\"de\",\"potentialAction\":[{\"@type\":\"ReadAction\",\"target\":[\"https:\/\/esthetic.sk\/de\/aesthetische-dermatologie\/gesicht\/vitamin-mesotherapie-fuer-gesicht-und-haut\/\"]}]},{\"@type\":\"ImageObject\",\"inLanguage\":\"de\",\"@id\":\"https:\/\/esthetic.sk\/de\/aesthetische-dermatologie\/gesicht\/vitamin-mesotherapie-fuer-gesicht-und-haut\/#primaryimage\",\"url\":\"https:\/\/esthetic.sk\/wp-content\/uploads\/2019\/02\/big11.jpg\",\"contentUrl\":\"https:\/\/esthetic.sk\/wp-content\/uploads\/2019\/02\/big11.jpg\",\"width\":1920,\"height\":1080},{\"@type\":\"BreadcrumbList\",\"@id\":\"https:\/\/esthetic.sk\/de\/aesthetische-dermatologie\/gesicht\/vitamin-mesotherapie-fuer-gesicht-und-haut\/#breadcrumb\",\"itemListElement\":[{\"@type\":\"ListItem\",\"position\":1,\"name\":\"Home\",\"item\":\"https:\/\/esthetic.sk\/\"},{\"@type\":\"ListItem\",\"position\":2,\"name\":\"\u00c4sthetische Dermatologie\",\"item\":\"https:\/\/esthetic.sk\/de\/aesthetische-dermatologie\/\"},{\"@type\":\"ListItem\",\"position\":3,\"name\":\"Gesicht\",\"item\":\"https:\/\/esthetic.sk\/aesthetische-dermatologie\/gesicht\/\"},{\"@type\":\"ListItem\",\"position\":4,\"name\":\"Vitamin-Mesotherapie f\u00fcr Gesicht und Haut\"}]},{\"@type\":\"WebSite\",\"@id\":\"https:\/\/esthetic.sk\/#website\",\"url\":\"https:\/\/esthetic.sk\/\",\"name\":\"Esthetic Bratislava\",\"description\":\"R\u00fdchla cesta k dokonal\u00e9mu vz\u013eadu\",\"publisher\":{\"@id\":\"https:\/\/esthetic.sk\/#organization\"},\"potentialAction\":[{\"@type\":\"SearchAction\",\"target\":{\"@type\":\"EntryPoint\",\"urlTemplate\":\"https:\/\/esthetic.sk\/?s={search_term_string}\"},\"query-input\":{\"@type\":\"PropertyValueSpecification\",\"valueRequired\":true,\"valueName\":\"search_term_string\"}}],\"inLanguage\":\"de\"},{\"@type\":\"Organization\",\"@id\":\"https:\/\/esthetic.sk\/#organization\",\"name\":\"Esthetic .s.r.o.\",\"url\":\"https:\/\/esthetic.sk\/\",\"logo\":{\"@type\":\"ImageObject\",\"inLanguage\":\"de\",\"@id\":\"https:\/\/esthetic.sk\/#\/schema\/logo\/image\/\",\"url\":\"https:\/\/esthetic.sk\/wp-content\/uploads\/2019\/02\/logo-1.svg\",\"contentUrl\":\"https:\/\/esthetic.sk\/wp-content\/uploads\/2019\/02\/logo-1.svg\",\"width\":1,\"height\":1,\"caption\":\"Esthetic .s.r.o.\"},\"image\":{\"@id\":\"https:\/\/esthetic.sk\/#\/schema\/logo\/image\/\"},\"sameAs\":[\"https:\/\/www.facebook.com\/Klinikaesthetic\",\"https:\/\/www.instagram.com\/klinikaesthetic\/\",\"https:\/\/www.youtube.com\/channel\/UC8AgtXNjHpne8qWdj9szu1A\"]}]}<\/script>\n<!-- \/ Yoast SEO plugin. -->","yoast_head_json":{"title":"Vitamin-Mesotherapie f\u00fcr Gesicht und Haut | Esthetic Clinic Bratislava","description":"Mesotherapie ist die subkutane Anwendung einer Mischung aus Vitaminen, Peptiden, Aminos\u00e4uren und Hyalurons\u00e4ure. Es spendet der Gesichtshaut Feuchtigkeit, f\u00f6rdert die Durchblutung und gl\u00e4ttet feine Linien und Falten.","robots":{"index":"index","follow":"follow","max-snippet":"max-snippet:-1","max-image-preview":"max-image-preview:large","max-video-preview":"max-video-preview:-1"},"canonical":"https:\/\/esthetic.sk\/de\/aesthetische-dermatologie\/gesicht\/vitamin-mesotherapie-fuer-gesicht-und-haut\/","og_locale":"de_DE","og_type":"article","og_title":"Vitamin-Mesotherapie f\u00fcr Gesicht und Haut | Esthetic Clinic Bratislava","og_description":"Mesotherapie ist die subkutane Anwendung einer Mischung aus Vitaminen, Peptiden, Aminos\u00e4uren und Hyalurons\u00e4ure. Es spendet der Gesichtshaut Feuchtigkeit, f\u00f6rdert die Durchblutung und gl\u00e4ttet feine Linien und Falten.","og_url":"https:\/\/esthetic.sk\/de\/aesthetische-dermatologie\/gesicht\/vitamin-mesotherapie-fuer-gesicht-und-haut\/","og_site_name":"Esthetic Bratislava","article_publisher":"https:\/\/www.facebook.com\/Klinikaesthetic","article_modified_time":"2024-05-03T11:17:12+00:00","og_image":[{"width":1920,"height":1080,"url":"https:\/\/esthetic.sk\/wp-content\/uploads\/2019\/02\/big11.jpg","type":"image\/jpeg"}],"twitter_card":"summary_large_image","twitter_misc":{"Gesch\u00e4tzte Lesezeit":"1\u00a0Minute"},"schema":{"@context":"https:\/\/schema.org","@graph":[{"@type":"WebPage","@id":"https:\/\/esthetic.sk\/de\/aesthetische-dermatologie\/gesicht\/vitamin-mesotherapie-fuer-gesicht-und-haut\/","url":"https:\/\/esthetic.sk\/de\/aesthetische-dermatologie\/gesicht\/vitamin-mesotherapie-fuer-gesicht-und-haut\/","name":"Vitamin-Mesotherapie f\u00fcr Gesicht und Haut | Esthetic Clinic Bratislava","isPartOf":{"@id":"https:\/\/esthetic.sk\/#website"},"primaryImageOfPage":{"@id":"https:\/\/esthetic.sk\/de\/aesthetische-dermatologie\/gesicht\/vitamin-mesotherapie-fuer-gesicht-und-haut\/#primaryimage"},"image":{"@id":"https:\/\/esthetic.sk\/de\/aesthetische-dermatologie\/gesicht\/vitamin-mesotherapie-fuer-gesicht-und-haut\/#primaryimage"},"thumbnailUrl":"https:\/\/esthetic.sk\/wp-content\/uploads\/2019\/02\/big11.jpg","datePublished":"2024-04-16T18:27:44+00:00","dateModified":"2024-05-03T11:17:12+00:00","description":"Mesotherapie ist die subkutane Anwendung einer Mischung aus Vitaminen, Peptiden, Aminos\u00e4uren und Hyalurons\u00e4ure. Es spendet der Gesichtshaut Feuchtigkeit, f\u00f6rdert die Durchblutung und gl\u00e4ttet feine Linien und Falten.","breadcrumb":{"@id":"https:\/\/esthetic.sk\/de\/aesthetische-dermatologie\/gesicht\/vitamin-mesotherapie-fuer-gesicht-und-haut\/#breadcrumb"},"inLanguage":"de","potentialAction":[{"@type":"ReadAction","target":["https:\/\/esthetic.sk\/de\/aesthetische-dermatologie\/gesicht\/vitamin-mesotherapie-fuer-gesicht-und-haut\/"]}]},{"@type":"ImageObject","inLanguage":"de","@id":"https:\/\/esthetic.sk\/de\/aesthetische-dermatologie\/gesicht\/vitamin-mesotherapie-fuer-gesicht-und-haut\/#primaryimage","url":"https:\/\/esthetic.sk\/wp-content\/uploads\/2019\/02\/big11.jpg","contentUrl":"https:\/\/esthetic.sk\/wp-content\/uploads\/2019\/02\/big11.jpg","width":1920,"height":1080},{"@type":"BreadcrumbList","@id":"https:\/\/esthetic.sk\/de\/aesthetische-dermatologie\/gesicht\/vitamin-mesotherapie-fuer-gesicht-und-haut\/#breadcrumb","itemListElement":[{"@type":"ListItem","position":1,"name":"Home","item":"https:\/\/esthetic.sk\/"},{"@type":"ListItem","position":2,"name":"\u00c4sthetische Dermatologie","item":"https:\/\/esthetic.sk\/de\/aesthetische-dermatologie\/"},{"@type":"ListItem","position":3,"name":"Gesicht","item":"https:\/\/esthetic.sk\/aesthetische-dermatologie\/gesicht\/"},{"@type":"ListItem","position":4,"name":"Vitamin-Mesotherapie f\u00fcr Gesicht und Haut"}]},{"@type":"WebSite","@id":"https:\/\/esthetic.sk\/#website","url":"https:\/\/esthetic.sk\/","name":"Esthetic Bratislava","description":"R\u00fdchla cesta k dokonal\u00e9mu vz\u013eadu","publisher":{"@id":"https:\/\/esthetic.sk\/#organization"},"potentialAction":[{"@type":"SearchAction","target":{"@type":"EntryPoint","urlTemplate":"https:\/\/esthetic.sk\/?s={search_term_string}"},"query-input":{"@type":"PropertyValueSpecification","valueRequired":true,"valueName":"search_term_string"}}],"inLanguage":"de"},{"@type":"Organization","@id":"https:\/\/esthetic.sk\/#organization","name":"Esthetic .s.r.o.","url":"https:\/\/esthetic.sk\/","logo":{"@type":"ImageObject","inLanguage":"de","@id":"https:\/\/esthetic.sk\/#\/schema\/logo\/image\/","url":"https:\/\/esthetic.sk\/wp-content\/uploads\/2019\/02\/logo-1.svg","contentUrl":"https:\/\/esthetic.sk\/wp-content\/uploads\/2019\/02\/logo-1.svg","width":1,"height":1,"caption":"Esthetic .s.r.o."},"image":{"@id":"https:\/\/esthetic.sk\/#\/schema\/logo\/image\/"},"sameAs":["https:\/\/www.facebook.com\/Klinikaesthetic","https:\/\/www.instagram.com\/klinikaesthetic\/","https:\/\/www.youtube.com\/channel\/UC8AgtXNjHpne8qWdj9szu1A"]}]}},"_links":{"self":[{"href":"https:\/\/esthetic.sk\/de\/wp-json\/wp\/v2\/pages\/5873"}],"collection":[{"href":"https:\/\/esthetic.sk\/de\/wp-json\/wp\/v2\/pages"}],"about":[{"href":"https:\/\/esthetic.sk\/de\/wp-json\/wp\/v2\/types\/page"}],"author":[{"embeddable":true,"href":"https:\/\/esthetic.sk\/de\/wp-json\/wp\/v2\/users\/1"}],"replies":[{"embeddable":true,"href":"https:\/\/esthetic.sk\/de\/wp-json\/wp\/v2\/comments?post=5873"}],"version-history":[{"count":1,"href":"https:\/\/esthetic.sk\/de\/wp-json\/wp\/v2\/pages\/5873\/revisions"}],"predecessor-version":[{"id":6564,"href":"https:\/\/esthetic.sk\/de\/wp-json\/wp\/v2\/pages\/5873\/revisions\/6564"}],"up":[{"embeddable":true,"href":"https:\/\/esthetic.sk\/de\/wp-json\/wp\/v2\/pages\/5718"}],"wp:featuredmedia":[{"embeddable":true,"href":"https:\/\/esthetic.sk\/de\/wp-json\/wp\/v2\/media\/5526"}],"wp:attachment":[{"href":"https:\/\/esthetic.sk\/de\/wp-json\/wp\/v2\/media?parent=5873"}],"curies":[{"name":"wp","href":"https:\/\/api.w.org\/{rel}","templated":true}]}}