{"id":5870,"date":"2024-04-16T20:27:42","date_gmt":"2024-04-16T18:27:42","guid":{"rendered":"https:\/\/esthetic.sk\/aesthetische-dermatologie\/gesicht\/mesobotox\/"},"modified":"2024-04-16T20:27:42","modified_gmt":"2024-04-16T18:27:42","slug":"mesobotox","status":"publish","type":"page","link":"https:\/\/esthetic.sk\/de\/aesthetische-dermatologie\/gesicht\/mesobotox\/","title":{"rendered":"Mesobotox"},"content":{"rendered":"<h2>Grundlegende Informationen<\/h2>\n<ul>\n \t<li>Gl\u00e4ttung von feinen F\u00e4ltchen<\/li>\n \t<li>Entspannung von Gesicht, Hals und Dekollet\u00e9<\/li>\n<\/ul>\n<h2>Anwendung<\/h2>\nEine <a href=\"https:\/\/esthetic.sk\/esteticka-dermatologia\/tvar\/mezoterapia\/\">Injektionstechnik<\/a>, die darauf abzielt, das Gesicht zu verj\u00fcngen und feine Linien zu gl\u00e4tten. Das Material wird in die oberfl\u00e4chliche Hautschicht injiziert, so dass die Muskeln unter der Applikationsstelle intakt bleiben. W\u00e4hrend des Eingriffs wird<a href=\"https:\/\/esthetic.sk\/blog\/botulotoxin-v-dermatologii-zazracny-liek-alebo-jed\/\"> Botulinumtoxin<\/a> in einer hohen Verd\u00fcnnung mit einer feinen Nadel in die Haut injiziert, wodurch sich die Mimik nicht ver\u00e4ndert. Die Ampulle enth\u00e4lt Retinol, Thiamin, Riboflavin, Nicotinamid-Dexpanthenol, Pyridoxin, Vitamin C, Vitamin E, Vitamin D und andere Substanzen wie Aminos\u00e4uren, die der Biorevitalisierung der Haut dienen. Diese Behandlung hat einen Lifting-Effekt, d.h. sie gl\u00e4ttet feine Linien und F\u00e4ltchen im Gesicht, hebt aber auch die Gesichtskonturen an. Die Behandlung reduziert die Talgproduktion und verkleinert die Poren.\n<h2>Dauer des Verfahrens<\/h2>\nDer Eingriff wird unter \u00f6rtlicher Bet\u00e4ubung durchgef\u00fchrt und dauert 20 Minuten.\nDie Wirkung tritt innerhalb von 14 Tagen ein und h\u00e4lt im Durchschnitt drei Monate bis zu einem halben Jahr an.\n<h2>Risiken<\/h2>\n<ul>\n \t<li>H\u00e4matom<\/li>\n \t<li>Entz\u00fcndung am Ort der Anwendung<\/li>\n<\/ul>","protected":false},"excerpt":{"rendered":"Grundlegende Informationen Gl\u00e4ttung von feinen F\u00e4ltchen Entspannung von Gesicht, Hals und Dekollet\u00e9 Anwendung Eine Injektionstechnik, die darauf abzielt, das Gesicht zu verj\u00fcngen und feine Linien zu gl\u00e4tten. Das Material wird in die oberfl\u00e4chliche Hautschicht injiziert, so dass die Muskeln unter der Applikationsstelle intakt bleiben. W\u00e4hrend des Eingriffs wird Botulinumtoxin in einer hohen Verd\u00fcnnung mit einer","protected":false},"author":1,"featured_media":5526,"parent":5718,"menu_order":7,"comment_status":"closed","ping_status":"closed","template":"","meta":{"inline_featured_image":false,"footnotes":""},"class_list":["post-5870","page","type-page","status-publish","has-post-thumbnail","hentry"],"yoast_head":"<!-- This site is optimized with the Yoast SEO plugin v23.7 - https:\/\/yoast.com\/wordpress\/plugins\/seo\/ -->\n<title>Mesobotox | Mesotherapie mit Botulinumtoxin | Esthetic Bratislava<\/title>\n<meta name=\"description\" content=\"Mesobotox - eine Injektionstechnik, die auf die Verj\u00fcngung des Gesichts abzielt. Es ist eine Kombination aus Mesotherapie mit verd\u00fcnntem Botulinumtoxin f\u00fcr eine intensivere Faltengl\u00e4ttung.\" \/>\n<meta name=\"robots\" content=\"index, follow, max-snippet:-1, max-image-preview:large, max-video-preview:-1\" \/>\n<link rel=\"canonical\" href=\"https:\/\/esthetic.sk\/de\/aesthetische-dermatologie\/gesicht\/mesobotox\/\" \/>\n<meta property=\"og:locale\" content=\"de_DE\" \/>\n<meta property=\"og:type\" content=\"article\" \/>\n<meta property=\"og:title\" content=\"Mesobotox | Mesotherapie mit Botulinumtoxin | Esthetic Bratislava\" \/>\n<meta property=\"og:description\" content=\"Mesobotox - eine Injektionstechnik, die auf die Verj\u00fcngung des Gesichts abzielt. Es ist eine Kombination aus Mesotherapie mit verd\u00fcnntem Botulinumtoxin f\u00fcr eine intensivere Faltengl\u00e4ttung.\" \/>\n<meta property=\"og:url\" content=\"https:\/\/esthetic.sk\/de\/aesthetische-dermatologie\/gesicht\/mesobotox\/\" \/>\n<meta property=\"og:site_name\" content=\"Esthetic Bratislava\" \/>\n<meta property=\"article:publisher\" content=\"https:\/\/www.facebook.com\/Klinikaesthetic\" \/>\n<meta property=\"og:image\" content=\"https:\/\/esthetic.sk\/wp-content\/uploads\/2019\/02\/big11.jpg\" \/>\n\t<meta property=\"og:image:width\" content=\"1920\" \/>\n\t<meta property=\"og:image:height\" content=\"1080\" \/>\n\t<meta property=\"og:image:type\" content=\"image\/jpeg\" \/>\n<meta name=\"twitter:card\" content=\"summary_large_image\" \/>\n<meta name=\"twitter:label1\" content=\"Gesch\u00e4tzte Lesezeit\" \/>\n\t<meta name=\"twitter:data1\" content=\"1\u00a0Minute\" \/>\n<script type=\"application\/ld+json\" class=\"yoast-schema-graph\">{\"@context\":\"https:\/\/schema.org\",\"@graph\":[{\"@type\":\"WebPage\",\"@id\":\"https:\/\/esthetic.sk\/de\/aesthetische-dermatologie\/gesicht\/mesobotox\/\",\"url\":\"https:\/\/esthetic.sk\/de\/aesthetische-dermatologie\/gesicht\/mesobotox\/\",\"name\":\"Mesobotox | Mesotherapie mit Botulinumtoxin | Esthetic Bratislava\",\"isPartOf\":{\"@id\":\"https:\/\/esthetic.sk\/#website\"},\"primaryImageOfPage\":{\"@id\":\"https:\/\/esthetic.sk\/de\/aesthetische-dermatologie\/gesicht\/mesobotox\/#primaryimage\"},\"image\":{\"@id\":\"https:\/\/esthetic.sk\/de\/aesthetische-dermatologie\/gesicht\/mesobotox\/#primaryimage\"},\"thumbnailUrl\":\"https:\/\/esthetic.sk\/wp-content\/uploads\/2019\/02\/big11.jpg\",\"datePublished\":\"2024-04-16T18:27:42+00:00\",\"dateModified\":\"2024-04-16T18:27:42+00:00\",\"description\":\"Mesobotox - eine Injektionstechnik, die auf die Verj\u00fcngung des Gesichts abzielt. Es ist eine Kombination aus Mesotherapie mit verd\u00fcnntem Botulinumtoxin f\u00fcr eine intensivere Faltengl\u00e4ttung.\",\"breadcrumb\":{\"@id\":\"https:\/\/esthetic.sk\/de\/aesthetische-dermatologie\/gesicht\/mesobotox\/#breadcrumb\"},\"inLanguage\":\"de\",\"potentialAction\":[{\"@type\":\"ReadAction\",\"target\":[\"https:\/\/esthetic.sk\/de\/aesthetische-dermatologie\/gesicht\/mesobotox\/\"]}]},{\"@type\":\"ImageObject\",\"inLanguage\":\"de\",\"@id\":\"https:\/\/esthetic.sk\/de\/aesthetische-dermatologie\/gesicht\/mesobotox\/#primaryimage\",\"url\":\"https:\/\/esthetic.sk\/wp-content\/uploads\/2019\/02\/big11.jpg\",\"contentUrl\":\"https:\/\/esthetic.sk\/wp-content\/uploads\/2019\/02\/big11.jpg\",\"width\":1920,\"height\":1080},{\"@type\":\"BreadcrumbList\",\"@id\":\"https:\/\/esthetic.sk\/de\/aesthetische-dermatologie\/gesicht\/mesobotox\/#breadcrumb\",\"itemListElement\":[{\"@type\":\"ListItem\",\"position\":1,\"name\":\"Home\",\"item\":\"https:\/\/esthetic.sk\/\"},{\"@type\":\"ListItem\",\"position\":2,\"name\":\"\u00c4sthetische Dermatologie\",\"item\":\"https:\/\/esthetic.sk\/de\/aesthetische-dermatologie\/\"},{\"@type\":\"ListItem\",\"position\":3,\"name\":\"Gesicht\",\"item\":\"https:\/\/esthetic.sk\/aesthetische-dermatologie\/gesicht\/\"},{\"@type\":\"ListItem\",\"position\":4,\"name\":\"Mesobotox\"}]},{\"@type\":\"WebSite\",\"@id\":\"https:\/\/esthetic.sk\/#website\",\"url\":\"https:\/\/esthetic.sk\/\",\"name\":\"Esthetic Bratislava\",\"description\":\"R\u00fdchla cesta k dokonal\u00e9mu vz\u013eadu\",\"publisher\":{\"@id\":\"https:\/\/esthetic.sk\/#organization\"},\"potentialAction\":[{\"@type\":\"SearchAction\",\"target\":{\"@type\":\"EntryPoint\",\"urlTemplate\":\"https:\/\/esthetic.sk\/?s={search_term_string}\"},\"query-input\":{\"@type\":\"PropertyValueSpecification\",\"valueRequired\":true,\"valueName\":\"search_term_string\"}}],\"inLanguage\":\"de\"},{\"@type\":\"Organization\",\"@id\":\"https:\/\/esthetic.sk\/#organization\",\"name\":\"Esthetic .s.r.o.\",\"url\":\"https:\/\/esthetic.sk\/\",\"logo\":{\"@type\":\"ImageObject\",\"inLanguage\":\"de\",\"@id\":\"https:\/\/esthetic.sk\/#\/schema\/logo\/image\/\",\"url\":\"https:\/\/esthetic.sk\/wp-content\/uploads\/2019\/02\/logo-1.svg\",\"contentUrl\":\"https:\/\/esthetic.sk\/wp-content\/uploads\/2019\/02\/logo-1.svg\",\"width\":1,\"height\":1,\"caption\":\"Esthetic .s.r.o.\"},\"image\":{\"@id\":\"https:\/\/esthetic.sk\/#\/schema\/logo\/image\/\"},\"sameAs\":[\"https:\/\/www.facebook.com\/Klinikaesthetic\",\"https:\/\/www.instagram.com\/klinikaesthetic\/\",\"https:\/\/www.youtube.com\/channel\/UC8AgtXNjHpne8qWdj9szu1A\"]}]}<\/script>\n<!-- \/ Yoast SEO plugin. -->","yoast_head_json":{"title":"Mesobotox | Mesotherapie mit Botulinumtoxin | Esthetic Bratislava","description":"Mesobotox - eine Injektionstechnik, die auf die Verj\u00fcngung des Gesichts abzielt. Es ist eine Kombination aus Mesotherapie mit verd\u00fcnntem Botulinumtoxin f\u00fcr eine intensivere Faltengl\u00e4ttung.","robots":{"index":"index","follow":"follow","max-snippet":"max-snippet:-1","max-image-preview":"max-image-preview:large","max-video-preview":"max-video-preview:-1"},"canonical":"https:\/\/esthetic.sk\/de\/aesthetische-dermatologie\/gesicht\/mesobotox\/","og_locale":"de_DE","og_type":"article","og_title":"Mesobotox | Mesotherapie mit Botulinumtoxin | Esthetic Bratislava","og_description":"Mesobotox - eine Injektionstechnik, die auf die Verj\u00fcngung des Gesichts abzielt. Es ist eine Kombination aus Mesotherapie mit verd\u00fcnntem Botulinumtoxin f\u00fcr eine intensivere Faltengl\u00e4ttung.","og_url":"https:\/\/esthetic.sk\/de\/aesthetische-dermatologie\/gesicht\/mesobotox\/","og_site_name":"Esthetic Bratislava","article_publisher":"https:\/\/www.facebook.com\/Klinikaesthetic","og_image":[{"width":1920,"height":1080,"url":"https:\/\/esthetic.sk\/wp-content\/uploads\/2019\/02\/big11.jpg","type":"image\/jpeg"}],"twitter_card":"summary_large_image","twitter_misc":{"Gesch\u00e4tzte Lesezeit":"1\u00a0Minute"},"schema":{"@context":"https:\/\/schema.org","@graph":[{"@type":"WebPage","@id":"https:\/\/esthetic.sk\/de\/aesthetische-dermatologie\/gesicht\/mesobotox\/","url":"https:\/\/esthetic.sk\/de\/aesthetische-dermatologie\/gesicht\/mesobotox\/","name":"Mesobotox | Mesotherapie mit Botulinumtoxin | Esthetic Bratislava","isPartOf":{"@id":"https:\/\/esthetic.sk\/#website"},"primaryImageOfPage":{"@id":"https:\/\/esthetic.sk\/de\/aesthetische-dermatologie\/gesicht\/mesobotox\/#primaryimage"},"image":{"@id":"https:\/\/esthetic.sk\/de\/aesthetische-dermatologie\/gesicht\/mesobotox\/#primaryimage"},"thumbnailUrl":"https:\/\/esthetic.sk\/wp-content\/uploads\/2019\/02\/big11.jpg","datePublished":"2024-04-16T18:27:42+00:00","dateModified":"2024-04-16T18:27:42+00:00","description":"Mesobotox - eine Injektionstechnik, die auf die Verj\u00fcngung des Gesichts abzielt. Es ist eine Kombination aus Mesotherapie mit verd\u00fcnntem Botulinumtoxin f\u00fcr eine intensivere Faltengl\u00e4ttung.","breadcrumb":{"@id":"https:\/\/esthetic.sk\/de\/aesthetische-dermatologie\/gesicht\/mesobotox\/#breadcrumb"},"inLanguage":"de","potentialAction":[{"@type":"ReadAction","target":["https:\/\/esthetic.sk\/de\/aesthetische-dermatologie\/gesicht\/mesobotox\/"]}]},{"@type":"ImageObject","inLanguage":"de","@id":"https:\/\/esthetic.sk\/de\/aesthetische-dermatologie\/gesicht\/mesobotox\/#primaryimage","url":"https:\/\/esthetic.sk\/wp-content\/uploads\/2019\/02\/big11.jpg","contentUrl":"https:\/\/esthetic.sk\/wp-content\/uploads\/2019\/02\/big11.jpg","width":1920,"height":1080},{"@type":"BreadcrumbList","@id":"https:\/\/esthetic.sk\/de\/aesthetische-dermatologie\/gesicht\/mesobotox\/#breadcrumb","itemListElement":[{"@type":"ListItem","position":1,"name":"Home","item":"https:\/\/esthetic.sk\/"},{"@type":"ListItem","position":2,"name":"\u00c4sthetische Dermatologie","item":"https:\/\/esthetic.sk\/de\/aesthetische-dermatologie\/"},{"@type":"ListItem","position":3,"name":"Gesicht","item":"https:\/\/esthetic.sk\/aesthetische-dermatologie\/gesicht\/"},{"@type":"ListItem","position":4,"name":"Mesobotox"}]},{"@type":"WebSite","@id":"https:\/\/esthetic.sk\/#website","url":"https:\/\/esthetic.sk\/","name":"Esthetic Bratislava","description":"R\u00fdchla cesta k dokonal\u00e9mu vz\u013eadu","publisher":{"@id":"https:\/\/esthetic.sk\/#organization"},"potentialAction":[{"@type":"SearchAction","target":{"@type":"EntryPoint","urlTemplate":"https:\/\/esthetic.sk\/?s={search_term_string}"},"query-input":{"@type":"PropertyValueSpecification","valueRequired":true,"valueName":"search_term_string"}}],"inLanguage":"de"},{"@type":"Organization","@id":"https:\/\/esthetic.sk\/#organization","name":"Esthetic .s.r.o.","url":"https:\/\/esthetic.sk\/","logo":{"@type":"ImageObject","inLanguage":"de","@id":"https:\/\/esthetic.sk\/#\/schema\/logo\/image\/","url":"https:\/\/esthetic.sk\/wp-content\/uploads\/2019\/02\/logo-1.svg","contentUrl":"https:\/\/esthetic.sk\/wp-content\/uploads\/2019\/02\/logo-1.svg","width":1,"height":1,"caption":"Esthetic .s.r.o."},"image":{"@id":"https:\/\/esthetic.sk\/#\/schema\/logo\/image\/"},"sameAs":["https:\/\/www.facebook.com\/Klinikaesthetic","https:\/\/www.instagram.com\/klinikaesthetic\/","https:\/\/www.youtube.com\/channel\/UC8AgtXNjHpne8qWdj9szu1A"]}]}},"_links":{"self":[{"href":"https:\/\/esthetic.sk\/de\/wp-json\/wp\/v2\/pages\/5870"}],"collection":[{"href":"https:\/\/esthetic.sk\/de\/wp-json\/wp\/v2\/pages"}],"about":[{"href":"https:\/\/esthetic.sk\/de\/wp-json\/wp\/v2\/types\/page"}],"author":[{"embeddable":true,"href":"https:\/\/esthetic.sk\/de\/wp-json\/wp\/v2\/users\/1"}],"replies":[{"embeddable":true,"href":"https:\/\/esthetic.sk\/de\/wp-json\/wp\/v2\/comments?post=5870"}],"version-history":[{"count":0,"href":"https:\/\/esthetic.sk\/de\/wp-json\/wp\/v2\/pages\/5870\/revisions"}],"up":[{"embeddable":true,"href":"https:\/\/esthetic.sk\/de\/wp-json\/wp\/v2\/pages\/5718"}],"wp:featuredmedia":[{"embeddable":true,"href":"https:\/\/esthetic.sk\/de\/wp-json\/wp\/v2\/media\/5526"}],"wp:attachment":[{"href":"https:\/\/esthetic.sk\/de\/wp-json\/wp\/v2\/media?parent=5870"}],"curies":[{"name":"wp","href":"https:\/\/api.w.org\/{rel}","templated":true}]}}