{"id":5822,"date":"2024-04-16T20:27:37","date_gmt":"2024-04-16T18:27:37","guid":{"rendered":"https:\/\/esthetic.sk\/plastische-chirurgie\/gesicht\/lipografting-auffuellen-von-falten-mit-ihrem-eigenen-fett\/"},"modified":"2024-04-16T20:27:37","modified_gmt":"2024-04-16T18:27:37","slug":"lipografting-auffuellen-von-falten-mit-ihrem-eigenen-fett","status":"publish","type":"page","link":"https:\/\/esthetic.sk\/de\/plastische-chirurgie\/gesicht\/lipografting-auffuellen-von-falten-mit-ihrem-eigenen-fett\/","title":{"rendered":"Lipografting &#8211; Auff\u00fcllen von Falten mit Ihrem eigenen Fett"},"content":{"rendered":"<h2>Grundlegende Merkmale<\/h2>\n<ul>\n \t<li>Auff\u00fcllen von Falten im Gesicht<\/li>\n \t<li>Gesichtskonturierung<\/li>\n \t<li>Lippenvergr\u00f6\u00dferung<\/li>\n \t<li>Unterdr\u00fcckung der Zeichen der Hautalterung an den H\u00e4nden<\/li>\n \t<li>Liposculpturing &#8211; Straffung eingesunkener Bereiche bei der Fettabsaugung<\/li>\n \t<li>Korrektur der Form, der Asymmetrie von Waden oder Br\u00fcsten<\/li>\n<\/ul>\n<h2>Intervention und Dauer<\/h2>\nLipofilling und Lipografting ist ein relativ einfacher ambulanter Eingriff ohne Krankenhausaufenthalt, der in letzter Zeit immer mehr gefragt ist. Dabei wird k\u00f6rpereigenes Fett verwendet, das mit einer feinen Kan\u00fcle entnommen, dann aufbereitet und auf verschiedene Problemzonen im Gesicht und am K\u00f6rper aufgetragen wird. Der Eingriff kann auch mit einer <a href=\"https:\/\/esthetic.sk\/plasticka-chirurgia\/telo\/wall-liposukcia\/\">Fettabsaugung<\/a> kombiniert werden, bei der nicht nur \u00fcbersch\u00fcssiges subkutanes Fett entfernt und die Figur geformt wird, sondern auch das Fett selbst zur Korrektur der Problemzone verwendet wird.\n<h2>Wirkung<\/h2>\nDer Effekt ist lang anhaltend und deshalb ist dieses Verfahren besonders in Kombination mit einem Facelifting beliebt. Ein Teil des Fetts kann nach der ersten Anwendung absorbiert werden, so dass die Prozedur nach einer gewissen Zeit wiederholt werden muss, um den Fettverlust wieder auszugleichen. Die Wirkung des Verfahrens kann \u00fcber Jahre anhalten.\n\n&nbsp;\n\n&nbsp;","protected":false},"excerpt":{"rendered":"Grundlegende Merkmale Auff\u00fcllen von Falten im Gesicht Gesichtskonturierung Lippenvergr\u00f6\u00dferung Unterdr\u00fcckung der Zeichen der Hautalterung an den H\u00e4nden Liposculpturing &#8211; Straffung eingesunkener Bereiche bei der Fettabsaugung Korrektur der Form, der Asymmetrie von Waden oder Br\u00fcsten Intervention und Dauer Lipofilling und Lipografting ist ein relativ einfacher ambulanter Eingriff ohne Krankenhausaufenthalt, der in letzter Zeit immer mehr gefragt","protected":false},"author":1,"featured_media":5461,"parent":5609,"menu_order":0,"comment_status":"closed","ping_status":"closed","template":"","meta":{"inline_featured_image":false,"footnotes":""},"class_list":["post-5822","page","type-page","status-publish","has-post-thumbnail","hentry"],"yoast_head":"<!-- This site is optimized with the Yoast SEO plugin v23.7 - https:\/\/yoast.com\/wordpress\/plugins\/seo\/ -->\n<title>| Esthetic Bratislava<\/title>\n<meta name=\"description\" content=\"Das Auff\u00fcllen von Falten mit Eigenfett - Lipofilling und Lipografting - ist ein relativ einfacher ambulanter Eingriff, um Falten im Gesicht aufzuf\u00fcllen und die Gesichtskonturen anzupassen.\" \/>\n<meta name=\"robots\" content=\"index, follow, max-snippet:-1, max-image-preview:large, max-video-preview:-1\" \/>\n<link rel=\"canonical\" href=\"https:\/\/esthetic.sk\/de\/plastische-chirurgie\/gesicht\/lipografting-auffuellen-von-falten-mit-ihrem-eigenen-fett\/\" \/>\n<meta property=\"og:locale\" content=\"de_DE\" \/>\n<meta property=\"og:type\" content=\"article\" \/>\n<meta property=\"og:title\" content=\"| Esthetic Bratislava\" \/>\n<meta property=\"og:description\" content=\"Das Auff\u00fcllen von Falten mit Eigenfett - Lipofilling und Lipografting - ist ein relativ einfacher ambulanter Eingriff, um Falten im Gesicht aufzuf\u00fcllen und die Gesichtskonturen anzupassen.\" \/>\n<meta property=\"og:url\" content=\"https:\/\/esthetic.sk\/de\/plastische-chirurgie\/gesicht\/lipografting-auffuellen-von-falten-mit-ihrem-eigenen-fett\/\" \/>\n<meta property=\"og:site_name\" content=\"Esthetic Bratislava\" \/>\n<meta property=\"article:publisher\" content=\"https:\/\/www.facebook.com\/Klinikaesthetic\" \/>\n<meta property=\"og:image\" content=\"https:\/\/esthetic.sk\/wp-content\/uploads\/2019\/02\/30.jpg\" \/>\n\t<meta property=\"og:image:width\" content=\"1500\" \/>\n\t<meta property=\"og:image:height\" content=\"1000\" \/>\n\t<meta property=\"og:image:type\" content=\"image\/jpeg\" \/>\n<meta name=\"twitter:card\" content=\"summary_large_image\" \/>\n<meta name=\"twitter:label1\" content=\"Gesch\u00e4tzte Lesezeit\" \/>\n\t<meta name=\"twitter:data1\" content=\"1\u00a0Minute\" \/>\n<script type=\"application\/ld+json\" class=\"yoast-schema-graph\">{\"@context\":\"https:\/\/schema.org\",\"@graph\":[{\"@type\":\"WebPage\",\"@id\":\"https:\/\/esthetic.sk\/de\/plastische-chirurgie\/gesicht\/lipografting-auffuellen-von-falten-mit-ihrem-eigenen-fett\/\",\"url\":\"https:\/\/esthetic.sk\/de\/plastische-chirurgie\/gesicht\/lipografting-auffuellen-von-falten-mit-ihrem-eigenen-fett\/\",\"name\":\"| Esthetic Bratislava\",\"isPartOf\":{\"@id\":\"https:\/\/esthetic.sk\/#website\"},\"primaryImageOfPage\":{\"@id\":\"https:\/\/esthetic.sk\/de\/plastische-chirurgie\/gesicht\/lipografting-auffuellen-von-falten-mit-ihrem-eigenen-fett\/#primaryimage\"},\"image\":{\"@id\":\"https:\/\/esthetic.sk\/de\/plastische-chirurgie\/gesicht\/lipografting-auffuellen-von-falten-mit-ihrem-eigenen-fett\/#primaryimage\"},\"thumbnailUrl\":\"https:\/\/esthetic.sk\/wp-content\/uploads\/2019\/02\/30.jpg\",\"datePublished\":\"2024-04-16T18:27:37+00:00\",\"dateModified\":\"2024-04-16T18:27:37+00:00\",\"description\":\"Das Auff\u00fcllen von Falten mit Eigenfett - Lipofilling und Lipografting - ist ein relativ einfacher ambulanter Eingriff, um Falten im Gesicht aufzuf\u00fcllen und die Gesichtskonturen anzupassen.\",\"breadcrumb\":{\"@id\":\"https:\/\/esthetic.sk\/de\/plastische-chirurgie\/gesicht\/lipografting-auffuellen-von-falten-mit-ihrem-eigenen-fett\/#breadcrumb\"},\"inLanguage\":\"de\",\"potentialAction\":[{\"@type\":\"ReadAction\",\"target\":[\"https:\/\/esthetic.sk\/de\/plastische-chirurgie\/gesicht\/lipografting-auffuellen-von-falten-mit-ihrem-eigenen-fett\/\"]}]},{\"@type\":\"ImageObject\",\"inLanguage\":\"de\",\"@id\":\"https:\/\/esthetic.sk\/de\/plastische-chirurgie\/gesicht\/lipografting-auffuellen-von-falten-mit-ihrem-eigenen-fett\/#primaryimage\",\"url\":\"https:\/\/esthetic.sk\/wp-content\/uploads\/2019\/02\/30.jpg\",\"contentUrl\":\"https:\/\/esthetic.sk\/wp-content\/uploads\/2019\/02\/30.jpg\",\"width\":1500,\"height\":1000},{\"@type\":\"BreadcrumbList\",\"@id\":\"https:\/\/esthetic.sk\/de\/plastische-chirurgie\/gesicht\/lipografting-auffuellen-von-falten-mit-ihrem-eigenen-fett\/#breadcrumb\",\"itemListElement\":[{\"@type\":\"ListItem\",\"position\":1,\"name\":\"Home\",\"item\":\"https:\/\/esthetic.sk\/\"},{\"@type\":\"ListItem\",\"position\":2,\"name\":\"Plastische Chirurgie\",\"item\":\"https:\/\/esthetic.sk\/de\/plastische-chirurgie\/\"},{\"@type\":\"ListItem\",\"position\":3,\"name\":\"Gesicht\",\"item\":\"https:\/\/esthetic.sk\/plastische-chirurgie\/gesicht\/\"},{\"@type\":\"ListItem\",\"position\":4,\"name\":\"Lipografting &#8211; Auff\u00fcllen von Falten mit Ihrem eigenen Fett\"}]},{\"@type\":\"WebSite\",\"@id\":\"https:\/\/esthetic.sk\/#website\",\"url\":\"https:\/\/esthetic.sk\/\",\"name\":\"Esthetic Bratislava\",\"description\":\"R\u00fdchla cesta k dokonal\u00e9mu vz\u013eadu\",\"publisher\":{\"@id\":\"https:\/\/esthetic.sk\/#organization\"},\"potentialAction\":[{\"@type\":\"SearchAction\",\"target\":{\"@type\":\"EntryPoint\",\"urlTemplate\":\"https:\/\/esthetic.sk\/?s={search_term_string}\"},\"query-input\":{\"@type\":\"PropertyValueSpecification\",\"valueRequired\":true,\"valueName\":\"search_term_string\"}}],\"inLanguage\":\"de\"},{\"@type\":\"Organization\",\"@id\":\"https:\/\/esthetic.sk\/#organization\",\"name\":\"Esthetic .s.r.o.\",\"url\":\"https:\/\/esthetic.sk\/\",\"logo\":{\"@type\":\"ImageObject\",\"inLanguage\":\"de\",\"@id\":\"https:\/\/esthetic.sk\/#\/schema\/logo\/image\/\",\"url\":\"https:\/\/esthetic.sk\/wp-content\/uploads\/2019\/02\/logo-1.svg\",\"contentUrl\":\"https:\/\/esthetic.sk\/wp-content\/uploads\/2019\/02\/logo-1.svg\",\"width\":1,\"height\":1,\"caption\":\"Esthetic .s.r.o.\"},\"image\":{\"@id\":\"https:\/\/esthetic.sk\/#\/schema\/logo\/image\/\"},\"sameAs\":[\"https:\/\/www.facebook.com\/Klinikaesthetic\",\"https:\/\/www.instagram.com\/klinikaesthetic\/\",\"https:\/\/www.youtube.com\/channel\/UC8AgtXNjHpne8qWdj9szu1A\"]}]}<\/script>\n<!-- \/ Yoast SEO plugin. -->","yoast_head_json":{"title":"| Esthetic Bratislava","description":"Das Auff\u00fcllen von Falten mit Eigenfett - Lipofilling und Lipografting - ist ein relativ einfacher ambulanter Eingriff, um Falten im Gesicht aufzuf\u00fcllen und die Gesichtskonturen anzupassen.","robots":{"index":"index","follow":"follow","max-snippet":"max-snippet:-1","max-image-preview":"max-image-preview:large","max-video-preview":"max-video-preview:-1"},"canonical":"https:\/\/esthetic.sk\/de\/plastische-chirurgie\/gesicht\/lipografting-auffuellen-von-falten-mit-ihrem-eigenen-fett\/","og_locale":"de_DE","og_type":"article","og_title":"| Esthetic Bratislava","og_description":"Das Auff\u00fcllen von Falten mit Eigenfett - Lipofilling und Lipografting - ist ein relativ einfacher ambulanter Eingriff, um Falten im Gesicht aufzuf\u00fcllen und die Gesichtskonturen anzupassen.","og_url":"https:\/\/esthetic.sk\/de\/plastische-chirurgie\/gesicht\/lipografting-auffuellen-von-falten-mit-ihrem-eigenen-fett\/","og_site_name":"Esthetic Bratislava","article_publisher":"https:\/\/www.facebook.com\/Klinikaesthetic","og_image":[{"width":1500,"height":1000,"url":"https:\/\/esthetic.sk\/wp-content\/uploads\/2019\/02\/30.jpg","type":"image\/jpeg"}],"twitter_card":"summary_large_image","twitter_misc":{"Gesch\u00e4tzte Lesezeit":"1\u00a0Minute"},"schema":{"@context":"https:\/\/schema.org","@graph":[{"@type":"WebPage","@id":"https:\/\/esthetic.sk\/de\/plastische-chirurgie\/gesicht\/lipografting-auffuellen-von-falten-mit-ihrem-eigenen-fett\/","url":"https:\/\/esthetic.sk\/de\/plastische-chirurgie\/gesicht\/lipografting-auffuellen-von-falten-mit-ihrem-eigenen-fett\/","name":"| Esthetic Bratislava","isPartOf":{"@id":"https:\/\/esthetic.sk\/#website"},"primaryImageOfPage":{"@id":"https:\/\/esthetic.sk\/de\/plastische-chirurgie\/gesicht\/lipografting-auffuellen-von-falten-mit-ihrem-eigenen-fett\/#primaryimage"},"image":{"@id":"https:\/\/esthetic.sk\/de\/plastische-chirurgie\/gesicht\/lipografting-auffuellen-von-falten-mit-ihrem-eigenen-fett\/#primaryimage"},"thumbnailUrl":"https:\/\/esthetic.sk\/wp-content\/uploads\/2019\/02\/30.jpg","datePublished":"2024-04-16T18:27:37+00:00","dateModified":"2024-04-16T18:27:37+00:00","description":"Das Auff\u00fcllen von Falten mit Eigenfett - Lipofilling und Lipografting - ist ein relativ einfacher ambulanter Eingriff, um Falten im Gesicht aufzuf\u00fcllen und die Gesichtskonturen anzupassen.","breadcrumb":{"@id":"https:\/\/esthetic.sk\/de\/plastische-chirurgie\/gesicht\/lipografting-auffuellen-von-falten-mit-ihrem-eigenen-fett\/#breadcrumb"},"inLanguage":"de","potentialAction":[{"@type":"ReadAction","target":["https:\/\/esthetic.sk\/de\/plastische-chirurgie\/gesicht\/lipografting-auffuellen-von-falten-mit-ihrem-eigenen-fett\/"]}]},{"@type":"ImageObject","inLanguage":"de","@id":"https:\/\/esthetic.sk\/de\/plastische-chirurgie\/gesicht\/lipografting-auffuellen-von-falten-mit-ihrem-eigenen-fett\/#primaryimage","url":"https:\/\/esthetic.sk\/wp-content\/uploads\/2019\/02\/30.jpg","contentUrl":"https:\/\/esthetic.sk\/wp-content\/uploads\/2019\/02\/30.jpg","width":1500,"height":1000},{"@type":"BreadcrumbList","@id":"https:\/\/esthetic.sk\/de\/plastische-chirurgie\/gesicht\/lipografting-auffuellen-von-falten-mit-ihrem-eigenen-fett\/#breadcrumb","itemListElement":[{"@type":"ListItem","position":1,"name":"Home","item":"https:\/\/esthetic.sk\/"},{"@type":"ListItem","position":2,"name":"Plastische Chirurgie","item":"https:\/\/esthetic.sk\/de\/plastische-chirurgie\/"},{"@type":"ListItem","position":3,"name":"Gesicht","item":"https:\/\/esthetic.sk\/plastische-chirurgie\/gesicht\/"},{"@type":"ListItem","position":4,"name":"Lipografting &#8211; Auff\u00fcllen von Falten mit Ihrem eigenen Fett"}]},{"@type":"WebSite","@id":"https:\/\/esthetic.sk\/#website","url":"https:\/\/esthetic.sk\/","name":"Esthetic Bratislava","description":"R\u00fdchla cesta k dokonal\u00e9mu vz\u013eadu","publisher":{"@id":"https:\/\/esthetic.sk\/#organization"},"potentialAction":[{"@type":"SearchAction","target":{"@type":"EntryPoint","urlTemplate":"https:\/\/esthetic.sk\/?s={search_term_string}"},"query-input":{"@type":"PropertyValueSpecification","valueRequired":true,"valueName":"search_term_string"}}],"inLanguage":"de"},{"@type":"Organization","@id":"https:\/\/esthetic.sk\/#organization","name":"Esthetic .s.r.o.","url":"https:\/\/esthetic.sk\/","logo":{"@type":"ImageObject","inLanguage":"de","@id":"https:\/\/esthetic.sk\/#\/schema\/logo\/image\/","url":"https:\/\/esthetic.sk\/wp-content\/uploads\/2019\/02\/logo-1.svg","contentUrl":"https:\/\/esthetic.sk\/wp-content\/uploads\/2019\/02\/logo-1.svg","width":1,"height":1,"caption":"Esthetic .s.r.o."},"image":{"@id":"https:\/\/esthetic.sk\/#\/schema\/logo\/image\/"},"sameAs":["https:\/\/www.facebook.com\/Klinikaesthetic","https:\/\/www.instagram.com\/klinikaesthetic\/","https:\/\/www.youtube.com\/channel\/UC8AgtXNjHpne8qWdj9szu1A"]}]}},"_links":{"self":[{"href":"https:\/\/esthetic.sk\/de\/wp-json\/wp\/v2\/pages\/5822"}],"collection":[{"href":"https:\/\/esthetic.sk\/de\/wp-json\/wp\/v2\/pages"}],"about":[{"href":"https:\/\/esthetic.sk\/de\/wp-json\/wp\/v2\/types\/page"}],"author":[{"embeddable":true,"href":"https:\/\/esthetic.sk\/de\/wp-json\/wp\/v2\/users\/1"}],"replies":[{"embeddable":true,"href":"https:\/\/esthetic.sk\/de\/wp-json\/wp\/v2\/comments?post=5822"}],"version-history":[{"count":0,"href":"https:\/\/esthetic.sk\/de\/wp-json\/wp\/v2\/pages\/5822\/revisions"}],"up":[{"embeddable":true,"href":"https:\/\/esthetic.sk\/de\/wp-json\/wp\/v2\/pages\/5609"}],"wp:featuredmedia":[{"embeddable":true,"href":"https:\/\/esthetic.sk\/de\/wp-json\/wp\/v2\/media\/5461"}],"wp:attachment":[{"href":"https:\/\/esthetic.sk\/de\/wp-json\/wp\/v2\/media?parent=5822"}],"curies":[{"name":"wp","href":"https:\/\/api.w.org\/{rel}","templated":true}]}}