{"id":5820,"date":"2024-04-16T20:27:37","date_gmt":"2024-04-16T18:27:37","guid":{"rendered":"https:\/\/esthetic.sk\/plastische-chirurgie\/gesicht\/augenbrauenlift-augenbrauenlift\/"},"modified":"2024-04-16T20:27:37","modified_gmt":"2024-04-16T18:27:37","slug":"augenbrauenlift-augenbrauenlift","status":"publish","type":"page","link":"https:\/\/esthetic.sk\/de\/plastische-chirurgie\/gesicht\/augenbrauenlift-augenbrauenlift\/","title":{"rendered":"Augenbrauenlift | Augenbrauenlift"},"content":{"rendered":"<h2>Grundlegende Merkmale<\/h2>\n<ul>\n \t<li>Augenbrauentropfen<\/li>\n \t<li>einen traurigen\/m\u00fcrrischen Gesichtsausdruck<\/li>\n \t<li>Falten<\/li>\n<\/ul>\n<h2>Intervention und Dauer<\/h2>\nDie Augenbrauenoperation wird unter lokaler An\u00e4sthesie durchgef\u00fchrt. Sie wird entweder als eigenst\u00e4ndiger Eingriff durchgef\u00fchrt oder ist zusammen mit einer <a href=\"https:\/\/esthetic.sk\/plasticka-chirurgia\/tvar\/operacia-ocnych-viecok\/\">Augenlidoperation<\/a> angezeigt.\nEinfachere Techniken genannt. Scharnier-Augenbrauen mit Fixierungsstichen, die \u00fcber k\u00fcrzere Inzisionen durchgef\u00fchrt werden.\n<h2>Nach dem Eingriff<\/h2>\nNach der Operation wird die Stirn des Patienten f\u00fcr 24-48 Stunden bandagiert. Die Erholungszeit betr\u00e4gt 1 &#8211; 2 Wochen.\n<h2>Risiken<\/h2>\n<ul>\n \t<li>Schmerzen in der Stirn, \u00e4hnlich wie bei leichten Kopfschmerzen<\/li>\n \t<li>blaue Flecken<\/li>\n<\/ul>","protected":false},"excerpt":{"rendered":"Grundlegende Merkmale Augenbrauentropfen einen traurigen\/m\u00fcrrischen Gesichtsausdruck Falten Intervention und Dauer Die Augenbrauenoperation wird unter lokaler An\u00e4sthesie durchgef\u00fchrt. Sie wird entweder als eigenst\u00e4ndiger Eingriff durchgef\u00fchrt oder ist zusammen mit einer Augenlidoperation angezeigt. Einfachere Techniken genannt. Scharnier-Augenbrauen mit Fixierungsstichen, die \u00fcber k\u00fcrzere Inzisionen durchgef\u00fchrt werden. Nach dem Eingriff Nach der Operation wird die Stirn des Patienten f\u00fcr","protected":false},"author":1,"featured_media":5510,"parent":5609,"menu_order":0,"comment_status":"closed","ping_status":"closed","template":"","meta":{"inline_featured_image":false,"footnotes":""},"class_list":["post-5820","page","type-page","status-publish","has-post-thumbnail","hentry"],"yoast_head":"<!-- This site is optimized with the Yoast SEO plugin v23.7 - https:\/\/yoast.com\/wordpress\/plugins\/seo\/ -->\n<title>Augenbrauenlift | Augenbrauenlift | Ligting | Esthetic Bratislava<\/title>\n<meta name=\"description\" content=\"Augenbrauenlifting - Das Augenbrauenlifting ist ein chirurgischer Eingriff, der h\u00e4ngende Augenbrauen, einen traurigen\/m\u00fcrrischen Ausdruck und Falten auf der Stirn beseitigt.\" \/>\n<meta name=\"robots\" content=\"index, follow, max-snippet:-1, max-image-preview:large, max-video-preview:-1\" \/>\n<link rel=\"canonical\" href=\"https:\/\/esthetic.sk\/de\/plastische-chirurgie\/gesicht\/augenbrauenlift-augenbrauenlift\/\" \/>\n<meta property=\"og:locale\" content=\"de_DE\" \/>\n<meta property=\"og:type\" content=\"article\" \/>\n<meta property=\"og:title\" content=\"Augenbrauenlift | Augenbrauenlift | Ligting | Esthetic Bratislava\" \/>\n<meta property=\"og:description\" content=\"Augenbrauenlifting - Das Augenbrauenlifting ist ein chirurgischer Eingriff, der h\u00e4ngende Augenbrauen, einen traurigen\/m\u00fcrrischen Ausdruck und Falten auf der Stirn beseitigt.\" \/>\n<meta property=\"og:url\" content=\"https:\/\/esthetic.sk\/de\/plastische-chirurgie\/gesicht\/augenbrauenlift-augenbrauenlift\/\" \/>\n<meta property=\"og:site_name\" content=\"Esthetic Bratislava\" \/>\n<meta property=\"article:publisher\" content=\"https:\/\/www.facebook.com\/Klinikaesthetic\" \/>\n<meta property=\"og:image\" content=\"https:\/\/esthetic.sk\/wp-content\/uploads\/2019\/02\/big1-1.png\" \/>\n\t<meta property=\"og:image:width\" content=\"1920\" \/>\n\t<meta property=\"og:image:height\" content=\"1080\" \/>\n\t<meta property=\"og:image:type\" content=\"image\/png\" \/>\n<meta name=\"twitter:card\" content=\"summary_large_image\" \/>\n<script type=\"application\/ld+json\" class=\"yoast-schema-graph\">{\"@context\":\"https:\/\/schema.org\",\"@graph\":[{\"@type\":\"WebPage\",\"@id\":\"https:\/\/esthetic.sk\/de\/plastische-chirurgie\/gesicht\/augenbrauenlift-augenbrauenlift\/\",\"url\":\"https:\/\/esthetic.sk\/de\/plastische-chirurgie\/gesicht\/augenbrauenlift-augenbrauenlift\/\",\"name\":\"Augenbrauenlift | Augenbrauenlift | Ligting | Esthetic Bratislava\",\"isPartOf\":{\"@id\":\"https:\/\/esthetic.sk\/#website\"},\"primaryImageOfPage\":{\"@id\":\"https:\/\/esthetic.sk\/de\/plastische-chirurgie\/gesicht\/augenbrauenlift-augenbrauenlift\/#primaryimage\"},\"image\":{\"@id\":\"https:\/\/esthetic.sk\/de\/plastische-chirurgie\/gesicht\/augenbrauenlift-augenbrauenlift\/#primaryimage\"},\"thumbnailUrl\":\"https:\/\/esthetic.sk\/wp-content\/uploads\/2019\/02\/big1-1.png\",\"datePublished\":\"2024-04-16T18:27:37+00:00\",\"dateModified\":\"2024-04-16T18:27:37+00:00\",\"description\":\"Augenbrauenlifting - Das Augenbrauenlifting ist ein chirurgischer Eingriff, der h\u00e4ngende Augenbrauen, einen traurigen\/m\u00fcrrischen Ausdruck und Falten auf der Stirn beseitigt.\",\"breadcrumb\":{\"@id\":\"https:\/\/esthetic.sk\/de\/plastische-chirurgie\/gesicht\/augenbrauenlift-augenbrauenlift\/#breadcrumb\"},\"inLanguage\":\"de\",\"potentialAction\":[{\"@type\":\"ReadAction\",\"target\":[\"https:\/\/esthetic.sk\/de\/plastische-chirurgie\/gesicht\/augenbrauenlift-augenbrauenlift\/\"]}]},{\"@type\":\"ImageObject\",\"inLanguage\":\"de\",\"@id\":\"https:\/\/esthetic.sk\/de\/plastische-chirurgie\/gesicht\/augenbrauenlift-augenbrauenlift\/#primaryimage\",\"url\":\"https:\/\/esthetic.sk\/wp-content\/uploads\/2019\/02\/big1-1.png\",\"contentUrl\":\"https:\/\/esthetic.sk\/wp-content\/uploads\/2019\/02\/big1-1.png\",\"width\":1920,\"height\":1080},{\"@type\":\"BreadcrumbList\",\"@id\":\"https:\/\/esthetic.sk\/de\/plastische-chirurgie\/gesicht\/augenbrauenlift-augenbrauenlift\/#breadcrumb\",\"itemListElement\":[{\"@type\":\"ListItem\",\"position\":1,\"name\":\"Home\",\"item\":\"https:\/\/esthetic.sk\/\"},{\"@type\":\"ListItem\",\"position\":2,\"name\":\"Plastische Chirurgie\",\"item\":\"https:\/\/esthetic.sk\/de\/plastische-chirurgie\/\"},{\"@type\":\"ListItem\",\"position\":3,\"name\":\"Gesicht\",\"item\":\"https:\/\/esthetic.sk\/plastische-chirurgie\/gesicht\/\"},{\"@type\":\"ListItem\",\"position\":4,\"name\":\"Augenbrauenlift | Augenbrauenlift\"}]},{\"@type\":\"WebSite\",\"@id\":\"https:\/\/esthetic.sk\/#website\",\"url\":\"https:\/\/esthetic.sk\/\",\"name\":\"Esthetic Bratislava\",\"description\":\"R\u00fdchla cesta k dokonal\u00e9mu vz\u013eadu\",\"publisher\":{\"@id\":\"https:\/\/esthetic.sk\/#organization\"},\"potentialAction\":[{\"@type\":\"SearchAction\",\"target\":{\"@type\":\"EntryPoint\",\"urlTemplate\":\"https:\/\/esthetic.sk\/?s={search_term_string}\"},\"query-input\":{\"@type\":\"PropertyValueSpecification\",\"valueRequired\":true,\"valueName\":\"search_term_string\"}}],\"inLanguage\":\"de\"},{\"@type\":\"Organization\",\"@id\":\"https:\/\/esthetic.sk\/#organization\",\"name\":\"Esthetic .s.r.o.\",\"url\":\"https:\/\/esthetic.sk\/\",\"logo\":{\"@type\":\"ImageObject\",\"inLanguage\":\"de\",\"@id\":\"https:\/\/esthetic.sk\/#\/schema\/logo\/image\/\",\"url\":\"https:\/\/esthetic.sk\/wp-content\/uploads\/2019\/02\/logo-1.svg\",\"contentUrl\":\"https:\/\/esthetic.sk\/wp-content\/uploads\/2019\/02\/logo-1.svg\",\"width\":1,\"height\":1,\"caption\":\"Esthetic .s.r.o.\"},\"image\":{\"@id\":\"https:\/\/esthetic.sk\/#\/schema\/logo\/image\/\"},\"sameAs\":[\"https:\/\/www.facebook.com\/Klinikaesthetic\",\"https:\/\/www.instagram.com\/klinikaesthetic\/\",\"https:\/\/www.youtube.com\/channel\/UC8AgtXNjHpne8qWdj9szu1A\"]}]}<\/script>\n<!-- \/ Yoast SEO plugin. -->","yoast_head_json":{"title":"Augenbrauenlift | Augenbrauenlift | Ligting | Esthetic Bratislava","description":"Augenbrauenlifting - Das Augenbrauenlifting ist ein chirurgischer Eingriff, der h\u00e4ngende Augenbrauen, einen traurigen\/m\u00fcrrischen Ausdruck und Falten auf der Stirn beseitigt.","robots":{"index":"index","follow":"follow","max-snippet":"max-snippet:-1","max-image-preview":"max-image-preview:large","max-video-preview":"max-video-preview:-1"},"canonical":"https:\/\/esthetic.sk\/de\/plastische-chirurgie\/gesicht\/augenbrauenlift-augenbrauenlift\/","og_locale":"de_DE","og_type":"article","og_title":"Augenbrauenlift | Augenbrauenlift | Ligting | Esthetic Bratislava","og_description":"Augenbrauenlifting - Das Augenbrauenlifting ist ein chirurgischer Eingriff, der h\u00e4ngende Augenbrauen, einen traurigen\/m\u00fcrrischen Ausdruck und Falten auf der Stirn beseitigt.","og_url":"https:\/\/esthetic.sk\/de\/plastische-chirurgie\/gesicht\/augenbrauenlift-augenbrauenlift\/","og_site_name":"Esthetic Bratislava","article_publisher":"https:\/\/www.facebook.com\/Klinikaesthetic","og_image":[{"width":1920,"height":1080,"url":"https:\/\/esthetic.sk\/wp-content\/uploads\/2019\/02\/big1-1.png","type":"image\/png"}],"twitter_card":"summary_large_image","schema":{"@context":"https:\/\/schema.org","@graph":[{"@type":"WebPage","@id":"https:\/\/esthetic.sk\/de\/plastische-chirurgie\/gesicht\/augenbrauenlift-augenbrauenlift\/","url":"https:\/\/esthetic.sk\/de\/plastische-chirurgie\/gesicht\/augenbrauenlift-augenbrauenlift\/","name":"Augenbrauenlift | Augenbrauenlift | Ligting | Esthetic Bratislava","isPartOf":{"@id":"https:\/\/esthetic.sk\/#website"},"primaryImageOfPage":{"@id":"https:\/\/esthetic.sk\/de\/plastische-chirurgie\/gesicht\/augenbrauenlift-augenbrauenlift\/#primaryimage"},"image":{"@id":"https:\/\/esthetic.sk\/de\/plastische-chirurgie\/gesicht\/augenbrauenlift-augenbrauenlift\/#primaryimage"},"thumbnailUrl":"https:\/\/esthetic.sk\/wp-content\/uploads\/2019\/02\/big1-1.png","datePublished":"2024-04-16T18:27:37+00:00","dateModified":"2024-04-16T18:27:37+00:00","description":"Augenbrauenlifting - Das Augenbrauenlifting ist ein chirurgischer Eingriff, der h\u00e4ngende Augenbrauen, einen traurigen\/m\u00fcrrischen Ausdruck und Falten auf der Stirn beseitigt.","breadcrumb":{"@id":"https:\/\/esthetic.sk\/de\/plastische-chirurgie\/gesicht\/augenbrauenlift-augenbrauenlift\/#breadcrumb"},"inLanguage":"de","potentialAction":[{"@type":"ReadAction","target":["https:\/\/esthetic.sk\/de\/plastische-chirurgie\/gesicht\/augenbrauenlift-augenbrauenlift\/"]}]},{"@type":"ImageObject","inLanguage":"de","@id":"https:\/\/esthetic.sk\/de\/plastische-chirurgie\/gesicht\/augenbrauenlift-augenbrauenlift\/#primaryimage","url":"https:\/\/esthetic.sk\/wp-content\/uploads\/2019\/02\/big1-1.png","contentUrl":"https:\/\/esthetic.sk\/wp-content\/uploads\/2019\/02\/big1-1.png","width":1920,"height":1080},{"@type":"BreadcrumbList","@id":"https:\/\/esthetic.sk\/de\/plastische-chirurgie\/gesicht\/augenbrauenlift-augenbrauenlift\/#breadcrumb","itemListElement":[{"@type":"ListItem","position":1,"name":"Home","item":"https:\/\/esthetic.sk\/"},{"@type":"ListItem","position":2,"name":"Plastische Chirurgie","item":"https:\/\/esthetic.sk\/de\/plastische-chirurgie\/"},{"@type":"ListItem","position":3,"name":"Gesicht","item":"https:\/\/esthetic.sk\/plastische-chirurgie\/gesicht\/"},{"@type":"ListItem","position":4,"name":"Augenbrauenlift | Augenbrauenlift"}]},{"@type":"WebSite","@id":"https:\/\/esthetic.sk\/#website","url":"https:\/\/esthetic.sk\/","name":"Esthetic Bratislava","description":"R\u00fdchla cesta k dokonal\u00e9mu vz\u013eadu","publisher":{"@id":"https:\/\/esthetic.sk\/#organization"},"potentialAction":[{"@type":"SearchAction","target":{"@type":"EntryPoint","urlTemplate":"https:\/\/esthetic.sk\/?s={search_term_string}"},"query-input":{"@type":"PropertyValueSpecification","valueRequired":true,"valueName":"search_term_string"}}],"inLanguage":"de"},{"@type":"Organization","@id":"https:\/\/esthetic.sk\/#organization","name":"Esthetic .s.r.o.","url":"https:\/\/esthetic.sk\/","logo":{"@type":"ImageObject","inLanguage":"de","@id":"https:\/\/esthetic.sk\/#\/schema\/logo\/image\/","url":"https:\/\/esthetic.sk\/wp-content\/uploads\/2019\/02\/logo-1.svg","contentUrl":"https:\/\/esthetic.sk\/wp-content\/uploads\/2019\/02\/logo-1.svg","width":1,"height":1,"caption":"Esthetic .s.r.o."},"image":{"@id":"https:\/\/esthetic.sk\/#\/schema\/logo\/image\/"},"sameAs":["https:\/\/www.facebook.com\/Klinikaesthetic","https:\/\/www.instagram.com\/klinikaesthetic\/","https:\/\/www.youtube.com\/channel\/UC8AgtXNjHpne8qWdj9szu1A"]}]}},"_links":{"self":[{"href":"https:\/\/esthetic.sk\/de\/wp-json\/wp\/v2\/pages\/5820"}],"collection":[{"href":"https:\/\/esthetic.sk\/de\/wp-json\/wp\/v2\/pages"}],"about":[{"href":"https:\/\/esthetic.sk\/de\/wp-json\/wp\/v2\/types\/page"}],"author":[{"embeddable":true,"href":"https:\/\/esthetic.sk\/de\/wp-json\/wp\/v2\/users\/1"}],"replies":[{"embeddable":true,"href":"https:\/\/esthetic.sk\/de\/wp-json\/wp\/v2\/comments?post=5820"}],"version-history":[{"count":0,"href":"https:\/\/esthetic.sk\/de\/wp-json\/wp\/v2\/pages\/5820\/revisions"}],"up":[{"embeddable":true,"href":"https:\/\/esthetic.sk\/de\/wp-json\/wp\/v2\/pages\/5609"}],"wp:featuredmedia":[{"embeddable":true,"href":"https:\/\/esthetic.sk\/de\/wp-json\/wp\/v2\/media\/5510"}],"wp:attachment":[{"href":"https:\/\/esthetic.sk\/de\/wp-json\/wp\/v2\/media?parent=5820"}],"curies":[{"name":"wp","href":"https:\/\/api.w.org\/{rel}","templated":true}]}}