{"id":5707,"date":"2024-04-16T20:27:32","date_gmt":"2024-04-16T18:27:32","guid":{"rendered":"https:\/\/esthetic.sk\/plastische-chirurgie\/koerper\/laser-lipolyse\/"},"modified":"2024-04-16T20:27:32","modified_gmt":"2024-04-16T18:27:32","slug":"laser-lipolyse","status":"publish","type":"page","link":"https:\/\/esthetic.sk\/de\/plastische-chirurgie\/koerper\/laser-lipolyse\/","title":{"rendered":"Laser-Lipolyse"},"content":{"rendered":"<h2>Grundlegende Merkmale<\/h2>\n<ul>\n \t<li>K\u00f6rpermodellierung<\/li>\n \t<li>Aufl\u00f6sen von Fett in kleineren Bereichen<\/li>\n<\/ul>\n<h2>Intervention<\/h2>\nEs geht nicht darum, das Fett abzusaugen, sondern es aufzul\u00f6sen. Unter lokaler An\u00e4sthesie wird eine Laserfaser durch eine d\u00fcnne Kan\u00fcle in das subkutane Gewebe eingef\u00fchrt. Der Standort wird mit der empfohlenen Energie behandelt. Da es sich nicht um eine mechanische Entfernung von Fett handelt, sondern um dessen Aufl\u00f6sung, wird es \u00fcber einen Zeitraum von 2-3 Monaten allm\u00e4hlich vom Lymphsystem absorbiert.\n\nNach dem Eingriff\n\nDie Behandlung ist praktisch schmerzfrei und die Genesung erfolgt schnell. Minimale Schmerzen, oder besser gesagt Z\u00e4rtlichkeit, an der Behandlungsstelle bleiben f\u00fcr etwa 2 &#8211; 5 Tage bestehen. K\u00f6rperliche Aktivit\u00e4t ist nach einigen Tagen, sp\u00e4testens nach einer Woche, wieder m\u00f6glich. Es kann zu minimalen Bluterg\u00fcssen kommen. Es ist ratsam, f\u00fcr mindestens 10-14 Tage nach dem Eingriff Kompressionsw\u00e4sche (straffende Unterw\u00e4sche) zu tragen. Nach dieser Art der Behandlung besteht ein geringeres Risiko von Unregelm\u00e4\u00dfigkeiten im behandelten Bereich. Nach dem Eingriff eignet sich die maschinelle Lymphdrainage (ab der zweiten Woche) als Zusatzbehandlung, um die Absorption des gel\u00f6sten Fett-Lysats zu beschleunigen.\n<h2>Weitere Informationen<\/h2>\nSie sollten sich immer vor Augen halten, dass eine Fettabsaugung oder andere Methoden zur Fettreduzierung in der Problemzone eine Art &#8222;Body Contouring&#8220;, d.h. K\u00f6rpermodellierung, darstellen. Wenn der Patient bereits abgenommen hat und an einigen Stellen noch kleine Ansammlungen vorhanden sind &#8211; dies sind in der Regel angeborene K\u00f6rperkonfigurationen (wie dickere Kn\u00f6chel, breitere Schultern, Oberschenkel, Knie, angeborene Fettansammlungen im Kinnbereich usw.)\n\n&nbsp;","protected":false},"excerpt":{"rendered":"Grundlegende Merkmale K\u00f6rpermodellierung Aufl\u00f6sen von Fett in kleineren Bereichen Intervention Es geht nicht darum, das Fett abzusaugen, sondern es aufzul\u00f6sen. Unter lokaler An\u00e4sthesie wird eine Laserfaser durch eine d\u00fcnne Kan\u00fcle in das subkutane Gewebe eingef\u00fchrt. Der Standort wird mit der empfohlenen Energie behandelt. Da es sich nicht um eine mechanische Entfernung von Fett handelt, sondern","protected":false},"author":1,"featured_media":5514,"parent":5545,"menu_order":6,"comment_status":"closed","ping_status":"closed","template":"","meta":{"inline_featured_image":false,"footnotes":""},"class_list":["post-5707","page","type-page","status-publish","has-post-thumbnail","hentry"],"yoast_head":"<!-- This site is optimized with the Yoast SEO plugin v23.7 - https:\/\/yoast.com\/wordpress\/plugins\/seo\/ -->\n<title>Laser-Lipolyse | aufl\u00f6sung | Esthetic Bratislava<\/title>\n<meta name=\"description\" content=\"Laser-Lipolyse - Aufl\u00f6sen kleinerer Fettmengen in Unregelm\u00e4\u00dfigkeiten - K\u00f6rperkonturierung. Es geht nicht darum, das Fett abzusaugen, sondern es aufzul\u00f6sen.\" \/>\n<meta name=\"robots\" content=\"index, follow, max-snippet:-1, max-image-preview:large, max-video-preview:-1\" \/>\n<link rel=\"canonical\" href=\"https:\/\/esthetic.sk\/de\/plastische-chirurgie\/koerper\/laser-lipolyse\/\" \/>\n<meta property=\"og:locale\" content=\"de_DE\" \/>\n<meta property=\"og:type\" content=\"article\" \/>\n<meta property=\"og:title\" content=\"Laser-Lipolyse | aufl\u00f6sung | Esthetic Bratislava\" \/>\n<meta property=\"og:description\" content=\"Laser-Lipolyse - Aufl\u00f6sen kleinerer Fettmengen in Unregelm\u00e4\u00dfigkeiten - K\u00f6rperkonturierung. Es geht nicht darum, das Fett abzusaugen, sondern es aufzul\u00f6sen.\" \/>\n<meta property=\"og:url\" content=\"https:\/\/esthetic.sk\/de\/plastische-chirurgie\/koerper\/laser-lipolyse\/\" \/>\n<meta property=\"og:site_name\" content=\"Esthetic Bratislava\" \/>\n<meta property=\"article:publisher\" content=\"https:\/\/www.facebook.com\/Klinikaesthetic\" \/>\n<meta property=\"og:image\" content=\"https:\/\/esthetic.sk\/wp-content\/uploads\/2019\/02\/big5.jpg\" \/>\n\t<meta property=\"og:image:width\" content=\"1920\" \/>\n\t<meta property=\"og:image:height\" content=\"1080\" \/>\n\t<meta property=\"og:image:type\" content=\"image\/jpeg\" \/>\n<meta name=\"twitter:card\" content=\"summary_large_image\" \/>\n<meta name=\"twitter:label1\" content=\"Gesch\u00e4tzte Lesezeit\" \/>\n\t<meta name=\"twitter:data1\" content=\"1\u00a0Minute\" \/>\n<script type=\"application\/ld+json\" class=\"yoast-schema-graph\">{\"@context\":\"https:\/\/schema.org\",\"@graph\":[{\"@type\":\"WebPage\",\"@id\":\"https:\/\/esthetic.sk\/de\/plastische-chirurgie\/koerper\/laser-lipolyse\/\",\"url\":\"https:\/\/esthetic.sk\/de\/plastische-chirurgie\/koerper\/laser-lipolyse\/\",\"name\":\"Laser-Lipolyse | aufl\u00f6sung | Esthetic Bratislava\",\"isPartOf\":{\"@id\":\"https:\/\/esthetic.sk\/#website\"},\"primaryImageOfPage\":{\"@id\":\"https:\/\/esthetic.sk\/de\/plastische-chirurgie\/koerper\/laser-lipolyse\/#primaryimage\"},\"image\":{\"@id\":\"https:\/\/esthetic.sk\/de\/plastische-chirurgie\/koerper\/laser-lipolyse\/#primaryimage\"},\"thumbnailUrl\":\"https:\/\/esthetic.sk\/wp-content\/uploads\/2019\/02\/big5.jpg\",\"datePublished\":\"2024-04-16T18:27:32+00:00\",\"dateModified\":\"2024-04-16T18:27:32+00:00\",\"description\":\"Laser-Lipolyse - Aufl\u00f6sen kleinerer Fettmengen in Unregelm\u00e4\u00dfigkeiten - K\u00f6rperkonturierung. Es geht nicht darum, das Fett abzusaugen, sondern es aufzul\u00f6sen.\",\"breadcrumb\":{\"@id\":\"https:\/\/esthetic.sk\/de\/plastische-chirurgie\/koerper\/laser-lipolyse\/#breadcrumb\"},\"inLanguage\":\"de\",\"potentialAction\":[{\"@type\":\"ReadAction\",\"target\":[\"https:\/\/esthetic.sk\/de\/plastische-chirurgie\/koerper\/laser-lipolyse\/\"]}]},{\"@type\":\"ImageObject\",\"inLanguage\":\"de\",\"@id\":\"https:\/\/esthetic.sk\/de\/plastische-chirurgie\/koerper\/laser-lipolyse\/#primaryimage\",\"url\":\"https:\/\/esthetic.sk\/wp-content\/uploads\/2019\/02\/big5.jpg\",\"contentUrl\":\"https:\/\/esthetic.sk\/wp-content\/uploads\/2019\/02\/big5.jpg\",\"width\":1920,\"height\":1080},{\"@type\":\"BreadcrumbList\",\"@id\":\"https:\/\/esthetic.sk\/de\/plastische-chirurgie\/koerper\/laser-lipolyse\/#breadcrumb\",\"itemListElement\":[{\"@type\":\"ListItem\",\"position\":1,\"name\":\"Home\",\"item\":\"https:\/\/esthetic.sk\/\"},{\"@type\":\"ListItem\",\"position\":2,\"name\":\"Plastische Chirurgie\",\"item\":\"https:\/\/esthetic.sk\/de\/plastische-chirurgie\/\"},{\"@type\":\"ListItem\",\"position\":3,\"name\":\"K\u00f6rper\",\"item\":\"https:\/\/esthetic.sk\/plastische-chirurgie\/koerper\/\"},{\"@type\":\"ListItem\",\"position\":4,\"name\":\"Laser-Lipolyse\"}]},{\"@type\":\"WebSite\",\"@id\":\"https:\/\/esthetic.sk\/#website\",\"url\":\"https:\/\/esthetic.sk\/\",\"name\":\"Esthetic Bratislava\",\"description\":\"R\u00fdchla cesta k dokonal\u00e9mu vz\u013eadu\",\"publisher\":{\"@id\":\"https:\/\/esthetic.sk\/#organization\"},\"potentialAction\":[{\"@type\":\"SearchAction\",\"target\":{\"@type\":\"EntryPoint\",\"urlTemplate\":\"https:\/\/esthetic.sk\/?s={search_term_string}\"},\"query-input\":{\"@type\":\"PropertyValueSpecification\",\"valueRequired\":true,\"valueName\":\"search_term_string\"}}],\"inLanguage\":\"de\"},{\"@type\":\"Organization\",\"@id\":\"https:\/\/esthetic.sk\/#organization\",\"name\":\"Esthetic .s.r.o.\",\"url\":\"https:\/\/esthetic.sk\/\",\"logo\":{\"@type\":\"ImageObject\",\"inLanguage\":\"de\",\"@id\":\"https:\/\/esthetic.sk\/#\/schema\/logo\/image\/\",\"url\":\"https:\/\/esthetic.sk\/wp-content\/uploads\/2019\/02\/logo-1.svg\",\"contentUrl\":\"https:\/\/esthetic.sk\/wp-content\/uploads\/2019\/02\/logo-1.svg\",\"width\":1,\"height\":1,\"caption\":\"Esthetic .s.r.o.\"},\"image\":{\"@id\":\"https:\/\/esthetic.sk\/#\/schema\/logo\/image\/\"},\"sameAs\":[\"https:\/\/www.facebook.com\/Klinikaesthetic\",\"https:\/\/www.instagram.com\/klinikaesthetic\/\",\"https:\/\/www.youtube.com\/channel\/UC8AgtXNjHpne8qWdj9szu1A\"]}]}<\/script>\n<!-- \/ Yoast SEO plugin. -->","yoast_head_json":{"title":"Laser-Lipolyse | aufl\u00f6sung | Esthetic Bratislava","description":"Laser-Lipolyse - Aufl\u00f6sen kleinerer Fettmengen in Unregelm\u00e4\u00dfigkeiten - K\u00f6rperkonturierung. Es geht nicht darum, das Fett abzusaugen, sondern es aufzul\u00f6sen.","robots":{"index":"index","follow":"follow","max-snippet":"max-snippet:-1","max-image-preview":"max-image-preview:large","max-video-preview":"max-video-preview:-1"},"canonical":"https:\/\/esthetic.sk\/de\/plastische-chirurgie\/koerper\/laser-lipolyse\/","og_locale":"de_DE","og_type":"article","og_title":"Laser-Lipolyse | aufl\u00f6sung | Esthetic Bratislava","og_description":"Laser-Lipolyse - Aufl\u00f6sen kleinerer Fettmengen in Unregelm\u00e4\u00dfigkeiten - K\u00f6rperkonturierung. Es geht nicht darum, das Fett abzusaugen, sondern es aufzul\u00f6sen.","og_url":"https:\/\/esthetic.sk\/de\/plastische-chirurgie\/koerper\/laser-lipolyse\/","og_site_name":"Esthetic Bratislava","article_publisher":"https:\/\/www.facebook.com\/Klinikaesthetic","og_image":[{"width":1920,"height":1080,"url":"https:\/\/esthetic.sk\/wp-content\/uploads\/2019\/02\/big5.jpg","type":"image\/jpeg"}],"twitter_card":"summary_large_image","twitter_misc":{"Gesch\u00e4tzte Lesezeit":"1\u00a0Minute"},"schema":{"@context":"https:\/\/schema.org","@graph":[{"@type":"WebPage","@id":"https:\/\/esthetic.sk\/de\/plastische-chirurgie\/koerper\/laser-lipolyse\/","url":"https:\/\/esthetic.sk\/de\/plastische-chirurgie\/koerper\/laser-lipolyse\/","name":"Laser-Lipolyse | aufl\u00f6sung | Esthetic Bratislava","isPartOf":{"@id":"https:\/\/esthetic.sk\/#website"},"primaryImageOfPage":{"@id":"https:\/\/esthetic.sk\/de\/plastische-chirurgie\/koerper\/laser-lipolyse\/#primaryimage"},"image":{"@id":"https:\/\/esthetic.sk\/de\/plastische-chirurgie\/koerper\/laser-lipolyse\/#primaryimage"},"thumbnailUrl":"https:\/\/esthetic.sk\/wp-content\/uploads\/2019\/02\/big5.jpg","datePublished":"2024-04-16T18:27:32+00:00","dateModified":"2024-04-16T18:27:32+00:00","description":"Laser-Lipolyse - Aufl\u00f6sen kleinerer Fettmengen in Unregelm\u00e4\u00dfigkeiten - K\u00f6rperkonturierung. Es geht nicht darum, das Fett abzusaugen, sondern es aufzul\u00f6sen.","breadcrumb":{"@id":"https:\/\/esthetic.sk\/de\/plastische-chirurgie\/koerper\/laser-lipolyse\/#breadcrumb"},"inLanguage":"de","potentialAction":[{"@type":"ReadAction","target":["https:\/\/esthetic.sk\/de\/plastische-chirurgie\/koerper\/laser-lipolyse\/"]}]},{"@type":"ImageObject","inLanguage":"de","@id":"https:\/\/esthetic.sk\/de\/plastische-chirurgie\/koerper\/laser-lipolyse\/#primaryimage","url":"https:\/\/esthetic.sk\/wp-content\/uploads\/2019\/02\/big5.jpg","contentUrl":"https:\/\/esthetic.sk\/wp-content\/uploads\/2019\/02\/big5.jpg","width":1920,"height":1080},{"@type":"BreadcrumbList","@id":"https:\/\/esthetic.sk\/de\/plastische-chirurgie\/koerper\/laser-lipolyse\/#breadcrumb","itemListElement":[{"@type":"ListItem","position":1,"name":"Home","item":"https:\/\/esthetic.sk\/"},{"@type":"ListItem","position":2,"name":"Plastische Chirurgie","item":"https:\/\/esthetic.sk\/de\/plastische-chirurgie\/"},{"@type":"ListItem","position":3,"name":"K\u00f6rper","item":"https:\/\/esthetic.sk\/plastische-chirurgie\/koerper\/"},{"@type":"ListItem","position":4,"name":"Laser-Lipolyse"}]},{"@type":"WebSite","@id":"https:\/\/esthetic.sk\/#website","url":"https:\/\/esthetic.sk\/","name":"Esthetic Bratislava","description":"R\u00fdchla cesta k dokonal\u00e9mu vz\u013eadu","publisher":{"@id":"https:\/\/esthetic.sk\/#organization"},"potentialAction":[{"@type":"SearchAction","target":{"@type":"EntryPoint","urlTemplate":"https:\/\/esthetic.sk\/?s={search_term_string}"},"query-input":{"@type":"PropertyValueSpecification","valueRequired":true,"valueName":"search_term_string"}}],"inLanguage":"de"},{"@type":"Organization","@id":"https:\/\/esthetic.sk\/#organization","name":"Esthetic .s.r.o.","url":"https:\/\/esthetic.sk\/","logo":{"@type":"ImageObject","inLanguage":"de","@id":"https:\/\/esthetic.sk\/#\/schema\/logo\/image\/","url":"https:\/\/esthetic.sk\/wp-content\/uploads\/2019\/02\/logo-1.svg","contentUrl":"https:\/\/esthetic.sk\/wp-content\/uploads\/2019\/02\/logo-1.svg","width":1,"height":1,"caption":"Esthetic .s.r.o."},"image":{"@id":"https:\/\/esthetic.sk\/#\/schema\/logo\/image\/"},"sameAs":["https:\/\/www.facebook.com\/Klinikaesthetic","https:\/\/www.instagram.com\/klinikaesthetic\/","https:\/\/www.youtube.com\/channel\/UC8AgtXNjHpne8qWdj9szu1A"]}]}},"_links":{"self":[{"href":"https:\/\/esthetic.sk\/de\/wp-json\/wp\/v2\/pages\/5707"}],"collection":[{"href":"https:\/\/esthetic.sk\/de\/wp-json\/wp\/v2\/pages"}],"about":[{"href":"https:\/\/esthetic.sk\/de\/wp-json\/wp\/v2\/types\/page"}],"author":[{"embeddable":true,"href":"https:\/\/esthetic.sk\/de\/wp-json\/wp\/v2\/users\/1"}],"replies":[{"embeddable":true,"href":"https:\/\/esthetic.sk\/de\/wp-json\/wp\/v2\/comments?post=5707"}],"version-history":[{"count":0,"href":"https:\/\/esthetic.sk\/de\/wp-json\/wp\/v2\/pages\/5707\/revisions"}],"up":[{"embeddable":true,"href":"https:\/\/esthetic.sk\/de\/wp-json\/wp\/v2\/pages\/5545"}],"wp:featuredmedia":[{"embeddable":true,"href":"https:\/\/esthetic.sk\/de\/wp-json\/wp\/v2\/media\/5514"}],"wp:attachment":[{"href":"https:\/\/esthetic.sk\/de\/wp-json\/wp\/v2\/media?parent=5707"}],"curies":[{"name":"wp","href":"https:\/\/api.w.org\/{rel}","templated":true}]}}