{"id":5653,"date":"2024-04-16T20:27:31","date_gmt":"2024-04-16T18:27:31","guid":{"rendered":"https:\/\/esthetic.sk\/plastische-chirurgie\/gesicht\/gesichtsimplantate\/"},"modified":"2025-09-12T08:37:03","modified_gmt":"2025-09-12T06:37:03","slug":"gesichtsimplantate","status":"publish","type":"page","link":"https:\/\/esthetic.sk\/de\/plastische-chirurgie\/gesicht\/gesichtsimplantate\/","title":{"rendered":"Gesichtsimplantate"},"content":{"rendered":"<h2>Grundlegende Merkmale<\/h2>\nSilikonimplantate werden zur Akzentuierung oder Verst\u00e4rkung des Gesichtsskeletts verwendet, insbesondere im Bereich der:\n<ul>\n\n \t<li>Bart<\/li>\n \t<li>Unterkiefer<\/li>\n<\/ul>\n<h2>Intervention<\/h2>\nDer Eingriff wird auf Wunsch des Kunden unter \u00f6rtlicher Bet\u00e4ubung durchgef\u00fchrt, und der Kunde geht unmittelbar nach dem Eingriff nach Hause. Die Schnitte befinden sich in der Mundh\u00f6hle oder in der Furche unter dem Kinn. \n\n&nbsp;\n<h2>Dauer und Wirkung<\/h2>\nDer Eingriff dauert etwa eine Stunde und die Wirkung ist dauerhaft.\n<h2>Nach dem Eingriff<\/h2>\nGefolgt von einer 2-w\u00f6chigen Erholungsphase. W\u00e4hrend dieser Zeit wird das Gesicht mit einem Pflaster an der Stelle der Implantate fixiert. Das Implantat ist nach der Operation weder sichtbar noch tastbar. Das Gesicht erholt sich nach der Operation innerhalb von 2-3 Wochen vollst\u00e4ndig   \n<h2>Risiken<\/h2>\n<ul>\n \t<li>Schwellungen<\/li>\n<\/ul>","protected":false},"excerpt":{"rendered":"Grundlegende Merkmale Silikonimplantate werden zur Akzentuierung oder Verst\u00e4rkung des Gesichtsskeletts verwendet, insbesondere im Bereich der: Bart Unterkiefer Intervention Der Eingriff wird auf Wunsch des Kunden unter \u00f6rtlicher Bet\u00e4ubung durchgef\u00fchrt, und der Kunde geht unmittelbar nach dem Eingriff nach Hause. Die Schnitte befinden sich in der Mundh\u00f6hle oder in der Furche unter dem Kinn. &nbsp; Dauer","protected":false},"author":1,"featured_media":5509,"parent":5609,"menu_order":0,"comment_status":"closed","ping_status":"closed","template":"","meta":{"inline_featured_image":false,"footnotes":""},"class_list":["post-5653","page","type-page","status-publish","has-post-thumbnail","hentry"],"yoast_head":"<!-- This site is optimized with the Yoast SEO plugin v23.7 - https:\/\/yoast.com\/wordpress\/plugins\/seo\/ -->\n<title>Gesichtsimplantate | | Esthetic Bratislava<\/title>\n<meta name=\"description\" content=\"Gesichtsimplantate sind feine, elastisch weiche Silikonplatten in verschiedenen Formen und Gr\u00f6\u00dfen. Sie werden verwendet, um das Gesichtsskelett zu akzentuieren oder zu verst\u00e4rken.\" \/>\n<meta name=\"robots\" content=\"index, follow, max-snippet:-1, max-image-preview:large, max-video-preview:-1\" \/>\n<link rel=\"canonical\" href=\"https:\/\/esthetic.sk\/de\/plastische-chirurgie\/gesicht\/gesichtsimplantate\/\" \/>\n<meta property=\"og:locale\" content=\"de_DE\" \/>\n<meta property=\"og:type\" content=\"article\" \/>\n<meta property=\"og:title\" content=\"Gesichtsimplantate | | Esthetic Bratislava\" \/>\n<meta property=\"og:description\" content=\"Gesichtsimplantate sind feine, elastisch weiche Silikonplatten in verschiedenen Formen und Gr\u00f6\u00dfen. Sie werden verwendet, um das Gesichtsskelett zu akzentuieren oder zu verst\u00e4rken.\" \/>\n<meta property=\"og:url\" content=\"https:\/\/esthetic.sk\/de\/plastische-chirurgie\/gesicht\/gesichtsimplantate\/\" \/>\n<meta property=\"og:site_name\" content=\"Esthetic Bratislava\" \/>\n<meta property=\"article:publisher\" content=\"https:\/\/www.facebook.com\/Klinikaesthetic\" \/>\n<meta property=\"article:modified_time\" content=\"2025-09-12T06:37:03+00:00\" \/>\n<meta property=\"og:image\" content=\"https:\/\/esthetic.sk\/wp-content\/uploads\/2019\/02\/big1-1.jpg\" \/>\n\t<meta property=\"og:image:width\" content=\"1920\" \/>\n\t<meta property=\"og:image:height\" content=\"1080\" \/>\n\t<meta property=\"og:image:type\" content=\"image\/jpeg\" \/>\n<meta name=\"twitter:card\" content=\"summary_large_image\" \/>\n<meta name=\"twitter:label1\" content=\"Gesch\u00e4tzte Lesezeit\" \/>\n\t<meta name=\"twitter:data1\" content=\"1\u00a0Minute\" \/>\n<script type=\"application\/ld+json\" class=\"yoast-schema-graph\">{\"@context\":\"https:\/\/schema.org\",\"@graph\":[{\"@type\":\"WebPage\",\"@id\":\"https:\/\/esthetic.sk\/de\/plastische-chirurgie\/gesicht\/gesichtsimplantate\/\",\"url\":\"https:\/\/esthetic.sk\/de\/plastische-chirurgie\/gesicht\/gesichtsimplantate\/\",\"name\":\"Gesichtsimplantate | | Esthetic Bratislava\",\"isPartOf\":{\"@id\":\"https:\/\/esthetic.sk\/#website\"},\"primaryImageOfPage\":{\"@id\":\"https:\/\/esthetic.sk\/de\/plastische-chirurgie\/gesicht\/gesichtsimplantate\/#primaryimage\"},\"image\":{\"@id\":\"https:\/\/esthetic.sk\/de\/plastische-chirurgie\/gesicht\/gesichtsimplantate\/#primaryimage\"},\"thumbnailUrl\":\"https:\/\/esthetic.sk\/wp-content\/uploads\/2019\/02\/big1-1.jpg\",\"datePublished\":\"2024-04-16T18:27:31+00:00\",\"dateModified\":\"2025-09-12T06:37:03+00:00\",\"description\":\"Gesichtsimplantate sind feine, elastisch weiche Silikonplatten in verschiedenen Formen und Gr\u00f6\u00dfen. Sie werden verwendet, um das Gesichtsskelett zu akzentuieren oder zu verst\u00e4rken.\",\"breadcrumb\":{\"@id\":\"https:\/\/esthetic.sk\/de\/plastische-chirurgie\/gesicht\/gesichtsimplantate\/#breadcrumb\"},\"inLanguage\":\"de\",\"potentialAction\":[{\"@type\":\"ReadAction\",\"target\":[\"https:\/\/esthetic.sk\/de\/plastische-chirurgie\/gesicht\/gesichtsimplantate\/\"]}]},{\"@type\":\"ImageObject\",\"inLanguage\":\"de\",\"@id\":\"https:\/\/esthetic.sk\/de\/plastische-chirurgie\/gesicht\/gesichtsimplantate\/#primaryimage\",\"url\":\"https:\/\/esthetic.sk\/wp-content\/uploads\/2019\/02\/big1-1.jpg\",\"contentUrl\":\"https:\/\/esthetic.sk\/wp-content\/uploads\/2019\/02\/big1-1.jpg\",\"width\":1920,\"height\":1080},{\"@type\":\"BreadcrumbList\",\"@id\":\"https:\/\/esthetic.sk\/de\/plastische-chirurgie\/gesicht\/gesichtsimplantate\/#breadcrumb\",\"itemListElement\":[{\"@type\":\"ListItem\",\"position\":1,\"name\":\"Home\",\"item\":\"https:\/\/esthetic.sk\/\"},{\"@type\":\"ListItem\",\"position\":2,\"name\":\"Plastische Chirurgie\",\"item\":\"https:\/\/esthetic.sk\/de\/plastische-chirurgie\/\"},{\"@type\":\"ListItem\",\"position\":3,\"name\":\"Gesicht\",\"item\":\"https:\/\/esthetic.sk\/plastische-chirurgie\/gesicht\/\"},{\"@type\":\"ListItem\",\"position\":4,\"name\":\"Gesichtsimplantate\"}]},{\"@type\":\"WebSite\",\"@id\":\"https:\/\/esthetic.sk\/#website\",\"url\":\"https:\/\/esthetic.sk\/\",\"name\":\"Esthetic Bratislava\",\"description\":\"R\u00fdchla cesta k dokonal\u00e9mu vz\u013eadu\",\"publisher\":{\"@id\":\"https:\/\/esthetic.sk\/#organization\"},\"potentialAction\":[{\"@type\":\"SearchAction\",\"target\":{\"@type\":\"EntryPoint\",\"urlTemplate\":\"https:\/\/esthetic.sk\/?s={search_term_string}\"},\"query-input\":{\"@type\":\"PropertyValueSpecification\",\"valueRequired\":true,\"valueName\":\"search_term_string\"}}],\"inLanguage\":\"de\"},{\"@type\":\"Organization\",\"@id\":\"https:\/\/esthetic.sk\/#organization\",\"name\":\"Esthetic .s.r.o.\",\"url\":\"https:\/\/esthetic.sk\/\",\"logo\":{\"@type\":\"ImageObject\",\"inLanguage\":\"de\",\"@id\":\"https:\/\/esthetic.sk\/#\/schema\/logo\/image\/\",\"url\":\"https:\/\/esthetic.sk\/wp-content\/uploads\/2019\/02\/logo-1.svg\",\"contentUrl\":\"https:\/\/esthetic.sk\/wp-content\/uploads\/2019\/02\/logo-1.svg\",\"width\":1,\"height\":1,\"caption\":\"Esthetic .s.r.o.\"},\"image\":{\"@id\":\"https:\/\/esthetic.sk\/#\/schema\/logo\/image\/\"},\"sameAs\":[\"https:\/\/www.facebook.com\/Klinikaesthetic\",\"https:\/\/www.instagram.com\/klinikaesthetic\/\",\"https:\/\/www.youtube.com\/channel\/UC8AgtXNjHpne8qWdj9szu1A\"]}]}<\/script>\n<!-- \/ Yoast SEO plugin. -->","yoast_head_json":{"title":"Gesichtsimplantate | | Esthetic Bratislava","description":"Gesichtsimplantate sind feine, elastisch weiche Silikonplatten in verschiedenen Formen und Gr\u00f6\u00dfen. Sie werden verwendet, um das Gesichtsskelett zu akzentuieren oder zu verst\u00e4rken.","robots":{"index":"index","follow":"follow","max-snippet":"max-snippet:-1","max-image-preview":"max-image-preview:large","max-video-preview":"max-video-preview:-1"},"canonical":"https:\/\/esthetic.sk\/de\/plastische-chirurgie\/gesicht\/gesichtsimplantate\/","og_locale":"de_DE","og_type":"article","og_title":"Gesichtsimplantate | | Esthetic Bratislava","og_description":"Gesichtsimplantate sind feine, elastisch weiche Silikonplatten in verschiedenen Formen und Gr\u00f6\u00dfen. Sie werden verwendet, um das Gesichtsskelett zu akzentuieren oder zu verst\u00e4rken.","og_url":"https:\/\/esthetic.sk\/de\/plastische-chirurgie\/gesicht\/gesichtsimplantate\/","og_site_name":"Esthetic Bratislava","article_publisher":"https:\/\/www.facebook.com\/Klinikaesthetic","article_modified_time":"2025-09-12T06:37:03+00:00","og_image":[{"width":1920,"height":1080,"url":"https:\/\/esthetic.sk\/wp-content\/uploads\/2019\/02\/big1-1.jpg","type":"image\/jpeg"}],"twitter_card":"summary_large_image","twitter_misc":{"Gesch\u00e4tzte Lesezeit":"1\u00a0Minute"},"schema":{"@context":"https:\/\/schema.org","@graph":[{"@type":"WebPage","@id":"https:\/\/esthetic.sk\/de\/plastische-chirurgie\/gesicht\/gesichtsimplantate\/","url":"https:\/\/esthetic.sk\/de\/plastische-chirurgie\/gesicht\/gesichtsimplantate\/","name":"Gesichtsimplantate | | Esthetic Bratislava","isPartOf":{"@id":"https:\/\/esthetic.sk\/#website"},"primaryImageOfPage":{"@id":"https:\/\/esthetic.sk\/de\/plastische-chirurgie\/gesicht\/gesichtsimplantate\/#primaryimage"},"image":{"@id":"https:\/\/esthetic.sk\/de\/plastische-chirurgie\/gesicht\/gesichtsimplantate\/#primaryimage"},"thumbnailUrl":"https:\/\/esthetic.sk\/wp-content\/uploads\/2019\/02\/big1-1.jpg","datePublished":"2024-04-16T18:27:31+00:00","dateModified":"2025-09-12T06:37:03+00:00","description":"Gesichtsimplantate sind feine, elastisch weiche Silikonplatten in verschiedenen Formen und Gr\u00f6\u00dfen. Sie werden verwendet, um das Gesichtsskelett zu akzentuieren oder zu verst\u00e4rken.","breadcrumb":{"@id":"https:\/\/esthetic.sk\/de\/plastische-chirurgie\/gesicht\/gesichtsimplantate\/#breadcrumb"},"inLanguage":"de","potentialAction":[{"@type":"ReadAction","target":["https:\/\/esthetic.sk\/de\/plastische-chirurgie\/gesicht\/gesichtsimplantate\/"]}]},{"@type":"ImageObject","inLanguage":"de","@id":"https:\/\/esthetic.sk\/de\/plastische-chirurgie\/gesicht\/gesichtsimplantate\/#primaryimage","url":"https:\/\/esthetic.sk\/wp-content\/uploads\/2019\/02\/big1-1.jpg","contentUrl":"https:\/\/esthetic.sk\/wp-content\/uploads\/2019\/02\/big1-1.jpg","width":1920,"height":1080},{"@type":"BreadcrumbList","@id":"https:\/\/esthetic.sk\/de\/plastische-chirurgie\/gesicht\/gesichtsimplantate\/#breadcrumb","itemListElement":[{"@type":"ListItem","position":1,"name":"Home","item":"https:\/\/esthetic.sk\/"},{"@type":"ListItem","position":2,"name":"Plastische Chirurgie","item":"https:\/\/esthetic.sk\/de\/plastische-chirurgie\/"},{"@type":"ListItem","position":3,"name":"Gesicht","item":"https:\/\/esthetic.sk\/plastische-chirurgie\/gesicht\/"},{"@type":"ListItem","position":4,"name":"Gesichtsimplantate"}]},{"@type":"WebSite","@id":"https:\/\/esthetic.sk\/#website","url":"https:\/\/esthetic.sk\/","name":"Esthetic Bratislava","description":"R\u00fdchla cesta k dokonal\u00e9mu vz\u013eadu","publisher":{"@id":"https:\/\/esthetic.sk\/#organization"},"potentialAction":[{"@type":"SearchAction","target":{"@type":"EntryPoint","urlTemplate":"https:\/\/esthetic.sk\/?s={search_term_string}"},"query-input":{"@type":"PropertyValueSpecification","valueRequired":true,"valueName":"search_term_string"}}],"inLanguage":"de"},{"@type":"Organization","@id":"https:\/\/esthetic.sk\/#organization","name":"Esthetic .s.r.o.","url":"https:\/\/esthetic.sk\/","logo":{"@type":"ImageObject","inLanguage":"de","@id":"https:\/\/esthetic.sk\/#\/schema\/logo\/image\/","url":"https:\/\/esthetic.sk\/wp-content\/uploads\/2019\/02\/logo-1.svg","contentUrl":"https:\/\/esthetic.sk\/wp-content\/uploads\/2019\/02\/logo-1.svg","width":1,"height":1,"caption":"Esthetic .s.r.o."},"image":{"@id":"https:\/\/esthetic.sk\/#\/schema\/logo\/image\/"},"sameAs":["https:\/\/www.facebook.com\/Klinikaesthetic","https:\/\/www.instagram.com\/klinikaesthetic\/","https:\/\/www.youtube.com\/channel\/UC8AgtXNjHpne8qWdj9szu1A"]}]}},"_links":{"self":[{"href":"https:\/\/esthetic.sk\/de\/wp-json\/wp\/v2\/pages\/5653"}],"collection":[{"href":"https:\/\/esthetic.sk\/de\/wp-json\/wp\/v2\/pages"}],"about":[{"href":"https:\/\/esthetic.sk\/de\/wp-json\/wp\/v2\/types\/page"}],"author":[{"embeddable":true,"href":"https:\/\/esthetic.sk\/de\/wp-json\/wp\/v2\/users\/1"}],"replies":[{"embeddable":true,"href":"https:\/\/esthetic.sk\/de\/wp-json\/wp\/v2\/comments?post=5653"}],"version-history":[{"count":2,"href":"https:\/\/esthetic.sk\/de\/wp-json\/wp\/v2\/pages\/5653\/revisions"}],"predecessor-version":[{"id":8902,"href":"https:\/\/esthetic.sk\/de\/wp-json\/wp\/v2\/pages\/5653\/revisions\/8902"}],"up":[{"embeddable":true,"href":"https:\/\/esthetic.sk\/de\/wp-json\/wp\/v2\/pages\/5609"}],"wp:featuredmedia":[{"embeddable":true,"href":"https:\/\/esthetic.sk\/de\/wp-json\/wp\/v2\/media\/5509"}],"wp:attachment":[{"href":"https:\/\/esthetic.sk\/de\/wp-json\/wp\/v2\/media?parent=5653"}],"curies":[{"name":"wp","href":"https:\/\/api.w.org\/{rel}","templated":true}]}}