{"id":5648,"date":"2024-04-16T20:27:30","date_gmt":"2024-04-16T18:27:30","guid":{"rendered":"https:\/\/esthetic.sk\/plastische-chirurgie\/koerper\/plastische-chirurgie-im-intimbereich-labioplastik\/"},"modified":"2024-04-16T20:27:30","modified_gmt":"2024-04-16T18:27:30","slug":"plastische-chirurgie-im-intimbereich-labioplastik","status":"publish","type":"page","link":"https:\/\/esthetic.sk\/de\/plastische-chirurgie\/koerper\/plastische-chirurgie-im-intimbereich-labioplastik\/","title":{"rendered":"Plastische Chirurgie im Intimbereich | Labioplastik"},"content":{"rendered":"<h2>Grundlegende Merkmale<\/h2>\n<ul>\n \t<li>Asymmetrien in der Gr\u00f6\u00dfe oder Form der inneren Schamlippen<\/li>\n \t<li>  angeborene Asymmetrien<\/li>\n \t<li>Asymmetrien, verursacht durch androgene &#8211; hormonelle Ver\u00e4nderungen<\/li>\n<\/ul>\n<h2>Intervention<\/h2>\nDie Schamlippenkorrektur wird unter \u00f6rtlicher Bet\u00e4ubung durchgef\u00fchrt und dauert etwa eine Stunde. Die Gr\u00fcnde, die Frauen dazu veranlassen, sich einer Schamlippenkorrektur zu unterziehen, sind \u00e4sthetische Anspr\u00fcche, die Verbesserung des Sexuallebens und die Beseitigung chronischer Entz\u00fcndungen des Intimbereichs oder der Harnwege. Kleinere Eingriffe werden in der Regel unter \u00f6rtlicher Bet\u00e4ubung mit entsprechender Vorbereitung durchgef\u00fchrt und erfordern keinen Krankenhausaufenthalt. Bei erh\u00f6hter Empfindlichkeit der Patientin oder wenn der Eingriff andere Ver\u00e4nderungen, wie z.B. eine Korrektur der Vagina, mit sich bringt, ist eine Vollnarkose mit einem kurzen Krankenhausaufenthalt angebracht.\n<h2>Vor der Intervention<\/h2>\nVor der Operation ist es wichtig, sich mit dem Chirurgen abzusprechen, damit sich beide Parteien \u00fcber das geeignete chirurgische Verfahren und das gew\u00fcnschte Endergebnis einigen k\u00f6nnen.\n<h2>Nach dem Eingriff<\/h2>\nNach der Operation ist Ruhe angesagt &#8211; kein aktiver Sport und kein Geschlechtsverkehr f\u00fcr etwa 3-4 Wochen. Die Eingriffe sind sanft und werden so durchgef\u00fchrt, dass nach der Operation das Aussehen der \u00e4u\u00dferen Genitalien nat\u00fcrlich ist, ohne st\u00f6rende Narben, ohne Beeintr\u00e4chtigung des Wasserlassens und der Empfindlichkeit der kleinen Schamlippen und der Klitoris als wichtige erogene Zone, ohne Probleme bei weiteren Geburten.\n<h2>Weitere Informationen<\/h2>\nNeben der Korrektur der Gr\u00f6\u00dfe der inneren Schamlippen gibt es noch weitere Anforderungen an die Ver\u00e4nderung der \u00e4u\u00dferen Genitalien. Das h\u00e4ufigste zus\u00e4tzliche Problem ist die Korrektur der Narbe nach einer wiederholten Episiotomie &#8211; einem Schnitt w\u00e4hrend der Geburt, der manchmal eine Vergr\u00f6\u00dferung des Scheideneingangs und eine Vergr\u00f6\u00dferung der Vagina verursacht. Die Operation verkleinert &#8211; macht die Vagina volumin\u00f6ser, entspannt und verengt den Eingang, was beiden Partnern eine bessere sexuelle Befriedigung verschafft. In der Postmenopause kommt es zu einer Hypotrophie der gro\u00dfen Schamlippen, einem Verlust von Fett- und Bindegewebe und umgekehrt zu einer Ansammlung von \u00fcberm\u00e4\u00dfigem Fett im Bereich der Schambeinfuge &#8211; der Vena cava. Dieses Problem kann gel\u00f6st werden, indem das Fettgewebe an den Stellen, an denen es \u00fcbersch\u00fcssig ist, entfernt wird &#8211; Fettabsaugung &#8211; und gleichzeitig kann es den gro\u00dfen Schamlippen hinzugef\u00fcgt werden &#8211; Lipotransplantation, was ihr Aussehen optisch und \u00e4sthetisch verj\u00fcngt. Dar\u00fcber hinaus k\u00f6nnen wir mit Hilfe der Lasertherapie auch die Hypotrophie der Vaginalschleimhaut und ihre Elastizit\u00e4t verbessern. Diese Eingriffe werden unter lokaler An\u00e4sthesie durchgef\u00fchrt.","protected":false},"excerpt":{"rendered":"Grundlegende Merkmale Asymmetrien in der Gr\u00f6\u00dfe oder Form der inneren Schamlippen angeborene Asymmetrien Asymmetrien, verursacht durch androgene &#8211; hormonelle Ver\u00e4nderungen Intervention Die Schamlippenkorrektur wird unter \u00f6rtlicher Bet\u00e4ubung durchgef\u00fchrt und dauert etwa eine Stunde. Die Gr\u00fcnde, die Frauen dazu veranlassen, sich einer Schamlippenkorrektur zu unterziehen, sind \u00e4sthetische Anspr\u00fcche, die Verbesserung des Sexuallebens und die Beseitigung chronischer","protected":false},"author":1,"featured_media":5514,"parent":5545,"menu_order":4,"comment_status":"closed","ping_status":"closed","template":"","meta":{"inline_featured_image":false,"footnotes":""},"class_list":["post-5648","page","type-page","status-publish","has-post-thumbnail","hentry"],"yoast_head":"<!-- This site is optimized with the Yoast SEO plugin v23.7 - https:\/\/yoast.com\/wordpress\/plugins\/seo\/ -->\n<title>| Esthetic Bratislava<\/title>\n<meta name=\"description\" content=\"Schamlippenplastik - Die Schamlippenplastik ist ein Eingriff zur Ver\u00e4nderung der \u00e4u\u00dferen Genitalien bei Frauen - Verkleinerung der inneren Schamlippen, Asymmetrie der inneren Schamlippen.\" \/>\n<meta name=\"robots\" content=\"index, follow, max-snippet:-1, max-image-preview:large, max-video-preview:-1\" \/>\n<link rel=\"canonical\" href=\"https:\/\/esthetic.sk\/de\/plastische-chirurgie\/koerper\/plastische-chirurgie-im-intimbereich-labioplastik\/\" \/>\n<meta property=\"og:locale\" content=\"de_DE\" \/>\n<meta property=\"og:type\" content=\"article\" \/>\n<meta property=\"og:title\" content=\"| Esthetic Bratislava\" \/>\n<meta property=\"og:description\" content=\"Schamlippenplastik - Die Schamlippenplastik ist ein Eingriff zur Ver\u00e4nderung der \u00e4u\u00dferen Genitalien bei Frauen - Verkleinerung der inneren Schamlippen, Asymmetrie der inneren Schamlippen.\" \/>\n<meta property=\"og:url\" content=\"https:\/\/esthetic.sk\/de\/plastische-chirurgie\/koerper\/plastische-chirurgie-im-intimbereich-labioplastik\/\" \/>\n<meta property=\"og:site_name\" content=\"Esthetic Bratislava\" \/>\n<meta property=\"article:publisher\" content=\"https:\/\/www.facebook.com\/Klinikaesthetic\" \/>\n<meta property=\"og:image\" content=\"https:\/\/esthetic.sk\/wp-content\/uploads\/2019\/02\/big5.jpg\" \/>\n\t<meta property=\"og:image:width\" content=\"1920\" \/>\n\t<meta property=\"og:image:height\" content=\"1080\" \/>\n\t<meta property=\"og:image:type\" content=\"image\/jpeg\" \/>\n<meta name=\"twitter:card\" content=\"summary_large_image\" \/>\n<meta name=\"twitter:label1\" content=\"Gesch\u00e4tzte Lesezeit\" \/>\n\t<meta name=\"twitter:data1\" content=\"2\u00a0Minuten\" \/>\n<script type=\"application\/ld+json\" class=\"yoast-schema-graph\">{\"@context\":\"https:\/\/schema.org\",\"@graph\":[{\"@type\":\"WebPage\",\"@id\":\"https:\/\/esthetic.sk\/de\/plastische-chirurgie\/koerper\/plastische-chirurgie-im-intimbereich-labioplastik\/\",\"url\":\"https:\/\/esthetic.sk\/de\/plastische-chirurgie\/koerper\/plastische-chirurgie-im-intimbereich-labioplastik\/\",\"name\":\"| Esthetic Bratislava\",\"isPartOf\":{\"@id\":\"https:\/\/esthetic.sk\/#website\"},\"primaryImageOfPage\":{\"@id\":\"https:\/\/esthetic.sk\/de\/plastische-chirurgie\/koerper\/plastische-chirurgie-im-intimbereich-labioplastik\/#primaryimage\"},\"image\":{\"@id\":\"https:\/\/esthetic.sk\/de\/plastische-chirurgie\/koerper\/plastische-chirurgie-im-intimbereich-labioplastik\/#primaryimage\"},\"thumbnailUrl\":\"https:\/\/esthetic.sk\/wp-content\/uploads\/2019\/02\/big5.jpg\",\"datePublished\":\"2024-04-16T18:27:30+00:00\",\"dateModified\":\"2024-04-16T18:27:30+00:00\",\"description\":\"Schamlippenplastik - Die Schamlippenplastik ist ein Eingriff zur Ver\u00e4nderung der \u00e4u\u00dferen Genitalien bei Frauen - Verkleinerung der inneren Schamlippen, Asymmetrie der inneren Schamlippen.\",\"breadcrumb\":{\"@id\":\"https:\/\/esthetic.sk\/de\/plastische-chirurgie\/koerper\/plastische-chirurgie-im-intimbereich-labioplastik\/#breadcrumb\"},\"inLanguage\":\"de\",\"potentialAction\":[{\"@type\":\"ReadAction\",\"target\":[\"https:\/\/esthetic.sk\/de\/plastische-chirurgie\/koerper\/plastische-chirurgie-im-intimbereich-labioplastik\/\"]}]},{\"@type\":\"ImageObject\",\"inLanguage\":\"de\",\"@id\":\"https:\/\/esthetic.sk\/de\/plastische-chirurgie\/koerper\/plastische-chirurgie-im-intimbereich-labioplastik\/#primaryimage\",\"url\":\"https:\/\/esthetic.sk\/wp-content\/uploads\/2019\/02\/big5.jpg\",\"contentUrl\":\"https:\/\/esthetic.sk\/wp-content\/uploads\/2019\/02\/big5.jpg\",\"width\":1920,\"height\":1080},{\"@type\":\"BreadcrumbList\",\"@id\":\"https:\/\/esthetic.sk\/de\/plastische-chirurgie\/koerper\/plastische-chirurgie-im-intimbereich-labioplastik\/#breadcrumb\",\"itemListElement\":[{\"@type\":\"ListItem\",\"position\":1,\"name\":\"Home\",\"item\":\"https:\/\/esthetic.sk\/\"},{\"@type\":\"ListItem\",\"position\":2,\"name\":\"Plastische Chirurgie\",\"item\":\"https:\/\/esthetic.sk\/de\/plastische-chirurgie\/\"},{\"@type\":\"ListItem\",\"position\":3,\"name\":\"K\u00f6rper\",\"item\":\"https:\/\/esthetic.sk\/plastische-chirurgie\/koerper\/\"},{\"@type\":\"ListItem\",\"position\":4,\"name\":\"Plastische Chirurgie im Intimbereich | Labioplastik\"}]},{\"@type\":\"WebSite\",\"@id\":\"https:\/\/esthetic.sk\/#website\",\"url\":\"https:\/\/esthetic.sk\/\",\"name\":\"Esthetic Bratislava\",\"description\":\"R\u00fdchla cesta k dokonal\u00e9mu vz\u013eadu\",\"publisher\":{\"@id\":\"https:\/\/esthetic.sk\/#organization\"},\"potentialAction\":[{\"@type\":\"SearchAction\",\"target\":{\"@type\":\"EntryPoint\",\"urlTemplate\":\"https:\/\/esthetic.sk\/?s={search_term_string}\"},\"query-input\":{\"@type\":\"PropertyValueSpecification\",\"valueRequired\":true,\"valueName\":\"search_term_string\"}}],\"inLanguage\":\"de\"},{\"@type\":\"Organization\",\"@id\":\"https:\/\/esthetic.sk\/#organization\",\"name\":\"Esthetic .s.r.o.\",\"url\":\"https:\/\/esthetic.sk\/\",\"logo\":{\"@type\":\"ImageObject\",\"inLanguage\":\"de\",\"@id\":\"https:\/\/esthetic.sk\/#\/schema\/logo\/image\/\",\"url\":\"https:\/\/esthetic.sk\/wp-content\/uploads\/2019\/02\/logo-1.svg\",\"contentUrl\":\"https:\/\/esthetic.sk\/wp-content\/uploads\/2019\/02\/logo-1.svg\",\"width\":1,\"height\":1,\"caption\":\"Esthetic .s.r.o.\"},\"image\":{\"@id\":\"https:\/\/esthetic.sk\/#\/schema\/logo\/image\/\"},\"sameAs\":[\"https:\/\/www.facebook.com\/Klinikaesthetic\",\"https:\/\/www.instagram.com\/klinikaesthetic\/\",\"https:\/\/www.youtube.com\/channel\/UC8AgtXNjHpne8qWdj9szu1A\"]}]}<\/script>\n<!-- \/ Yoast SEO plugin. -->","yoast_head_json":{"title":"| Esthetic Bratislava","description":"Schamlippenplastik - Die Schamlippenplastik ist ein Eingriff zur Ver\u00e4nderung der \u00e4u\u00dferen Genitalien bei Frauen - Verkleinerung der inneren Schamlippen, Asymmetrie der inneren Schamlippen.","robots":{"index":"index","follow":"follow","max-snippet":"max-snippet:-1","max-image-preview":"max-image-preview:large","max-video-preview":"max-video-preview:-1"},"canonical":"https:\/\/esthetic.sk\/de\/plastische-chirurgie\/koerper\/plastische-chirurgie-im-intimbereich-labioplastik\/","og_locale":"de_DE","og_type":"article","og_title":"| Esthetic Bratislava","og_description":"Schamlippenplastik - Die Schamlippenplastik ist ein Eingriff zur Ver\u00e4nderung der \u00e4u\u00dferen Genitalien bei Frauen - Verkleinerung der inneren Schamlippen, Asymmetrie der inneren Schamlippen.","og_url":"https:\/\/esthetic.sk\/de\/plastische-chirurgie\/koerper\/plastische-chirurgie-im-intimbereich-labioplastik\/","og_site_name":"Esthetic Bratislava","article_publisher":"https:\/\/www.facebook.com\/Klinikaesthetic","og_image":[{"width":1920,"height":1080,"url":"https:\/\/esthetic.sk\/wp-content\/uploads\/2019\/02\/big5.jpg","type":"image\/jpeg"}],"twitter_card":"summary_large_image","twitter_misc":{"Gesch\u00e4tzte Lesezeit":"2\u00a0Minuten"},"schema":{"@context":"https:\/\/schema.org","@graph":[{"@type":"WebPage","@id":"https:\/\/esthetic.sk\/de\/plastische-chirurgie\/koerper\/plastische-chirurgie-im-intimbereich-labioplastik\/","url":"https:\/\/esthetic.sk\/de\/plastische-chirurgie\/koerper\/plastische-chirurgie-im-intimbereich-labioplastik\/","name":"| Esthetic Bratislava","isPartOf":{"@id":"https:\/\/esthetic.sk\/#website"},"primaryImageOfPage":{"@id":"https:\/\/esthetic.sk\/de\/plastische-chirurgie\/koerper\/plastische-chirurgie-im-intimbereich-labioplastik\/#primaryimage"},"image":{"@id":"https:\/\/esthetic.sk\/de\/plastische-chirurgie\/koerper\/plastische-chirurgie-im-intimbereich-labioplastik\/#primaryimage"},"thumbnailUrl":"https:\/\/esthetic.sk\/wp-content\/uploads\/2019\/02\/big5.jpg","datePublished":"2024-04-16T18:27:30+00:00","dateModified":"2024-04-16T18:27:30+00:00","description":"Schamlippenplastik - Die Schamlippenplastik ist ein Eingriff zur Ver\u00e4nderung der \u00e4u\u00dferen Genitalien bei Frauen - Verkleinerung der inneren Schamlippen, Asymmetrie der inneren Schamlippen.","breadcrumb":{"@id":"https:\/\/esthetic.sk\/de\/plastische-chirurgie\/koerper\/plastische-chirurgie-im-intimbereich-labioplastik\/#breadcrumb"},"inLanguage":"de","potentialAction":[{"@type":"ReadAction","target":["https:\/\/esthetic.sk\/de\/plastische-chirurgie\/koerper\/plastische-chirurgie-im-intimbereich-labioplastik\/"]}]},{"@type":"ImageObject","inLanguage":"de","@id":"https:\/\/esthetic.sk\/de\/plastische-chirurgie\/koerper\/plastische-chirurgie-im-intimbereich-labioplastik\/#primaryimage","url":"https:\/\/esthetic.sk\/wp-content\/uploads\/2019\/02\/big5.jpg","contentUrl":"https:\/\/esthetic.sk\/wp-content\/uploads\/2019\/02\/big5.jpg","width":1920,"height":1080},{"@type":"BreadcrumbList","@id":"https:\/\/esthetic.sk\/de\/plastische-chirurgie\/koerper\/plastische-chirurgie-im-intimbereich-labioplastik\/#breadcrumb","itemListElement":[{"@type":"ListItem","position":1,"name":"Home","item":"https:\/\/esthetic.sk\/"},{"@type":"ListItem","position":2,"name":"Plastische Chirurgie","item":"https:\/\/esthetic.sk\/de\/plastische-chirurgie\/"},{"@type":"ListItem","position":3,"name":"K\u00f6rper","item":"https:\/\/esthetic.sk\/plastische-chirurgie\/koerper\/"},{"@type":"ListItem","position":4,"name":"Plastische Chirurgie im Intimbereich | Labioplastik"}]},{"@type":"WebSite","@id":"https:\/\/esthetic.sk\/#website","url":"https:\/\/esthetic.sk\/","name":"Esthetic Bratislava","description":"R\u00fdchla cesta k dokonal\u00e9mu vz\u013eadu","publisher":{"@id":"https:\/\/esthetic.sk\/#organization"},"potentialAction":[{"@type":"SearchAction","target":{"@type":"EntryPoint","urlTemplate":"https:\/\/esthetic.sk\/?s={search_term_string}"},"query-input":{"@type":"PropertyValueSpecification","valueRequired":true,"valueName":"search_term_string"}}],"inLanguage":"de"},{"@type":"Organization","@id":"https:\/\/esthetic.sk\/#organization","name":"Esthetic .s.r.o.","url":"https:\/\/esthetic.sk\/","logo":{"@type":"ImageObject","inLanguage":"de","@id":"https:\/\/esthetic.sk\/#\/schema\/logo\/image\/","url":"https:\/\/esthetic.sk\/wp-content\/uploads\/2019\/02\/logo-1.svg","contentUrl":"https:\/\/esthetic.sk\/wp-content\/uploads\/2019\/02\/logo-1.svg","width":1,"height":1,"caption":"Esthetic .s.r.o."},"image":{"@id":"https:\/\/esthetic.sk\/#\/schema\/logo\/image\/"},"sameAs":["https:\/\/www.facebook.com\/Klinikaesthetic","https:\/\/www.instagram.com\/klinikaesthetic\/","https:\/\/www.youtube.com\/channel\/UC8AgtXNjHpne8qWdj9szu1A"]}]}},"_links":{"self":[{"href":"https:\/\/esthetic.sk\/de\/wp-json\/wp\/v2\/pages\/5648"}],"collection":[{"href":"https:\/\/esthetic.sk\/de\/wp-json\/wp\/v2\/pages"}],"about":[{"href":"https:\/\/esthetic.sk\/de\/wp-json\/wp\/v2\/types\/page"}],"author":[{"embeddable":true,"href":"https:\/\/esthetic.sk\/de\/wp-json\/wp\/v2\/users\/1"}],"replies":[{"embeddable":true,"href":"https:\/\/esthetic.sk\/de\/wp-json\/wp\/v2\/comments?post=5648"}],"version-history":[{"count":0,"href":"https:\/\/esthetic.sk\/de\/wp-json\/wp\/v2\/pages\/5648\/revisions"}],"up":[{"embeddable":true,"href":"https:\/\/esthetic.sk\/de\/wp-json\/wp\/v2\/pages\/5545"}],"wp:featuredmedia":[{"embeddable":true,"href":"https:\/\/esthetic.sk\/de\/wp-json\/wp\/v2\/media\/5514"}],"wp:attachment":[{"href":"https:\/\/esthetic.sk\/de\/wp-json\/wp\/v2\/media?parent=5648"}],"curies":[{"name":"wp","href":"https:\/\/api.w.org\/{rel}","templated":true}]}}