{"id":5633,"date":"2024-04-16T20:27:30","date_gmt":"2024-04-16T18:27:30","guid":{"rendered":"https:\/\/esthetic.sk\/plastische-chirurgie\/gesicht\/entfernung-des-doppelkinns\/"},"modified":"2024-04-16T20:27:30","modified_gmt":"2024-04-16T18:27:30","slug":"entfernung-des-doppelkinns","status":"publish","type":"page","link":"https:\/\/esthetic.sk\/de\/plastische-chirurgie\/gesicht\/entfernung-des-doppelkinns\/","title":{"rendered":"Entfernung des Doppelkinns"},"content":{"rendered":"<h2>Grundlegende Merkmale<\/h2>\n<ul>\n \t<li>Kinn<\/li>\n \t<li>angesammeltes Fett<\/li>\n<\/ul>\n<h2>Intervention<\/h2>\nDas Absaugen erfolgt manuell unter lokaler An\u00e4sthesie mit speziellen feinen Kan\u00fclen mit kleinem Kaliber. Im Falle einer sehr geringen Menge oder eines R\u00fcckstands &#8211; Restfett nach einer Fettabsaugung &#8211; kann eine <a href=\"https:\/\/esthetic.sk\/laserova-medicina\/laserova-medicina\/laserova-liposukcia-smartlipo\/\">Lasermethode<\/a> eingesetzt werden, um das Fett in dem Bereich aufzul\u00f6sen.\n<h2>Dauer<\/h2>\nDer Eingriff dauert etwa eine Stunde und die Wirkung ist dauerhaft. Voraussetzung f\u00fcr eine Kinn- oder K\u00f6rperfettabsaugung sind jedoch normale Essgewohnheiten. Bei hoher Energiezufuhr und geringem Energieverbrauch lagert sich das Fett an anderen, nicht unterversorgten Stellen des K\u00f6rpers ab, was zu einem unerw\u00fcnschten \u00e4sthetischen Effekt f\u00fchrt.\n<h2>Nach dem Eingriff<\/h2>\nNach dem Eingriff tr\u00e4gt der Patient nachts f\u00fcr 2-3 Wochen eine Kompressionsmanschette. Die Schmerzen nach dem Eingriff sind minimal. Wenn bei der Konsultation festgestellt wird, dass der Patient Fettansammlungen unter den Muskeln (nicht im Unterhautgewebe) hat, wird unter \u00f6rtlicher Bet\u00e4ubung ein kurzer Schnitt unter dem Kinn gemacht und chirurgisch entfernt.\n<h2><\/h2>","protected":false},"excerpt":{"rendered":"Grundlegende Merkmale Kinn angesammeltes Fett Intervention Das Absaugen erfolgt manuell unter lokaler An\u00e4sthesie mit speziellen feinen Kan\u00fclen mit kleinem Kaliber. Im Falle einer sehr geringen Menge oder eines R\u00fcckstands &#8211; Restfett nach einer Fettabsaugung &#8211; kann eine Lasermethode eingesetzt werden, um das Fett in dem Bereich aufzul\u00f6sen. Dauer Der Eingriff dauert etwa eine Stunde und","protected":false},"author":1,"featured_media":5526,"parent":5609,"menu_order":0,"comment_status":"closed","ping_status":"closed","template":"","meta":{"inline_featured_image":false,"footnotes":""},"class_list":["post-5633","page","type-page","status-publish","has-post-thumbnail","hentry"],"yoast_head":"<!-- This site is optimized with the Yoast SEO plugin v23.7 - https:\/\/yoast.com\/wordpress\/plugins\/seo\/ -->\n<title>Entfernung des Doppelkinns Liposuktion | Esthetic Bratislava<\/title>\n<meta name=\"description\" content=\"Bei der Entfernung des Doppelkinns durch Fettabsaugung wird das angesammelte subkutane Fett in diesem Bereich entfernt. Das Verfahren wird manuell mit feinen Kan\u00fclen durchgef\u00fchrt.\" \/>\n<meta name=\"robots\" content=\"index, follow, max-snippet:-1, max-image-preview:large, max-video-preview:-1\" \/>\n<link rel=\"canonical\" href=\"https:\/\/esthetic.sk\/de\/plastische-chirurgie\/gesicht\/entfernung-des-doppelkinns\/\" \/>\n<meta property=\"og:locale\" content=\"de_DE\" \/>\n<meta property=\"og:type\" content=\"article\" \/>\n<meta property=\"og:title\" content=\"Entfernung des Doppelkinns Liposuktion | Esthetic Bratislava\" \/>\n<meta property=\"og:description\" content=\"Bei der Entfernung des Doppelkinns durch Fettabsaugung wird das angesammelte subkutane Fett in diesem Bereich entfernt. Das Verfahren wird manuell mit feinen Kan\u00fclen durchgef\u00fchrt.\" \/>\n<meta property=\"og:url\" content=\"https:\/\/esthetic.sk\/de\/plastische-chirurgie\/gesicht\/entfernung-des-doppelkinns\/\" \/>\n<meta property=\"og:site_name\" content=\"Esthetic Bratislava\" \/>\n<meta property=\"article:publisher\" content=\"https:\/\/www.facebook.com\/Klinikaesthetic\" \/>\n<meta property=\"og:image\" content=\"https:\/\/esthetic.sk\/wp-content\/uploads\/2019\/02\/big11.jpg\" \/>\n\t<meta property=\"og:image:width\" content=\"1920\" \/>\n\t<meta property=\"og:image:height\" content=\"1080\" \/>\n\t<meta property=\"og:image:type\" content=\"image\/jpeg\" \/>\n<meta name=\"twitter:card\" content=\"summary_large_image\" \/>\n<meta name=\"twitter:label1\" content=\"Gesch\u00e4tzte Lesezeit\" \/>\n\t<meta name=\"twitter:data1\" content=\"1\u00a0Minute\" \/>\n<script type=\"application\/ld+json\" class=\"yoast-schema-graph\">{\"@context\":\"https:\/\/schema.org\",\"@graph\":[{\"@type\":\"WebPage\",\"@id\":\"https:\/\/esthetic.sk\/de\/plastische-chirurgie\/gesicht\/entfernung-des-doppelkinns\/\",\"url\":\"https:\/\/esthetic.sk\/de\/plastische-chirurgie\/gesicht\/entfernung-des-doppelkinns\/\",\"name\":\"Entfernung des Doppelkinns Liposuktion | Esthetic Bratislava\",\"isPartOf\":{\"@id\":\"https:\/\/esthetic.sk\/#website\"},\"primaryImageOfPage\":{\"@id\":\"https:\/\/esthetic.sk\/de\/plastische-chirurgie\/gesicht\/entfernung-des-doppelkinns\/#primaryimage\"},\"image\":{\"@id\":\"https:\/\/esthetic.sk\/de\/plastische-chirurgie\/gesicht\/entfernung-des-doppelkinns\/#primaryimage\"},\"thumbnailUrl\":\"https:\/\/esthetic.sk\/wp-content\/uploads\/2019\/02\/big11.jpg\",\"datePublished\":\"2024-04-16T18:27:30+00:00\",\"dateModified\":\"2024-04-16T18:27:30+00:00\",\"description\":\"Bei der Entfernung des Doppelkinns durch Fettabsaugung wird das angesammelte subkutane Fett in diesem Bereich entfernt. Das Verfahren wird manuell mit feinen Kan\u00fclen durchgef\u00fchrt.\",\"breadcrumb\":{\"@id\":\"https:\/\/esthetic.sk\/de\/plastische-chirurgie\/gesicht\/entfernung-des-doppelkinns\/#breadcrumb\"},\"inLanguage\":\"de\",\"potentialAction\":[{\"@type\":\"ReadAction\",\"target\":[\"https:\/\/esthetic.sk\/de\/plastische-chirurgie\/gesicht\/entfernung-des-doppelkinns\/\"]}]},{\"@type\":\"ImageObject\",\"inLanguage\":\"de\",\"@id\":\"https:\/\/esthetic.sk\/de\/plastische-chirurgie\/gesicht\/entfernung-des-doppelkinns\/#primaryimage\",\"url\":\"https:\/\/esthetic.sk\/wp-content\/uploads\/2019\/02\/big11.jpg\",\"contentUrl\":\"https:\/\/esthetic.sk\/wp-content\/uploads\/2019\/02\/big11.jpg\",\"width\":1920,\"height\":1080},{\"@type\":\"BreadcrumbList\",\"@id\":\"https:\/\/esthetic.sk\/de\/plastische-chirurgie\/gesicht\/entfernung-des-doppelkinns\/#breadcrumb\",\"itemListElement\":[{\"@type\":\"ListItem\",\"position\":1,\"name\":\"Home\",\"item\":\"https:\/\/esthetic.sk\/\"},{\"@type\":\"ListItem\",\"position\":2,\"name\":\"Plastische Chirurgie\",\"item\":\"https:\/\/esthetic.sk\/de\/plastische-chirurgie\/\"},{\"@type\":\"ListItem\",\"position\":3,\"name\":\"Gesicht\",\"item\":\"https:\/\/esthetic.sk\/plastische-chirurgie\/gesicht\/\"},{\"@type\":\"ListItem\",\"position\":4,\"name\":\"Entfernung des Doppelkinns\"}]},{\"@type\":\"WebSite\",\"@id\":\"https:\/\/esthetic.sk\/#website\",\"url\":\"https:\/\/esthetic.sk\/\",\"name\":\"Esthetic Bratislava\",\"description\":\"R\u00fdchla cesta k dokonal\u00e9mu vz\u013eadu\",\"publisher\":{\"@id\":\"https:\/\/esthetic.sk\/#organization\"},\"potentialAction\":[{\"@type\":\"SearchAction\",\"target\":{\"@type\":\"EntryPoint\",\"urlTemplate\":\"https:\/\/esthetic.sk\/?s={search_term_string}\"},\"query-input\":{\"@type\":\"PropertyValueSpecification\",\"valueRequired\":true,\"valueName\":\"search_term_string\"}}],\"inLanguage\":\"de\"},{\"@type\":\"Organization\",\"@id\":\"https:\/\/esthetic.sk\/#organization\",\"name\":\"Esthetic .s.r.o.\",\"url\":\"https:\/\/esthetic.sk\/\",\"logo\":{\"@type\":\"ImageObject\",\"inLanguage\":\"de\",\"@id\":\"https:\/\/esthetic.sk\/#\/schema\/logo\/image\/\",\"url\":\"https:\/\/esthetic.sk\/wp-content\/uploads\/2019\/02\/logo-1.svg\",\"contentUrl\":\"https:\/\/esthetic.sk\/wp-content\/uploads\/2019\/02\/logo-1.svg\",\"width\":1,\"height\":1,\"caption\":\"Esthetic .s.r.o.\"},\"image\":{\"@id\":\"https:\/\/esthetic.sk\/#\/schema\/logo\/image\/\"},\"sameAs\":[\"https:\/\/www.facebook.com\/Klinikaesthetic\",\"https:\/\/www.instagram.com\/klinikaesthetic\/\",\"https:\/\/www.youtube.com\/channel\/UC8AgtXNjHpne8qWdj9szu1A\"]}]}<\/script>\n<!-- \/ Yoast SEO plugin. -->","yoast_head_json":{"title":"Entfernung des Doppelkinns Liposuktion | Esthetic Bratislava","description":"Bei der Entfernung des Doppelkinns durch Fettabsaugung wird das angesammelte subkutane Fett in diesem Bereich entfernt. Das Verfahren wird manuell mit feinen Kan\u00fclen durchgef\u00fchrt.","robots":{"index":"index","follow":"follow","max-snippet":"max-snippet:-1","max-image-preview":"max-image-preview:large","max-video-preview":"max-video-preview:-1"},"canonical":"https:\/\/esthetic.sk\/de\/plastische-chirurgie\/gesicht\/entfernung-des-doppelkinns\/","og_locale":"de_DE","og_type":"article","og_title":"Entfernung des Doppelkinns Liposuktion | Esthetic Bratislava","og_description":"Bei der Entfernung des Doppelkinns durch Fettabsaugung wird das angesammelte subkutane Fett in diesem Bereich entfernt. Das Verfahren wird manuell mit feinen Kan\u00fclen durchgef\u00fchrt.","og_url":"https:\/\/esthetic.sk\/de\/plastische-chirurgie\/gesicht\/entfernung-des-doppelkinns\/","og_site_name":"Esthetic Bratislava","article_publisher":"https:\/\/www.facebook.com\/Klinikaesthetic","og_image":[{"width":1920,"height":1080,"url":"https:\/\/esthetic.sk\/wp-content\/uploads\/2019\/02\/big11.jpg","type":"image\/jpeg"}],"twitter_card":"summary_large_image","twitter_misc":{"Gesch\u00e4tzte Lesezeit":"1\u00a0Minute"},"schema":{"@context":"https:\/\/schema.org","@graph":[{"@type":"WebPage","@id":"https:\/\/esthetic.sk\/de\/plastische-chirurgie\/gesicht\/entfernung-des-doppelkinns\/","url":"https:\/\/esthetic.sk\/de\/plastische-chirurgie\/gesicht\/entfernung-des-doppelkinns\/","name":"Entfernung des Doppelkinns Liposuktion | Esthetic Bratislava","isPartOf":{"@id":"https:\/\/esthetic.sk\/#website"},"primaryImageOfPage":{"@id":"https:\/\/esthetic.sk\/de\/plastische-chirurgie\/gesicht\/entfernung-des-doppelkinns\/#primaryimage"},"image":{"@id":"https:\/\/esthetic.sk\/de\/plastische-chirurgie\/gesicht\/entfernung-des-doppelkinns\/#primaryimage"},"thumbnailUrl":"https:\/\/esthetic.sk\/wp-content\/uploads\/2019\/02\/big11.jpg","datePublished":"2024-04-16T18:27:30+00:00","dateModified":"2024-04-16T18:27:30+00:00","description":"Bei der Entfernung des Doppelkinns durch Fettabsaugung wird das angesammelte subkutane Fett in diesem Bereich entfernt. Das Verfahren wird manuell mit feinen Kan\u00fclen durchgef\u00fchrt.","breadcrumb":{"@id":"https:\/\/esthetic.sk\/de\/plastische-chirurgie\/gesicht\/entfernung-des-doppelkinns\/#breadcrumb"},"inLanguage":"de","potentialAction":[{"@type":"ReadAction","target":["https:\/\/esthetic.sk\/de\/plastische-chirurgie\/gesicht\/entfernung-des-doppelkinns\/"]}]},{"@type":"ImageObject","inLanguage":"de","@id":"https:\/\/esthetic.sk\/de\/plastische-chirurgie\/gesicht\/entfernung-des-doppelkinns\/#primaryimage","url":"https:\/\/esthetic.sk\/wp-content\/uploads\/2019\/02\/big11.jpg","contentUrl":"https:\/\/esthetic.sk\/wp-content\/uploads\/2019\/02\/big11.jpg","width":1920,"height":1080},{"@type":"BreadcrumbList","@id":"https:\/\/esthetic.sk\/de\/plastische-chirurgie\/gesicht\/entfernung-des-doppelkinns\/#breadcrumb","itemListElement":[{"@type":"ListItem","position":1,"name":"Home","item":"https:\/\/esthetic.sk\/"},{"@type":"ListItem","position":2,"name":"Plastische Chirurgie","item":"https:\/\/esthetic.sk\/de\/plastische-chirurgie\/"},{"@type":"ListItem","position":3,"name":"Gesicht","item":"https:\/\/esthetic.sk\/plastische-chirurgie\/gesicht\/"},{"@type":"ListItem","position":4,"name":"Entfernung des Doppelkinns"}]},{"@type":"WebSite","@id":"https:\/\/esthetic.sk\/#website","url":"https:\/\/esthetic.sk\/","name":"Esthetic Bratislava","description":"R\u00fdchla cesta k dokonal\u00e9mu vz\u013eadu","publisher":{"@id":"https:\/\/esthetic.sk\/#organization"},"potentialAction":[{"@type":"SearchAction","target":{"@type":"EntryPoint","urlTemplate":"https:\/\/esthetic.sk\/?s={search_term_string}"},"query-input":{"@type":"PropertyValueSpecification","valueRequired":true,"valueName":"search_term_string"}}],"inLanguage":"de"},{"@type":"Organization","@id":"https:\/\/esthetic.sk\/#organization","name":"Esthetic .s.r.o.","url":"https:\/\/esthetic.sk\/","logo":{"@type":"ImageObject","inLanguage":"de","@id":"https:\/\/esthetic.sk\/#\/schema\/logo\/image\/","url":"https:\/\/esthetic.sk\/wp-content\/uploads\/2019\/02\/logo-1.svg","contentUrl":"https:\/\/esthetic.sk\/wp-content\/uploads\/2019\/02\/logo-1.svg","width":1,"height":1,"caption":"Esthetic .s.r.o."},"image":{"@id":"https:\/\/esthetic.sk\/#\/schema\/logo\/image\/"},"sameAs":["https:\/\/www.facebook.com\/Klinikaesthetic","https:\/\/www.instagram.com\/klinikaesthetic\/","https:\/\/www.youtube.com\/channel\/UC8AgtXNjHpne8qWdj9szu1A"]}]}},"_links":{"self":[{"href":"https:\/\/esthetic.sk\/de\/wp-json\/wp\/v2\/pages\/5633"}],"collection":[{"href":"https:\/\/esthetic.sk\/de\/wp-json\/wp\/v2\/pages"}],"about":[{"href":"https:\/\/esthetic.sk\/de\/wp-json\/wp\/v2\/types\/page"}],"author":[{"embeddable":true,"href":"https:\/\/esthetic.sk\/de\/wp-json\/wp\/v2\/users\/1"}],"replies":[{"embeddable":true,"href":"https:\/\/esthetic.sk\/de\/wp-json\/wp\/v2\/comments?post=5633"}],"version-history":[{"count":0,"href":"https:\/\/esthetic.sk\/de\/wp-json\/wp\/v2\/pages\/5633\/revisions"}],"up":[{"embeddable":true,"href":"https:\/\/esthetic.sk\/de\/wp-json\/wp\/v2\/pages\/5609"}],"wp:featuredmedia":[{"embeddable":true,"href":"https:\/\/esthetic.sk\/de\/wp-json\/wp\/v2\/media\/5526"}],"wp:attachment":[{"href":"https:\/\/esthetic.sk\/de\/wp-json\/wp\/v2\/media?parent=5633"}],"curies":[{"name":"wp","href":"https:\/\/api.w.org\/{rel}","templated":true}]}}