{"id":5596,"date":"2024-04-16T20:27:28","date_gmt":"2024-04-16T18:27:28","guid":{"rendered":"https:\/\/esthetic.sk\/blog\/"},"modified":"2024-04-16T20:27:28","modified_gmt":"2024-04-16T18:27:28","slug":"blog","status":"publish","type":"page","link":"https:\/\/esthetic.sk\/de\/blog\/","title":{"rendered":"Blog"},"content":{"rendered":"<img loading=\"lazy\" decoding=\"async\" class=\"alignnone size-full wp-image-669\" src=\"https:\/\/esthetic.sk\/wp-content\/uploads\/2019\/02\/e-img-97.jpg\" alt=\"\" width=\"550\" height=\"780\" srcset=\"https:\/\/esthetic.sk\/wp-content\/uploads\/2019\/02\/e-img-97.jpg 550w, https:\/\/esthetic.sk\/wp-content\/uploads\/2019\/02\/e-img-97-212x300.jpg 212w, https:\/\/esthetic.sk\/wp-content\/uploads\/2019\/02\/e-img-97-423x600.jpg 423w\" sizes=\"(max-width: 550px) 100vw, 550px\" \/>\n\n<img loading=\"lazy\" decoding=\"async\" class=\"alignnone size-full wp-image-670\" src=\"https:\/\/esthetic.sk\/wp-content\/uploads\/2019\/02\/e-img-98.jpg\" alt=\"\" width=\"600\" height=\"631\" srcset=\"https:\/\/esthetic.sk\/wp-content\/uploads\/2019\/02\/e-img-98.jpg 600w, https:\/\/esthetic.sk\/wp-content\/uploads\/2019\/02\/e-img-98-285x300.jpg 285w, https:\/\/esthetic.sk\/wp-content\/uploads\/2019\/02\/e-img-98-450x473.jpg 450w\" sizes=\"(max-width: 600px) 100vw, 600px\" \/>","protected":false},"excerpt":{"rendered":"","protected":false},"author":1,"featured_media":0,"parent":0,"menu_order":0,"comment_status":"closed","ping_status":"closed","template":"page-blog.php","meta":{"inline_featured_image":false,"footnotes":""},"class_list":["post-5596","page","type-page","status-publish","hentry"],"yoast_head":"<!-- This site is optimized with the Yoast SEO plugin v23.7 - https:\/\/yoast.com\/wordpress\/plugins\/seo\/ -->\n<title>Blogs \u00fcber Sch\u00f6nheit, Gesundheit und \u00e4sthetische | Esthetic Bratislava<\/title>\n<meta name=\"description\" content=\"Blogs \u00fcber Sch\u00f6nheit, Gesundheit und \u00e4sthetische Verfahren - wir schreiben \u00fcber das Neueste auf dem Gebiet der \u00e4sthetischen Medizin, lesen Sie, wie Sie ein jugendliches und nat\u00fcrliches Aussehen erhalten\" \/>\n<meta name=\"robots\" content=\"index, follow, max-snippet:-1, max-image-preview:large, max-video-preview:-1\" \/>\n<link rel=\"canonical\" href=\"https:\/\/esthetic.sk\/de\/blog\/\" \/>\n<meta property=\"og:locale\" content=\"de_DE\" \/>\n<meta property=\"og:type\" content=\"article\" \/>\n<meta property=\"og:title\" content=\"Blogs \u00fcber Sch\u00f6nheit, Gesundheit und \u00e4sthetische | Esthetic Bratislava\" \/>\n<meta property=\"og:description\" content=\"Blogs \u00fcber Sch\u00f6nheit, Gesundheit und \u00e4sthetische Verfahren - wir schreiben \u00fcber das Neueste auf dem Gebiet der \u00e4sthetischen Medizin, lesen Sie, wie Sie ein jugendliches und nat\u00fcrliches Aussehen erhalten\" \/>\n<meta property=\"og:url\" content=\"https:\/\/esthetic.sk\/de\/blog\/\" \/>\n<meta property=\"og:site_name\" content=\"Esthetic Bratislava\" \/>\n<meta property=\"article:publisher\" content=\"https:\/\/www.facebook.com\/Klinikaesthetic\" \/>\n<meta property=\"og:image\" content=\"https:\/\/esthetic.sk\/wp-content\/uploads\/2019\/02\/e-img-97.jpg\" \/>\n<meta name=\"twitter:card\" content=\"summary_large_image\" \/>\n<script type=\"application\/ld+json\" class=\"yoast-schema-graph\">{\"@context\":\"https:\/\/schema.org\",\"@graph\":[{\"@type\":\"WebPage\",\"@id\":\"https:\/\/esthetic.sk\/de\/blog\/\",\"url\":\"https:\/\/esthetic.sk\/de\/blog\/\",\"name\":\"Blogs \u00fcber Sch\u00f6nheit, Gesundheit und \u00e4sthetische | Esthetic Bratislava\",\"isPartOf\":{\"@id\":\"https:\/\/esthetic.sk\/#website\"},\"primaryImageOfPage\":{\"@id\":\"https:\/\/esthetic.sk\/de\/blog\/#primaryimage\"},\"image\":{\"@id\":\"https:\/\/esthetic.sk\/de\/blog\/#primaryimage\"},\"thumbnailUrl\":\"https:\/\/esthetic.sk\/wp-content\/uploads\/2019\/02\/e-img-97.jpg\",\"datePublished\":\"2024-04-16T18:27:28+00:00\",\"dateModified\":\"2024-04-16T18:27:28+00:00\",\"description\":\"Blogs \u00fcber Sch\u00f6nheit, Gesundheit und \u00e4sthetische Verfahren - wir schreiben \u00fcber das Neueste auf dem Gebiet der \u00e4sthetischen Medizin, lesen Sie, wie Sie ein jugendliches und nat\u00fcrliches Aussehen erhalten\",\"breadcrumb\":{\"@id\":\"https:\/\/esthetic.sk\/de\/blog\/#breadcrumb\"},\"inLanguage\":\"de\",\"potentialAction\":[{\"@type\":\"ReadAction\",\"target\":[\"https:\/\/esthetic.sk\/de\/blog\/\"]}]},{\"@type\":\"ImageObject\",\"inLanguage\":\"de\",\"@id\":\"https:\/\/esthetic.sk\/de\/blog\/#primaryimage\",\"url\":\"https:\/\/esthetic.sk\/wp-content\/uploads\/2019\/02\/e-img-97.jpg\",\"contentUrl\":\"https:\/\/esthetic.sk\/wp-content\/uploads\/2019\/02\/e-img-97.jpg\"},{\"@type\":\"BreadcrumbList\",\"@id\":\"https:\/\/esthetic.sk\/de\/blog\/#breadcrumb\",\"itemListElement\":[{\"@type\":\"ListItem\",\"position\":1,\"name\":\"Home\",\"item\":\"https:\/\/esthetic.sk\/\"},{\"@type\":\"ListItem\",\"position\":2,\"name\":\"Blog\"}]},{\"@type\":\"WebSite\",\"@id\":\"https:\/\/esthetic.sk\/#website\",\"url\":\"https:\/\/esthetic.sk\/\",\"name\":\"Esthetic Bratislava\",\"description\":\"R\u00fdchla cesta k dokonal\u00e9mu vz\u013eadu\",\"publisher\":{\"@id\":\"https:\/\/esthetic.sk\/#organization\"},\"potentialAction\":[{\"@type\":\"SearchAction\",\"target\":{\"@type\":\"EntryPoint\",\"urlTemplate\":\"https:\/\/esthetic.sk\/?s={search_term_string}\"},\"query-input\":{\"@type\":\"PropertyValueSpecification\",\"valueRequired\":true,\"valueName\":\"search_term_string\"}}],\"inLanguage\":\"de\"},{\"@type\":\"Organization\",\"@id\":\"https:\/\/esthetic.sk\/#organization\",\"name\":\"Esthetic .s.r.o.\",\"url\":\"https:\/\/esthetic.sk\/\",\"logo\":{\"@type\":\"ImageObject\",\"inLanguage\":\"de\",\"@id\":\"https:\/\/esthetic.sk\/#\/schema\/logo\/image\/\",\"url\":\"https:\/\/esthetic.sk\/wp-content\/uploads\/2019\/02\/logo-1.svg\",\"contentUrl\":\"https:\/\/esthetic.sk\/wp-content\/uploads\/2019\/02\/logo-1.svg\",\"width\":1,\"height\":1,\"caption\":\"Esthetic .s.r.o.\"},\"image\":{\"@id\":\"https:\/\/esthetic.sk\/#\/schema\/logo\/image\/\"},\"sameAs\":[\"https:\/\/www.facebook.com\/Klinikaesthetic\",\"https:\/\/www.instagram.com\/klinikaesthetic\/\",\"https:\/\/www.youtube.com\/channel\/UC8AgtXNjHpne8qWdj9szu1A\"]}]}<\/script>\n<!-- \/ Yoast SEO plugin. -->","yoast_head_json":{"title":"Blogs \u00fcber Sch\u00f6nheit, Gesundheit und \u00e4sthetische | Esthetic Bratislava","description":"Blogs \u00fcber Sch\u00f6nheit, Gesundheit und \u00e4sthetische Verfahren - wir schreiben \u00fcber das Neueste auf dem Gebiet der \u00e4sthetischen Medizin, lesen Sie, wie Sie ein jugendliches und nat\u00fcrliches Aussehen erhalten","robots":{"index":"index","follow":"follow","max-snippet":"max-snippet:-1","max-image-preview":"max-image-preview:large","max-video-preview":"max-video-preview:-1"},"canonical":"https:\/\/esthetic.sk\/de\/blog\/","og_locale":"de_DE","og_type":"article","og_title":"Blogs \u00fcber Sch\u00f6nheit, Gesundheit und \u00e4sthetische | Esthetic Bratislava","og_description":"Blogs \u00fcber Sch\u00f6nheit, Gesundheit und \u00e4sthetische Verfahren - wir schreiben \u00fcber das Neueste auf dem Gebiet der \u00e4sthetischen Medizin, lesen Sie, wie Sie ein jugendliches und nat\u00fcrliches Aussehen erhalten","og_url":"https:\/\/esthetic.sk\/de\/blog\/","og_site_name":"Esthetic Bratislava","article_publisher":"https:\/\/www.facebook.com\/Klinikaesthetic","og_image":[{"url":"https:\/\/esthetic.sk\/wp-content\/uploads\/2019\/02\/e-img-97.jpg"}],"twitter_card":"summary_large_image","schema":{"@context":"https:\/\/schema.org","@graph":[{"@type":"WebPage","@id":"https:\/\/esthetic.sk\/de\/blog\/","url":"https:\/\/esthetic.sk\/de\/blog\/","name":"Blogs \u00fcber Sch\u00f6nheit, Gesundheit und \u00e4sthetische | Esthetic Bratislava","isPartOf":{"@id":"https:\/\/esthetic.sk\/#website"},"primaryImageOfPage":{"@id":"https:\/\/esthetic.sk\/de\/blog\/#primaryimage"},"image":{"@id":"https:\/\/esthetic.sk\/de\/blog\/#primaryimage"},"thumbnailUrl":"https:\/\/esthetic.sk\/wp-content\/uploads\/2019\/02\/e-img-97.jpg","datePublished":"2024-04-16T18:27:28+00:00","dateModified":"2024-04-16T18:27:28+00:00","description":"Blogs \u00fcber Sch\u00f6nheit, Gesundheit und \u00e4sthetische Verfahren - wir schreiben \u00fcber das Neueste auf dem Gebiet der \u00e4sthetischen Medizin, lesen Sie, wie Sie ein jugendliches und nat\u00fcrliches Aussehen erhalten","breadcrumb":{"@id":"https:\/\/esthetic.sk\/de\/blog\/#breadcrumb"},"inLanguage":"de","potentialAction":[{"@type":"ReadAction","target":["https:\/\/esthetic.sk\/de\/blog\/"]}]},{"@type":"ImageObject","inLanguage":"de","@id":"https:\/\/esthetic.sk\/de\/blog\/#primaryimage","url":"https:\/\/esthetic.sk\/wp-content\/uploads\/2019\/02\/e-img-97.jpg","contentUrl":"https:\/\/esthetic.sk\/wp-content\/uploads\/2019\/02\/e-img-97.jpg"},{"@type":"BreadcrumbList","@id":"https:\/\/esthetic.sk\/de\/blog\/#breadcrumb","itemListElement":[{"@type":"ListItem","position":1,"name":"Home","item":"https:\/\/esthetic.sk\/"},{"@type":"ListItem","position":2,"name":"Blog"}]},{"@type":"WebSite","@id":"https:\/\/esthetic.sk\/#website","url":"https:\/\/esthetic.sk\/","name":"Esthetic Bratislava","description":"R\u00fdchla cesta k dokonal\u00e9mu vz\u013eadu","publisher":{"@id":"https:\/\/esthetic.sk\/#organization"},"potentialAction":[{"@type":"SearchAction","target":{"@type":"EntryPoint","urlTemplate":"https:\/\/esthetic.sk\/?s={search_term_string}"},"query-input":{"@type":"PropertyValueSpecification","valueRequired":true,"valueName":"search_term_string"}}],"inLanguage":"de"},{"@type":"Organization","@id":"https:\/\/esthetic.sk\/#organization","name":"Esthetic .s.r.o.","url":"https:\/\/esthetic.sk\/","logo":{"@type":"ImageObject","inLanguage":"de","@id":"https:\/\/esthetic.sk\/#\/schema\/logo\/image\/","url":"https:\/\/esthetic.sk\/wp-content\/uploads\/2019\/02\/logo-1.svg","contentUrl":"https:\/\/esthetic.sk\/wp-content\/uploads\/2019\/02\/logo-1.svg","width":1,"height":1,"caption":"Esthetic .s.r.o."},"image":{"@id":"https:\/\/esthetic.sk\/#\/schema\/logo\/image\/"},"sameAs":["https:\/\/www.facebook.com\/Klinikaesthetic","https:\/\/www.instagram.com\/klinikaesthetic\/","https:\/\/www.youtube.com\/channel\/UC8AgtXNjHpne8qWdj9szu1A"]}]}},"_links":{"self":[{"href":"https:\/\/esthetic.sk\/de\/wp-json\/wp\/v2\/pages\/5596"}],"collection":[{"href":"https:\/\/esthetic.sk\/de\/wp-json\/wp\/v2\/pages"}],"about":[{"href":"https:\/\/esthetic.sk\/de\/wp-json\/wp\/v2\/types\/page"}],"author":[{"embeddable":true,"href":"https:\/\/esthetic.sk\/de\/wp-json\/wp\/v2\/users\/1"}],"replies":[{"embeddable":true,"href":"https:\/\/esthetic.sk\/de\/wp-json\/wp\/v2\/comments?post=5596"}],"version-history":[{"count":0,"href":"https:\/\/esthetic.sk\/de\/wp-json\/wp\/v2\/pages\/5596\/revisions"}],"wp:attachment":[{"href":"https:\/\/esthetic.sk\/de\/wp-json\/wp\/v2\/media?parent=5596"}],"curies":[{"name":"wp","href":"https:\/\/api.w.org\/{rel}","templated":true}]}}