{"id":5472,"date":"2024-04-16T20:27:24","date_gmt":"2024-04-16T18:27:24","guid":{"rendered":"https:\/\/esthetic.sk\/dermato-kosmetik\/"},"modified":"2025-01-13T07:52:50","modified_gmt":"2025-01-13T06:52:50","slug":"dermato-kosmetik","status":"publish","type":"page","link":"https:\/\/esthetic.sk\/de\/dermato-kosmetik\/","title":{"rendered":"Dermato Kosmetik"},"content":{"rendered":"<h1>Dermato Kosmetik<\/h1>\n<div class=\"menu-dermato-kozmetika-nemcina-container\"><ul id=\"menu-dermato-kozmetika-nemcina\" class=\"myclass\"><li id=\"menu-item-6512\" class=\"nadpis-menu menu-item menu-item-type-custom menu-item-object-custom menu-item-6512\"><a href=\"https:\/\/esthetic.sk\/\">Behandlungen und Verfahren<\/a><\/li>\n<li id=\"menu-item-6513\" class=\"menu-item menu-item-type-post_type menu-item-object-page menu-item-6513\"><a href=\"https:\/\/esthetic.sk\/de\/dermato-kosmetik\/gesicht-hals-dekollete\/aquafacial\/\">Aquafacial<\/a><\/li>\n<li id=\"menu-item-6514\" class=\"menu-item menu-item-type-post_type menu-item-object-page menu-item-6514\"><a href=\"https:\/\/esthetic.sk\/de\/dermato-kosmetik\/gesicht-hals-dekollete\/profacial\/\">ProFacial<\/a><\/li>\n<li id=\"menu-item-6515\" class=\"menu-item menu-item-type-post_type menu-item-object-page menu-item-6515\"><a href=\"https:\/\/esthetic.sk\/de\/dermato-kosmetik\/gesicht-hals-dekollete\/aqua-spectra\/\">AQUA SPECTRA<\/a><\/li>\n<li id=\"menu-item-6516\" class=\"menu-item menu-item-type-post_type menu-item-object-page menu-item-6516\"><a href=\"https:\/\/esthetic.sk\/de\/dermato-kosmetik\/gesicht-hals-dekollete\/mikrodermabrasion\/\">Mikrodermabrasion<\/a><\/li>\n<li id=\"menu-item-6517\" class=\"menu-item menu-item-type-post_type menu-item-object-page menu-item-6517\"><a href=\"https:\/\/esthetic.sk\/de\/dermato-kosmetik\/gesicht-hals-dekollete\/chemisches-peeling-3-retinol-neostrata\/\">CHEMISCHES PEELING 3% RETINOL NEOSTRATA<\/a><\/li>\n<li id=\"menu-item-6518\" class=\"menu-item menu-item-type-post_type menu-item-object-page menu-item-6518\"><a href=\"https:\/\/esthetic.sk\/de\/dermato-kosmetik\/chemisches-peeling-50-tca-skintech\/\">CHEMISCHES PEELING 50% TCA SKINTECH<\/a><\/li>\n<li id=\"menu-item-6519\" class=\"menu-item menu-item-type-post_type menu-item-object-page menu-item-6519\"><a href=\"https:\/\/esthetic.sk\/de\/dermato-kosmetik\/biorepeel-peeling\/\">BioRePeel Peeling<\/a><\/li>\n<li id=\"menu-item-7281\" class=\"menu-item menu-item-type-post_type menu-item-object-page menu-item-7281\"><a href=\"https:\/\/esthetic.sk\/de\/dermato-kosmetik\/peeling-im-intimbereich\/\">Peeling im Intimbereich<\/a><\/li>\n<li id=\"menu-item-6520\" class=\"menu-item menu-item-type-post_type menu-item-object-page menu-item-6520\"><a href=\"https:\/\/esthetic.sk\/de\/dermato-kosmetik\/gesicht-hals-dekollete\/sauerstoffbehandlung-sauerstofftherapie\/\">Sauerstoffbehandlung | Sauerstofftherapie<\/a><\/li>\n<li id=\"menu-item-6521\" class=\"menu-item menu-item-type-post_type menu-item-object-page menu-item-6521\"><a href=\"https:\/\/esthetic.sk\/de\/dermato-kosmetik\/gesicht-hals-dekollete\/behandlung-mit-led-licht\/\">Behandlung mit LED-Licht<\/a><\/li>\n<li id=\"menu-item-6522\" class=\"menu-item menu-item-type-post_type menu-item-object-page menu-item-6522\"><a href=\"https:\/\/esthetic.sk\/de\/dermato-kosmetik\/schiessende-ohrringe\/\">Schie\u00dfende Ohrringe<\/a><\/li>\n<li id=\"menu-item-6523\" class=\"menu-item menu-item-type-post_type menu-item-object-page menu-item-6523\"><a href=\"https:\/\/esthetic.sk\/de\/dermato-kosmetik\/antiacne-aquafacial\/\">Antiacne \u2013 Aquafacial<\/a><\/li>\n<li id=\"menu-item-6529\" class=\"nadpis-menu menu-item menu-item-type-custom menu-item-object-custom menu-item-6529\"><a href=\"https:\/\/esthetic.sk\/\">Kosmetische Behandlungen<\/a><\/li>\n<li id=\"menu-item-9157\" class=\"menu-item menu-item-type-post_type menu-item-object-page menu-item-9157\"><a href=\"https:\/\/esthetic.sk\/de\/dermato-kosmetik\/puder-augenbrauen-tattoo-puder-augenbrauen\/\">Puder Augenbrauen Tattoo (Puder Augenbrauen)<\/a><\/li>\n<li id=\"menu-item-6534\" class=\"menu-item menu-item-type-post_type menu-item-object-page menu-item-6534\"><a href=\"https:\/\/esthetic.sk\/de\/dermato-kosmetik\/regenerierende-goldbehandlung\/\">Regenerierende Goldbehandlung<\/a><\/li>\n<li id=\"menu-item-8999\" class=\"menu-item menu-item-type-post_type menu-item-object-page menu-item-8999\"><a href=\"https:\/\/esthetic.sk\/de\/dermato-kosmetik\/manuelle-hautreinigung-behandlung-von-problematischer-haut\/\">Manuelle Hautreinigung (Behandlung von problematischer Haut)<\/a><\/li>\n<li id=\"menu-item-8997\" class=\"menu-item menu-item-type-post_type menu-item-object-page menu-item-8997\"><a href=\"https:\/\/esthetic.sk\/de\/dermato-kosmetik\/feuchtigkeitsspendende-hautbehandlung\/\">Feuchtigkeitsspendende Hautbehandlung<\/a><\/li>\n<li id=\"menu-item-8998\" class=\"menu-item menu-item-type-post_type menu-item-object-page menu-item-8998\"><a href=\"https:\/\/esthetic.sk\/de\/dermato-kosmetik\/intensive-reinigung-der-haut\/\">Intensive Reinigung der Haut<\/a><\/li>\n<li id=\"menu-item-6538\" class=\"menu-item menu-item-type-post_type menu-item-object-page menu-item-6538\"><a href=\"https:\/\/esthetic.sk\/de\/dermato-kosmetik\/aesthetische-kosmetische-behandlung\/komplette-hautbehandlung-mit-regenerierender-maske\/\">Komplette Hautbehandlung mit regenerierender Maske<\/a><\/li>\n<li id=\"menu-item-6541\" class=\"menu-item menu-item-type-post_type menu-item-object-page menu-item-6541\"><a href=\"https:\/\/esthetic.sk\/de\/dermato-kosmetik\/aesthetische-kosmetische-behandlung\/entspannende-hautbehandlung-deluxe\/\">Entspannende Hautbehandlung DELUXE<\/a><\/li>\n<li id=\"menu-item-6542\" class=\"menu-item menu-item-type-post_type menu-item-object-page menu-item-6542\"><a href=\"https:\/\/esthetic.sk\/de\/dermato-kosmetik\/lamination-der-augenbrauen\/\">Lamination der Augenbrauen<\/a><\/li>\n<li id=\"menu-item-6543\" class=\"menu-item menu-item-type-post_type menu-item-object-page menu-item-6543\"><a href=\"https:\/\/esthetic.sk\/de\/dermato-kosmetik\/wimpernlifting\/\">Wimpernlifting<\/a><\/li>\n<li id=\"menu-item-6544\" class=\"menu-item menu-item-type-post_type menu-item-object-page menu-item-6544\"><a href=\"https:\/\/esthetic.sk\/de\/dermato-kosmetik\/bukkale-massage\/\">Bukkale Massage<\/a><\/li>\n<li id=\"menu-item-8165\" class=\"menu-item menu-item-type-post_type menu-item-object-page menu-item-8165\"><a href=\"https:\/\/esthetic.sk\/de\/dermato-kosmetik\/paraffinpackung-fuer-haende-und-fuesse\/\">Paraffin-Handpackung<\/a><\/li>\n<\/ul><\/div>\n<a class=\"btn\" id=\"searchweb2\">Andere Behandlungen finden<\/a>\n<p>  Dermato-Kosmetik ist ein Begriff aus der slowakischen Sprache, der sich auf den Bereich der Hautpflegeprodukte und -verfahren bezieht. Dieser Begriff setzt sich zusammen aus den W\u00f6rtern &#8222;dermato&#8220; (Dermatologie), einer medizinischen Disziplin, die sich mit der Diagnose, Vorbeugung und Behandlung von Hautkrankheiten befasst, und &#8222;cosmetics&#8220; (Kosmetik), die sich auf Produkte und Behandlungen bezieht, die das Aussehen der Haut verbessern.  <br><br>  Dermato-Kosmetik umfasst eine breite Palette von Produkten, darunter Cremes, Lotionen, Seren, Masken, Peelings und mehr. Diese Produkte haben verschiedene Funktionen wie Hydratation, Beruhigung, Aknebehandlung, Verj\u00fcngung, Vereinheitlichung des Hauttons, Sonnenschutz usw. Das Ziel der Dermatokosmetik ist es, die Gesundheit und das Aussehen der Haut zu verbessern und ihr Gleichgewicht und ihre Funktion zu erhalten.  <br><br>  Die Dermatokosmetik basiert auf der dermatologischen Forschung und dem Wissen \u00fcber die Haut und ihre Bed\u00fcrfnisse. Die in der Dermatokosmetik verwendeten Produkte werden oft in Zusammenarbeit mit Dermatologen entwickelt und basieren auf sicheren, klinisch getesteten Inhaltsstoffen. Diese Produkte enthalten oft gezielte Formulierungen, die auf bestimmte Hautprobleme oder -zust\u00e4nde einwirken und die optimale Gesundheit der Haut pflegen und unterst\u00fctzen.  <\/p>","protected":false},"excerpt":{"rendered":"Dermato Kosmetik Andere Behandlungen finden Dermato-Kosmetik ist ein Begriff aus der slowakischen Sprache, der sich auf den Bereich der Hautpflegeprodukte und -verfahren bezieht. Dieser Begriff setzt sich zusammen aus den W\u00f6rtern &#8222;dermato&#8220; (Dermatologie), einer medizinischen Disziplin, die sich mit der Diagnose, Vorbeugung und Behandlung von Hautkrankheiten befasst, und &#8222;cosmetics&#8220; (Kosmetik), die sich auf Produkte und","protected":false},"author":1,"featured_media":0,"parent":0,"menu_order":0,"comment_status":"closed","ping_status":"closed","template":"page-10.php","meta":{"inline_featured_image":false,"footnotes":""},"class_list":["post-5472","page","type-page","status-publish","hentry"],"yoast_head":"<!-- This site is optimized with the Yoast SEO plugin v23.7 - https:\/\/yoast.com\/wordpress\/plugins\/seo\/ -->\n<title>Dermato Kosmetik | Esthetic Bratislava<\/title>\n<meta name=\"description\" content=\"Dermato Kosmetik - legen Sie Ihre Sch\u00f6nheit in die H\u00e4nde von Experten. Kommen Sie und probieren Sie eine Behandlung mit Dr. Sandra Kosmetik, die wir nach unserem eigenen Rezept herstellen.\" \/>\n<meta name=\"robots\" content=\"index, follow, max-snippet:-1, max-image-preview:large, max-video-preview:-1\" \/>\n<link rel=\"canonical\" href=\"https:\/\/esthetic.sk\/de\/dermato-kosmetik\/\" \/>\n<meta property=\"og:locale\" content=\"de_DE\" \/>\n<meta property=\"og:type\" content=\"article\" \/>\n<meta property=\"og:title\" content=\"Dermato Kosmetik | Esthetic Bratislava\" \/>\n<meta property=\"og:description\" content=\"Dermato Kosmetik - legen Sie Ihre Sch\u00f6nheit in die H\u00e4nde von Experten. Kommen Sie und probieren Sie eine Behandlung mit Dr. Sandra Kosmetik, die wir nach unserem eigenen Rezept herstellen.\" \/>\n<meta property=\"og:url\" content=\"https:\/\/esthetic.sk\/de\/dermato-kosmetik\/\" \/>\n<meta property=\"og:site_name\" content=\"Esthetic Bratislava\" \/>\n<meta property=\"article:publisher\" content=\"https:\/\/www.facebook.com\/Klinikaesthetic\" \/>\n<meta property=\"article:modified_time\" content=\"2025-01-13T06:52:50+00:00\" \/>\n<meta name=\"twitter:card\" content=\"summary_large_image\" \/>\n<meta name=\"twitter:label1\" content=\"Gesch\u00e4tzte Lesezeit\" \/>\n\t<meta name=\"twitter:data1\" content=\"1\u00a0Minute\" \/>\n<script type=\"application\/ld+json\" class=\"yoast-schema-graph\">{\"@context\":\"https:\/\/schema.org\",\"@graph\":[{\"@type\":\"WebPage\",\"@id\":\"https:\/\/esthetic.sk\/de\/dermato-kosmetik\/\",\"url\":\"https:\/\/esthetic.sk\/de\/dermato-kosmetik\/\",\"name\":\"Dermato Kosmetik | Esthetic Bratislava\",\"isPartOf\":{\"@id\":\"https:\/\/esthetic.sk\/#website\"},\"datePublished\":\"2024-04-16T18:27:24+00:00\",\"dateModified\":\"2025-01-13T06:52:50+00:00\",\"description\":\"Dermato Kosmetik - legen Sie Ihre Sch\u00f6nheit in die H\u00e4nde von Experten. Kommen Sie und probieren Sie eine Behandlung mit Dr. Sandra Kosmetik, die wir nach unserem eigenen Rezept herstellen.\",\"breadcrumb\":{\"@id\":\"https:\/\/esthetic.sk\/de\/dermato-kosmetik\/#breadcrumb\"},\"inLanguage\":\"de\",\"potentialAction\":[{\"@type\":\"ReadAction\",\"target\":[\"https:\/\/esthetic.sk\/de\/dermato-kosmetik\/\"]}]},{\"@type\":\"BreadcrumbList\",\"@id\":\"https:\/\/esthetic.sk\/de\/dermato-kosmetik\/#breadcrumb\",\"itemListElement\":[{\"@type\":\"ListItem\",\"position\":1,\"name\":\"Home\",\"item\":\"https:\/\/esthetic.sk\/\"},{\"@type\":\"ListItem\",\"position\":2,\"name\":\"Dermato Kosmetik\"}]},{\"@type\":\"WebSite\",\"@id\":\"https:\/\/esthetic.sk\/#website\",\"url\":\"https:\/\/esthetic.sk\/\",\"name\":\"Esthetic Bratislava\",\"description\":\"R\u00fdchla cesta k dokonal\u00e9mu vz\u013eadu\",\"publisher\":{\"@id\":\"https:\/\/esthetic.sk\/#organization\"},\"potentialAction\":[{\"@type\":\"SearchAction\",\"target\":{\"@type\":\"EntryPoint\",\"urlTemplate\":\"https:\/\/esthetic.sk\/?s={search_term_string}\"},\"query-input\":{\"@type\":\"PropertyValueSpecification\",\"valueRequired\":true,\"valueName\":\"search_term_string\"}}],\"inLanguage\":\"de\"},{\"@type\":\"Organization\",\"@id\":\"https:\/\/esthetic.sk\/#organization\",\"name\":\"Esthetic .s.r.o.\",\"url\":\"https:\/\/esthetic.sk\/\",\"logo\":{\"@type\":\"ImageObject\",\"inLanguage\":\"de\",\"@id\":\"https:\/\/esthetic.sk\/#\/schema\/logo\/image\/\",\"url\":\"https:\/\/esthetic.sk\/wp-content\/uploads\/2019\/02\/logo-1.svg\",\"contentUrl\":\"https:\/\/esthetic.sk\/wp-content\/uploads\/2019\/02\/logo-1.svg\",\"width\":1,\"height\":1,\"caption\":\"Esthetic .s.r.o.\"},\"image\":{\"@id\":\"https:\/\/esthetic.sk\/#\/schema\/logo\/image\/\"},\"sameAs\":[\"https:\/\/www.facebook.com\/Klinikaesthetic\",\"https:\/\/www.instagram.com\/klinikaesthetic\/\",\"https:\/\/www.youtube.com\/channel\/UC8AgtXNjHpne8qWdj9szu1A\"]}]}<\/script>\n<!-- \/ Yoast SEO plugin. -->","yoast_head_json":{"title":"Dermato Kosmetik | Esthetic Bratislava","description":"Dermato Kosmetik - legen Sie Ihre Sch\u00f6nheit in die H\u00e4nde von Experten. Kommen Sie und probieren Sie eine Behandlung mit Dr. Sandra Kosmetik, die wir nach unserem eigenen Rezept herstellen.","robots":{"index":"index","follow":"follow","max-snippet":"max-snippet:-1","max-image-preview":"max-image-preview:large","max-video-preview":"max-video-preview:-1"},"canonical":"https:\/\/esthetic.sk\/de\/dermato-kosmetik\/","og_locale":"de_DE","og_type":"article","og_title":"Dermato Kosmetik | Esthetic Bratislava","og_description":"Dermato Kosmetik - legen Sie Ihre Sch\u00f6nheit in die H\u00e4nde von Experten. Kommen Sie und probieren Sie eine Behandlung mit Dr. Sandra Kosmetik, die wir nach unserem eigenen Rezept herstellen.","og_url":"https:\/\/esthetic.sk\/de\/dermato-kosmetik\/","og_site_name":"Esthetic Bratislava","article_publisher":"https:\/\/www.facebook.com\/Klinikaesthetic","article_modified_time":"2025-01-13T06:52:50+00:00","twitter_card":"summary_large_image","twitter_misc":{"Gesch\u00e4tzte Lesezeit":"1\u00a0Minute"},"schema":{"@context":"https:\/\/schema.org","@graph":[{"@type":"WebPage","@id":"https:\/\/esthetic.sk\/de\/dermato-kosmetik\/","url":"https:\/\/esthetic.sk\/de\/dermato-kosmetik\/","name":"Dermato Kosmetik | Esthetic Bratislava","isPartOf":{"@id":"https:\/\/esthetic.sk\/#website"},"datePublished":"2024-04-16T18:27:24+00:00","dateModified":"2025-01-13T06:52:50+00:00","description":"Dermato Kosmetik - legen Sie Ihre Sch\u00f6nheit in die H\u00e4nde von Experten. Kommen Sie und probieren Sie eine Behandlung mit Dr. Sandra Kosmetik, die wir nach unserem eigenen Rezept herstellen.","breadcrumb":{"@id":"https:\/\/esthetic.sk\/de\/dermato-kosmetik\/#breadcrumb"},"inLanguage":"de","potentialAction":[{"@type":"ReadAction","target":["https:\/\/esthetic.sk\/de\/dermato-kosmetik\/"]}]},{"@type":"BreadcrumbList","@id":"https:\/\/esthetic.sk\/de\/dermato-kosmetik\/#breadcrumb","itemListElement":[{"@type":"ListItem","position":1,"name":"Home","item":"https:\/\/esthetic.sk\/"},{"@type":"ListItem","position":2,"name":"Dermato Kosmetik"}]},{"@type":"WebSite","@id":"https:\/\/esthetic.sk\/#website","url":"https:\/\/esthetic.sk\/","name":"Esthetic Bratislava","description":"R\u00fdchla cesta k dokonal\u00e9mu vz\u013eadu","publisher":{"@id":"https:\/\/esthetic.sk\/#organization"},"potentialAction":[{"@type":"SearchAction","target":{"@type":"EntryPoint","urlTemplate":"https:\/\/esthetic.sk\/?s={search_term_string}"},"query-input":{"@type":"PropertyValueSpecification","valueRequired":true,"valueName":"search_term_string"}}],"inLanguage":"de"},{"@type":"Organization","@id":"https:\/\/esthetic.sk\/#organization","name":"Esthetic .s.r.o.","url":"https:\/\/esthetic.sk\/","logo":{"@type":"ImageObject","inLanguage":"de","@id":"https:\/\/esthetic.sk\/#\/schema\/logo\/image\/","url":"https:\/\/esthetic.sk\/wp-content\/uploads\/2019\/02\/logo-1.svg","contentUrl":"https:\/\/esthetic.sk\/wp-content\/uploads\/2019\/02\/logo-1.svg","width":1,"height":1,"caption":"Esthetic .s.r.o."},"image":{"@id":"https:\/\/esthetic.sk\/#\/schema\/logo\/image\/"},"sameAs":["https:\/\/www.facebook.com\/Klinikaesthetic","https:\/\/www.instagram.com\/klinikaesthetic\/","https:\/\/www.youtube.com\/channel\/UC8AgtXNjHpne8qWdj9szu1A"]}]}},"_links":{"self":[{"href":"https:\/\/esthetic.sk\/de\/wp-json\/wp\/v2\/pages\/5472"}],"collection":[{"href":"https:\/\/esthetic.sk\/de\/wp-json\/wp\/v2\/pages"}],"about":[{"href":"https:\/\/esthetic.sk\/de\/wp-json\/wp\/v2\/types\/page"}],"author":[{"embeddable":true,"href":"https:\/\/esthetic.sk\/de\/wp-json\/wp\/v2\/users\/1"}],"replies":[{"embeddable":true,"href":"https:\/\/esthetic.sk\/de\/wp-json\/wp\/v2\/comments?post=5472"}],"version-history":[{"count":2,"href":"https:\/\/esthetic.sk\/de\/wp-json\/wp\/v2\/pages\/5472\/revisions"}],"predecessor-version":[{"id":7517,"href":"https:\/\/esthetic.sk\/de\/wp-json\/wp\/v2\/pages\/5472\/revisions\/7517"}],"wp:attachment":[{"href":"https:\/\/esthetic.sk\/de\/wp-json\/wp\/v2\/media?parent=5472"}],"curies":[{"name":"wp","href":"https:\/\/api.w.org\/{rel}","templated":true}]}}