{"id":5468,"date":"2024-04-16T20:27:24","date_gmt":"2024-04-16T18:27:24","guid":{"rendered":"https:\/\/esthetic.sk\/aesthetische-dermatologie\/"},"modified":"2024-04-16T20:27:24","modified_gmt":"2024-04-16T18:27:24","slug":"aesthetische-dermatologie","status":"publish","type":"page","link":"https:\/\/esthetic.sk\/de\/aesthetische-dermatologie\/","title":{"rendered":"\u00c4sthetische Dermatologie"},"content":{"rendered":"<h1>\u00c4sthetische Medizin<\/h1>\n\n<div class=\"menu-esteticka-medicina-nemcina-container\"><ul id=\"menu-esteticka-medicina-nemcina\" class=\"myclass\"><li id=\"menu-item-6450\" class=\"nadpis-menu menu-item menu-item-type-custom menu-item-object-custom menu-item-6450\"><a href=\"https:\/\/esthetic.sk\/\">Gesicht<\/a><\/li>\n<li id=\"menu-item-6451\" class=\"menu-item menu-item-type-post_type menu-item-object-page menu-item-6451\"><a href=\"https:\/\/esthetic.sk\/de\/aesthetische-dermatologie\/gesicht\/faltenentfernung-mit-botulinumtoxin\/\">Faltenentfernung mit Botulinumtoxin<\/a><\/li>\n<li id=\"menu-item-6452\" class=\"menu-item menu-item-type-post_type menu-item-object-page menu-item-6452\"><a href=\"https:\/\/esthetic.sk\/de\/aesthetische-dermatologie\/koerper\/schwitzen-botulinumtoxin-behandlung\/\">Schwitzen | Botulinumtoxin-Behandlung<\/a><\/li>\n<li id=\"menu-item-8033\" class=\"menu-item menu-item-type-post_type menu-item-object-page menu-item-8033\"><a href=\"https:\/\/esthetic.sk\/de\/aesthetische-dermatologie\/botulinumtoxin-behandlung-von-zaehneknirschen-bruxismus\/\">Botulinumtoxin \u2013 Behandlung von Z\u00e4hneknirschen (Bruxismus)<\/a><\/li>\n<li id=\"menu-item-7933\" class=\"menu-item menu-item-type-post_type menu-item-object-page menu-item-7933\"><a href=\"https:\/\/esthetic.sk\/de\/aesthetische-dermatologie\/alluzience\/\">Alluzience<\/a><\/li>\n<li id=\"menu-item-6453\" class=\"menu-item menu-item-type-post_type menu-item-object-page menu-item-6453\"><a href=\"https:\/\/esthetic.sk\/de\/aesthetische-dermatologie\/gesicht\/fuellen-von-falten-mit-hyaluronsaeure\/\">F\u00fcllen von Falten mit Hyalurons\u00e4ure<\/a><\/li>\n<li id=\"menu-item-6454\" class=\"menu-item menu-item-type-post_type menu-item-object-page menu-item-6454\"><a href=\"https:\/\/esthetic.sk\/de\/aesthetische-dermatologie\/gesicht\/auffuellen-von-augenringen-mit-hyaluronsaeure\/\">Auff\u00fcllen von Augenringen mit Hyalurons\u00e4ure<\/a><\/li>\n<li id=\"menu-item-6455\" class=\"menu-item menu-item-type-post_type menu-item-object-page menu-item-6455\"><a href=\"https:\/\/esthetic.sk\/de\/aesthetische-dermatologie\/gesicht\/kinn-profilplastik\/\">Kinn-Profilplastik<\/a><\/li>\n<li id=\"menu-item-6456\" class=\"menu-item menu-item-type-post_type menu-item-object-page menu-item-6456\"><a href=\"https:\/\/esthetic.sk\/de\/aesthetische-dermatologie\/gesicht\/3d-vectoring-heben-volumenauffuellung\/\">3D Vectoring Heben | Volumenauff\u00fcllung<\/a><\/li>\n<li id=\"menu-item-6457\" class=\"menu-item menu-item-type-post_type menu-item-object-page menu-item-6457\"><a href=\"https:\/\/esthetic.sk\/de\/aesthetische-dermatologie\/profhilo\/\">Profhilo<\/a><\/li>\n<li id=\"menu-item-7984\" class=\"menu-item menu-item-type-post_type menu-item-object-page menu-item-7984\"><a href=\"https:\/\/esthetic.sk\/de\/aesthetische-klinik\/profhilo-structura\/\">Profhilo Structura<\/a><\/li>\n<li id=\"menu-item-6458\" class=\"menu-item menu-item-type-post_type menu-item-object-page menu-item-6458\"><a href=\"https:\/\/esthetic.sk\/de\/aesthetische-dermatologie\/jalupro\/\">Jalupro<\/a><\/li>\n<li id=\"menu-item-6459\" class=\"menu-item menu-item-type-post_type menu-item-object-page menu-item-6459\"><a href=\"https:\/\/esthetic.sk\/de\/aesthetische-dermatologie\/gesicht\/vitamin-mesotherapie-fuer-gesicht-und-haut\/\">Vitamin-Mesotherapie f\u00fcr Gesicht und Haut<\/a><\/li>\n<li id=\"menu-item-6460\" class=\"menu-item menu-item-type-post_type menu-item-object-page menu-item-6460\"><a href=\"https:\/\/esthetic.sk\/de\/aesthetische-dermatologie\/behandlung-der-augenpartie-mit-vitaran-polynukleotiden\/\">Behandlung der Augenpartie mit Vitaran-Polynukleotiden<\/a><\/li>\n<li id=\"menu-item-6461\" class=\"menu-item menu-item-type-post_type menu-item-object-page menu-item-6461\"><a href=\"https:\/\/esthetic.sk\/de\/aesthetische-dermatologie\/gesicht\/mesotherapie-nctf-135-ha\/\">DIOR Therapie \u2013 NCTF Mesotherapie<\/a><\/li>\n<li id=\"menu-item-6462\" class=\"menu-item menu-item-type-post_type menu-item-object-page menu-item-6462\"><a href=\"https:\/\/esthetic.sk\/de\/aesthetische-dermatologie\/gesicht\/mesobotox\/\">Mesobotox<\/a><\/li>\n<li id=\"menu-item-6463\" class=\"menu-item menu-item-type-post_type menu-item-object-page menu-item-6463\"><a href=\"https:\/\/esthetic.sk\/de\/aesthetische-dermatologie\/gesicht\/microbotox\/\">Microbotox<\/a><\/li>\n<li id=\"menu-item-6464\" class=\"menu-item menu-item-type-post_type menu-item-object-page menu-item-6464\"><a href=\"https:\/\/esthetic.sk\/de\/aesthetische-dermatologie\/gesicht\/plasmotherapie\/\">Plasmotherapie<\/a><\/li>\n<li id=\"menu-item-6465\" class=\"menu-item menu-item-type-post_type menu-item-object-page menu-item-6465\"><a href=\"https:\/\/esthetic.sk\/de\/aesthetische-dermatologie\/gesicht\/skinbooster-vital-injektor\/\">Skinbooster | Vital Injektor<\/a><\/li>\n<li id=\"menu-item-6466\" class=\"menu-item menu-item-type-post_type menu-item-object-page menu-item-6466\"><a href=\"https:\/\/esthetic.sk\/de\/aesthetische-dermatologie\/gesicht\/fluessige-faeden-ellanse-radiesse-sculptra\/\">Fl\u00fcssige F\u00e4den \u2013 Ellanse \/ Radiesse \/ Sculptra<\/a><\/li>\n<li id=\"menu-item-6468\" class=\"menu-item menu-item-type-post_type menu-item-object-page menu-item-6468\"><a href=\"https:\/\/esthetic.sk\/de\/aesthetische-dermatologie\/gesicht\/venus-mikronadel-radiofrequenz\/\">Venus Mikronadel Radiofrequenz<\/a><\/li>\n<li id=\"menu-item-6469\" class=\"menu-item menu-item-type-post_type menu-item-object-page menu-item-6469\"><a href=\"https:\/\/esthetic.sk\/de\/aesthetische-dermatologie\/gesicht\/multipolare-hochfrequenz-viva\/\">Multipolare Hochfrequenz VIVA<\/a><\/li>\n<li id=\"menu-item-6471\" class=\"menu-item menu-item-type-post_type menu-item-object-page menu-item-6471\"><a href=\"https:\/\/esthetic.sk\/de\/aesthetische-dermatologie\/vitaran\/\">Vitaran<\/a><\/li>\n<li id=\"menu-item-6472\" class=\"menu-item menu-item-type-post_type menu-item-object-page menu-item-6472\"><a href=\"https:\/\/esthetic.sk\/de\/aesthetische-dermatologie\/redermalisierung-xela-derm\/\">Redermalisierung Xela Derm<\/a><\/li>\n<li id=\"menu-item-7912\" class=\"menu-item menu-item-type-post_type menu-item-object-page menu-item-7912\"><a href=\"https:\/\/esthetic.sk\/de\/aesthetische-dermatologie\/jalupro-young-eye\/\">Jalupro Young Eye<\/a><\/li>\n<li id=\"menu-item-8186\" class=\"menu-item menu-item-type-post_type menu-item-object-page menu-item-8186\"><a href=\"https:\/\/esthetic.sk\/de\/aesthetische-dermatologie\/asce-exosomen\/\">ASCE+ Exosomen<\/a><\/li>\n<li id=\"menu-item-8407\" class=\"menu-item menu-item-type-post_type menu-item-object-page menu-item-8407\"><a href=\"https:\/\/esthetic.sk\/de\/aesthetische-dermatologie\/pb-serum-injektion-lipolyse\/\">PB Serum Injektion Lipolyse<\/a><\/li>\n<li id=\"menu-item-8406\" class=\"menu-item menu-item-type-post_type menu-item-object-page menu-item-8406\"><a href=\"https:\/\/esthetic.sk\/de\/aesthetische-dermatologie\/pb-serum-spezifisch\/\">PB Serum Spezifisch<\/a><\/li>\n<li id=\"menu-item-6473\" class=\"nadpis-menu menu-item menu-item-type-custom menu-item-object-custom menu-item-6473\"><a href=\"https:\/\/esthetic.sk\/\">K\u00f6rper<\/a><\/li>\n<li id=\"menu-item-7904\" class=\"menu-item menu-item-type-post_type menu-item-object-page menu-item-7904\"><a href=\"https:\/\/esthetic.sk\/de\/aesthetische-dermatologie\/profhilo-body\/\">Profhilo Body<\/a><\/li>\n<li id=\"menu-item-6474\" class=\"menu-item menu-item-type-post_type menu-item-object-page menu-item-6474\"><a href=\"https:\/\/esthetic.sk\/de\/aesthetische-dermatologie\/koerper\/velashape-iii-cellulite-behandlung\/\">VelaShape III \u2013 Cellulite-Behandlung<\/a><\/li>\n<li id=\"menu-item-6475\" class=\"menu-item menu-item-type-post_type menu-item-object-page menu-item-6475\"><a href=\"https:\/\/esthetic.sk\/de\/aesthetische-dermatologie\/koerper\/kryolipolyse-entfernung-von-subkutanem-fett\/\">Kryolipolyse \u2013 Entfernung von subkutanem Fett<\/a><\/li>\n<li id=\"menu-item-6476\" class=\"menu-item menu-item-type-post_type menu-item-object-page menu-item-6476\"><a href=\"https:\/\/esthetic.sk\/de\/aesthetische-dermatologie\/koerper\/ultraformer-iii\/\">Ultraformer III (Ulthera)<\/a><\/li>\n<li id=\"menu-item-6477\" class=\"menu-item menu-item-type-post_type menu-item-object-page menu-item-6477\"><a href=\"https:\/\/esthetic.sk\/de\/aesthetische-dermatologie\/koerper\/akustische-schockwelle\/\">Akustische Schockwelle<\/a><\/li>\n<li id=\"menu-item-6478\" class=\"menu-item menu-item-type-post_type menu-item-object-page menu-item-6478\"><a href=\"https:\/\/esthetic.sk\/de\/aesthetische-dermatologie\/genesis\/\">Genesis<\/a><\/li>\n<li id=\"menu-item-6479\" class=\"nadpis-menu menu-item menu-item-type-custom menu-item-object-custom menu-item-6479\"><a href=\"https:\/\/esthetic.sk\/\">Haare<\/a><\/li>\n<li id=\"menu-item-6480\" class=\"menu-item menu-item-type-post_type menu-item-object-page menu-item-6480\"><a href=\"https:\/\/esthetic.sk\/de\/aesthetische-dermatologie\/haare\/trichologische-untersuchung-der-haare\/\">Trichologische Untersuchung der Haare<\/a><\/li>\n<li id=\"menu-item-6481\" class=\"menu-item menu-item-type-post_type menu-item-object-page menu-item-6481\"><a href=\"https:\/\/esthetic.sk\/de\/aesthetische-dermatologie\/haare\/behandlung-von-haarausfall\/\">Behandlung von Haarausfall<\/a><\/li>\n<li id=\"menu-item-6482\" class=\"menu-item menu-item-type-post_type menu-item-object-page menu-item-6482\"><a href=\"https:\/\/esthetic.sk\/de\/aesthetische-dermatologie\/mesotherapie-der-haare\/\">Mesotherapie der Haare<\/a><\/li>\n<li id=\"menu-item-6483\" class=\"menu-item menu-item-type-post_type menu-item-object-page menu-item-6483\"><a href=\"https:\/\/esthetic.sk\/de\/aesthetische-dermatologie\/plasmotherapie-der-haare\/\">Plasmotherapie der Haare<\/a><\/li>\n<\/ul><\/div>\n<a class=\"btn\" id=\"searchweb2\">Andere Behandlungen finden<\/a>\n\n<p>Die \u00e4sthetische Dermatologie ist ein Zweig der Medizin, der sich mit der Behandlung und Verbesserung des Aussehens der Haut und der damit verbundenen Probleme besch\u00e4ftigt. \u00c4sthetische Dermatologen sind Spezialisten, die sich mit Hautkrankheiten und Techniken zur Verbesserung der \u00c4sthetik der Haut auskennen.\n<br><br>\nDie \u00e4sthetische Dermatologie befasst sich mit verschiedenen \u00e4sthetischen Hautproblemen wie Falten, feinen Linien, Pigmentflecken, Akne, Narben, Rosazea, Augenringen und anderen Hautunregelm\u00e4\u00dfigkeiten. \u00c4sthetische Dermatologen setzen eine Vielzahl von Methoden und Verfahren ein, darunter Pharmakotherapie (medikament\u00f6se Behandlung), dermatologische Verfahren und minimalinvasive kosmetische Techniken, um das Aussehen der Haut zu verbessern.\n<\/p>","protected":false},"excerpt":{"rendered":"\u00c4sthetische Medizin Andere Behandlungen finden Die \u00e4sthetische Dermatologie ist ein Zweig der Medizin, der sich mit der Behandlung und Verbesserung des Aussehens der Haut und der damit verbundenen Probleme besch\u00e4ftigt. \u00c4sthetische Dermatologen sind Spezialisten, die sich mit Hautkrankheiten und Techniken zur Verbesserung der \u00c4sthetik der Haut auskennen. Die \u00e4sthetische Dermatologie befasst sich mit verschiedenen \u00e4sthetischen","protected":false},"author":1,"featured_media":0,"parent":0,"menu_order":0,"comment_status":"closed","ping_status":"closed","template":"page-10.php","meta":{"inline_featured_image":false,"footnotes":""},"class_list":["post-5468","page","type-page","status-publish","hentry"],"yoast_head":"<!-- This site is optimized with the Yoast SEO plugin v23.7 - https:\/\/yoast.com\/wordpress\/plugins\/seo\/ -->\n<title>\u00c4sthetische Dermatologie | Esthetic Bratislava<\/title>\n<meta name=\"description\" content=\"\u00c4sthetische Dermatologie - wir bieten eine breite Palette von Verfahren zur Hautverj\u00fcngung, Anwendung von Fillermaterialien. Legen Sie Ihre Sch\u00f6nheit in die H\u00e4nde von Experten.\" \/>\n<meta name=\"robots\" content=\"index, follow, max-snippet:-1, max-image-preview:large, max-video-preview:-1\" \/>\n<link rel=\"canonical\" href=\"https:\/\/esthetic.sk\/de\/aesthetische-dermatologie\/\" \/>\n<meta property=\"og:locale\" content=\"de_DE\" \/>\n<meta property=\"og:type\" content=\"article\" \/>\n<meta property=\"og:title\" content=\"\u00c4sthetische Dermatologie | Esthetic Bratislava\" \/>\n<meta property=\"og:description\" content=\"\u00c4sthetische Dermatologie - wir bieten eine breite Palette von Verfahren zur Hautverj\u00fcngung, Anwendung von Fillermaterialien. Legen Sie Ihre Sch\u00f6nheit in die H\u00e4nde von Experten.\" \/>\n<meta property=\"og:url\" content=\"https:\/\/esthetic.sk\/de\/aesthetische-dermatologie\/\" \/>\n<meta property=\"og:site_name\" content=\"Esthetic Bratislava\" \/>\n<meta property=\"article:publisher\" content=\"https:\/\/www.facebook.com\/Klinikaesthetic\" \/>\n<meta name=\"twitter:card\" content=\"summary_large_image\" \/>\n<meta name=\"twitter:label1\" content=\"Gesch\u00e4tzte Lesezeit\" \/>\n\t<meta name=\"twitter:data1\" content=\"1\u00a0Minute\" \/>\n<script type=\"application\/ld+json\" class=\"yoast-schema-graph\">{\"@context\":\"https:\/\/schema.org\",\"@graph\":[{\"@type\":\"WebPage\",\"@id\":\"https:\/\/esthetic.sk\/de\/aesthetische-dermatologie\/\",\"url\":\"https:\/\/esthetic.sk\/de\/aesthetische-dermatologie\/\",\"name\":\"\u00c4sthetische Dermatologie | Esthetic Bratislava\",\"isPartOf\":{\"@id\":\"https:\/\/esthetic.sk\/#website\"},\"datePublished\":\"2024-04-16T18:27:24+00:00\",\"dateModified\":\"2024-04-16T18:27:24+00:00\",\"description\":\"\u00c4sthetische Dermatologie - wir bieten eine breite Palette von Verfahren zur Hautverj\u00fcngung, Anwendung von Fillermaterialien. Legen Sie Ihre Sch\u00f6nheit in die H\u00e4nde von Experten.\",\"breadcrumb\":{\"@id\":\"https:\/\/esthetic.sk\/de\/aesthetische-dermatologie\/#breadcrumb\"},\"inLanguage\":\"de\",\"potentialAction\":[{\"@type\":\"ReadAction\",\"target\":[\"https:\/\/esthetic.sk\/de\/aesthetische-dermatologie\/\"]}]},{\"@type\":\"BreadcrumbList\",\"@id\":\"https:\/\/esthetic.sk\/de\/aesthetische-dermatologie\/#breadcrumb\",\"itemListElement\":[{\"@type\":\"ListItem\",\"position\":1,\"name\":\"Home\",\"item\":\"https:\/\/esthetic.sk\/\"},{\"@type\":\"ListItem\",\"position\":2,\"name\":\"\u00c4sthetische Dermatologie\"}]},{\"@type\":\"WebSite\",\"@id\":\"https:\/\/esthetic.sk\/#website\",\"url\":\"https:\/\/esthetic.sk\/\",\"name\":\"Esthetic Bratislava\",\"description\":\"R\u00fdchla cesta k dokonal\u00e9mu vz\u013eadu\",\"publisher\":{\"@id\":\"https:\/\/esthetic.sk\/#organization\"},\"potentialAction\":[{\"@type\":\"SearchAction\",\"target\":{\"@type\":\"EntryPoint\",\"urlTemplate\":\"https:\/\/esthetic.sk\/?s={search_term_string}\"},\"query-input\":{\"@type\":\"PropertyValueSpecification\",\"valueRequired\":true,\"valueName\":\"search_term_string\"}}],\"inLanguage\":\"de\"},{\"@type\":\"Organization\",\"@id\":\"https:\/\/esthetic.sk\/#organization\",\"name\":\"Esthetic .s.r.o.\",\"url\":\"https:\/\/esthetic.sk\/\",\"logo\":{\"@type\":\"ImageObject\",\"inLanguage\":\"de\",\"@id\":\"https:\/\/esthetic.sk\/#\/schema\/logo\/image\/\",\"url\":\"https:\/\/esthetic.sk\/wp-content\/uploads\/2019\/02\/logo-1.svg\",\"contentUrl\":\"https:\/\/esthetic.sk\/wp-content\/uploads\/2019\/02\/logo-1.svg\",\"width\":1,\"height\":1,\"caption\":\"Esthetic .s.r.o.\"},\"image\":{\"@id\":\"https:\/\/esthetic.sk\/#\/schema\/logo\/image\/\"},\"sameAs\":[\"https:\/\/www.facebook.com\/Klinikaesthetic\",\"https:\/\/www.instagram.com\/klinikaesthetic\/\",\"https:\/\/www.youtube.com\/channel\/UC8AgtXNjHpne8qWdj9szu1A\"]}]}<\/script>\n<!-- \/ Yoast SEO plugin. -->","yoast_head_json":{"title":"\u00c4sthetische Dermatologie | Esthetic Bratislava","description":"\u00c4sthetische Dermatologie - wir bieten eine breite Palette von Verfahren zur Hautverj\u00fcngung, Anwendung von Fillermaterialien. Legen Sie Ihre Sch\u00f6nheit in die H\u00e4nde von Experten.","robots":{"index":"index","follow":"follow","max-snippet":"max-snippet:-1","max-image-preview":"max-image-preview:large","max-video-preview":"max-video-preview:-1"},"canonical":"https:\/\/esthetic.sk\/de\/aesthetische-dermatologie\/","og_locale":"de_DE","og_type":"article","og_title":"\u00c4sthetische Dermatologie | Esthetic Bratislava","og_description":"\u00c4sthetische Dermatologie - wir bieten eine breite Palette von Verfahren zur Hautverj\u00fcngung, Anwendung von Fillermaterialien. Legen Sie Ihre Sch\u00f6nheit in die H\u00e4nde von Experten.","og_url":"https:\/\/esthetic.sk\/de\/aesthetische-dermatologie\/","og_site_name":"Esthetic Bratislava","article_publisher":"https:\/\/www.facebook.com\/Klinikaesthetic","twitter_card":"summary_large_image","twitter_misc":{"Gesch\u00e4tzte Lesezeit":"1\u00a0Minute"},"schema":{"@context":"https:\/\/schema.org","@graph":[{"@type":"WebPage","@id":"https:\/\/esthetic.sk\/de\/aesthetische-dermatologie\/","url":"https:\/\/esthetic.sk\/de\/aesthetische-dermatologie\/","name":"\u00c4sthetische Dermatologie | Esthetic Bratislava","isPartOf":{"@id":"https:\/\/esthetic.sk\/#website"},"datePublished":"2024-04-16T18:27:24+00:00","dateModified":"2024-04-16T18:27:24+00:00","description":"\u00c4sthetische Dermatologie - wir bieten eine breite Palette von Verfahren zur Hautverj\u00fcngung, Anwendung von Fillermaterialien. Legen Sie Ihre Sch\u00f6nheit in die H\u00e4nde von Experten.","breadcrumb":{"@id":"https:\/\/esthetic.sk\/de\/aesthetische-dermatologie\/#breadcrumb"},"inLanguage":"de","potentialAction":[{"@type":"ReadAction","target":["https:\/\/esthetic.sk\/de\/aesthetische-dermatologie\/"]}]},{"@type":"BreadcrumbList","@id":"https:\/\/esthetic.sk\/de\/aesthetische-dermatologie\/#breadcrumb","itemListElement":[{"@type":"ListItem","position":1,"name":"Home","item":"https:\/\/esthetic.sk\/"},{"@type":"ListItem","position":2,"name":"\u00c4sthetische Dermatologie"}]},{"@type":"WebSite","@id":"https:\/\/esthetic.sk\/#website","url":"https:\/\/esthetic.sk\/","name":"Esthetic Bratislava","description":"R\u00fdchla cesta k dokonal\u00e9mu vz\u013eadu","publisher":{"@id":"https:\/\/esthetic.sk\/#organization"},"potentialAction":[{"@type":"SearchAction","target":{"@type":"EntryPoint","urlTemplate":"https:\/\/esthetic.sk\/?s={search_term_string}"},"query-input":{"@type":"PropertyValueSpecification","valueRequired":true,"valueName":"search_term_string"}}],"inLanguage":"de"},{"@type":"Organization","@id":"https:\/\/esthetic.sk\/#organization","name":"Esthetic .s.r.o.","url":"https:\/\/esthetic.sk\/","logo":{"@type":"ImageObject","inLanguage":"de","@id":"https:\/\/esthetic.sk\/#\/schema\/logo\/image\/","url":"https:\/\/esthetic.sk\/wp-content\/uploads\/2019\/02\/logo-1.svg","contentUrl":"https:\/\/esthetic.sk\/wp-content\/uploads\/2019\/02\/logo-1.svg","width":1,"height":1,"caption":"Esthetic .s.r.o."},"image":{"@id":"https:\/\/esthetic.sk\/#\/schema\/logo\/image\/"},"sameAs":["https:\/\/www.facebook.com\/Klinikaesthetic","https:\/\/www.instagram.com\/klinikaesthetic\/","https:\/\/www.youtube.com\/channel\/UC8AgtXNjHpne8qWdj9szu1A"]}]}},"_links":{"self":[{"href":"https:\/\/esthetic.sk\/de\/wp-json\/wp\/v2\/pages\/5468"}],"collection":[{"href":"https:\/\/esthetic.sk\/de\/wp-json\/wp\/v2\/pages"}],"about":[{"href":"https:\/\/esthetic.sk\/de\/wp-json\/wp\/v2\/types\/page"}],"author":[{"embeddable":true,"href":"https:\/\/esthetic.sk\/de\/wp-json\/wp\/v2\/users\/1"}],"replies":[{"embeddable":true,"href":"https:\/\/esthetic.sk\/de\/wp-json\/wp\/v2\/comments?post=5468"}],"version-history":[{"count":0,"href":"https:\/\/esthetic.sk\/de\/wp-json\/wp\/v2\/pages\/5468\/revisions"}],"wp:attachment":[{"href":"https:\/\/esthetic.sk\/de\/wp-json\/wp\/v2\/media?parent=5468"}],"curies":[{"name":"wp","href":"https:\/\/api.w.org\/{rel}","templated":true}]}}