{"id":5466,"date":"2024-04-16T20:27:24","date_gmt":"2024-04-16T18:27:24","guid":{"rendered":"https:\/\/esthetic.sk\/plastische-chirurgie\/"},"modified":"2024-04-16T20:27:24","modified_gmt":"2024-04-16T18:27:24","slug":"plastische-chirurgie","status":"publish","type":"page","link":"https:\/\/esthetic.sk\/de\/plastische-chirurgie\/","title":{"rendered":"Plastische Chirurgie"},"content":{"rendered":"<h1>Plastische Chirurgie<\/h1>\n<div class=\"menu-plasticka-chirurgia-nemcina-container\"><ul id=\"menu-plasticka-chirurgia-nemcina\" class=\"myclass\"><li id=\"menu-item-6488\" class=\"nadpis-menu menu-item menu-item-type-custom menu-item-object-custom menu-item-6488\"><a href=\"https:\/\/esthetic.sk\/\">Gesicht<\/a><\/li>\n<li id=\"menu-item-6489\" class=\"menu-item menu-item-type-post_type menu-item-object-page menu-item-6489\"><a href=\"https:\/\/esthetic.sk\/de\/plastische-chirurgie\/gesicht\/augenlidchirurgie-blepharoplastik\/\">Augenlidchirurgie | Blepharoplastik<\/a><\/li>\n<li id=\"menu-item-6490\" class=\"menu-item menu-item-type-post_type menu-item-object-page menu-item-6490\"><a href=\"https:\/\/esthetic.sk\/de\/plastische-chirurgie\/gesicht\/facelift-facelift\/\">Facelift | Facelift<\/a><\/li>\n<li id=\"menu-item-8801\" class=\"menu-item menu-item-type-post_type menu-item-object-page menu-item-8801\"><a href=\"https:\/\/esthetic.sk\/de\/aesthetische-dermatologie\/gesicht\/fadenlifting-zur-gesichtsverjuengung\/\">Fadenlifting zur Gesichtsverj\u00fcngung<\/a><\/li>\n<li id=\"menu-item-8800\" class=\"menu-item menu-item-type-post_type menu-item-object-page menu-item-8800\"><a href=\"https:\/\/esthetic.sk\/de\/aptos-fadenlifting-natuerliche-straffung-ohne-skalpell\/\">Aptos Fadenlifting \u2013 nat\u00fcrliche Straffung ohne Skalpell<\/a><\/li>\n<li id=\"menu-item-6491\" class=\"menu-item menu-item-type-post_type menu-item-object-page menu-item-6491\"><a href=\"https:\/\/esthetic.sk\/de\/plastische-chirurgie\/gesicht\/ohrenkorrektur-otoplastik\/\">Ohrenkorrektur | Otoplastik<\/a><\/li>\n<li id=\"menu-item-6492\" class=\"menu-item menu-item-type-post_type menu-item-object-page menu-item-6492\"><a href=\"https:\/\/esthetic.sk\/de\/plastische-chirurgie\/gesicht\/augenbrauenlift-augenbrauenlift\/\">Augenbrauenlift | Augenbrauenlift<\/a><\/li>\n<li id=\"menu-item-6493\" class=\"menu-item menu-item-type-post_type menu-item-object-page menu-item-6493\"><a href=\"https:\/\/esthetic.sk\/de\/plastische-chirurgie\/gesicht\/lipografting-auffuellen-von-falten-mit-ihrem-eigenen-fett\/\">Lipografting \u2013 Auff\u00fcllen von Falten mit Ihrem eigenen Fett<\/a><\/li>\n<li id=\"menu-item-6494\" class=\"menu-item menu-item-type-post_type menu-item-object-page menu-item-6494\"><a href=\"https:\/\/esthetic.sk\/de\/plastische-chirurgie\/gesicht\/entfernung-des-doppelkinns\/\">Entfernung des Doppelkinns<\/a><\/li>\n<li id=\"menu-item-6700\" class=\"menu-item menu-item-type-post_type menu-item-object-page menu-item-6700\"><a href=\"https:\/\/esthetic.sk\/de\/plastische-chirurgie\/gesicht\/gesichtsimplantate\/\">Gesichtsimplantate<\/a><\/li>\n<li id=\"menu-item-7201\" class=\"menu-item menu-item-type-post_type menu-item-object-page menu-item-7201\"><a href=\"https:\/\/esthetic.sk\/de\/plastische-chirurgie\/chirurgische-entfernung-von-muttermalen\/\">Chirurgische Entfernung von Muttermalen<\/a><\/li>\n<li id=\"menu-item-6495\" class=\"nadpis-menu menu-item menu-item-type-custom menu-item-object-custom menu-item-6495\"><a href=\"https:\/\/esthetic.sk\/\">K\u00f6rper<\/a><\/li>\n<li id=\"menu-item-6496\" class=\"menu-item menu-item-type-post_type menu-item-object-page menu-item-6496\"><a href=\"https:\/\/esthetic.sk\/de\/plastische-chirurgie\/koerper-jet-liposuktion\/\">K\u00f6rper \u2013 Jet-Liposuktion<\/a><\/li>\n<li id=\"menu-item-6497\" class=\"menu-item menu-item-type-post_type menu-item-object-page menu-item-6497\"><a href=\"https:\/\/esthetic.sk\/de\/lasermedizin\/laser-liposuktion-smartlipo\/\">Laser-Liposuktion | SMARTLIPO<\/a><\/li>\n<li id=\"menu-item-6498\" class=\"menu-item menu-item-type-post_type menu-item-object-page menu-item-6498\"><a href=\"https:\/\/esthetic.sk\/de\/plastische-chirurgie\/koerper\/plastische-chirurgie-im-intimbereich-labioplastik\/\">Plastische Chirurgie im Intimbereich | Labioplastik<\/a><\/li>\n<li id=\"menu-item-6499\" class=\"menu-item menu-item-type-post_type menu-item-object-page menu-item-6499\"><a href=\"https:\/\/esthetic.sk\/de\/plastische-chirurgie\/armlifting-brachioplastik-armstraffung\/\">Armlifting Brachioplastik \u2013 Armstraffung<\/a><\/li>\n<li id=\"menu-item-7094\" class=\"menu-item menu-item-type-post_type menu-item-object-page menu-item-7094\"><a href=\"https:\/\/esthetic.sk\/de\/plastische-chirurgie\/operation-des-karpaltunnelsyndroms\/\">Operation des Karpaltunnelsyndroms<\/a><\/li>\n<li id=\"menu-item-7200\" class=\"menu-item menu-item-type-post_type menu-item-object-page menu-item-7200\"><a href=\"https:\/\/esthetic.sk\/de\/plastische-chirurgie\/chirurgische-entfernung-von-muttermalen\/\">Chirurgische Entfernung von Muttermalen<\/a><\/li>\n<li id=\"menu-item-7305\" class=\"menu-item menu-item-type-post_type menu-item-object-page menu-item-7305\"><a href=\"https:\/\/esthetic.sk\/de\/plastische-chirurgie\/verkleinerung-der-brustwarzenhoefe\/\">Verkleinerung der Brustwarzenh\u00f6fe<\/a><\/li>\n<li id=\"menu-item-7306\" class=\"menu-item menu-item-type-post_type menu-item-object-page menu-item-7306\"><a href=\"https:\/\/esthetic.sk\/de\/plastische-chirurgie\/miniabdominoplastik\/\">Miniabdominoplastik<\/a><\/li>\n<\/ul><\/div>\n<a class=\"btn\" id=\"searchweb2\">Andere Behandlungen finden<\/a>\n\n<p>Die plastische Chirurgie ist ein Zweig der Medizin, der sich mit der Wiederherstellung und Verbesserung des Aussehens und der Funktion des K\u00f6rpers besch\u00e4ftigt. Plastische Chirurgen verf\u00fcgen \u00fcber das Fachwissen und die F\u00e4higkeiten, um eine Vielzahl von chirurgischen Eingriffen durchzuf\u00fchren. Dazu geh\u00f6ren die Rekonstruktion von Gewebe, die Neugestaltung der Form und der Konturen des K\u00f6rpers oder die Verbesserung der \u00c4sthetik verschiedener K\u00f6rperteile.\n<br><br>\n<b>Die plastische Chirurgie gliedert sich in zwei Hauptbereiche:<\/b>\n<br><br>\nRekonstruktive Plastische Chirurgie: Dieser Bereich befasst sich mit der Reparatur und Rekonstruktion von Gewebe nach Verletzungen, Krankheiten oder Geburtsfehlern. Rekonstruktive plastische Chirurgen befassen sich mit Eingriffen wie der Rekonstruktion von Verbrennungen, der Entfernung von Tumoren, der Wiederherstellung der Funktion von gesch\u00e4digtem Gewebe und der Brustrekonstruktion nach einer Mastektomie.\n<br><br>\n\u00c4sthetisch-plastische Chirurgie: Dieser Bereich konzentriert sich auf die Verbesserung des Aussehens und der \u00c4sthetik verschiedener K\u00f6rperteile. \u00c4sthetisch-plastische Chirurgen f\u00fchren Eingriffe durch, um die Form und Konturen des K\u00f6rpers nach den W\u00fcnschen des Patienten zu ver\u00e4ndern. Zu den h\u00e4ufigsten \u00e4sthetischen Eingriffen geh\u00f6ren Brustvergr\u00f6\u00dferung, Fettabsaugung, Facelifting, Rhinoplastik (Nasenoperation), Abdominoplastik (Bauchdeckenoperation) und andere.\n\n<\/p>","protected":false},"excerpt":{"rendered":"Plastische Chirurgie Andere Behandlungen finden Die plastische Chirurgie ist ein Zweig der Medizin, der sich mit der Wiederherstellung und Verbesserung des Aussehens und der Funktion des K\u00f6rpers besch\u00e4ftigt. Plastische Chirurgen verf\u00fcgen \u00fcber das Fachwissen und die F\u00e4higkeiten, um eine Vielzahl von chirurgischen Eingriffen durchzuf\u00fchren. Dazu geh\u00f6ren die Rekonstruktion von Gewebe, die Neugestaltung der Form und","protected":false},"author":1,"featured_media":5396,"parent":0,"menu_order":0,"comment_status":"closed","ping_status":"closed","template":"page-10.php","meta":{"inline_featured_image":false,"footnotes":""},"class_list":["post-5466","page","type-page","status-publish","has-post-thumbnail","hentry"],"yoast_head":"<!-- This site is optimized with the Yoast SEO plugin v23.7 - https:\/\/yoast.com\/wordpress\/plugins\/seo\/ -->\n<title>| Esthetic Bratislava<\/title>\n<meta name=\"description\" content=\"Plastische Chirurgie - legen Sie Ihre Sch\u00f6nheit in die H\u00e4nde von Experten. Das Neueste in der plastischen und kosmetischen Chirurgie, ein Team von Fachleuten und modernste Ausr\u00fcstung.\" \/>\n<meta name=\"robots\" content=\"index, follow, max-snippet:-1, max-image-preview:large, max-video-preview:-1\" \/>\n<link rel=\"canonical\" href=\"https:\/\/esthetic.sk\/de\/plastische-chirurgie\/\" \/>\n<meta property=\"og:locale\" content=\"de_DE\" \/>\n<meta property=\"og:type\" content=\"article\" \/>\n<meta property=\"og:title\" content=\"| Esthetic Bratislava\" \/>\n<meta property=\"og:description\" content=\"Plastische Chirurgie - legen Sie Ihre Sch\u00f6nheit in die H\u00e4nde von Experten. Das Neueste in der plastischen und kosmetischen Chirurgie, ein Team von Fachleuten und modernste Ausr\u00fcstung.\" \/>\n<meta property=\"og:url\" content=\"https:\/\/esthetic.sk\/de\/plastische-chirurgie\/\" \/>\n<meta property=\"og:site_name\" content=\"Esthetic Bratislava\" \/>\n<meta property=\"article:publisher\" content=\"https:\/\/www.facebook.com\/Klinikaesthetic\" \/>\n<meta property=\"og:image\" content=\"https:\/\/esthetic.sk\/wp-content\/uploads\/2019\/02\/onas.jpg\" \/>\n\t<meta property=\"og:image:width\" content=\"800\" \/>\n\t<meta property=\"og:image:height\" content=\"800\" \/>\n\t<meta property=\"og:image:type\" content=\"image\/jpeg\" \/>\n<meta name=\"twitter:card\" content=\"summary_large_image\" \/>\n<meta name=\"twitter:label1\" content=\"Gesch\u00e4tzte Lesezeit\" \/>\n\t<meta name=\"twitter:data1\" content=\"1\u00a0Minute\" \/>\n<script type=\"application\/ld+json\" class=\"yoast-schema-graph\">{\"@context\":\"https:\/\/schema.org\",\"@graph\":[{\"@type\":\"WebPage\",\"@id\":\"https:\/\/esthetic.sk\/de\/plastische-chirurgie\/\",\"url\":\"https:\/\/esthetic.sk\/de\/plastische-chirurgie\/\",\"name\":\"| Esthetic Bratislava\",\"isPartOf\":{\"@id\":\"https:\/\/esthetic.sk\/#website\"},\"primaryImageOfPage\":{\"@id\":\"https:\/\/esthetic.sk\/de\/plastische-chirurgie\/#primaryimage\"},\"image\":{\"@id\":\"https:\/\/esthetic.sk\/de\/plastische-chirurgie\/#primaryimage\"},\"thumbnailUrl\":\"https:\/\/esthetic.sk\/wp-content\/uploads\/2019\/02\/onas.jpg\",\"datePublished\":\"2024-04-16T18:27:24+00:00\",\"dateModified\":\"2024-04-16T18:27:24+00:00\",\"description\":\"Plastische Chirurgie - legen Sie Ihre Sch\u00f6nheit in die H\u00e4nde von Experten. Das Neueste in der plastischen und kosmetischen Chirurgie, ein Team von Fachleuten und modernste Ausr\u00fcstung.\",\"breadcrumb\":{\"@id\":\"https:\/\/esthetic.sk\/de\/plastische-chirurgie\/#breadcrumb\"},\"inLanguage\":\"de\",\"potentialAction\":[{\"@type\":\"ReadAction\",\"target\":[\"https:\/\/esthetic.sk\/de\/plastische-chirurgie\/\"]}]},{\"@type\":\"ImageObject\",\"inLanguage\":\"de\",\"@id\":\"https:\/\/esthetic.sk\/de\/plastische-chirurgie\/#primaryimage\",\"url\":\"https:\/\/esthetic.sk\/wp-content\/uploads\/2019\/02\/onas.jpg\",\"contentUrl\":\"https:\/\/esthetic.sk\/wp-content\/uploads\/2019\/02\/onas.jpg\",\"width\":800,\"height\":800},{\"@type\":\"BreadcrumbList\",\"@id\":\"https:\/\/esthetic.sk\/de\/plastische-chirurgie\/#breadcrumb\",\"itemListElement\":[{\"@type\":\"ListItem\",\"position\":1,\"name\":\"Home\",\"item\":\"https:\/\/esthetic.sk\/\"},{\"@type\":\"ListItem\",\"position\":2,\"name\":\"Plastische Chirurgie\"}]},{\"@type\":\"WebSite\",\"@id\":\"https:\/\/esthetic.sk\/#website\",\"url\":\"https:\/\/esthetic.sk\/\",\"name\":\"Esthetic Bratislava\",\"description\":\"R\u00fdchla cesta k dokonal\u00e9mu vz\u013eadu\",\"publisher\":{\"@id\":\"https:\/\/esthetic.sk\/#organization\"},\"potentialAction\":[{\"@type\":\"SearchAction\",\"target\":{\"@type\":\"EntryPoint\",\"urlTemplate\":\"https:\/\/esthetic.sk\/?s={search_term_string}\"},\"query-input\":{\"@type\":\"PropertyValueSpecification\",\"valueRequired\":true,\"valueName\":\"search_term_string\"}}],\"inLanguage\":\"de\"},{\"@type\":\"Organization\",\"@id\":\"https:\/\/esthetic.sk\/#organization\",\"name\":\"Esthetic .s.r.o.\",\"url\":\"https:\/\/esthetic.sk\/\",\"logo\":{\"@type\":\"ImageObject\",\"inLanguage\":\"de\",\"@id\":\"https:\/\/esthetic.sk\/#\/schema\/logo\/image\/\",\"url\":\"https:\/\/esthetic.sk\/wp-content\/uploads\/2019\/02\/logo-1.svg\",\"contentUrl\":\"https:\/\/esthetic.sk\/wp-content\/uploads\/2019\/02\/logo-1.svg\",\"width\":1,\"height\":1,\"caption\":\"Esthetic .s.r.o.\"},\"image\":{\"@id\":\"https:\/\/esthetic.sk\/#\/schema\/logo\/image\/\"},\"sameAs\":[\"https:\/\/www.facebook.com\/Klinikaesthetic\",\"https:\/\/www.instagram.com\/klinikaesthetic\/\",\"https:\/\/www.youtube.com\/channel\/UC8AgtXNjHpne8qWdj9szu1A\"]}]}<\/script>\n<!-- \/ Yoast SEO plugin. -->","yoast_head_json":{"title":"| Esthetic Bratislava","description":"Plastische Chirurgie - legen Sie Ihre Sch\u00f6nheit in die H\u00e4nde von Experten. Das Neueste in der plastischen und kosmetischen Chirurgie, ein Team von Fachleuten und modernste Ausr\u00fcstung.","robots":{"index":"index","follow":"follow","max-snippet":"max-snippet:-1","max-image-preview":"max-image-preview:large","max-video-preview":"max-video-preview:-1"},"canonical":"https:\/\/esthetic.sk\/de\/plastische-chirurgie\/","og_locale":"de_DE","og_type":"article","og_title":"| Esthetic Bratislava","og_description":"Plastische Chirurgie - legen Sie Ihre Sch\u00f6nheit in die H\u00e4nde von Experten. Das Neueste in der plastischen und kosmetischen Chirurgie, ein Team von Fachleuten und modernste Ausr\u00fcstung.","og_url":"https:\/\/esthetic.sk\/de\/plastische-chirurgie\/","og_site_name":"Esthetic Bratislava","article_publisher":"https:\/\/www.facebook.com\/Klinikaesthetic","og_image":[{"width":800,"height":800,"url":"https:\/\/esthetic.sk\/wp-content\/uploads\/2019\/02\/onas.jpg","type":"image\/jpeg"}],"twitter_card":"summary_large_image","twitter_misc":{"Gesch\u00e4tzte Lesezeit":"1\u00a0Minute"},"schema":{"@context":"https:\/\/schema.org","@graph":[{"@type":"WebPage","@id":"https:\/\/esthetic.sk\/de\/plastische-chirurgie\/","url":"https:\/\/esthetic.sk\/de\/plastische-chirurgie\/","name":"| Esthetic Bratislava","isPartOf":{"@id":"https:\/\/esthetic.sk\/#website"},"primaryImageOfPage":{"@id":"https:\/\/esthetic.sk\/de\/plastische-chirurgie\/#primaryimage"},"image":{"@id":"https:\/\/esthetic.sk\/de\/plastische-chirurgie\/#primaryimage"},"thumbnailUrl":"https:\/\/esthetic.sk\/wp-content\/uploads\/2019\/02\/onas.jpg","datePublished":"2024-04-16T18:27:24+00:00","dateModified":"2024-04-16T18:27:24+00:00","description":"Plastische Chirurgie - legen Sie Ihre Sch\u00f6nheit in die H\u00e4nde von Experten. Das Neueste in der plastischen und kosmetischen Chirurgie, ein Team von Fachleuten und modernste Ausr\u00fcstung.","breadcrumb":{"@id":"https:\/\/esthetic.sk\/de\/plastische-chirurgie\/#breadcrumb"},"inLanguage":"de","potentialAction":[{"@type":"ReadAction","target":["https:\/\/esthetic.sk\/de\/plastische-chirurgie\/"]}]},{"@type":"ImageObject","inLanguage":"de","@id":"https:\/\/esthetic.sk\/de\/plastische-chirurgie\/#primaryimage","url":"https:\/\/esthetic.sk\/wp-content\/uploads\/2019\/02\/onas.jpg","contentUrl":"https:\/\/esthetic.sk\/wp-content\/uploads\/2019\/02\/onas.jpg","width":800,"height":800},{"@type":"BreadcrumbList","@id":"https:\/\/esthetic.sk\/de\/plastische-chirurgie\/#breadcrumb","itemListElement":[{"@type":"ListItem","position":1,"name":"Home","item":"https:\/\/esthetic.sk\/"},{"@type":"ListItem","position":2,"name":"Plastische Chirurgie"}]},{"@type":"WebSite","@id":"https:\/\/esthetic.sk\/#website","url":"https:\/\/esthetic.sk\/","name":"Esthetic Bratislava","description":"R\u00fdchla cesta k dokonal\u00e9mu vz\u013eadu","publisher":{"@id":"https:\/\/esthetic.sk\/#organization"},"potentialAction":[{"@type":"SearchAction","target":{"@type":"EntryPoint","urlTemplate":"https:\/\/esthetic.sk\/?s={search_term_string}"},"query-input":{"@type":"PropertyValueSpecification","valueRequired":true,"valueName":"search_term_string"}}],"inLanguage":"de"},{"@type":"Organization","@id":"https:\/\/esthetic.sk\/#organization","name":"Esthetic .s.r.o.","url":"https:\/\/esthetic.sk\/","logo":{"@type":"ImageObject","inLanguage":"de","@id":"https:\/\/esthetic.sk\/#\/schema\/logo\/image\/","url":"https:\/\/esthetic.sk\/wp-content\/uploads\/2019\/02\/logo-1.svg","contentUrl":"https:\/\/esthetic.sk\/wp-content\/uploads\/2019\/02\/logo-1.svg","width":1,"height":1,"caption":"Esthetic .s.r.o."},"image":{"@id":"https:\/\/esthetic.sk\/#\/schema\/logo\/image\/"},"sameAs":["https:\/\/www.facebook.com\/Klinikaesthetic","https:\/\/www.instagram.com\/klinikaesthetic\/","https:\/\/www.youtube.com\/channel\/UC8AgtXNjHpne8qWdj9szu1A"]}]}},"_links":{"self":[{"href":"https:\/\/esthetic.sk\/de\/wp-json\/wp\/v2\/pages\/5466"}],"collection":[{"href":"https:\/\/esthetic.sk\/de\/wp-json\/wp\/v2\/pages"}],"about":[{"href":"https:\/\/esthetic.sk\/de\/wp-json\/wp\/v2\/types\/page"}],"author":[{"embeddable":true,"href":"https:\/\/esthetic.sk\/de\/wp-json\/wp\/v2\/users\/1"}],"replies":[{"embeddable":true,"href":"https:\/\/esthetic.sk\/de\/wp-json\/wp\/v2\/comments?post=5466"}],"version-history":[{"count":0,"href":"https:\/\/esthetic.sk\/de\/wp-json\/wp\/v2\/pages\/5466\/revisions"}],"wp:featuredmedia":[{"embeddable":true,"href":"https:\/\/esthetic.sk\/de\/wp-json\/wp\/v2\/media\/5396"}],"wp:attachment":[{"href":"https:\/\/esthetic.sk\/de\/wp-json\/wp\/v2\/media?parent=5466"}],"curies":[{"name":"wp","href":"https:\/\/api.w.org\/{rel}","templated":true}]}}