{"id":5464,"date":"2024-04-16T20:27:24","date_gmt":"2024-04-16T18:27:24","guid":{"rendered":"https:\/\/esthetic.sk\/muster-der-seite\/"},"modified":"2024-04-16T20:27:24","modified_gmt":"2024-04-16T18:27:24","slug":"muster-der-seite","status":"publish","type":"page","link":"https:\/\/esthetic.sk\/de\/muster-der-seite\/","title":{"rendered":"Muster der Seite"},"content":{"rendered":"<p>Dies ist eine Beispielseite. Er unterscheidet sich von einem Blogbeitrag, weil er an einem Ort bleibt und in der Navigation Ihrer Website angezeigt wird (in den meisten Themen). Die meisten Menschen beginnen mit einer \u00dcber uns-Seite, die sie potenziellen Besuchern vorstellt. Das k\u00f6nnte in etwa so aussehen:<\/p><blockquote class=\"wp-block-quote is-layout-flow wp-block-quote-is-layout-flow\"><p>He, Leute! Tags\u00fcber arbeite ich als Fahrradkurier, nachts mache ich die besten Drinks in einer netten Bar und dies ist meine Website. Ich lebe in Trencin, habe einen Hamster Igor und manchmal habe ich ein Date mit meiner Stadt (ich gehe nicht in die Bar, sondern laufe einfach herum).<\/p><\/blockquote><p>&#8230;oder so \u00e4hnlich:<\/p><blockquote class=\"wp-block-quote is-layout-flow wp-block-quote-is-layout-flow\"><p>XYZ Doohickey wurde 1971 gegr\u00fcndet und bietet seither Qualit\u00e4tsdienstleistungen f\u00fcr die \u00d6ffentlichkeit an. Das in Gotham City ans\u00e4ssige Unternehmen XYZ besch\u00e4ftigt \u00fcber 2.000 Mitarbeiter und leistet allerlei Erstaunliches f\u00fcr die Gemeinde Gotham.<\/p><\/blockquote><p>Als neuer WordPress-Benutzer k\u00f6nnen Sie zu <a href=\"https:\/\/esthetic.sk\/wp-admin\/\">Ihrem Message Board<\/a> navigieren, diese Seite l\u00f6schen und neue Seiten f\u00fcr Ihre Inhalte erstellen. Viel Spa\u00df!<\/p>","protected":false},"excerpt":{"rendered":"Dies ist eine Beispielseite. Er unterscheidet sich von einem Blogbeitrag, weil er an einem Ort bleibt und in der Navigation Ihrer Website angezeigt wird (in den meisten Themen). Die meisten Menschen beginnen mit einer \u00dcber uns-Seite, die sie potenziellen Besuchern vorstellt. Das k\u00f6nnte in etwa so aussehen:He, Leute! Tags\u00fcber arbeite ich als Fahrradkurier, nachts mache","protected":false},"author":1,"featured_media":0,"parent":0,"menu_order":0,"comment_status":"closed","ping_status":"open","template":"","meta":{"inline_featured_image":false,"footnotes":""},"class_list":["post-5464","page","type-page","status-publish","hentry"],"yoast_head":"<!-- This site is optimized with the Yoast SEO plugin v23.7 - https:\/\/yoast.com\/wordpress\/plugins\/seo\/ -->\n<title>Muster der Seite | Esthetic Bratislava<\/title>\n<meta name=\"robots\" content=\"index, follow, max-snippet:-1, max-image-preview:large, max-video-preview:-1\" \/>\n<link rel=\"canonical\" href=\"https:\/\/esthetic.sk\/de\/muster-der-seite\/\" \/>\n<meta property=\"og:locale\" content=\"de_DE\" \/>\n<meta property=\"og:type\" content=\"article\" \/>\n<meta property=\"og:title\" content=\"Muster der Seite | Esthetic Bratislava\" \/>\n<meta property=\"og:description\" content=\"Dies ist eine Beispielseite. Er unterscheidet sich von einem Blogbeitrag, weil er an einem Ort bleibt und in der Navigation Ihrer Website angezeigt wird (in den meisten Themen). Die meisten Menschen beginnen mit einer \u00dcber uns-Seite, die sie potenziellen Besuchern vorstellt. Das k\u00f6nnte in etwa so aussehen:He, Leute! Tags\u00fcber arbeite ich als Fahrradkurier, nachts mache\" \/>\n<meta property=\"og:url\" content=\"https:\/\/esthetic.sk\/de\/muster-der-seite\/\" \/>\n<meta property=\"og:site_name\" content=\"Esthetic Bratislava\" \/>\n<meta property=\"article:publisher\" content=\"https:\/\/www.facebook.com\/Klinikaesthetic\" \/>\n<meta name=\"twitter:card\" content=\"summary_large_image\" \/>\n<meta name=\"twitter:label1\" content=\"Gesch\u00e4tzte Lesezeit\" \/>\n\t<meta name=\"twitter:data1\" content=\"1\u00a0Minute\" \/>\n<script type=\"application\/ld+json\" class=\"yoast-schema-graph\">{\"@context\":\"https:\/\/schema.org\",\"@graph\":[{\"@type\":\"WebPage\",\"@id\":\"https:\/\/esthetic.sk\/de\/muster-der-seite\/\",\"url\":\"https:\/\/esthetic.sk\/de\/muster-der-seite\/\",\"name\":\"Muster der Seite | Esthetic Bratislava\",\"isPartOf\":{\"@id\":\"https:\/\/esthetic.sk\/#website\"},\"datePublished\":\"2024-04-16T18:27:24+00:00\",\"dateModified\":\"2024-04-16T18:27:24+00:00\",\"breadcrumb\":{\"@id\":\"https:\/\/esthetic.sk\/de\/muster-der-seite\/#breadcrumb\"},\"inLanguage\":\"de\",\"potentialAction\":[{\"@type\":\"ReadAction\",\"target\":[\"https:\/\/esthetic.sk\/de\/muster-der-seite\/\"]}]},{\"@type\":\"BreadcrumbList\",\"@id\":\"https:\/\/esthetic.sk\/de\/muster-der-seite\/#breadcrumb\",\"itemListElement\":[{\"@type\":\"ListItem\",\"position\":1,\"name\":\"Home\",\"item\":\"https:\/\/esthetic.sk\/\"},{\"@type\":\"ListItem\",\"position\":2,\"name\":\"Muster der Seite\"}]},{\"@type\":\"WebSite\",\"@id\":\"https:\/\/esthetic.sk\/#website\",\"url\":\"https:\/\/esthetic.sk\/\",\"name\":\"Esthetic Bratislava\",\"description\":\"R\u00fdchla cesta k dokonal\u00e9mu vz\u013eadu\",\"publisher\":{\"@id\":\"https:\/\/esthetic.sk\/#organization\"},\"potentialAction\":[{\"@type\":\"SearchAction\",\"target\":{\"@type\":\"EntryPoint\",\"urlTemplate\":\"https:\/\/esthetic.sk\/?s={search_term_string}\"},\"query-input\":{\"@type\":\"PropertyValueSpecification\",\"valueRequired\":true,\"valueName\":\"search_term_string\"}}],\"inLanguage\":\"de\"},{\"@type\":\"Organization\",\"@id\":\"https:\/\/esthetic.sk\/#organization\",\"name\":\"Esthetic .s.r.o.\",\"url\":\"https:\/\/esthetic.sk\/\",\"logo\":{\"@type\":\"ImageObject\",\"inLanguage\":\"de\",\"@id\":\"https:\/\/esthetic.sk\/#\/schema\/logo\/image\/\",\"url\":\"https:\/\/esthetic.sk\/wp-content\/uploads\/2019\/02\/logo-1.svg\",\"contentUrl\":\"https:\/\/esthetic.sk\/wp-content\/uploads\/2019\/02\/logo-1.svg\",\"width\":1,\"height\":1,\"caption\":\"Esthetic .s.r.o.\"},\"image\":{\"@id\":\"https:\/\/esthetic.sk\/#\/schema\/logo\/image\/\"},\"sameAs\":[\"https:\/\/www.facebook.com\/Klinikaesthetic\",\"https:\/\/www.instagram.com\/klinikaesthetic\/\",\"https:\/\/www.youtube.com\/channel\/UC8AgtXNjHpne8qWdj9szu1A\"]}]}<\/script>\n<!-- \/ Yoast SEO plugin. -->","yoast_head_json":{"title":"Muster der Seite | Esthetic Bratislava","robots":{"index":"index","follow":"follow","max-snippet":"max-snippet:-1","max-image-preview":"max-image-preview:large","max-video-preview":"max-video-preview:-1"},"canonical":"https:\/\/esthetic.sk\/de\/muster-der-seite\/","og_locale":"de_DE","og_type":"article","og_title":"Muster der Seite | Esthetic Bratislava","og_description":"Dies ist eine Beispielseite. Er unterscheidet sich von einem Blogbeitrag, weil er an einem Ort bleibt und in der Navigation Ihrer Website angezeigt wird (in den meisten Themen). Die meisten Menschen beginnen mit einer \u00dcber uns-Seite, die sie potenziellen Besuchern vorstellt. Das k\u00f6nnte in etwa so aussehen:He, Leute! Tags\u00fcber arbeite ich als Fahrradkurier, nachts mache","og_url":"https:\/\/esthetic.sk\/de\/muster-der-seite\/","og_site_name":"Esthetic Bratislava","article_publisher":"https:\/\/www.facebook.com\/Klinikaesthetic","twitter_card":"summary_large_image","twitter_misc":{"Gesch\u00e4tzte Lesezeit":"1\u00a0Minute"},"schema":{"@context":"https:\/\/schema.org","@graph":[{"@type":"WebPage","@id":"https:\/\/esthetic.sk\/de\/muster-der-seite\/","url":"https:\/\/esthetic.sk\/de\/muster-der-seite\/","name":"Muster der Seite | Esthetic Bratislava","isPartOf":{"@id":"https:\/\/esthetic.sk\/#website"},"datePublished":"2024-04-16T18:27:24+00:00","dateModified":"2024-04-16T18:27:24+00:00","breadcrumb":{"@id":"https:\/\/esthetic.sk\/de\/muster-der-seite\/#breadcrumb"},"inLanguage":"de","potentialAction":[{"@type":"ReadAction","target":["https:\/\/esthetic.sk\/de\/muster-der-seite\/"]}]},{"@type":"BreadcrumbList","@id":"https:\/\/esthetic.sk\/de\/muster-der-seite\/#breadcrumb","itemListElement":[{"@type":"ListItem","position":1,"name":"Home","item":"https:\/\/esthetic.sk\/"},{"@type":"ListItem","position":2,"name":"Muster der Seite"}]},{"@type":"WebSite","@id":"https:\/\/esthetic.sk\/#website","url":"https:\/\/esthetic.sk\/","name":"Esthetic Bratislava","description":"R\u00fdchla cesta k dokonal\u00e9mu vz\u013eadu","publisher":{"@id":"https:\/\/esthetic.sk\/#organization"},"potentialAction":[{"@type":"SearchAction","target":{"@type":"EntryPoint","urlTemplate":"https:\/\/esthetic.sk\/?s={search_term_string}"},"query-input":{"@type":"PropertyValueSpecification","valueRequired":true,"valueName":"search_term_string"}}],"inLanguage":"de"},{"@type":"Organization","@id":"https:\/\/esthetic.sk\/#organization","name":"Esthetic .s.r.o.","url":"https:\/\/esthetic.sk\/","logo":{"@type":"ImageObject","inLanguage":"de","@id":"https:\/\/esthetic.sk\/#\/schema\/logo\/image\/","url":"https:\/\/esthetic.sk\/wp-content\/uploads\/2019\/02\/logo-1.svg","contentUrl":"https:\/\/esthetic.sk\/wp-content\/uploads\/2019\/02\/logo-1.svg","width":1,"height":1,"caption":"Esthetic .s.r.o."},"image":{"@id":"https:\/\/esthetic.sk\/#\/schema\/logo\/image\/"},"sameAs":["https:\/\/www.facebook.com\/Klinikaesthetic","https:\/\/www.instagram.com\/klinikaesthetic\/","https:\/\/www.youtube.com\/channel\/UC8AgtXNjHpne8qWdj9szu1A"]}]}},"_links":{"self":[{"href":"https:\/\/esthetic.sk\/de\/wp-json\/wp\/v2\/pages\/5464"}],"collection":[{"href":"https:\/\/esthetic.sk\/de\/wp-json\/wp\/v2\/pages"}],"about":[{"href":"https:\/\/esthetic.sk\/de\/wp-json\/wp\/v2\/types\/page"}],"author":[{"embeddable":true,"href":"https:\/\/esthetic.sk\/de\/wp-json\/wp\/v2\/users\/1"}],"replies":[{"embeddable":true,"href":"https:\/\/esthetic.sk\/de\/wp-json\/wp\/v2\/comments?post=5464"}],"version-history":[{"count":1,"href":"https:\/\/esthetic.sk\/de\/wp-json\/wp\/v2\/pages\/5464\/revisions"}],"predecessor-version":[{"id":5475,"href":"https:\/\/esthetic.sk\/de\/wp-json\/wp\/v2\/pages\/5464\/revisions\/5475"}],"wp:attachment":[{"href":"https:\/\/esthetic.sk\/de\/wp-json\/wp\/v2\/media?parent=5464"}],"curies":[{"name":"wp","href":"https:\/\/api.w.org\/{rel}","templated":true}]}}