{"id":5463,"date":"2024-04-16T20:27:24","date_gmt":"2024-04-16T18:27:24","guid":{"rendered":"https:\/\/esthetic.sk\/lasermedizin\/"},"modified":"2024-04-16T20:27:24","modified_gmt":"2024-04-16T18:27:24","slug":"lasermedizin","status":"publish","type":"page","link":"https:\/\/esthetic.sk\/de\/lasermedizin\/","title":{"rendered":"Lasermedizin"},"content":{"rendered":"<h1>Lasermedizin<\/h1>\n<div class=\"menu-laserova-medicina-nemcina-container\"><ul id=\"menu-laserova-medicina-nemcina\" class=\"myclass\"><li id=\"menu-item-6501\" class=\"menu-item menu-item-type-post_type menu-item-object-page menu-item-6501\"><a href=\"https:\/\/esthetic.sk\/de\/lasermedizin-2\/entfernung-von-muttermalen-warzen-feigwarzen-wucherungen\/\">Entfernung von Muttermalen, Warzen, Feigwarzen, Wucherungen<\/a><\/li>\n<li id=\"menu-item-6502\" class=\"menu-item menu-item-type-post_type menu-item-object-page menu-item-6502\"><a href=\"https:\/\/esthetic.sk\/de\/lasermedizin\/laser-haarentfernung\/\">Laser-Haarentfernung in der Esthetic Klinik in Bratislava<\/a><\/li>\n<li id=\"menu-item-6503\" class=\"menu-item menu-item-type-post_type menu-item-object-page menu-item-6503\"><a href=\"https:\/\/esthetic.sk\/de\/dermato-kosmetik\/gesicht-hals-dekollete\/behandlung-von-akne\/\">Behandlung von Akne<\/a><\/li>\n<li id=\"menu-item-6504\" class=\"menu-item menu-item-type-post_type menu-item-object-page menu-item-6504\"><a href=\"https:\/\/esthetic.sk\/de\/lasermedizin-2\/entfernung-von-pigmentflecken-mit-ipl-laser\/\">Entfernung von Pigmentflecken mit IPL-Laser<\/a><\/li>\n<li id=\"menu-item-6505\" class=\"menu-item menu-item-type-post_type menu-item-object-page menu-item-6505\"><a href=\"https:\/\/esthetic.sk\/de\/lasermedizin\/laser-ipl-entfernung-von-spulen\/\">Laser IPL \u2013 Entfernung von Spulen<\/a><\/li>\n<li id=\"menu-item-6506\" class=\"menu-item menu-item-type-post_type menu-item-object-page menu-item-6506\"><a href=\"https:\/\/esthetic.sk\/de\/lasermedizin\/photorejuvenation\/\">Photorejuvenation<\/a><\/li>\n<li id=\"menu-item-6507\" class=\"menu-item menu-item-type-post_type menu-item-object-page menu-item-6507\"><a href=\"https:\/\/esthetic.sk\/de\/lasermedizin-2\/dilatierte-spulen-laserbehandlung\/\">Dilatierte Spulen | Laserbehandlung<\/a><\/li>\n<li id=\"menu-item-6508\" class=\"menu-item menu-item-type-post_type menu-item-object-page menu-item-6508\"><a href=\"https:\/\/esthetic.sk\/de\/lasermedizin\/tattoo-entfernung-q-switched\/\">Tattoo-Entfernung \u2013 Q-SWITCHED<\/a><\/li>\n<li id=\"menu-item-8045\" class=\"menu-item menu-item-type-post_type menu-item-object-page menu-item-8045\"><a href=\"https:\/\/esthetic.sk\/de\/lasermedizin\/q-switch-entfernung-von-eyeliner\/\">Q-SWITCH \u2013 Entfernung von Eyeliner<\/a><\/li>\n<li id=\"menu-item-6509\" class=\"menu-item menu-item-type-post_type menu-item-object-page menu-item-6509\"><a href=\"https:\/\/esthetic.sk\/de\/lasermedizin-2\/entfernung-von-dehnungsstreifen-laser-resurfx\/\">Entfernung von Dehnungsstreifen | Laser ResurFx<\/a><\/li>\n<li id=\"menu-item-6510\" class=\"menu-item menu-item-type-post_type menu-item-object-page menu-item-6510\"><a href=\"https:\/\/esthetic.sk\/de\/lasermedizin\/laserbehandlung-von-nagelpilz-onychomykose-fox-laser\/\">Laserbehandlung von Nagelpilz (Onychomykose) | FOX LASER<\/a><\/li>\n<li id=\"menu-item-6511\" class=\"menu-item menu-item-type-post_type menu-item-object-page menu-item-6511\"><a href=\"https:\/\/esthetic.sk\/de\/lasermedizin\/falten-und-aknenarben-mixto-fractional-co2-resurfacing\/\">Fractional CO2 Laser Behandlung in der Esthetic Clinic in Bratislava<\/a><\/li>\n<li id=\"menu-item-8724\" class=\"menu-item menu-item-type-post_type menu-item-object-page menu-item-8724\"><a href=\"https:\/\/esthetic.sk\/de\/wissenschaftlich-fundierte-hautverjuengung-bbl-technologie\/\">Wissenschaftlich fundierte Hautverj\u00fcngung \u2013 BBL-Technologie<\/a><\/li>\n<li id=\"menu-item-9175\" class=\"menu-item menu-item-type-post_type menu-item-object-page menu-item-9175\"><a href=\"https:\/\/esthetic.sk\/de\/moxi-lasertechnologie-fuer-frische-haut-ohne-ausfallzeiten\/\">MOXI \u2013 Lasertechnologie f\u00fcr frische Haut ohne Ausfallzeiten<\/a><\/li>\n<\/ul><\/div>\n<a class=\"btn\" id=\"searchweb2\">Andere Behandlungen finden<\/a>\n<p>\nDie Lasermedizin ist ein Zweig der Medizin, der Laserger\u00e4te zur Diagnose, Behandlung und Verbesserung verschiedener Zust\u00e4nde und Krankheiten einsetzt. Ein Laser ist ein Ger\u00e4t, das einen konzentrierten und koh\u00e4renten Lichtstrahl mit hoher Energie aussendet.\n<br><br>\nIn der Lasermedizin werden verschiedene Arten von Laserger\u00e4ten mit unterschiedlichen Wellenl\u00e4ngen und Eigenschaften verwendet. Jeder Lasertyp hat spezifische Auswirkungen auf das Gewebe und wird f\u00fcr unterschiedliche Zwecke eingesetzt. Laserger\u00e4te werden eingesetzt, um unerw\u00fcnschte Haare, Pigmentflecken, T\u00e4towierungen, Narben, Akne und andere Hautunregelm\u00e4\u00dfigkeiten zu entfernen. Sie werden auch verwendet, um die Haut zu verj\u00fcngen und Falten zu reduzieren, indem sie die Kollagenproduktion anregen.\n<\/p>","protected":false},"excerpt":{"rendered":"Lasermedizin Andere Behandlungen finden Die Lasermedizin ist ein Zweig der Medizin, der Laserger\u00e4te zur Diagnose, Behandlung und Verbesserung verschiedener Zust\u00e4nde und Krankheiten einsetzt. Ein Laser ist ein Ger\u00e4t, das einen konzentrierten und koh\u00e4renten Lichtstrahl mit hoher Energie aussendet. In der Lasermedizin werden verschiedene Arten von Laserger\u00e4ten mit unterschiedlichen Wellenl\u00e4ngen und Eigenschaften verwendet. Jeder Lasertyp hat","protected":false},"author":1,"featured_media":5462,"parent":0,"menu_order":0,"comment_status":"closed","ping_status":"closed","template":"page-10.php","meta":{"inline_featured_image":false,"footnotes":""},"class_list":["post-5463","page","type-page","status-publish","has-post-thumbnail","hentry"],"yoast_head":"<!-- This site is optimized with the Yoast SEO plugin v23.7 - https:\/\/yoast.com\/wordpress\/plugins\/seo\/ -->\n<title>Lasermedizin | Esthetic Bratislava<\/title>\n<meta name=\"robots\" content=\"index, follow, max-snippet:-1, max-image-preview:large, max-video-preview:-1\" \/>\n<link rel=\"canonical\" href=\"https:\/\/esthetic.sk\/lasermedizin\/\" \/>\n<meta property=\"og:locale\" content=\"de_DE\" \/>\n<meta property=\"og:type\" content=\"article\" \/>\n<meta property=\"og:title\" content=\"Lasermedizin | Esthetic Bratislava\" \/>\n<meta property=\"og:description\" content=\"Lasermedizin Andere Behandlungen finden Die Lasermedizin ist ein Zweig der Medizin, der Laserger\u00e4te zur Diagnose, Behandlung und Verbesserung verschiedener Zust\u00e4nde und Krankheiten einsetzt. Ein Laser ist ein Ger\u00e4t, das einen konzentrierten und koh\u00e4renten Lichtstrahl mit hoher Energie aussendet. In der Lasermedizin werden verschiedene Arten von Laserger\u00e4ten mit unterschiedlichen Wellenl\u00e4ngen und Eigenschaften verwendet. Jeder Lasertyp hat\" \/>\n<meta property=\"og:url\" content=\"https:\/\/esthetic.sk\/lasermedizin\/\" \/>\n<meta property=\"og:site_name\" content=\"Esthetic Bratislava\" \/>\n<meta property=\"article:publisher\" content=\"https:\/\/www.facebook.com\/Klinikaesthetic\" \/>\n<meta name=\"twitter:card\" content=\"summary_large_image\" \/>\n<meta name=\"twitter:label1\" content=\"Gesch\u00e4tzte Lesezeit\" \/>\n\t<meta name=\"twitter:data1\" content=\"1\u00a0Minute\" \/>\n<script type=\"application\/ld+json\" class=\"yoast-schema-graph\">{\"@context\":\"https:\/\/schema.org\",\"@graph\":[{\"@type\":\"WebPage\",\"@id\":\"https:\/\/esthetic.sk\/lasermedizin\/\",\"url\":\"https:\/\/esthetic.sk\/lasermedizin\/\",\"name\":\"Lasermedizin | Esthetic Bratislava\",\"isPartOf\":{\"@id\":\"https:\/\/esthetic.sk\/#website\"},\"primaryImageOfPage\":{\"@id\":\"https:\/\/esthetic.sk\/lasermedizin\/#primaryimage\"},\"image\":{\"@id\":\"https:\/\/esthetic.sk\/lasermedizin\/#primaryimage\"},\"thumbnailUrl\":\"https:\/\/esthetic.sk\/wp-content\/uploads\/2019\/02\/e-img-75-5-800-800-0-ffffff-1.jpg\",\"datePublished\":\"2024-04-16T18:27:24+00:00\",\"dateModified\":\"2024-04-16T18:27:24+00:00\",\"breadcrumb\":{\"@id\":\"https:\/\/esthetic.sk\/lasermedizin\/#breadcrumb\"},\"inLanguage\":\"de\",\"potentialAction\":[{\"@type\":\"ReadAction\",\"target\":[\"https:\/\/esthetic.sk\/lasermedizin\/\"]}]},{\"@type\":\"ImageObject\",\"inLanguage\":\"de\",\"@id\":\"https:\/\/esthetic.sk\/lasermedizin\/#primaryimage\",\"url\":\"https:\/\/esthetic.sk\/wp-content\/uploads\/2019\/02\/e-img-75-5-800-800-0-ffffff-1.jpg\",\"contentUrl\":\"https:\/\/esthetic.sk\/wp-content\/uploads\/2019\/02\/e-img-75-5-800-800-0-ffffff-1.jpg\",\"width\":800,\"height\":800},{\"@type\":\"BreadcrumbList\",\"@id\":\"https:\/\/esthetic.sk\/lasermedizin\/#breadcrumb\",\"itemListElement\":[{\"@type\":\"ListItem\",\"position\":1,\"name\":\"Home\",\"item\":\"https:\/\/esthetic.sk\/\"},{\"@type\":\"ListItem\",\"position\":2,\"name\":\"Lasermedizin\"}]},{\"@type\":\"WebSite\",\"@id\":\"https:\/\/esthetic.sk\/#website\",\"url\":\"https:\/\/esthetic.sk\/\",\"name\":\"Esthetic Bratislava\",\"description\":\"R\u00fdchla cesta k dokonal\u00e9mu vz\u013eadu\",\"publisher\":{\"@id\":\"https:\/\/esthetic.sk\/#organization\"},\"potentialAction\":[{\"@type\":\"SearchAction\",\"target\":{\"@type\":\"EntryPoint\",\"urlTemplate\":\"https:\/\/esthetic.sk\/?s={search_term_string}\"},\"query-input\":{\"@type\":\"PropertyValueSpecification\",\"valueRequired\":true,\"valueName\":\"search_term_string\"}}],\"inLanguage\":\"de\"},{\"@type\":\"Organization\",\"@id\":\"https:\/\/esthetic.sk\/#organization\",\"name\":\"Esthetic .s.r.o.\",\"url\":\"https:\/\/esthetic.sk\/\",\"logo\":{\"@type\":\"ImageObject\",\"inLanguage\":\"de\",\"@id\":\"https:\/\/esthetic.sk\/#\/schema\/logo\/image\/\",\"url\":\"https:\/\/esthetic.sk\/wp-content\/uploads\/2019\/02\/logo-1.svg\",\"contentUrl\":\"https:\/\/esthetic.sk\/wp-content\/uploads\/2019\/02\/logo-1.svg\",\"width\":1,\"height\":1,\"caption\":\"Esthetic .s.r.o.\"},\"image\":{\"@id\":\"https:\/\/esthetic.sk\/#\/schema\/logo\/image\/\"},\"sameAs\":[\"https:\/\/www.facebook.com\/Klinikaesthetic\",\"https:\/\/www.instagram.com\/klinikaesthetic\/\",\"https:\/\/www.youtube.com\/channel\/UC8AgtXNjHpne8qWdj9szu1A\"]}]}<\/script>\n<!-- \/ Yoast SEO plugin. -->","yoast_head_json":{"title":"Lasermedizin | Esthetic Bratislava","robots":{"index":"index","follow":"follow","max-snippet":"max-snippet:-1","max-image-preview":"max-image-preview:large","max-video-preview":"max-video-preview:-1"},"canonical":"https:\/\/esthetic.sk\/lasermedizin\/","og_locale":"de_DE","og_type":"article","og_title":"Lasermedizin | Esthetic Bratislava","og_description":"Lasermedizin Andere Behandlungen finden Die Lasermedizin ist ein Zweig der Medizin, der Laserger\u00e4te zur Diagnose, Behandlung und Verbesserung verschiedener Zust\u00e4nde und Krankheiten einsetzt. Ein Laser ist ein Ger\u00e4t, das einen konzentrierten und koh\u00e4renten Lichtstrahl mit hoher Energie aussendet. In der Lasermedizin werden verschiedene Arten von Laserger\u00e4ten mit unterschiedlichen Wellenl\u00e4ngen und Eigenschaften verwendet. Jeder Lasertyp hat","og_url":"https:\/\/esthetic.sk\/lasermedizin\/","og_site_name":"Esthetic Bratislava","article_publisher":"https:\/\/www.facebook.com\/Klinikaesthetic","twitter_card":"summary_large_image","twitter_misc":{"Gesch\u00e4tzte Lesezeit":"1\u00a0Minute"},"schema":{"@context":"https:\/\/schema.org","@graph":[{"@type":"WebPage","@id":"https:\/\/esthetic.sk\/lasermedizin\/","url":"https:\/\/esthetic.sk\/lasermedizin\/","name":"Lasermedizin | Esthetic Bratislava","isPartOf":{"@id":"https:\/\/esthetic.sk\/#website"},"primaryImageOfPage":{"@id":"https:\/\/esthetic.sk\/lasermedizin\/#primaryimage"},"image":{"@id":"https:\/\/esthetic.sk\/lasermedizin\/#primaryimage"},"thumbnailUrl":"https:\/\/esthetic.sk\/wp-content\/uploads\/2019\/02\/e-img-75-5-800-800-0-ffffff-1.jpg","datePublished":"2024-04-16T18:27:24+00:00","dateModified":"2024-04-16T18:27:24+00:00","breadcrumb":{"@id":"https:\/\/esthetic.sk\/lasermedizin\/#breadcrumb"},"inLanguage":"de","potentialAction":[{"@type":"ReadAction","target":["https:\/\/esthetic.sk\/lasermedizin\/"]}]},{"@type":"ImageObject","inLanguage":"de","@id":"https:\/\/esthetic.sk\/lasermedizin\/#primaryimage","url":"https:\/\/esthetic.sk\/wp-content\/uploads\/2019\/02\/e-img-75-5-800-800-0-ffffff-1.jpg","contentUrl":"https:\/\/esthetic.sk\/wp-content\/uploads\/2019\/02\/e-img-75-5-800-800-0-ffffff-1.jpg","width":800,"height":800},{"@type":"BreadcrumbList","@id":"https:\/\/esthetic.sk\/lasermedizin\/#breadcrumb","itemListElement":[{"@type":"ListItem","position":1,"name":"Home","item":"https:\/\/esthetic.sk\/"},{"@type":"ListItem","position":2,"name":"Lasermedizin"}]},{"@type":"WebSite","@id":"https:\/\/esthetic.sk\/#website","url":"https:\/\/esthetic.sk\/","name":"Esthetic Bratislava","description":"R\u00fdchla cesta k dokonal\u00e9mu vz\u013eadu","publisher":{"@id":"https:\/\/esthetic.sk\/#organization"},"potentialAction":[{"@type":"SearchAction","target":{"@type":"EntryPoint","urlTemplate":"https:\/\/esthetic.sk\/?s={search_term_string}"},"query-input":{"@type":"PropertyValueSpecification","valueRequired":true,"valueName":"search_term_string"}}],"inLanguage":"de"},{"@type":"Organization","@id":"https:\/\/esthetic.sk\/#organization","name":"Esthetic .s.r.o.","url":"https:\/\/esthetic.sk\/","logo":{"@type":"ImageObject","inLanguage":"de","@id":"https:\/\/esthetic.sk\/#\/schema\/logo\/image\/","url":"https:\/\/esthetic.sk\/wp-content\/uploads\/2019\/02\/logo-1.svg","contentUrl":"https:\/\/esthetic.sk\/wp-content\/uploads\/2019\/02\/logo-1.svg","width":1,"height":1,"caption":"Esthetic .s.r.o."},"image":{"@id":"https:\/\/esthetic.sk\/#\/schema\/logo\/image\/"},"sameAs":["https:\/\/www.facebook.com\/Klinikaesthetic","https:\/\/www.instagram.com\/klinikaesthetic\/","https:\/\/www.youtube.com\/channel\/UC8AgtXNjHpne8qWdj9szu1A"]}]}},"_links":{"self":[{"href":"https:\/\/esthetic.sk\/de\/wp-json\/wp\/v2\/pages\/5463"}],"collection":[{"href":"https:\/\/esthetic.sk\/de\/wp-json\/wp\/v2\/pages"}],"about":[{"href":"https:\/\/esthetic.sk\/de\/wp-json\/wp\/v2\/types\/page"}],"author":[{"embeddable":true,"href":"https:\/\/esthetic.sk\/de\/wp-json\/wp\/v2\/users\/1"}],"replies":[{"embeddable":true,"href":"https:\/\/esthetic.sk\/de\/wp-json\/wp\/v2\/comments?post=5463"}],"version-history":[{"count":0,"href":"https:\/\/esthetic.sk\/de\/wp-json\/wp\/v2\/pages\/5463\/revisions"}],"wp:featuredmedia":[{"embeddable":true,"href":"https:\/\/esthetic.sk\/de\/wp-json\/wp\/v2\/media\/5462"}],"wp:attachment":[{"href":"https:\/\/esthetic.sk\/de\/wp-json\/wp\/v2\/media?parent=5463"}],"curies":[{"name":"wp","href":"https:\/\/api.w.org\/{rel}","templated":true}]}}